{"id":11329,"date":"2021-08-15T20:08:37","date_gmt":"2021-08-15T20:08:37","guid":{"rendered":"http:\/\/haitises.com\/?post_type=product&#038;p=11329"},"modified":"2024-04-09T15:54:33","modified_gmt":"2024-04-09T15:54:33","slug":"el-limon-waterfall-and-bacardi-island-cayo-levantado-tour-from-punta-cana-hotels-2","status":"publish","type":"product","link":"https:\/\/haitises.com\/jv\/pribadi\/el-limon-waterfall-and-bacardi-island-cayo-levantado-tour-from-punta-cana-hotels-2\/","title":{"rendered":"El Limon Waterfall and Bacardi Island (Cayo Levantado) Tour from Punta Cana Hotels"},"content":{"rendered":"<div class=\"vc_row wpb_row vc_row-fluid\" ><div class=\"wpb_column vc_column_container vc_col-sm-12\"><div class=\"vc_column-inner\"><div class=\"wpb_wrapper\">[mkdf_section_title title_tag=\u00bb\u00bb disable_break_words=\u00bbno\u00bb subtitle_tag=\u00bb\u00bb title=\u00bbEl Limon Waterfall &amp; Bacardi Island from Punta Cana Hotels\u00bb subtitle=\u00bb(Pick-up in Punta Cana)\u00bb]<\/div><\/div><\/div><\/div><div class=\"vc_row wpb_row vc_row-fluid\" ><div class=\"wpb_column vc_column_container vc_col-sm-12\"><div class=\"vc_column-inner\"><div class=\"wpb_wrapper\">\n\t<div class=\"wpb_text_column wpb_content_element\" >\n\t\t<div class=\"wpb_wrapper\">\n\t\t\t<h4><b><i>Ringkesan <\/i><\/b><\/h4>\n<p>If you are in Punta Cana or Bavaro, Looking for a day trip paying less than normal. Book this trip with a pick up at your hotel in Punta Cana. Bus will tak eyou to Sabana de la mar where we take catamaran to pass Samana bay . Visiting Samana community on Safari to arrive in El Lim\u00f3n Comunity, Horse riding or Hiking to the Waterfalls after crossing Samana Bay and Luch time at Bacardi Island. This trip Starts at 6: 00 am and finish at 6:30 pm.<\/p>\n<p>After this experience, you will get Back to Your Hotel.<\/p>\n<ul>\n<li style=\"font-weight: 400;\">Fees included<\/li>\n<li>Lunch at the beach included<\/li>\n<li>Transfer incluided<\/li>\n<li style=\"font-weight: 400;\"><span style=\"font-weight: 400;\">The guide provides instruction and Supervision<\/span><\/li>\n<\/ul>\n<p>&nbsp;<\/p>\n<h4><b>Inklusi &amp; Pengecualian<\/b><\/h4>\n<p>&nbsp;<\/p>\n<p><b>Inklusi<\/b><\/p>\n<p>&nbsp;<\/p>\n<ol>\n<li style=\"font-weight: 400;\">Hotel pick up<\/li>\n<li style=\"font-weight: 400;\">Saman\u00e1 Bay<\/li>\n<li>Bacardi Island, Beach, and Lunch<\/li>\n<li>Safari to El Lim\u00f3n<\/li>\n<li>Horse riding or Hiking to Waterfalls<\/li>\n<li>Dominicans Cocktails<\/li>\n<li style=\"font-weight: 400;\"><span style=\"font-weight: 400;\">Kabeh pajak, ragad lan biaya penanganan<\/span><\/li>\n<li style=\"font-weight: 400;\"><span style=\"font-weight: 400;\">Pajak lokal<\/span><\/li>\n<li style=\"font-weight: 400;\"><span style=\"font-weight: 400;\">Beverages<\/span><\/li>\n<li style=\"font-weight: 400;\"><span style=\"font-weight: 400;\">All activities<\/span><\/li>\n<li style=\"font-weight: 400;\"><span style=\"font-weight: 400;\">Local guide<\/span><\/li>\n<\/ol>\n<p><b> Pengecualian<\/b><\/p>\n<ol>\n<li style=\"font-weight: 400;\"><span style=\"font-weight: 400;\">Gratuities<\/span><\/li>\n<li style=\"font-weight: 400;\"><span style=\"font-weight: 400;\">Alcoholic Drinks after Cocktails\u00a0<\/span><\/li>\n<\/ol>\n<p>&nbsp;<\/p>\n<h4><em><strong>Mangkat &amp; Bali<\/strong><\/em><\/h4>\n<p><span style=\"font-weight: 400;\">The traveler will get a meeting point after the Reservation Process. Tours start and Finished in our meeting points.<\/span><\/p>\n<p>&nbsp;<\/p>\n<h4><b><i>Apa sing Dikarepake?<\/i><\/b><\/h4>\n<p>&nbsp;<\/p>\n<p><em><strong>Get your tickets<\/strong><\/em> for visiting The Waterfalls on Horses riding or Hiking, Safari Saman\u00e1, Swimming at the Natural Springs from the waterfalls lunch at Bacardi island plus Beach Time.<\/p>\n<p>Starting from Punta Cana on Bus we will drive to Samana bay port. In the Port we get onboard of a Boat or Catamaran with a Local tour guide we pass Saman\u00e1 Bay to Saman\u00e1 community. Taking a Safari with a local tour guide to talk about Saman\u00e1 history until arrive in El Limon Comunity. In El Lim\u00f3n Comunity we start hiking or Horse riding by El Limon waterfalls forest to the El Lim\u00f3n Waterfalls. Where when we arrive we can swim!\u00a0 After back to Safari to go to Samana port. Visit Bacardi island for lunch on the beach and swimming in one of the most beautiful islands from the Dominican Republic.<\/p>\n<p>In Case you will like this trip longer or Shorter just contact Us&#8230;<\/p>\n<p>&nbsp;<\/p>\n<p>&nbsp;<\/p>\n<h4><em><strong>Apa sampeyan kudu nggawa?<\/strong><\/em><\/h4>\n<ul>\n<li style=\"font-weight: 400;\"><span style=\"font-weight: 400;\">kamera<\/span><\/li>\n<li style=\"font-weight: 400;\"><span style=\"font-weight: 400;\">Repellent buds<\/span><\/li>\n<li style=\"font-weight: 400;\"><span style=\"font-weight: 400;\">suncream<\/span><\/li>\n<li style=\"font-weight: 400;\"><span style=\"font-weight: 400;\">Topi<\/span><\/li>\n<li style=\"font-weight: 400;\"><span style=\"font-weight: 400;\">Celana sing nyaman<\/span><\/li>\n<li style=\"font-weight: 400;\"><span style=\"font-weight: 400;\">Sepatu hiking kanggo alas<\/span><\/li>\n<li style=\"font-weight: 400;\"><span style=\"font-weight: 400;\">Sandal menyang wilayah Spring.<\/span><\/li>\n<li style=\"font-weight: 400;\"><span style=\"font-weight: 400;\">Sandhangan renang<\/span><\/li>\n<\/ul>\n<p>&nbsp;<\/p>\n<h4><b><i>Hotel Pickup <\/i><\/b><\/h4>\n<p><span style=\"font-weight: 400;\">Traveler pickup is offered!<\/span><\/p>\n<p><span style=\"font-weight: 400;\">We do pick up from all the Hotels in Punta Cana. Pick up Location is Hotel Lobby<br \/>\nIf you are staying at a condo in the area, we will be picking you up at the condo or at the entrance of the closest resort.. We set Pick up contacting us by Whatsapp.<\/span><\/p>\n<p><b>Cathetan:<\/b><span style=\"font-weight: 400;\"> If you are booking within 24 hours of the tour\/Excursion departure time, we can arrangements hotel pick-up. Once your purchase is complete, we will send you complete contact information (phone number, email address, etc.) for our local Tour guide to organize pick-up arrangements.<\/span><\/p>\n<h4><b><i>Konfirmasi Info Tambahan <\/i><\/b><\/h4>\n<ol>\n<li>Tiket minangka Resi sawise mbayar Tour iki. Sampeyan bisa nuduhake pembayaran ing telpon.<\/li>\n<li style=\"font-weight: 400;\"><span style=\"font-weight: 400;\">Titik Temu Bakal ditampa Sawise Proses Reservasi.<\/span><\/li>\n<li style=\"font-weight: 400;\"><span style=\"font-weight: 400;\">Anak kudu diiringi wong diwasa.<\/span><\/li>\n<li style=\"font-weight: 400;\"><span style=\"font-weight: 400;\"> Ora bisa diakses kursi rodha <\/span><\/li>\n<li style=\"font-weight: 400;\"><span style=\"font-weight: 400;\">Bayi kudu lungguh ing puteran <\/span><\/li>\n<li style=\"font-weight: 400;\"><span style=\"font-weight: 400;\">Ora dianjurake kanggo lelungan karo masalah bali<\/span><\/li>\n<li style=\"font-weight: 400;\"><span style=\"font-weight: 400;\">Ora dianjurake kanggo lelungan ngandhut <\/span><\/li>\n<li style=\"font-weight: 400;\"><span style=\"font-weight: 400;\"> Ora ana masalah jantung utawa kondisi medis serius liyane <\/span><\/li>\n<li style=\"font-weight: 400;\"><span style=\"font-weight: 400;\">Paling lelungan bisa melu<\/span><\/li>\n<\/ol>\n<h4><b><i>Kebijakan Pembatalan<\/i><\/b><\/h4>\n<p><span style=\"font-weight: 400;\">Kanggo mbalekaken lengkap, mbatalake paling 24 jam sadurunge tanggal wiwitan pengalaman.<\/span><\/p>\n\n\t\t<\/div>\n\t<\/div>\n<\/div><\/div><\/div><\/div><div class=\"vc_row wpb_row vc_row-fluid\" ><div class=\"wpb_column vc_column_container vc_col-sm-12\"><div class=\"vc_column-inner\"><div class=\"wpb_wrapper\"><div class=\"vc_empty_space\"   style=\"height: 32px\"><span class=\"vc_empty_space_inner\"><\/span><\/div>\n\t<div class=\"wpb_text_column wpb_content_element\" >\n\t\t<div class=\"wpb_wrapper\">\n\t\t\t<h4>Hubungi kita?<\/h4>\n<h5><em><strong>Booking Adventures<\/strong><\/em><\/h5>\n<p><em><strong>warga lokal<\/strong> lan <strong>warga negara<\/strong> Pemandu Wisata &amp; Layanan Tamu<\/em><\/p>\n<p><span class=\"text-turquoise\">Reservasi:<\/span> Tur &amp; Wisata ing Dom. Rep.<\/p>\n<p><img decoding=\"async\" class=\"emoji\" draggable=\"false\" src=\"https:\/\/s.w.org\/images\/core\/emoji\/11.2.0\/svg\/1f4de.svg\" alt=\"\ud83d\udcde\" title=\"\"> Telp\/Whatsapp\u00a0 <a href=\"tel:+1-809-720-6035\">+1-809-720-6035<\/a>.<\/p>\n<p><img decoding=\"async\" class=\"emoji\" draggable=\"false\" src=\"https:\/\/s.w.org\/images\/core\/emoji\/11.2.0\/svg\/1f4e9.svg\" alt=\"\ud83d\udce9\" title=\"\"> <a href=\"mailto:info@bookingadventures.com.do\">info@bookingadventures.com.do<\/a><\/p>\n<p><strong>We are Fleksibel Setting Private Tours by Whatsapp: <a href=\"tel:+18097206035\">+18097206035.<\/a><\/strong><\/p>\n\n\t\t<\/div>\n\t<\/div>\n<div class=\"vc_empty_space\"   style=\"height: 32px\"><span class=\"vc_empty_space_inner\"><\/span><\/div><\/div><\/div><\/div><\/div>","protected":false},"excerpt":{"rendered":"<p>If you are in Punta Cana or Bavaro, Looking for a day trip paying less than normal. Book this trip with a pick up at your hotel in Punta Cana. The bus will take you to Sabana de la mar where we take a catamaran to pass Samana bay. Visiting Samana community on Safari to arrive in El Lim\u00f3n Comunity, Horse riding or Hiking to the Waterfalls after crossing Samana Bay and Luch time at Bacardi Island. This trip starts at 6: 00 am and finish at 6:30 pm.<\/p>\n<p>&nbsp;<\/p>\n<p>&nbsp;<\/p>\n<p><strong>Mangga Pilih tanggal kanggo Tur\u00a0<\/strong><\/p>","protected":false},"featured_media":320,"template":"","meta":[],"product_brand":[],"product_cat":[96,97,136,264,122,123,124],"product_tag":[137,138,281,139,282,283,140,284,141,114,285,142,143],"class_list":{"0":"post-11329","1":"product","2":"type-product","3":"status-publish","4":"has-post-thumbnail","6":"product_cat-hiking","7":"product_cat-horse-riding-to-waterfalls","8":"product_cat-safari-samana","9":"product_cat-salto-el-limon-and-bacardi-island","10":"product_cat-tours-and-excursions","11":"product_cat-tours-excursions-los-haitises-national-park","12":"product_cat-tours-excursions-samana-bay-dominican-republic","13":"product_tag-bacardi-island","14":"product_tag-beach-time","15":"product_tag-cascada-el-limon-salto-el-limon-samana-republica-dominicana","16":"product_tag-cayo-levantado","17":"product_tag-el-limon-waterfall-bacardi-island-from-punta-cana","18":"product_tag-el-limon-waterfall-and-bacardi-island-tour-from-punta-cana","19":"product_tag-el-limon-waterfalls","20":"product_tag-guided-adventures","21":"product_tag-punta-cana","22":"product_tag-sabana-de-la-mar","23":"product_tag-salto-de-limon-punta-cana","24":"product_tag-samana","25":"product_tag-samana-tours","27":"first","28":"instock","29":"sale","30":"sold-individually","31":"shipping-taxable","32":"product-type-external"},"_links":{"self":[{"href":"https:\/\/haitises.com\/jv\/wp-json\/wp\/v2\/product\/11329","targetHints":{"allow":["GET"]}}],"collection":[{"href":"https:\/\/haitises.com\/jv\/wp-json\/wp\/v2\/product"}],"about":[{"href":"https:\/\/haitises.com\/jv\/wp-json\/wp\/v2\/types\/product"}],"wp:featuredmedia":[{"embeddable":true,"href":"https:\/\/haitises.com\/jv\/wp-json\/wp\/v2\/media\/320"}],"wp:attachment":[{"href":"https:\/\/haitises.com\/jv\/wp-json\/wp\/v2\/media?parent=11329"}],"wp:term":[{"taxonomy":"product_brand","embeddable":true,"href":"https:\/\/haitises.com\/jv\/wp-json\/wp\/v2\/product_brand?post=11329"},{"taxonomy":"product_cat","embeddable":true,"href":"https:\/\/haitises.com\/jv\/wp-json\/wp\/v2\/product_cat?post=11329"},{"taxonomy":"product_tag","embeddable":true,"href":"https:\/\/haitises.com\/jv\/wp-json\/wp\/v2\/product_tag?post=11329"}],"curies":[{"name":"wp","href":"https:\/\/api.w.org\/{rel}","templated":true}]}}