{"id":608,"date":"2020-07-12T21:05:28","date_gmt":"2020-07-12T21:05:28","guid":{"rendered":"http:\/\/haitises.com\/?post_type=product&#038;p=608"},"modified":"2024-04-16T03:21:46","modified_gmt":"2024-04-16T03:21:46","slug":"tour-privado-ballenas-y-cayo-levantado-desde-el-puerto-de-samana","status":"publish","type":"product","link":"https:\/\/haitises.com\/ja\/\u30d7\u30e9\u30a4\u30d9\u30fc\u30c8\/tour-privado-ballenas-y-cayo-levantado-desde-el-puerto-de-samana\/","title":{"rendered":"\u30b5\u30de\u30ca\u6e2f\u304b\u3089\u306e\u30d7\u30e9\u30a4\u30d9\u30fc\u30c8\u30fb\u30af\u30b8\u30e9\uff06\u30ab\u30e8\u30fb\u30ec\u30d0\u30f3\u30bf\u30fc\u30c9\u30fb\u30c4\u30a2\u30fc"},"content":{"rendered":"<div class=\"vc_row wpb_row vc_row-fluid\" ><div class=\"wpb_column vc_column_container vc_col-sm-12\"><div class=\"vc_column-inner\"><div class=\"wpb_wrapper\"><div class=\"vc_empty_space\"   style=\"height: 32px\"><span class=\"vc_empty_space_inner\"><\/span><\/div>[mkdf_section_title title_tag=\u00bb\u00bb disable_break_words=\u00bbno\u00bb subtitle_tag=\u00bb\u00bb title=\u00bbSamana Cayo Levantado + Excursi\u00f3n de Ballenas\u00bb subtitle=\u00bbTour en bote desde el puerto de Saman\u00e1\u00bb]<div class=\"vc_message_box vc_message_box-standard vc_message_box-rounded vc_color-info\" ><div class=\"vc_message_box-icon\"><i class=\"fas fa-info-circle\"><\/i><\/div><p>Este es un tour privado m\u00ednimo 4 personas. Para reservar el mismo viaje en grupos de catamar\u00e1n, haga clic aqu\u00ed.<br \/>\nSi son menos de 4 personas y le gustar\u00eda privado, cont\u00e1ctenos.<\/p>\n<\/div><div class=\"vc_empty_space\"   style=\"height: 32px\"><span class=\"vc_empty_space_inner\"><\/span><\/div><\/div><\/div><\/div><\/div><div class=\"vc_row wpb_row vc_row-fluid\" ><div class=\"wpb_column vc_column_container vc_col-sm-12\"><div class=\"vc_column-inner\"><div class=\"wpb_wrapper\">\n\t<div class=\"wpb_text_column wpb_content_element\" >\n\t\t<div class=\"wpb_wrapper\">\n\t\t\t<h3>\u8aac\u660e<\/h3>\n<p>Evite grandes grupos de turistas y haga su observaci\u00f3n de ballenas en la bah\u00eda de Saman\u00e1 desde el puerto de Saman\u00e1 en un bote privado. Este viaje comienza a las 9:00 a.m. y termina a las 5:00 p.m. Pero debido a que ser\u00e1 un viaje privado, puede establecer el tiempo para comenzar y terminar. Reuni\u00f3n antes en nuestra oficina al lado del restaurante Royal. Despu\u00e9s de abortar nuestro barco para visitar a las ballenas en su propio h\u00e1bitat. Nuestros capitanes est\u00e1n entrenados para asegurarse de que veas ballenas.<\/p>\n<p>Desde las 9:00 am hasta las 12: 00-mediod\u00eda Observatorio de avistamiento de ballenas y despu\u00e9s de este viaje visitaremos la isla Bacardi \/ Cayo Levantado. En la isla de Bacardi, se proporcionar\u00e1 un almuerzo buffet de estilo t\u00edpico dominicano (arroz, frijoles, pescado, ensaladas &#8230;). Cuando termina el almuerzo, se le permite nadar hasta las 4:30 p.m. El recorrido finalizar\u00e1 a las 5:00 pm en el mismo puerto desde donde comenzar\u00e1.<\/p>\n<p><strong>\u6ce8\u8a18\uff1a<\/strong> Este tour es privado. (Solo usted y su familia o amigos a bordo con el capit\u00e1n y el gu\u00eda tur\u00edstico).<\/p>\n<ul>\n<li>Avistamiento de ballenas<\/li>\n<li>Entradas al Observatorio<\/li>\n<li>Incluye almuerzo buffet en la playa.<\/li>\n<li>Transporte de barco<\/li>\n<li>El Capit\u00e1n proporciona instrucci\u00f3n y supervisi\u00f3n.<\/li>\n<li>Gu\u00eda tur\u00edstico<\/li>\n<\/ul>\n<h3>\u5305\u542b\u3068\u9664\u5916<\/h3>\n<h4>\u5185\u5305\u7269<\/h4>\n<ol>\n<li>Almuerzo buffet en la playa.<\/li>\n<li>Gu\u00eda tur\u00edstico<\/li>\n<li>Catamar\u00e1n o paseo en barco<\/li>\n<li>Todos los impuestos, tarifas y cargos por manejo<\/li>\n<li>\u5730\u65b9\u7a0e<\/li>\n<li>\u30c9\u30ea\u30f3\u30af<\/li>\n<\/ol>\n<h4>\u9664\u5916\u4e8b\u9805<\/h4>\n<ol>\n<li>\u30c1\u30c3\u30d7<\/li>\n<li>Transfer Car<\/li>\n<li>\u30a2\u30eb\u30b3\u30fc\u30eb\u98f2\u6599<\/li>\n<\/ol>\n<h3><em>\u51fa\u767a\u3068\u5e30\u56fd<\/em><\/h3>\n<p>El viajero obtendr\u00e1 un punto de encuentro despu\u00e9s del proceso de reserva. Los tours comienzan y finalizan en nuestros puntos de encuentro.<\/p>\n<h3><em>\u4f55\u3092\u671f\u5f85\u3057\u307e\u3059\uff1f<\/em><\/h3>\n<p>Obtenga sus boletos para un d\u00eda de visita privada de avistamiento de ballenas en la bah\u00eda de Saman\u00e1, adem\u00e1s de un maravilloso almuerzo y tiempo de playa en la isla de Bacardi.<\/p>\n<p>El Daypass para la observaci\u00f3n de ballenas, organizado por \u00abBooking Adventures\u00bb comienza en el punto de encuentro establecido con el gu\u00eda tur\u00edstico. Almuerza en la playa y puedes quedarte todo el tiempo que quieras nadando. Si eres vegano, tambi\u00e9n podemos prepararte algo de comida.<\/p>\n<p><strong>Horario:<\/strong><\/p>\n<p>8:45 AM &#8211; 5:00 PM<\/p>\n<h3><em>\u4f55\u3092\u6301\u3063\u3066\u884c\u3051\u3070\u3044\u3044\u3067\u3059\u304b\uff1f<\/em><\/h3>\n<ul>\n<li>\u30ab\u30e1\u30e9<\/li>\n<li>\u5fcc\u907f\u5264<\/li>\n<li>\u65e5\u713c\u3051\u6b62\u3081<\/li>\n<li>\u5e3d\u5b50<\/li>\n<li>\u5feb\u9069\u306a\u30d1\u30f3\u30c4<\/li>\n<li>Sandalias a la playa<\/li>\n<li>\u6c34\u7740<\/li>\n<li>Efectivo para souvenirs<\/li>\n<\/ul>\n<h3><em>\u30db\u30c6\u30eb\u3078\u306e\u304a\u8fce\u3048<\/em><\/h3>\n<p>\u3053\u306e\u30c4\u30a2\u30fc\u3067\u306f\u30db\u30c6\u30eb\u3078\u306e\u304a\u8fce\u3048\u306f\u63d0\u4f9b\u3055\u308c\u307e\u305b\u3093\u3002<\/p>\n<p><strong>\u6ce8\u8a18\uff1a<\/strong> \u30c4\u30a2\u30fc\/\u5c0f\u65c5\u884c\u306e\u51fa\u767a\u6642\u523b\u306e 24 \u6642\u9593\u4ee5\u5185\u306b\u3054\u4e88\u7d04\u3044\u305f\u3060\u3044\u305f\u5834\u5408\u306f\u3001\u8ffd\u52a0\u6599\u91d1\u3067\u30db\u30c6\u30eb\u3078\u306e\u304a\u8fce\u3048\u3092\u624b\u914d\u3067\u304d\u307e\u3059\u3002\u3054\u8cfc\u5165\u304c\u5b8c\u4e86\u3059\u308b\u3068\u3001\u304a\u8fce\u3048\u306e\u624b\u914d\u3092\u3059\u308b\u305f\u3081\u306e\u73fe\u5730\u30c4\u30a2\u30fc \u30ac\u30a4\u30c9\u306e\u5b8c\u5168\u306a\u9023\u7d61\u5148\u60c5\u5831 (\u96fb\u8a71\u756a\u53f7\u3001\u96fb\u5b50\u30e1\u30fc\u30eb \u30a2\u30c9\u30ec\u30b9\u306a\u3069) \u3092\u304a\u9001\u308a\u3057\u307e\u3059\u3002<\/p>\n<h3><em>\u8ffd\u52a0\u60c5\u5831\u306e\u78ba\u8a8d<\/em><\/h3>\n<ul>\n<li>\u30c1\u30b1\u30c3\u30c8\u306f\u30c4\u30a2\u30fc\u4ee3\u91d1\u3092\u652f\u6255\u3063\u305f\u5f8c\u306e\u9818\u53ce\u66f8\u3068\u306a\u308a\u307e\u3059\u3002\u643a\u5e2f\u96fb\u8a71\u3067\u652f\u6255\u3044\u3092\u8868\u793a\u3067\u304d\u307e\u3059\u3002<\/li>\n<li>\u4e88\u7d04\u624b\u7d9a\u304d\u5f8c\u306b\u96c6\u5408\u5834\u6240\u3092\u53d7\u3051\u53d6\u308a\u307e\u3059\u3002<\/li>\n<li>\u304a\u5b50\u69d8\u306b\u306f\u5927\u4eba\u306e\u540c\u4f34\u304c\u5fc5\u8981\u3067\u3059\u3002<\/li>\n<li>Accesible a silla de ruedas<\/li>\n<li>\u5e7c\u5150\u306f\u819d\u306e\u4e0a\u306b\u5ea7\u308b\u3079\u304d\u3067\u3059<\/li>\n<li>\u307b\u3068\u3093\u3069\u306e\u65c5\u884c\u8005\u304c\u53c2\u52a0\u3067\u304d\u307e\u3059\u3002<\/li>\n<\/ul>\n<h3><em>\u53d6\u308a\u6d88\u3057\u898f\u7d04<\/em><\/h3>\n<p>\u5168\u984d\u8fd4\u91d1\u3092\u3054\u5e0c\u671b\u306e\u5834\u5408\u306f\u3001\u4f53\u9a13\u958b\u59cb\u65e5\u306e\u5c11\u306a\u304f\u3068\u3082 24 \u6642\u9593\u524d\u307e\u3067\u306b\u30ad\u30e3\u30f3\u30bb\u30eb\u3057\u3066\u304f\u3060\u3055\u3044\u3002<\/p>\n<h3>!Cont\u00e1ctenos!<br \/>\nTOUR BALLENAS SAMANA<\/h3>\n<p>\u30c4\u30a2\u30fc\u30ac\u30a4\u30c9\u00a0<strong>Locales<\/strong> \u305d\u3057\u3066 <strong>\u5168\u56fd<\/strong> y servicios para hu\u00e9spedes<\/p>\n<p>\u4e88\u7d04: Dom\u306e\u30c4\u30a2\u30fc\u3068\u30a8\u30af\u30b9\u30ab\u30fc\u30b7\u30e7\u30f3\u3002<\/p>\n<p>\u96fb\u8a71\/Whatsapp +1-809-720-6035\u3002<\/p>\n<p>info@bookingadventures.com.do<\/p>\n<p>Whatsapp: +18097206035 \u306b\u3088\u308b\u67d4\u8edf\u306a\u69cb\u6210\u306e\u30d7\u30e9\u30a4\u30d9\u30fc\u30c8 \u30c4\u30a2\u30fc\u3092\u884c\u3063\u3066\u3044\u307e\u3059\u3002<\/p>\n\n\t\t<\/div>\n\t<\/div>\n<\/div><\/div><\/div><\/div>","protected":false},"excerpt":{"rendered":"<p>Excursi\u00f3n privada de avistamiento de ballenas en la bah\u00eda de Saman\u00e1, Rep\u00fablica Dominicana, con gu\u00edas locales. No dudes en programar tu hora de llegada o terminar la excursi\u00f3n. El almuerzo y el horario son establecidos por usted mismo. Reserve ahora esta excursi\u00f3n en la bah\u00eda de Saman\u00e1 para una buena experiencia de viaje de observaci\u00f3n de ballenas.<\/p>\n<p>Nota: Este tour es un Tour privado con un pago m\u00ednimo. Para unirse a un grupo de observaci\u00f3n de ballenas con el mismo precio en Catamar\u00e1n, HAGA CLIC AQU\u00cd.<\/p>\n<p><strong>Por favor, seleccione la fecha de la excursi\u00f3n:<\/strong><\/p>","protected":false},"featured_media":259,"template":"","meta":[],"product_brand":[],"product_cat":[443,124,232],"product_tag":[137,162,201,143,277,271,278,234,279,280,236],"class_list":{"0":"post-608","1":"product","2":"type-product","3":"status-publish","4":"has-post-thumbnail","6":"product_cat-tours-y-excursiones-es","7":"product_cat-tours-excursions-samana-bay-dominican-republic","8":"product_cat-whale-watching-samana","9":"product_tag-bacardi-island","10":"product_tag-cayo-levantado-day-pass","11":"product_tag-private-tours-samana","12":"product_tag-samana-tours","13":"product_tag-samana-whale","14":"product_tag-samana-whale-watching","15":"product_tag-samana-whale-watching-excursions","16":"product_tag-whale-samana","17":"product_tag-whale-watching","18":"product_tag-whale-watching-2020","19":"product_tag-whale-watching-dominican-republic","21":"first","22":"instock","23":"sale","24":"sold-individually","25":"shipping-taxable","26":"product-type-external"},"_links":{"self":[{"href":"https:\/\/haitises.com\/ja\/wp-json\/wp\/v2\/product\/608","targetHints":{"allow":["GET"]}}],"collection":[{"href":"https:\/\/haitises.com\/ja\/wp-json\/wp\/v2\/product"}],"about":[{"href":"https:\/\/haitises.com\/ja\/wp-json\/wp\/v2\/types\/product"}],"wp:featuredmedia":[{"embeddable":true,"href":"https:\/\/haitises.com\/ja\/wp-json\/wp\/v2\/media\/259"}],"wp:attachment":[{"href":"https:\/\/haitises.com\/ja\/wp-json\/wp\/v2\/media?parent=608"}],"wp:term":[{"taxonomy":"product_brand","embeddable":true,"href":"https:\/\/haitises.com\/ja\/wp-json\/wp\/v2\/product_brand?post=608"},{"taxonomy":"product_cat","embeddable":true,"href":"https:\/\/haitises.com\/ja\/wp-json\/wp\/v2\/product_cat?post=608"},{"taxonomy":"product_tag","embeddable":true,"href":"https:\/\/haitises.com\/ja\/wp-json\/wp\/v2\/product_tag?post=608"}],"curies":[{"name":"wp","href":"https:\/\/api.w.org\/{rel}","templated":true}]}}