{"id":607,"date":"2020-07-11T21:05:03","date_gmt":"2020-07-11T21:05:03","guid":{"rendered":"http:\/\/haitises.com\/?post_type=product&#038;p=607"},"modified":"2024-04-16T04:05:26","modified_gmt":"2024-04-16T04:05:26","slug":"excursion-samana-zipline-tirolesa-el-valle-con-almuerzo-en-la-playa","status":"publish","type":"product","link":"https:\/\/haitises.com\/it\/privato\/excursion-samana-zipline-tirolesa-el-valle-con-almuerzo-en-la-playa\/","title":{"rendered":"Saman\u00e1 Zipline (Zip Line) Escursione a El Valle con pranzo sulla spiaggia"},"content":{"rendered":"<div class=\"vc_row wpb_row vc_row-fluid\" ><div class=\"wpb_column vc_column_container vc_col-sm-12\"><div class=\"vc_column-inner\"><div class=\"wpb_wrapper\">[mkdf_section_title subtitle_tag=\u00bb\u00bb subtitle=\u00bb Aventura de Zip Line\u00bb]<\/div><\/div><\/div><\/div><div class=\"vc_row wpb_row vc_row-fluid\" ><div class=\"wpb_column vc_column_container vc_col-sm-12\"><div class=\"vc_column-inner\"><div class=\"wpb_wrapper\"><div class=\"vc_empty_space\"   style=\"height: 32px\"><span class=\"vc_empty_space_inner\"><\/span><\/div><\/div><\/div><\/div><\/div><div class=\"vc_row wpb_row vc_row-fluid\" ><div class=\"wpb_column vc_column_container vc_col-sm-12\"><div class=\"vc_column-inner\"><div class=\"wpb_wrapper\">\n\t<div class=\"wpb_text_column wpb_content_element\" >\n\t\t<div class=\"wpb_wrapper\">\n\t\t\t<h2>Zip Line (Zip Line) Saman\u00e1, El Valle con pranzo sulla spiaggia<\/h2>\n<h3>Descrizione<\/h3>\n<p>Zip line a Saman\u00e1, El Valle pi\u00f9 pranzo sulla spiaggia. Vieni con noi e visita una delle linee zip pi\u00f9 lunghe dei Caraibi. 12 linee, 13 stazioni e pi\u00f9 di 7.400 piedi di cavo. Preparati e segui le tue guide su dodici piattaforme zipline che attraversano linee fino a 304 metri (1.000 piedi) mentre ti godi la vista aerea del paesaggio.<\/p>\n<p>Dopo questa esperienza avrai tempo in spiaggia e un pranzo locale sulla spiaggia.<\/p>\n<ul>\n<li>Include pranzo a buffet sulla spiaggia.<\/li>\n<li>Zipline nella foresta pluviale e ammira la vista del paesaggio<\/li>\n<li>La guida fornisce istruzioni e supervisione.<\/li>\n<\/ul>\n<h3>Inclusioni ed esclusioni<\/h3>\n<h4>Inclusioni<\/h4>\n<ol>\n<li>Pranzo a buffet sulla spiaggia.<\/li>\n<li>Giro in teleferica<\/li>\n<li>Foresta di caff\u00e8 e cacao<\/li>\n<li>Tutte le tasse, commissioni e spese<\/li>\n<li>Tasse locali<\/li>\n<li>Bevande<\/li>\n<li>Tutte le attivit\u00e0<\/li>\n<li>Guida locale<\/li>\n<\/ol>\n<h3>Esclusioni<\/h3>\n<ol>\n<li>Suggerimenti<\/li>\n<li>Trasferimento<\/li>\n<li>Bevande alcoliche<\/li>\n<\/ol>\n<h3><em>Partenza e ritorno<\/em><\/h3>\n<p>Il viaggiatore otterr\u00e0 un punto d&#039;incontro dopo il processo di prenotazione. I tour iniziano e finiscono nei nostri punti di incontro.<\/p>\n<h3><em>Cosa aspettarsi?<\/em><\/h3>\n<p>Ottieni i tuoi biglietti per visitare la Zipline El Valle a Saman\u00e1, oltre a un meraviglioso pranzo e un momento in spiaggia sulla spiaggia di El Valle.<\/p>\n<p>Dopo aver ottenuto tutto l&#039;equipaggiamento necessario per la vostra sicurezza (imbracatura, caschi, ecc.), inizier\u00e0 l&#039;azione, camminando un po&#039; attraverso l&#039;umida foresta di cocco e cacao di Saman\u00e1.<\/p>\n<p>El recorrido, organizado por \u00abBooking Adventures\u00bb comienza en el punto de encuentro establecido con el gu\u00eda tur\u00edstico. Con una caba\u00f1a de la zona, donde reciben a los invitados con una degustaci\u00f3n de chocolate y caf\u00e9 org\u00e1nico y un trago de Mamajuana tambi\u00e9n. La emoci\u00f3n comienza en el momento en que los gu\u00edas de Zip-Line comienzan a colocar todo el equipo regulador en cada Zipliner y explican paso a paso qu\u00e9 hacer en la Zip Line. Se requerir\u00e1 el uso de cascos de seguridad con arn\u00e9s doble &#8230; la adrenalina comienza a surtir efecto, suda e incluso se arrepiente para ver la distancia del primer salto. Espere y participe en la \u00abl\u00ednea de seguridad\u00bb en el cable de acero, as\u00ed que es hora de liberar su cuerpo, experimentar la sensaci\u00f3n de volar, volar de plataforma en plataforma y disfrutar del aire con una vista privilegiada de las monta\u00f1as exuberantes, antiguas y tropicales. .<\/p>\n<p>Prenotando avventure, Zip-Line el Valle \u00e8 composta da 12 piattaforme collegate tra loro da tre cavi d&#039;acciaio per un totale di 7.400 piedi di cavi, sostenendo 13mila sterline ciascuna, dove gli avventurieri scivolano partendo dalla prima piattaforma ispirata alla barca pirata e un percorso di 1.000 piedi dalla seconda piattaforma, ad un&#039;altezza di oltre 400 piedi. Piroetta, urla di eccitazione o semplicemente distrai lo sguardo a 360 gradi, alla scoperta della foresta tropicale pi\u00f9 rigogliosa che cresce nel cuore delle montagne.<\/p>\n<p>Prendi i cavi per molte stazioni e finisci sulla spiaggia di El Valle. Questa spiaggia \u00e8 una delle pi\u00f9 belle di Saman\u00e1 e di solito non ci sono molte persone che visitano la zona circostante.<\/p>\n<p>Pranzate sulla spiaggia e potrete restare tutto il tempo che vorrete nuotando. Fritto di pesce e Tostones offerti! Se sei vegano, possiamo anche prepararti del cibo.<\/p>\n<h3><em>Cosa dovresti portare?<\/em><\/h3>\n<ul>\n<li>Telecamera<\/li>\n<li>Repellenti<\/li>\n<li>protezione solare<\/li>\n<li>Cappello<\/li>\n<li>Pantaloni comodi<\/li>\n<li>Scarpe da trekking nel bosco<\/li>\n<li>Sandali per la spiaggia<\/li>\n<li>Costume da bagno<\/li>\n<\/ul>\n<h3><em>Ritiro in hotel<\/em><\/h3>\n<p>Per questo tour non \u00e8 offerto il prelievo in hotel.<\/p>\n<p><strong>Nota:<\/strong> Se prenoti entro 24 ore dall&#039;orario di partenza del tour\/escursione, possiamo organizzare il ritiro in hotel a un costo aggiuntivo. Una volta completato l&#039;acquisto, ti invieremo le informazioni di contatto complete (numero di telefono, indirizzo e-mail, ecc.) affinch\u00e9 la nostra guida turistica locale possa organizzare il ritiro.<\/p>\n<h3><em>Conferma di informazioni aggiuntive<\/em><\/h3>\n<ul>\n<li>I biglietti costituiscono la ricevuta dopo aver pagato per questo tour. Puoi mostrare il pagamento sul tuo telefono.<\/li>\n<li>Il punto d&#039;incontro verr\u00e0 ricevuto dopo il processo di prenotazione.<\/li>\n<li>I bambini devono essere accompagnati da un adulto.<\/li>\n<li>I partecipanti devono pesare almeno 45 libbre.<\/li>\n<li>Nessun peso massimo, ma le imbracature dovrebbero adattarsi al tuo corpo. (taglia 54 vita max.)<\/li>\n<li>Puoi Zip double, con bambini o con qualcuno di speciale.<\/li>\n<\/ul>\n<p><strong>Nota:<\/strong> C&#039;\u00e8 una camminata di 100 metri su una ripida collina di ghiaia per raggiungere la prima piattaforma.<\/p>\n<ul>\n<li>Non accessibile in sedia a rotelle<\/li>\n<li>I neonati devono sedersi con un adulto<\/li>\n<li>Non raccomandato per viaggiatori con problemi alla schiena.<\/li>\n<li>Non raccomandato per le donne incinte.<\/li>\n<li>Nessun problema cardiaco o altre condizioni mediche gravi.<\/li>\n<li>La maggior parte dei viaggiatori pu\u00f2 partecipare.<\/li>\n<\/ul>\n<h3><em>Politica di cancellazione<\/em><\/h3>\n<p>Per un rimborso completo, annulla almeno 24 ore prima della data di inizio dell&#039;attivit\u00e0.<\/p>\n\n\t\t<\/div>\n\t<\/div>\n<\/div><\/div><\/div><\/div><div class=\"vc_row wpb_row vc_row-fluid\" ><div class=\"wpb_column vc_column_container vc_col-sm-12\"><div class=\"vc_column-inner\"><div class=\"wpb_wrapper\">\n\t<div class=\"wpb_text_column wpb_content_element\" >\n\t\t<div class=\"wpb_wrapper\">\n\t\t\t<h4>Contattaci!<\/h4>\n<h5>riserva d&#039;avventura<\/h5>\n<p><em>Guide turistiche <strong>Locale<\/strong> E <strong>nazionale<\/strong> e servizi per gli ospiti<\/em><\/p>\n<p>Prenotazioni: Tours ed Escursioni in Dom. Rep.<\/p>\n<p>Tel\/Whatsapp +1-809-720-6035.<\/p>\n<p>info@bookingadventures.com.do<\/p>\n<p>Facciamo tour privati con configurazione flessibile tramite Whatsapp:<strong>\u00a0<a href=\"tel:+18097206035\">+18097206035.<\/a><\/strong><\/p>\n\n\t\t<\/div>\n\t<\/div>\n<div class=\"vc_empty_space\"   style=\"height: 32px\"><span class=\"vc_empty_space_inner\"><\/span><\/div><\/div><\/div><\/div><\/div>","protected":false},"excerpt":{"rendered":"<p>Zip line a Saman\u00e1, El Valle pi\u00f9 pranzo sulla spiaggia. Vieni con noi e visita una delle zip line pi\u00f9 lunghe dei Caraibi, 12 linee, 13 stazioni e pi\u00f9 di 7.400 piedi di cavo!<\/p>\n<p>Dopo questa esperienza avrai tempo in spiaggia e un pranzo locale sulla spiaggia.<\/p>\n<p><em><strong>Seleziona la data del tour:<\/strong><\/em><\/p>","protected":false},"featured_media":132,"template":"","meta":[],"product_brand":[],"product_cat":[96,135,122,443,123,124],"product_tag":[138,157,158,142,147,148,143,159,160,161],"class_list":{"0":"post-607","1":"product","2":"type-product","3":"status-publish","4":"has-post-thumbnail","6":"product_cat-hiking","7":"product_cat-lunch","8":"product_cat-tours-and-excursions","9":"product_cat-tours-y-excursiones-es","10":"product_cat-tours-excursions-los-haitises-national-park","11":"product_cat-tours-excursions-samana-bay-dominican-republic","12":"product_tag-beach-time","13":"product_tag-el-valle-beach","14":"product_tag-playa-el-valle","15":"product_tag-samana","16":"product_tag-samana-bay","17":"product_tag-samana-excursions","18":"product_tag-samana-tours","19":"product_tag-tours-dominican-republic","20":"product_tag-zip-line","21":"product_tag-zip-line-samana","23":"first","24":"instock","25":"sale","26":"sold-individually","27":"shipping-taxable","28":"product-type-external"},"_links":{"self":[{"href":"https:\/\/haitises.com\/it\/wp-json\/wp\/v2\/product\/607","targetHints":{"allow":["GET"]}}],"collection":[{"href":"https:\/\/haitises.com\/it\/wp-json\/wp\/v2\/product"}],"about":[{"href":"https:\/\/haitises.com\/it\/wp-json\/wp\/v2\/types\/product"}],"wp:featuredmedia":[{"embeddable":true,"href":"https:\/\/haitises.com\/it\/wp-json\/wp\/v2\/media\/132"}],"wp:attachment":[{"href":"https:\/\/haitises.com\/it\/wp-json\/wp\/v2\/media?parent=607"}],"wp:term":[{"taxonomy":"product_brand","embeddable":true,"href":"https:\/\/haitises.com\/it\/wp-json\/wp\/v2\/product_brand?post=607"},{"taxonomy":"product_cat","embeddable":true,"href":"https:\/\/haitises.com\/it\/wp-json\/wp\/v2\/product_cat?post=607"},{"taxonomy":"product_tag","embeddable":true,"href":"https:\/\/haitises.com\/it\/wp-json\/wp\/v2\/product_tag?post=607"}],"curies":[{"name":"wp","href":"https:\/\/api.w.org\/{rel}","templated":true}]}}