{"id":564,"date":"2020-06-27T01:33:01","date_gmt":"2020-06-27T01:33:01","guid":{"rendered":"http:\/\/haitises.com\/?post_type=product&#038;p=564"},"modified":"2024-04-17T17:19:20","modified_gmt":"2024-04-17T17:19:20","slug":"escursione-in-kayak-a-los-haitises-2-ore","status":"publish","type":"product","link":"https:\/\/haitises.com\/it\/privato\/escursione-in-kayak-a-los-haitises-2-ore\/","title":{"rendered":"Escursione in kayak a Los Haitises 2 ore"},"content":{"rendered":"<div class=\"vc_row wpb_row vc_row-fluid\" ><div class=\"wpb_column vc_column_container vc_col-sm-12\"><div class=\"vc_column-inner\"><div class=\"wpb_wrapper\">[mkdf_section_title subtitle_tag=\u00bb\u00bb subtitle=\u00bbKayaks y gu\u00eda local\u00bb]<\/div><\/div><\/div><\/div><div class=\"vc_row wpb_row vc_row-fluid\" ><div class=\"wpb_column vc_column_container vc_col-sm-12\"><div class=\"vc_column-inner\"><div class=\"wpb_wrapper\"><div class=\"vc_empty_space\"   style=\"height: 32px\"><span class=\"vc_empty_space_inner\"><\/span><\/div><\/div><\/div><\/div><\/div><div class=\"vc_row wpb_row vc_row-fluid\" ><div class=\"wpb_column vc_column_container vc_col-sm-12\"><div class=\"vc_column-inner\"><div class=\"wpb_wrapper\">\n\t<div class=\"wpb_text_column wpb_content_element\" >\n\t\t<div class=\"wpb_wrapper\">\n\t\t\t<div class=\"vc_row wpb_row vc_row-fluid\">\n<div class=\"wpb_column vc_column_container vc_col-sm-12\">\n<div class=\"vc_column-inner\">\n<div class=\"wpb_wrapper\">\n<div class=\"mkdf-section-title-holder\">\n<div class=\"mkdf-st-inner\">\n<h2>Kayak nel Parco Nazionale Los Haitises con guida turistica a Ca\u00f1o Hondo 2 ore<\/h2>\n<h3>Descrizione<\/h3>\n<p>Kayak con le mangrovie nel Parco Nazionale Los Haitises con una guida locale per 2 ore. Visita alle mangrovie del fiume Ca\u00f1o Hondo e panoramica della baia di San Lorenzo nel Parco Nazionale Los Haitises, zona Sabana de la mar Ca\u00f1o Hondo. Se desiderate un'escursione pi\u00f9 lunga: Kayak di 4 ore a Los Haitises.<\/p>\n<ul>\n<li>La guida fornisce istruzioni e supervisione.<\/li>\n<li>Kayak e pagaie disponibili Doppio per due persone e Singolo per una persona.<\/li>\n<\/ul>\n<h3>Inclusioni ed esclusioni<\/h3>\n<h4>Inclusioni<\/h4>\n<ol>\n<li>Viaggio in kayak<\/li>\n<li>Tutte le tasse, commissioni e spese di gestione<\/li>\n<li>Tasse locali<\/li>\n<li>Guida locale<\/li>\n<\/ol>\n<h4>Esclusioni<\/h4>\n<ol>\n<li>Suggerimenti<\/li>\n<li>Trasporto<\/li>\n<li>Pranzo <em>no<\/em> \u00e8 incluso.<\/li>\n<li>Le grotte <em>no<\/em> sono inclusi<\/li>\n<li>Bevande alcoliche<\/li>\n<\/ol>\n<h3><em>Partenza e ritorno<\/em><\/h3>\n<p>Il viaggiatore otterr\u00e0 un punto d&#039;incontro dopo il processo di prenotazione. I tour iniziano e finiscono nei nostri punti di incontro.<\/p>\n<h3>Cosa aspettarsi?<\/h3>\n<p>Prendete i biglietti per un tour in kayak di 2 ore nella foresta fluviale di Ca\u00f1o Hondo (mangrovie) con guide locali.<\/p>\n<p>Una volta ottenuta tutta l'attrezzatura necessaria per la vostra sicurezza (giubbotti di salvataggio, ecc.), inizier\u00e0 l'azione di kayak sul fiume Ca\u00f1o Hondo.<\/p>\n<p>El recorrido, organizado por \u00abBooking Adventures\u00bb, comienza en el punto de encuentro establecido con el gu\u00eda tur\u00edstico. Tomando kayaks y atravesando manglares, pasando por antiguas cuevas piratas y en bosques protegidos en esta pintoresca reserva a partir del \u00e1rea de los Hoteles Ca\u00f1o Hondo o de Sabana de la Mar.<\/p>\n<p>Venite con Booking Adventures e iniziate ad avvistare le mangrovie piene di uccelli, le colline lussureggianti e le grotte del Parco Nazionale Los Haitises. Un tour in kayak dal fiume Ca\u00f1o Hondo, Sabana de la Mar. Si attraversano le mangrovie e si approda nella baia aperta di San Lorenzo, da dove si pu\u00f2 fotografare l'aspro paesaggio boschivo. Guardate l'acqua per vedere lamantini, crostacei e delfini.<\/p>\n<p>Se vi piace questa escursione, abbiamo una seconda opzione: kayak a Los Haitises di 4 ore.<\/p>\n<p>Il tour termina al punto di partenza nel Parco Nazionale Los Haitises. Consigliamo questa gita alle 6:00 del mattino, nel caso in cui si vogliano vedere lamantini, crostacei e delfini.<\/p>\n<p>Le 6:00 del mattino \u00e8 presto, quindi non ci sono ancora barche nel Parco Nazionale Los Haitises.<\/p>\n<h3><em>Cosa dovresti portare?<\/em><\/h3>\n<ul>\n<li>Telecamera<\/li>\n<li>Repellenti<\/li>\n<li>Protezione solare<\/li>\n<li>Cappello<\/li>\n<li>Pantaloni comodi<\/li>\n<li>Sandali<\/li>\n<li>Costume da bagno<\/li>\n<\/ul>\n<h3><em>Ritiro in hotel<\/em><\/h3>\n<p>Per questo tour non \u00e8 offerto il prelievo in hotel.<\/p>\n<p><strong>Nota:<\/strong> Se prenoti entro 24 ore dall&#039;orario di partenza del tour\/escursione, possiamo organizzare il ritiro in hotel a un costo aggiuntivo. Una volta completato l&#039;acquisto, ti invieremo le informazioni di contatto complete (numero di telefono, indirizzo e-mail, ecc.) affinch\u00e9 la nostra guida turistica locale possa organizzare il ritiro.<\/p>\n<h3><em>Conferma di informazioni aggiuntive<\/em><\/h3>\n<ul>\n<li>I biglietti costituiscono la ricevuta dopo aver pagato per questo tour. Puoi mostrare il pagamento sul tuo telefono.<\/li>\n<li>Il punto d&#039;incontro verr\u00e0 ricevuto dopo il processo di prenotazione.<\/li>\n<li>I bambini devono essere accompagnati da un adulto.<\/li>\n<li>Non accessibile in sedia a rotelle<\/li>\n<li>I bambini devono sedere in un seggiolino o con un adulto.<\/li>\n<li>Non raccomandato per viaggiatori con problemi alla schiena.<\/li>\n<li>Non raccomandato per le donne incinte.<\/li>\n<li>Nessun problema cardiaco o altre condizioni mediche gravi.<\/li>\n<li>La maggior parte dei viaggiatori pu\u00f2 partecipare<\/li>\n<\/ul>\n<h3><em>Politica di cancellazione<\/em><\/h3>\n<p>Per un rimborso completo, annulla almeno 24 ore prima della data di inizio dell&#039;esperienza.<\/p>\n<h3><em>Contattaci?<\/em><\/h3>\n<p>Prenotazioni di avventure<br \/>\nGuide turistiche locali e nazionali e servizi per gli ospiti<\/p>\n<p>Prenotazioni: Tours ed Escursioni in Dom. Reps.<\/p>\n<p>\ud83d\udcdeTel\/Whatsapp +1-809-720-6035.<\/p>\n<p>\ud83d\udce9 info@bookingadventures.com.do<\/p>\n<p>Facciamo tour privati con flessibilit\u00e0 tramite Whatsapp: +18097206035.<\/p>\n<\/div>\n<\/div>\n<\/div>\n<\/div>\n<\/div>\n<\/div>\n<div class=\"vc_row wpb_row vc_row-fluid\">\n<div class=\"wpb_column vc_column_container vc_col-sm-12\">\n<div class=\"vc_column-inner\">\n<div class=\"wpb_wrapper\">\n<div class=\"wpb_text_column wpb_content_element\">\n<div class=\"wpb_wrapper\"><\/div>\n<\/div>\n<\/div>\n<\/div>\n<\/div>\n<\/div>\n\n\t\t<\/div>\n\t<\/div>\n<\/div><\/div><\/div><\/div>","protected":false},"excerpt":{"rendered":"<p>Escursione al Parco Nazionale Los Haitises dagli hotel Sabana de la Mar o Ca\u00f1o Hondo. Escursione in kayak nel Parco Nazionale di Los Haitises con una guida locale. Visita alle mangrovie del fiume Ca\u00f1o Hondo e panoramica della baia di San Lorenzo nel Parco Nazionale Los Haitises, zona Sabana de la Mar, Ca\u00f1o Hondo. Se siete interessati a visitare anche le grotte, prenotate qui un'escursione in kayak di 4 ore.<\/p>\n<ul>\n<li>La guida fornisce istruzioni e supervisione.<\/li>\n<li>Kayak e pagaie disponibili Doppio per due persone e Singolo per una persona.<\/li>\n<\/ul>\n<p>Organizzate questo tour con un percorso escursionistico e scoprite la storia del Parco Nazionale Los Haitises con la gente del posto.<\/p>\n<p><strong>Seleziona la data del tour:<\/strong><\/p>","protected":false},"featured_media":113,"template":"","meta":[],"product_brand":[],"product_cat":[119,96,144,98,121,99,122,443,123,124],"product_tag":[126,127,149,145,150,151,152,153,132,133,114,148,143],"class_list":{"0":"post-564","1":"product","2":"type-product","3":"status-publish","4":"has-post-thumbnail","6":"product_cat-caves","7":"product_cat-hiking","8":"product_cat-kayaking","9":"product_cat-local-tour-guides","10":"product_cat-mangroves","11":"product_cat-swimming-natural-springs","12":"product_cat-tours-and-excursions","13":"product_cat-tours-y-excursiones-es","14":"product_cat-tours-excursions-los-haitises-national-park","15":"product_cat-tours-excursions-samana-bay-dominican-republic","16":"product_tag-cano-hondo","17":"product_tag-cano-hondo-hotel","18":"product_tag-cano-hondo-river","19":"product_tag-day-tour-cano-hondo","20":"product_tag-kayak-dominican-republic","21":"product_tag-kayak-los-haitises","22":"product_tag-kayak-tour","23":"product_tag-kayaking","24":"product_tag-los-haitises","25":"product_tag-los-haitises-national-park","26":"product_tag-sabana-de-la-mar","27":"product_tag-samana-excursions","28":"product_tag-samana-tours","30":"first","31":"instock","32":"sale","33":"sold-individually","34":"shipping-taxable","35":"product-type-external"},"_links":{"self":[{"href":"https:\/\/haitises.com\/it\/wp-json\/wp\/v2\/product\/564","targetHints":{"allow":["GET"]}}],"collection":[{"href":"https:\/\/haitises.com\/it\/wp-json\/wp\/v2\/product"}],"about":[{"href":"https:\/\/haitises.com\/it\/wp-json\/wp\/v2\/types\/product"}],"wp:featuredmedia":[{"embeddable":true,"href":"https:\/\/haitises.com\/it\/wp-json\/wp\/v2\/media\/113"}],"wp:attachment":[{"href":"https:\/\/haitises.com\/it\/wp-json\/wp\/v2\/media?parent=564"}],"wp:term":[{"taxonomy":"product_brand","embeddable":true,"href":"https:\/\/haitises.com\/it\/wp-json\/wp\/v2\/product_brand?post=564"},{"taxonomy":"product_cat","embeddable":true,"href":"https:\/\/haitises.com\/it\/wp-json\/wp\/v2\/product_cat?post=564"},{"taxonomy":"product_tag","embeddable":true,"href":"https:\/\/haitises.com\/it\/wp-json\/wp\/v2\/product_tag?post=564"}],"curies":[{"name":"wp","href":"https:\/\/api.w.org\/{rel}","templated":true}]}}