{"id":558,"date":"2020-06-23T12:05:23","date_gmt":"2020-06-23T12:05:23","guid":{"rendered":"http:\/\/haitises.com\/?post_type=product&#038;p=558"},"modified":"2024-04-17T18:50:43","modified_gmt":"2024-04-17T18:50:43","slug":"excursion-a-los-haitises-con-senderismo-en-el-bosque-humedo","status":"publish","type":"product","link":"https:\/\/haitises.com\/it\/privato\/excursion-a-los-haitises-con-senderismo-en-el-bosque-humedo\/","title":{"rendered":"Escursione a Los Haitises con Trekking nella Foresta Umida"},"content":{"rendered":"<div class=\"vc_row wpb_row vc_row-fluid\" ><div class=\"wpb_column vc_column_container vc_col-sm-12\"><div class=\"vc_column-inner\"><div class=\"wpb_wrapper\">[mkdf_section_title title_tag=\u00bb\u00bb disable_break_words=\u00bbno\u00bb subtitle_tag=\u00bb\u00bb title=\u00bbLos Haitises National Park- From Sabana de la Mar + Hiking 2 Hours\u00bb subtitle=\u00bbHumid Forest + Normal Trip to Caves\u00bb]<\/div><\/div><\/div><\/div><div class=\"vc_row wpb_row vc_row-fluid\" ><div class=\"wpb_column vc_column_container vc_col-sm-12\"><div class=\"vc_column-inner\"><div class=\"wpb_wrapper\">\n\t<div class=\"wpb_text_column wpb_content_element\" >\n\t\t<div class=\"wpb_wrapper\">\n\t\t\t<h5>Foresta bagnata + Viaggio normale alle grotte<\/h5>\n<h2>Parco Nazionale Los Haitises - Da Sabana de la Mar + Escursione 2 ore<\/h2>\n<h3><em>Descrizione<\/em><\/h3>\n<p>Goditi una passeggiata di due ore attraverso la foresta del Parco Nazionale Los Haitises. Scopri le piante medicinali e visita i luoghi locali. Dopo aver visitato il Parco Nazionale Los Haitises da Sabana de la Mar o gli hotel Ca\u00f1o Hondo con guide locali.<\/p>\n<p>Faremo l&#039;escursione dopo la gita in barca. Un normale viaggio privato al Parco Nazionale Los Haitises. Vieni con noi e visita il parco nazionale pi\u00f9 bello della Repubblica Dominicana, visitando le mangrovie, 3 grotte e la Baia di San Lorenzo. Questa esperienza pu\u00f2 iniziare dalla comunit\u00e0 di Sabana de la Mar che conosce questa storia di Sabana de la Mar.<\/p>\n<ul>\n<li>Escursione di 2 ore nella foresta<\/li>\n<li>Storia di Sabana de la Mar<\/li>\n<li>Tasse incluse<\/li>\n<li>La guida fornisce istruzioni e supervisione.<\/li>\n<li>Il pranzo non \u00e8 incluso per il pranzo a Cano Hondo Scegli questo tour: Los Haitises Plus Ca\u00f1o Hondo.<\/li>\n<\/ul>\n<h3>Inclusioni ed esclusioni<\/h3>\n<h4>Inclusioni<\/h4>\n<ol>\n<li>Tour di Los Haitises + Grotte e pittogrammi<\/li>\n<li>Tutte le tasse, commissioni e spese di gestione.<\/li>\n<li>Tasse locali<\/li>\n<li>Tutte le attivit\u00e0<\/li>\n<li>Guida locale<\/li>\n<\/ol>\n<h4>Esclusioni<\/h4>\n<ol>\n<li>Suggerimenti<\/li>\n<li>Il pranzo non \u00e8 incluso per il pranzo a Cano Hondo Scegli questo tour: Los Haitises Plus Ca\u00f1o Hondo.<\/li>\n<li>Trasporto<\/li>\n<li>Bevande alcoliche<\/li>\n<\/ol>\n<h3><em>Partenza e ritorno<\/em><\/h3>\n<p>Il viaggiatore otterr\u00e0 un punto d&#039;incontro dopo il processo di prenotazione. I tour iniziano e finiscono nei nostri punti di incontro.<\/p>\n<h3><em>Cosa aspettarsi?<\/em><\/h3>\n<p>Ottieni i tuoi biglietti per visitare il Parco Nazionale Los Haitises con le grotte, le mangrovie e la Baia di San Lorenzo dopo un&#039;escursione di due ore attraverso la foresta umida del Parco Nazionale Los Haitises.<\/p>\n<p>Parco Nazionale Los Haitises dagli hotel di Sabana de la Mar o Ca\u00f1o Hondo con guide locali. Il viaggio inizia al porto principale del Parco Nazionale Los Haitises. Questo viaggio inizia alle 10:00 con una guida turistica locale che conosce la storia originale del magnifico Parco Nazionale.<\/p>\n<p>Quindi partiremo dal porto principale del Parco Nazionale Los Haitises, chiamato Ca\u00f1o Hondo (Deep Creek) in una BARCA con giubbotti di salvataggio. Ci godremo la foresta di mangrovie rosse fino a raggiungere la Baia di San Lorenzo. Piccola baia nella baia di Saman\u00e1. Ed eccoci qui! La prima cosa che puoi vedere \u00e8 l&#039;enorme collezione di montagne calcaree dell&#039;isola chiamata Mogotes. Sopra di loro svolazzano pi\u00f9 di 700 specie di piante e numerosi uccelli delle zone umide. Poi visitando le grotte con i pittogrammi delle nostre comunit\u00e0 indigene di 750 anni fa.<\/p>\n<p>Attraverso le mangrovie e la terra nell&#039;aperta Baia di San Lorenzo, da dove \u00e8 possibile fotografare l&#039;aspro paesaggio forestale. Guarda nell&#039;acqua per vedere lamantini, crostacei e delfini.<\/p>\n<p>El nombre del parque nacional proviene de sus habitantes originales, los indios ta\u00ednos. En su idioma, \u00abHaitises\u00bb se traduce en tierras altas o colinas, una referencia a las empinadas formaciones geol\u00f3gicas de la costa con calizas. Avent\u00farate en el parque para explorar cuevas como la Cueva de la Arena y la Cueva de la L\u00ednea. Las cuevas en la reserva fueron utilizadas como refugio por los indios ta\u00ednos y, m\u00e1s adelante, por los piratas escondidos. Busque dibujos de indios que decoran algunas de las paredes. Despu\u00e9s de visitar el Parque Nacional Los Haitises, iremos al bosque h\u00famedo para caminar 2 horas y regresar al lugar donde comenz\u00f3 nuestro viaje.<\/p>\n<h3><em>Cosa dovresti portare?<\/em><\/h3>\n<ul>\n<li>Telecamera<\/li>\n<li>Repellenti<\/li>\n<li>protezione solare<\/li>\n<li>Cappello<\/li>\n<li>Pantaloni comodi<\/li>\n<li>Scarpe da trekking nel bosco<\/li>\n<li>Sandali per le zone primaverili.<\/li>\n<li>Costume da bagno<\/li>\n<\/ul>\n<h3><em>Ritiro in hotel<\/em><\/h3>\n<p>Il prelievo in hotel \u00e8 offerto se ti trovi al Paraiso Ca\u00f1o Hondo o all&#039;Altos Ca\u00f1o Hondo Hotel. Il nostro punto d&#039;incontro \u00e8 a 5 minuti a piedi da questi hotel.<\/p>\n<p><strong>Nota:<\/strong> Se prenoti entro 24 ore dall&#039;orario di partenza del tour\/escursione, possiamo organizzare il ritiro in hotel con costi aggiuntivi se non ti trovi negli hotel di Ca\u00f1o Hondo. Una volta completato l&#039;acquisto, ti invieremo le informazioni di contatto complete (numero di telefono, indirizzo e-mail, ecc.) affinch\u00e9 la nostra guida turistica locale possa organizzare il ritiro.<\/p>\n<h3><em>Conferma di informazioni aggiuntive<\/em><\/h3>\n<ul>\n<li>I biglietti costituiscono la ricevuta dopo aver pagato per questo tour. Puoi mostrare il pagamento sul tuo telefono.<\/li>\n<li>Il punto d&#039;incontro verr\u00e0 ricevuto dopo il processo di prenotazione.<\/li>\n<li>I bambini devono essere accompagnati da un adulto.<\/li>\n<li>Non accessibile in sedia a rotelle<\/li>\n<li>I neonati devono sedersi su un seggiolino o con un adulto<\/li>\n<li>Non raccomandato per viaggiatori con problemi alla schiena.<\/li>\n<li>Non raccomandato per le donne incinte.<\/li>\n<li>Nessun problema cardiaco o altre condizioni mediche gravi.<\/li>\n<li>La maggior parte dei viaggiatori pu\u00f2 partecipare.<\/li>\n<\/ul>\n<h3><em>Politica di cancellazione<\/em><\/h3>\n<p>Per un rimborso completo, annulla almeno 24 ore prima della data di inizio dell&#039;esperienza.<\/p>\n\n\t\t<\/div>\n\t<\/div>\n<\/div><\/div><\/div><\/div><div class=\"vc_row wpb_row vc_row-fluid\" ><div class=\"wpb_column vc_column_container vc_col-sm-12\"><div class=\"vc_column-inner\"><div class=\"wpb_wrapper\"><div class=\"vc_empty_space\"   style=\"height: 32px\"><span class=\"vc_empty_space_inner\"><\/span><\/div>\n\t<div class=\"wpb_video_widget wpb_content_element vc_clearfix   vc_video-aspect-ratio-169 vc_video-el-width-100 vc_video-align-left\" >\n\t\t<div class=\"wpb_wrapper\">\n\t\t\t\n\t\t\t<div class=\"wpb_video_wrapper\"><iframe loading=\"lazy\" title=\"Parco Nazionale Los Haitises, tour ed escursioni da Samana o Sabana de la Mar. Prenota qui:\" src=\"https:\/\/player.vimeo.com\/video\/346508015?dnt=1&amp;app_id=122963\" width=\"1100\" height=\"619\" frameborder=\"0\" allow=\"autoplay; fullscreen\" allowfullscreen><\/iframe><\/div>\n\t\t<\/div>\n\t<\/div>\n<\/div><\/div><\/div><\/div><div class=\"vc_row wpb_row vc_row-fluid\" ><div class=\"wpb_column vc_column_container vc_col-sm-12\"><div class=\"vc_column-inner\"><div class=\"wpb_wrapper\"><div class=\"vc_empty_space\"   style=\"height: 32px\"><span class=\"vc_empty_space_inner\"><\/span><\/div>\n\t<div class=\"wpb_text_column wpb_content_element\" >\n\t\t<div class=\"wpb_wrapper\">\n\t\t\t<h4>Contattaci?<\/h4>\n<h5>Prenotazione Avventure<\/h5>\n<p><em><strong>Gente del posto<\/strong>\u00a0E\u00a0<strong>Nazionali<\/strong>\u00a0Guide turistiche e servizi per gli ospiti<\/em><\/p>\n<p><span class=\"text-turquoise\">Prenotazioni:<\/span>\u00a0Tour ed escursioni a Rep. Dom.<\/p>\n<p><img decoding=\"async\" class=\"emoji\" draggable=\"false\" src=\"https:\/\/s.w.org\/images\/core\/emoji\/11.2.0\/svg\/1f4de.svg\" alt=\"\ud83d\udcde\" title=\"\">\u00a0Tel\/Whatsapp\u00a0\u00a0<a href=\"tel:+1-809-720-6035\">+1-809-720-6035<\/a>.<\/p>\n<p><img decoding=\"async\" class=\"emoji\" draggable=\"false\" src=\"https:\/\/s.w.org\/images\/core\/emoji\/11.2.0\/svg\/1f4e9.svg\" alt=\"\ud83d\udce9\" title=\"\">\u00a0<a href=\"mailto:info@bookingadventures.com.do\">info@bookingadventures.com.do<\/a><\/p>\n<p><strong>Siamo flessibili nell&#039;impostare tour privati tramite Whatsapp:\u00a0<a href=\"tel:+18097206035\">+18097206035.<\/a><\/strong><\/p>\n\n\t\t<\/div>\n\t<\/div>\n<div class=\"vc_empty_space\"   style=\"height: 32px\"><span class=\"vc_empty_space_inner\"><\/span><\/div><\/div><\/div><\/div><\/div>","protected":false},"excerpt":{"rendered":"<p>Ed eccoci qui! La prima cosa che puoi vedere \u00e8 l&#039;enorme collezione di isole montuose calcaree chiamate Mogotes sopra di loro pi\u00f9 di 700 specie di piante e molti uccelli delle zone umide che volano. Quindi visita le grotte con i pittogrammi delle nostre comunit\u00e0 indigene 750 anni fa.<\/p>\n<p>Inoltre, questo viaggio mostra che sono i luoghi pi\u00f9 importanti da visitare nel Parco Nazionale di Haitises. Le due grotte pi\u00f9 visitate sono la Cueva de la L\u00ednea e la Cueva de la Arena. Dopo alcune ore di visita a questo bellissimo Parco Nazionale ci siamo diretti verso la foresta umida del Parco Nazionale di Haitises, dopo 2 ore di cammino siamo tornati al luogo da dove abbiamo iniziato la nostra escursione. Acquista qui i tuoi biglietti e viaggia con la gente del posto che conosce la storia del Parco Nazionale di Haitises.<\/p>\n<p><strong>Seleziona la data del tour:<\/strong><\/p>\n<p>&nbsp;<\/p>\n<p>&nbsp;<\/p>","protected":false},"featured_media":84,"template":"","meta":[],"product_brand":[],"product_cat":[443,123,124],"product_tag":[179,125,126,129,130,104,221,131,132,210,222,134,223,146,114,224],"class_list":{"0":"post-558","1":"product","2":"type-product","3":"status-publish","4":"has-post-thumbnail","6":"product_cat-tours-y-excursiones-es","7":"product_cat-tours-excursions-los-haitises-national-park","8":"product_cat-tours-excursions-samana-bay-dominican-republic","9":"product_tag-birding-in-los-haitises","10":"product_tag-boat-tour","11":"product_tag-cano-hondo","12":"product_tag-eco-tours","13":"product_tag-excursion","14":"product_tag-hiking","15":"product_tag-hiking-los-haitises","16":"product_tag-locals-guides","17":"product_tag-los-haitises","18":"product_tag-los-haitises-excursions","19":"product_tag-los-haitises-from-samana","20":"product_tag-los-haitises-national-park-tour","21":"product_tag-los-haitises-sabana-de-la-mar","22":"product_tag-mangroves-los-haitises","23":"product_tag-sabana-de-la-mar","24":"product_tag-trails","26":"first","27":"instock","28":"sale","29":"sold-individually","30":"shipping-taxable","31":"product-type-external"},"_links":{"self":[{"href":"https:\/\/haitises.com\/it\/wp-json\/wp\/v2\/product\/558","targetHints":{"allow":["GET"]}}],"collection":[{"href":"https:\/\/haitises.com\/it\/wp-json\/wp\/v2\/product"}],"about":[{"href":"https:\/\/haitises.com\/it\/wp-json\/wp\/v2\/types\/product"}],"wp:featuredmedia":[{"embeddable":true,"href":"https:\/\/haitises.com\/it\/wp-json\/wp\/v2\/media\/84"}],"wp:attachment":[{"href":"https:\/\/haitises.com\/it\/wp-json\/wp\/v2\/media?parent=558"}],"wp:term":[{"taxonomy":"product_brand","embeddable":true,"href":"https:\/\/haitises.com\/it\/wp-json\/wp\/v2\/product_brand?post=558"},{"taxonomy":"product_cat","embeddable":true,"href":"https:\/\/haitises.com\/it\/wp-json\/wp\/v2\/product_cat?post=558"},{"taxonomy":"product_tag","embeddable":true,"href":"https:\/\/haitises.com\/it\/wp-json\/wp\/v2\/product_tag?post=558"}],"curies":[{"name":"wp","href":"https:\/\/api.w.org\/{rel}","templated":true}]}}