{"id":548,"date":"2020-06-15T15:48:44","date_gmt":"2020-06-15T15:48:44","guid":{"rendered":"http:\/\/haitises.com\/?post_type=product&#038;p=548"},"modified":"2024-04-19T15:58:28","modified_gmt":"2024-04-19T15:58:28","slug":"escursione-in-kayak-ed-escursionismo-nel-parco-nazionale-los-haitises","status":"publish","type":"product","link":"https:\/\/haitises.com\/it\/privato\/escursione-in-kayak-ed-escursionismo-nel-parco-nazionale-los-haitises\/","title":{"rendered":"Escursione in kayak ed escursionismo nel Parco Nazionale Los Haitises"},"content":{"rendered":"<div class=\"vc_row wpb_row vc_row-fluid\" ><div class=\"wpb_column vc_column_container vc_col-sm-12\"><div class=\"vc_column-inner\"><div class=\"wpb_wrapper\">\n\t<div class=\"wpb_text_column wpb_content_element\" >\n\t\t<div class=\"wpb_wrapper\">\n\t\t\t<h3>Descrizione<\/h3>\n<p>Questo percorso di trekking + kayak inizia dal porto di Ca\u00f1o Hondo \/ Sabana de La Mar. Cammineremo per circa 3 ore lungo la foresta umida nel Parco Nazionale Los Haitises. Conoscerai le piante medicinali di questa zona, vedrai la foresta primaria e secondaria di latifoglie nelle montagne del Parco Nazionale Los Haitises e allo stesso tempo raggiungerai la sorgente del fiume Jivales da dove sgorgano le acque delle piscine naturali dell&#039;Eco- loggia, vieni fuori Hondo Ca\u00f1o. Quindi prendiamo l&#039;attrezzatura necessaria per la vostra sicurezza (giubbotti di salvataggio, ecc.), kayak e attraversiamo le mangrovie. Vedrai alcune mangrovie piene di uccelli, dolci colline di vegetazione lussureggiante. Attraverso le mangrovie e approdi nella baia aperta di San Lorenzo, da dove \u00e8 possibile fotografare il meraviglioso paesaggio forestale.<\/p>\n<p>Dopo questa esperienza, tornerai a Cano Hondo o Sabana de la mar.<\/p>\n<ul>\n<li>Tasse incluse<\/li>\n<li>Escursione escursionistica al Parco Nazionale Los Haitises<\/li>\n<li>La guida fornisce istruzioni e supervisione.<\/li>\n<\/ul>\n<h3>Inclusioni ed esclusioni<\/h3>\n<h4>Inclusioni<\/h4>\n<ol>\n<li>Parco Nazionale Los Haitises<\/li>\n<li>Escursione + Kayak<\/li>\n<li>Tutte le tasse, commissioni e spese di gestione.<\/li>\n<li>Tasse locali<\/li>\n<li>Bevande<\/li>\n<li>Tutte le attivit\u00e0<\/li>\n<li>Guida locale<\/li>\n<\/ol>\n<h4>Esclusioni<\/h4>\n<ol>\n<li>Suggerimenti<\/li>\n<li>Trasporto<\/li>\n<li>Pranzo<\/li>\n<li>Bevande alcoliche<\/li>\n<\/ol>\n<h3><em>Partenza e ritorno<\/em><\/h3>\n<p>Il viaggiatore otterr\u00e0 un punto d&#039;incontro dopo il processo di prenotazione. I tour iniziano e finiscono nei nostri punti di incontro.<\/p>\n<h2>Escursione + Kayak Parco Nazionale Los Haitises<\/h2>\n<h3><em>Cosa aspettarsi?<\/em><\/h3>\n<p>El nombre del parque nacional proviene de sus habitantes originales, los indios ta\u00ednos. En su idioma, \u00abHaitises\u00bb se traduce en tierras altas o colinas, una referencia a las empinadas formaciones geol\u00f3gicas de la costa con calizas. La actividad en Kayak es de 2 horas.<\/p>\n<p>Aprender sobre la historia y la naturaleza con gu\u00edas tur\u00edsticos locales que crecen como protectores y voluntarios ambientales dentro de esta \u00e1rea del proyecto. El recorrido, organizado por \u00abBooking Adventures\u00bb comienza en el punto de encuentro establecido con el gu\u00eda tur\u00edstico.<\/p>\n<p>Dopo una passeggiata iniziale attraverso campi e terreni agricoli, inizierai a camminare attraverso la foresta di cocco e cacao. Vivi ogni minuto nell&#039;area forestale primaria e unica del Parco Nazionale Los Haitises. Vieni con Booking Adventures e inizia a vedere alcune specie endemiche di uccelli, mammiferi e piante, le dolci colline dalla vegetazione lussureggiante e le grotte del Parco Nazionale Los Haitises.<\/p>\n<p>El nombre del parque nacional proviene de sus habitantes originales, los indios ta\u00ednos. En su idioma, \u00abHaitises\u00bb se traduce en tierras altas o colinas, una referencia a las empinadas formaciones geol\u00f3gicas de la costa con calizas. Avent\u00farate en el parque para explorar cuevas como la Cueva de la Arena y la Cueva de la L\u00ednea. Puede combinar el recorrido en barco con el viaje de senderismo. Solo cont\u00e1ctenos.<\/p>\n<p>Le grotte della riserva furono utilizzate come rifugio dagli indiani Ta\u00edno e, successivamente, da pirati nascosti. Cerca disegni di indiani che decorano alcune pareti. Nella foresta pluviale ci sono pi\u00f9 di 700 specie di piante, cerchiamo di insegnare ai visitatori tutte le piante medicinali che conosciamo lungo questo percorso escursionistico.<\/p>\n<p>Vieni a imparare, fare escursioni e goderti la vera natura del Parco Nazionale Los Haitises.<\/p>\n<h3><em>Cosa dovresti portare?<\/em><\/h3>\n<ul>\n<li>Telecamera<\/li>\n<li>Repellenti<\/li>\n<li>Protezione solare<\/li>\n<li>Cappello<\/li>\n<li>Pantaloni comodi<\/li>\n<li>Scarpe da trekking nel bosco<\/li>\n<li>Sandali per le zone primaverili.<\/li>\n<li>Costume da bagno<\/li>\n<\/ul>\n<h3><em>Ritiro in hotel<\/em><\/h3>\n<p>Per questo tour non \u00e8 offerto il prelievo in hotel. Solo se ti trovi all&#039;Hotel Cano Hondo o negli hotel della zona di Sabana de la Mar.<\/p>\n<p><strong>Nota<\/strong>: Se prenoti entro 24 ore dall&#039;orario di partenza del tour\/escursione, possiamo organizzare il prelievo dall&#039;hotel con costi aggiuntivi da qualsiasi parte della Repubblica Dominicana. Una volta completato l&#039;acquisto, ti invieremo le informazioni di contatto complete (numero di telefono, indirizzo e-mail, ecc.) affinch\u00e9 la nostra guida turistica locale possa organizzare il ritiro.<\/p>\n<h3><em>Conferma di informazioni aggiuntive<\/em><\/h3>\n<ol>\n<li>I biglietti costituiscono la ricevuta dopo aver pagato per questo tour. Puoi mostrare il pagamento sul tuo telefono.<\/li>\n<li>Il punto d&#039;incontro verr\u00e0 ricevuto dopo il processo di prenotazione.<\/li>\n<li>I bambini devono essere accompagnati da un adulto.<\/li>\n<li>Non accessibile in sedia a rotelle<\/li>\n<li>I neonati devono sedersi nei seggiolini o con i genitori<\/li>\n<li>Non raccomandato per viaggiatori con problemi alla schiena.<\/li>\n<li>Non raccomandato per le donne incinte.<\/li>\n<li>Nessun problema cardiaco o altre condizioni mediche gravi.<\/li>\n<li>La maggior parte dei viaggiatori pu\u00f2 partecipare.<\/li>\n<\/ol>\n<h3><em>Politica di cancellazione<\/em><\/h3>\n<p>Per un rimborso completo, annulla almeno 24 ore prima della data di inizio dell&#039;esperienza. I fondi andranno persi se la prenotazione viene cancellata lo stesso giorno del viaggio.<\/p>\n<h2>Escursioni nella foresta pluviale e kayak<br \/>\nEscursione + Kayak Parco Nazionale Los Haitises<\/h2>\n<p>Questa esperienza richiede un minimo di 2 partecipanti. Se non hai 2 anni, non esitare a contattarci!<\/p>\n<h3>Contattaci?<\/h3>\n<p><em>Prenotazione Avventure<\/em><br \/>\nGuide turistiche locali e nazionali e servizi per gli ospiti<\/p>\n<p>Prenotazioni: Tours ed Escursioni in Dom. Reps.<\/p>\n<p>\ud83d\udcdeTel\/Whatsapp +1-809-720-6035.<\/p>\n<p>\ud83d\udce9 info@bookingadventures.com.do<\/p>\n<p>Siamo tour privati con configurazione flessibile tramite Whatsapp: +18097206035.<\/p>\n\n\t\t<\/div>\n\t<\/div>\n<\/div><\/div><\/div><\/div>","protected":false},"excerpt":{"rendered":"<p>Escursione di 3 ore e kayak tra le mangrovie del Parco Nazionale Los Haitises con una guida locale di Sabana de la mar. Visitare le aree della foresta pluviale, del cocco, del caff\u00e8 e del cacao. Scopri la storia originale del Parco Nazionale Los Haitises.<\/p>\n<p><strong>Seleziona la data per l&#039;escursione:<\/strong><\/p>","protected":false},"featured_media":515,"template":"","meta":[],"product_brand":[],"product_cat":[356,96,443,123,124],"product_tag":[341,206,129,130,412,413,221,414,415,152,153,198,133,416,215,217,417,223,114,418,148,143,419],"class_list":{"0":"post-548","1":"product","2":"type-product","3":"status-publish","4":"has-post-thumbnail","6":"product_cat-day-trips","7":"product_cat-hiking","8":"product_cat-tours-y-excursiones-es","9":"product_cat-tours-excursions-los-haitises-national-park","10":"product_cat-tours-excursions-samana-bay-dominican-republic","11":"product_tag-cano-hondo-sabana-de-la-mar","12":"product_tag-caves-los-haitises","13":"product_tag-eco-tours","14":"product_tag-excursion","15":"product_tag-hike-kayak","16":"product_tag-hike-kayak-los-haitises-national-park","17":"product_tag-hiking-los-haitises","18":"product_tag-hiking-sabana-de-la-mar","19":"product_tag-hiking-samana","20":"product_tag-kayak-tour","21":"product_tag-kayaking","22":"product_tag-kayaking-los-haitises","23":"product_tag-los-haitises-national-park","24":"product_tag-los-haitises-national-park-entrance-fee","25":"product_tag-los-haitises-national-park-tour-from-las-terrenas","26":"product_tag-los-haitises-national-park-tour-from-santo-domingo","27":"product_tag-los-haitises-national-park-weather","28":"product_tag-los-haitises-sabana-de-la-mar","29":"product_tag-sabana-de-la-mar","30":"product_tag-sabana-de-la-mar-tour","31":"product_tag-samana-excursions","32":"product_tag-samana-tours","33":"product_tag-secrets-of-los-haitises","35":"first","36":"instock","37":"sale","38":"sold-individually","39":"shipping-taxable","40":"product-type-external"},"_links":{"self":[{"href":"https:\/\/haitises.com\/it\/wp-json\/wp\/v2\/product\/548","targetHints":{"allow":["GET"]}}],"collection":[{"href":"https:\/\/haitises.com\/it\/wp-json\/wp\/v2\/product"}],"about":[{"href":"https:\/\/haitises.com\/it\/wp-json\/wp\/v2\/types\/product"}],"wp:featuredmedia":[{"embeddable":true,"href":"https:\/\/haitises.com\/it\/wp-json\/wp\/v2\/media\/515"}],"wp:attachment":[{"href":"https:\/\/haitises.com\/it\/wp-json\/wp\/v2\/media?parent=548"}],"wp:term":[{"taxonomy":"product_brand","embeddable":true,"href":"https:\/\/haitises.com\/it\/wp-json\/wp\/v2\/product_brand?post=548"},{"taxonomy":"product_cat","embeddable":true,"href":"https:\/\/haitises.com\/it\/wp-json\/wp\/v2\/product_cat?post=548"},{"taxonomy":"product_tag","embeddable":true,"href":"https:\/\/haitises.com\/it\/wp-json\/wp\/v2\/product_tag?post=548"}],"curies":[{"name":"wp","href":"https:\/\/api.w.org\/{rel}","templated":true}]}}