{"id":543,"date":"2020-06-14T19:18:13","date_gmt":"2020-06-14T19:18:13","guid":{"rendered":"http:\/\/haitises.com\/?post_type=product&#038;p=543"},"modified":"2024-08-22T05:45:22","modified_gmt":"2024-08-22T05:45:22","slug":"parco-nazionale-los-haitises-dal-porto-di-samana","status":"publish","type":"product","link":"https:\/\/haitises.com\/it\/privato\/parco-nazionale-los-haitises-dal-porto-di-samana\/","title":{"rendered":"Parco Nazionale Los Haitises dal porto di Saman\u00e1"},"content":{"rendered":"<div class=\"vc_row wpb_row vc_row-fluid\" ><div class=\"wpb_column vc_column_container vc_col-sm-12\"><div class=\"vc_column-inner\"><div class=\"wpb_wrapper\">\n\t<div class=\"wpb_text_column wpb_content_element\" >\n\t\t<div class=\"wpb_wrapper\">\n\t\t\t<h2>Parco Nazionale Los Haitises (Baia di Saman\u00e1) dal porto di Saman\u00e1<\/h2>\n<ul>\n<li>Escursione in barca al Parco Nazionale Los Haitises<br \/>\n<h3>Descrizione<\/h3>\n<p>Visita il Parco Nazionale Los Haitises dal porto di Saman\u00e1. Vieni con noi e visita il parco nazionale pi\u00f9 bello della Repubblica Dominicana, visitando le mangrovie, le grotte e la Baia di San Lorenzo, oltre ad attraversare la bellissima Baia di Saman\u00e1. Quindi ritorno al porto di Saman\u00e1.<\/li>\n<\/ul>\n<p>Dopo questa esperienza, tornerai al porto di Saman\u00e1.<\/p>\n<ul>\n<li>Tasse incluse<br \/>\nLa guida fornisce istruzioni e supervisione.<\/li>\n<li>Inclusioni ed esclusioni<\/li>\n<\/ul>\n<h3>Inclusioni<\/h3>\n<ol>\n<li>Tour di Los Haitises + Grotte e pittogrammi<\/li>\n<li>Tutte le tasse, commissioni e spese di gestione.<\/li>\n<li>Tasse locali<\/li>\n<li>Bevande<\/li>\n<li>Tutte le attivit\u00e0<\/li>\n<li>Guida locale<\/li>\n<\/ol>\n<h3>Esclusioni<\/h3>\n<ol>\n<li>Suggerimenti<\/li>\n<li>Trasferimento<\/li>\n<li>Bevande alcoliche<\/li>\n<li>Pranzo non incluso, il pranzo prevede la scelta di uno di questi viaggi: Los Haitises + Cayo Levantado dal porto di Saman\u00e1 oppure Los Haitises + Cano Hondo dal porto di Saman\u00e1.<\/li>\n<\/ol>\n<h3>Partenza e ritorno<\/h3>\n<p>Il viaggiatore otterr\u00e0 un punto d&#039;incontro dopo il processo di prenotazione. I tour iniziano e finiscono nei nostri punti di incontro.<\/p>\n<h3>Cosa aspettarsi?<\/h3>\n<p>Ottieni i tuoi biglietti per visitare il Parco Nazionale Los Haitises con un meraviglioso pranzo a Ca\u00f1o Hondo e nuotando nelle sorgenti naturali.<\/p>\n<p>Partendo dal porto di Saman\u00e1 a bordo di una barca o catamarano con una guida turistica locale, attraverseremo la baia di Saman\u00e1 accanto a Sabana de la Mar per visitare uno dei parchi nazionali pi\u00f9 belli della Repubblica Dominicana. Parco nazionale di Haitises.<\/p>\n<p>Visitare l&#039;isola con gli uccelli in giro. Durante la stagione della nidificazione possiamo vedere anche i pulcini di pellicano nei nidi. Addentrati nell&#039;isola rocciosa e visita le grotte con pittogrammi e petrografi degli indigeni.<\/p>\n<p>El recorrido, organizado por \u00abBooking Adventures\u00bb, comienza en el punto de encuentro establecido con el gu\u00eda tur\u00edstico. Ven con Booking Adventures y comienza a observar algunos manglares llenos de p\u00e1jaros, colinas onduladas de exuberante vegetaci\u00f3n y cuevas del Parque Nacional Los Haitises.<\/p>\n<p>Attraverso le mangrovie e la terra nell&#039;aperta Baia di San Lorenzo, da dove \u00e8 possibile fotografare l&#039;aspro paesaggio forestale. Guarda nell&#039;acqua per vedere lamantini, crostacei e delfini.<\/p>\n<p>El nombre del parque nacional proviene de sus habitantes originales, los indios ta\u00ednos. En su idioma, \u00abHaitises\u00bb se traduce en tierras altas o colinas, una referencia a las empinadas formaciones geol\u00f3gicas de la costa con calizas. Avent\u00farate en el parque para explorar cuevas como la Cueva de la Arena y la Cueva de la L\u00ednea. Las cuevas en la reserva fueron utilizadas como refugio por los indios ta\u00ednos y, m\u00e1s tarde, por los piratas escondidos. Busque dibujos de indios que decoran algunas de las paredes. Despu\u00e9s de visitar el Parque Nacional Los Haitises, regresaremos al puerto de Saman\u00e1 pasando la bah\u00eda de Saman\u00e1 30 minutos.<\/p>\n<p>Nel caso in cui questo viaggio ti piaccia di pi\u00f9, abbiamo queste opzioni:<\/p>\n<p>Los Haitises + Cayo Levantado dal porto di Saman\u00e1.<br \/>\nLos Haitises + Cano Hondo dal porto di Saman\u00e1.<\/p>\n<h3>Cosa dovresti portare?<\/h3>\n<ul>\n<li>Telecamera<\/li>\n<li>germogli repellenti<\/li>\n<li>protezione solare<\/li>\n<li>Cappello<\/li>\n<li>Pantaloni comodi<\/li>\n<li>Scarpe da trekking nel bosco<\/li>\n<li>Sandali per le zone primaverili.<\/li>\n<li>vestito da bagno<\/li>\n<\/ul>\n<h3>Ritiro in hotel<\/h3>\n<p>Per questo tour non \u00e8 offerto il prelievo in hotel.<\/p>\n<p>Nota: se prenoti entro 24 ore dall&#039;orario di partenza del tour\/escursione, possiamo organizzare il prelievo dall&#039;hotel a un costo aggiuntivo. Una volta completato l&#039;acquisto, ti invieremo le informazioni di contatto complete (numero di telefono, indirizzo e-mail, ecc.) affinch\u00e9 la nostra guida turistica locale possa organizzare il ritiro.<\/p>\n<h3>Conferma di informazioni aggiuntive<\/h3>\n<ol>\n<li>I biglietti costituiscono la ricevuta dopo aver pagato per questo tour. Puoi mostrare il pagamento sul tuo telefono.<\/li>\n<li>Il punto d&#039;incontro verr\u00e0 ricevuto dopo il processo di prenotazione.<\/li>\n<li>I bambini devono essere accompagnati da un adulto.<\/li>\n<li>Non accessibile in sedia a rotelle<\/li>\n<li>I neonati dovrebbero sedersi sulle ginocchia<\/li>\n<li>Non raccomandato per viaggiatori con problemi alla schiena.<\/li>\n<li>Non raccomandato per i viaggiatori in gravidanza.<\/li>\n<li>Nessun problema cardiaco o altre condizioni mediche gravi.<\/li>\n<li>La maggior parte dei viaggiatori pu\u00f2 partecipare.<\/li>\n<\/ol>\n<h3>Politica di cancellazione<\/h3>\n<p>Per un rimborso completo, annulla almeno 24 ore prima della data di inizio dell&#039;esperienza.<\/p>\n<h3>Contattaci?<\/h3>\n<p>Prenotazione Avventure<br \/>\nGuide turistiche locali e nazionali e servizi per gli ospiti<\/p>\n<p>Prenotazioni: Tours ed Escursioni in Dom. Rep.<\/p>\n<p>\ud83d\udcdeTel\/Whatsapp +1-809-720-6035.<\/p>\n<p>\ud83d\udce9 info@bookingadventures.com.do<\/p>\n<p>Facciamo tour privati con flessibilit\u00e0 tramite Whatsapp: +18097206035.<\/p>\n\n\t\t<\/div>\n\t<\/div>\n<\/div><\/div><\/div><\/div><div class=\"vc_row wpb_row vc_row-fluid\" ><div class=\"wpb_column vc_column_container vc_col-sm-12\"><div class=\"vc_column-inner\"><div class=\"wpb_wrapper\"><div class=\"vc_empty_space\"   style=\"height: 32px\"><span class=\"vc_empty_space_inner\"><\/span><\/div>\n\t<div class=\"wpb_video_widget wpb_content_element vc_clearfix   vc_video-aspect-ratio-169 vc_video-el-width-100 vc_video-align-left\" >\n\t\t<div class=\"wpb_wrapper\">\n\t\t\t<h2 class=\"wpb_heading wpb_video_heading\">Los Haitises e altro...<\/h2>\n\t\t\t<div class=\"wpb_video_wrapper\"><iframe loading=\"lazy\" title=\"Repubblica Dominicana - Grotte di Los Haitises (Tainos), pittogrammi e petroglifi\" width=\"1100\" height=\"619\" src=\"https:\/\/www.youtube.com\/embed\/o_ExYqtOlH8?feature=oembed\" frameborder=\"0\" allow=\"accelerometer; autoplay; encrypted-media; gyroscope; picture-in-picture\" allowfullscreen><\/iframe><\/div>\n\t\t<\/div>\n\t<\/div>\n<\/div><\/div><\/div><\/div>","protected":false},"excerpt":{"rendered":"<p>Viaggio ecologico al Parco Nazionale Los Haitises con una guida locale. Visita alle Keys nel Parco Nazionale Los Haitises, mangrovie, vegetazione, birdwatching, grotte, pittogrammi e le aree storiche della Sabana de la Mar nel Parco Nazionale Los Haitises.<\/p>\n<p>&nbsp;<\/p>\n<p><strong>Seleziona la data della tua visita:<\/strong><\/p>","protected":false},"featured_media":225,"template":"","meta":[],"product_brand":[],"product_cat":[121,435,430,443],"product_tag":[132,133,432,142,148,143],"class_list":{"0":"post-543","1":"product","2":"type-product","3":"status-publish","4":"has-post-thumbnail","6":"product_cat-mangroves","7":"product_cat-manglares","8":"product_cat-parque-nacional-los-haitises-samana","9":"product_cat-tours-y-excursiones-es","10":"product_tag-los-haitises","11":"product_tag-los-haitises-national-park","12":"product_tag-parque-nacional-los-haitises-samana","13":"product_tag-samana","14":"product_tag-samana-excursions","15":"product_tag-samana-tours","17":"first","18":"instock","19":"sale","20":"sold-individually","21":"shipping-taxable","22":"product-type-external"},"_links":{"self":[{"href":"https:\/\/haitises.com\/it\/wp-json\/wp\/v2\/product\/543","targetHints":{"allow":["GET"]}}],"collection":[{"href":"https:\/\/haitises.com\/it\/wp-json\/wp\/v2\/product"}],"about":[{"href":"https:\/\/haitises.com\/it\/wp-json\/wp\/v2\/types\/product"}],"wp:featuredmedia":[{"embeddable":true,"href":"https:\/\/haitises.com\/it\/wp-json\/wp\/v2\/media\/225"}],"wp:attachment":[{"href":"https:\/\/haitises.com\/it\/wp-json\/wp\/v2\/media?parent=543"}],"wp:term":[{"taxonomy":"product_brand","embeddable":true,"href":"https:\/\/haitises.com\/it\/wp-json\/wp\/v2\/product_brand?post=543"},{"taxonomy":"product_cat","embeddable":true,"href":"https:\/\/haitises.com\/it\/wp-json\/wp\/v2\/product_cat?post=543"},{"taxonomy":"product_tag","embeddable":true,"href":"https:\/\/haitises.com\/it\/wp-json\/wp\/v2\/product_tag?post=543"}],"curies":[{"name":"wp","href":"https:\/\/api.w.org\/{rel}","templated":true}]}}