{"id":11700,"date":"2023-10-04T07:40:34","date_gmt":"2023-10-04T07:40:34","guid":{"rendered":"http:\/\/haitises.com\/?post_type=product&#038;p=11700"},"modified":"2024-03-28T19:42:53","modified_gmt":"2024-03-28T19:42:53","slug":"hiking-trails-in-barahona-dominican-republic-cachote-mountains-tropical-fruits-swim-3","status":"publish","type":"product","link":"https:\/\/haitises.com\/it\/privato\/hiking-trails-in-barahona-dominican-republic-cachote-mountains-tropical-fruits-swim-3\/","title":{"rendered":"Sentieri escursionistici a Barahona (Repubblica Dominicana). Montagne Cachote, frutti tropicali e nuotata"},"content":{"rendered":"<p><span style=\"vertical-align: inherit;\"><span style=\"vertical-align: inherit;\"><div class=\"vc_row wpb_row vc_row-fluid\" ><\/div> <div class=\"wpb_column vc_column_container vc_col-sm-12\"><div class=\"vc_column-inner\"><div class=\"wpb_wrapper\"><\/div><\/div><\/div> [mkdf_section_title title_tag = \u00ab\u00bb disable_break_words = \u00abno\u00bb subtitle_tag = \u00ab\u00bb title = \u00abRutas de senderismo en Barahona (Rep\u00fablica Dominicana).\u00bb <\/span><span style=\"vertical-align: inherit;\">subtitle = \u00abMonta\u00f1as de Cachote, frutas tropicales y nado\u00bb] [\/ vc_column] [\/ vc_row] <div class=\"vc_row wpb_row vc_row-fluid\" ><\/div> <div class=\"wpb_column vc_column_container vc_col-sm-12\"><div class=\"vc_column-inner\"><div class=\"wpb_wrapper\"><\/div><\/div><\/div> \n\t<div class=\"wpb_text_column wpb_content_element\" >\n\t\t<div class=\"wpb_wrapper\">\n\t\t\t\n\t\t<\/div>\n\t<\/div>\n<\/span><\/span><\/p>\n<h4><b><i><span style=\"vertical-align: inherit;\"><span style=\"vertical-align: inherit;\">Visi\u00f3n general<\/span><\/span><\/i><\/b><\/h4>\n<p><span style=\"vertical-align: inherit;\"><span style=\"vertical-align: inherit;\">Disfruta de un d\u00eda de caminata en la Sierra de Cachote, Barahona. <\/span><span style=\"vertical-align: inherit;\">Partiendo de Paraiso Comunity. <\/span><span style=\"vertical-align: inherit;\">Aprendiendo sobre \u00e1reas de plantaciones de caf\u00e9. <\/span><span style=\"vertical-align: inherit;\">Nadar en manantiales naturales y una de las playas m\u00e1s hermosas de Rep\u00fablica Dominicana con fotos esc\u00e9nicas.<\/span><\/span><\/p>\n<h4><b><span style=\"vertical-align: inherit;\"><span style=\"vertical-align: inherit;\">Inclusioni ed esclusioni<\/span><\/span><\/b><\/h4>\n<p>&nbsp;<\/p>\n<p><b><span style=\"vertical-align: inherit;\"><span style=\"vertical-align: inherit;\">Inclusioni<\/span><\/span><\/b><\/p>\n<ol>\n<li><span style=\"vertical-align: inherit;\"><span style=\"vertical-align: inherit;\">Gu\u00eda local con experiencia en seguridad en la zona.<\/span><\/span><\/li>\n<li><span style=\"vertical-align: inherit;\"><span style=\"vertical-align: inherit;\">Transporte privado para grupos peque\u00f1os.<\/span><\/span><\/li>\n<li><span style=\"vertical-align: inherit;\"><span style=\"vertical-align: inherit;\">Todos los impuestos, tarifas y cargos por manejo.<\/span><\/span><\/li>\n<li><span style=\"vertical-align: inherit;\"><span style=\"vertical-align: inherit;\">Recojo \/ Transporte de su hotel (zona de Barahona \/ Para\u00edso \/ Los Patos)<\/span><\/span><\/li>\n<li><span style=\"vertical-align: inherit;\"><span style=\"vertical-align: inherit;\">Gu\u00eda local que habla ingl\u00e9s o franc\u00e9s.<\/span><\/span><\/li>\n<li>Typical lunch (sandwiches type) and a bottle of water<\/li>\n<li>Tasse locali<\/li>\n<li>Escursionismo<\/li>\n<li>Piscine naturali<\/li>\n<\/ol>\n<p><b>Esclusioni<\/b><\/p>\n<ol>\n<li>Mance<\/li>\n<li>Tutte le bevande<\/li>\n<li>All services not specifically mentioned<\/li>\n<li>Personal expenses and tips<\/li>\n<\/ol>\n<h4><em><strong>Partenza e ritorno<\/strong><\/em><\/h4>\n<p>Il viaggiatore otterr\u00e0 un punto d&#039;incontro dopo il processo di prenotazione. I tour iniziano e finiscono nei punti di incontro.<\/p>\n<p>Difficulty: Medium-Difficult<br \/>\nDuration of the walk: 5-6 hours<br \/>\nElevation: 800 meters<br \/>\nDeparture from the Hotel: 08.00 AM<br \/>\nReturn to the Hotel: 05.00 PM<\/p>\n<h2 class=\"styles__heading___mD4_3\" data-radium=\"true\">Hiking trails in Barahona (Dominican Republic). Cachote Mountains, Tropical Fruits &amp; Swim<\/h2>\n<h4><em>Cosa aspettarsi?<\/em><\/h4>\n<p>We will start this walk in the town of Ojeda, which is famous for its great production of typical Caribbean fruits and vegetables. Along the way, we can taste avocados, oranges, grapefruits, lemons, guavas, mangoes, papayas, sapotes, and soursop!<\/p>\n<p>After 1 hour and a half of climbing, we will reach an impressive point of view over the town of Para\u00edso, the Riosito, and the high mountains of Cachote.<\/p>\n<p>We will continue climbing in a colder and more humid climate until we reach the town of Barrio Nuevo where we will have lunch.<\/p>\n<p>In the afternoon we will cross a magnificent coffee farm on top of the mountain at 800 meters above sea level. Then we will go down for 1 hour until we reach the Riosito gorge where we can bathe in a beautiful natural pool surrounded by the tropical forest.<\/p>\n<p>Continue walking through the Riosito valley to end the day bathing at Paraiso beach.<\/p>\n<h4><em><strong>Cosa dovresti portare?<\/strong><\/em><\/h4>\n<ul>\n<li>telecamera<\/li>\n<li>Boccioli repellenti<\/li>\n<li>crema solare<\/li>\n<li>Toilette<\/li>\n<li>Cappello<\/li>\n<li>Pantaloni comodi<\/li>\n<li>Scarpe da trekking per la foresta<\/li>\n<li>Sandali per le zone primaverili.<\/li>\n<li>Abbigliamento da bagno<\/li>\n<\/ul>\n<p>&nbsp;<\/p>\n<h4><b><i>Prelievo dall&#039;hotel<\/i><\/b><\/h4>\n<p>Hotel pick-up is offered for this tour. Pickup\/Transportation from your hotel (area of Barahona\/Paraiso\/Los Patos).<\/p>\n<p><b>Nota:<\/b> If you are booking within 24 hours of the tour\/Excursion departure time, we can arrange hotel pick-up. We just pick up in Barahona areas. Once your purchase is complete, we will send you complete contact information (phone number, email address, etc.) for our local Tour guide to organize pick-up arrangements.<\/p>\n<h4><b><i>Conferma di informazioni aggiuntive<\/i><\/b><\/h4>\n<ol>\n<li>I biglietti rappresentano la ricevuta dopo aver pagato questo tour. Puoi mostrare il pagamento sul tuo telefono.<\/li>\n<li><span style=\"vertical-align: inherit;\"><span style=\"vertical-align: inherit;\">Il punto d&#039;incontro verr\u00e0 ricevuto dopo il processo di prenotazione.<\/span><\/span><\/li>\n<li><span style=\"vertical-align: inherit;\"><span style=\"vertical-align: inherit;\">I bambini devono essere accompagnati da un adulto.<\/span><\/span><\/li>\n<li><span style=\"vertical-align: inherit;\"><span style=\"vertical-align: inherit;\">Non accessibile in sedia a rotelle<\/span><\/span><\/li>\n<li><span style=\"vertical-align: inherit;\"><span style=\"vertical-align: inherit;\">Los beb\u00e9s deben sentarse en el regazo<\/span><\/span><\/li>\n<li><span style=\"vertical-align: inherit;\"><span style=\"vertical-align: inherit;\">Non raccomandato per viaggiatori con problemi alla schiena.<\/span><\/span><\/li>\n<li><span style=\"vertical-align: inherit;\"><span style=\"vertical-align: inherit;\">No recomendado para viajeras embarazadas.<\/span><\/span><\/li>\n<li><span style=\"vertical-align: inherit;\"><span style=\"vertical-align: inherit;\">Sin problemas card\u00edacos ni otras afecciones m\u00e9dicas graves<\/span><\/span><\/li>\n<li><span style=\"vertical-align: inherit;\"><span style=\"vertical-align: inherit;\">La maggior parte dei viaggiatori pu\u00f2 partecipare<\/span><\/span><\/li>\n<\/ol>\n<h4><b><i><span style=\"vertical-align: inherit;\"><span style=\"vertical-align: inherit;\">Politica di cancellazione<\/span><\/span><\/i><\/b><\/h4>\n<p><span style=\"vertical-align: inherit;\"><span style=\"vertical-align: inherit;\">Para obtener un reembolso completo, cancele al menos 72 horas antes de la fecha de inicio de la experiencia. <\/span><span style=\"vertical-align: inherit;\">Los fondos se perder\u00e1n si la reserva se cancela el mismo d\u00eda del viaje. [\/ Vc_column_text] [\/ vc_column] [\/ vc_row]<\/span><\/span><\/p>","protected":false},"excerpt":{"rendered":"<p><span style=\"vertical-align: inherit;\"><span style=\"vertical-align: inherit;\">Acquista un biglietto giornaliero per Bahia las Aguilas da Barahona. <\/span><span style=\"vertical-align: inherit;\">Attraversando il Parco Nazionale di Jaragua si arriva a Cabo Rojo, dove vi aspetta una barca. <\/span><span style=\"vertical-align: inherit;\">Dopo un giro in barca di 15 minuti, arriverete alla bellissima e appartata Bahia de las Aguilas, considerata la spiaggia pi\u00f9 bella del Paese. <\/span><span style=\"vertical-align: inherit;\">Il pranzo sar\u00e0 servito sulla spiaggia e avrete la possibilit\u00e0 di nuotare o semplicemente rilassarvi sulla spiaggia. <\/span><span style=\"vertical-align: inherit;\">Godetevi la sabbia bianca incontaminata di questa spiaggia lunga 8 km.<\/span><\/span><\/p>\n<p>&nbsp;<\/p>\n<p><strong><span style=\"vertical-align: inherit;\"><span style=\"vertical-align: inherit;\">Selezionare il giorno per questo viaggio:<\/span><\/span><\/strong><\/p>","protected":false},"featured_media":11131,"template":"","meta":[],"product_brand":[],"product_cat":[478,135],"product_tag":[479,407,480,481],"class_list":{"0":"post-11700","1":"product","2":"type-product","3":"status-publish","4":"has-post-thumbnail","6":"product_cat-barahona","7":"product_cat-lunch","8":"product_tag-barahona-hiking","9":"product_tag-barahona-tours","10":"product_tag-cachote-tour","11":"product_tag-paraiso-tour","13":"first","14":"instock","15":"sale","16":"sold-individually","17":"shipping-taxable","18":"product-type-external"},"_links":{"self":[{"href":"https:\/\/haitises.com\/it\/wp-json\/wp\/v2\/product\/11700","targetHints":{"allow":["GET"]}}],"collection":[{"href":"https:\/\/haitises.com\/it\/wp-json\/wp\/v2\/product"}],"about":[{"href":"https:\/\/haitises.com\/it\/wp-json\/wp\/v2\/types\/product"}],"wp:featuredmedia":[{"embeddable":true,"href":"https:\/\/haitises.com\/it\/wp-json\/wp\/v2\/media\/11131"}],"wp:attachment":[{"href":"https:\/\/haitises.com\/it\/wp-json\/wp\/v2\/media?parent=11700"}],"wp:term":[{"taxonomy":"product_brand","embeddable":true,"href":"https:\/\/haitises.com\/it\/wp-json\/wp\/v2\/product_brand?post=11700"},{"taxonomy":"product_cat","embeddable":true,"href":"https:\/\/haitises.com\/it\/wp-json\/wp\/v2\/product_cat?post=11700"},{"taxonomy":"product_tag","embeddable":true,"href":"https:\/\/haitises.com\/it\/wp-json\/wp\/v2\/product_tag?post=11700"}],"curies":[{"name":"wp","href":"https:\/\/api.w.org\/{rel}","templated":true}]}}