{"id":11647,"date":"2023-10-04T07:39:47","date_gmt":"2023-10-04T07:39:47","guid":{"rendered":"http:\/\/haitises.com\/?post_type=product&#038;p=11647"},"modified":"2024-04-01T15:37:17","modified_gmt":"2024-04-01T15:37:17","slug":"el-limon-waterfall-and-bacardi-island-cayo-levantado-tour-from-punta-cana-hotels-3","status":"publish","type":"product","link":"https:\/\/haitises.com\/it\/privato\/el-limon-waterfall-and-bacardi-island-cayo-levantado-tour-from-punta-cana-hotels-3\/","title":{"rendered":"El Lim\u00f3n Waterfall and Bacardi Island (Cayo Levantado) Tour from Punta Cana Hotels"},"content":{"rendered":"<div class=\"vc_row wpb_row vc_row-fluid\" ><div class=\"wpb_column vc_column_container vc_col-sm-12\"><div class=\"vc_column-inner\"><div class=\"wpb_wrapper\">[mkdf_section_title title_tag=\u00bb\u00bb disable_break_words=\u00bbno\u00bb subtitle_tag=\u00bb\u00bb title=\u00bbEl Limon Waterfall &amp; Bacardi Island from Punta Cana Hotels\u00bb subtitle=\u00bb(Pick-up in Punta Cana)\u00bb]<\/div><\/div><\/div><\/div><div class=\"vc_row wpb_row vc_row-fluid\" ><div class=\"wpb_column vc_column_container vc_col-sm-12\"><div class=\"vc_column-inner\"><div class=\"wpb_wrapper\"><div class=\"vc_btn3-container vc_btn3-inline\" ><button class=\"vc_general vc_btn3 vc_btn3-size-md vc_btn3-shape-rounded vc_btn3-style-modern vc_btn3-color-green\">PRENOTA ORA<\/button><\/div>\n\t<div class=\"wpb_text_column wpb_content_element\" >\n\t\t<div class=\"wpb_wrapper\">\n\t\t\t<h4><b><i>Panoramica <\/i><\/b><\/h4>\n<p>If you are in Punta Cana or Bavaro, Looking for a day trip paying less than normal. Book this trip with a pick up at your hotel in Punta Cana. Bus will tak eyou to Sabana de la mar where we take catamaran to pass Samana bay . Visiting Samana community on Safari to arrive in El Lim\u00f3n Comunity, Horse riding or Hiking to the Waterfalls after crossing Samana Bay and Luch time at Bacardi Island. This trip Starts at 6: 00 am and finish at 6:30 pm.<\/p>\n<p>After this experience, you will get Back to Your Hotel.<\/p>\n<ul>\n<li style=\"font-weight: 400;\">Commissioni incluse<\/li>\n<li>Lunch at the beach included<\/li>\n<li>Transfer incluided<\/li>\n<li style=\"font-weight: 400;\"><span style=\"font-weight: 400;\">La guida fornisce istruzioni e supervisione<\/span><\/li>\n<\/ul>\n<p>&nbsp;<\/p>\n<h4><b>Inclusioni ed esclusioni<\/b><\/h4>\n<p>&nbsp;<\/p>\n<p><b>Inclusioni<\/b><\/p>\n<p>&nbsp;<\/p>\n<ol>\n<li style=\"font-weight: 400;\">Hotel pick up<\/li>\n<li style=\"font-weight: 400;\">Saman\u00e1 Bay<\/li>\n<li>Bacardi Island, Beach, and Lunch<\/li>\n<li>Safari to El Lim\u00f3n<\/li>\n<li>Horse riding or Hiking to Waterfalls<\/li>\n<li>Dominicans Cocktails<\/li>\n<li style=\"font-weight: 400;\"><span style=\"font-weight: 400;\">Tutte le tasse, commissioni e spese di gestione<\/span><\/li>\n<li style=\"font-weight: 400;\"><span style=\"font-weight: 400;\">Tasse locali<\/span><\/li>\n<li style=\"font-weight: 400;\"><span style=\"font-weight: 400;\">Bevande<\/span><\/li>\n<li style=\"font-weight: 400;\"><span style=\"font-weight: 400;\">Tutte le attivit\u00e0<\/span><\/li>\n<li style=\"font-weight: 400;\"><span style=\"font-weight: 400;\">Guida locale<\/span><\/li>\n<\/ol>\n<p><b> Esclusioni<\/b><\/p>\n<ol>\n<li style=\"font-weight: 400;\"><span style=\"font-weight: 400;\">Mance<\/span><\/li>\n<li style=\"font-weight: 400;\"><span style=\"font-weight: 400;\">Alcoholic Drinks after Cocktails\u00a0<\/span><\/li>\n<\/ol>\n<p>&nbsp;<\/p>\n<h4><em><strong>Partenza e ritorno<\/strong><\/em><\/h4>\n<p><span style=\"font-weight: 400;\">Il viaggiatore otterr\u00e0 un punto d&#039;incontro dopo il processo di prenotazione. I tour iniziano e finiscono nei nostri punti di incontro.<\/span><\/p>\n<p>&nbsp;<\/p>\n<h4><b><i>Cosa aspettarsi?<\/i><\/b><\/h4>\n<p>&nbsp;<\/p>\n<p><em><strong>Ottieni i tuoi biglietti<\/strong><\/em> for visiting The Waterfalls on Horses riding or Hiking, Safari Saman\u00e1, Swimming at the Natural Springs from the waterfalls lunch at Bacardi island plus Beach Time.<\/p>\n<p>Starting from Punta Cana on Bus we will drive to Samana bay port. In the Port we get onboard of a Boat or Catamaran with a Local tour guide we pass Saman\u00e1 Bay to Saman\u00e1 community. Taking a Safari with a local tour guide to talk about Saman\u00e1 history until arrive in El Limon Comunity. In El Lim\u00f3n Comunity we start hiking or Horse riding by El Limon waterfalls forest to the El Lim\u00f3n Waterfalls. Where when we arrive we can swim!\u00a0 After back to Safari to go to Samana port. Visit Bacardi island for lunch on the beach and swimming in one of the most beautiful islands from the Dominican Republic.<\/p>\n<p>In Case you will like this trip longer or Shorter just contact Us&#8230;<\/p>\n<p>&nbsp;<\/p>\n<p>&nbsp;<\/p>\n<h4><em><strong>Cosa dovresti portare?<\/strong><\/em><\/h4>\n<ul>\n<li style=\"font-weight: 400;\"><span style=\"font-weight: 400;\">telecamera<\/span><\/li>\n<li style=\"font-weight: 400;\"><span style=\"font-weight: 400;\">Boccioli repellenti<\/span><\/li>\n<li style=\"font-weight: 400;\"><span style=\"font-weight: 400;\">crema solare<\/span><\/li>\n<li style=\"font-weight: 400;\"><span style=\"font-weight: 400;\">Cappello<\/span><\/li>\n<li style=\"font-weight: 400;\"><span style=\"font-weight: 400;\">Pantaloni comodi<\/span><\/li>\n<li style=\"font-weight: 400;\"><span style=\"font-weight: 400;\">Scarpe da trekking per la foresta<\/span><\/li>\n<li style=\"font-weight: 400;\"><span style=\"font-weight: 400;\">Sandali per le zone primaverili.<\/span><\/li>\n<li style=\"font-weight: 400;\"><span style=\"font-weight: 400;\">Abbigliamento da bagno<\/span><\/li>\n<\/ul>\n<p>&nbsp;<\/p>\n<h4><b><i>Prelievo dall&#039;hotel <\/i><\/b><\/h4>\n<p><span style=\"font-weight: 400;\">Traveler pickup is offered!<\/span><\/p>\n<p><span style=\"font-weight: 400;\">We do pick up from all the Hotels in Punta Cana. Pick up Location is Hotel Lobby<br \/>\nIf you are staying at a condo in the area, we will be picking you up at the condo or at the entrance of the closest resort.. We set Pick up contacting us by Whatsapp.<\/span><\/p>\n<p><b>Nota:<\/b><span style=\"font-weight: 400;\"> Se hai prenotato entro 24 ore dall&#039;orario di partenza del tour\/escursione, possiamo organizzare il prelievo in hotel. Una volta completato l&#039;acquisto, ti invieremo le informazioni di contatto complete (numero di telefono, indirizzo e-mail, ecc.) affinch\u00e9 la nostra guida turistica locale possa organizzare le modalit\u00e0 di ritiro.<\/span><\/p>\n<h4><b><i>Conferma di informazioni aggiuntive <\/i><\/b><\/h4>\n<ol>\n<li>I biglietti rappresentano la ricevuta dopo aver pagato questo tour. Puoi mostrare il pagamento sul tuo telefono.<\/li>\n<li style=\"font-weight: 400;\"><span style=\"font-weight: 400;\">Il punto d&#039;incontro verr\u00e0 ricevuto dopo il processo di prenotazione.<\/span><\/li>\n<li style=\"font-weight: 400;\"><span style=\"font-weight: 400;\">I bambini devono essere accompagnati da un adulto.<\/span><\/li>\n<li style=\"font-weight: 400;\"><span style=\"font-weight: 400;\"> Non accessibile in sedia a rotelle <\/span><\/li>\n<li style=\"font-weight: 400;\"><span style=\"font-weight: 400;\">I neonati devono sedersi sulle ginocchia <\/span><\/li>\n<li style=\"font-weight: 400;\"><span style=\"font-weight: 400;\">Non raccomandato per viaggiatori con problemi alla schiena<\/span><\/li>\n<li style=\"font-weight: 400;\"><span style=\"font-weight: 400;\">Non raccomandato per i viaggiatori in gravidanza <\/span><\/li>\n<li style=\"font-weight: 400;\"><span style=\"font-weight: 400;\"> Nessun problema cardiaco o altre condizioni mediche gravi <\/span><\/li>\n<li style=\"font-weight: 400;\"><span style=\"font-weight: 400;\">La maggior parte dei viaggiatori pu\u00f2 partecipare<\/span><\/li>\n<\/ol>\n<h4><b><i>Politica di cancellazione<\/i><\/b><\/h4>\n<p>For a full refund, please read our Cancellations policies\u00a0<a href=\"https:\/\/www.ticketswhales.com\/online-booking\/\" target=\"_blank\" rel=\"noopener\" data-saferedirecturl=\"https:\/\/www.google.com\/url?q=https:\/\/www.ticketswhales.com\/online-booking\/&amp;source=gmail&amp;ust=1672449202351000&amp;usg=AOvVaw1yAeVAPktmaVCqDujgUn90\">Click here<\/a>. Funds will be lost if the reservation is cancelled the same day of the trip.<\/p>\n\n\t\t<\/div>\n\t<\/div>\n<\/div><\/div><\/div><\/div><div class=\"vc_row wpb_row vc_row-fluid\" ><div class=\"wpb_column vc_column_container vc_col-sm-12\"><div class=\"vc_column-inner\"><div class=\"wpb_wrapper\"><div class=\"vc_empty_space\"   style=\"height: 32px\"><span class=\"vc_empty_space_inner\"><\/span><\/div>\n\t<div class=\"wpb_text_column wpb_content_element\" >\n\t\t<div class=\"wpb_wrapper\">\n\t\t\t<h4>Contattaci?<\/h4>\n<h5><em><strong>Prenotazione Avventure<\/strong><\/em><\/h5>\n<p><em><strong>Gente del posto<\/strong> E <strong>Nazionali<\/strong> Guide turistiche e servizi per gli ospiti<\/em><\/p>\n<p><span class=\"text-turquoise\">Prenotazioni:<\/span> Tour ed escursioni a Rep. Dom.<\/p>\n<p><img decoding=\"async\" class=\"emoji\" draggable=\"false\" src=\"https:\/\/s.w.org\/images\/core\/emoji\/11.2.0\/svg\/1f4de.svg\" alt=\"\ud83d\udcde\" title=\"\"> Tel\/Whatsapp\u00a0 <a href=\"tel:+1-809-720-6035\">+1-809-720-6035<\/a>.<\/p>\n<p><img decoding=\"async\" class=\"emoji\" draggable=\"false\" src=\"https:\/\/s.w.org\/images\/core\/emoji\/11.2.0\/svg\/1f4e9.svg\" alt=\"\ud83d\udce9\" title=\"\"> <a href=\"mailto:info@bookingadventures.com.do\">info@bookingadventures.com.do<\/a><\/p>\n<p><strong>Siamo flessibili nell&#039;impostare tour privati tramite Whatsapp: <a href=\"tel:+18097206035\">+18097206035.<\/a><\/strong><\/p>\n\n\t\t<\/div>\n\t<\/div>\n<div class=\"vc_empty_space\"   style=\"height: 32px\"><span class=\"vc_empty_space_inner\"><\/span><\/div><\/div><\/div><\/div><\/div><div class=\"vc_row wpb_row vc_row-fluid\" ><div class=\"wpb_column vc_column_container vc_col-sm-12\"><div class=\"vc_column-inner\"><div class=\"wpb_wrapper\"><div class=\"vc_btn3-container vc_btn3-inline\" ><button class=\"vc_general vc_btn3 vc_btn3-size-md vc_btn3-shape-rounded vc_btn3-style-modern vc_btn3-color-green\">PRENOTA ORA<\/button><\/div><\/div><\/div><\/div><\/div>","protected":false},"excerpt":{"rendered":"<p>If you are in Punta Cana or Bavaro, Looking for a day trip paying less than normal. Book this trip with a pick up at your hotel in Punta Cana. The bus will take you to Sabana de la mar where we take a catamaran to pass Samana bay. Visiting Samana community on Safari to arrive in El Lim\u00f3n Comunity, Horse riding or Hiking to the Waterfalls after crossing Samana Bay and Luch time at Bacardi Island. This trip starts at 6: 00 am and finish at 6:30 pm.<\/p>\n<p>&nbsp;<\/p>\n<p>&nbsp;<\/p>\n<p><strong>Seleziona la data per il tour\u00a0<\/strong><\/p>","protected":false},"featured_media":11427,"template":"","meta":[],"product_brand":[],"product_cat":[576,567,590,96,97,569,570,136,264,122,123,124],"product_tag":[137,138,281,139,282,283,140,284,141,114,285,142,143],"class_list":{"0":"post-11647","1":"product","2":"type-product","3":"status-publish","4":"has-post-thumbnail","6":"product_cat-1-punta-cana","7":"product_cat-el-limon-horseback-riding","8":"product_cat-el-limon-punta-cana","9":"product_cat-hiking","10":"product_cat-horse-riding-to-waterfalls","11":"product_cat-punta-cana-group-tours","12":"product_cat-punta-cana-samana-day-trips","13":"product_cat-safari-samana","14":"product_cat-salto-el-limon-and-bacardi-island","15":"product_cat-tours-and-excursions","16":"product_cat-tours-excursions-los-haitises-national-park","17":"product_cat-tours-excursions-samana-bay-dominican-republic","18":"product_tag-bacardi-island","19":"product_tag-beach-time","20":"product_tag-cascada-el-limon-salto-el-limon-samana-republica-dominicana","21":"product_tag-cayo-levantado","22":"product_tag-el-limon-waterfall-bacardi-island-from-punta-cana","23":"product_tag-el-limon-waterfall-and-bacardi-island-tour-from-punta-cana","24":"product_tag-el-limon-waterfalls","25":"product_tag-guided-adventures","26":"product_tag-punta-cana","27":"product_tag-sabana-de-la-mar","28":"product_tag-salto-de-limon-punta-cana","29":"product_tag-samana","30":"product_tag-samana-tours","32":"first","33":"instock","34":"sale","35":"shipping-taxable","36":"product-type-external"},"_links":{"self":[{"href":"https:\/\/haitises.com\/it\/wp-json\/wp\/v2\/product\/11647","targetHints":{"allow":["GET"]}}],"collection":[{"href":"https:\/\/haitises.com\/it\/wp-json\/wp\/v2\/product"}],"about":[{"href":"https:\/\/haitises.com\/it\/wp-json\/wp\/v2\/types\/product"}],"wp:featuredmedia":[{"embeddable":true,"href":"https:\/\/haitises.com\/it\/wp-json\/wp\/v2\/media\/11427"}],"wp:attachment":[{"href":"https:\/\/haitises.com\/it\/wp-json\/wp\/v2\/media?parent=11647"}],"wp:term":[{"taxonomy":"product_brand","embeddable":true,"href":"https:\/\/haitises.com\/it\/wp-json\/wp\/v2\/product_brand?post=11647"},{"taxonomy":"product_cat","embeddable":true,"href":"https:\/\/haitises.com\/it\/wp-json\/wp\/v2\/product_cat?post=11647"},{"taxonomy":"product_tag","embeddable":true,"href":"https:\/\/haitises.com\/it\/wp-json\/wp\/v2\/product_tag?post=11647"}],"curies":[{"name":"wp","href":"https:\/\/api.w.org\/{rel}","templated":true}]}}