{"id":11645,"date":"2023-10-04T07:39:47","date_gmt":"2023-10-04T07:39:47","guid":{"rendered":"http:\/\/haitises.com\/?post_type=product&#038;p=11645"},"modified":"2024-04-01T15:15:40","modified_gmt":"2024-04-01T15:15:40","slug":"samana-cayo-levantado-bacardi-island-and-whale-watching-from-miches-in-catamaran-3","status":"publish","type":"product","link":"https:\/\/haitises.com\/it\/privato\/samana-cayo-levantado-bacardi-island-and-whale-watching-from-miches-in-catamaran-3\/","title":{"rendered":"Saman\u00e1 Cayo Levantado (Bacardi Island) and Whale Watching from Miches in Catamaran"},"content":{"rendered":"<div class=\"vc_row wpb_row vc_row-fluid\" ><div class=\"wpb_column vc_column_container vc_col-sm-12\"><div class=\"vc_column-inner\"><div class=\"wpb_wrapper\">\n\t<div class=\"wpb_text_column wpb_content_element\" >\n\t\t<div class=\"wpb_wrapper\">\n\t\t\t<p><span style=\"vertical-align: inherit;\"><span style=\"vertical-align: inherit;\"><\/p>\n\n\t\t<\/div>\n\t<\/div>\n<\/div><\/div><\/div><\/div><div class=\"vc_row wpb_row vc_row-fluid\" ><\/div><div class=\"wpb_column vc_column_container vc_col-sm-12\"><div class=\"vc_column-inner\"><div class=\"wpb_wrapper\"><\/div><\/div><\/div><div class=\"vc_row wpb_row vc_row-fluid\" ><\/div><div class=\"wpb_column vc_column_container vc_col-sm-12\"><div class=\"vc_column-inner\"><div class=\"wpb_wrapper\"><div class=\"vc_btn3-container vc_btn3-inline\" ><button class=\"vc_general vc_btn3 vc_btn3-size-md vc_btn3-shape-rounded vc_btn3-style-modern vc_btn3-color-green\">PRENOTA ORA<\/button><\/div><\/div><\/div><\/div>[mkdf_section_title title_tag=\u00bb\u00bb disable_break_words=\u00bbno\u00bb title=\u00bbCayo Levantado + Avistamiento de ballenas de Miches en catamar\u00e1n\u00bb]<div class=\"vc_empty_space\"   style=\"height: 32px\"><span class=\"vc_empty_space_inner\"><\/span><\/div>\n\t<div class=\"wpb_text_column wpb_content_element\" >\n\t\t<div class=\"wpb_wrapper\">\n\t\t\t<p>\u00a0<\/span><\/span><\/p>\n<div class=\"vc_empty_space\"><\/div>\n<div class=\"wpb_text_column wpb_content_element\">\n<div class=\"wpb_wrapper\">\n<div class=\"vc_row wpb_row vc_row-fluid\">\n<div class=\"wpb_column vc_column_container vc_col-sm-12\">\n<div class=\"vc_column-inner\">\n<div class=\"wpb_wrapper\">\n<div class=\"wpb_text_column wpb_content_element\">\n<div class=\"wpb_wrapper\">\n<div class=\"vc_row wpb_row vc_row-fluid\">\n<div class=\"wpb_column vc_column_container vc_col-sm-12\">\n<div class=\"vc_column-inner\">\n<div class=\"wpb_wrapper\">\n<div class=\"wpb_text_column wpb_content_element\">\n<div class=\"wpb_wrapper\">\n<h4><a id=\"overview\" class=\"aal_anchor\" href=\"https:\/\/boattoursamana.com\/tour\/samana-cayo-levantado-bacardi-island-and-whale-watching-from-miches-in-catamaran\/#overview\" aria-hidden=\"true\" target=\"_blank\" rel=\"noopener\"><\/a><b><i>Panoramica<\/i><\/b><\/h4>\n<p>Whale watching in Saman\u00e1 bay starting from Miches port in Catamaran.\u00a0 This Trip starts at 9:00 Am and Finishes at 5:00 Pm. Meeting before in Our port at Miches. After aborting our Catamaran or Boat to visit the Whales in their own habitat.<\/p>\n<p>From 9:00 Am until 12:00-noon Whale watching observatory and After this Whale trip we will visit Bacardi Island \/ Cayo Levantado. In Bacardi Island, Lunch Buffet from typical Dominican Style will be provided. When lunch is finished you are allowed to swim until 4:30 pm. Tour will be finished at 5:00 pm at the same port where it will start.<\/p>\n<p>Note: This tour is Not Private.<strong>\u00a0For a Private tour please Contact us.<\/strong><\/p>\n<ul>\n<li>Escursione di osservazione delle balene<\/li>\n<li>Biglietti d&#039;ingresso all&#039;Osservatorio<\/li>\n<li>Includes Buffet lunch on the beach<\/li>\n<li>Trasferimento in barca<\/li>\n<li>Il Capitano fornisce istruzioni e supervisione<\/li>\n<li>Guida turistica<\/li>\n<\/ul>\n<p>&nbsp;<\/p>\n<h4><a id=\"inclusions-exclusions\" class=\"aal_anchor\" href=\"https:\/\/boattoursamana.com\/tour\/samana-cayo-levantado-bacardi-island-and-whale-watching-from-miches-in-catamaran\/#inclusions-exclusions\" aria-hidden=\"true\" target=\"_blank\" rel=\"noopener\"><\/a><b>Inclusioni ed esclusioni<\/b><\/h4>\n<p>&nbsp;<\/p>\n<p><b>Inclusioni<\/b><\/p>\n<p>&nbsp;<\/p>\n<ol>\n<li>Pranzo a buffet sulla spiaggia<\/li>\n<li>Whale watching<\/li>\n<li>Guida turistica<\/li>\n<li>Gita in Catamarano o in Barca<\/li>\n<li>Tutte le tasse, commissioni e spese di gestione<\/li>\n<li>Tasse locali<\/li>\n<li>Bevande<\/li>\n<li>Bevande alcoliche<\/li>\n<\/ol>\n<p><b>Esclusioni<\/b><\/p>\n<ol>\n<li>Mance<\/li>\n<li>Trasferimento in auto<\/li>\n<\/ol>\n<p>&nbsp;<\/p>\n<h4><a id=\"departure-return\" class=\"aal_anchor\" href=\"https:\/\/boattoursamana.com\/tour\/samana-cayo-levantado-bacardi-island-and-whale-watching-from-miches-in-catamaran\/#departure-return\" aria-hidden=\"true\" target=\"_blank\" rel=\"noopener\"><\/a><em><strong>Partenza e ritorno<\/strong><\/em><\/h4>\n<p>Il viaggiatore otterr\u00e0 un punto d&#039;incontro dopo il processo di prenotazione. I tour iniziano e finiscono nei nostri punti di incontro.<\/p>\n<p>&nbsp;<\/p>\n<h4><a id=\"what-to-expect\" class=\"aal_anchor\" href=\"https:\/\/boattoursamana.com\/tour\/samana-cayo-levantado-bacardi-island-and-whale-watching-from-miches-in-catamaran\/#what-to-expect\" aria-hidden=\"true\" target=\"_blank\" rel=\"noopener\"><\/a><b><i>Cosa aspettarsi?<\/i><\/b><\/h4>\n<p>&nbsp;<\/p>\n<p><em><strong>Ottieni i tuoi biglietti<\/strong><\/em>\u00a0for a day Whale Watching tour in Saman\u00e1 bay starting from Miches in Catamaran with local drinks plus a wonderful lunch and beach time.<\/p>\n<p>Il Daypass per l&#039;avvistamento delle balene, organizzato da \u201cBooking Adventures\u201d inizia al punto di incontro stabilito con la Guida Turistica. Pranzo in spiaggia e potrai restare tutto il tempo che vorrai nuotando. Se sei vegano possiamo anche prepararti del cibo.<\/p>\n<p><strong>Orario:<\/strong><\/p>\n<p>8:45 \u2013 17:00<\/p>\n<p>&nbsp;<\/p>\n<h4><a id=\"what-you-should-bring\" class=\"aal_anchor\" href=\"https:\/\/boattoursamana.com\/tour\/samana-cayo-levantado-bacardi-island-and-whale-watching-from-miches-in-catamaran\/#what-you-should-bring\" aria-hidden=\"true\" target=\"_blank\" rel=\"noopener\"><\/a><em><strong>Cosa dovresti portare?<\/strong><\/em><\/h4>\n<ul>\n<li>telecamera<\/li>\n<li>Boccioli repellenti<\/li>\n<li>crema solare<\/li>\n<li>Cappello<\/li>\n<li>Pantaloni comodi<\/li>\n<li>Sandali per la spiaggia<\/li>\n<li>Abbigliamento da bagno<\/li>\n<li>Contanti per souvenir<\/li>\n<\/ul>\n<p>&nbsp;<\/p>\n<h4><a id=\"hotel-pickup\" class=\"aal_anchor\" href=\"https:\/\/boattoursamana.com\/tour\/samana-cayo-levantado-bacardi-island-and-whale-watching-from-miches-in-catamaran\/#hotel-pickup\" aria-hidden=\"true\" target=\"_blank\" rel=\"noopener\"><\/a><b><i>Prelievo dall&#039;hotel<\/i><\/b><\/h4>\n<p>Per questo tour non \u00e8 disponibile il prelievo in hotel.<\/p>\n<p>&nbsp;<\/p>\n<p><b>Nota:<\/b>\u00a0Se hai prenotato entro 24 ore dall&#039;orario di partenza del tour\/escursione, possiamo organizzare il prelievo in hotel con costi aggiuntivi. Una volta completato l&#039;acquisto, ti invieremo le informazioni di contatto complete (numero di telefono, indirizzo e-mail, ecc.) affinch\u00e9 la nostra guida turistica locale possa organizzare le modalit\u00e0 di ritiro.<\/p>\n<h4><a id=\"additional-info-confirmation\" class=\"aal_anchor\" href=\"https:\/\/boattoursamana.com\/tour\/samana-cayo-levantado-bacardi-island-and-whale-watching-from-miches-in-catamaran\/#additional-info-confirmation\" aria-hidden=\"true\" target=\"_blank\" rel=\"noopener\"><\/a><b><i>Conferma di informazioni aggiuntive<\/i><\/b><\/h4>\n<ol>\n<li>I biglietti rappresentano la ricevuta dopo aver pagato questo tour. Puoi mostrare il pagamento sul tuo telefono.<\/li>\n<li>Il punto d&#039;incontro verr\u00e0 ricevuto dopo il processo di prenotazione.<\/li>\n<li>I bambini devono essere accompagnati da un adulto.<\/li>\n<li>Accessibile alle sedie a rotelle<\/li>\n<li>I neonati devono sedersi sulle ginocchia<\/li>\n<li>La maggior parte dei viaggiatori pu\u00f2 partecipare<\/li>\n<\/ol>\n<h4><a id=\"cancellation-policy\" class=\"aal_anchor\" href=\"https:\/\/boattoursamana.com\/tour\/samana-cayo-levantado-bacardi-island-and-whale-watching-from-miches-in-catamaran\/#cancellation-policy\" aria-hidden=\"true\" target=\"_blank\" rel=\"noopener\"><\/a><b><i>Politica di cancellazione<\/i><\/b><\/h4>\n<p>Per un rimborso completo, annulla almeno 24 ore prima della data di inizio dell&#039;esperienza.<\/p>\n<\/div>\n<\/div>\n<\/div>\n<\/div>\n<\/div>\n<\/div>\n<\/div>\n<\/div>\n<\/div>\n<\/div>\n<\/div>\n<\/div>\n<div class=\"vc_row wpb_row vc_row-fluid\">\n<div class=\"wpb_column vc_column_container vc_col-sm-12\">\n<div class=\"vc_column-inner\">\n<div class=\"wpb_wrapper\">\n<div class=\"vc_empty_space\"><\/div>\n<div class=\"wpb_text_column wpb_content_element\">\n<div class=\"wpb_wrapper\">\n<h4><a id=\"contact-us\" class=\"aal_anchor\" href=\"https:\/\/boattoursamana.com\/tour\/samana-cayo-levantado-bacardi-island-and-whale-watching-from-miches-in-catamaran\/#contact-us\" aria-hidden=\"true\" target=\"_blank\" rel=\"noopener\"><\/a>Contattaci?<\/h4>\n<h5><\/h5>\n<p><em><strong>Gente del posto<\/strong>\u00a0E\u00a0<strong>Nazionali<\/strong>\u00a0Guide turistiche e servizi per gli ospiti<\/em><\/p>\n<p><span class=\"text-turquoise\">Prenotazioni:<\/span>\u00a0Tour ed escursioni a Rep. Dom.<\/p>\n<p><img decoding=\"async\" class=\"emoji\" title=\"Samana Cayo Levantado (Bacardi Island) and Whale Watching from Miches in Catamaran 1\" draggable=\"false\" src=\"https:\/\/s.w.org\/images\/core\/emoji\/11.2.0\/svg\/1f4de.svg\" alt=\"\ud83d\udcde\" \/> Tel\/Whatsapp <strong><a href=\"tel:+1 (829) 318-9463\">+1 (829) 318-9463.<\/a><\/strong><\/p>\n<p><img decoding=\"async\" class=\"emoji\" title=\"Samana Cayo Levantado (Bacardi Island) and Whale Watching from Miches in Catamaran 2\" draggable=\"false\" src=\"https:\/\/s.w.org\/images\/core\/emoji\/11.2.0\/svg\/1f4e9.svg\" alt=\"\ud83d\udce9\" \/>\u00a0<a href=\"mailto:reservabatour@gmail.com\">reservabatour@gmail.com<\/a><\/p>\n<p><strong>Siamo flessibili nell&#039;impostare tour privati tramite Whatsapp:\u00a0<a href=\"tel:+1 (829) 318-9463\">+1 (829) 318-9463.<\/a><\/strong><\/p>\n<\/div>\n<\/div>\n<\/div>\n<\/div>\n<\/div>\n<\/div>\n<\/div>\n<\/div>\n\n\t\t<\/div>\n\t<\/div>\n<div class=\"vc_row wpb_row vc_row-fluid\" ><div class=\"wpb_column vc_column_container vc_col-sm-12\"><div class=\"vc_column-inner\"><div class=\"wpb_wrapper\"><div class=\"vc_btn3-container vc_btn3-inline\" ><button class=\"vc_general vc_btn3 vc_btn3-size-md vc_btn3-shape-rounded vc_btn3-style-modern vc_btn3-color-green\">PRENOTA ORA<\/button><\/div><\/div><\/div><\/div><\/div>","protected":false},"excerpt":{"rendered":"<p><span style=\"vertical-align: inherit;\"><span style=\"vertical-align: inherit;\">Whale Miches Tours &amp; Excursiones. <\/span><span style=\"vertical-align: inherit;\">Reserve sus boletos para el avistamiento de ballenas en la Bah\u00eda de Saman\u00e1, comenzando desde Miches y visitando Cayo Levantado, tambi\u00e9n conocida como Isla Bacard\u00ed para una aventura con pase de un d\u00eda.<\/span><\/span><\/p>\n<p>&nbsp;<\/p>\n<p><em><strong><span style=\"vertical-align: inherit;\"><span style=\"vertical-align: inherit;\">Seleccione la fecha de la excursi\u00f3n:<\/span><\/span><\/strong><\/em><\/p>","protected":false},"featured_media":11103,"template":"","meta":[],"product_brand":[],"product_cat":[124,588],"product_tag":[269,270,271,272,273,234,236,274,275,276],"class_list":{"0":"post-11645","1":"product","2":"type-product","3":"status-publish","4":"has-post-thumbnail","6":"product_cat-tours-excursions-samana-bay-dominican-republic","7":"product_cat-whale-watching-miches","8":"product_tag-miches-whale-watching","9":"product_tag-samana-dominican-republic","10":"product_tag-samana-whale-watching","11":"product_tag-samana-whale-watching-price","12":"product_tag-things-to-do-in-dominican-republic","13":"product_tag-whale-samana","14":"product_tag-whale-watching-dominican-republic","15":"product_tag-whale-watching-miches","16":"product_tag-whale-watching-miches-dominican-republic","17":"product_tag-when-to-see-whales-dominican-republic","19":"first","20":"instock","21":"sale","22":"shipping-taxable","23":"product-type-external"},"_links":{"self":[{"href":"https:\/\/haitises.com\/it\/wp-json\/wp\/v2\/product\/11645","targetHints":{"allow":["GET"]}}],"collection":[{"href":"https:\/\/haitises.com\/it\/wp-json\/wp\/v2\/product"}],"about":[{"href":"https:\/\/haitises.com\/it\/wp-json\/wp\/v2\/types\/product"}],"wp:featuredmedia":[{"embeddable":true,"href":"https:\/\/haitises.com\/it\/wp-json\/wp\/v2\/media\/11103"}],"wp:attachment":[{"href":"https:\/\/haitises.com\/it\/wp-json\/wp\/v2\/media?parent=11645"}],"wp:term":[{"taxonomy":"product_brand","embeddable":true,"href":"https:\/\/haitises.com\/it\/wp-json\/wp\/v2\/product_brand?post=11645"},{"taxonomy":"product_cat","embeddable":true,"href":"https:\/\/haitises.com\/it\/wp-json\/wp\/v2\/product_cat?post=11645"},{"taxonomy":"product_tag","embeddable":true,"href":"https:\/\/haitises.com\/it\/wp-json\/wp\/v2\/product_tag?post=11645"}],"curies":[{"name":"wp","href":"https:\/\/api.w.org\/{rel}","templated":true}]}}