{"id":11388,"date":"2021-08-15T20:09:02","date_gmt":"2021-08-15T20:09:02","guid":{"rendered":"http:\/\/haitises.com\/?post_type=product&#038;p=11388"},"modified":"2024-04-03T15:55:26","modified_gmt":"2024-04-03T15:55:26","slug":"los-haitises-national-park-and-cayo-levantado-from-punta-cana","status":"publish","type":"product","link":"https:\/\/haitises.com\/it\/privato\/los-haitises-national-park-and-cayo-levantado-from-punta-cana\/","title":{"rendered":"Parco Nazionale Los Haitises e Cayo Levantado Da Punta Cana"},"content":{"rendered":"<div class=\"vc_row wpb_row vc_row-fluid\" ><div class=\"wpb_column vc_column_container vc_col-sm-12\"><div class=\"vc_column-inner\"><div class=\"wpb_wrapper\">[mkdf_section_title title_tag=\u00bb\u00bb disable_break_words=\u00bbno\u00bb subtitle_tag=\u00bb\u00bb title=\u00bbLos Haitises National Park and Cayo Levantado From Punta Cana\u00bb subtitle=\u00bbLos Haitises National Park &amp; Bacardi Island\u00bb]<\/div><\/div><\/div><\/div><div class=\"vc_row wpb_row vc_row-fluid\" ><div class=\"wpb_column vc_column_container vc_col-sm-12\"><div class=\"vc_column-inner\"><div class=\"wpb_wrapper\">\n\t<div class=\"wpb_text_column wpb_content_element\" >\n\t\t<div class=\"wpb_wrapper\">\n\t\t\t<h4><\/h4>\n<h2>Parco Nazionale Los Haitises e Cayo Levantado Da Punta Cana<\/h2>\n<h4><b><i>Panoramica <\/i><\/b><\/h4>\n<p>Pick up presso il tuo hotel a Punta Cana, Cap Cana, Bavaro durante un comodo trasferimento al Parco Nazionale Los Haitises da Punta Cana pi\u00f9 pranzo all&#039;isola Bacardi. Vieni con noi e visita il parco nazionale pi\u00f9 bello della Repubblica Dominicana, visitando le mangrovie, le grotte e la baia di San Lorenzo, oltre ad attraversare la splendida baia di Saman\u00e1. Per visitare l&#039;isola Bacardi, pranzare in spiaggia e nuotare in una delle spiagge pi\u00f9 belle della baia di Saman\u00e1. Dopodich\u00e8<\/p>\n<p>Dopo questa esperienza, tornerai al porto di Sabana de la Mar e nelle aree di Punta Cana.<\/p>\n<ul>\n<li style=\"font-weight: 400;\">Commissioni incluse<\/li>\n<li>Pranzo all&#039;isola Bacardi incluso<\/li>\n<li style=\"font-weight: 400;\"><span style=\"font-weight: 400;\">La guida fornisce istruzioni e supervisione<\/span><\/li>\n<\/ul>\n<p>&nbsp;<\/p>\n<h4><b>Inclusioni ed esclusioni<\/b><\/h4>\n<p><b>Inclusioni<\/b><\/p>\n<ol>\n<li style=\"font-weight: 400;\">Tour di Los Haitises + Grotte e pittogrammi<\/li>\n<li>Trasporti<\/li>\n<li>Viaggio in barca<\/li>\n<li>Pranzo a Cayo Levantado (Isola Bacardi) se ti piace un tour simile: Los Haitises + Ca\u00f1o Hondo<\/li>\n<li style=\"font-weight: 400;\"><span style=\"font-weight: 400;\">Tutte le tasse, commissioni e spese di gestione<\/span><\/li>\n<li style=\"font-weight: 400;\"><span style=\"font-weight: 400;\">Tasse locali<\/span><\/li>\n<li style=\"font-weight: 400;\"><span style=\"font-weight: 400;\">Bevande<\/span><\/li>\n<li style=\"font-weight: 400;\"><span style=\"font-weight: 400;\">Tutte le attivit\u00e0<\/span><\/li>\n<li style=\"font-weight: 400;\"><span style=\"font-weight: 400;\">Guida locale<\/span><\/li>\n<\/ol>\n<p><b> Esclusioni<\/b><\/p>\n<ol>\n<li style=\"font-weight: 400;\"><span style=\"font-weight: 400;\">Mance<\/span><\/li>\n<li style=\"font-weight: 400;\"><span style=\"font-weight: 400;\">Bevande alcoliche<\/span><\/li>\n<\/ol>\n<p>&nbsp;<\/p>\n<h4><em><strong>Partenza e ritorno<\/strong><\/em><\/h4>\n<p><span style=\"font-weight: 400;\">Il viaggiatore otterr\u00e0 un punto d&#039;incontro dopo il processo di prenotazione. I tour iniziano e finiscono nei nostri punti di incontro.<\/span><\/p>\n<p>&nbsp;<\/p>\n<h2>Parco Nazionale Los Haitises e Cayo Levantado Da Punta Cana<\/h2>\n<h4><b><i>Cosa aspettarsi?<\/i><\/b><\/h4>\n<p><b><i>V<\/i><\/b>isiting<strong> Parco Nazionale Los Haitises<\/strong> con un meraviglioso pranzo a<strong> Isola di Cayo Levantado<\/strong> e Nuoto in spiaggia. Di partenza <strong>dalle zone di Punta Cana<\/strong> a bordo del trasporto Van o autobus per prendere una barca con una guida turistica locale che visita la baia di Samana e uno dei parchi nazionali pi\u00f9 belli della Repubblica Dominicana. <em><strong>Il Parco Nazionale di Haitises<\/strong><\/em>.<\/p>\n<p>The tour, organized by \u00abBooking Adventures\u00bb starts at hotels in Punta Cana with transportation. Come with Booking Adventures and start checking some bird-filled mangroves, rolling hills of lush vegetation and caves of <em><strong>Parco Nazionale Los Haitises<\/strong><\/em>. Visitare l&#039;isola con uccelli intorno. Nella stagione della nidificazione possiamo vedere anche i pulcini di Pelecanos sui nidi. Esplorare l&#039;interno delle Isole Rocciose e visitare le Grotte con pittogrammi e petrografi degli indigeni.<\/p>\n<p>Attraverso le mangrovie e la terra nell&#039;aperta Baia di San Lorenzo, da dove \u00e8 possibile fotografare l&#039;aspro paesaggio forestale. Guarda l&#039;acqua per individuarlo <em><strong>lamantini<\/strong><\/em>, crostacei e <em><strong>Delfini.<\/strong><\/em><\/p>\n<h2><strong>Grotte nel Parco Nazionale Los Haitises<\/strong><\/h2>\n<div class=\"body-description secondary\">\n<p>Il nome del parco nazionale deriva dai suoi abitanti originari, gli indiani Taino. Nella loro lingua &quot;Haitises&quot; si traduce in altopiani o colline, un riferimento alle ripide formazioni geologiche della costa con calcari. Avventurati pi\u00f9 in profondit\u00e0 nel parco per esplorare grotte come quella <em><strong>Grotta di sabbia<\/strong><\/em> E <strong><em>Grotta della Linea.<\/em><\/strong><\/p>\n<p>Le grotte nella riserva furono utilizzate come rifugio dagli indiani Taino e, in seguito, come nascondiglio dei pirati. Cerca i disegni degli indiani che decorano alcune pareti. Dopo aver visitato il Parco Nazionale Los Haitises torneremo al porto di Saman\u00e1 passando per la baia di Saman\u00e1 per 30 minuti e visitando l&#039;isola Bacardi. Faremo un pranzo tipico dell&#039;isola. Se sei vegano, non preoccuparti, abbiamo anche cibo per te!<\/p>\n<p>Dopo aver nuotato tutto il pomeriggio e essersi rilassati sulla spiaggia, la nostra guida turistica fisser\u00e0 il tempo per tornare al porto di Sabana de la Mar.<\/p>\n<\/div>\n<p>Nel caso in cui ti piacer\u00e0 questo viaggio pi\u00f9 a lungo o pi\u00f9 breve, abbiamo queste opzioni:<\/p>\n<ol>\n<li>Solo Los Haitises dal porto di Saman\u00e1.<\/li>\n<li>Los Haitises + Ca\u00f1o Hondo dal porto di Saman\u00e1.<\/li>\n<\/ol>\n<p>&nbsp;<\/p>\n<h4><em><strong>Cosa dovresti portare?<\/strong><\/em><\/h4>\n<ul>\n<li style=\"font-weight: 400;\"><span style=\"font-weight: 400;\">telecamera<\/span><\/li>\n<li style=\"font-weight: 400;\"><span style=\"font-weight: 400;\">Boccioli repellenti<\/span><\/li>\n<li style=\"font-weight: 400;\"><span style=\"font-weight: 400;\">crema solare<\/span><\/li>\n<li style=\"font-weight: 400;\"><span style=\"font-weight: 400;\">Cappello<\/span><\/li>\n<li style=\"font-weight: 400;\"><span style=\"font-weight: 400;\">Pantaloni comodi<\/span><\/li>\n<li style=\"font-weight: 400;\"><span style=\"font-weight: 400;\">Scarpe da trekking per la foresta<\/span><\/li>\n<li style=\"font-weight: 400;\"><span style=\"font-weight: 400;\">Sandali per le zone primaverili.<\/span><\/li>\n<li style=\"font-weight: 400;\"><span style=\"font-weight: 400;\">Abbigliamento da bagno<\/span><\/li>\n<\/ul>\n<p>&nbsp;<\/p>\n<h4><b><i>Prelievo dall&#039;hotel <\/i><\/b><\/h4>\n<p><span style=\"font-weight: 400;\">Per questo tour \u00e8 offerto il prelievo in hotel. <\/span><\/p>\n<p>&nbsp;<\/p>\n<p><b>Nota:<\/b><span style=\"font-weight: 400;\"> Se hai prenotato entro 24 ore dall&#039;orario di partenza del tour\/escursione, possiamo organizzare il prelievo in hotel. Una volta completato l&#039;acquisto, ti invieremo le informazioni di contatto complete (numero di telefono, indirizzo e-mail, ecc.) affinch\u00e9 la nostra guida turistica locale possa organizzare le modalit\u00e0 di ritiro.<\/span><\/p>\n<h4><b><i>Conferma di informazioni aggiuntive <\/i><\/b><\/h4>\n<ol>\n<li>I biglietti rappresentano la ricevuta dopo aver pagato questo tour. Puoi mostrare il pagamento sul tuo telefono.<\/li>\n<li style=\"font-weight: 400;\"><span style=\"font-weight: 400;\">Il punto d&#039;incontro verr\u00e0 ricevuto dopo il processo di prenotazione.<\/span><\/li>\n<li style=\"font-weight: 400;\"><span style=\"font-weight: 400;\">I bambini devono essere accompagnati da un adulto.<\/span><\/li>\n<li style=\"font-weight: 400;\"><span style=\"font-weight: 400;\"> Non accessibile in sedia a rotelle <\/span><\/li>\n<li style=\"font-weight: 400;\"><span style=\"font-weight: 400;\">I neonati devono sedersi sulle ginocchia <\/span><\/li>\n<li style=\"font-weight: 400;\"><span style=\"font-weight: 400;\">Non raccomandato per viaggiatori con problemi alla schiena<\/span><\/li>\n<li style=\"font-weight: 400;\"><span style=\"font-weight: 400;\">Non raccomandato per i viaggiatori in gravidanza <\/span><\/li>\n<li style=\"font-weight: 400;\"><span style=\"font-weight: 400;\"> Nessun problema cardiaco o altre condizioni mediche gravi <\/span><\/li>\n<li style=\"font-weight: 400;\"><span style=\"font-weight: 400;\">La maggior parte dei viaggiatori pu\u00f2 partecipare<\/span><\/li>\n<\/ol>\n<h4><b><i>Politica di cancellazione<\/i><\/b><\/h4>\n<p><span style=\"font-weight: 400;\">Per un rimborso completo, annulla almeno 74 ore prima della data di inizio dell&#039;esperienza. I fondi andranno persi se la prenotazione viene cancellata lo stesso giorno del viaggio.<\/span><\/p>\n\n\t\t<\/div>\n\t<\/div>\n\n\t<div class=\"wpb_video_widget wpb_content_element vc_clearfix   vc_video-aspect-ratio-169 vc_video-el-width-100 vc_video-align-left\" >\n\t\t<div class=\"wpb_wrapper\">\n\t\t\t<h2 class=\"wpb_heading wpb_video_heading\">Parco Nazionale Los Haitises<\/h2>\n\t\t\t<div class=\"wpb_video_wrapper\"><iframe loading=\"lazy\" title=\"Tour ed escursioni del Parco Nazionale Los Haitises\" width=\"1100\" height=\"619\" src=\"https:\/\/www.youtube.com\/embed\/vMI4Ou81cd4?feature=oembed\" frameborder=\"0\" allow=\"accelerometer; autoplay; clipboard-write; encrypted-media; gyroscope; picture-in-picture\" allowfullscreen><\/iframe><\/div>\n\t\t<\/div>\n\t<\/div>\n<\/div><\/div><\/div><\/div><div class=\"vc_row wpb_row vc_row-fluid\" ><div class=\"wpb_column vc_column_container vc_col-sm-12\"><div class=\"vc_column-inner\"><div class=\"wpb_wrapper\"><div class=\"vc_empty_space\"   style=\"height: 32px\"><span class=\"vc_empty_space_inner\"><\/span><\/div>\n\t<div class=\"wpb_text_column wpb_content_element\" >\n\t\t<div class=\"wpb_wrapper\">\n\t\t\t<h4>Contattaci?<\/h4>\n<h5>Prenotazione Avventure<\/h5>\n<p><em><strong>Gente del posto<\/strong>\u00a0E\u00a0<strong>Nazionali<\/strong>\u00a0Guide turistiche e servizi per gli ospiti<\/em><\/p>\n<p><span class=\"text-turquoise\">Prenotazioni:<\/span>\u00a0Tour ed escursioni a Rep. Dom.<\/p>\n<p><img decoding=\"async\" class=\"emoji\" draggable=\"false\" src=\"https:\/\/s.w.org\/images\/core\/emoji\/11.2.0\/svg\/1f4de.svg\" alt=\"\ud83d\udcde\" title=\"\">\u00a0Tel\/Whatsapp\u00a0\u00a0<a href=\"tel:+1-809-720-6035\">+1-809-720-6035<\/a>.<\/p>\n<p><img decoding=\"async\" class=\"emoji\" draggable=\"false\" src=\"https:\/\/s.w.org\/images\/core\/emoji\/11.2.0\/svg\/1f4e9.svg\" alt=\"\ud83d\udce9\" title=\"\">\u00a0<a href=\"mailto:info@bookingadventures.com.do\">info@bookingadventures.com.do<\/a><\/p>\n<p><strong>Siamo flessibili nell&#039;impostare tour privati tramite Whatsapp:\u00a0<a href=\"tel:+18097206035\">+18097206035.<\/a><\/strong><\/p>\n\n\t\t<\/div>\n\t<\/div>\n<div class=\"vc_empty_space\"   style=\"height: 32px\"><span class=\"vc_empty_space_inner\"><\/span><\/div><\/div><\/div><\/div><\/div><div class=\"vc_row wpb_row vc_row-fluid\" ><div class=\"wpb_column vc_column_container vc_col-sm-12\"><div class=\"vc_column-inner\"><div class=\"wpb_wrapper\">[mkdf_section_title title_tag=\u00bb\u00bb disable_break_words=\u00bbno\u00bb subtitle_tag=\u00bb\u00bb title=\u00bbLos Haitises and Cayo Levantado Samana Tour\u00bb subtitle=\u00bbFrom Samana Port\u00bb]<div class=\"vc_empty_space\"   style=\"height: 32px\"><span class=\"vc_empty_space_inner\"><\/span><\/div><\/div><\/div><\/div><\/div><div class=\"vc_row wpb_row vc_row-fluid\" ><div class=\"wpb_column vc_column_container vc_col-sm-12\"><div class=\"vc_column-inner\"><div class=\"wpb_wrapper\"><div class=\"woocommerce columns-4\"><\/div><\/div><\/div><\/div><\/div>","protected":false},"excerpt":{"rendered":"<p>Pick up presso il tuo hotel a Punta Cana, Cap Cana, Bavaro durante un comodo trasferimento al Parco Nazionale Los Haitises da Punta Cana pi\u00f9 pranzo all&#039;isola Bacardi. Vieni con noi e visita il parco nazionale pi\u00f9 bello della Repubblica Dominicana, visitando le mangrovie, le grotte e la baia di San Lorenzo, oltre ad attraversare la splendida baia di Saman\u00e1. Per visitare l&#039;isola Bacardi, pranzare in spiaggia e nuotare in una delle spiagge pi\u00f9 belle della baia di Saman\u00e1. Dopodich\u00e8<\/p>\n<p>Dopo questa esperienza, tornerai al porto di Sabana de la Mar e nelle aree di Punta Cana.<\/p>\n<p>&nbsp;<\/p>\n<p><strong>Seleziona la data del tour:<\/strong><\/p>","protected":false},"featured_media":11247,"template":"","meta":[],"product_brand":[],"product_cat":[123,124],"product_tag":[137,205,180,125,206,139,163,129,207,208,132,209,210,211,212,133,213,214,215,216,217,218,190,219,114,142,148,143,220],"class_list":{"0":"post-11388","1":"product","2":"type-product","3":"status-publish","4":"has-post-thumbnail","6":"product_cat-tours-excursions-los-haitises-national-park","7":"product_cat-tours-excursions-samana-bay-dominican-republic","8":"product_tag-bacardi-island","9":"product_tag-bacardi-island-tours","10":"product_tag-birdwatching","11":"product_tag-boat-tour","12":"product_tag-caves-los-haitises","13":"product_tag-cayo-levantado","14":"product_tag-cayo-levantado-tour","15":"product_tag-eco-tours","16":"product_tag-excursiones-a-los-haitises-y-cayo-levantado","17":"product_tag-haitises-park-and-cayo-levantado-island","18":"product_tag-los-haitises","19":"product_tag-los-haitises-excursiones","20":"product_tag-los-haitises-excursions","21":"product_tag-los-haitises-mapa","22":"product_tag-los-haitises-mas-cayo-levantado","23":"product_tag-los-haitises-national-park","24":"product_tag-los-haitises-national-park-map","25":"product_tag-los-haitises-national-park-mas-cayo-levantado","26":"product_tag-los-haitises-national-park-tour-from-las-terrenas","27":"product_tag-los-haitises-national-park-tour-from-samana-port-bacardi-island-cayo-levantado","28":"product_tag-los-haitises-national-park-tour-from-santo-domingo","29":"product_tag-los-haitises-park-tour-cayo-levantado-island","30":"product_tag-los-haitises-samana","31":"product_tag-los-haitises-y-cayo-levantado","32":"product_tag-sabana-de-la-mar","33":"product_tag-samana","34":"product_tag-samana-excursions","35":"product_tag-samana-tours","36":"product_tag-tour-los-haitises-national-park-cayo-levantado","38":"first","39":"instock","40":"sale","41":"sold-individually","42":"shipping-taxable","43":"product-type-external"},"_links":{"self":[{"href":"https:\/\/haitises.com\/it\/wp-json\/wp\/v2\/product\/11388","targetHints":{"allow":["GET"]}}],"collection":[{"href":"https:\/\/haitises.com\/it\/wp-json\/wp\/v2\/product"}],"about":[{"href":"https:\/\/haitises.com\/it\/wp-json\/wp\/v2\/types\/product"}],"wp:featuredmedia":[{"embeddable":true,"href":"https:\/\/haitises.com\/it\/wp-json\/wp\/v2\/media\/11247"}],"wp:attachment":[{"href":"https:\/\/haitises.com\/it\/wp-json\/wp\/v2\/media?parent=11388"}],"wp:term":[{"taxonomy":"product_brand","embeddable":true,"href":"https:\/\/haitises.com\/it\/wp-json\/wp\/v2\/product_brand?post=11388"},{"taxonomy":"product_cat","embeddable":true,"href":"https:\/\/haitises.com\/it\/wp-json\/wp\/v2\/product_cat?post=11388"},{"taxonomy":"product_tag","embeddable":true,"href":"https:\/\/haitises.com\/it\/wp-json\/wp\/v2\/product_tag?post=11388"}],"curies":[{"name":"wp","href":"https:\/\/api.w.org\/{rel}","templated":true}]}}