{"id":11379,"date":"2021-08-15T20:09:02","date_gmt":"2021-08-15T20:09:02","guid":{"rendered":"http:\/\/haitises.com\/?post_type=product&#038;p=11379"},"modified":"2024-04-02T20:28:44","modified_gmt":"2024-04-02T20:28:44","slug":"excursion-whale-watching-samana-bay-cano-hondo-los-haitises-from-samana-port-2","status":"publish","type":"product","link":"https:\/\/haitises.com\/it\/privato\/excursion-whale-watching-samana-bay-cano-hondo-los-haitises-from-samana-port-2\/","title":{"rendered":"Excursion Whale Watching Samana Bay + Cano Hondo + Los Haitises  from Samana port"},"content":{"rendered":"<div class=\"vc_row wpb_row vc_row-fluid\" ><div class=\"wpb_column vc_column_container vc_col-sm-12\"><div class=\"vc_column-inner\"><div class=\"wpb_wrapper\">[mkdf_section_title title_tag=\u00bb\u00bb disable_break_words=\u00bbno\u00bb subtitle_tag=\u00bb\u00bb subtitle=\u00bbTours &amp; Excursions\u00bb title=\u00bbExcursion Whale Watching Samana bay + Cano Hondo + Los Haitises from Samana port\u00bb]\n\t<div class=\"wpb_text_column wpb_content_element\" >\n\t\t<div class=\"wpb_wrapper\">\n\t\t\t<div class=\"vc_row wpb_row vc_row-fluid\">\n<div class=\"wpb_column vc_column_container vc_col-sm-12\">\n<div class=\"vc_column-inner\">\n<div class=\"wpb_wrapper\">\n<div class=\"wpb_text_column wpb_content_element\">\n<div class=\"wpb_wrapper\">\n<h3><\/h3>\n<p>L&#039;osservazione delle balene a Saman\u00e1 inizia dal porto di Saman\u00e1. Dopo l&#039;osservazione delle balene, attraverseremo la baia per visitare le piscine naturali di Ca\u00f1o Hondo, pi\u00f9 pranzo e viaggio completo nel Parco Nazionale Los Haitises.<\/p>\n<p>Questo viaggio inizier\u00e0 alle 9:00 e terminer\u00e0 alle 17:00. Incontro prima nel nostro ufficio. Dopo aver interrotto la nostra barca privata per visitare le balene nel loro habitat. Dalle 9:00 alle 11:00 Osservatorio delle balene e dopo questo viaggio di osservazione delle balene visiteremo Ca\u00f1o Hondo per pranzo, oltre a nuotare nelle piscine naturali e terminare con un viaggio completo al Parco Nazionale Los Haitises. Questa escursione terminer\u00e0 nello stesso porto da cui inizier\u00e0 alle 17:00.<\/p>\n<p><strong>Nota: questa \u00e8 un&#039;escursione privata.\u00a0<\/strong><\/p>\n<ul>\n<li>Escursione di osservazione delle balene<\/li>\n<li>Il tour del Parco Nazionale di Haitis<\/li>\n<li>Ca\u00f1o Hondo, Pranzo e Piscine<\/li>\n<li>Biglietti d&#039;ingresso all&#039;Osservatorio<\/li>\n<li>Trasferimento in barca<\/li>\n<li>Il Capitano fornisce istruzioni e supervisione<\/li>\n<li>Guida turistica<\/li>\n<\/ul>\n<p>&nbsp;<\/p>\n<h4><b>Inclusioni ed esclusioni<\/b><\/h4>\n<p>&nbsp;<\/p>\n<p><b>Inclusioni<\/b><\/p>\n<ol>\n<li>Pranzo a buffet a Ca\u00f1o Hondo<\/li>\n<li>Piscine naturali<\/li>\n<li>Osservazione delle balene nella baia di Saman\u00e1<\/li>\n<li>Parco Nazionale Los Haitises, Grotte, Mangrovie e Baia di San Lorenzo<\/li>\n<li>Guida turistica<\/li>\n<li>Gita in Catamarano o in Barca<\/li>\n<li>Tutte le tasse, commissioni e spese di gestione<\/li>\n<li>Tasse locali<\/li>\n<li>Bevande<\/li>\n<\/ol>\n<p><b>Esclusioni<\/b><\/p>\n<ol>\n<li>Mance<\/li>\n<li>Trasferimento in auto<\/li>\n<li>Bevande alcoliche<\/li>\n<\/ol>\n<p>&nbsp;<\/p>\n<h4><em><strong>Partenza e ritorno<\/strong><\/em><\/h4>\n<p>Il viaggiatore otterr\u00e0 un punto d&#039;incontro dopo il processo di prenotazione. I tour iniziano e finiscono nei nostri punti di incontro.<\/p>\n<p>&nbsp;<\/p>\n<h4><b><i>Cosa aspettarsi?<\/i><\/b><\/h4>\n<p>&nbsp;<\/p>\n<p><em><strong>Ottieni i tuoi biglietti<\/strong><\/em> per un tour di osservazione delle balene di un giorno nella baia di Samana, oltre a un meraviglioso pranzo, tempo in spiaggia e visita al Parco Nazionale Los Haitises.<\/p>\n<p>Il Daypass per l&#039;avvistamento delle balene, organizzato da \u201cBooking Adventures\u201d inizia al punto di incontro stabilito con la Guida Turistica. Pranzo in spiaggia e potrai restare tutto il tempo che vorrai nuotando. Se sei vegano possiamo anche prepararti del cibo.<\/p>\n<p><strong>Orario:<\/strong><\/p>\n<p>8:45 \u2013 17:00<\/p>\n<p>&nbsp;<\/p>\n<h4><em><strong>Cosa dovresti portare?<\/strong><\/em><\/h4>\n<ul>\n<li>telecamera<\/li>\n<li>Boccioli repellenti<\/li>\n<li>crema solare<\/li>\n<li>Cappello<\/li>\n<li>Pantaloni comodi<\/li>\n<li>Sandali per la spiaggia<\/li>\n<li>Abbigliamento da bagno<\/li>\n<li>Contanti per souvenir<\/li>\n<\/ul>\n<p>&nbsp;<\/p>\n<h4><b><i>Prelievo dall&#039;hotel<\/i><\/b><\/h4>\n<p>Per questo tour non \u00e8 disponibile il prelievo in hotel.<\/p>\n<p>&nbsp;<\/p>\n<p><b>Nota:<\/b>\u00a0Se hai prenotato entro 24 ore dall&#039;orario di partenza del tour\/escursione, possiamo organizzare il prelievo in hotel con costi aggiuntivi. Una volta completato l&#039;acquisto, ti invieremo le informazioni di contatto complete (numero di telefono, indirizzo e-mail, ecc.) affinch\u00e9 la nostra guida turistica locale possa organizzare le modalit\u00e0 di ritiro.<\/p>\n<h4><b><i>Conferma di informazioni aggiuntive<\/i><\/b><\/h4>\n<ol>\n<li>I biglietti rappresentano la ricevuta dopo aver pagato questo tour. Puoi mostrare il pagamento sul tuo telefono.<\/li>\n<li>Il punto d&#039;incontro verr\u00e0 ricevuto dopo il processo di prenotazione.<\/li>\n<li>I bambini devono essere accompagnati da un adulto.<\/li>\n<li>Accessibile alle sedie a rotelle<\/li>\n<li>I neonati devono sedersi sulle ginocchia<\/li>\n<li>La maggior parte dei viaggiatori pu\u00f2 partecipare<\/li>\n<\/ol>\n<h4><b><i>Politica di cancellazione<\/i><\/b><\/h4>\n<p>Per un rimborso completo, annulla almeno 24 ore prima della data di inizio dell&#039;esperienza.<\/p>\n<\/div>\n<\/div>\n<\/div>\n<\/div>\n<\/div>\n<\/div>\n<div class=\"vc_row wpb_row vc_row-fluid\">\n<div class=\"wpb_column vc_column_container vc_col-sm-12\">\n<div class=\"vc_column-inner\">\n<div class=\"wpb_wrapper\">\n<div class=\"wpb_text_column wpb_content_element\">\n<div class=\"wpb_wrapper\">\n<h4>Contattaci?<\/h4>\n<h5><b><i>TOUR DELLE BALENE SAMANA<\/i><\/b><\/h5>\n<p><em><strong>Gente del posto<\/strong>\u00a0E\u00a0<strong>Nazionali<\/strong>\u00a0Guide turistiche e servizi per gli ospiti<\/em><\/p>\n<p><span class=\"text-turquoise\">Prenotazioni:<\/span>\u00a0Tour ed escursioni a Rep. Dom.<\/p>\n<p><img decoding=\"async\" class=\"emoji\" draggable=\"false\" src=\"https:\/\/s.w.org\/images\/core\/emoji\/11.2.0\/svg\/1f4de.svg\" alt=\"\ud83d\udcde\" title=\"\">\u00a0Tel\/Whatsapp\u00a0\u00a0<a href=\"tel:+1-809-720-6035\">+1-809-720-6035<\/a>.<\/p>\n<p><img decoding=\"async\" class=\"emoji\" draggable=\"false\" src=\"https:\/\/s.w.org\/images\/core\/emoji\/11.2.0\/svg\/1f4e9.svg\" alt=\"\ud83d\udce9\" title=\"\">\u00a0<a href=\"mailto:info@bookingadventures.com.do\">info@bookingadventures.com.do<\/a><\/p>\n<p><strong>Siamo flessibili nell&#039;impostare tour privati tramite Whatsapp:\u00a0<a href=\"tel:+18097206035\">+18097206035.<\/a><\/strong><\/p>\n<\/div>\n<\/div>\n<\/div>\n<\/div>\n<\/div>\n<\/div>\n\n\t\t<\/div>\n\t<\/div>\n[mkdf_section_title title_tag=\u00bb\u00bb disable_break_words=\u00bbno\u00bb subtitle_tag=\u00bb\u00bb subtitle=\u00bbPrivate Tours &amp; Excursions\u00bb title=\u00bbPrivate Excursion Whale Watching Samana Bay + Cano Hondo + Los Haitises from Samana port\u00bb]\n\t<div class=\"wpb_text_column wpb_content_element\" >\n\t\t<div class=\"wpb_wrapper\">\n\t\t\t<h3><strong>Prezzi del tour privato da Samana:<\/strong><\/h3>\n<p><strong><em>Tour privato per 2 clienti: $200 USD a persona<\/em><\/strong><strong><em><br \/>\n<\/em><\/strong><\/p>\n<p><strong><em>Tour privato per 3 clienti: $160 USD a persona<\/em><\/strong><\/p>\n<p><strong><em>Tour privato per 4 clienti: $140 USD a persona<\/em><\/strong><\/p>\n<p><strong><em>Tour privato per 5 clienti: $130 USD a persona<\/em><\/strong><\/p>\n<p><strong><em>Tour privato per 6 clienti: $99 USD a persona<\/em><\/strong><\/p>\n<p><strong><em>Tour privato per 7 clienti: $80 USD a persona<\/em><\/strong><\/p>\n<p><strong><em>Tour privato per 8 clienti: $75 USD a persona<\/em><\/strong><\/p>\n<p><strong><em>9 o pi\u00f9 clienti Tour privato: <a href=\"https:\/\/www.ticketswhales.com\/contact-us\/\" target=\"_blank\" rel=\"noopener\">Contattaci<\/a><\/em><\/strong><\/p>\n\n\t\t<\/div>\n\t<\/div>\n<\/div><\/div><\/div><\/div>","protected":false},"excerpt":{"rendered":"<p>Questa \u00e8 un&#039;escursione privata all&#039;osservatorio di osservazione delle balene dopo pranzo nell&#039;ecolodge Ca\u00f1o Hondo e nel Parco Nazionale Los Haitises. Nessun altro offre questa straordinaria esperienza in una sola gita di un giorno con guide turistiche ecologiste professionali nell&#039;osservazione delle balene. Se desideri contattarci per un consiglio, \u00e8 disponibile solo un&#039;e-mail, Whatsapp o chiamate. Si prega di prenotare i biglietti in tempo.<\/p>\n<p>&nbsp;<\/p>\n<p><em><strong>Seleziona la data dell&#039;escursione:<\/strong><\/em><\/p>","protected":false},"featured_media":11212,"template":"","meta":[],"product_brand":[],"product_cat":[501,502,503,504,505,493,494,495,496,497,485,498,499,232,500],"product_tag":[137,126,139,132,142,488,489,393,490,234,236,506,491],"class_list":{"0":"post-11379","1":"product","2":"type-product","3":"status-publish","4":"has-post-thumbnail","6":"product_cat-cano-hondo","7":"product_cat-cano-hondo-2021","8":"product_cat-los-haitises-national-park","9":"product_cat-samana-tours","10":"product_cat-tour-excursion","11":"product_cat-tours-excursions","12":"product_cat-tours-excursions-whale-watching-samana-bay-dominican-republic","13":"product_cat-whale-miches","14":"product_cat-whale-sabana-de-la-mar","15":"product_cat-whale-samana","16":"product_cat-whale-watching","17":"product_cat-whale-watching-puerto-plata","18":"product_cat-whale-watching-punta-cana","19":"product_cat-whale-watching-samana","20":"product_cat-whale-watching-samana-bay","21":"product_tag-bacardi-island","22":"product_tag-cano-hondo","23":"product_tag-cayo-levantado","24":"product_tag-los-haitises","25":"product_tag-samana","26":"product_tag-samana-tour","27":"product_tag-whale","28":"product_tag-whale-punta-cana","29":"product_tag-whale-sabana-de-la-mar","30":"product_tag-whale-samana","31":"product_tag-whale-watching-dominican-republic","32":"product_tag-whales-in-samana","33":"product_tag-whales-trips","35":"first","36":"instock","37":"sale","38":"featured","39":"shipping-taxable","40":"product-type-external"},"_links":{"self":[{"href":"https:\/\/haitises.com\/it\/wp-json\/wp\/v2\/product\/11379","targetHints":{"allow":["GET"]}}],"collection":[{"href":"https:\/\/haitises.com\/it\/wp-json\/wp\/v2\/product"}],"about":[{"href":"https:\/\/haitises.com\/it\/wp-json\/wp\/v2\/types\/product"}],"wp:featuredmedia":[{"embeddable":true,"href":"https:\/\/haitises.com\/it\/wp-json\/wp\/v2\/media\/11212"}],"wp:attachment":[{"href":"https:\/\/haitises.com\/it\/wp-json\/wp\/v2\/media?parent=11379"}],"wp:term":[{"taxonomy":"product_brand","embeddable":true,"href":"https:\/\/haitises.com\/it\/wp-json\/wp\/v2\/product_brand?post=11379"},{"taxonomy":"product_cat","embeddable":true,"href":"https:\/\/haitises.com\/it\/wp-json\/wp\/v2\/product_cat?post=11379"},{"taxonomy":"product_tag","embeddable":true,"href":"https:\/\/haitises.com\/it\/wp-json\/wp\/v2\/product_tag?post=11379"}],"curies":[{"name":"wp","href":"https:\/\/api.w.org\/{rel}","templated":true}]}}