{"id":608,"date":"2020-07-12T21:05:28","date_gmt":"2020-07-12T21:05:28","guid":{"rendered":"http:\/\/haitises.com\/?post_type=product&#038;p=608"},"modified":"2024-04-16T03:21:46","modified_gmt":"2024-04-16T03:21:46","slug":"tour-privado-ballenas-y-cayo-levantado-desde-el-puerto-de-samana","status":"publish","type":"product","link":"https:\/\/haitises.com\/is\/einkaadila\/tour-privado-ballenas-y-cayo-levantado-desde-el-puerto-de-samana\/","title":{"rendered":"Einkafer\u00f0 um hvali og Cayo Levantado fr\u00e1 h\u00f6fninni \u00ed Saman\u00e1"},"content":{"rendered":"<div class=\"vc_row wpb_row vc_row-fluid\" ><div class=\"wpb_column vc_column_container vc_col-sm-12\"><div class=\"vc_column-inner\"><div class=\"wpb_wrapper\"><div class=\"vc_empty_space\"   style=\"height: 32px\"><span class=\"vc_empty_space_inner\"><\/span><\/div>[mkdf_section_title title_tag=\u00bb\u00bb disable_break_words=\u00bbno\u00bb subtitle_tag=\u00bb\u00bb title=\u00bbSamana Cayo Levantado + Excursi\u00f3n de Ballenas\u00bb subtitle=\u00bbTour en bote desde el puerto de Saman\u00e1\u00bb]<div class=\"vc_message_box vc_message_box-standard vc_message_box-rounded vc_color-info\" ><div class=\"vc_message_box-icon\"><i class=\"fas fa-info-circle\"><\/i><\/div><p>Este es un tour privado m\u00ednimo 4 personas. Para reservar el mismo viaje en grupos de catamar\u00e1n, haga clic aqu\u00ed.<br \/>\nSi son menos de 4 personas y le gustar\u00eda privado, cont\u00e1ctenos.<\/p>\n<\/div><div class=\"vc_empty_space\"   style=\"height: 32px\"><span class=\"vc_empty_space_inner\"><\/span><\/div><\/div><\/div><\/div><\/div><div class=\"vc_row wpb_row vc_row-fluid\" ><div class=\"wpb_column vc_column_container vc_col-sm-12\"><div class=\"vc_column-inner\"><div class=\"wpb_wrapper\">\n\t<div class=\"wpb_text_column wpb_content_element\" >\n\t\t<div class=\"wpb_wrapper\">\n\t\t\t<h3>L\u00fdsing<\/h3>\n<p>Evite grandes grupos de turistas y haga su observaci\u00f3n de ballenas en la bah\u00eda de Saman\u00e1 desde el puerto de Saman\u00e1 en un bote privado. Este viaje comienza a las 9:00 a.m. y termina a las 5:00 p.m. Pero debido a que ser\u00e1 un viaje privado, puede establecer el tiempo para comenzar y terminar. Reuni\u00f3n antes en nuestra oficina al lado del restaurante Royal. Despu\u00e9s de abortar nuestro barco para visitar a las ballenas en su propio h\u00e1bitat. Nuestros capitanes est\u00e1n entrenados para asegurarse de que veas ballenas.<\/p>\n<p>Desde las 9:00 am hasta las 12: 00-mediod\u00eda Observatorio de avistamiento de ballenas y despu\u00e9s de este viaje visitaremos la isla Bacardi \/ Cayo Levantado. En la isla de Bacardi, se proporcionar\u00e1 un almuerzo buffet de estilo t\u00edpico dominicano (arroz, frijoles, pescado, ensaladas &#8230;). Cuando termina el almuerzo, se le permite nadar hasta las 4:30 p.m. El recorrido finalizar\u00e1 a las 5:00 pm en el mismo puerto desde donde comenzar\u00e1.<\/p>\n<p><strong>Athugi\u00f0:<\/strong> Este tour es privado. (Solo usted y su familia o amigos a bordo con el capit\u00e1n y el gu\u00eda tur\u00edstico).<\/p>\n<ul>\n<li>Avistamiento de ballenas<\/li>\n<li>Entradas al Observatorio<\/li>\n<li>Incluye almuerzo buffet en la playa.<\/li>\n<li>Transporte de barco<\/li>\n<li>Skipstj\u00f3rinn veitir fr\u00e6\u00f0slu og umsj\u00f3n.<\/li>\n<li>Gu\u00eda tur\u00edstico<\/li>\n<\/ul>\n<h3>Innlimun og \u00fatilokun<\/h3>\n<h4>Innifali\u00f0<\/h4>\n<ol>\n<li>Almuerzo buffet en la playa.<\/li>\n<li>Gu\u00eda tur\u00edstico<\/li>\n<li>Catamar\u00e1n o paseo en barco<\/li>\n<li>Allir skattar, gj\u00f6ld og afgrei\u00f0slugj\u00f6ld<\/li>\n<li>\u00datsvar<\/li>\n<li>Drykkir<\/li>\n<\/ol>\n<h4>\u00datilokanir<\/h4>\n<ol>\n<li>\u00c1bendingar<\/li>\n<li>Flytja b\u00edll<\/li>\n<li>\u00c1fengir drykkir<\/li>\n<\/ol>\n<h3><em>Brottf\u00f6r og heimfer\u00f0<\/em><\/h3>\n<p>El viajero obtendr\u00e1 un punto de encuentro despu\u00e9s del proceso de reserva. Los tours comienzan y finalizan en nuestros puntos de encuentro.<\/p>\n<h3><em>Vi\u00f0 hverju m\u00e1 b\u00faast?<\/em><\/h3>\n<p>Obtenga sus boletos para un d\u00eda de visita privada de avistamiento de ballenas en la bah\u00eda de Saman\u00e1, adem\u00e1s de un maravilloso almuerzo y tiempo de playa en la isla de Bacardi.<\/p>\n<p>El Daypass para la observaci\u00f3n de ballenas, organizado por \u00abBooking Adventures\u00bb comienza en el punto de encuentro establecido con el gu\u00eda tur\u00edstico. Almuerza en la playa y puedes quedarte todo el tiempo que quieras nadando. Si eres vegano, tambi\u00e9n podemos prepararte algo de comida.<\/p>\n<p><strong>Dagskr\u00e1:<\/strong><\/p>\n<p>8:45 AM &#8211; 5:00 PM<\/p>\n<h3><em>Hva\u00f0 \u00e1 ma\u00f0ur a\u00f0 hafa me\u00f0 s\u00e9r?<\/em><\/h3>\n<ul>\n<li>Myndav\u00e9l<\/li>\n<li>F\u00e6lingarefni<\/li>\n<li>s\u00f3larv\u00f6rn<\/li>\n<li>Hattur<\/li>\n<li>\u00de\u00e6gilegar buxur<\/li>\n<li>Sandalar \u00e1 str\u00f6ndina<\/li>\n<li>Sundf\u00f6t<\/li>\n<li>Efectivo para souvenirs<\/li>\n<\/ul>\n<h3><em>Heims\u00f3kn \u00e1 h\u00f3tel<\/em><\/h3>\n<p>Ekki er bo\u00f0i\u00f0 upp \u00e1 a\u00f0 s\u00e6kja h\u00f3tel \u00ed \u00feessa fer\u00f0.<\/p>\n<p><strong>Athugi\u00f0:<\/strong> Ef \u00fe\u00fa b\u00f3kar innan 24 klukkustunda fr\u00e1 brottfarart\u00edma fer\u00f0arinnar\/fer\u00f0arinnar, getum vi\u00f0 \u00fatvega\u00f0 flutning \u00e1 h\u00f3teli gegn aukagjaldi. \u00deegar kaupunum \u00fe\u00ednum er loki\u00f0 munum vi\u00f0 senda \u00fe\u00e9r allar uppl\u00fdsingar um tengili\u00f0i (s\u00edman\u00famer, netfang osfrv.) fyrir sta\u00f0bundinn fararstj\u00f3ra til a\u00f0 skipuleggja afhendingu.<\/p>\n<h3><em>Sta\u00f0festing \u00e1 vi\u00f0b\u00f3taruppl\u00fdsingum<\/em><\/h3>\n<ul>\n<li>Mi\u00f0arnir eru kvittunin eftir a\u00f0 hafa greitt fyrir \u00feessa fer\u00f0. \u00de\u00fa getur s\u00fdnt grei\u00f0sluna \u00ed s\u00edmanum \u00fe\u00ednum.<\/li>\n<li>Fundarsta\u00f0urinn mun berast eftir b\u00f3kunarferli\u00f0.<\/li>\n<li>B\u00f6rn ver\u00f0a a\u00f0 vera \u00ed fylgd me\u00f0 fullor\u00f0num.<\/li>\n<li>Accesible a silla de ruedas<\/li>\n<li>Ungb\u00f6rn \u00e6ttu a\u00f0 sitja \u00ed kj\u00f6ltunni<\/li>\n<li>Flestir fer\u00f0amenn geta teki\u00f0 \u00fe\u00e1tt.<\/li>\n<\/ul>\n<h3><em>Afp\u00f6ntunarreglur<\/em><\/h3>\n<p>Til a\u00f0 f\u00e1 fulla endurgrei\u00f0slu, afb\u00f3ka\u00f0u a\u00f0 minnsta kosti 24 klukkustundum fyrir upphafsdag upplifunar.<\/p>\n<h3>!Cont\u00e1ctenos!<br \/>\nTOUR BALLENAS SAMANA<\/h3>\n<p>Fararstj\u00f3rar\u00a0<strong>H\u00fasn\u00e6\u00f0i<\/strong> og <strong>landsv\u00edsu<\/strong> og gesta\u00fej\u00f3nustu<\/p>\n<p>B\u00f3kanir: Fer\u00f0ir og sko\u00f0unarfer\u00f0ir \u00ed Dom. Rep.<\/p>\n<p>S\u00edmi\/Whatsapp +1-809-720-6035.<\/p>\n<p>info@bookingadventures.com.do<\/p>\n<p>Vi\u00f0 gerum einkafer\u00f0ir me\u00f0 sveigjanlegri uppsetningu me\u00f0 Whatsapp: +18097206035.<\/p>\n\n\t\t<\/div>\n\t<\/div>\n<\/div><\/div><\/div><\/div>","protected":false},"excerpt":{"rendered":"<p>Excursi\u00f3n privada de avistamiento de ballenas en la bah\u00eda de Saman\u00e1, Rep\u00fablica Dominicana, con gu\u00edas locales. No dudes en programar tu hora de llegada o terminar la excursi\u00f3n. El almuerzo y el horario son establecidos por usted mismo. Reserve ahora esta excursi\u00f3n en la bah\u00eda de Saman\u00e1 para una buena experiencia de viaje de observaci\u00f3n de ballenas.<\/p>\n<p>Nota: Este tour es un Tour privado con un pago m\u00ednimo. Para unirse a un grupo de observaci\u00f3n de ballenas con el mismo precio en Catamar\u00e1n, HAGA CLIC AQU\u00cd.<\/p>\n<p><strong>Por favor, seleccione la fecha de la excursi\u00f3n:<\/strong><\/p>","protected":false},"featured_media":259,"template":"","meta":[],"product_brand":[],"product_cat":[443,124,232],"product_tag":[137,162,201,143,277,271,278,234,279,280,236],"class_list":{"0":"post-608","1":"product","2":"type-product","3":"status-publish","4":"has-post-thumbnail","6":"product_cat-tours-y-excursiones-es","7":"product_cat-tours-excursions-samana-bay-dominican-republic","8":"product_cat-whale-watching-samana","9":"product_tag-bacardi-island","10":"product_tag-cayo-levantado-day-pass","11":"product_tag-private-tours-samana","12":"product_tag-samana-tours","13":"product_tag-samana-whale","14":"product_tag-samana-whale-watching","15":"product_tag-samana-whale-watching-excursions","16":"product_tag-whale-samana","17":"product_tag-whale-watching","18":"product_tag-whale-watching-2020","19":"product_tag-whale-watching-dominican-republic","21":"first","22":"instock","23":"sale","24":"sold-individually","25":"shipping-taxable","26":"product-type-external"},"_links":{"self":[{"href":"https:\/\/haitises.com\/is\/wp-json\/wp\/v2\/product\/608","targetHints":{"allow":["GET"]}}],"collection":[{"href":"https:\/\/haitises.com\/is\/wp-json\/wp\/v2\/product"}],"about":[{"href":"https:\/\/haitises.com\/is\/wp-json\/wp\/v2\/types\/product"}],"wp:featuredmedia":[{"embeddable":true,"href":"https:\/\/haitises.com\/is\/wp-json\/wp\/v2\/media\/259"}],"wp:attachment":[{"href":"https:\/\/haitises.com\/is\/wp-json\/wp\/v2\/media?parent=608"}],"wp:term":[{"taxonomy":"product_brand","embeddable":true,"href":"https:\/\/haitises.com\/is\/wp-json\/wp\/v2\/product_brand?post=608"},{"taxonomy":"product_cat","embeddable":true,"href":"https:\/\/haitises.com\/is\/wp-json\/wp\/v2\/product_cat?post=608"},{"taxonomy":"product_tag","embeddable":true,"href":"https:\/\/haitises.com\/is\/wp-json\/wp\/v2\/product_tag?post=608"}],"curies":[{"name":"wp","href":"https:\/\/api.w.org\/{rel}","templated":true}]}}