{"id":59,"date":"2020-06-14T11:56:47","date_gmt":"2020-06-14T11:56:47","guid":{"rendered":"http:\/\/haitises.com\/product\/import-placeholder-for-9231\/"},"modified":"2024-04-24T04:52:02","modified_gmt":"2024-04-24T04:52:02","slug":"el-limon-waterfall-and-bacardi-island-cayo-levantado-tour-from-punta-cana-hotels","status":"publish","type":"product","link":"https:\/\/haitises.com\/is\/einkaadila\/el-limon-waterfall-and-bacardi-island-cayo-levantado-tour-from-punta-cana-hotels\/","title":{"rendered":"El Limon fossinn og Bacardi Island (Cayo Levantado) Fer\u00f0 fr\u00e1 Punta Cana h\u00f3telum"},"content":{"rendered":"<div class=\"vc_row wpb_row vc_row-fluid\" ><div class=\"wpb_column vc_column_container vc_col-sm-12\"><div class=\"vc_column-inner\"><div class=\"wpb_wrapper\">[mkdf_section_title title_tag=\u00bb\u00bb disable_break_words=\u00bbno\u00bb subtitle_tag=\u00bb\u00bb title=\u00bbEl Limon Waterfall &amp; Bacardi Island from Punta Cana Hotels\u00bb subtitle=\u00bb(Pick-up in Punta Cana)\u00bb]<\/div><\/div><\/div><\/div><div class=\"vc_row wpb_row vc_row-fluid\" ><div class=\"wpb_column vc_column_container vc_col-sm-12\"><div class=\"vc_column-inner\"><div class=\"wpb_wrapper\">\n\t<div class=\"wpb_text_column wpb_content_element\" >\n\t\t<div class=\"wpb_wrapper\">\n\t\t\t<h4><b><i>Yfirlit <\/i><\/b><\/h4>\n<p>If you are in Punta Cana or Bavaro, Looking for a day trip paying less than normal. Book this trip with a pick up at your hotel in Punta Cana. Bus will tak eyou to Sabana de la mar where we take catamaran to pass Samana bay . Visiting Samana community on Safari to arrive in El Lim\u00f3n Comunity, Horse riding or Hiking to the Waterfalls after crossing Samana Bay and Luch time at Bacardi Island. This trip Starts at 6: 00 am and finish at 6:30 pm.<\/p>\n<p>After this experience, you will get Back to Your Hotel.<\/p>\n<ul>\n<li style=\"font-weight: 400;\">Fees included<\/li>\n<li>Lunch at the beach included<\/li>\n<li>Transfer incluided<\/li>\n<li style=\"font-weight: 400;\"><span style=\"font-weight: 400;\">The guide provides instruction and Supervision<\/span><\/li>\n<\/ul>\n<p>&nbsp;<\/p>\n<h4><b>Innifali\u00f0 og \u00fatilokanir<\/b><\/h4>\n<p>&nbsp;<\/p>\n<p><b>Innifali\u00f0<\/b><\/p>\n<p>&nbsp;<\/p>\n<ol>\n<li style=\"font-weight: 400;\">Hotel pick up<\/li>\n<li style=\"font-weight: 400;\">Saman\u00e1 Bay<\/li>\n<li>Bacardi Island, Beach, and Lunch<\/li>\n<li>Safari to El Lim\u00f3n<\/li>\n<li>Horse riding or Hiking to Waterfalls<\/li>\n<li>Dominicans Cocktails<\/li>\n<li style=\"font-weight: 400;\"><span style=\"font-weight: 400;\">Allir skattar, gj\u00f6ld og afgrei\u00f0slugj\u00f6ld<\/span><\/li>\n<li style=\"font-weight: 400;\"><span style=\"font-weight: 400;\">\u00datsvar<\/span><\/li>\n<li style=\"font-weight: 400;\"><span style=\"font-weight: 400;\">Drykkir<\/span><\/li>\n<li style=\"font-weight: 400;\"><span style=\"font-weight: 400;\">All activities<\/span><\/li>\n<li style=\"font-weight: 400;\"><span style=\"font-weight: 400;\">Local guide<\/span><\/li>\n<\/ol>\n<p><b> \u00datilokanir<\/b><\/p>\n<ol>\n<li style=\"font-weight: 400;\"><span style=\"font-weight: 400;\">\u00dej\u00f3rf\u00e9<\/span><\/li>\n<li style=\"font-weight: 400;\"><span style=\"font-weight: 400;\">Alcoholic Drinks after Cocktails\u00a0<\/span><\/li>\n<\/ol>\n<p>&nbsp;<\/p>\n<h4><em><strong>Brottf\u00f6r og heimfer\u00f0<\/strong><\/em><\/h4>\n<p><span style=\"font-weight: 400;\">Fer\u00f0ama\u00f0urinn mun f\u00e1 fundarsta\u00f0 eftir p\u00f6ntunarferli\u00f0. Fer\u00f0ir hefjast og l\u00fdkur \u00e1 samkomust\u00f6\u00f0um okkar.<\/span><\/p>\n<p>&nbsp;<\/p>\n<h4><b><i>Hva\u00f0 \u00e1 a\u00f0 b\u00faast vi\u00f0?<\/i><\/b><\/h4>\n<p>&nbsp;<\/p>\n<p><em><strong>Trygg\u00f0u \u00fe\u00e9r mi\u00f0a<\/strong><\/em> for visiting The Waterfalls on Horses riding or Hiking, Safari Saman\u00e1, Swimming at the Natural Springs from the waterfalls lunch at Bacardi island plus Beach Time.<\/p>\n<p>Starting from Punta Cana on Bus we will drive to Samana bay port. In the Port we get onboard of a Boat or Catamaran with a Local tour guide we pass Saman\u00e1 Bay to Saman\u00e1 community. Taking a Safari with a local tour guide to talk about Saman\u00e1 history until arrive in El Limon Comunity. In El Lim\u00f3n Comunity we start hiking or Horse riding by El Limon waterfalls forest to the El Lim\u00f3n Waterfalls. Where when we arrive we can swim!\u00a0 After back to Safari to go to Samana port. Visit Bacardi island for lunch on the beach and swimming in one of the most beautiful islands from the Dominican Republic.<\/p>\n<p>In Case you will like this trip longer or Shorter just contact Us&#8230;<\/p>\n<p>&nbsp;<\/p>\n<p>&nbsp;<\/p>\n<h4><em><strong>Hva\u00f0 \u00e1 ma\u00f0ur a\u00f0 hafa me\u00f0 s\u00e9r?<\/strong><\/em><\/h4>\n<ul>\n<li style=\"font-weight: 400;\"><span style=\"font-weight: 400;\">myndav\u00e9l<\/span><\/li>\n<li style=\"font-weight: 400;\"><span style=\"font-weight: 400;\">Fr\u00e1hrindandi buds<\/span><\/li>\n<li style=\"font-weight: 400;\"><span style=\"font-weight: 400;\">s\u00f3larv\u00f6rn<\/span><\/li>\n<li style=\"font-weight: 400;\"><span style=\"font-weight: 400;\">Hattur<\/span><\/li>\n<li style=\"font-weight: 400;\"><span style=\"font-weight: 400;\">\u00de\u00e6gilegar buxur<\/span><\/li>\n<li style=\"font-weight: 400;\"><span style=\"font-weight: 400;\">G\u00f6ngusk\u00f3r fyrir sk\u00f3ginn<\/span><\/li>\n<li style=\"font-weight: 400;\"><span style=\"font-weight: 400;\">Sandals to the Spring areas.<\/span><\/li>\n<li style=\"font-weight: 400;\"><span style=\"font-weight: 400;\">Sundfatna\u00f0ur<\/span><\/li>\n<\/ul>\n<p>&nbsp;<\/p>\n<h4><b><i>Afhending h\u00f3tels <\/i><\/b><\/h4>\n<p><span style=\"font-weight: 400;\">Traveler pickup is offered!<\/span><\/p>\n<p><span style=\"font-weight: 400;\">We do pick up from all the Hotels in Punta Cana. Pick up Location is Hotel Lobby<br \/>\nIf you are staying at a condo in the area, we will be picking you up at the condo or at the entrance of the closest resort.. We set Pick up contacting us by Whatsapp.<\/span><\/p>\n<p><b>Athugi\u00f0:<\/b><span style=\"font-weight: 400;\"> If you are booking within 24 hours of the tour\/Excursion departure time, we can arrangements hotel pick-up. Once your purchase is complete, we will send you complete contact information (phone number, email address, etc.) for our local Tour guide to organize pick-up arrangements.<\/span><\/p>\n<h4><b><i>Sta\u00f0festing \u00e1 vi\u00f0b\u00f3taruppl\u00fdsingum <\/i><\/b><\/h4>\n<ol>\n<li>Mi\u00f0ar eru kvittunin eftir a\u00f0 hafa greitt \u00feessa fer\u00f0. \u00de\u00fa getur s\u00fdnt grei\u00f0sluna \u00ed s\u00edmanum \u00fe\u00ednum.<\/li>\n<li style=\"font-weight: 400;\"><span style=\"font-weight: 400;\">Fundarsta\u00f0ur mun berast eftir b\u00f3kunarferli\u00f0.<\/span><\/li>\n<li style=\"font-weight: 400;\"><span style=\"font-weight: 400;\">B\u00f6rn ver\u00f0a a\u00f0 vera \u00ed fylgd me\u00f0 fullor\u00f0num.<\/span><\/li>\n<li style=\"font-weight: 400;\"><span style=\"font-weight: 400;\"> Not wheelchair accessible <\/span><\/li>\n<li style=\"font-weight: 400;\"><span style=\"font-weight: 400;\">Ungb\u00f6rn ver\u00f0a a\u00f0 sitja \u00ed kj\u00f6ltu <\/span><\/li>\n<li style=\"font-weight: 400;\"><span style=\"font-weight: 400;\">Not recommended for travelers with back problems<\/span><\/li>\n<li style=\"font-weight: 400;\"><span style=\"font-weight: 400;\">Not recommended for pregnant travelers <\/span><\/li>\n<li style=\"font-weight: 400;\"><span style=\"font-weight: 400;\"> No heart problems or other serious medical conditions <\/span><\/li>\n<li style=\"font-weight: 400;\"><span style=\"font-weight: 400;\">Flestir fer\u00f0amenn geta teki\u00f0 \u00fe\u00e1tt<\/span><\/li>\n<\/ol>\n<h4><b><i>Afp\u00f6ntunarreglur<\/i><\/b><\/h4>\n<p><span style=\"font-weight: 400;\">Fyrir fulla endurgrei\u00f0slu, afb\u00f3ka\u00f0u a\u00f0 minnsta kosti 24 klukkustundum fyrir upphafsdag upplifunar.<\/span><\/p>\n\n\t\t<\/div>\n\t<\/div>\n<\/div><\/div><\/div><\/div><div class=\"vc_row wpb_row vc_row-fluid\" ><div class=\"wpb_column vc_column_container vc_col-sm-12\"><div class=\"vc_column-inner\"><div class=\"wpb_wrapper\"><div class=\"vc_empty_space\"   style=\"height: 32px\"><span class=\"vc_empty_space_inner\"><\/span><\/div>\n\t<div class=\"wpb_text_column wpb_content_element\" >\n\t\t<div class=\"wpb_wrapper\">\n\t\t\t<h4>Haf\u00f0u samband vi\u00f0 okkur?<\/h4>\n<h5><em><strong>B\u00f3kun \u00e6vint\u00fdri<\/strong><\/em><\/h5>\n<p><em><strong>Heimamenn<\/strong> og <strong>Landsmenn<\/strong> Fararstj\u00f3rar og gesta\u00fej\u00f3nusta<\/em><\/p>\n<p><span class=\"text-turquoise\">B\u00f3kanir:<\/span> Fer\u00f0ir og sko\u00f0unarfer\u00f0ir \u00ed Dom. Rep.<\/p>\n<p><img decoding=\"async\" class=\"emoji\" draggable=\"false\" src=\"https:\/\/s.w.org\/images\/core\/emoji\/11.2.0\/svg\/1f4de.svg\" alt=\"\ud83d\udcde\" title=\"\"> S\u00edmi\/Whatsapp\u00a0 <a href=\"tel:+1-809-720-6035\">+1-809-720-6035<\/a>.<\/p>\n<p><img decoding=\"async\" class=\"emoji\" draggable=\"false\" src=\"https:\/\/s.w.org\/images\/core\/emoji\/11.2.0\/svg\/1f4e9.svg\" alt=\"\ud83d\udce9\" title=\"\"> <a href=\"mailto:info@bookingadventures.com.do\">info@bookingadventures.com.do<\/a><\/p>\n<p><strong>Vi\u00f0 erum me\u00f0 sveigjanlega stillingu einkafer\u00f0ir me\u00f0 Whatsapp: <a href=\"tel:+18097206035\">+18097206035.<\/a><\/strong><\/p>\n\n\t\t<\/div>\n\t<\/div>\n<div class=\"vc_empty_space\"   style=\"height: 32px\"><span class=\"vc_empty_space_inner\"><\/span><\/div><\/div><\/div><\/div><\/div>","protected":false},"excerpt":{"rendered":"<p>If you are in Punta Cana or Bavaro, Looking for a day trip paying less than normal. Book this trip with a pick up at your hotel in Punta Cana. The bus will take you to Sabana de la mar where we take a catamaran to pass Samana bay. Visiting Samana community on Safari to arrive in El Lim\u00f3n Comunity, Horse riding or Hiking to the Waterfalls after crossing Samana Bay and Luch time at Bacardi Island. This trip starts at 6: 00 am and finish at 6:30 pm.<\/p>\n<p>&nbsp;<\/p>\n<p>&nbsp;<\/p>\n<p><strong>Vinsamlegast veldu dagsetningu fyrir fer\u00f0ina\u00a0<\/strong><\/p>","protected":false},"featured_media":320,"template":"","meta":[],"product_brand":[],"product_cat":[96,97,136,264,122,123,124],"product_tag":[137,138,281,139,282,283,140,284,141,114,285,142,143],"class_list":{"0":"post-59","1":"product","2":"type-product","3":"status-publish","4":"has-post-thumbnail","6":"product_cat-hiking","7":"product_cat-horse-riding-to-waterfalls","8":"product_cat-safari-samana","9":"product_cat-salto-el-limon-and-bacardi-island","10":"product_cat-tours-and-excursions","11":"product_cat-tours-excursions-los-haitises-national-park","12":"product_cat-tours-excursions-samana-bay-dominican-republic","13":"product_tag-bacardi-island","14":"product_tag-beach-time","15":"product_tag-cascada-el-limon-salto-el-limon-samana-republica-dominicana","16":"product_tag-cayo-levantado","17":"product_tag-el-limon-waterfall-bacardi-island-from-punta-cana","18":"product_tag-el-limon-waterfall-and-bacardi-island-tour-from-punta-cana","19":"product_tag-el-limon-waterfalls","20":"product_tag-guided-adventures","21":"product_tag-punta-cana","22":"product_tag-sabana-de-la-mar","23":"product_tag-salto-de-limon-punta-cana","24":"product_tag-samana","25":"product_tag-samana-tours","27":"first","28":"instock","29":"sale","30":"sold-individually","31":"shipping-taxable","32":"product-type-external"},"_links":{"self":[{"href":"https:\/\/haitises.com\/is\/wp-json\/wp\/v2\/product\/59","targetHints":{"allow":["GET"]}}],"collection":[{"href":"https:\/\/haitises.com\/is\/wp-json\/wp\/v2\/product"}],"about":[{"href":"https:\/\/haitises.com\/is\/wp-json\/wp\/v2\/types\/product"}],"wp:featuredmedia":[{"embeddable":true,"href":"https:\/\/haitises.com\/is\/wp-json\/wp\/v2\/media\/320"}],"wp:attachment":[{"href":"https:\/\/haitises.com\/is\/wp-json\/wp\/v2\/media?parent=59"}],"wp:term":[{"taxonomy":"product_brand","embeddable":true,"href":"https:\/\/haitises.com\/is\/wp-json\/wp\/v2\/product_brand?post=59"},{"taxonomy":"product_cat","embeddable":true,"href":"https:\/\/haitises.com\/is\/wp-json\/wp\/v2\/product_cat?post=59"},{"taxonomy":"product_tag","embeddable":true,"href":"https:\/\/haitises.com\/is\/wp-json\/wp\/v2\/product_tag?post=59"}],"curies":[{"name":"wp","href":"https:\/\/api.w.org\/{rel}","templated":true}]}}