{"id":553,"date":"2020-06-21T20:30:49","date_gmt":"2020-06-21T20:30:49","guid":{"rendered":"http:\/\/haitises.com\/?post_type=product&#038;p=553"},"modified":"2024-04-17T21:13:57","modified_gmt":"2024-04-17T21:13:57","slug":"excursion-a-los-haitises-y-cano-hondo-desde-sabana-de-la-mar","status":"publish","type":"product","link":"https:\/\/haitises.com\/is\/einkaadila\/excursion-a-los-haitises-y-cano-hondo-desde-sabana-de-la-mar\/","title":{"rendered":"Einkafer\u00f0 til Los Haitises og Ca\u00f1o Hondo fr\u00e1 Sabana de la Mar"},"content":{"rendered":"<div class=\"vc_row wpb_row vc_row-fluid\" ><div class=\"wpb_column vc_column_container vc_col-sm-12\"><div class=\"vc_column-inner\"><div class=\"wpb_wrapper\">[mkdf_section_title subtitle_tag=\u00bb\u00bb subtitle=\u00bbAlmuerzo y Nataci\u00f3n en Piscinas Naturales\u00bb]<\/div><\/div><\/div><\/div><div class=\"vc_row wpb_row vc_row-fluid\" ><div class=\"wpb_column vc_column_container vc_col-sm-12\"><div class=\"vc_column-inner\"><div class=\"wpb_wrapper\"><div class=\"vc_empty_space\"   style=\"height: 32px\"><span class=\"vc_empty_space_inner\"><\/span><\/div><\/div><\/div><\/div><\/div><div class=\"vc_row wpb_row vc_row-fluid\" ><div class=\"wpb_column vc_column_container vc_col-sm-12\"><div class=\"vc_column-inner\"><div class=\"wpb_wrapper\">\n\t<div class=\"wpb_text_column wpb_content_element\" >\n\t\t<div class=\"wpb_wrapper\">\n\t\t\t<h2>Parque Nacional Los Haitises + Almuerzo en Ca\u00f1o Hondo desde Sabana de la Mar<\/h2>\n<h3>L\u00fdsing<\/h3>\n<p>Excursi\u00f3n de d\u00eda completo al Parque Nacional Los Haitises y almuerzo en Ca\u00f1o Hondo m\u00e1s nataci\u00f3n en piscinas naturales. Ven con nosotros y visita el parque nacional m\u00e1s hermoso de la Rep\u00fablica Dominicana, visitando manglares, cuevas y la bah\u00eda de San Lorenzo. Regreso al puerto de Ca\u00f1o Hondo para caminar 15 minutos para disfrutar de un almuerzo t\u00edpico con vista al mar al Parque Nacional Los Haitises. Despu\u00e9s de esta nataci\u00f3n en manantial natural hasta las 4:30 pm.<\/p>\n<ul>\n<li>Incluye almuerzo buffet.<\/li>\n<li>Nadar en piscinas naturales<\/li>\n<li>Tasas incluidas<\/li>\n<li>El gu\u00eda proporciona instrucci\u00f3n y supervisi\u00f3n.<\/li>\n<\/ul>\n<h3>Innlimun og \u00fatilokun<\/h3>\n<h4>Innifali\u00f0<\/h4>\n<ol>\n<li>almuerzo en el Ecolodge<\/li>\n<li>Los Haitises fer\u00f0 + hellar og myndrit<\/li>\n<li>Allir skattar, gj\u00f6ld og afgrei\u00f0slugj\u00f6ld.<\/li>\n<li>\u00datsvar<\/li>\n<li>Drykkir<\/li>\n<li>\u00d6ll starfsemin<\/li>\n<li>Sta\u00f0bundinn lei\u00f0s\u00f6guma\u00f0ur<\/li>\n<\/ol>\n<h4>\u00datilokanir<\/h4>\n<ol>\n<li>\u00c1bendingar<\/li>\n<li>Flutningur<\/li>\n<li>\u00c1fengir drykkir<\/li>\n<\/ol>\n<h3><em>Brottf\u00f6r og heimfer\u00f0<\/em><\/h3>\n<p>Fer\u00f0ama\u00f0urinn mun f\u00e1 fundarsta\u00f0 eftir b\u00f3kunarferli\u00f0. Fer\u00f0ir hefjast og l\u00fdkur \u00e1 samkomust\u00f6\u00f0um okkar.<\/p>\n<h3><em>Vi\u00f0 hverju m\u00e1 b\u00faast?<\/em><\/h3>\n<p>Obtenga sus boletos para visitar el Parque Nacional Los Haitises con un maravilloso almuerzo en Ca\u00f1o Hondo y Nataci\u00f3n en los manantiales naturales. Realice un recorrido en bote por los manglares, las antiguas cuevas piratas y los bosques protegidos de esta pintoresca reserva, desde la zona de los hoteles Ca\u00f1o Hondo o desde Sabana de la Mar.<\/p>\n<p>El recorrido, organizado por \u00abBooking Adventures\u00bb, comienza en el punto de encuentro establecido con el gu\u00eda tur\u00edstico. Ven con Booking Adventures y comienza a observar algunos manglares llenos de p\u00e1jaros, colinas onduladas de exuberante vegetaci\u00f3n y cuevas del Parque Nacional Los Haitises. Excursi\u00f3n en bote desde el r\u00edo Ca\u00f1o Hondo, Sabana de la Mar.<\/p>\n<p>A trav\u00e9s de los manglares y la tierra en la bah\u00eda abierta de San Lorenzo, desde donde puedes fotografiar el agreste paisaje forestal. Mire el agua para ver manat\u00edes, crust\u00e1ceos y delfines.<\/p>\n<p>El nombre del parque nacional proviene de sus habitantes originales, los indios ta\u00ednos. En su idioma, \u00abHaitises\u00bb se traduce en tierras altas o colinas, una referencia a las empinadas formaciones geol\u00f3gicas de la costa con calizas. Avent\u00farate m\u00e1s en el parque para explorar cuevas como la Cueva de la Arena y la Cueva de la l\u00ednea. Las cuevas en la reserva fueron utilizadas como refugio por los indios ta\u00ednos y, m\u00e1s tarde, por los piratas escondidos. Busque dibujos de indios que decoran algunas de las paredes. Despu\u00e9s de visitar el Parque Nacional Los Haitises iremos a Ca\u00f1o Hondo. En Ca\u00f1o Hondo aprendiendo sobre esta historia de ecolodge y la hora del almuerzo con la comida t\u00edpica de la comunidad de Sabana de la Mar.<\/p>\n<p>El almuerzo ser\u00e1 delicioso pero a\u00fan no terminamos. Despu\u00e9s del almuerzo, nadaremos en el manantial natural desde el r\u00edo Jibales, un r\u00edo perenne hasta el r\u00edo Ca\u00f1o Hondo. Quedarse en Ca\u00f1o Hondo hasta las 6:00 pm si lo desea o menos.<\/p>\n<p>En las Piscinas Natureles puedes quedarte todo el tiempo que quieras nadar y hacer senderismo. Si eres vegano, tambi\u00e9n podemos prepararte algo de comida.<\/p>\n<h3><em>Hva\u00f0 \u00e1 ma\u00f0ur a\u00f0 hafa me\u00f0 s\u00e9r?<\/em><\/h3>\n<ul>\n<li>Myndav\u00e9l<\/li>\n<li>F\u00e6lingarefni<\/li>\n<li>s\u00f3larv\u00f6rn<\/li>\n<li>Hattur<\/li>\n<li>\u00de\u00e6gilegar buxur<\/li>\n<li>Sk\u00f3garg\u00f6ngusk\u00f3r<\/li>\n<li>Sandalar a\u00f0 vorsv\u00e6\u00f0um.<\/li>\n<li>Sundf\u00f6t<\/li>\n<\/ul>\n<h3><em>Heims\u00f3kn \u00e1 h\u00f3tel<\/em><\/h3>\n<p>Ekki er bo\u00f0i\u00f0 upp \u00e1 a\u00f0 s\u00e6kja h\u00f3tel \u00ed \u00feessa fer\u00f0.<\/p>\n<p><strong>Athugi\u00f0:<\/strong> Ef \u00fe\u00fa b\u00f3kar innan 24 klukkustunda fr\u00e1 brottfarart\u00edma fer\u00f0arinnar\/fer\u00f0arinnar, getum vi\u00f0 \u00fatvega\u00f0 flutning \u00e1 h\u00f3teli gegn aukagjaldi. \u00deegar kaupunum \u00fe\u00ednum er loki\u00f0 munum vi\u00f0 senda \u00fe\u00e9r allar uppl\u00fdsingar um tengili\u00f0i (s\u00edman\u00famer, netfang osfrv.) fyrir sta\u00f0bundinn fararstj\u00f3ra til a\u00f0 skipuleggja afhendingu.<\/p>\n<h3><em>Sta\u00f0festing \u00e1 vi\u00f0b\u00f3taruppl\u00fdsingum<\/em><\/h3>\n<ul>\n<li>Mi\u00f0arnir eru kvittunin eftir a\u00f0 hafa greitt fyrir \u00feessa fer\u00f0. \u00de\u00fa getur s\u00fdnt grei\u00f0sluna \u00ed s\u00edmanum \u00fe\u00ednum.<\/li>\n<li>Fundarsta\u00f0urinn mun berast eftir b\u00f3kunarferli\u00f0.<\/li>\n<li>B\u00f6rn ver\u00f0a a\u00f0 vera \u00ed fylgd me\u00f0 fullor\u00f0num.<\/li>\n<li>Ekki a\u00f0gengilegt fyrir hj\u00f3last\u00f3la<\/li>\n<li>Los infantes deben sentarse en un asiento de beb\u00e9s o con un adulto<\/li>\n<li>Ekki m\u00e6lt me\u00f0 fyrir fer\u00f0amenn me\u00f0 bakvandam\u00e1l.<\/li>\n<li>Ekki m\u00e6lt me\u00f0 \u00fev\u00ed fyrir barnshafandi konur.<\/li>\n<li>Engin hjartavandam\u00e1l e\u00f0a \u00f6nnur alvarleg sj\u00fakd\u00f3ms\u00e1stand.<\/li>\n<li>Flestir fer\u00f0amenn geta teki\u00f0 \u00fe\u00e1tt.<\/li>\n<\/ul>\n<h3><em>Afp\u00f6ntunarreglur<\/em><\/h3>\n<p>Til a\u00f0 f\u00e1 fulla endurgrei\u00f0slu, afb\u00f3ka\u00f0u a\u00f0 minnsta kosti 24 klukkustundum fyrir upphafsdag upplifunar.<\/p>\n\n\t\t<\/div>\n\t<\/div>\n<\/div><\/div><\/div><\/div><div class=\"vc_row wpb_row vc_row-fluid\" ><div class=\"wpb_column vc_column_container vc_col-sm-12\"><div class=\"vc_column-inner\"><div class=\"wpb_wrapper\">\n\t<div class=\"wpb_video_widget wpb_content_element vc_clearfix   vc_video-aspect-ratio-169 vc_video-el-width-100 vc_video-align-left\" >\n\t\t<div class=\"wpb_wrapper\">\n\t\t\t\n\t\t\t<div class=\"wpb_video_wrapper\"><iframe loading=\"lazy\" title=\"Los Haitises \u00fej\u00f3\u00f0gar\u00f0urinn, fer\u00f0ir og sko\u00f0unarfer\u00f0ir fr\u00e1 Samana e\u00f0a Sabana de la Mar. B\u00f3ka\u00f0u h\u00e9r:\" src=\"https:\/\/player.vimeo.com\/video\/346508015?dnt=1&amp;app_id=122963\" width=\"1100\" height=\"619\" frameborder=\"0\" allow=\"autoplay; fullscreen\" allowfullscreen><\/iframe><\/div>\n\t\t<\/div>\n\t<\/div>\n<\/div><\/div><\/div><\/div><div class=\"vc_row wpb_row vc_row-fluid\" ><div class=\"wpb_column vc_column_container vc_col-sm-12\"><div class=\"vc_column-inner\"><div class=\"wpb_wrapper\"><div class=\"vc_empty_space\"   style=\"height: 32px\"><span class=\"vc_empty_space_inner\"><\/span><\/div>\n\t<div class=\"wpb_text_column wpb_content_element\" >\n\t\t<div class=\"wpb_wrapper\">\n\t\t\t<h4>Haf\u00f0u samband vi\u00f0 okkur?<\/h4>\n<h5>\u00c6vint\u00fdrapantanir<\/h5>\n<p><strong><em>Fararstj\u00f3rar \u00e1 sta\u00f0num og innanlands og gesta\u00fej\u00f3nusta<\/em><\/strong><\/p>\n<p>Reservas: Tours y Excursiones en Dom. Reps.<\/p>\n<p>S\u00edmi\/Whatsapp +1-809-720-6035.<\/p>\n<p>info@bookingadventures.com.do<\/p>\n<p>Vi\u00f0 gerum einkafer\u00f0ir me\u00f0 sveigjanlegri uppsetningu me\u00f0 Whatsapp: +18097206035.<\/p>\n\n\t\t<\/div>\n\t<\/div>\n<div class=\"vc_empty_space\"   style=\"height: 32px\"><span class=\"vc_empty_space_inner\"><\/span><\/div><\/div><\/div><\/div><\/div>","protected":false},"excerpt":{"rendered":"<p>Excursi\u00f3n al Parque Nacional Los Haitises desde Sabana de la Mar, visitando manglares, cuevas, pictograf\u00edas + almuerzo en Ca\u00f1o Hondo tours y piscinas.<\/p>\n<p>Establezca este recorrido con una ruta de senderismo y aprenda sobre la historia del Parque Nacional Los Haitises con gu\u00edas locales.<\/p>","protected":false},"featured_media":82,"template":"","meta":[],"product_brand":[],"product_cat":[443,123,124],"product_tag":[126,127,128,145,202,203,132,133,146,114,204],"class_list":{"0":"post-553","1":"product","2":"type-product","3":"status-publish","4":"has-post-thumbnail","6":"product_cat-tours-y-excursiones-es","7":"product_cat-tours-excursions-los-haitises-national-park","8":"product_cat-tours-excursions-samana-bay-dominican-republic","9":"product_tag-cano-hondo","10":"product_tag-cano-hondo-hotel","11":"product_tag-cano-hondo-tours","12":"product_tag-day-tour-cano-hondo","13":"product_tag-la-arena-cave","14":"product_tag-line-cave","15":"product_tag-los-haitises","16":"product_tag-los-haitises-national-park","17":"product_tag-mangroves-los-haitises","18":"product_tag-sabana-de-la-mar","19":"product_tag-san-lorenzo-bay","21":"first","22":"instock","23":"sale","24":"sold-individually","25":"shipping-taxable","26":"product-type-external"},"_links":{"self":[{"href":"https:\/\/haitises.com\/is\/wp-json\/wp\/v2\/product\/553","targetHints":{"allow":["GET"]}}],"collection":[{"href":"https:\/\/haitises.com\/is\/wp-json\/wp\/v2\/product"}],"about":[{"href":"https:\/\/haitises.com\/is\/wp-json\/wp\/v2\/types\/product"}],"wp:featuredmedia":[{"embeddable":true,"href":"https:\/\/haitises.com\/is\/wp-json\/wp\/v2\/media\/82"}],"wp:attachment":[{"href":"https:\/\/haitises.com\/is\/wp-json\/wp\/v2\/media?parent=553"}],"wp:term":[{"taxonomy":"product_brand","embeddable":true,"href":"https:\/\/haitises.com\/is\/wp-json\/wp\/v2\/product_brand?post=553"},{"taxonomy":"product_cat","embeddable":true,"href":"https:\/\/haitises.com\/is\/wp-json\/wp\/v2\/product_cat?post=553"},{"taxonomy":"product_tag","embeddable":true,"href":"https:\/\/haitises.com\/is\/wp-json\/wp\/v2\/product_tag?post=553"}],"curies":[{"name":"wp","href":"https:\/\/api.w.org\/{rel}","templated":true}]}}