{"id":42,"date":"2020-06-14T11:56:46","date_gmt":"2020-06-14T11:56:46","guid":{"rendered":"http:\/\/haitises.com\/product\/import-placeholder-for-8848\/"},"modified":"2024-04-24T19:14:25","modified_gmt":"2024-04-24T19:14:25","slug":"birdwatching-in-los-haitises-national-park","status":"publish","type":"product","link":"https:\/\/haitises.com\/is\/einkaadila\/birdwatching-in-los-haitises-national-park\/","title":{"rendered":"Fuglasko\u00f0un \u00ed Los Haitises \u00fej\u00f3\u00f0gar\u00f0inum"},"content":{"rendered":"<div class=\"vc_row wpb_row vc_row-fluid\" ><div class=\"wpb_column vc_column_container vc_col-sm-12\"><div class=\"vc_column-inner\"><div class=\"wpb_wrapper\">[mkdf_section_title title_tag=\u00bb\u00bb disable_break_words=\u00bbno\u00bb subtitle_tag=\u00bb\u00bb title=\u00bbRidgway&#8217;s Hawk Tour\u00bb subtitle=\u00bbBirding in Los Haitises National Park\u00bb]<\/div><\/div><\/div><\/div><div class=\"vc_row wpb_row vc_row-fluid\" ><div class=\"wpb_column vc_column_container vc_col-sm-12\"><div class=\"vc_column-inner\"><div class=\"wpb_wrapper\">\n\t<div class=\"wpb_text_column wpb_content_element\" >\n\t\t<div class=\"wpb_wrapper\">\n\t\t\t<h4><b><i>Yfirlit <\/i><\/b><\/h4>\n<section><\/section>\n<p><strong>Los Haitises National Park<\/strong> is a popular destination for nature lovers and bird watchers cause of the highest importance for biodiversity and richness of fauna, both in terms of endemism and species numbers. Tropical rain forest with stunning landscapes and one of the largest and most important nature preserves in the Dominican Republic. Los Haitises is home to a wide variety of native, endemic, and migratory birds, some of which are quite rare and highly endangered. While most people head out by boat to explore the park and its caves, islands, and wildlife.<\/p>\n<p>We are conserving 110 species of birds which you can find in Los Haitises National Park. Walking through this magical forest in search of parrots, Todys, Ridgway\u2019s Hawks, tanagers, hummingbirds and much more. Providing interesting History about all these birds which you can see on the Humit trail. We know the spots habitats of Ridgway\u2019s, Ashy Faced Owls and other endemics species. This Tour is focus on nature and is more concentrated in the information about wildlife.<\/p>\n<p><strong>Usually is a private tour for a truly high quality experience.<\/strong><\/p>\n<h4><\/h4>\n<h4><b>Innifali\u00f0 og \u00fatilokanir<\/b><\/h4>\n<p><b>Innifali\u00f0<\/b><\/p>\n<ol>\n<li style=\"font-weight: 400;\">3 hours bird walk on the park trails<\/li>\n<li style=\"font-weight: 400;\"><span style=\"font-weight: 400;\">Allir skattar, gj\u00f6ld og afgrei\u00f0slugj\u00f6ld<\/span><\/li>\n<li style=\"font-weight: 400;\"><span style=\"font-weight: 400;\">\u00datsvar<\/span><\/li>\n<li style=\"font-weight: 400;\">Officials Ecologist tour guides English\/Spanish<\/li>\n<\/ol>\n<p><b> \u00datilokanir<\/b><\/p>\n<ol>\n<li style=\"font-weight: 400;\"><span style=\"font-weight: 400;\">\u00dej\u00f3rf\u00e9<\/span><\/li>\n<li style=\"font-weight: 400;\"><span style=\"font-weight: 400;\">Transfer<\/span><\/li>\n<li style=\"font-weight: 400;\"><span style=\"font-weight: 400;\">Beverage<\/span><\/li>\n<\/ol>\n<p>&nbsp;<\/p>\n<h4><em><strong>Brottf\u00f6r og heimfer\u00f0<\/strong><\/em><\/h4>\n<p><span style=\"font-weight: 400;\">The tour, organized by \u00abBooking Adventures\u00bb starts at the meeting point set with the Tour Guide. The traveler will get a meeting point after the Reservation Process. Tours start and Finished in our meeting points.<\/span><\/p>\n<p>&nbsp;<\/p>\n<h4><b><i>Hva\u00f0 \u00e1 a\u00f0 b\u00faast vi\u00f0?<\/i><\/b><\/h4>\n<p><em><strong>Get your ticket<\/strong><\/em> for birdwatching in Los Haitises National Park.<\/p>\n<p>This Excursion starts from meeting point by hiking the Ridgway trails to the Nesting areas. After 30 min hiking and watching the Hawks we have the option to continue hiking around and check for Parrots, piculets, and Others Endemics species in Los Haitises National Park.<\/p>\n<p>Los Haitises National Park has just two Trails for Birding in Sabana de la Mar. On the way to Los Hiatises National Park we stop in some spots to see more birds.<\/p>\n<p>Been in the San Lorenzo Bay. we will visit two Caves, the Sadly Cave call in Spanish\u00a0Cueva de la Arena; in this Cave, we can see the petrographs\u00a0from Tainos communities\u00a0that were staying around this area. and using the caves as a temple.<\/p>\n<p>After that, we go ahead to the Linea Cave, this one with 2,243 originals pictographs and our tour guide explain you the information from archeologist about those pictographs.<\/p>\n<p>Taking the boat back again to the Pajaros island ( Birds Island) where we can see most of the\u00a0wetlands birds around\u00a0to Los Haitises National Park. Just because\u00a0all birds are not in the Water.<\/p>\n<p>After 4 and half hours learning about birds in Los Haitises National Park, this excursion ends in the same place as started.<\/p>\n<p><strong>Note: These tours are with Officials Ecologist tour guides. Please Book with time because in the park there are no too many specialists.<\/strong><\/p>\n<p>&nbsp;<\/p>\n<h4><em><strong>Hva\u00f0 \u00e1 ma\u00f0ur a\u00f0 hafa me\u00f0 s\u00e9r?<\/strong><\/em><\/h4>\n<ul>\n<li style=\"font-weight: 400;\"><span style=\"font-weight: 400;\">myndav\u00e9l<\/span><\/li>\n<li>Binocular<\/li>\n<li style=\"font-weight: 400;\"><span style=\"font-weight: 400;\">Fr\u00e1hrindandi buds<\/span><\/li>\n<li style=\"font-weight: 400;\"><span style=\"font-weight: 400;\">s\u00f3larv\u00f6rn<\/span><\/li>\n<li style=\"font-weight: 400;\"><span style=\"font-weight: 400;\">Hattur<\/span><\/li>\n<li style=\"font-weight: 400;\"><span style=\"font-weight: 400;\">\u00de\u00e6gilegar buxur<\/span><\/li>\n<li style=\"font-weight: 400;\"><span style=\"font-weight: 400;\">G\u00f6ngusk\u00f3r fyrir sk\u00f3ginn<\/span><\/li>\n<li style=\"font-weight: 400;\"><span style=\"font-weight: 400;\">Sandals to the Spring areas.<\/span><\/li>\n<li style=\"font-weight: 400;\"><span style=\"font-weight: 400;\">Sundfatna\u00f0ur<\/span><\/li>\n<\/ul>\n<p>&nbsp;<\/p>\n<h4><b><i>Afhending h\u00f3tels <\/i><\/b><\/h4>\n<p><span style=\"font-weight: 400;\">Ekki er bo\u00f0i\u00f0 upp \u00e1 flutning \u00e1 h\u00f3teli \u00ed \u00feessari fer\u00f0. <\/span><\/p>\n<p>&nbsp;<\/p>\n<p><b>Athugi\u00f0:<\/b><span style=\"font-weight: 400;\"> If you are booking within 24 hours of the tour\/Excursion departure time, we can arrangements hotel pick-up with extra Charges. Once your purchase is complete, we will send you complete contact information (phone number, email address, etc.) for our local Tour guide to organize pick-up arrangements.<\/span><\/p>\n<h4><b><i>Sta\u00f0festing \u00e1 vi\u00f0b\u00f3taruppl\u00fdsingum <\/i><\/b><\/h4>\n<ol>\n<li>Mi\u00f0ar eru kvittunin eftir a\u00f0 hafa greitt \u00feessa fer\u00f0. \u00de\u00fa getur s\u00fdnt grei\u00f0sluna \u00ed s\u00edmanum \u00fe\u00ednum.<\/li>\n<li style=\"font-weight: 400;\"><span style=\"font-weight: 400;\">Fundarsta\u00f0ur mun berast eftir b\u00f3kunarferli\u00f0.<\/span><\/li>\n<li style=\"font-weight: 400;\"><span style=\"font-weight: 400;\">B\u00f6rn ver\u00f0a a\u00f0 vera \u00ed fylgd me\u00f0 fullor\u00f0num.<\/span><\/li>\n<li style=\"font-weight: 400;\"><span style=\"font-weight: 400;\"> Not wheelchair accessible <\/span><\/li>\n<li style=\"font-weight: 400;\"><span style=\"font-weight: 400;\">Ungb\u00f6rn ver\u00f0a a\u00f0 sitja \u00ed kj\u00f6ltu <\/span><\/li>\n<li style=\"font-weight: 400;\"><span style=\"font-weight: 400;\">Not recommended for travelers with back problems<\/span><\/li>\n<li style=\"font-weight: 400;\"><span style=\"font-weight: 400;\">Not recommended for pregnant travelers <\/span><\/li>\n<li style=\"font-weight: 400;\"><span style=\"font-weight: 400;\"> No heart problems or other serious medical conditions <\/span><\/li>\n<li style=\"font-weight: 400;\"><span style=\"font-weight: 400;\">Flestir fer\u00f0amenn geta teki\u00f0 \u00fe\u00e1tt<\/span><\/li>\n<\/ol>\n<p>This tour is offered to a Minimum of 2 people and Maximum 15 people. In case of fewer people, please contact us.<\/p>\n<h4><b><i>Afp\u00f6ntunarreglur<\/i><\/b><\/h4>\n<p><span style=\"font-weight: 400;\">Fyrir fulla endurgrei\u00f0slu, afb\u00f3ka\u00f0u a\u00f0 minnsta kosti 24 klukkustundum fyrir upphafsdag upplifunar.<\/span><\/p>\n\n\t\t<\/div>\n\t<\/div>\n<\/div><\/div><\/div><\/div><div class=\"vc_row wpb_row vc_row-fluid\" ><div class=\"wpb_column vc_column_container vc_col-sm-12\"><div class=\"vc_column-inner\"><div class=\"wpb_wrapper\">\n\t<div class=\"wpb_text_column wpb_content_element\" >\n\t\t<div class=\"wpb_wrapper\">\n\t\t\t<h4>Haf\u00f0u samband vi\u00f0 okkur?<\/h4>\n<h5><em><strong>B\u00f3kun \u00e6vint\u00fdri<\/strong><\/em><\/h5>\n<p><em><strong>Heimamenn<\/strong> og <strong>Landsmenn<\/strong> Fararstj\u00f3rar og gesta\u00fej\u00f3nusta<\/em><\/p>\n<p><span class=\"text-turquoise\">B\u00f3kanir:<\/span> Fer\u00f0ir og sko\u00f0unarfer\u00f0ir \u00ed Dom. Rep.<\/p>\n<p><img decoding=\"async\" class=\"emoji\" draggable=\"false\" src=\"https:\/\/s.w.org\/images\/core\/emoji\/11.2.0\/svg\/1f4de.svg\" alt=\"\ud83d\udcde\" title=\"\"> S\u00edmi\/Whatsapp\u00a0 <a href=\"tel:+1-809-720-6035\">+1-809-720-6035<\/a>.<\/p>\n<p><img decoding=\"async\" class=\"emoji\" draggable=\"false\" src=\"https:\/\/s.w.org\/images\/core\/emoji\/11.2.0\/svg\/1f4e9.svg\" alt=\"\ud83d\udce9\" title=\"\"> <a href=\"mailto:info@bookingadventures.com.do\">info@bookingadventures.com.do<\/a><\/p>\n<p><strong>Vi\u00f0 erum me\u00f0 sveigjanlega stillingu einkafer\u00f0ir me\u00f0 Whatsapp: <a href=\"tel:+18097206035\">+18097206035.<\/a><\/strong><\/p>\n\n\t\t<\/div>\n\t<\/div>\n<\/div><\/div><\/div><\/div>","protected":false},"excerpt":{"rendered":"<p>Trip to Los Haitises National Park with a Local Tour guide concentrates on birdwatching + Caves. Visiting the Cays in Los Haitises National Park, Mangroves, Vegetation, Birding, Caves, Pictographs and the historical areas of Sabana de la Mar in Los Haitises National Park.<\/p>\n<p>&nbsp;<\/p>\n<p><em><strong>Vinsamlegast veldu dagsetningu fyrir fer\u00f0ina\u00a0<\/strong><\/em><\/p>","protected":false},"featured_media":177,"template":"","meta":[],"product_brand":[],"product_cat":[119,120,96,98,121,122,123,124],"product_tag":[176,177,178,179,180,181,182,183,184,185,186,132,187,133,188,189,190,191,192,114,142,147,193],"class_list":{"0":"post-42","1":"product","2":"type-product","3":"status-publish","4":"has-post-thumbnail","6":"product_cat-caves","7":"product_cat-fees-entrace","8":"product_cat-hiking","9":"product_cat-local-tour-guides","10":"product_cat-mangroves","11":"product_cat-tours-and-excursions","12":"product_cat-tours-excursions-los-haitises-national-park","13":"product_cat-tours-excursions-samana-bay-dominican-republic","14":"product_tag-biding-sabana-de-la-mar","15":"product_tag-birding","16":"product_tag-birding-dominican-republic","17":"product_tag-birding-in-los-haitises","18":"product_tag-birdwatching","19":"product_tag-birdwatching-dominicana","20":"product_tag-birdwtaching","21":"product_tag-boat-tour-birding","22":"product_tag-carretera-cano-hondo","23":"product_tag-eco-lodge-paraiso-cano-hondo","24":"product_tag-hire-a-guide-in-los-haitises","25":"product_tag-los-haitises","26":"product_tag-los-haitises-birding","27":"product_tag-los-haitises-national-park","28":"product_tag-los-haitises-national-park-birding-tour-from-punta-cana","29":"product_tag-los-haitises-national-park-cano-hondo","30":"product_tag-los-haitises-samana","31":"product_tag-nature","32":"product_tag-ridgways-hawk","33":"product_tag-sabana-de-la-mar","34":"product_tag-samana","35":"product_tag-samana-bay","36":"product_tag-wildlife","38":"first","39":"instock","40":"sale","41":"sold-individually","42":"shipping-taxable","43":"product-type-external"},"_links":{"self":[{"href":"https:\/\/haitises.com\/is\/wp-json\/wp\/v2\/product\/42","targetHints":{"allow":["GET"]}}],"collection":[{"href":"https:\/\/haitises.com\/is\/wp-json\/wp\/v2\/product"}],"about":[{"href":"https:\/\/haitises.com\/is\/wp-json\/wp\/v2\/types\/product"}],"wp:featuredmedia":[{"embeddable":true,"href":"https:\/\/haitises.com\/is\/wp-json\/wp\/v2\/media\/177"}],"wp:attachment":[{"href":"https:\/\/haitises.com\/is\/wp-json\/wp\/v2\/media?parent=42"}],"wp:term":[{"taxonomy":"product_brand","embeddable":true,"href":"https:\/\/haitises.com\/is\/wp-json\/wp\/v2\/product_brand?post=42"},{"taxonomy":"product_cat","embeddable":true,"href":"https:\/\/haitises.com\/is\/wp-json\/wp\/v2\/product_cat?post=42"},{"taxonomy":"product_tag","embeddable":true,"href":"https:\/\/haitises.com\/is\/wp-json\/wp\/v2\/product_tag?post=42"}],"curies":[{"name":"wp","href":"https:\/\/api.w.org\/{rel}","templated":true}]}}