{"id":11697,"date":"2023-10-04T07:40:34","date_gmt":"2023-10-04T07:40:34","guid":{"rendered":"http:\/\/haitises.com\/?post_type=product&#038;p=11697"},"modified":"2024-03-28T19:20:51","modified_gmt":"2024-03-28T19:20:51","slug":"live-the-jungle-in-los-haitises-waterfalls-yanigua","status":"publish","type":"product","link":"https:\/\/haitises.com\/is\/einkaadila\/live-the-jungle-in-los-haitises-waterfalls-yanigua\/","title":{"rendered":"Lif\u00f0u \u00ed frumsk\u00f3ginum \u00ed Los Haitises fossunum Yanigua"},"content":{"rendered":"<div class=\"vc_row wpb_row vc_row-fluid\" ><div class=\"wpb_column vc_column_container vc_col-sm-12\"><div class=\"vc_column-inner\"><div class=\"wpb_wrapper\">[mkdf_section_title title_tag=\u00bb\u00bb disable_break_words=\u00bbno\u00bb subtitle_tag=\u00bb\u00bb title=\u00bbLos Haitises National Park\u00bb subtitle=\u00bbLive the Jungle in Los Haitises Waterfalls\u00bb]<\/div><\/div><\/div><\/div><div class=\"vc_row wpb_row vc_row-fluid\" ><div class=\"wpb_column vc_column_container vc_col-sm-12\"><div class=\"vc_column-inner\"><div class=\"wpb_wrapper\">\n\t<div class=\"wpb_text_column wpb_content_element\" >\n\t\t<div class=\"wpb_wrapper\">\n\t\t\t<h4><\/h4>\n<h2><strong>Living the Jungle in Los Haitises Waterfalls<\/strong><\/h2>\n<h4><b><i>Yfirlit <\/i><\/b><\/h4>\n<p><span style=\"font-weight: 400;\">Escape the city to immerse yourself in the ecotourism of the province of Hato Mayor, the first ecotourism province of the Dominican Republic. <\/span><span style=\"font-weight: 400;\">Come with us and enjoy the fresh waters of the Yanigua River, where El Salto and Rancho Yanigua are located, the place is easily accessible, surrounded by bushes and with mineral coal and blue mud in its waters, the Yanigua is at the same time a water amphitheater, by forming landslides or scattering that resemble white steps, giving an impressive and spectacular view to the visitor.<\/span><\/p>\n<p>&nbsp;<\/p>\n<p><span style=\"font-weight: 400;\">A legend has it that the waters of the Yanigua are where the ciguapas wash and tan their manes with mud, which are presumed to have always existed in the area. <\/span><span style=\"font-weight: 400;\">During the activity enjoy a therapeutic mud bath to rejuvenate, cure acne, exfoliate, cure arthritis, blood circulation, and revitalize the energies of the body. <\/span><span style=\"font-weight: 400;\">Also from the glass-bottomed House of Tarzan, built on a tree with a height equal to a 7-story building. You know about the culture of Amber, and Cacao.<\/span><\/p>\n<p>&nbsp;<\/p>\n<h2><strong>The activity includes:<\/strong><\/h2>\n<p>&nbsp;<\/p>\n<ul>\n<li style=\"font-weight: 400;\"><span style=\"font-weight: 400;\">Transfer from Sabana de la Mar por<\/span><\/li>\n<li style=\"font-weight: 400;\"><span style=\"font-weight: 400;\">Trekking<\/span><\/li>\n<li style=\"font-weight: 400;\"><span style=\"font-weight: 400;\">River mud mask\u00a0<\/span><\/li>\n<li style=\"font-weight: 400;\"><span style=\"font-weight: 400;\">Buffet lunch<\/span><\/li>\n<li style=\"font-weight: 400;\"><span style=\"font-weight: 400;\">Treehouse with a glass floor<\/span><\/li>\n<li style=\"font-weight: 400;\"><span style=\"font-weight: 400;\">Cocoa process<\/span><\/li>\n<li style=\"font-weight: 400;\"><span style=\"font-weight: 400;\">Organic coffee<\/span><\/li>\n<li style=\"font-weight: 400;\"><span style=\"font-weight: 400;\">Waterfall<\/span><\/li>\n<li style=\"font-weight: 400;\"><span style=\"font-weight: 400;\">\u00a0National Tourist Guide<\/span><\/li>\n<li style=\"font-weight: 400;\"><span style=\"font-weight: 400;\">\u00a0Wifi<\/span><\/li>\n<li style=\"font-weight: 400;\"><span style=\"font-weight: 400;\">Ambar Rock stores<\/span><\/li>\n<\/ul>\n<p>&nbsp;<\/p>\n<p><b>Athugi\u00f0:<\/b><\/p>\n<p><span style=\"font-weight: 400;\">In Salto and Rancho Yanigua, there is no telephone signal, it is important to take into account external communication, but we have our own private network with the internet for the public<\/span><\/p>\n<p>&nbsp;<\/p>\n<h4><em><strong>Hva\u00f0 \u00e1 ma\u00f0ur a\u00f0 hafa me\u00f0 s\u00e9r?<\/strong><\/em><\/h4>\n<ul>\n<li style=\"font-weight: 400;\"><span style=\"font-weight: 400;\">myndav\u00e9l<\/span><\/li>\n<li style=\"font-weight: 400;\"><span style=\"font-weight: 400;\">Fr\u00e1hrindandi buds<\/span><\/li>\n<li style=\"font-weight: 400;\"><span style=\"font-weight: 400;\">Suncream<\/span><\/li>\n<li style=\"font-weight: 400;\"><span style=\"font-weight: 400;\">Hattur<\/span><\/li>\n<li style=\"font-weight: 400;\"><span style=\"font-weight: 400;\">\u00de\u00e6gilegar buxur<\/span><\/li>\n<li style=\"font-weight: 400;\"><span style=\"font-weight: 400;\">G\u00f6ngusk\u00f3r fyrir sk\u00f3ginn<\/span><\/li>\n<li style=\"font-weight: 400;\"><span style=\"font-weight: 400;\">Sandals to the Spring areas.<\/span><\/li>\n<li style=\"font-weight: 400;\"><span style=\"font-weight: 400;\">Sundfatna\u00f0ur<\/span><\/li>\n<\/ul>\n<p>&nbsp;<\/p>\n<h4><b><i>Afhending h\u00f3tels <\/i><\/b><\/h4>\n<p><span style=\"font-weight: 400;\">Ekki er bo\u00f0i\u00f0 upp \u00e1 flutning \u00e1 h\u00f3teli \u00ed \u00feessari fer\u00f0. <\/span><\/p>\n<p>&nbsp;<\/p>\n<p><b>Athugi\u00f0:<\/b><span style=\"font-weight: 400;\"> If you are booking within 24 hours of the tour\/Excursion departure time, we can arrangements hotel pick-up with extra Charges. Once your purchase is complete, we will send you complete contact information (phone number, email address, etc.) for our local Tour guide to organize pick-up arrangements.<\/span><\/p>\n<h4><b><i>Sta\u00f0festing \u00e1 vi\u00f0b\u00f3taruppl\u00fdsingum <\/i><\/b><\/h4>\n<ol>\n<li>Mi\u00f0ar eru kvittunin eftir a\u00f0 hafa greitt \u00feessa fer\u00f0. \u00de\u00fa getur s\u00fdnt grei\u00f0sluna \u00ed s\u00edmanum \u00fe\u00ednum.<\/li>\n<li style=\"font-weight: 400;\"><span style=\"font-weight: 400;\">Fundarsta\u00f0ur mun berast eftir b\u00f3kunarferli\u00f0.<\/span><\/li>\n<li style=\"font-weight: 400;\"><span style=\"font-weight: 400;\">B\u00f6rn ver\u00f0a a\u00f0 vera \u00ed fylgd me\u00f0 fullor\u00f0num.<\/span><\/li>\n<li style=\"font-weight: 400;\"><span style=\"font-weight: 400;\"> Not wheelchair accessible <\/span><\/li>\n<li style=\"font-weight: 400;\"><span style=\"font-weight: 400;\">Ungb\u00f6rn ver\u00f0a a\u00f0 sitja \u00ed kj\u00f6ltu <\/span><\/li>\n<li style=\"font-weight: 400;\"><span style=\"font-weight: 400;\">Not recommended for travelers with back problems<\/span><\/li>\n<li style=\"font-weight: 400;\"><span style=\"font-weight: 400;\">Not recommended for pregnant travelers <\/span><\/li>\n<li style=\"font-weight: 400;\"><span style=\"font-weight: 400;\"> No heart problems or other serious medical conditions <\/span><\/li>\n<li style=\"font-weight: 400;\"><span style=\"font-weight: 400;\">Flestir fer\u00f0amenn geta teki\u00f0 \u00fe\u00e1tt<\/span><\/li>\n<\/ol>\n<h4><b><i>Afp\u00f6ntunarreglur<\/i><\/b><\/h4>\n<p>Til a\u00f0 f\u00e1 fulla endurgrei\u00f0slu, vinsamlegast lestu afb\u00f3kunarreglur okkar\u00a0<a href=\"https:\/\/www.ticketswhales.com\/online-booking\/\" target=\"_blank\" rel=\"noopener\" data-saferedirecturl=\"https:\/\/www.google.com\/url?q=https:\/\/www.ticketswhales.com\/online-booking\/&amp;source=gmail&amp;ust=1672449202351000&amp;usg=AOvVaw1yAeVAPktmaVCqDujgUn90\">\u00ddttu h\u00e9r<\/a>. Fj\u00e1rmagn tapast ef p\u00f6ntun er afb\u00f3ku\u00f0 sama dag fer\u00f0arinnar.<\/p>\n<h4><b style=\"letter-spacing: -0.005em;\"><i>C<\/i><\/b><\/h4>\n\n\t\t<\/div>\n\t<\/div>\n<\/div><\/div><\/div><\/div><div class=\"vc_row wpb_row vc_row-fluid\" ><div class=\"wpb_column vc_column_container vc_col-sm-12\"><div class=\"vc_column-inner\"><div class=\"wpb_wrapper\"><div class=\"vc_empty_space\"   style=\"height: 32px\"><span class=\"vc_empty_space_inner\"><\/span><\/div>\n\t<div class=\"wpb_text_column wpb_content_element\" >\n\t\t<div class=\"wpb_wrapper\">\n\t\t\t<h4>Haf\u00f0u samband vi\u00f0 okkur?<\/h4>\n<h5>B\u00f3kun \u00e6vint\u00fdri<\/h5>\n<p><em><strong>Heimamenn<\/strong>\u00a0og\u00a0<strong>Landsmenn<\/strong>\u00a0Fararstj\u00f3rar og gesta\u00fej\u00f3nusta<\/em><\/p>\n<p><span class=\"text-turquoise\">B\u00f3kanir:<\/span>\u00a0Fer\u00f0ir og sko\u00f0unarfer\u00f0ir \u00ed Dom. Rep.<\/p>\n<p><img decoding=\"async\" class=\"emoji\" draggable=\"false\" src=\"https:\/\/s.w.org\/images\/core\/emoji\/11.2.0\/svg\/1f4de.svg\" alt=\"\ud83d\udcde\" title=\"\">\u00a0S\u00edmi\/Whatsapp\u00a0\u00a0<a href=\"tel:+1-809-720-6035\">+1-809-720-6035<\/a>.<\/p>\n<p><img decoding=\"async\" class=\"emoji\" draggable=\"false\" src=\"https:\/\/s.w.org\/images\/core\/emoji\/11.2.0\/svg\/1f4e9.svg\" alt=\"\ud83d\udce9\" title=\"\">\u00a0<a href=\"mailto:info@bookingadventures.com.do\">info@bookingadventures.com.do<\/a><\/p>\n<p><strong>Vi\u00f0 erum me\u00f0 sveigjanlega stillingu einkafer\u00f0ir me\u00f0 Whatsapp:\u00a0<a href=\"tel:+18097206035\">+18097206035.<\/a><\/strong><\/p>\n\n\t\t<\/div>\n\t<\/div>\n<div class=\"vc_empty_space\"   style=\"height: 32px\"><span class=\"vc_empty_space_inner\"><\/span><\/div><\/div><\/div><\/div><\/div>","protected":false},"excerpt":{"rendered":"<p><span style=\"font-weight: 400;\"><span style=\"vertical-align: inherit;\"><span style=\"vertical-align: inherit;\">Cascadas, Ambars Rock, Natural Mud Maks y una casa en el \u00e1rbol en un solo lugar. <\/span><span style=\"vertical-align: inherit;\">Esc\u00e1pate de la ciudad para sumergirte en el ecoturismo de la provincia de Hato Mayor, la primera provincia ecotur\u00edstica de Rep\u00fablica Dominicana. <\/span><\/span><\/span><span style=\"font-weight: 400;\"><span style=\"vertical-align: inherit;\"><span style=\"vertical-align: inherit;\">Ven con nosotros y disfruta de las frescas aguas del r\u00edo Yanigua, donde se encuentran El Salto y Rancho Yanigua, el lugar es de f\u00e1cil acceso, rodeado de arbustos, y con carb\u00f3n mineral y barro azul en sus aguas, el Yanigua es al mismo tiempo un anfiteatro de agua, formando deslizamientos de tierra o esparcimiento que se asemejan a escalones blancos, dando una vista impresionante y espectacular al visitante.<\/span><\/span><\/span><\/p>\n<p>&nbsp;<\/p>\n<p><strong><span style=\"vertical-align: inherit;\"><span style=\"vertical-align: inherit;\">Seleccione la fecha para el Tour:<\/span><\/span><\/strong><\/p>","protected":false},"featured_media":11715,"template":"","meta":[],"product_brand":[],"product_cat":[565,578,471],"product_tag":[180,139,129,472,132,209,210,211,133,213,217,190,114,142,148,143],"class_list":{"0":"post-11697","1":"product","2":"type-product","3":"status-publish","4":"has-post-thumbnail","6":"product_cat-1-sabana-de-la-mar","7":"product_cat-hiking-los-haitises","8":"product_cat-los-haitises-excursion","9":"product_tag-birdwatching","10":"product_tag-cayo-levantado","11":"product_tag-eco-tours","12":"product_tag-live-the-jungle-in-los-haitises-waterfalls","13":"product_tag-los-haitises","14":"product_tag-los-haitises-excursiones","15":"product_tag-los-haitises-excursions","16":"product_tag-los-haitises-mapa","17":"product_tag-los-haitises-national-park","18":"product_tag-los-haitises-national-park-map","19":"product_tag-los-haitises-national-park-tour-from-santo-domingo","20":"product_tag-los-haitises-samana","21":"product_tag-sabana-de-la-mar","22":"product_tag-samana","23":"product_tag-samana-excursions","24":"product_tag-samana-tours","26":"first","27":"instock","28":"sale","29":"sold-individually","30":"shipping-taxable","31":"product-type-external"},"_links":{"self":[{"href":"https:\/\/haitises.com\/is\/wp-json\/wp\/v2\/product\/11697","targetHints":{"allow":["GET"]}}],"collection":[{"href":"https:\/\/haitises.com\/is\/wp-json\/wp\/v2\/product"}],"about":[{"href":"https:\/\/haitises.com\/is\/wp-json\/wp\/v2\/types\/product"}],"wp:featuredmedia":[{"embeddable":true,"href":"https:\/\/haitises.com\/is\/wp-json\/wp\/v2\/media\/11715"}],"wp:attachment":[{"href":"https:\/\/haitises.com\/is\/wp-json\/wp\/v2\/media?parent=11697"}],"wp:term":[{"taxonomy":"product_brand","embeddable":true,"href":"https:\/\/haitises.com\/is\/wp-json\/wp\/v2\/product_brand?post=11697"},{"taxonomy":"product_cat","embeddable":true,"href":"https:\/\/haitises.com\/is\/wp-json\/wp\/v2\/product_cat?post=11697"},{"taxonomy":"product_tag","embeddable":true,"href":"https:\/\/haitises.com\/is\/wp-json\/wp\/v2\/product_tag?post=11697"}],"curies":[{"name":"wp","href":"https:\/\/api.w.org\/{rel}","templated":true}]}}