{"id":11659,"date":"2023-10-04T07:40:08","date_gmt":"2023-10-04T07:40:08","guid":{"rendered":"http:\/\/haitises.com\/?post_type=product&#038;p=11659"},"modified":"2023-10-04T07:40:16","modified_gmt":"2023-10-04T07:40:16","slug":"playa-rincon-rincon-beach-playa-fronton-playa-madame-beach-samana-dominican-republic-3","status":"publish","type":"product","link":"https:\/\/haitises.com\/is\/einkaadila\/playa-rincon-rincon-beach-playa-fronton-playa-madame-beach-samana-dominican-republic-3\/","title":{"rendered":"Playa Rinc\u00f3n (Rincon Beach), Playa Fronton + Playa Madame Beach, Saman\u00e1 \u2013 D\u00f3min\u00edska l\u00fd\u00f0veldi\u00f0."},"content":{"rendered":"<div class=\"vc_row wpb_row vc_row-fluid\" ><div class=\"wpb_column vc_column_container vc_col-sm-12\"><div class=\"vc_column-inner\"><div class=\"wpb_wrapper\"><div class=\"vc_btn3-container vc_btn3-inline\" ><button class=\"vc_general vc_btn3 vc_btn3-size-md vc_btn3-shape-rounded vc_btn3-style-modern vc_btn3-color-green\">B\u00d3KA\u00d0U N\u00daNA<\/button><\/div>[mkdf_section_title title_tag=\u00bb\u00bb disable_break_words=\u00bbno\u00bb subtitle_tag=\u00bb\u00bb title=\u00bbPlaya Rinc\u00f3n, Playa Fronton + Playa Madame Beach, Saman\u00e1 &#8211; Dominican Republic.\u00bb subtitle=\u00bbLunch, Boat Ride and Private Transportation From Hotels.\u00bb]\n\t<div class=\"wpb_text_column wpb_content_element\" >\n\t\t<div class=\"wpb_wrapper\">\n\t\t\t<h3><\/h3>\n<h4><b><i>Yfirlit <\/i><\/b><\/h4>\n<p>The trip start at Picking you up in Your hotel or airbnb in Samana area. Discover with us the 3 secret and wild beaches of the region El Rincon beach, Playa madame and Playa Fronton . One of the most beautiful excursions on the Saman\u00e1&#8217;s peninsula. Enter the unique atmosphere of Playa Front\u00f3n, a beach only reachable by boat surrounded by a coral reef around which you can snorkel, swim with fishes and discover its corals and relax and enjoy the amazing scenery. Relaxing, swimming and then departure to Playa madame, another and isolated perfect beach for snorkeling,where you can also visit a cave and take great videos or Photos for awesome memories.<\/p>\n<p>You will have lunch with your toes in the sand to the sound of Merengue and Bachata at \u00abEl Paraiso\u00bb &#8211; The last restaurant before the jungle &#8211; where you will be served a complete meal including a fish dish, accompanied by local drinks and cocktails. On the way back we will stop at El Rincon Beach, here you will find a natural pearl that is considered one of the most beautiful beaches in the country. The white, fine sand, the turquoise sea and the meter-high palm trees speak for themselves.<\/p>\n<p>&nbsp;<\/p>\n<ul>\n<li><span style=\"font-weight: 400;\">Local Guide with Safety experiencie in the area.<\/span><\/li>\n<li>Snorkel<\/li>\n<li>Private Transportation<\/li>\n<li style=\"font-weight: 400;\">Fees included<\/li>\n<li>Lunch at the Beach<\/li>\n<li>Boat ride<\/li>\n<li style=\"font-weight: 400;\">Local Tour Guide in Spanish,English or French.<\/li>\n<li>G\u00f6ngufer\u00f0ir<\/li>\n<\/ul>\n<p>&nbsp;<\/p>\n<h4><b>Innifali\u00f0 og \u00fatilokanir<\/b><\/h4>\n<p>&nbsp;<\/p>\n<p><b>Innifali\u00f0<\/b><\/p>\n<ol>\n<li><span style=\"font-weight: 400;\">Local Guide with Safety experiencie in the area.<\/span><\/li>\n<li>Private transportation for small groups<\/li>\n<li>Snorkel<\/li>\n<li style=\"font-weight: 400;\">El Rincon Beach<\/li>\n<li>Madame Beach<\/li>\n<li>Fronton Beach<\/li>\n<li style=\"font-weight: 400;\"><span style=\"font-weight: 400;\">Allir skattar, gj\u00f6ld og afgrei\u00f0slugj\u00f6ld<\/span><\/li>\n<li style=\"font-weight: 400;\"><span style=\"font-weight: 400;\">\u00datsvar<\/span><\/li>\n<li>Lunch at the Beach<\/li>\n<li>G\u00f6ngufer\u00f0ir<\/li>\n<li style=\"font-weight: 400;\"><span style=\"font-weight: 400;\">All activities<\/span><\/li>\n<\/ol>\n<p><b> \u00datilokanir<\/b><\/p>\n<ol>\n<li style=\"font-weight: 400;\"><span style=\"font-weight: 400;\">\u00dej\u00f3rf\u00e9<\/span><\/li>\n<\/ol>\n<h4><em><strong>Brottf\u00f6r og heimfer\u00f0<\/strong><\/em><\/h4>\n<p><span style=\"font-weight: 400;\">The traveler will get a meeting point after the Reservation Process. Tours start and Finish in your meeting points.<\/span><\/p>\n<h3>Playa Rinc\u00f3n, Playa Fronton + Playa Madame Beach, Saman\u00e1 &#8211; Dominican Republic. Samana day trip.<\/h3>\n<h4><b><i>Hva\u00f0 \u00e1 a\u00f0 b\u00faast vi\u00f0?<\/i><\/b><\/h4>\n<p><em><strong>Trygg\u00f0u \u00fe\u00e9r mi\u00f0a<\/strong><\/em> for visiting Boca del diablo and Fronton Beach in Samana. Day Trip. Starting from Samana hotels areas, Visiting 3 of the most unique beaches around Dominican Republic.\u00a0 Playa Rinc\u00f3n is an unspoiled strip of white sand that stretches for about 2.5 miles (4 kilometers) along an undeveloped part of the coast. Fringed by a border of coconut palms and enclosed by mountain and cliff peaks at both ends, this secluded beach feels like a true utopia, cut off from civilization.<\/p>\n<p>After El Rincon beach\u00a0 we will be visiting Madame, This beach is a common first stop on a Snorkeling tour (including Playa Fronton, see below) and only accessible via boat or horse. While the scenery was dramatic and we loved checking out the nearby caves and hiking on the cliffs.<\/p>\n<p>Last option in our Trip is Fronton Beach. Here the water is super clear, a beautiful shade of blue, and the surrounding coral reef ensures the beach is very safe for swimming<\/p>\n<p>&nbsp;<\/p>\n<p>The tour, organized by \u00abBooking Adventures\u00bb starts at the meeting point set with our Tour Guide. Come with Booking Adventures and have lunch at the beach and enyoy the 3 most amazing beaches in Samana, Dominican Republic.<\/p>\n<div class=\"body-description secondary\">\n<p>&nbsp;<\/p>\n<\/div>\n<h4><em><strong>Hva\u00f0 \u00e1 ma\u00f0ur a\u00f0 hafa me\u00f0 s\u00e9r?<\/strong><\/em><\/h4>\n<ul>\n<li style=\"font-weight: 400;\"><span style=\"font-weight: 400;\">myndav\u00e9l<\/span><\/li>\n<li style=\"font-weight: 400;\"><span style=\"font-weight: 400;\">Fr\u00e1hrindandi buds<\/span><\/li>\n<li style=\"font-weight: 400;\"><span style=\"font-weight: 400;\">Suncream<\/span><\/li>\n<li>Water<\/li>\n<li style=\"font-weight: 400;\"><span style=\"font-weight: 400;\">Hattur<\/span><\/li>\n<li style=\"font-weight: 400;\"><span style=\"font-weight: 400;\">\u00de\u00e6gilegar buxur<\/span><\/li>\n<li style=\"font-weight: 400;\"><span style=\"font-weight: 400;\">G\u00f6ngusk\u00f3r fyrir sk\u00f3ginn<\/span><\/li>\n<li style=\"font-weight: 400;\"><span style=\"font-weight: 400;\">Sandals to the Spring areas.<\/span><\/li>\n<li style=\"font-weight: 400;\"><span style=\"font-weight: 400;\">Sundfatna\u00f0ur<\/span><\/li>\n<\/ul>\n<p>&nbsp;<\/p>\n<h4><b><i>Afhending h\u00f3tels <\/i><\/b><\/h4>\n<p><span style=\"font-weight: 400;\">Hotel pick-up is offered for this tour. <\/span><\/p>\n<p>&nbsp;<\/p>\n<p><b>Athugi\u00f0:<\/b><span style=\"font-weight: 400;\"> If you are booking within 24 hours of the tour\/Excursion departure time, we can arrangements hotel pick-up. We just pick up in Samana area. Once your purchase is complete, we will send you complete contact information (phone number, email address, etc.) for our local Tour guide to organize pick-up arrangements.<\/span><\/p>\n<h4><b><i>Sta\u00f0festing \u00e1 vi\u00f0b\u00f3taruppl\u00fdsingum <\/i><\/b><\/h4>\n<ol>\n<li>Mi\u00f0ar eru kvittunin eftir a\u00f0 hafa greitt \u00feessa fer\u00f0. \u00de\u00fa getur s\u00fdnt grei\u00f0sluna \u00ed s\u00edmanum \u00fe\u00ednum.<\/li>\n<li style=\"font-weight: 400;\"><span style=\"font-weight: 400;\">Fundarsta\u00f0ur mun berast eftir b\u00f3kunarferli\u00f0.<\/span><\/li>\n<li style=\"font-weight: 400;\"><span style=\"font-weight: 400;\">B\u00f6rn ver\u00f0a a\u00f0 vera \u00ed fylgd me\u00f0 fullor\u00f0num.<\/span><\/li>\n<li style=\"font-weight: 400;\"><span style=\"font-weight: 400;\"> Not wheelchair accessible <\/span><\/li>\n<li style=\"font-weight: 400;\"><span style=\"font-weight: 400;\">Ungb\u00f6rn ver\u00f0a a\u00f0 sitja \u00ed kj\u00f6ltu <\/span><\/li>\n<li style=\"font-weight: 400;\"><span style=\"font-weight: 400;\">Not recommended for travelers with back problems<\/span><\/li>\n<li style=\"font-weight: 400;\"><span style=\"font-weight: 400;\">Not recommended for pregnant travelers <\/span><\/li>\n<li style=\"font-weight: 400;\"><span style=\"font-weight: 400;\"> No heart problems or other serious medical conditions <\/span><\/li>\n<li style=\"font-weight: 400;\"><span style=\"font-weight: 400;\">Flestir fer\u00f0amenn geta teki\u00f0 \u00fe\u00e1tt<\/span><\/li>\n<\/ol>\n<h4><b><i>Afp\u00f6ntunarreglur<\/i><\/b><\/h4>\n<p>Til a\u00f0 f\u00e1 fulla endurgrei\u00f0slu, vinsamlegast lestu afb\u00f3kunarreglur okkar\u00a0<a href=\"https:\/\/www.ticketswhales.com\/online-booking\/\" target=\"_blank\" rel=\"noopener\" data-saferedirecturl=\"https:\/\/www.google.com\/url?q=https:\/\/www.ticketswhales.com\/online-booking\/&amp;source=gmail&amp;ust=1672449202351000&amp;usg=AOvVaw1yAeVAPktmaVCqDujgUn90\">\u00ddttu h\u00e9r<\/a>. Fj\u00e1rmagn tapast ef p\u00f6ntun er afb\u00f3ku\u00f0 sama dag fer\u00f0arinnar.<\/p>\n\n\t\t<\/div>\n\t<\/div>\n<\/div><\/div><\/div><\/div><div class=\"vc_row wpb_row vc_row-fluid\" ><div class=\"wpb_column vc_column_container vc_col-sm-12\"><div class=\"vc_column-inner\"><div class=\"wpb_wrapper\">\n\t<div class=\"wpb_video_widget wpb_content_element vc_clearfix   vc_video-aspect-ratio-169 vc_video-el-width-100 vc_video-align-left\" >\n\t\t<div class=\"wpb_wrapper\">\n\t\t\t<h2 class=\"wpb_heading wpb_video_heading\">Boca del diablo and Fronton beach<\/h2>\n\t\t\t<div class=\"wpb_video_wrapper\"><iframe loading=\"lazy\" title=\"The Saman\u00e1 Peninsula, Dominican Republic (DJI Phantom 4 4K)\" width=\"1100\" height=\"619\" src=\"https:\/\/www.youtube.com\/embed\/DYDXVm8Q_iM?feature=oembed\" frameborder=\"0\" allow=\"accelerometer; autoplay; clipboard-write; encrypted-media; gyroscope; picture-in-picture; web-share\" allowfullscreen><\/iframe><\/div>\n\t\t<\/div>\n\t<\/div>\n<\/div><\/div><\/div><\/div><div class=\"vc_row wpb_row vc_row-fluid\" ><div class=\"wpb_column vc_column_container vc_col-sm-12\"><div class=\"vc_column-inner\"><div class=\"wpb_wrapper\"><div class=\"vc_empty_space\"   style=\"height: 32px\"><span class=\"vc_empty_space_inner\"><\/span><\/div>\n\t<div class=\"wpb_text_column wpb_content_element\" >\n\t\t<div class=\"wpb_wrapper\">\n\t\t\t<h4>Haf\u00f0u samband vi\u00f0 okkur?<\/h4>\n<h5>B\u00f3kun \u00e6vint\u00fdri<\/h5>\n<p><em><strong>Heimamenn<\/strong>\u00a0og\u00a0<strong>Landsmenn<\/strong>\u00a0Fararstj\u00f3rar og gesta\u00fej\u00f3nusta<\/em><\/p>\n<p><span class=\"text-turquoise\">B\u00f3kanir:<\/span>\u00a0Fer\u00f0ir og sko\u00f0unarfer\u00f0ir \u00ed Dom. Rep.<\/p>\n<p><img decoding=\"async\" class=\"emoji\" draggable=\"false\" src=\"https:\/\/s.w.org\/images\/core\/emoji\/11.2.0\/svg\/1f4de.svg\" alt=\"\ud83d\udcde\" title=\"\">\u00a0S\u00edmi\/Whatsapp\u00a0\u00a0<a href=\"tel:+1-809-720-6035\">+1-809-720-6035<\/a>.<\/p>\n<p><img decoding=\"async\" class=\"emoji\" draggable=\"false\" src=\"https:\/\/s.w.org\/images\/core\/emoji\/11.2.0\/svg\/1f4e9.svg\" alt=\"\ud83d\udce9\" title=\"\">\u00a0<a href=\"mailto:info@bookingadventures.com.do\">info@bookingadventures.com.do<\/a><\/p>\n<p><strong>Vi\u00f0 erum me\u00f0 sveigjanlega stillingu einkafer\u00f0ir me\u00f0 Whatsapp:\u00a0<a href=\"tel:+18097206035\">+18097206035.<\/a><\/strong><\/p>\n\n\t\t<\/div>\n\t<\/div>\n<div class=\"vc_empty_space\"   style=\"height: 32px\"><span class=\"vc_empty_space_inner\"><\/span><\/div><\/div><\/div><\/div><\/div><div class=\"vc_row wpb_row vc_row-fluid\" ><div class=\"wpb_column vc_column_container vc_col-sm-12\"><div class=\"vc_column-inner\"><div class=\"wpb_wrapper\"><div class=\"vc_btn3-container vc_btn3-inline\" ><button class=\"vc_general vc_btn3 vc_btn3-size-md vc_btn3-shape-rounded vc_btn3-style-modern vc_btn3-color-green\">B\u00d3KA\u00d0U N\u00daNA<\/button><\/div><\/div><\/div><\/div><\/div>","protected":false},"excerpt":{"rendered":"<p>The trip starts at Picking you up in Your hotel or Airbnb in the Samana area. Discover with us the 3 secret and wild beaches of the region El Rincon beach, Playa madame and Playa Fronton. One of the most beautiful excursions on Saman\u00e1&#8217;s peninsula. Enter the unique atmosphere of Playa Front\u00f3n, a beach only reachable by boat surrounded by a coral reef around which you can snorkel, swim with fishes and discover its corals and relax and enjoy the amazing scenery. Relaxing, swimming and then departure to Playa madame, another and isolated perfect beach for snorkeling, where you can also visit a cave and take great videos or Photos for awesome memories.<\/p>\n<p>&nbsp;<\/p>\n<p><strong>Please Select the date for Tour:\u00a0<\/strong><\/p>","protected":false},"featured_media":227,"template":"","meta":[],"product_brand":[],"product_cat":[571,98,135,124],"product_tag":[329,330,331,332,333,201,334,270,148,143],"class_list":{"0":"post-11659","1":"product","2":"type-product","3":"status-publish","4":"has-post-thumbnail","6":"product_cat-1-samana","7":"product_cat-local-tour-guides","8":"product_cat-lunch","9":"product_cat-tours-excursions-samana-bay-dominican-republic","10":"product_tag-fronton-beach","11":"product_tag-madame-beach","12":"product_tag-playa-fronton-playa-madame-beach","13":"product_tag-playa-rincon","14":"product_tag-playa-rincon-tours","15":"product_tag-private-tours-samana","16":"product_tag-rincon-beach-tour","17":"product_tag-samana-dominican-republic","18":"product_tag-samana-excursions","19":"product_tag-samana-tours","21":"first","22":"instock","23":"sale","24":"sold-individually","25":"shipping-taxable","26":"product-type-external"},"_links":{"self":[{"href":"https:\/\/haitises.com\/is\/wp-json\/wp\/v2\/product\/11659","targetHints":{"allow":["GET"]}}],"collection":[{"href":"https:\/\/haitises.com\/is\/wp-json\/wp\/v2\/product"}],"about":[{"href":"https:\/\/haitises.com\/is\/wp-json\/wp\/v2\/types\/product"}],"wp:featuredmedia":[{"embeddable":true,"href":"https:\/\/haitises.com\/is\/wp-json\/wp\/v2\/media\/227"}],"wp:attachment":[{"href":"https:\/\/haitises.com\/is\/wp-json\/wp\/v2\/media?parent=11659"}],"wp:term":[{"taxonomy":"product_brand","embeddable":true,"href":"https:\/\/haitises.com\/is\/wp-json\/wp\/v2\/product_brand?post=11659"},{"taxonomy":"product_cat","embeddable":true,"href":"https:\/\/haitises.com\/is\/wp-json\/wp\/v2\/product_cat?post=11659"},{"taxonomy":"product_tag","embeddable":true,"href":"https:\/\/haitises.com\/is\/wp-json\/wp\/v2\/product_tag?post=11659"}],"curies":[{"name":"wp","href":"https:\/\/api.w.org\/{rel}","templated":true}]}}