{"id":11469,"date":"2021-10-15T07:23:50","date_gmt":"2021-10-15T07:23:50","guid":{"rendered":"http:\/\/haitises.com\/?post_type=product&#038;p=11469"},"modified":"2021-10-15T07:24:27","modified_gmt":"2021-10-15T07:24:27","slug":"altos-de-cano-hondo-free-breakfast-for-2-guests","status":"publish","type":"product","link":"https:\/\/haitises.com\/is\/einkaadila\/altos-de-cano-hondo-free-breakfast-for-2-guests\/","title":{"rendered":"Altos De Ca\u00f1o Hondo og \u00f3keypis morgunver\u00f0ur fyrir 2 gesti"},"content":{"rendered":"<div class=\"vc_row wpb_row vc_row-fluid\" ><div class=\"wpb_column vc_column_container vc_col-sm-12\"><div class=\"vc_column-inner\"><div class=\"wpb_wrapper\">\n\t<div class=\"wpb_text_column wpb_content_element\" >\n\t\t<div class=\"wpb_wrapper\">\n\t\t\t<p data-name-en=\"roomsize\"><strong>\u00d3keypis WiFi \u00ed herberginu e\u00f0a anddyrinu,\u00a0<\/strong><strong>\u00d3keypis b\u00edlast\u00e6\u00f0i, dagleg \u00ferif<\/strong><\/p>\n<p data-name-en=\"roomsize\"><em>(\u00f3keypis morgunver\u00f0ur fyrir 2 gesti)<\/em><\/p>\n<h4 class=\"hprt-lightbox-title\" data-et-view=\"ZdffZZLJbFcFbRAOAcEUJXDbNZRO:1\"><strong>\u00c1 ba\u00f0herberginu \u00fe\u00ednu:<\/strong><\/h4>\n<ul class=\"hprt-lightbox-list js-lightbox-facilities\" data-nr-of-facilities=\"4\" data-et-view=\"\">\n<li class=\"hprt-lightbox-list__item js-lightbox-facility\" data-name-en=\"Shower\" data-id=\"4\">\u2022 Sturta<\/li>\n<li class=\"hprt-lightbox-list__item js-lightbox-facility\" data-name-en=\"Free Toiletries\" data-id=\"27\">\u2022 \u00d3keypis snyrtiv\u00f6rur<\/li>\n<li class=\"hprt-lightbox-list__item js-lightbox-facility\" data-name-en=\"Bathroom\" data-id=\"38\">\u2022 Ensuite ba\u00f0herbergi<\/li>\n<li class=\"hprt-lightbox-list__item js-lightbox-facility\" data-name-en=\"higher level toilet\" data-id=\"151\">\u2022 H\u00e6kka\u00f0 salerni<\/li>\n<\/ul>\n<h4 class=\"hprt-lightbox-title\"><strong>Herbergisa\u00f0sta\u00f0a:<\/strong><\/h4>\n<ul class=\"hprt-lightbox-list js-lightbox-facilities\" data-nr-of-facilities=\"10\">\n<li style=\"list-style-type: none;\">\n<ul class=\"hprt-lightbox-list js-lightbox-facilities\" data-nr-of-facilities=\"10\">\n<li class=\"hprt-lightbox-list__item js-lightbox-facility\" data-name-en=\"Balcony\" data-id=\"17\">\u2022 Svalir<\/li>\n<li class=\"hprt-lightbox-list__item js-lightbox-facility\" data-name-en=\"Garden View\" data-id=\"110\">\u2022Hafs\u00fats\u00fdni<\/li>\n<li class=\"hprt-lightbox-list__item js-lightbox-facility\" data-name-en=\"Fan\" data-id=\"30\">\u2022 Vifta<\/li>\n<li class=\"hprt-lightbox-list__item js-lightbox-facility\" data-name-en=\"Tumble dryer (machine)\" data-id=\"94\">\u2022H\u00fasg\u00f6gn<\/li>\n<li>\u2022 2 hj\u00f3nar\u00fam<\/li>\n<li class=\"hprt-lightbox-list__item js-lightbox-facility\" data-name-en=\"Wardrobe\/Closet\" data-id=\"95\">\u2022 Fatask\u00e1pur e\u00f0a sk\u00e1pur<\/li>\n<\/ul>\n<\/li>\n<\/ul>\n<p>[lesa meira]<\/p>\n<div>\n<h4><strong>Gestaa\u00f0gangur:<\/strong><\/h4>\n<ul>\n<li>\u2022 S\u00f3larhringsm\u00f3ttaka<\/li>\n<li>\u2022 16 reyklaus herbergi<\/li>\n<li>\u2022 Veitingasta\u00f0ur og bar<\/li>\n<li>\u2022 Fj\u00f6ltyngt starfsf\u00f3lk<\/li>\n<li>\u2022 Leti\u00e1 og 11 n\u00e1tt\u00farulaugar \u00fati<\/li>\n<li>\u2022 \u00deakver\u00f6nd<\/li>\n<li>\u2022Gar\u00f0ur<\/li>\n<li>\u2022 Sv\u00e6\u00f0i fyrir lautarfer\u00f0ir<\/li>\n<li>\u2022 Dagleg \u00ferif<\/li>\n<li>\u2022 \u00devotta\u00fej\u00f3nusta<\/li>\n<\/ul>\n<h2><strong><em>Herbergis\u00fe\u00e6gindi:<\/em><\/strong><\/h2>\n<ul>\n<li>loftvifta<\/li>\n<li>S\u00e9rinnr\u00e9ttu\u00f0<\/li>\n<li>H\u00e1r\u00feurrka (eftir bei\u00f0ni)<\/li>\n<li>\u00d3keypis vatn \u00e1 fl\u00f6skum<\/li>\n<li>Svalir<\/li>\n<li>dagleg \u00ferif<\/li>\n<li>S\u00f3larhringsm\u00f3ttaka<\/li>\n<li>Fallegt \u00fats\u00fdni<\/li>\n<\/ul>\n<p>[\/lesa]<\/p>\n<hr \/>\n<h2>N\u00e1nari uppl\u00fdsingar um Ca\u00f1o Hondo:<\/h2>\n<h2><strong><em>B\u00e1l og tjaldsv\u00e6\u00f0i<\/em><\/strong><\/h2>\n<p>Nj\u00f3ttu b\u00e1ls \u00e1 n\u00e6turnar undir s\u00e6ng af stj\u00f6rnum... engin lj\u00f3smengun bara dimmur n\u00e6turhiminn og hlj\u00f3\u00f0 su\u00f0r\u00e6ns sk\u00f3garl\u00edfs.<\/p>\n<p>Auk fr\u00e1b\u00e6rrar \u00fej\u00f3nustu getur\u00f0u noti\u00f0 d\u00e6miger\u00f0s sta\u00f0bundins matar (ferskt sj\u00e1varfang) e\u00f0a \u00fativistar og sko\u00f0unarfer\u00f0a me\u00f0 sta\u00f0bundnum faglegum fararstj\u00f3ra.<\/p>\n<p>Hvert 16 herbergja okkar er nefnt eftir fuglum sem finnast \u00ed \u00fej\u00f3\u00f0gar\u00f0inum Los Haitises (\u00fea\u00f0 eru um 110 tegundir \u00ed gar\u00f0inum). Umfram allt eru herbergin s\u00e9rinnr\u00e9ttu\u00f0, fullkomlega j\u00e1kv\u00e6\u00f0 orka sem f\u00e6rir betri dv\u00f6l \u00e1 Ca\u00f1o Hondo. \u00de\u00fa getur noti\u00f0 \u00fats\u00fdnis yfir San Lorenzo-fl\u00f3a og Samana-fl\u00f3a!<\/p>\n<p>&nbsp;<\/p>\n<hr \/>\n<h2>S\u00e9rtilbo\u00f0 Ca\u00f1o Hondo af\u00fereying og sko\u00f0unarfer\u00f0ir<\/h2>\n<ul>\n<li>Listi yfir starfsemi og sko\u00f0unarfer\u00f0ir:<\/li>\n<li>Rennil\u00e1sf\u00f3\u00f0ur<\/li>\n<li>Klifur \u00e1 klettavegg<\/li>\n<li>Hestafer\u00f0ir<\/li>\n<li>G\u00f6ngulei\u00f0 \u00ed \u00fej\u00f3\u00f0gar\u00f0inum (2 e\u00f0a 4 klukkustundir, h\u00e6gt a\u00f0 sameina \u00fea\u00f0 me\u00f0 kajaksiglingum)<\/li>\n<li>Kajaksiglingar (2 e\u00f0a 4 klukkustundir, h\u00e6gt a\u00f0 sameina me\u00f0 g\u00f6ngufer\u00f0um)<\/li>\n<li>B\u00e1tsfer\u00f0ir me\u00f0 lei\u00f0s\u00f6gn inn \u00ed Los Haitises og heims\u00e6kja hella<\/li>\n<li>Hvalasko\u00f0un (\u00e1rst\u00ed\u00f0 fr\u00e1 15. jan \u2013 30. mars)<\/li>\n<li>Fuglasko\u00f0un me\u00f0 lei\u00f0s\u00f6gn<\/li>\n<li>Uppg\u00f6tva\u00f0u Los Haitises gar\u00f0inn \u00e1 kan\u00f3num<\/li>\n<li>Cayo Levantado\/Bacardi Island<\/li>\n<li>El Limon fossarnir<\/li>\n<li>Fronton Beach<\/li>\n<li>Dj\u00f6fulsins munnur<\/li>\n<li>Fj\u00f3rhj\u00f3l + El Valle str\u00f6nd<\/li>\n<\/ul>\n<p>Vi\u00f0 gerum einka- e\u00f0a h\u00f3pfer\u00f0ir, samsetta pakka sem henta gestum okkar. Fyrir frekari uppl\u00fdsingar um starfsemi og sko\u00f0unarfer\u00f0ir, vinsamlegast haf\u00f0u samband vi\u00f0 okkur.<\/p>\n<h2><span class=\"_6ijom0\">Ca\u00f1o Hondo Gestaa\u00f0gangur<\/span><\/h2>\n<p>Hva\u00f0 er \u00ed kringum\u2026<\/p>\n<ol>\n<li>16 reyklaus herbergi<\/li>\n<li>Veitingasta\u00f0ur og bar\/setustofa<\/li>\n<li>Lazy River og 15 \u00fatisundlaugar<\/li>\n<li>\u00d3keypis vatnagar\u00f0ur<\/li>\n<li>\u00deakver\u00f6nd<\/li>\n<li>S\u00f3larhringsm\u00f3ttaka<\/li>\n<li>dagleg \u00ferif<\/li>\n<li>Gar\u00f0\u00fats\u00fdni<\/li>\n<li>\u00devotta\u00fej\u00f3nusta<\/li>\n<li>Fj\u00f6ltyngt starfsf\u00f3lk<\/li>\n<li>M\u00f3tt\u00f6ku\u00fej\u00f3nusta<\/li>\n<li>Sv\u00e6\u00f0i fyrir lautarfer\u00f0ir<\/li>\n<li>\u00d3keypis morgunver\u00f0arhla\u00f0bor\u00f0, \u00f3keypis \u00fer\u00e1\u00f0laust net \u00e1 almenningssv\u00e6\u00f0um og \u00f3keypis b\u00edlast\u00e6\u00f0i<\/li>\n<\/ol>\n<\/div>\n\n\t\t<\/div>\n\t<\/div>\n<\/div><\/div><\/div><\/div><div class=\"vc_row wpb_row vc_row-fluid\" ><div class=\"wpb_column vc_column_container vc_col-sm-12\"><div class=\"vc_column-inner\"><div class=\"wpb_wrapper\">\n\t<div class=\"wpb_text_column wpb_content_element\" >\n\t\t<div class=\"wpb_wrapper\">\n\t\t\t<h2><em>A\u00f0rir herbergisvalkostir<\/em><\/h2>\n<div id=\"gtx-trans\" style=\"position: absolute; left: -6px; top: 45.275px;\">\n<div class=\"gtx-trans-icon\"><\/div>\n<\/div>\n\n\t\t<\/div>\n\t<\/div>\n<\/div><\/div><\/div><\/div><div class=\"vc_row wpb_row vc_row-fluid\" ><div class=\"wpb_column vc_column_container vc_col-sm-12\"><div class=\"vc_column-inner\"><div class=\"wpb_wrapper\"><div class=\"woocommerce columns-3\"><ul class=\"products columns-3\">\n<li class=\"product type-product post-12225 status-publish first instock product_cat-dominican-republic product_tag-excursion product_tag-tour has-post-thumbnail sale shipping-taxable product-type-external\">\n\t<div class=\"mkdf-pl-inner\"><div class=\"mkdf-pl-image\">\n\t<span class=\"mkdf-onsale\">SALE<\/span>\n\t<img loading=\"lazy\" decoding=\"async\" width=\"300\" height=\"300\" src=\"https:\/\/haitises.com\/wp-content\/uploads\/2024\/12\/98-7-300x300.jpg\" class=\"attachment-woocommerce_thumbnail size-woocommerce_thumbnail\" alt=\"Private Transfers from Punta Cana Airport to Hotels\" srcset=\"https:\/\/haitises.com\/wp-content\/uploads\/2024\/12\/98-7-300x300.jpg 300w, https:\/\/haitises.com\/wp-content\/uploads\/2024\/12\/98-7-550x550.jpg 550w, https:\/\/haitises.com\/wp-content\/uploads\/2024\/12\/98-7-100x100.jpg 100w\" sizes=\"auto, (max-width: 300px) 100vw, 300px\" title=\"\"><div class=\"mkdf-pl-text\"><div class=\"mkdf-pl-text-outer\"><div class=\"mkdf-pl-text-inner\"><a href=\"https:\/\/gyg.me\/Efzoif2Y\" aria-describedby=\"woocommerce_loop_add_to_cart_link_describedby_12225\" data-quantity=\"1\" class=\"button product_type_external\" data-product_id=\"12225\" data-product_sku=\"\" aria-label=\"Check availability\" rel=\"nofollow noopener\" target=\"_blank\">Check availability<\/a>\t<span id=\"woocommerce_loop_add_to_cart_link_describedby_12225\" class=\"screen-reader-text\">\n\t\t\t<\/span>\n<\/div><\/div><\/div><\/div><a href=\"https:\/\/haitises.com\/is\/einkaadila\/private-transfers-from-punta-cana-airport-to-hotels\/\" class=\"woocommerce-LoopProduct-link woocommerce-loop-product__link\"><\/a><\/div><div class=\"mkdf-pl-text-wrapper\"><h4 class=\"mkdf-product-list-title\"><a href=\"https:\/\/haitises.com\/is\/einkaadila\/private-transfers-from-punta-cana-airport-to-hotels\/\">Private Transfers from Punta Cana Airport to Hotels<\/a><\/h4>\n\t<span class=\"price\"><del aria-hidden=\"true\"><span class=\"woocommerce-Price-amount amount\"><bdi><span class=\"woocommerce-Price-currencySymbol\">&#36;<\/span>15.50<\/bdi><\/span><\/del> <span class=\"screen-reader-text\">Original price was: &#036;15.50.<\/span><ins aria-hidden=\"true\"><span class=\"woocommerce-Price-amount amount\"><bdi><span class=\"woocommerce-Price-currencySymbol\">&#36;<\/span>12.15<\/bdi><\/span><\/ins><span class=\"screen-reader-text\">Current price is: &#036;12.15.<\/span><\/span>\n<\/div><\/li><li class=\"product type-product post-12224 status-publish instock product_cat-dominican-republic product_tag-excursion product_tag-tour has-post-thumbnail sale shipping-taxable product-type-external\">\n\t<div class=\"mkdf-pl-inner\"><div class=\"mkdf-pl-image\">\n\t<span class=\"mkdf-onsale\">SALE<\/span>\n\t<img loading=\"lazy\" decoding=\"async\" width=\"300\" height=\"300\" src=\"https:\/\/haitises.com\/wp-content\/uploads\/2024\/12\/145-39-300x300.jpg\" class=\"attachment-woocommerce_thumbnail size-woocommerce_thumbnail\" alt=\"Punta Cana: Dolphin Discovery Swims and Encounters\" srcset=\"https:\/\/haitises.com\/wp-content\/uploads\/2024\/12\/145-39-300x300.jpg 300w, https:\/\/haitises.com\/wp-content\/uploads\/2024\/12\/145-39-100x100.jpg 100w\" sizes=\"auto, (max-width: 300px) 100vw, 300px\" title=\"\"><div class=\"mkdf-pl-text\"><div class=\"mkdf-pl-text-outer\"><div class=\"mkdf-pl-text-inner\"><a href=\"https:\/\/gyg.me\/8AGs6VXL\" aria-describedby=\"woocommerce_loop_add_to_cart_link_describedby_12224\" data-quantity=\"1\" class=\"button product_type_external\" data-product_id=\"12224\" data-product_sku=\"\" aria-label=\"Buy &ldquo;Punta Cana: Dolphin Discovery Swims and Encounters&rdquo;\" rel=\"nofollow noopener\" target=\"_blank\">Buy product<\/a>\t<span id=\"woocommerce_loop_add_to_cart_link_describedby_12224\" class=\"screen-reader-text\">\n\t\t\t<\/span>\n<\/div><\/div><\/div><\/div><a href=\"https:\/\/haitises.com\/is\/einkaadila\/punta-cana-dolphin-discovery-swims-and-encounters\/\" class=\"woocommerce-LoopProduct-link woocommerce-loop-product__link\"><\/a><\/div><div class=\"mkdf-pl-text-wrapper\"><h4 class=\"mkdf-product-list-title\"><a href=\"https:\/\/haitises.com\/is\/einkaadila\/punta-cana-dolphin-discovery-swims-and-encounters\/\">Punta Cana: Dolphin Discovery Swims and Encounters<\/a><\/h4>\n\t<span class=\"price\"><del aria-hidden=\"true\"><span class=\"woocommerce-Price-amount amount\"><bdi><span class=\"woocommerce-Price-currencySymbol\">&#36;<\/span>115.00<\/bdi><\/span><\/del> <span class=\"screen-reader-text\">Original price was: &#036;115.00.<\/span><ins aria-hidden=\"true\"><span class=\"woocommerce-Price-amount amount\"><bdi><span class=\"woocommerce-Price-currencySymbol\">&#36;<\/span>109.00<\/bdi><\/span><\/ins><span class=\"screen-reader-text\">Current price is: &#036;109.00.<\/span><\/span>\n<\/div><\/li><li class=\"product type-product post-12223 status-publish last instock product_cat-dominican-republic product_cat-saona-island product_tag-excursion product_tag-tour has-post-thumbnail sale shipping-taxable product-type-external\">\n\t<div class=\"mkdf-pl-inner\"><div class=\"mkdf-pl-image\">\n\t<span class=\"mkdf-onsale\">SALE<\/span>\n\t<img loading=\"lazy\" decoding=\"async\" width=\"300\" height=\"300\" src=\"https:\/\/haitises.com\/wp-content\/uploads\/2026\/03\/145-38-300x300.jpg\" class=\"attachment-woocommerce_thumbnail size-woocommerce_thumbnail\" alt=\"Catamaran Tour to Saona Island: Lunch &amp; Open Bar Experience\" srcset=\"https:\/\/haitises.com\/wp-content\/uploads\/2026\/03\/145-38-300x300.jpg 300w, https:\/\/haitises.com\/wp-content\/uploads\/2026\/03\/145-38-550x550.jpg 550w, https:\/\/haitises.com\/wp-content\/uploads\/2026\/03\/145-38-100x100.jpg 100w\" sizes=\"auto, (max-width: 300px) 100vw, 300px\" title=\"\"><div class=\"mkdf-pl-text\"><div class=\"mkdf-pl-text-outer\"><div class=\"mkdf-pl-text-inner\"><a href=\"https:\/\/gobookingadventures.com\/en\/booking\/catamaran-tour-to-saona-island-lunch-and-open-bar-experience\" aria-describedby=\"woocommerce_loop_add_to_cart_link_describedby_12223\" data-quantity=\"1\" class=\"button product_type_external\" data-product_id=\"12223\" data-product_sku=\"\" aria-label=\"BUY TICKETS\" rel=\"nofollow noopener\" target=\"_blank\">BUY TICKETS<\/a>\t<span id=\"woocommerce_loop_add_to_cart_link_describedby_12223\" class=\"screen-reader-text\">\n\t\t\t<\/span>\n<\/div><\/div><\/div><\/div><a href=\"https:\/\/haitises.com\/is\/einkaadila\/punta-cana-catamaran-to-saona-island-with-lunch-open-bar\/\" class=\"woocommerce-LoopProduct-link woocommerce-loop-product__link\"><\/a><\/div><div class=\"mkdf-pl-text-wrapper\"><h4 class=\"mkdf-product-list-title\"><a href=\"https:\/\/haitises.com\/is\/einkaadila\/punta-cana-catamaran-to-saona-island-with-lunch-open-bar\/\">Catamaran Tour to Saona Island: Lunch &#038; Open Bar Experience<\/a><\/h4>\n\t<span class=\"price\"><del aria-hidden=\"true\"><span class=\"woocommerce-Price-amount amount\"><bdi><span class=\"woocommerce-Price-currencySymbol\">&#36;<\/span>95.00<\/bdi><\/span><\/del> <span class=\"screen-reader-text\">Original price was: &#036;95.00.<\/span><ins aria-hidden=\"true\"><span class=\"woocommerce-Price-amount amount\"><bdi><span class=\"woocommerce-Price-currencySymbol\">&#36;<\/span>85.00<\/bdi><\/span><\/ins><span class=\"screen-reader-text\">Current price is: &#036;85.00.<\/span><\/span>\n<\/div><\/li><\/ul>\n<\/div><\/div><\/div><\/div><\/div>","protected":false},"excerpt":{"rendered":"<h2><strong>H\u00f3tel Cano Hondo<\/strong><\/h2>\n<p><em>(\u00f3keypis morgunver\u00f0ur fyrir 2 gesti)<\/em><\/p>\n<p>Eco-Lodge er t\u00f6frandi, fri\u00f0s\u00e6ll og frumlegur sta\u00f0ur \u00fear sem h\u00e6gt er a\u00f0 gista. \u00deetta n\u00e1tt\u00farulega og ekta h\u00f3tel er sta\u00f0sett \u00ed hinum fr\u00e6ga Los Haitises \u00fej\u00f3\u00f0gar\u00f0i \u00ed Sabana de la Mar. \u00d6ll herbergin okkar eru full af j\u00e1kv\u00e6\u00f0ri orku me\u00f0 \u00f3tr\u00falegu \u00fats\u00fdni til San Lorenzo-fl\u00f3a og Samana-fl\u00f3a! Herbergin eru me\u00f0 s\u00e9rba\u00f0herbergi me\u00f0 heitu vatni og viftu \u00ed lofti. Morgunver\u00f0ur er innifalinn, \u00f3keypis drykkjarvatn og kaffi er \u00ed bo\u00f0i allan daginn. \u00de\u00fa getur l\u00edka vali\u00f0 \u00far matar\u00e1\u00e6tlunum okkar.<br \/>\n[lesa meira]<\/p>\n<h2><strong><em><span class=\"_6ijom0\">\u00a0Cano Hondo <\/span><\/em><\/strong><em><strong>N\u00e1tt\u00farulegar sundlaugar<\/strong><\/em><\/h2>\n<p>Nj\u00f3ttu n\u00e1tt\u00farulegra vistv\u00e6nna lauga me\u00f0 heilsusamlegu og fr\u00edskandi vatni sem blandast fallega inn \u00ed landslagi\u00f0 me\u00f0 fj\u00f6lskyldu \u00feinni e\u00f0a gestum. Laugin eru algj\u00f6rlega l\u00edffr\u00e6\u00f0ileg og engin \u00fe\u00f6rf fyrir kl\u00f3r e\u00f0a efni sem \u00fer\u00f3ar sitt eigi\u00f0 n\u00e1tt\u00farulega vistkerfi og jafnv\u00e6gi \u00ed vistkerfi me\u00f0 \u00fev\u00ed a\u00f0 vera h\u00f6nnu\u00f0 og bygg\u00f0 \u00e1 \u00e1kve\u00f0inn h\u00e1tt.<\/p>\n<h2><em><strong>Ca\u00f1o Hondo barnareglur:<\/strong><\/em><\/h2>\n<p>-B\u00f6rn 2-10 \u00e1ra grei\u00f0a barnagjald<br \/>\n-Ungri en 2 \u00e1ra ekkert gjald<\/p>\n<h2><em><strong>Cano Hondo veitingasta\u00f0ur:\u00a0<\/strong><\/em><\/h2>\n<p>\u00dea\u00f0 er matse\u00f0ill me\u00f0 fj\u00f6lm\u00f6rgum valkostum sem \u00fe\u00fa getur vali\u00f0 \u00far. Einn drykkur er einnig innifalinn \u00e1 mann me\u00f0 hverri m\u00e1lt\u00ed\u00f0. \u00c1fengir drykkir eru \u00ed bo\u00f0i gegn gjaldi sem og aukadrykki.<\/p>\n<p>Matse\u00f0ill h\u00f3telsins segir s\u00e9rkennilegar s\u00f6gur af frumbyggjaor\u00f0um og sagnas\u00f6gum af sv\u00e6\u00f0inu. \u00dea\u00f0 undirstrikar einnig d\u00e6miger\u00f0a r\u00e9tti sv\u00e6\u00f0isins eins og krabba, konu og minutas, l\u00edtinn ferskvatnsfisk sem er a\u00f0 nj\u00f3ta, \u00e1 sta\u00f0num, krydda\u00f0ur og steiktur. Ferskum n\u00e1tt\u00farulegum \u00e1vaxtasafa er sn\u00fai\u00f0 daglega: lime, mel\u00f3na, mang\u00f3, tamarind, ananas osfrv.<br \/>\n[\/lesa]<\/p>","protected":false},"featured_media":11534,"template":"","meta":[],"product_brand":[],"product_cat":[558,560],"product_tag":[339,521,126,340,127,447,562,342],"class_list":{"0":"post-11469","1":"product","2":"type-product","3":"status-publish","4":"has-post-thumbnail","6":"product_cat-all-rooms","7":"product_cat-hotel-cano-hondo","8":"product_tag-altos-cano-hondo","9":"product_tag-altos-de-cano-hondo","10":"product_tag-cano-hondo","11":"product_tag-cano-hondo-day-pass","12":"product_tag-cano-hondo-hotel","13":"product_tag-hotel-cano-hondo","14":"product_tag-hotel-sabana-de-la-mar","15":"product_tag-paraiso-cano-hondo","17":"first","18":"instock","19":"shipping-taxable","20":"product-type-external"},"_links":{"self":[{"href":"https:\/\/haitises.com\/is\/wp-json\/wp\/v2\/product\/11469","targetHints":{"allow":["GET"]}}],"collection":[{"href":"https:\/\/haitises.com\/is\/wp-json\/wp\/v2\/product"}],"about":[{"href":"https:\/\/haitises.com\/is\/wp-json\/wp\/v2\/types\/product"}],"wp:featuredmedia":[{"embeddable":true,"href":"https:\/\/haitises.com\/is\/wp-json\/wp\/v2\/media\/11534"}],"wp:attachment":[{"href":"https:\/\/haitises.com\/is\/wp-json\/wp\/v2\/media?parent=11469"}],"wp:term":[{"taxonomy":"product_brand","embeddable":true,"href":"https:\/\/haitises.com\/is\/wp-json\/wp\/v2\/product_brand?post=11469"},{"taxonomy":"product_cat","embeddable":true,"href":"https:\/\/haitises.com\/is\/wp-json\/wp\/v2\/product_cat?post=11469"},{"taxonomy":"product_tag","embeddable":true,"href":"https:\/\/haitises.com\/is\/wp-json\/wp\/v2\/product_tag?post=11469"}],"curies":[{"name":"wp","href":"https:\/\/api.w.org\/{rel}","templated":true}]}}