{"id":11355,"date":"2021-08-15T20:08:48","date_gmt":"2021-08-15T20:08:48","guid":{"rendered":"http:\/\/haitises.com\/?post_type=product&#038;p=11355"},"modified":"2024-04-06T17:53:09","modified_gmt":"2024-04-06T17:53:09","slug":"birdwatching-punta-cana-birding-tours-from-punta-cana-to-los-haitises-national-park","status":"publish","type":"product","link":"https:\/\/haitises.com\/is\/einkaadila\/birdwatching-punta-cana-birding-tours-from-punta-cana-to-los-haitises-national-park\/","title":{"rendered":"Fuglasko\u00f0un Punta Cana \u2013 Fuglasko\u00f0unarfer\u00f0ir fr\u00e1 Punta Cana til Los Haitises \u00fej\u00f3\u00f0gar\u00f0sins"},"content":{"rendered":"<div class=\"vc_row wpb_row vc_row-fluid\" ><div class=\"wpb_column vc_column_container vc_col-sm-12\"><div class=\"vc_column-inner\"><div class=\"wpb_wrapper\">[mkdf_section_title title_tag=\u00bb\u00bb disable_break_words=\u00bbno\u00bb subtitle_tag=\u00bb\u00bb title=\u00bbBirding Tours from Punta Cana to Los Haitises National Park\u00bb subtitle=\u00bbBirdwatching in Los Haitises National Park\u00bb]<\/div><\/div><\/div><\/div><div class=\"vc_row wpb_row vc_row-fluid\" ><div class=\"wpb_column vc_column_container vc_col-sm-12\"><div class=\"vc_column-inner\"><div class=\"wpb_wrapper\">\n\t<div class=\"wpb_text_column wpb_content_element\" >\n\t\t<div class=\"wpb_wrapper\">\n\t\t\t<h4><b><i>Yfirlit <\/i><\/b><\/h4>\n<section><\/section>\n<p>Only visits offered in the Dominican Republic with National and Locals Tours Guides Certificated by the Ministry of Tourism in The Dominican Republic. Contact direct locals experts and visit Los Haitises, National Park. While most people head out by boat to explore the park and its caves, islands. We will be focused on the Ornithologist studies in Los Haitises National park. Enjoying and learning about Projects for the protection of wildlife on Private trips.<\/p>\n<p>We are conserving 110 species of birds which you can find in Los Haitises National Park. Walking through this magical forest in search of parrots, Todys, Ridgway\u2019s Hawks, tanagers, hummingbirds, and much more. Providing interesting History about all these birds which you can see on the Humit trail. We know the spots habitats of Ridgway\u2019s, Ashy Faced Owls, and other endemics species. This Tour is focusing on nature and is more concentrated on the information about wildlife with expect locals tour guides certificated as Ornithologist.<\/p>\n<p><strong>Usually is a private tour for a truly high-quality experience.<\/strong><\/p>\n<p>Check here the list of the most common birds in our trips: <a href=\"https:\/\/avibase.bsc-eoc.org\/checklist.jsp?lang=ES&amp;p2=1&amp;list=clements&amp;synlang=EN&amp;region=DO0005&amp;version=text&amp;lifelist=&amp;highlight=0\" target=\"_blank\" rel=\"noopener\"><strong>CLICK HERE<\/strong><\/a><\/p>\n<h4><\/h4>\n<h4><b>Innifali\u00f0 og \u00fatilokanir<\/b><\/h4>\n<p><b>Innifali\u00f0<\/b><\/p>\n<ol>\n<li style=\"font-weight: 400;\">3 hours bird walk on the park trails<\/li>\n<li style=\"font-weight: 400;\"><span style=\"font-weight: 400;\">All taxes, fees, and handling charges<\/span><\/li>\n<li style=\"font-weight: 400;\"><span style=\"font-weight: 400;\">\u00datsvar<\/span><\/li>\n<li>H\u00e1degisver\u00f0ur<\/li>\n<li style=\"font-weight: 400;\">Officials Ecologist tour guides English\/Spanish<\/li>\n<li>Transfer from Punta Cana<\/li>\n<\/ol>\n<p><b> \u00datilokanir<\/b><\/p>\n<ol>\n<li style=\"font-weight: 400;\"><span style=\"font-weight: 400;\">\u00dej\u00f3rf\u00e9<\/span><\/li>\n<li style=\"font-weight: 400;\"><span style=\"font-weight: 400;\">Alcoholic drinks<\/span><\/li>\n<\/ol>\n<p>&nbsp;<\/p>\n<h4><em><strong>Brottf\u00f6r og heimfer\u00f0<\/strong><\/em><\/h4>\n<p><span style=\"font-weight: 400;\">The tour, organized by \u00abBooking Adventures locals Ornithologist tour Guides\u00bb starts at the meeting point set with the Tour Guide. The traveler will get a meeting point after the Reservation Process. Tours start and Finished at our meeting points.<\/span><\/p>\n<p>&nbsp;<\/p>\n<h4><b><i>Hva\u00f0 \u00e1 a\u00f0 b\u00faast vi\u00f0?<\/i><\/b><\/h4>\n<p><em><strong>Get your ticket<\/strong><\/em> for birdwatching in Los Haitises National Park From Punta Cana. Trip from Punta cana to the National park is around 1: 45 minutes. When you arrive to the park we get \u00a030 min hiking and watching the Hawks we have the option to continue hiking around and check for Parrots, piculets, and Others Endemics species in Los Haitises National Park.<\/p>\n<p>Los Haitises National Park has just two Trails for Birding in Sabana de la Mar. On the way to Los Hiatises National Park, we stop in some spots to see more birds.<\/p>\n<p>After 4 and half hours of learning about birds in Los Haitises National Park, this excursion ends in the same place as started.<\/p>\n<p><strong>Note: These tours are with Officials Ecologist tour guides. Please Book with time because in the park there are no too many specialists.<\/strong><\/p>\n<p>&nbsp;<\/p>\n<h4><em><strong>Hva\u00f0 \u00e1 ma\u00f0ur a\u00f0 hafa me\u00f0 s\u00e9r?<\/strong><\/em><\/h4>\n<ul>\n<li style=\"font-weight: 400;\"><span style=\"font-weight: 400;\">myndav\u00e9l<\/span><\/li>\n<li>Binocular<\/li>\n<li style=\"font-weight: 400;\"><span style=\"font-weight: 400;\">Fr\u00e1hrindandi buds<\/span><\/li>\n<li style=\"font-weight: 400;\"><span style=\"font-weight: 400;\">s\u00f3larv\u00f6rn<\/span><\/li>\n<li style=\"font-weight: 400;\"><span style=\"font-weight: 400;\">Hattur<\/span><\/li>\n<li style=\"font-weight: 400;\"><span style=\"font-weight: 400;\">\u00de\u00e6gilegar buxur<\/span><\/li>\n<li style=\"font-weight: 400;\"><span style=\"font-weight: 400;\">G\u00f6ngusk\u00f3r fyrir sk\u00f3ginn<\/span><\/li>\n<li style=\"font-weight: 400;\"><span style=\"font-weight: 400;\">Sandals to the Spring areas.<\/span><\/li>\n<li style=\"font-weight: 400;\"><span style=\"font-weight: 400;\">Sundfatna\u00f0ur<\/span><\/li>\n<\/ul>\n<p>&nbsp;<\/p>\n<h4><b><i>Afhending h\u00f3tels <\/i><\/b><\/h4>\n<p><span style=\"font-weight: 400;\">Hotel pick-up is offered for this tour. <\/span><\/p>\n<p><b>Athugi\u00f0:<\/b><span style=\"font-weight: 400;\"> If you are booking within 24 hours of the tour\/Excursion departure time, we can arrange hotel pick-up in Punta Cana. Once your purchase is complete, we will send you complete contact information (phone number, email address, etc.) for our local Tour guide to organize pick-up arrangements.<\/span><\/p>\n<h4><b><i>Sta\u00f0festing \u00e1 vi\u00f0b\u00f3taruppl\u00fdsingum <\/i><\/b><\/h4>\n<ol>\n<li>Mi\u00f0ar eru kvittunin eftir a\u00f0 hafa greitt \u00feessa fer\u00f0. \u00de\u00fa getur s\u00fdnt grei\u00f0sluna \u00ed s\u00edmanum \u00fe\u00ednum.<\/li>\n<li style=\"font-weight: 400;\"><span style=\"font-weight: 400;\">Fundarsta\u00f0ur mun berast eftir b\u00f3kunarferli\u00f0.<\/span><\/li>\n<li style=\"font-weight: 400;\"><span style=\"font-weight: 400;\">B\u00f6rn ver\u00f0a a\u00f0 vera \u00ed fylgd me\u00f0 fullor\u00f0num.<\/span><\/li>\n<li style=\"font-weight: 400;\"><span style=\"font-weight: 400;\"> Not wheelchair accessible <\/span><\/li>\n<li style=\"font-weight: 400;\"><span style=\"font-weight: 400;\">Ungb\u00f6rn ver\u00f0a a\u00f0 sitja \u00ed kj\u00f6ltu <\/span><\/li>\n<li style=\"font-weight: 400;\"><span style=\"font-weight: 400;\">Not recommended for travelers with back problems<\/span><\/li>\n<li style=\"font-weight: 400;\"><span style=\"font-weight: 400;\">Not recommended for pregnant travelers <\/span><\/li>\n<li style=\"font-weight: 400;\"><span style=\"font-weight: 400;\"> No heart problems or other serious medical conditions <\/span><\/li>\n<li style=\"font-weight: 400;\"><span style=\"font-weight: 400;\">Flestir fer\u00f0amenn geta teki\u00f0 \u00fe\u00e1tt<\/span><\/li>\n<\/ol>\n<p>This tour is offered to a Minimum of 2 people and Maximum 15 people. In case of fewer people, please contact us.<\/p>\n<h4><b><i>Afp\u00f6ntunarreglur<\/i><\/b><\/h4>\n<p><span style=\"font-weight: 400;\">Fyrir fulla endurgrei\u00f0slu, afb\u00f3ka\u00f0u a\u00f0 minnsta kosti 24 klukkustundum fyrir upphafsdag upplifunar.<\/span><\/p>\n\n\t\t<\/div>\n\t<\/div>\n<\/div><\/div><\/div><\/div><div class=\"vc_row wpb_row vc_row-fluid\" ><div class=\"wpb_column vc_column_container vc_col-sm-12\"><div class=\"vc_column-inner\"><div class=\"wpb_wrapper\">\n\t<div class=\"wpb_text_column wpb_content_element\" >\n\t\t<div class=\"wpb_wrapper\">\n\t\t\t<h4>Haf\u00f0u samband vi\u00f0 okkur?<\/h4>\n<h5><em><strong>B\u00f3kun \u00e6vint\u00fdri<\/strong><\/em><\/h5>\n<p><em><strong>Heimamenn<\/strong> og <strong>Landsmenn<\/strong> Fararstj\u00f3rar og gesta\u00fej\u00f3nusta<\/em><\/p>\n<p><span class=\"text-turquoise\">B\u00f3kanir:<\/span> Fer\u00f0ir og sko\u00f0unarfer\u00f0ir \u00ed Dom. Rep.<\/p>\n<p><img decoding=\"async\" class=\"emoji\" draggable=\"false\" src=\"https:\/\/s.w.org\/images\/core\/emoji\/11.2.0\/svg\/1f4de.svg\" alt=\"\ud83d\udcde\" title=\"\"> S\u00edmi\/Whatsapp\u00a0 <a href=\"tel:+1-809-720-6035\">+1-809-720-6035<\/a>.<\/p>\n<p><img decoding=\"async\" class=\"emoji\" draggable=\"false\" src=\"https:\/\/s.w.org\/images\/core\/emoji\/11.2.0\/svg\/1f4e9.svg\" alt=\"\ud83d\udce9\" title=\"\"> <a href=\"mailto:info@bookingadventures.com.do\">info@bookingadventures.com.do<\/a><\/p>\n<p><strong>Vi\u00f0 erum me\u00f0 sveigjanlega stillingu einkafer\u00f0ir me\u00f0 Whatsapp: <a href=\"tel:+18097206035\">+18097206035.<\/a><\/strong><\/p>\n\n\t\t<\/div>\n\t<\/div>\n<\/div><\/div><\/div><\/div>","protected":false},"excerpt":{"rendered":"<p>Birding Full morning in Los Haitises National Park Rain Forest trails. This park has an array of bird and animal species and is a favorite for bird-watchers. While the number seen might be higher than other locations, Cano Hondo\u2019s location in a slight wetland area of the country means the rainforest is more open with fewer cacao and coffee plantations, making wildlife-spotting easier. This is a private trip. You can choose to pick a time when to start the birdwatching experience and when to be back in Punta Cana.<\/p>\n<p><em><strong>Please Select the date for The Activity.<\/strong><\/em><\/p>","protected":false},"featured_media":11028,"template":"","meta":[],"product_brand":[],"product_cat":[119,120,96,98,121,426,122,123,124],"product_tag":[176,177,178,179,448,180,181,182,184,185,186,132,187,133,189,191,192,114,193],"class_list":{"0":"post-11355","1":"product","2":"type-product","3":"status-publish","4":"has-post-thumbnail","6":"product_cat-caves","7":"product_cat-fees-entrace","8":"product_cat-hiking","9":"product_cat-local-tour-guides","10":"product_cat-mangroves","11":"product_cat-private-tours-excursions","12":"product_cat-tours-and-excursions","13":"product_cat-tours-excursions-los-haitises-national-park","14":"product_cat-tours-excursions-samana-bay-dominican-republic","15":"product_tag-biding-sabana-de-la-mar","16":"product_tag-birding","17":"product_tag-birding-dominican-republic","18":"product_tag-birding-in-los-haitises","19":"product_tag-birding-tour-from-punta-cana","20":"product_tag-birdwatching","21":"product_tag-birdwatching-dominicana","22":"product_tag-birdwtaching","23":"product_tag-carretera-cano-hondo","24":"product_tag-eco-lodge-paraiso-cano-hondo","25":"product_tag-hire-a-guide-in-los-haitises","26":"product_tag-los-haitises","27":"product_tag-los-haitises-birding","28":"product_tag-los-haitises-national-park","29":"product_tag-los-haitises-national-park-cano-hondo","30":"product_tag-nature","31":"product_tag-ridgways-hawk","32":"product_tag-sabana-de-la-mar","33":"product_tag-wildlife","35":"first","36":"instock","37":"sale","38":"sold-individually","39":"shipping-taxable","40":"product-type-external"},"_links":{"self":[{"href":"https:\/\/haitises.com\/is\/wp-json\/wp\/v2\/product\/11355","targetHints":{"allow":["GET"]}}],"collection":[{"href":"https:\/\/haitises.com\/is\/wp-json\/wp\/v2\/product"}],"about":[{"href":"https:\/\/haitises.com\/is\/wp-json\/wp\/v2\/types\/product"}],"wp:featuredmedia":[{"embeddable":true,"href":"https:\/\/haitises.com\/is\/wp-json\/wp\/v2\/media\/11028"}],"wp:attachment":[{"href":"https:\/\/haitises.com\/is\/wp-json\/wp\/v2\/media?parent=11355"}],"wp:term":[{"taxonomy":"product_brand","embeddable":true,"href":"https:\/\/haitises.com\/is\/wp-json\/wp\/v2\/product_brand?post=11355"},{"taxonomy":"product_cat","embeddable":true,"href":"https:\/\/haitises.com\/is\/wp-json\/wp\/v2\/product_cat?post=11355"},{"taxonomy":"product_tag","embeddable":true,"href":"https:\/\/haitises.com\/is\/wp-json\/wp\/v2\/product_tag?post=11355"}],"curies":[{"name":"wp","href":"https:\/\/api.w.org\/{rel}","templated":true}]}}