{"id":11323,"date":"2021-08-15T20:08:37","date_gmt":"2021-08-15T20:08:37","guid":{"rendered":"http:\/\/haitises.com\/?post_type=product&#038;p=11323"},"modified":"2024-04-09T14:38:57","modified_gmt":"2024-04-09T14:38:57","slug":"samana-whale-watching-cayo-levantado-bacardi-island-2","status":"publish","type":"product","link":"https:\/\/haitises.com\/is\/einkaadila\/samana-whale-watching-cayo-levantado-bacardi-island-2\/","title":{"rendered":"Saman\u00e1 hvalasko\u00f0un + Cayo Levantado (Bacardi Island)."},"content":{"rendered":"<div class=\"vc_row wpb_row vc_row-fluid\" ><div class=\"wpb_column vc_column_container vc_col-sm-12\"><div class=\"vc_column-inner\"><div class=\"wpb_wrapper\">[mkdf_section_title title_tag=\u00bb\u00bb disable_break_words=\u00bbno\u00bb subtitle_tag=\u00bb\u00bb title=\u00bbSaman\u00e1 Whale Watching + Cayo Levantado from Samana Port\u00bb subtitle=\u00bbWhale watching Samana Bay\u00bb]<\/div><\/div><\/div><\/div><div class=\"vc_row wpb_row vc_row-fluid\" ><div class=\"wpb_column vc_column_container vc_col-sm-12\"><div class=\"vc_column-inner\"><div class=\"wpb_wrapper\">\n\t<div class=\"wpb_text_column wpb_content_element\" >\n\t\t<div class=\"wpb_wrapper\">\n\t\t\t<div class=\"vc_row wpb_row vc_row-fluid\">\n<div class=\"wpb_column vc_column_container vc_col-sm-12\">\n<div class=\"vc_column-inner\">\n<div class=\"wpb_wrapper\">\n<div class=\"wpb_text_column wpb_content_element\">\n<div class=\"wpb_wrapper\">\n<h3 class=\"mkdf-single-product-title\">Saman\u00e1 Whale Watching + Cayo Levantado (All included in Ticket price)<\/h3>\n<h4><b><i>Yfirlit<\/i><\/b><\/h4>\n<p>Excursion for Whale watching in Samana bay starting from Samana port. Full day trip for whale watching in Samana bay and visiting the historical Island of Cayo Levantado plus Lunch on the beach.<\/p>\n<p>First, we meet in Our Office.<\/p>\n<p>Then the Excursion starts at 9:00 Am and Finishes at 5:00 Pm. After aborting our Catamaran or Boat to visit the Whales in their own habitat.<\/p>\n<p>From 9:00 Am until 12:00-noon Whale watching in the Sanctuary observatory and After this Whale trip we will visit Bacardi Island \/ Cayo Levantado. In Bacardi Island, Lunch Buffet from typical Dominican Style will be provided.<\/p>\n<p>When lunch is finished you are allowed to swim until 4:30 pm. The excursion will be finished at 5:00 pm at the same port from where it will start.<\/p>\n<p><strong>Note: This tour is Not Private. For a Private tour or just whale watching without Cayo Levantado please contact us.<\/strong><\/p>\n<ul>\n<li>Whale Watching trip<\/li>\n<li>Entrance fees to Observatory<\/li>\n<li>Includes Buffet lunch on the beach<\/li>\n<li>B\u00e1taflutningur<\/li>\n<li>Skipstj\u00f3rinn veitir fr\u00e6\u00f0slu og eftirlit<\/li>\n<li>Tour Guide<\/li>\n<\/ul>\n<p>&nbsp;<\/p>\n<h4><b>Innifali\u00f0 og \u00fatilokanir<\/b><\/h4>\n<p>&nbsp;<\/p>\n<p><b>Innifali\u00f0<\/b><\/p>\n<p>&nbsp;<\/p>\n<ol>\n<li>H\u00e1degisver\u00f0arhla\u00f0bor\u00f0 \u00e1 str\u00f6ndinni<\/li>\n<li>Tour Guide<\/li>\n<li>Catamaran or Boat Trip<\/li>\n<li>Allir skattar, gj\u00f6ld og afgrei\u00f0slugj\u00f6ld<\/li>\n<li>\u00datsvar<\/li>\n<li>Drykkir<\/li>\n<\/ol>\n<p><b>\u00datilokanir<\/b><\/p>\n<ol>\n<li>\u00dej\u00f3rf\u00e9<\/li>\n<li>Flytja b\u00edll<\/li>\n<li>\u00c1fengir drykkir<\/li>\n<\/ol>\n<p>&nbsp;<\/p>\n<h4><em><strong>Brottf\u00f6r og heimfer\u00f0<\/strong><\/em><\/h4>\n<p>Fer\u00f0ama\u00f0urinn mun f\u00e1 fundarsta\u00f0 eftir p\u00f6ntunarferli\u00f0. Fer\u00f0ir hefjast og l\u00fdkur \u00e1 samkomust\u00f6\u00f0um okkar.<\/p>\n<p>&nbsp;<\/p>\n<h4><b><i>Hva\u00f0 \u00e1 a\u00f0 b\u00faast vi\u00f0?<\/i><\/b><\/h4>\n<p>&nbsp;<\/p>\n<p><em><strong>Trygg\u00f0u \u00fe\u00e9r mi\u00f0a<\/strong><\/em> for a day Whale Watching tour in Samana bay and a wonderful lunch and beach time.<\/p>\n<p>The whale watching trips are organized by \u201cBooking Adventures\u201d starts at the meeting point set with the Tour Guide. Lunch at the beach and you can stay as long as you want swimming around. If you are Vegan we also can set some food for you.<\/p>\n<p><strong>Dagskr\u00e1:<\/strong><\/p>\n<p>8:45 AM \u2013 5:00 PM<\/p>\n<p>&nbsp;<\/p>\n<h4><em><strong>Hva\u00f0 \u00e1 ma\u00f0ur a\u00f0 hafa me\u00f0 s\u00e9r?<\/strong><\/em><\/h4>\n<ul>\n<li>myndav\u00e9l<\/li>\n<li>Fr\u00e1hrindandi buds<\/li>\n<li>s\u00f3larv\u00f6rn<\/li>\n<li>Hattur<\/li>\n<li>\u00de\u00e6gilegar buxur<\/li>\n<li>Sandalar \u00e1 str\u00f6ndina<\/li>\n<li>Sundfatna\u00f0ur<\/li>\n<li>Rei\u00f0uf\u00e9 fyrir minjagripi<\/li>\n<\/ul>\n<p>&nbsp;<\/p>\n<h4><b><i>Afhending h\u00f3tels<\/i><\/b><\/h4>\n<p>Ekki er bo\u00f0i\u00f0 upp \u00e1 flutning \u00e1 h\u00f3teli \u00ed \u00feessari fer\u00f0.<\/p>\n<p>&nbsp;<\/p>\n<p><b>Athugi\u00f0:<\/b>\u00a0Ef \u00fe\u00fa ert b\u00f3ka\u00f0ur innan 24 klukkustunda fr\u00e1 brottfarart\u00edma fer\u00f0arinnar\/fer\u00f0arinnar getum vi\u00f0 \u00fatvega\u00f0 s\u00f6fnun \u00e1 h\u00f3teli me\u00f0 aukagj\u00f6ldum. \u00deegar kaupunum \u00fe\u00ednum er loki\u00f0 munum vi\u00f0 senda \u00fe\u00e9r allar uppl\u00fdsingar um tengili\u00f0i (s\u00edman\u00famer, netfang, osfrv.) fyrir sta\u00f0bundinn fararstj\u00f3ra til a\u00f0 skipuleggja afhendingu.<\/p>\n<h4><b><i>Sta\u00f0festing \u00e1 vi\u00f0b\u00f3taruppl\u00fdsingum<\/i><\/b><\/h4>\n<ol>\n<li>Mi\u00f0ar eru kvittunin eftir a\u00f0 hafa greitt \u00feessa fer\u00f0. \u00de\u00fa getur s\u00fdnt grei\u00f0sluna \u00ed s\u00edmanum \u00fe\u00ednum.<\/li>\n<li>Fundarsta\u00f0ur mun berast eftir b\u00f3kunarferli\u00f0.<\/li>\n<li>B\u00f6rn ver\u00f0a a\u00f0 vera \u00ed fylgd me\u00f0 fullor\u00f0num.<\/li>\n<li>hj\u00f3last\u00f3laa\u00f0gengilegt<\/li>\n<li>Ungb\u00f6rn ver\u00f0a a\u00f0 sitja \u00ed kj\u00f6ltu<\/li>\n<li>Flestir fer\u00f0amenn geta teki\u00f0 \u00fe\u00e1tt<\/li>\n<\/ol>\n<h4><b><i>Afp\u00f6ntunarreglur<\/i><\/b><\/h4>\n<p>Fyrir fulla endurgrei\u00f0slu, afb\u00f3ka\u00f0u a\u00f0 minnsta kosti 24 klukkustundum fyrir upphafsdag upplifunar.<\/p>\n<\/div>\n<\/div>\n<\/div>\n<\/div>\n<\/div>\n<\/div>\n<div class=\"vc_row wpb_row vc_row-fluid\">\n<div class=\"wpb_column vc_column_container vc_col-sm-12\">\n<div class=\"vc_column-inner\">\n<div class=\"wpb_wrapper\">\n<div class=\"wpb_text_column wpb_content_element\">\n<div class=\"wpb_wrapper\">\n<p>&nbsp;<\/p>\n<\/div>\n<\/div>\n<\/div>\n<\/div>\n<\/div>\n<\/div>\n\n\t\t<\/div>\n\t<\/div>\n<\/div><\/div><\/div><\/div><div class=\"vc_row wpb_row vc_row-fluid\" ><div class=\"wpb_column vc_column_container vc_col-sm-12\"><div class=\"vc_column-inner\"><div class=\"wpb_wrapper\"><div class=\"vc_empty_space\"   style=\"height: 32px\"><span class=\"vc_empty_space_inner\"><\/span><\/div>\n\t<div class=\"wpb_video_widget wpb_content_element vc_clearfix   vc_video-aspect-ratio-169 vc_video-el-width-100 vc_video-align-left\" >\n\t\t<div class=\"wpb_wrapper\">\n\t\t\t\n\t\t\t<div class=\"wpb_video_wrapper\"><iframe loading=\"lazy\" title=\"Whales Watching Samana Bay Dominican Republic\" src=\"https:\/\/player.vimeo.com\/video\/337838231?dnt=1&amp;app_id=122963&amp;h=02761ea4c2\" width=\"1100\" height=\"619\" frameborder=\"0\" allow=\"autoplay; fullscreen; picture-in-picture\" allowfullscreen><\/iframe><\/div>\n\t\t<\/div>\n\t<\/div>\n<div class=\"vc_empty_space\"   style=\"height: 32px\"><span class=\"vc_empty_space_inner\"><\/span><\/div><\/div><\/div><\/div><\/div><div class=\"vc_row wpb_row vc_row-fluid\" ><div class=\"wpb_column vc_column_container vc_col-sm-12\"><div class=\"vc_column-inner\"><div class=\"wpb_wrapper\"><div class=\"vc_empty_space\"   style=\"height: 32px\"><span class=\"vc_empty_space_inner\"><\/span><\/div>\n\t<div class=\"wpb_text_column wpb_content_element\" >\n\t\t<div class=\"wpb_wrapper\">\n\t\t\t<h4>Haf\u00f0u samband vi\u00f0 okkur?<\/h4>\n<h5>B\u00f3kun \u00e6vint\u00fdri<\/h5>\n<p><em><strong>Heimamenn<\/strong>\u00a0og\u00a0<strong>Landsmenn<\/strong>\u00a0Fararstj\u00f3rar og gesta\u00fej\u00f3nusta<\/em><\/p>\n<p><span class=\"text-turquoise\">B\u00f3kanir:<\/span>\u00a0Fer\u00f0ir og sko\u00f0unarfer\u00f0ir \u00ed Dom. Rep.<\/p>\n<p><img decoding=\"async\" class=\"emoji\" draggable=\"false\" src=\"https:\/\/s.w.org\/images\/core\/emoji\/11.2.0\/svg\/1f4de.svg\" alt=\"\ud83d\udcde\" title=\"\">\u00a0S\u00edmi\/Whatsapp\u00a0\u00a0<a href=\"tel:+1-809-720-6035\">+1-809-720-6035<\/a>.<\/p>\n<p><img decoding=\"async\" class=\"emoji\" draggable=\"false\" src=\"https:\/\/s.w.org\/images\/core\/emoji\/11.2.0\/svg\/1f4e9.svg\" alt=\"\ud83d\udce9\" title=\"\">\u00a0<a href=\"mailto:info@bookingadventures.com.do\">info@bookingadventures.com.do<\/a><\/p>\n<p><strong>Vi\u00f0 erum me\u00f0 sveigjanlega stillingu einkafer\u00f0ir me\u00f0 Whatsapp:\u00a0<a href=\"tel:+18097206035\">+18097206035.<\/a><\/strong><\/p>\n\n\t\t<\/div>\n\t<\/div>\n<div class=\"vc_empty_space\"   style=\"height: 32px\"><span class=\"vc_empty_space_inner\"><\/span><\/div><\/div><\/div><\/div><\/div><div class=\"vc_row wpb_row vc_row-fluid\" ><div class=\"wpb_column vc_column_container vc_col-sm-12\"><div class=\"vc_column-inner\"><div class=\"wpb_wrapper\">[mkdf_section_title title_tag=\u00bb\u00bb disable_break_words=\u00bbno\u00bb subtitle_tag=\u00bb\u00bb title=\u00bbMore Whale Watching Options\u00bb subtitle=\u00bbFrom Punta cana, Las Terrenas, Las Galeras, Sabana de la mar or Miches. \u00ab]<div class=\"vc_empty_space\"   style=\"height: 32px\"><span class=\"vc_empty_space_inner\"><\/span><\/div><div class=\"woocommerce columns-4\"><\/div><\/div><\/div><\/div><\/div>","protected":false},"excerpt":{"rendered":"<p class=\"mkdf-single-product-title\">Saman\u00e1 Whale Watching + Cayo Levantado tour starting from Samana port with Local naturalist tour guide. Visiting the Humpback whales in the sanctuary and after whale watching in Samana Bay, Visit Bacardi island for a Lunch and beach time.<\/p>\n<p>After this trip,\u00a0 we will bring you back to the meeting point where we started.<\/p>\n<p><strong>Please note<\/strong>: <em>Infants<\/em> (0 \u2013 23 months) free of charge, <em>Children<\/em> (2 \u2013 10 <em>years<\/em>)<\/p>\n<p><em><strong>Check the Days available for this Excursion:<\/strong><\/em><\/p>","protected":false},"featured_media":10981,"template":"","meta":[],"product_brand":[],"product_cat":[122,124,232],"product_tag":[137,139,233,225,147,148,143,234,235,236,237,238],"class_list":{"0":"post-11323","1":"product","2":"type-product","3":"status-publish","4":"has-post-thumbnail","6":"product_cat-tours-and-excursions","7":"product_cat-tours-excursions-samana-bay-dominican-republic","8":"product_cat-whale-watching-samana","9":"product_tag-bacardi-island","10":"product_tag-cayo-levantado","11":"product_tag-las-galeras","12":"product_tag-las-terrenas","13":"product_tag-samana-bay","14":"product_tag-samana-excursions","15":"product_tag-samana-tours","16":"product_tag-whale-samana","17":"product_tag-whale-tours","18":"product_tag-whale-watching-dominican-republic","19":"product_tag-whale-watching-excursion","20":"product_tag-whale-watching-samana","22":"first","23":"instock","24":"sale","25":"sold-individually","26":"shipping-taxable","27":"product-type-external"},"_links":{"self":[{"href":"https:\/\/haitises.com\/is\/wp-json\/wp\/v2\/product\/11323","targetHints":{"allow":["GET"]}}],"collection":[{"href":"https:\/\/haitises.com\/is\/wp-json\/wp\/v2\/product"}],"about":[{"href":"https:\/\/haitises.com\/is\/wp-json\/wp\/v2\/types\/product"}],"wp:featuredmedia":[{"embeddable":true,"href":"https:\/\/haitises.com\/is\/wp-json\/wp\/v2\/media\/10981"}],"wp:attachment":[{"href":"https:\/\/haitises.com\/is\/wp-json\/wp\/v2\/media?parent=11323"}],"wp:term":[{"taxonomy":"product_brand","embeddable":true,"href":"https:\/\/haitises.com\/is\/wp-json\/wp\/v2\/product_brand?post=11323"},{"taxonomy":"product_cat","embeddable":true,"href":"https:\/\/haitises.com\/is\/wp-json\/wp\/v2\/product_cat?post=11323"},{"taxonomy":"product_tag","embeddable":true,"href":"https:\/\/haitises.com\/is\/wp-json\/wp\/v2\/product_tag?post=11323"}],"curies":[{"name":"wp","href":"https:\/\/api.w.org\/{rel}","templated":true}]}}