{"id":11064,"date":"2021-04-09T10:46:12","date_gmt":"2021-04-09T10:46:12","guid":{"rendered":"http:\/\/haitises.com\/product\/import-placeholder-for-11566\/"},"modified":"2024-04-12T17:22:43","modified_gmt":"2024-04-12T17:22:43","slug":"samana-day-trip-from-bayahibe-el-limon-waterfall-and-bacardi-island","status":"publish","type":"product","link":"https:\/\/haitises.com\/is\/einkaadila\/samana-day-trip-from-bayahibe-el-limon-waterfall-and-bacardi-island\/","title":{"rendered":"Samana dagsfer\u00f0 fr\u00e1 Bayahibe \u2013 El Limon fossinum og Bacardi eyju"},"content":{"rendered":"<div class=\"vc_row wpb_row vc_row-fluid\" ><div class=\"wpb_column vc_column_container vc_col-sm-12\"><div class=\"vc_column-inner\"><div class=\"wpb_wrapper\">[mkdf_section_title title_tag=\u00bb\u00bb disable_break_words=\u00bbno\u00bb subtitle_tag=\u00bb\u00bb title=\u00bbSamana Day Trip From Bayahibe &#8211; El Limon Waterfall and Bacardi Island\u00bb subtitle=\u00bb(Pick-up in Bayahibe Hotels)\u00bb]<\/div><\/div><\/div><\/div><div class=\"vc_row wpb_row vc_row-fluid\" ><div class=\"wpb_column vc_column_container vc_col-sm-12\"><div class=\"vc_column-inner\"><div class=\"wpb_wrapper\">\n\t<div class=\"wpb_text_column wpb_content_element\" >\n\t\t<div class=\"wpb_wrapper\">\n\t\t\t<h4><b><i>Yfirlit <\/i><\/b><\/h4>\n<p>If you are in Bayahibe, Punta Cana or Bavaro, and wants to have a day trip paying less than usual, go ahead and book this trip. Within this trip, we will take you to Samana, where on a catamaran, you will be taken to Sabana de la Mar, a township of Hato Mayor the house of \u00a0Los Haitises National Park. This journey includes visiting the communities of Samana and El Limon where you will be able to do Horse Riding or Hiking to a waterfall right after crossing Samana Bay. The lunch will be served at Bacardi Island. The trips begins at 6:00am and ends by 6:30pm. Do your reservation now!<\/p>\n<p>After this experience,\u00a0 we will drop you off at Your Hotel.<\/p>\n<ul>\n<li style=\"font-weight: 400;\">Fees included<\/li>\n<li>Lunch at the beach included<\/li>\n<li>Transfer incluided<\/li>\n<li style=\"font-weight: 400;\"><span style=\"font-weight: 400;\">The guide provides instruction and Supervision<\/span><\/li>\n<\/ul>\n<p>&nbsp;<\/p>\n<h4><b>Innifali\u00f0 og \u00fatilokanir<\/b><\/h4>\n<p>&nbsp;<\/p>\n<p><b>Innifali\u00f0<\/b><\/p>\n<p>&nbsp;<\/p>\n<ol>\n<li style=\"font-weight: 400;\">Hotel pick up<\/li>\n<li style=\"font-weight: 400;\">Saman\u00e1 Bay<\/li>\n<li>Bacardi Island, Beach, and Lunch<\/li>\n<li>Safari to El Lim\u00f3n<\/li>\n<li>Horse riding or Hiking to Waterfalls<\/li>\n<li>Dominicans Cocktails<\/li>\n<li style=\"font-weight: 400;\"><span style=\"font-weight: 400;\">Allir skattar, gj\u00f6ld og afgrei\u00f0slugj\u00f6ld<\/span><\/li>\n<li style=\"font-weight: 400;\"><span style=\"font-weight: 400;\">\u00datsvar<\/span><\/li>\n<li style=\"font-weight: 400;\"><span style=\"font-weight: 400;\">Drykkir<\/span><\/li>\n<li style=\"font-weight: 400;\"><span style=\"font-weight: 400;\">All activities<\/span><\/li>\n<li style=\"font-weight: 400;\"><span style=\"font-weight: 400;\">Local guide<\/span><\/li>\n<\/ol>\n<p><b> \u00datilokanir<\/b><\/p>\n<ol>\n<li style=\"font-weight: 400;\"><span style=\"font-weight: 400;\">\u00dej\u00f3rf\u00e9<\/span><\/li>\n<li style=\"font-weight: 400;\"><span style=\"font-weight: 400;\">Alcoholic Drinks after Cocktails\u00a0<\/span><\/li>\n<\/ol>\n<p>&nbsp;<\/p>\n<h4><em><strong>Brottf\u00f6r og heimfer\u00f0<\/strong><\/em><\/h4>\n<p><span style=\"font-weight: 400;\">Fer\u00f0ama\u00f0urinn mun f\u00e1 fundarsta\u00f0 eftir p\u00f6ntunarferli\u00f0. Fer\u00f0ir hefjast og l\u00fdkur \u00e1 samkomust\u00f6\u00f0um okkar.<\/span><\/p>\n<p>&nbsp;<\/p>\n<h3>Samana dagsfer\u00f0 fr\u00e1 Bayahibe \u2013 El Limon fossinum og Bacardi eyju<\/h3>\n<h4><b><i>Hva\u00f0 \u00e1 a\u00f0 b\u00faast vi\u00f0?<\/i><\/b><\/h4>\n<p>&nbsp;<\/p>\n<p><strong>Get your tickets now<\/strong>. The waterfalls, Horse Riding, Hiking, and Safari Tour, Swimming at Natural Springs, lunch at Bacardi Island, and others fun activities are waiting for you.<\/p>\n<p>Departing Bayahibe on a bus, we will head to Samana Bay port. Once at the port, we will get onboard of a boat or Catamaran with local tour guides who will direct you to the community of Samana. In this community a Safari Tour will take you around teaching you about the history of this town. \u00a0But this is not all, El Limon waterfall is next, here you will be able swim and hike or do horse riding. \u00a0El Limon waterfall is a fantastic natural monument with a tropical forest and clear natural springs. On the way back to Samana we will have a stop at Bacardi Island where a lunch will be served and you are going to be able to swim in one of the most natural pools of Dominican Republic.<\/p>\n<p>&nbsp;<\/p>\n<p>In case you would like to adjust this trip so it is shorter or longer, please contact us.<\/p>\n<p>&nbsp;<\/p>\n<h4><em><strong>Hva\u00f0 \u00e1 ma\u00f0ur a\u00f0 hafa me\u00f0 s\u00e9r?<\/strong><\/em><\/h4>\n<ul>\n<li style=\"font-weight: 400;\"><span style=\"font-weight: 400;\">myndav\u00e9l<\/span><\/li>\n<li style=\"font-weight: 400;\"><span style=\"font-weight: 400;\">Fr\u00e1hrindandi buds<\/span><\/li>\n<li style=\"font-weight: 400;\"><span style=\"font-weight: 400;\">s\u00f3larv\u00f6rn<\/span><\/li>\n<li style=\"font-weight: 400;\"><span style=\"font-weight: 400;\">Hattur<\/span><\/li>\n<li style=\"font-weight: 400;\"><span style=\"font-weight: 400;\">\u00de\u00e6gilegar buxur<\/span><\/li>\n<li style=\"font-weight: 400;\"><span style=\"font-weight: 400;\">G\u00f6ngusk\u00f3r fyrir sk\u00f3ginn<\/span><\/li>\n<li style=\"font-weight: 400;\"><span style=\"font-weight: 400;\">Sandals to the Spring areas.<\/span><\/li>\n<li style=\"font-weight: 400;\"><span style=\"font-weight: 400;\">Sundfatna\u00f0ur<\/span><\/li>\n<\/ul>\n<p>&nbsp;<\/p>\n<h4><b><i>Afhending h\u00f3tels <\/i><\/b><\/h4>\n<p><span style=\"font-weight: 400;\">Traveler pickup is offered!<\/span><\/p>\n<p><span style=\"font-weight: 400;\">We do pick up from all the Hotels in Bayahibe. Pick up Location is Hotel Lobby<br \/>\nIf you are staying at a condo in the area, we will be picking you up at the condo or at the entrance of the closest resort.. We set Pick up contacting us by Whatsapp.<\/span><\/p>\n<p><b>Athugi\u00f0:<\/b><span style=\"font-weight: 400;\"> If you are booking within 24 hours of the tour\/Excursion departure time, we can arrangements hotel pick-up. Once your purchase is complete, we will send you complete contact information (phone number, email address, etc.) for our local Tour guide to organize pick-up arrangements.<\/span><\/p>\n<h4><b><i>Sta\u00f0festing \u00e1 vi\u00f0b\u00f3taruppl\u00fdsingum <\/i><\/b><\/h4>\n<ol>\n<li>Mi\u00f0ar eru kvittunin eftir a\u00f0 hafa greitt \u00feessa fer\u00f0. \u00de\u00fa getur s\u00fdnt grei\u00f0sluna \u00ed s\u00edmanum \u00fe\u00ednum.<\/li>\n<li style=\"font-weight: 400;\"><span style=\"font-weight: 400;\">Fundarsta\u00f0ur mun berast eftir b\u00f3kunarferli\u00f0.<\/span><\/li>\n<li style=\"font-weight: 400;\"><span style=\"font-weight: 400;\">B\u00f6rn ver\u00f0a a\u00f0 vera \u00ed fylgd me\u00f0 fullor\u00f0num.<\/span><\/li>\n<li style=\"font-weight: 400;\"><span style=\"font-weight: 400;\"> Not wheelchair accessible <\/span><\/li>\n<li style=\"font-weight: 400;\"><span style=\"font-weight: 400;\">Ungb\u00f6rn ver\u00f0a a\u00f0 sitja \u00ed kj\u00f6ltu <\/span><\/li>\n<li style=\"font-weight: 400;\"><span style=\"font-weight: 400;\">Not recommended for travelers with back problems<\/span><\/li>\n<li style=\"font-weight: 400;\"><span style=\"font-weight: 400;\">Not recommended for pregnant travelers <\/span><\/li>\n<li style=\"font-weight: 400;\"><span style=\"font-weight: 400;\"> No heart problems or other serious medical conditions <\/span><\/li>\n<li style=\"font-weight: 400;\"><span style=\"font-weight: 400;\">Flestir fer\u00f0amenn geta teki\u00f0 \u00fe\u00e1tt<\/span><\/li>\n<\/ol>\n<h4><b><i>Afp\u00f6ntunarreglur<\/i><\/b><\/h4>\n<p><span style=\"font-weight: 400;\">Fyrir fulla endurgrei\u00f0slu, afb\u00f3ka\u00f0u a\u00f0 minnsta kosti 24 klukkustundum fyrir upphafsdag upplifunar.<\/span><\/p>\n\n\t\t<\/div>\n\t<\/div>\n<\/div><\/div><\/div><\/div><div class=\"vc_row wpb_row vc_row-fluid\" ><div class=\"wpb_column vc_column_container vc_col-sm-12\"><div class=\"vc_column-inner\"><div class=\"wpb_wrapper\"><div class=\"vc_empty_space\"   style=\"height: 32px\"><span class=\"vc_empty_space_inner\"><\/span><\/div>\n\t<div class=\"wpb_text_column wpb_content_element\" >\n\t\t<div class=\"wpb_wrapper\">\n\t\t\t<h4>Haf\u00f0u samband vi\u00f0 okkur?<\/h4>\n<h5><em><strong>B\u00f3kun \u00e6vint\u00fdri<\/strong><\/em><\/h5>\n<p><em><strong>Heimamenn<\/strong> og <strong>Landsmenn<\/strong> Fararstj\u00f3rar og gesta\u00fej\u00f3nusta<\/em><\/p>\n<p><span class=\"text-turquoise\">B\u00f3kanir:<\/span> Fer\u00f0ir og sko\u00f0unarfer\u00f0ir \u00ed Dom. Rep.<\/p>\n<p><img decoding=\"async\" class=\"emoji\" draggable=\"false\" src=\"https:\/\/s.w.org\/images\/core\/emoji\/11.2.0\/svg\/1f4de.svg\" alt=\"\ud83d\udcde\" title=\"\"> S\u00edmi\/Whatsapp\u00a0 <a href=\"tel:+1-809-720-6035\">+1-809-720-6035<\/a>.<\/p>\n<p><img decoding=\"async\" class=\"emoji\" draggable=\"false\" src=\"https:\/\/s.w.org\/images\/core\/emoji\/11.2.0\/svg\/1f4e9.svg\" alt=\"\ud83d\udce9\" title=\"\"> <a href=\"mailto:info@bookingadventures.com.do\">info@bookingadventures.com.do<\/a><\/p>\n<p><strong>Vi\u00f0 erum me\u00f0 sveigjanlega stillingu einkafer\u00f0ir me\u00f0 Whatsapp: <a href=\"tel:+18097206035\">+18097206035.<\/a><\/strong><\/p>\n\n\t\t<\/div>\n\t<\/div>\n<div class=\"vc_empty_space\"   style=\"height: 32px\"><span class=\"vc_empty_space_inner\"><\/span><\/div><\/div><\/div><\/div><\/div>","protected":false},"excerpt":{"rendered":"<p>If you are in Punta Cana or Bavaro, and wants to have a day trip paying less than usual, go ahead and book this trip. Within this trip, we will take you to Samana, where on a catamaran, you will be taken to Sabana de la Mar, a township of Hato Mayor the house of \u00a0Los Haitises National Park. This trip includes Safari Tour, Catamaran, Waterfall and Beach swimming, and more. Trip begins at 6:00 am and ends at 6:30 pm. Do not miss it!<\/p>\n<p>&nbsp;<\/p>\n<p>&nbsp;<\/p>\n<p><strong>Vinsamlegast veldu dagsetningu fyrir fer\u00f0ina\u00a0<\/strong><\/p>","protected":false},"featured_media":11085,"template":"","meta":[],"product_brand":[],"product_cat":[464,122],"product_tag":[137,138,281,139,282,283,140,284,141,114,285,142,357,358,148,143],"class_list":{"0":"post-11064","1":"product","2":"type-product","3":"status-publish","4":"has-post-thumbnail","6":"product_cat-bayahibe-to-samana","7":"product_cat-tours-and-excursions","8":"product_tag-bacardi-island","9":"product_tag-beach-time","10":"product_tag-cascada-el-limon-salto-el-limon-samana-republica-dominicana","11":"product_tag-cayo-levantado","12":"product_tag-el-limon-waterfall-bacardi-island-from-punta-cana","13":"product_tag-el-limon-waterfall-and-bacardi-island-tour-from-punta-cana","14":"product_tag-el-limon-waterfalls","15":"product_tag-guided-adventures","16":"product_tag-punta-cana","17":"product_tag-sabana-de-la-mar","18":"product_tag-salto-de-limon-punta-cana","19":"product_tag-samana","20":"product_tag-samana-day-trip-from-punta-cana","21":"product_tag-samana-day-trip-from-punta-cana-el-limon-waterfall-and-bacardi-island","22":"product_tag-samana-excursions","23":"product_tag-samana-tours","25":"first","26":"instock","27":"sale","28":"sold-individually","29":"shipping-taxable","30":"product-type-external"},"_links":{"self":[{"href":"https:\/\/haitises.com\/is\/wp-json\/wp\/v2\/product\/11064","targetHints":{"allow":["GET"]}}],"collection":[{"href":"https:\/\/haitises.com\/is\/wp-json\/wp\/v2\/product"}],"about":[{"href":"https:\/\/haitises.com\/is\/wp-json\/wp\/v2\/types\/product"}],"wp:featuredmedia":[{"embeddable":true,"href":"https:\/\/haitises.com\/is\/wp-json\/wp\/v2\/media\/11085"}],"wp:attachment":[{"href":"https:\/\/haitises.com\/is\/wp-json\/wp\/v2\/media?parent=11064"}],"wp:term":[{"taxonomy":"product_brand","embeddable":true,"href":"https:\/\/haitises.com\/is\/wp-json\/wp\/v2\/product_brand?post=11064"},{"taxonomy":"product_cat","embeddable":true,"href":"https:\/\/haitises.com\/is\/wp-json\/wp\/v2\/product_cat?post=11064"},{"taxonomy":"product_tag","embeddable":true,"href":"https:\/\/haitises.com\/is\/wp-json\/wp\/v2\/product_tag?post=11064"}],"curies":[{"name":"wp","href":"https:\/\/api.w.org\/{rel}","templated":true}]}}