{"id":11027,"date":"2021-04-09T10:45:51","date_gmt":"2021-04-09T10:45:51","guid":{"rendered":"http:\/\/haitises.com\/product\/import-placeholder-for-11528\/"},"modified":"2024-04-12T19:42:12","modified_gmt":"2024-04-12T19:42:12","slug":"saona-island-private-tour-from-cap-cana-hotels-cap-cana-lobby","status":"publish","type":"product","link":"https:\/\/haitises.com\/is\/einkaadila\/saona-island-private-tour-from-cap-cana-hotels-cap-cana-lobby\/","title":{"rendered":"Saona Island Einkafer\u00f0 fr\u00e1 Cap Cana h\u00f3telum- Cap Cana anddyri"},"content":{"rendered":"<div class=\"vc_row wpb_row vc_row-fluid\" ><div class=\"wpb_column vc_column_container vc_col-sm-12\"><div class=\"vc_column-inner\"><div class=\"wpb_wrapper\">\n\t<div class=\"wpb_text_column wpb_content_element\" >\n\t\t<div class=\"wpb_wrapper\">\n\t\t\t<h2><b><i>Saona Island Private Trip\u00a0<\/i><\/b><\/h2>\n<h4><b><i>Yfirlit<\/i><\/b><\/h4>\n<div>The departure in Boats is from the main pier of <strong>Bayahibe<\/strong> at 9:00 am and return at 5 pm. If\u00a0<b>( you are adding a private transfer from from others departures\u00a0to this trip time may change)<\/b> <span style=\"font-size: 16px;\">This trip takes you to the best beaches of <strong>Saona island<\/strong> (Isla Saona) starting from Bayahibe town, your lunch is on the island and you\u00b4ll\u00a0 stop at the natural pools of the<strong> Cotubanama Nacional Park<\/strong>. Enjoying the beautiful southeast coast of the Dominican Republic, where after taking the boat you will sail along the coast observing the different beaches, landscapes, mangroves and limestone formations of this unique place.\u00a0<\/span><\/div>\n<div>\n<p><span style=\"font-weight: 400;\">Getting to the island takes about 45 minutes and during the tour you\u00b4ll have the possibility of seeing <strong>Mano Juan<\/strong>, which is the only community established on the island, in this same place you have the possibility of having lunch, in case you do not get to Mano Juan, You will be visiting different\u00a0 beaches in the area and lunch will be on the beach, you will also have the opportunity to snorkel on the island.<\/span><\/p>\n<p><span style=\"font-weight: 400;\">When finish your trip in the different locations in the island, you\u00b4ll head back to the location where you meet with the Tour Guide.<\/span><\/p>\n<ul>\n<li style=\"font-weight: 400;\"><span style=\"font-weight: 400;\">Includes buffet lunch on the beach.<\/span><\/li>\n<li style=\"font-weight: 400;\"><span style=\"font-weight: 400;\">Natural pool<\/span><\/li>\n<li style=\"font-weight: 400;\"><span style=\"font-weight: 400;\">Transfer by boat or catamaran<\/span><\/li>\n<li style=\"font-weight: 400;\"><span style=\"font-weight: 400;\">The Captain provides instruction and supervision<\/span><\/li>\n<\/ul>\n<\/div>\n<p>&nbsp;<\/p>\n<h2><b>Innifali\u00f0 og \u00fatilokanir<\/b><\/h2>\n<p><b>Innifali\u00f0<\/b><\/p>\n<ol>\n<li>Speed Boat or Catamaran trip ( All Depend in the Group size)<\/li>\n<li style=\"font-weight: 400;\"><span style=\"font-weight: 400;\">H\u00e1degisver\u00f0arhla\u00f0bor\u00f0 \u00e1 str\u00f6ndinni<\/span><\/li>\n<li>Natural pool<\/li>\n<li style=\"font-weight: 400;\"><span style=\"font-weight: 400;\">Allir skattar, gj\u00f6ld og afgrei\u00f0slugj\u00f6ld<\/span><\/li>\n<li style=\"font-weight: 400;\"><span style=\"font-weight: 400;\">\u00datsvar<\/span><\/li>\n<li style=\"font-weight: 400;\"><span style=\"font-weight: 400;\">Drykkir<\/span><\/li>\n<\/ol>\n<p><b> \u00datilokanir<\/b><\/p>\n<ol>\n<li style=\"font-weight: 400;\"><span style=\"font-weight: 400;\">\u00dej\u00f3rf\u00e9<\/span><\/li>\n<li>Local Guide<\/li>\n<\/ol>\n<p>&nbsp;<\/p>\n<h4><em><strong>Brottf\u00f6r og heimfer\u00f0<\/strong><\/em><\/h4>\n<p><span style=\"font-weight: 400;\">We have a schedule designed to pick you up and drop you off based on the area you are located in. <\/span><span style=\"font-weight: 400;\">Fer\u00f0ama\u00f0urinn mun f\u00e1 fundarsta\u00f0 eftir p\u00f6ntunarferli\u00f0. Fer\u00f0ir hefjast og l\u00fdkur \u00e1 samkomust\u00f6\u00f0um okkar.<\/span><\/p>\n<p>&nbsp;<\/p>\n<h4><b><i>Hva\u00f0 \u00e1 a\u00f0 b\u00faast vi\u00f0?<\/i><\/b><\/h4>\n<p>&nbsp;<\/p>\n<p><em><strong>Trygg\u00f0u \u00fe\u00e9r mi\u00f0a<\/strong><\/em> fora day pass in Saona island ( Isla Saona ) in Bayahibe plus a wonderful lunch and beach time.<\/p>\n<p><span style=\"font-weight: 400;\">The Day Trip, organized by \u00abBooking Adventures\u00bb starts at the meeting point set with the Tour Guide. <\/span>H\u00e1degisver\u00f0ur \u00e1 str\u00f6ndinni og \u00fe\u00fa getur veri\u00f0 eins lengi og \u00fe\u00fa vilt synda um. Ef \u00fe\u00fa ert vegan getum vi\u00f0 l\u00edka \u00fatb\u00fai\u00f0 mat fyrir \u00feig.<\/p>\n<p>This Boat trip start in Bayahibe but we offer Private Transfer for additional cost depend where is the Group.<\/p>\n<p><strong>Dagskr\u00e1:<\/strong><\/p>\n<p>7:45 AM &#8211; 6:00 PM<\/p>\n<p>&nbsp;<\/p>\n<h4><em><strong>Hva\u00f0 \u00e1 ma\u00f0ur a\u00f0 hafa me\u00f0 s\u00e9r?<\/strong><\/em><\/h4>\n<ul>\n<li style=\"font-weight: 400;\"><span style=\"font-weight: 400;\">myndav\u00e9l<\/span><\/li>\n<li style=\"font-weight: 400;\"><span style=\"font-weight: 400;\">Fr\u00e1hrindandi buds<\/span><\/li>\n<li style=\"font-weight: 400;\"><span style=\"font-weight: 400;\">s\u00f3larv\u00f6rn<\/span><\/li>\n<li style=\"font-weight: 400;\"><span style=\"font-weight: 400;\">Hattur<\/span><\/li>\n<li style=\"font-weight: 400;\"><span style=\"font-weight: 400;\">\u00de\u00e6gilegar buxur<\/span><\/li>\n<li style=\"font-weight: 400;\"><span style=\"font-weight: 400;\">G\u00f6ngusk\u00f3r fyrir sk\u00f3ginn<\/span><\/li>\n<li style=\"font-weight: 400;\"><span style=\"font-weight: 400;\">Sandalar \u00e1 str\u00f6ndina<\/span><\/li>\n<li style=\"font-weight: 400;\"><span style=\"font-weight: 400;\">Sundfatna\u00f0ur<\/span><\/li>\n<li>Rei\u00f0uf\u00e9 fyrir minjagripi<\/li>\n<\/ul>\n<p>&nbsp;<\/p>\n<h2><b><i>Hotel Pickup for Saona Island day trip<\/i><\/b><\/h2>\n<p><span style=\"font-weight: 400;\">This is the program we have set based on your locations. Please let us know your specific hotel and we will contact you to tell you where we will meet you. This Transfer options apply a extra cost. This trip start in Bayahibe.<\/span><\/p>\n<table style=\"height: 487px;\" width=\"420\">\n<tbody>\n<tr>\n<td><b>Place<\/b><\/td>\n<td><b>Time<\/b><\/td>\n<\/tr>\n<tr>\n<td><b>Punta Cana<\/b><\/td>\n<td><b>7:45 am<\/b><\/td>\n<\/tr>\n<tr>\n<td><b>B\u00e1varo<\/b><\/td>\n<td><b>7:30 am<\/b><\/td>\n<\/tr>\n<tr>\n<td><b>Uvero Altos<\/b><\/td>\n<td><b>7:00 am<\/b><\/td>\n<\/tr>\n<tr>\n<td><b>Club Med<\/b><\/td>\n<td><b>7:00 am<\/b><\/td>\n<\/tr>\n<tr>\n<td><b>Boca Chica<\/b><\/td>\n<td><b>7:00 am<\/b><\/td>\n<\/tr>\n<tr>\n<td><b>Santo Domingo<\/b><\/td>\n<td><b>6:40 am<\/b><\/td>\n<\/tr>\n<tr>\n<td><b>Juan Doli\u00f3<\/b><\/td>\n<td><b>7:00 am<\/b><\/td>\n<\/tr>\n<\/tbody>\n<\/table>\n<p>&nbsp;<\/p>\n<p><b>Athugi\u00f0:<\/b><span style=\"font-weight: 400;\"> if you are booking within 24 hours of the tour\/Excursion departure time, we can arrangements hotel pick-up with extra cost. Once your purchase is complete, we will send you complete contact information (phone number, email address, etc.) for our local Tour guide to organize pick-up arrangements.<\/span><\/p>\n<h4><b><i>Sta\u00f0festing \u00e1 vi\u00f0b\u00f3taruppl\u00fdsingum <\/i><\/b><\/h4>\n<ol>\n<li>Mi\u00f0ar eru kvittunin eftir a\u00f0 hafa greitt \u00feessa fer\u00f0. \u00de\u00fa getur s\u00fdnt grei\u00f0sluna \u00ed s\u00edmanum \u00fe\u00ednum.<\/li>\n<li style=\"font-weight: 400;\"><span style=\"font-weight: 400;\">Fundarsta\u00f0ur mun berast eftir b\u00f3kunarferli\u00f0.<\/span><\/li>\n<li style=\"font-weight: 400;\"><span style=\"font-weight: 400;\">B\u00f6rn ver\u00f0a a\u00f0 vera \u00ed fylgd me\u00f0 fullor\u00f0num.<\/span><\/li>\n<li style=\"font-weight: 400;\"><span style=\"font-weight: 400;\">hj\u00f3last\u00f3laa\u00f0gengilegt <\/span><\/li>\n<li style=\"font-weight: 400;\"><span style=\"font-weight: 400;\">Ungb\u00f6rn ver\u00f0a a\u00f0 sitja \u00ed kj\u00f6ltu <\/span><\/li>\n<li style=\"font-weight: 400;\"><span style=\"font-weight: 400;\">Flestir fer\u00f0amenn geta teki\u00f0 \u00fe\u00e1tt<\/span><\/li>\n<\/ol>\n<h4><b><i>Afp\u00f6ntunarreglur<\/i><\/b><\/h4>\n<p><span style=\"font-weight: 400;\">Fyrir fulla endurgrei\u00f0slu, afb\u00f3ka\u00f0u a\u00f0 minnsta kosti 24 klukkustundum fyrir upphafsdag upplifunar.<\/span><\/p>\n<p>NOTE:\u00a0If you would like to do this excursion and would like to know some more details you can<a href=\"mailto:info@bookingadventures.com.do\">\u00a0contact us by emai<\/a>l<strong>\u00a0<\/strong>or through our direct service chat Whatsapp at this number:\u00a0<strong>+1 809-720-6035<\/strong>. We will attend you immediately and we can make you an offer adjusting the price depending on the number of people.<\/p>\n<p>(We require a minimum of 4 people to arrange the tour privately. For less people we can arrange a semi-private tour with maximum 15 people).<\/p>\n<div id=\"gtx-trans\" style=\"position: absolute; left: -1px; top: 1055.03px;\">\n<div class=\"gtx-trans-icon\"><\/div>\n<\/div>\n\n\t\t<\/div>\n\t<\/div>\n<\/div><\/div><\/div><\/div><div class=\"vc_row wpb_row vc_row-fluid\" ><div class=\"wpb_column vc_column_container vc_col-sm-12\"><div class=\"vc_column-inner\"><div class=\"wpb_wrapper\"><\/div><\/div><\/div><\/div><div class=\"vc_row wpb_row vc_row-fluid\" ><div class=\"wpb_column vc_column_container vc_col-sm-12\"><div class=\"vc_column-inner\"><div class=\"wpb_wrapper\"><div class=\"vc_empty_space\"   style=\"height: 32px\"><span class=\"vc_empty_space_inner\"><\/span><\/div>\n\t<div class=\"wpb_video_widget wpb_content_element vc_clearfix   vc_video-aspect-ratio-169 vc_video-el-width-100 vc_video-align-left\" >\n\t\t<div class=\"wpb_wrapper\">\n\t\t\t<h2 class=\"wpb_heading wpb_video_heading\">Saona Island Tours &amp; Excursions video:<\/h2>\n\t\t\t<div class=\"wpb_video_wrapper\"><iframe loading=\"lazy\" title=\"Saola Island Full day by Booking Adventures, Travel Dominican Republic\" width=\"1100\" height=\"619\" src=\"https:\/\/www.youtube.com\/embed\/sas91N4zMHo?feature=oembed\" frameborder=\"0\" allow=\"accelerometer; autoplay; clipboard-write; encrypted-media; gyroscope; picture-in-picture\" allowfullscreen><\/iframe><\/div>\n\t\t<\/div>\n\t<\/div>\n<div class=\"vc_empty_space\"   style=\"height: 32px\"><span class=\"vc_empty_space_inner\"><\/span><\/div><\/div><\/div><\/div><\/div><div class=\"vc_row wpb_row vc_row-fluid\" ><div class=\"wpb_column vc_column_container vc_col-sm-12\"><div class=\"vc_column-inner\"><div class=\"wpb_wrapper\"><div class=\"vc_empty_space\"   style=\"height: 32px\"><span class=\"vc_empty_space_inner\"><\/span><\/div>\n\t<div class=\"wpb_text_column wpb_content_element\" >\n\t\t<div class=\"wpb_wrapper\">\n\t\t\t<h4>Haf\u00f0u samband vi\u00f0 okkur?<\/h4>\n<h5>B\u00f3kun \u00e6vint\u00fdri<\/h5>\n<p><em><strong>Heimamenn<\/strong>\u00a0og\u00a0<strong>Landsmenn<\/strong>\u00a0Fararstj\u00f3rar og gesta\u00fej\u00f3nusta<\/em><\/p>\n<p><span class=\"text-turquoise\">B\u00f3kanir:<\/span>\u00a0Fer\u00f0ir og sko\u00f0unarfer\u00f0ir \u00ed Dom. Rep.<\/p>\n<p><img decoding=\"async\" class=\"emoji\" draggable=\"false\" src=\"https:\/\/s.w.org\/images\/core\/emoji\/11.2.0\/svg\/1f4de.svg\" alt=\"\ud83d\udcde\" title=\"\">\u00a0S\u00edmi\/Whatsapp\u00a0\u00a0<a href=\"tel:+1-809-720-6035\">+1-809-720-6035<\/a>.<\/p>\n<p><img decoding=\"async\" class=\"emoji\" draggable=\"false\" src=\"https:\/\/s.w.org\/images\/core\/emoji\/11.2.0\/svg\/1f4e9.svg\" alt=\"\ud83d\udce9\" title=\"\">\u00a0<a href=\"mailto:info@bookingadventures.com.do\">info@bookingadventures.com.do<\/a><\/p>\n<p><strong>Vi\u00f0 erum me\u00f0 sveigjanlega stillingu einkafer\u00f0ir me\u00f0 Whatsapp:\u00a0<a href=\"tel:+18097206035\">+18097206035.<\/a><\/strong><\/p>\n\n\t\t<\/div>\n\t<\/div>\n<div class=\"vc_empty_space\"   style=\"height: 32px\"><span class=\"vc_empty_space_inner\"><\/span><\/div><\/div><\/div><\/div><\/div>","protected":false},"excerpt":{"rendered":"<p>A day pass to Saona island from Bayahibe port. Lunch and Natural swimming pools included. In case of need transfer from any part of the Dominican Republic. Just Contact us and let&#8217;s have the best experience at Saona Island.<\/p>\n<p>&nbsp;<\/p>\n<p><em><strong>Vinsamlegast veldu dagsetningu fyrir fer\u00f0ina\u00a0<\/strong><\/em><\/p>","protected":false},"featured_media":11062,"template":"","meta":[],"product_brand":[],"product_cat":[453,462,461],"product_tag":[165,166,463,167,168,169,455,456,170,171,172,173,457,458,175],"class_list":{"0":"post-11027","1":"product","2":"type-product","3":"status-publish","4":"has-post-thumbnail","6":"product_cat-saona-island-offers","7":"product_cat-saona-island-private-tour-from-cap-cana-hotels-cap-cana-lobby","8":"product_cat-saona-island-private-tour-from-la-romana-hotels-la-romana-lobby","9":"product_tag-all-inclusive-trip-to-saona-island-by-speedboat-catamaran","10":"product_tag-bayahibe","11":"product_tag-cap-cana","12":"product_tag-catamaran","13":"product_tag-how-to-get-to-saona-island","14":"product_tag-isla-saona","15":"product_tag-private-day-trip-saona","16":"product_tag-private-tours","17":"product_tag-saona","18":"product_tag-saona-island","19":"product_tag-saona-island-excursion","20":"product_tag-saona-island-hotels","21":"product_tag-saona-island-private","22":"product_tag-saona-island-private-tour-from-punta-cana-hotels-punta-cana-lobby","23":"product_tag-saona-island-tour","25":"first","26":"instock","27":"sale","28":"featured","29":"sold-individually","30":"shipping-taxable","31":"product-type-external"},"_links":{"self":[{"href":"https:\/\/haitises.com\/is\/wp-json\/wp\/v2\/product\/11027","targetHints":{"allow":["GET"]}}],"collection":[{"href":"https:\/\/haitises.com\/is\/wp-json\/wp\/v2\/product"}],"about":[{"href":"https:\/\/haitises.com\/is\/wp-json\/wp\/v2\/types\/product"}],"wp:featuredmedia":[{"embeddable":true,"href":"https:\/\/haitises.com\/is\/wp-json\/wp\/v2\/media\/11062"}],"wp:attachment":[{"href":"https:\/\/haitises.com\/is\/wp-json\/wp\/v2\/media?parent=11027"}],"wp:term":[{"taxonomy":"product_brand","embeddable":true,"href":"https:\/\/haitises.com\/is\/wp-json\/wp\/v2\/product_brand?post=11027"},{"taxonomy":"product_cat","embeddable":true,"href":"https:\/\/haitises.com\/is\/wp-json\/wp\/v2\/product_cat?post=11027"},{"taxonomy":"product_tag","embeddable":true,"href":"https:\/\/haitises.com\/is\/wp-json\/wp\/v2\/product_tag?post=11027"}],"curies":[{"name":"wp","href":"https:\/\/api.w.org\/{rel}","templated":true}]}}