{"id":559,"date":"2020-06-23T20:31:15","date_gmt":"2020-06-23T20:31:15","guid":{"rendered":"http:\/\/haitises.com\/?post_type=product&#038;p=559"},"modified":"2024-04-17T18:03:16","modified_gmt":"2024-04-17T18:03:16","slug":"excursiones-a-los-haitises-desde-santo-domingo","status":"publish","type":"product","link":"https:\/\/haitises.com\/id\/pribadi\/excursiones-a-los-haitises-desde-santo-domingo\/","title":{"rendered":"Excursiones a Los Haitises desde Santo Domingo"},"content":{"rendered":"<div class=\"vc_row wpb_row vc_row-fluid\" ><div class=\"wpb_column vc_column_container vc_col-sm-12\"><div class=\"vc_column-inner\"><div class=\"wpb_wrapper\">[mkdf_section_title subtitle_tag=\u00bb\u00bb subtitle=\u00bbTransporte y almuerzo inclu\u00eddos\u00bb]<\/div><\/div><\/div><\/div><div class=\"vc_row wpb_row vc_row-fluid\" ><div class=\"wpb_column vc_column_container vc_col-sm-12\"><div class=\"vc_column-inner\"><div class=\"wpb_wrapper\">\n\t<div class=\"wpb_text_column wpb_content_element\" >\n\t\t<div class=\"wpb_wrapper\">\n\t\t\t<h2>Tour al Parque Nacional Los Haitises desde Santo domingo. Excursi\u00f3n de d\u00eda completo.<\/h2>\n<h5>Excursi\u00f3n de d\u00eda completo al Parque Nacional Los Haitises desde Santo Domingo.<\/h5>\n<h3>Keterangan<\/h3>\n<p>Tour al Parque Nacional Los Haitises desde Santo Domingo. Excursi\u00f3n de d\u00eda completo. Comenzando desde su hotel en Santo Domingo, Boca Chica o Juan Dolio. Conduciremos a la bah\u00eda de Saman\u00e1 donde nos llevar\u00e1n el bote o el catamar\u00e1n al Parque Nacional Los Haitises. Visitando manglares, cuevas, pictograf\u00edas y todo lo m\u00e1s bello del parque nacional Los Haitises con un gu\u00eda tur\u00edstico local.<\/p>\n<p>Despu\u00e9s de esta experiencia, regresar\u00e1 a Santo Domingo donde lo recogeremos.<\/p>\n<ul>\n<li>Tasas incluidas<\/li>\n<li>Almuerzo<\/li>\n<li>Aperitivos<\/li>\n<li>Gu\u00eda de turismo local en ingl\u00e9s o franc\u00e9s<\/li>\n<li>Transporte<\/li>\n<li>Tour en bote<\/li>\n<\/ul>\n<h3>Inklusi dan pengecualian<\/h3>\n<h4>Inklusi<\/h4>\n<ol>\n<li>Tur Los Haitises + Gua dan Piktograf<\/li>\n<li>Almuerzo<\/li>\n<li>Semua pajak, biaya dan biaya penanganan.<\/li>\n<li>Pajak daerah<\/li>\n<li>Minuman<\/li>\n<li>Aperitivos<\/li>\n<li>Semua aktivitas<\/li>\n<li>Pemandu lokal<\/li>\n<\/ol>\n<h4>Pengecualian<\/h4>\n<ol>\n<li>Kiat<\/li>\n<li>Minuman beralkohol<\/li>\n<\/ol>\n<h6><em>Tour privado y precios de excursiones desde Santo Domingo:<\/em><\/h6>\n<h6><em>* Los ni\u00f1os de 10 a\u00f1os y menores viajan gratis. (2 adultos m\u00ednimo)<\/em><\/h6>\n<ul>\n<li><strong><em>Tour privado y excursi\u00f3n para 2 personas: USD $ 210 por persona<\/em><\/strong><\/li>\n<li><strong><em>Tour privado y excursi\u00f3n para 3 personas: USD $ 160 por persona<\/em><\/strong><\/li>\n<li><strong><em>Tour privado y excursi\u00f3n para 4 personas: USD $ 130 por persona<\/em><\/strong><\/li>\n<li><strong><em>Tour privado y excursi\u00f3n para 5 personas: USD $ 105 por persona<\/em><\/strong><\/li>\n<li><strong><em>Tour privado y excursi\u00f3n para 6 personas: USD $ 100 por persona<\/em><\/strong><\/li>\n<li><strong><em>Tour privado y excursi\u00f3n para 7 personas: USD $ 90 por persona<\/em><\/strong><\/li>\n<li><strong><em>Tour privado y excursi\u00f3n para 8 personas: USD $ 80 por persona<\/em><\/strong><\/li>\n<li><strong><em>9 o m\u00e1s personas Tour y excursi\u00f3n: cont\u00e1ctenos<\/em><\/strong><\/li>\n<\/ul>\n<h6><em>* La excursi\u00f3n comienza a la hora establecida<\/em><\/h6>\n<h3><em>Keberangkatan dan kepulangan<\/em><\/h3>\n<p>El viajero obtendr\u00e1 un punto de encuentro despu\u00e9s del proceso de reserva. Los recorridos comienzan y finalizan en sus puntos de encuentro.<\/p>\n<h2>Parque Nacional Los Haitises desde Santo Domingo<\/h2>\n<h3><em>Apa yang diharapkan?<\/em><\/h3>\n<p>Obtenga sus boletos para visitar el Tour al Parque Nacional Los Haitises desde Santo Domingo. Excursi\u00f3n de d\u00eda completo. Partiendo de Santo Domingo en un c\u00f3modo traslado a la bah\u00eda de Saman\u00e1. transporte a puerto para abordar un bote o catamar\u00e1n con un gu\u00eda tur\u00edstico local que visitamos Los Haitises, lado de Sabana de la Mar para visitar uno de los parques nacionales m\u00e1s bellos de la Rep\u00fablica Dominicana. Parque Nacional Los Haitises.<\/p>\n<p>El recorrido, organizado por \u00abBooking Adventures\u00bb, comienza en el punto de encuentro establecido con el gu\u00eda tur\u00edstico. Ven con Booking Adventures y comienza a observar algunos manglares llenos de p\u00e1jaros, colinas onduladas de exuberante vegetaci\u00f3n y cuevas del Parque Nacional Los Haitises. Visitando la isla con p\u00e1jaros alrededor. En la temporada de anidaci\u00f3n, incluso podemos ver los polluelos de Pelecanos en los nidos. Entrar m\u00e1s en las Islas Rocosas y visitar las cuevas con pictograf\u00edas y petr\u00f3grafos de los pueblos ind\u00edgenas.<\/p>\n<p>A trav\u00e9s de los manglares y la tierra en la bah\u00eda abierta de San Lorenzo, Sabana de la Mar, desde donde se puede fotografiar el paisaje forestal agreste. Mire el agua para ver manat\u00edes, crust\u00e1ceos y delfines.<\/p>\n<p>El nombre del parque nacional proviene de sus habitantes originales, los indios ta\u00ednos. En su idioma, \u00abHaitises\u00bb se traduce en tierras altas o colinas, una referencia a las empinadas formaciones geol\u00f3gicas de la costa con calizas. Avent\u00farate en el parque para explorar cuevas como la Cueva San Gabriel, la Cueva de la Arena y la Cueva de la L\u00ednea.<\/p>\n<p>Estas cuevas en la reserva fueron utilizadas como refugio por los indios ta\u00ednos y, m\u00e1s tarde, por esconder piratas. Busque dibujos de indios que decoran algunas de las paredes. Despu\u00e9s de visitar el Parque Nacional Los Haitises, regresaremos a Saman\u00e1 o Sabana de la mar para almorzar.<\/p>\n<p>Tendremos un almuerzo t\u00edpico. Si eres vegano, no te preocupes, \u00a1tambi\u00e9n tenemos comida para ti!<\/p>\n<p>\u00a1Despu\u00e9s del almuerzo, regresamos a Santo Domingo!<\/p>\n<p>En caso de que le guste este viaje m\u00e1s largo o m\u00e1s corto, tenemos estas opciones:<\/p>\n<ul>\n<li>Solo Los Haitises del puerto de Saman\u00e1.<\/li>\n<li>Los Haitises + Ca\u00f1o Hondo desde el puerto de Saman\u00e1.<\/li>\n<\/ul>\n<h3><em>Apa yang harus kamu bawa?<\/em><\/h3>\n<ul>\n<li>Kamera<\/li>\n<li>Penolak<\/li>\n<li>Tabir surya<\/li>\n<li>Topi<\/li>\n<li>Celana yang nyaman<\/li>\n<li>Sepatu hiking hutan<\/li>\n<li>Sandal ke area musim semi.<\/li>\n<li>Baju renang<\/li>\n<\/ul>\n<h3><em>Penjemputan di hotel<\/em><\/h3>\n<p>Se ofrece la recogida en el hotel para este tour.<\/p>\n<p><strong>Catatan:<\/strong> Jika Anda memesan dalam waktu 24 jam dari waktu keberangkatan tur\/wisata, kami dapat mengatur penjemputan hotel dengan biaya tambahan. Setelah pembelian Anda selesai, kami akan mengirimkan informasi kontak lengkap (nomor telepon, alamat email, dll.) kepada pemandu wisata lokal kami untuk mengatur pengaturan penjemputan.<\/p>\n<h3><em>Konfirmasi informasi tambahan<\/em><\/h3>\n<ul>\n<li>Tiket tersebut merupakan Resi setelah membayar Tour ini. Anda dapat menunjukkan pembayaran di ponsel Anda.<\/li>\n<li>Titik pertemuan akan diterima setelah proses reservasi.<\/li>\n<li>Anak-anak harus didampingi oleh orang dewasa.<\/li>\n<li>Tidak dapat diakses kursi roda<\/li>\n<li>Bayi sebaiknya duduk di kursi bayi atau bersama orang dewasa<\/li>\n<li>Tidak direkomendasikan untuk wisatawan dengan masalah punggung.<\/li>\n<li>No recomendado para viajeros embarazadas.<\/li>\n<li>Tidak ada masalah jantung atau kondisi medis serius lainnya.<\/li>\n<li>Sebagian besar wisatawan dapat berpartisipasi.<\/li>\n<\/ul>\n<h3><em>Kebijakan pembatalan<\/em><\/h3>\n<p>Para obtener un reembolso completo, cancele al menos 24 horas antes de la fecha de inicio de la experiencia. Los fondos se perder\u00e1n si la reserva se cancela el mismo d\u00eda del viaje.<\/p>\n\n\t\t<\/div>\n\t<\/div>\n<\/div><\/div><\/div><\/div><div class=\"vc_row wpb_row vc_row-fluid\" ><div class=\"wpb_column vc_column_container vc_col-sm-12\"><div class=\"vc_column-inner\"><div class=\"wpb_wrapper\">\n\t<div class=\"wpb_video_widget wpb_content_element vc_clearfix   vc_video-aspect-ratio-169 vc_video-el-width-100 vc_video-align-left\" >\n\t\t<div class=\"wpb_wrapper\">\n\t\t\t\n\t\t\t<div class=\"wpb_video_wrapper\"><iframe loading=\"lazy\" title=\"Taman Nasional Los Haitises, Tur &amp; Tamasya Dari Samana atau Sabana de la Mar. Pesan Di Sini:\" src=\"https:\/\/player.vimeo.com\/video\/346508015?dnt=1&amp;app_id=122963\" width=\"1100\" height=\"619\" frameborder=\"0\" allow=\"autoplay; fullscreen\" allowfullscreen><\/iframe><\/div>\n\t\t<\/div>\n\t<\/div>\n<\/div><\/div><\/div><\/div><div class=\"vc_row wpb_row vc_row-fluid\" ><div class=\"wpb_column vc_column_container vc_col-sm-12\"><div class=\"vc_column-inner\"><div class=\"wpb_wrapper\"><div class=\"vc_empty_space\"   style=\"height: 32px\"><span class=\"vc_empty_space_inner\"><\/span><\/div>\n\t<div class=\"wpb_text_column wpb_content_element\" >\n\t\t<div class=\"wpb_wrapper\">\n\t\t\t<h5>Hubungi kami?<br \/>\nReservasi Petualangan<\/h5>\n<p><em><strong>Pemandu wisata lokal dan nasional dan layanan tamu<\/strong><\/em><\/p>\n<p>Reservasi: Tur dan Tamasya di Dom.Reps.<\/p>\n<p>Telp\/Whatsapp +1-809-720-6035.<\/p>\n<p>info@bookingadventures.com.do<\/p>\n<p>Hacemos tours privados de configuraci\u00f3n flexible por Whatsapp: +18097206035.<\/p>\n\n\t\t<\/div>\n\t<\/div>\n<div class=\"vc_empty_space\"   style=\"height: 32px\"><span class=\"vc_empty_space_inner\"><\/span><\/div><\/div><\/div><\/div><\/div>","protected":false},"excerpt":{"rendered":"<p>Esta excursi\u00f3n desde Santo Domingo al Parque Nacional Los Haitises incluye almuerzo y transporte para una visita a las cuevas principales, una exploraci\u00f3n de 2 ecosistemas de manglares diferentes y, por supuesto, la observaci\u00f3n de aves de pesca.<\/p>\n<p>Viaje al Parque Nacional Los Haitises con un gu\u00eda naturalista. Visitando los Cayos en el Parque Nacional Los Haitises, manglares, vegetaci\u00f3n, observaci\u00f3n de aves, cuevas, pictograf\u00edas y las \u00e1reas hist\u00f3ricas de Sabana de la Mar en el Parque Nacional Los Haitises.<\/p>\n<p><strong>Silakan pilih tanggal Tur:<\/strong><\/p>","protected":false},"featured_media":306,"template":"","meta":[],"product_brand":[],"product_cat":[286,122,443],"product_tag":[206,225,132,133,146,226],"class_list":{"0":"post-559","1":"product","2":"type-product","3":"status-publish","4":"has-post-thumbnail","6":"product_cat-los-haitises-tour-from-santo-domingo","7":"product_cat-tours-and-excursions","8":"product_cat-tours-y-excursiones-es","9":"product_tag-caves-los-haitises","10":"product_tag-las-terrenas","11":"product_tag-los-haitises","12":"product_tag-los-haitises-national-park","13":"product_tag-mangroves-los-haitises","14":"product_tag-transportation-los-haitises","16":"first","17":"instock","18":"sale","19":"sold-individually","20":"shipping-taxable","21":"product-type-external"},"_links":{"self":[{"href":"https:\/\/haitises.com\/id\/wp-json\/wp\/v2\/product\/559","targetHints":{"allow":["GET"]}}],"collection":[{"href":"https:\/\/haitises.com\/id\/wp-json\/wp\/v2\/product"}],"about":[{"href":"https:\/\/haitises.com\/id\/wp-json\/wp\/v2\/types\/product"}],"wp:featuredmedia":[{"embeddable":true,"href":"https:\/\/haitises.com\/id\/wp-json\/wp\/v2\/media\/306"}],"wp:attachment":[{"href":"https:\/\/haitises.com\/id\/wp-json\/wp\/v2\/media?parent=559"}],"wp:term":[{"taxonomy":"product_brand","embeddable":true,"href":"https:\/\/haitises.com\/id\/wp-json\/wp\/v2\/product_brand?post=559"},{"taxonomy":"product_cat","embeddable":true,"href":"https:\/\/haitises.com\/id\/wp-json\/wp\/v2\/product_cat?post=559"},{"taxonomy":"product_tag","embeddable":true,"href":"https:\/\/haitises.com\/id\/wp-json\/wp\/v2\/product_tag?post=559"}],"curies":[{"name":"wp","href":"https:\/\/api.w.org\/{rel}","templated":true}]}}