{"id":551,"date":"2020-06-19T20:10:32","date_gmt":"2020-06-19T20:10:32","guid":{"rendered":"http:\/\/haitises.com\/?post_type=product&#038;p=551"},"modified":"2023-10-14T21:50:12","modified_gmt":"2023-10-14T21:50:12","slug":"excursion-al-los-haitises-y-cano-hondo-desde-samana","status":"publish","type":"product","link":"https:\/\/haitises.com\/id\/pribadi\/excursion-al-los-haitises-y-cano-hondo-desde-samana\/","title":{"rendered":"Tamasya ke Los Haitises dan Ca\u00f1o Hondo dari Saman\u00e1"},"content":{"rendered":"<div class=\"vc_row wpb_row vc_row-fluid\" ><div class=\"wpb_column vc_column_container vc_col-sm-12\"><div class=\"vc_column-inner\"><div class=\"wpb_wrapper\">[mkdf_section_title subtitle_tag=\u00bb\u00bb subtitle=\u00bbAlmuerzo y Nataci\u00f3n en Piscinas Naturales\u00bb]<\/div><\/div><\/div><\/div><div class=\"vc_row wpb_row vc_row-fluid\" ><div class=\"wpb_column vc_column_container vc_col-sm-12\"><div class=\"vc_column-inner\"><div class=\"wpb_wrapper\">\n\t<div class=\"wpb_text_column wpb_content_element\" >\n\t\t<div class=\"wpb_wrapper\">\n\t\t\t<h2>Taman Nasional Los Haitises + Makan Siang di Cano Hondo dari pelabuhan Saman\u00e1.<\/h2>\n<h3><em>Keterangan<\/em><\/h3>\n<p>Taman Nasional Los Haitises dimulai dari pelabuhan Saman\u00e1 ditambah makan siang yang menyenangkan dan berenang di mata air alami di Ca\u00f1o Hondo Ecolodge. Ikutlah bersama kami dan kunjungi taman nasional terindah di Republik Dominika, mengunjungi hutan bakau, gua dan Teluk San Lorenzo, serta melintasi Teluk Saman\u00e1 yang indah. Setelah makan siang di Ca\u00f1o Hondo, Anda berkesempatan untuk berenang di kolam alami selama beberapa jam dan kemudian kembali ke pelabuhan Saman\u00e1.<\/p>\n<p>Setelah pengalaman ini, Anda akan kembali ke pelabuhan Saman\u00e1.<\/p>\n<ul>\n<li>Termasuk pajak<\/li>\n<li>Panduan ini memberikan instruksi dan pengawasan.<\/li>\n<\/ul>\n<h3>Inklusi dan pengecualian<\/h3>\n<h4>Inklusi<\/h4>\n<ol>\n<li>Tur Los Haitises + Gua dan Piktograf<\/li>\n<li>Makan siang di Ca\u00f1o Hondo<\/li>\n<li>Berenang di kolam alami<\/li>\n<li>Semua pajak, biaya dan biaya penanganan.<\/li>\n<li>Pajak daerah<\/li>\n<li>Minuman<\/li>\n<li>Semua aktivitas<\/li>\n<li>Pemandu lokal<\/li>\n<\/ol>\n<h4>Pengecualian<\/h4>\n<ol>\n<li>Kiat<\/li>\n<li>Transfer<\/li>\n<li>Minuman beralkohol<\/li>\n<\/ol>\n<h3><em>Keberangkatan dan kepulangan<\/em><\/h3>\n<p>Traveler akan mendapatkan titik pertemuan setelah proses pemesanan. Tur dimulai dan diakhiri di titik pertemuan kami.<\/p>\n<h3><em>Apa yang diharapkan?<\/em><\/h3>\n<p>Dapatkan tiket Anda untuk mengunjungi Taman Nasional Los Haitises dengan makan siang yang menyenangkan di Ca\u00f1o Hondo dan berenang di kolam alami.<\/p>\n<p>Dimulai dari pelabuhan Saman\u00e1 dengan menaiki perahu atau katamaran dengan pemandu wisata lokal, kami melewati teluk Saman\u00e1 di sebelah Sabana de la Mar untuk mengunjungi salah satu taman nasional terindah di Republik Dominika.<\/p>\n<h5>Taman Nasional Los Haitises.<\/h5>\n<p>Mengunjungi pulau dengan burung-burung di sekitarnya. Pada musim bersarang, kita bahkan bisa melihat anakan burung pelikan di dalam sarangnya. Pergilah lebih jauh ke pulau-pulau berbatu dan kunjungi gua-gua dengan piktograf dan petroglif penduduk asli.<\/p>\n<p>El recorrido, organizado por \u00abBooking Adventures\u00bb, comienza en el punto de encuentro establecido con el gu\u00eda tur\u00edstico. Ven con Booking Adventures y comienza a observar algunos manglares llenos de aves, colinas onduladas de exuberante vegetaci\u00f3n y cuevas del Parque Nacional Los Haitises.<\/p>\n<p>El nombre del parque nacional proviene de sus habitantes originales, los indios ta\u00ednos. En su idioma, \u00abHaitises\u00bb se traduce a tierras altas o colinas, una referencia a las empinadas formaciones geol\u00f3gicas de la costa con calizas. Avent\u00farate en el parque para explorar cuevas como la Cueva de la Arena y la Cueva de la L\u00ednea.<\/p>\n<p>Gua-gua di cagar alam digunakan sebagai tempat berlindung oleh suku Indian Ta\u00edno dan, kemudian, oleh bajak laut yang bersembunyi. Carilah gambar orang India yang menghiasi beberapa dinding.<\/p>\n<p>Setelah mengunjungi Taman Nasional Los Haitises kita akan menuju Cano Hondo. Di Cano Hondo Anda akan belajar tentang sejarah ekologi ini dan makan siang dengan makanan khas masyarakat Sabana de la mar.<\/p>\n<p>Makan siangnya akan enak tapi kita belum selesai. Setelah makan siang, kita akan berenang di kolam alami dari Sungai Jibales, sungai hingga Sungai Ca\u00f1o Hondo. Tinggal di Ca\u00f1o Hondo hingga pukul 16.00 dan kembali ke pelabuhan Saman\u00e1, kita akan melewati hutan bakau lagi dan tiba di teluk terbuka San Lorenzo, dari sana Anda dapat memotret lanskap hutan yang terjal. Lihatlah ke dalam air untuk melihat manate, krustasea, dan lumba-lumba.<\/p>\n<p>Sampai saat ini Anda akan menetap dengan pemandu wisata dan setelah itu menuju pelabuhan Cano Hondo dan naik perahu kembali ke pelabuhan Saman\u00e1 melewati teluk Saman\u00e1 30 menit.<\/p>\n<p>Jika Anda lebih menyukai perjalanan ini, kami memiliki opsi berikut:<\/p>\n<p>Los Haitises + Cayo Levantado dari pelabuhan Saman\u00e1.<\/p>\n<h3><em>Apa yang harus kamu bawa?<\/em><\/h3>\n<ul>\n<li>Kamera<\/li>\n<li>Penolak<\/li>\n<li>tabir surya<\/li>\n<li>Topi<\/li>\n<li>Celana yang nyaman<\/li>\n<li>Sepatu hiking hutan<\/li>\n<li>Sandal ke area musim semi.<\/li>\n<li>Baju renang<\/li>\n<\/ul>\n<h3><em>Penjemputan di hotel<\/em><\/h3>\n<p>Penjemputan di hotel tidak ditawarkan untuk tur ini.<\/p>\n<p><strong>Catatan:<\/strong> Jika Anda memesan dalam waktu 24 jam dari waktu keberangkatan tur\/wisata, kami dapat mengatur penjemputan hotel dengan biaya tambahan. Setelah pembelian Anda selesai, kami akan mengirimkan informasi kontak lengkap (nomor telepon, alamat email, dll.) kepada pemandu wisata lokal kami untuk mengatur pengaturan penjemputan.<\/p>\n<h3>Konfirmasi informasi tambahan<\/h3>\n<ol>\n<li>Tiket tersebut merupakan Resi setelah membayar Tour ini. Anda dapat menunjukkan pembayaran di ponsel Anda.<\/li>\n<li>Titik pertemuan akan diterima setelah proses reservasi.<\/li>\n<li>Anak-anak harus didampingi oleh orang dewasa.<\/li>\n<li>Tidak dapat diakses kursi roda<\/li>\n<li>Bayi harus duduk di kursi bayi atau bersama orang dewasa<\/li>\n<li>Tidak direkomendasikan untuk wisatawan dengan masalah punggung.<\/li>\n<li>Tidak dianjurkan untuk wanita hamil.<\/li>\n<li>Tidak ada masalah jantung atau kondisi medis serius lainnya.<\/li>\n<li>Sebagian besar wisatawan dapat berpartisipasi.<\/li>\n<\/ol>\n<h3><em>Kebijakan pembatalan<\/em><\/h3>\n<p>Untuk pengembalian dana penuh, batalkan setidaknya 24 jam sebelum tanggal mulai pengalaman.<\/p>\n\n\t\t<\/div>\n\t<\/div>\n<\/div><\/div><\/div><\/div><div class=\"vc_row wpb_row vc_row-fluid\" ><div class=\"wpb_column vc_column_container vc_col-sm-12\"><div class=\"vc_column-inner\"><div class=\"wpb_wrapper\"><div class=\"vc_empty_space\"   style=\"height: 32px\"><span class=\"vc_empty_space_inner\"><\/span><\/div>\n\t<div class=\"wpb_video_widget wpb_content_element vc_clearfix   vc_video-aspect-ratio-169 vc_video-el-width-100 vc_video-align-left\" >\n\t\t<div class=\"wpb_wrapper\">\n\t\t\t\n\t\t\t<div class=\"wpb_video_wrapper\"><iframe loading=\"lazy\" title=\"Taman Nasional Los Haitises, Tur &amp; Tamasya Dari Samana atau Sabana de la Mar. Pesan Di Sini:\" src=\"https:\/\/player.vimeo.com\/video\/346508015?dnt=1&amp;app_id=122963\" width=\"1100\" height=\"619\" frameborder=\"0\" allow=\"autoplay; fullscreen\" allowfullscreen><\/iframe><\/div>\n\t\t<\/div>\n\t<\/div>\n<\/div><\/div><\/div><\/div><div class=\"vc_row wpb_row vc_row-fluid\" ><div class=\"wpb_column vc_column_container vc_col-sm-12\"><div class=\"vc_column-inner\"><div class=\"wpb_wrapper\"><div class=\"vc_empty_space\"   style=\"height: 32px\"><span class=\"vc_empty_space_inner\"><\/span><\/div>\n\t<div class=\"wpb_text_column wpb_content_element\" >\n\t\t<div class=\"wpb_wrapper\">\n\t\t\t<h4>Hubungi kami?<\/h4>\n<h5>Reservasi Petualangan<\/h5>\n<p><em>Pemandu wisata<\/em> <em><strong>lokal<\/strong><\/em> Dan <strong><em>Nasional<\/em><\/strong> &amp;<em>\u00a0layanan tamu<\/em><\/p>\n<p>Reservasi: Tur dan Tamasya di Dom.Rep.<\/p>\n<p>Telp\/Whatsapp +1-809-720-6035.<\/p>\n<p>info@bookingadventures.com.do<\/p>\n<p>Kami adalah tur pribadi dengan konfigurasi fleksibel melalui Whatsapp: +18097206035.<\/p>\n\n\t\t<\/div>\n\t<\/div>\n<div class=\"vc_empty_space\"   style=\"height: 32px\"><span class=\"vc_empty_space_inner\"><\/span><\/div><\/div><\/div><\/div><\/div>","protected":false},"excerpt":{"rendered":"<p><strong>Silakan Pilih tanggal untuk Tur\u00a0<\/strong><\/p>","protected":false},"featured_media":104,"template":"","meta":[],"product_brand":[],"product_cat":[119,96,144,98,135,121,99,122,443,123,124],"product_tag":[126,127,128,145,132,133,146,147,148,143],"class_list":{"0":"post-551","1":"product","2":"type-product","3":"status-publish","4":"has-post-thumbnail","6":"product_cat-caves","7":"product_cat-hiking","8":"product_cat-kayaking","9":"product_cat-local-tour-guides","10":"product_cat-lunch","11":"product_cat-mangroves","12":"product_cat-swimming-natural-springs","13":"product_cat-tours-and-excursions","14":"product_cat-tours-y-excursiones-es","15":"product_cat-tours-excursions-los-haitises-national-park","16":"product_cat-tours-excursions-samana-bay-dominican-republic","17":"product_tag-cano-hondo","18":"product_tag-cano-hondo-hotel","19":"product_tag-cano-hondo-tours","20":"product_tag-day-tour-cano-hondo","21":"product_tag-los-haitises","22":"product_tag-los-haitises-national-park","23":"product_tag-mangroves-los-haitises","24":"product_tag-samana-bay","25":"product_tag-samana-excursions","26":"product_tag-samana-tours","28":"first","29":"instock","30":"sale","31":"sold-individually","32":"shipping-taxable","33":"product-type-external"},"_links":{"self":[{"href":"https:\/\/haitises.com\/id\/wp-json\/wp\/v2\/product\/551","targetHints":{"allow":["GET"]}}],"collection":[{"href":"https:\/\/haitises.com\/id\/wp-json\/wp\/v2\/product"}],"about":[{"href":"https:\/\/haitises.com\/id\/wp-json\/wp\/v2\/types\/product"}],"wp:featuredmedia":[{"embeddable":true,"href":"https:\/\/haitises.com\/id\/wp-json\/wp\/v2\/media\/104"}],"wp:attachment":[{"href":"https:\/\/haitises.com\/id\/wp-json\/wp\/v2\/media?parent=551"}],"wp:term":[{"taxonomy":"product_brand","embeddable":true,"href":"https:\/\/haitises.com\/id\/wp-json\/wp\/v2\/product_brand?post=551"},{"taxonomy":"product_cat","embeddable":true,"href":"https:\/\/haitises.com\/id\/wp-json\/wp\/v2\/product_cat?post=551"},{"taxonomy":"product_tag","embeddable":true,"href":"https:\/\/haitises.com\/id\/wp-json\/wp\/v2\/product_tag?post=551"}],"curies":[{"name":"wp","href":"https:\/\/api.w.org\/{rel}","templated":true}]}}