{"id":567,"date":"2020-06-27T19:12:20","date_gmt":"2020-06-27T19:12:20","guid":{"rendered":"http:\/\/haitises.com\/?post_type=product&#038;p=567"},"modified":"2024-04-16T21:43:21","modified_gmt":"2024-04-16T21:43:21","slug":"excursion-cascada-el-limon-y-cayo-levantado-desde-punta-cana","status":"publish","type":"product","link":"https:\/\/haitises.com\/hu\/magan\/excursion-cascada-el-limon-y-cayo-levantado-desde-punta-cana\/","title":{"rendered":"El Limon v\u00edzes\u00e9s \u00e9s Cayo Levantado kir\u00e1ndul\u00e1s Punta Can\u00e1b\u00f3l"},"content":{"rendered":"<div class=\"vc_row wpb_row vc_row-fluid\" ><div class=\"wpb_column vc_column_container vc_col-sm-12\"><div class=\"vc_column-inner\"><div class=\"wpb_wrapper\">[mkdf_section_title subtitle_tag=\u00bb\u00bb subtitle=\u00bb(Recogida en Punta Cana)\u00bb]<\/div><\/div><\/div><\/div><div class=\"vc_row wpb_row vc_row-fluid\" ><div class=\"wpb_column vc_column_container vc_col-sm-12\"><div class=\"vc_column-inner\"><div class=\"wpb_wrapper\">\n\t<div class=\"wpb_text_column wpb_content_element\" >\n\t\t<div class=\"wpb_wrapper\">\n\t\t\t<h2>Cascada El Lim\u00f3n y Cayo Levantado desde los hoteles de Punta Cana<\/h2>\n<h3>Le\u00edr\u00e1s<\/h3>\n<p>Si se encuentra en Punta Cana o B\u00e1varo, busca una excursi\u00f3n de un d\u00eda pagando menos de lo normal. Reserve este viaje con una recogida en su hotel en Punta Cana. El autob\u00fas lo llevar\u00e1 a Sabana de la mar, donde tomaremos un catamar\u00e1n para pasar la bah\u00eda de Saman\u00e1. Visitar la comunidad de Saman\u00e1 en Safari para llegar a la comunidad de El Lim\u00f3n, montar a caballo o ir de excursi\u00f3n a las cascadas despu\u00e9s de cruzar la bah\u00eda de Saman\u00e1 y el tiempo de almuerzo en la isla de Bacardi. Este viaje comienza a las 6:00 a.m. y termina a las 6:30 p.m.<\/p>\n<p>Despu\u00e9s de esta experiencia, volver\u00e1 a su hotel.<\/p>\n<ul>\n<li>Az ad\u00f3kat tartalmazza<\/li>\n<li>Almuerzo en la playa incluido.<\/li>\n<li>Transferencia incluida<\/li>\n<li>Az \u00fatmutat\u00f3 oktat\u00e1st \u00e9s fel\u00fcgyeletet biztos\u00edt.<\/li>\n<\/ul>\n<h3>Befoglal\u00e1sok \u00e9s kiz\u00e1r\u00e1sok<\/h3>\n<h4>Z\u00e1rv\u00e1nyok<\/h4>\n<ol>\n<li>Recogida en el hotel.<\/li>\n<li>Bah\u00eda Saman\u00e1<\/li>\n<li>Cayo Levantado, playa y almuerzo<\/li>\n<li>Safari a El Lim\u00f3n<\/li>\n<li>Paseos a caballo o senderismo a las cascadas<\/li>\n<li>C\u00f3cteles Dominicanos<\/li>\n<li>Todos los impuestos, tarifas y cargos por manejo<\/li>\n<li>Helyi ad\u00f3k<\/li>\n<li>Italok<\/li>\n<li>Minden tev\u00e9kenys\u00e9g<\/li>\n<li>Helyi idegenvezet\u0151<\/li>\n<\/ol>\n<h4>Kiz\u00e1r\u00e1sok<\/h4>\n<ol>\n<li>Tippek<\/li>\n<li>Bebidas alcoh\u00f3licas despu\u00e9s de c\u00f3cteles<\/li>\n<\/ol>\n<h3><em>Indul\u00e1s \u00e9s visszat\u00e9r\u00e9s<\/em><\/h3>\n<p>Az utaz\u00f3 a foglal\u00e1si folyamat ut\u00e1n tal\u00e1lkoz\u00e1si pontot kap. A t\u00far\u00e1k tal\u00e1lkoz\u00e1si pontjainkon kezd\u0151dnek \u00e9s \u00e9rnek v\u00e9get.<\/p>\n<h3><em>Mire sz\u00e1m\u00edthatok?<\/em><\/h3>\n<p>Obtenga sus boletos para visitar las cascadas a caballo o senderismo, Safari Saman\u00e1, nadar en los manantiales naturales, luego de las cascadas el almuerzo en la isla de Bacardi y tiempo de playa.<\/p>\n<p>Comenzando desde Punta Cana en autob\u00fas, conduciremos al puerto de la bah\u00eda de Saman\u00e1. En el puerto nos subimos a un bote o catamar\u00e1n con un gu\u00eda tur\u00edstico local, pasamos la bah\u00eda de Saman\u00e1 a la comunidad de Saman\u00e1. Tomar un safari con un gu\u00eda tur\u00edstico local para hablar sobre la historia de Saman\u00e1 hasta llegar a la comunidad de El Lim\u00f3n. En la comunidad de El Lim\u00f3n comenzamos a caminar o montar a caballo por el bosque de El Lim\u00f3n hasta las cascadas de El Lim\u00f3n. Donde cuando llegamos \u00a1podemos nadar! Despu\u00e9s de regresar a Safari para ir al puerto de Saman\u00e1. Visitar\u00e1 la isla de Cayo Levantado para almorzar en la playa y nadar en una de las islas m\u00e1s bellas de la Rep\u00fablica Dominicana.<\/p>\n<p>En caso de que le guste este viaje m\u00e1s largo o m\u00e1s corto, cont\u00e1ctenos &#8230;<\/p>\n<h3><em>Mit vigy\u00e9l magaddal?<\/em><\/h3>\n<ul>\n<li>Kamera<\/li>\n<li>Repellensek<\/li>\n<li>Crema solar<\/li>\n<li>Kalap<\/li>\n<li>K\u00e9nyelmes nadr\u00e1g<\/li>\n<li>Erdei t\u00faracip\u0151<\/li>\n<li>Szand\u00e1l tavaszi ter\u00fcletekre.<\/li>\n<li>F\u00fcrd\u0151ruha<\/li>\n<\/ul>\n<h3><em>Sz\u00e1llodai \u00e1tv\u00e9tel<\/em><\/h3>\n<p>\u00a1Se ofrece recogida de viajeros!<\/p>\n<p>Recogemos de todos los hoteles en Punta Cana. La ubicaci\u00f3n de recogida es el vest\u00edbulo del hotel.<br \/>\nSi se hospeda en un condominio en el \u00e1rea, lo recogeremos en el condominio o en la entrada del resort m\u00e1s cercano. Configuramos Recoger contactando con nosotros por Whatsapp.<\/p>\n<p><strong>Jegyzet:<\/strong> Si realiza la reserva dentro de las 24 horas del horario de salida del tour \/ excursi\u00f3n, podemos organizar la recogida en el hotel. Una vez que se complete su compra, le enviaremos informaci\u00f3n de contacto completa (n\u00famero de tel\u00e9fono, direcci\u00f3n de correo electr\u00f3nico, etc.) para que nuestro gu\u00eda tur\u00edstico local organice los arreglos de recogida.<\/p>\n<h3><em>Tov\u00e1bbi inform\u00e1ci\u00f3k meger\u0151s\u00edt\u00e9se<\/em><\/h3>\n<ul>\n<li>A jegyek a t\u00fara kifizet\u00e9s\u00e9t k\u00f6vet\u0151 nyugt\u00e1k. A fizet\u00e9st a telefonon tudod megjelen\u00edteni.<\/li>\n<li>A tal\u00e1lkoz\u00e1si pontot a foglal\u00e1si folyamat ut\u00e1n kapjuk meg.<\/li>\n<li>A gyermekeket feln\u0151tt k\u00eds\u00e9ret\u00e9ben kell biztos\u00edtani.<\/li>\n<li>Kerekessz\u00e9kkel nem megk\u00f6zel\u00edthet\u0151<\/li>\n<li>A csecsem\u0151knek baba\u00fcl\u00e9sben vagy feln\u0151tt mellett kell \u00fclni\u00fck<\/li>\n<li>H\u00e1tprobl\u00e9m\u00e1kkal k\u00fczd\u0151 utaz\u00f3knak nem aj\u00e1nlott.<\/li>\n<li>Terhes n\u0151knek nem aj\u00e1nlott.<\/li>\n<li>Sin problemas card\u00edacos u otras afecciones m\u00e9dicas graves.<\/li>\n<li>A legt\u00f6bb utaz\u00f3 r\u00e9szt vehet.<\/li>\n<\/ul>\n<h3><em>Lemond\u00e1si felt\u00e9telek<\/em><\/h3>\n<p>A teljes visszat\u00e9r\u00edt\u00e9shez legal\u00e1bb 24 \u00f3r\u00e1val az \u00e9lm\u00e9ny kezdete el\u0151tt mondd le.<\/p>\n<h3><em>L\u00e9pjen kapcsolatba vel\u00fcnk?<\/em><\/h3>\n<p>Kalandfoglal\u00e1sok<br \/>\nHelyi \u00e9s orsz\u00e1gos idegenvezet\u0151k \u00e9s vend\u00e9gszolg\u00e1ltat\u00e1sok<\/p>\n<p>Foglal\u00e1s: t\u00far\u00e1k \u00e9s kir\u00e1ndul\u00e1sok Dom. Reps.<\/p>\n<p>\ud83d\udcde Tel\/Whatsapp +1-809-720-6035.<\/p>\n<p>\ud83d\udce9 info@bookingadventures.com.do<\/p>\n<p>Hacemos tours privados de con flexbilidad por Whatsapp: +18097206035.<\/p>\n\n\t\t<\/div>\n\t<\/div>\n<\/div><\/div><\/div><\/div>","protected":false},"excerpt":{"rendered":"<p>Si se encuentra en Punta Cana o B\u00e1varo, busca una excursi\u00f3n de un d\u00eda pagando menos de lo normal. Reserve este viaje con una recogida en su hotel en Punta Cana. El autob\u00fas lo llevar\u00e1 a Sabana de la mar, donde tomaremos un catamar\u00e1n para pasar la bah\u00eda de Saman\u00e1. Visitar la comunidad de Saman\u00e1 en Safari para llegar a la comunidad de El Lim\u00f3n, montar a caballo o caminar a las cascadas despu\u00e9s de cruzar la bah\u00eda de Saman\u00e1 y el tiempo de Almuerzo en la isla de Bacardi. Este viaje comienza a las 6:00 a.m. y termina a las 6:30 p.m.<\/p>\n<p><strong>K\u00e9rj\u00fck, v\u00e1lassza ki a t\u00fara id\u0151pontj\u00e1t:<\/strong><\/p>","protected":false},"featured_media":320,"template":"","meta":[],"product_brand":[],"product_cat":[96,97,136,264,122,443,123,124],"product_tag":[137,138,281,139,282,283,140,284,141,114,285,142,143],"class_list":{"0":"post-567","1":"product","2":"type-product","3":"status-publish","4":"has-post-thumbnail","6":"product_cat-hiking","7":"product_cat-horse-riding-to-waterfalls","8":"product_cat-safari-samana","9":"product_cat-salto-el-limon-and-bacardi-island","10":"product_cat-tours-and-excursions","11":"product_cat-tours-y-excursiones-es","12":"product_cat-tours-excursions-los-haitises-national-park","13":"product_cat-tours-excursions-samana-bay-dominican-republic","14":"product_tag-bacardi-island","15":"product_tag-beach-time","16":"product_tag-cascada-el-limon-salto-el-limon-samana-republica-dominicana","17":"product_tag-cayo-levantado","18":"product_tag-el-limon-waterfall-bacardi-island-from-punta-cana","19":"product_tag-el-limon-waterfall-and-bacardi-island-tour-from-punta-cana","20":"product_tag-el-limon-waterfalls","21":"product_tag-guided-adventures","22":"product_tag-punta-cana","23":"product_tag-sabana-de-la-mar","24":"product_tag-salto-de-limon-punta-cana","25":"product_tag-samana","26":"product_tag-samana-tours","28":"first","29":"instock","30":"sale","31":"sold-individually","32":"shipping-taxable","33":"product-type-external"},"_links":{"self":[{"href":"https:\/\/haitises.com\/hu\/wp-json\/wp\/v2\/product\/567","targetHints":{"allow":["GET"]}}],"collection":[{"href":"https:\/\/haitises.com\/hu\/wp-json\/wp\/v2\/product"}],"about":[{"href":"https:\/\/haitises.com\/hu\/wp-json\/wp\/v2\/types\/product"}],"wp:featuredmedia":[{"embeddable":true,"href":"https:\/\/haitises.com\/hu\/wp-json\/wp\/v2\/media\/320"}],"wp:attachment":[{"href":"https:\/\/haitises.com\/hu\/wp-json\/wp\/v2\/media?parent=567"}],"wp:term":[{"taxonomy":"product_brand","embeddable":true,"href":"https:\/\/haitises.com\/hu\/wp-json\/wp\/v2\/product_brand?post=567"},{"taxonomy":"product_cat","embeddable":true,"href":"https:\/\/haitises.com\/hu\/wp-json\/wp\/v2\/product_cat?post=567"},{"taxonomy":"product_tag","embeddable":true,"href":"https:\/\/haitises.com\/hu\/wp-json\/wp\/v2\/product_tag?post=567"}],"curies":[{"name":"wp","href":"https:\/\/api.w.org\/{rel}","templated":true}]}}