{"id":560,"date":"2020-06-24T11:16:49","date_gmt":"2020-06-24T11:16:49","guid":{"rendered":"http:\/\/haitises.com\/?post_type=product&#038;p=560"},"modified":"2024-03-17T14:02:25","modified_gmt":"2024-03-17T14:02:25","slug":"excursion-de-observacion-de-aves-en-el-parque-nacional-los-haitises","status":"publish","type":"product","link":"https:\/\/haitises.com\/hu\/magan\/excursion-de-observacion-de-aves-en-el-parque-nacional-los-haitises\/","title":{"rendered":"Mad\u00e1rmegfigyel\u0151 kir\u00e1ndul\u00e1s a Los Haitises Nemzeti Parkban"},"content":{"rendered":"<div class=\"vc_row wpb_row vc_row-fluid\" ><div class=\"wpb_column vc_column_container vc_col-sm-12\"><div class=\"vc_column-inner\"><div class=\"wpb_wrapper\">[mkdf_section_title subtitle_tag=\u00bb\u00bb subtitle=\u00bbRidgway&#8217;s Hawk Tour &#8211; El Gavil\u00e1n de La Hispaniola en Los Haitises\u00bb]<\/div><\/div><\/div><\/div><div class=\"vc_row wpb_row vc_row-fluid\" ><div class=\"wpb_column vc_column_container vc_col-sm-12\"><div class=\"vc_column-inner\"><div class=\"wpb_wrapper\">\n\t<div class=\"wpb_text_column wpb_content_element\" >\n\t\t<div class=\"wpb_wrapper\">\n\t\t\t<h2>Observaci\u00f3n de aves en el Parque Nacional Los Haitises<\/h2>\n<h3>Le\u00edr\u00e1s<\/h3>\n<p>El Parque Nacional Los Haitises es un destino popular para los amantes de la naturaleza y los observadores de aves, ya que es de suma importancia para la biodiversidad y la riqueza de la fauna, tanto en t\u00e9rminos de endemismo como de especies. Selva tropical con impresionantes paisajes y una de las reservas naturales m\u00e1s grandes e importantes de la Rep\u00fablica Dominicana. Los Haitises es el hogar de una gran variedad de aves nativas, end\u00e9micas y migratorias, algunas de las cuales son bastante raras y est\u00e1n en peligro de extinci\u00f3n. La mayor\u00eda de las personas salen en bote para explorar el parque y sus cuevas, islas y vida silvestre.<\/p>\n<p>Estamos conservando 110 especies de aves que puedes encontrar en el Parque Nacional Los Haitises. Caminando por este bosque m\u00e1gico en busca de loros, barrancol\u00edes, gavilanes, tangaras, colibr\u00edes y mucho m\u00e1s. Proporciona una historia interesante sobre todas estas aves que puedes ver en el sendero del bosque h\u00famedo. Conocemos los h\u00e1bitats de los gavilanes, B\u00fahos de cara ceniza y otras especies end\u00e9micas. Este Tour se enfoca en la naturaleza y est\u00e1 m\u00e1s concentrado en la informaci\u00f3n sobre la vida silvestre.<\/p>\n<p>Por lo general, es un recorrido privado para una experiencia verdaderamente de alta calidad.<\/p>\n<h3>Befoglal\u00e1sok \u00e9s kiz\u00e1r\u00e1sok<\/h3>\n<h4>Z\u00e1rv\u00e1nyok<\/h4>\n<ol>\n<li>3 horas de caminata de aves en los senderos del parque<\/li>\n<li>Todos los impuestos, tarifas y cargos por manejo<\/li>\n<li>Helyi ad\u00f3k<\/li>\n<li>Oficiales ecologistas gu\u00edas tur\u00edsticos ingl\u00e9s \/ espa\u00f1ol<\/li>\n<\/ol>\n<h4>Kiz\u00e1r\u00e1sok<\/h4>\n<ol>\n<li>Tippek<\/li>\n<li>Sz\u00e1ll\u00edt\u00e1s<\/li>\n<li>Bebida<\/li>\n<\/ol>\n<h3><em>Indul\u00e1s \u00e9s visszat\u00e9r\u00e9s<\/em><\/h3>\n<p>El recorrido, organizado por \u00abBooking Adventures\u00bb, comienza en el punto de encuentro establecido con el gu\u00eda tur\u00edstico. El viajero obtendr\u00e1 un punto de encuentro despu\u00e9s del proceso de reserva. Los tours comienzan y terminan en nuestros puntos de encuentro.<\/p>\n<h3><em>Mire sz\u00e1m\u00edthatok?<\/em><\/h3>\n<p>Obtenga su boleto para la observaci\u00f3n de aves en el Parque Nacional Los Haitises.<\/p>\n<p>Esta excursi\u00f3n comienza desde el punto de encuentro haciendo senderismo por los senderos del bosque hasta llegar a las \u00e1reas de anidaci\u00f3n. Despu\u00e9s de 30 minutos de caminata y observaci\u00f3n de los Gavilanes, tenemos la opci\u00f3n de continuar caminando y buscar loros, piculetos y otras especies end\u00e9micas en el Parque Nacional Los Haitises.<\/p>\n<p>El Parque Nacional Los Haitises tiene solo dos senderos para observaci\u00f3n de aves en Sabana de la Mar. En el camino al Parque Nacional Los Hiatises nos detenemos en algunos lugares para ver m\u00e1s aves.<\/p>\n<p>Estando en la bah\u00eda de San Lorenzo. visitaremos dos cuevas, la llamada Sandly Cave en espa\u00f1ol Cueva de la Arena; En esta cueva, podemos ver los petrogl\u00edfos de las comunidades ta\u00ednas que se quedaron en esta \u00e1rea. y usando las cuevas como templo.<\/p>\n<p>Despu\u00e9s de eso, nos dirigimos a la Cueva de Linea, esta con 2,243 pictograf\u00edas originales y nuestro gu\u00eda tur\u00edstico le explica la informaci\u00f3n de arqueolog\u00eda sobre esas pictograf\u00edas.<\/p>\n<p>Tomando el bote nuevamente hacia El Cayo de los P\u00e1jaros (Isla de los P\u00e1jaros) donde podemos ver la mayor\u00eda de las aves de los humedales alrededor del Parque Nacional Los Haitises. Solo porque todas las aves no est\u00e1n en el agua.<\/p>\n<p>Despu\u00e9s de 4 horas y media aprendiendo sobre las aves en el Parque Nacional Los Haitises, esta excursi\u00f3n termina en el mismo lugar que comenz\u00f3.<\/p>\n<p><strong>jegyzet<\/strong>: Estos recorridos son con gu\u00edas tur\u00edsticos de Ecologistas Oficiales. Reserve con tiempo porque en el parque no hay demasiados especialistas.<\/p>\n<h3>Mit vigy\u00e9l magaddal?<\/h3>\n<ul>\n<li>Kamera<\/li>\n<li>Binokul\u00e1ris<\/li>\n<li>Repellensek<\/li>\n<li>f\u00e9nyv\u00e9d\u0151 kr\u00e9m<\/li>\n<li>Kalap<\/li>\n<li>K\u00e9nyelmes nadr\u00e1g<\/li>\n<li>Erdei t\u00faracip\u0151<\/li>\n<li>Szand\u00e1l tavaszi ter\u00fcletekre.<\/li>\n<li>F\u00fcrd\u0151ruha<\/li>\n<\/ul>\n<h3><em>Sz\u00e1llodai \u00e1tv\u00e9tel<\/em><\/h3>\n<p>Ezen a t\u00far\u00e1n nem k\u00edn\u00e1lnak \u00e1tv\u00e9telt a sz\u00e1llod\u00e1b\u00f3l.<\/p>\n<p><strong>jegyzet<\/strong>: Si realiza la reserva dentro de las 24 horas de la hora de salida del tour \/ excursi\u00f3n, podemos organizar la recogida en el hotel con cargos adicionales. Una vez que se complete su compra, le enviaremos informaci\u00f3n de contacto completa (n\u00famero de tel\u00e9fono, direcci\u00f3n de correo electr\u00f3nico, etc.) para que nuestro gu\u00eda tur\u00edstico local organice los arreglos de recogida.<\/p>\n<h3><em>Tov\u00e1bbi inform\u00e1ci\u00f3k meger\u0151s\u00edt\u00e9se<\/em><\/h3>\n<ol>\n<li>A jegyek a t\u00fara kifizet\u00e9s\u00e9t k\u00f6vet\u0151 nyugt\u00e1k. A fizet\u00e9st a telefonon tudod megjelen\u00edteni.<\/li>\n<li>A tal\u00e1lkoz\u00e1si pontot a foglal\u00e1si folyamat ut\u00e1n kapjuk meg.<\/li>\n<li>A gyermekeket feln\u0151tt k\u00eds\u00e9ret\u00e9ben kell biztos\u00edtani.<\/li>\n<li>Kerekessz\u00e9kkel nem megk\u00f6zel\u00edthet\u0151<\/li>\n<li>A csecsem\u0151knek baba\u00fcl\u00e9sben vagy feln\u0151tt mellett kell \u00fclni\u00fck<\/li>\n<li>H\u00e1tprobl\u00e9m\u00e1kkal k\u00fczd\u0151 utaz\u00f3knak nem aj\u00e1nlott.<\/li>\n<li>Terhes n\u0151knek nem aj\u00e1nlott.<\/li>\n<li>Sin problemas card\u00edacos u otras afecciones m\u00e9dicas graves.<\/li>\n<li>A legt\u00f6bb utaz\u00f3 r\u00e9szt vehet.<\/li>\n<\/ol>\n<p>Este tour se ofrece a un m\u00ednimo de 2 personas y un m\u00e1ximo de 15 personas. En caso de menos personas, cont\u00e1ctenos.<\/p>\n<h3><em>Lemond\u00e1si felt\u00e9telek<\/em><\/h3>\n<p>A teljes visszat\u00e9r\u00edt\u00e9shez legal\u00e1bb 24 \u00f3r\u00e1val az \u00e9lm\u00e9ny kezdete el\u0151tt mondd le.<\/p>\n<h3>\u00bfCont\u00e1ctenos?<\/h3>\n<p>Kalandok foglal\u00e1sa<br \/>\nHelyi \u00e9s orsz\u00e1gos idegenvezet\u0151k \u00e9s vend\u00e9gszolg\u00e1ltat\u00e1sok<\/p>\n<p>Foglal\u00e1s: t\u00far\u00e1k \u00e9s kir\u00e1ndul\u00e1sok Dom. Reps.<\/p>\n<p>\ud83d\udcde Tel\/Whatsapp +1-809-720-6035.<\/p>\n<p>\ud83d\udce9 info@bookingadventures.com.do<\/p>\n<p>Organizamos tours privados de con flexibilidad por Whatsapp: +18097206035.<\/p>\n\n\t\t<\/div>\n\t<\/div>\n<\/div><\/div><\/div><\/div>","protected":false},"excerpt":{"rendered":"<p>El viaje al Parque Nacional Los Haitises con un gu\u00eda tur\u00edstico local se concentra en la observaci\u00f3n de aves + Cuevas. Visitando los Cayos en el Parque Nacional Los Haitises, manglares, vegetaci\u00f3n, observaci\u00f3n de aves, cuevas, pictograf\u00edas y las \u00e1reas hist\u00f3ricas de Sabana de la Mar en el Parque Nacional Los Haitises.<\/p>\n<p><strong>K\u00e9rj\u00fck, v\u00e1lassza ki a t\u00fara d\u00e1tum\u00e1t<\/strong><\/p>","protected":false},"featured_media":177,"template":"","meta":[],"product_brand":[],"product_cat":[119,120,96,98,121,122,443,123,124],"product_tag":[176,177,178,179,180,181,182,183,184,185,186,132,187,133,188,189,190,191,192,114,142,147,193],"class_list":{"0":"post-560","1":"product","2":"type-product","3":"status-publish","4":"has-post-thumbnail","6":"product_cat-caves","7":"product_cat-fees-entrace","8":"product_cat-hiking","9":"product_cat-local-tour-guides","10":"product_cat-mangroves","11":"product_cat-tours-and-excursions","12":"product_cat-tours-y-excursiones-es","13":"product_cat-tours-excursions-los-haitises-national-park","14":"product_cat-tours-excursions-samana-bay-dominican-republic","15":"product_tag-biding-sabana-de-la-mar","16":"product_tag-birding","17":"product_tag-birding-dominican-republic","18":"product_tag-birding-in-los-haitises","19":"product_tag-birdwatching","20":"product_tag-birdwatching-dominicana","21":"product_tag-birdwtaching","22":"product_tag-boat-tour-birding","23":"product_tag-carretera-cano-hondo","24":"product_tag-eco-lodge-paraiso-cano-hondo","25":"product_tag-hire-a-guide-in-los-haitises","26":"product_tag-los-haitises","27":"product_tag-los-haitises-birding","28":"product_tag-los-haitises-national-park","29":"product_tag-los-haitises-national-park-birding-tour-from-punta-cana","30":"product_tag-los-haitises-national-park-cano-hondo","31":"product_tag-los-haitises-samana","32":"product_tag-nature","33":"product_tag-ridgways-hawk","34":"product_tag-sabana-de-la-mar","35":"product_tag-samana","36":"product_tag-samana-bay","37":"product_tag-wildlife","39":"first","40":"instock","41":"sale","42":"sold-individually","43":"shipping-taxable","44":"product-type-external"},"_links":{"self":[{"href":"https:\/\/haitises.com\/hu\/wp-json\/wp\/v2\/product\/560","targetHints":{"allow":["GET"]}}],"collection":[{"href":"https:\/\/haitises.com\/hu\/wp-json\/wp\/v2\/product"}],"about":[{"href":"https:\/\/haitises.com\/hu\/wp-json\/wp\/v2\/types\/product"}],"wp:featuredmedia":[{"embeddable":true,"href":"https:\/\/haitises.com\/hu\/wp-json\/wp\/v2\/media\/177"}],"wp:attachment":[{"href":"https:\/\/haitises.com\/hu\/wp-json\/wp\/v2\/media?parent=560"}],"wp:term":[{"taxonomy":"product_brand","embeddable":true,"href":"https:\/\/haitises.com\/hu\/wp-json\/wp\/v2\/product_brand?post=560"},{"taxonomy":"product_cat","embeddable":true,"href":"https:\/\/haitises.com\/hu\/wp-json\/wp\/v2\/product_cat?post=560"},{"taxonomy":"product_tag","embeddable":true,"href":"https:\/\/haitises.com\/hu\/wp-json\/wp\/v2\/product_tag?post=560"}],"curies":[{"name":"wp","href":"https:\/\/api.w.org\/{rel}","templated":true}]}}