{"id":559,"date":"2020-06-23T20:31:15","date_gmt":"2020-06-23T20:31:15","guid":{"rendered":"http:\/\/haitises.com\/?post_type=product&#038;p=559"},"modified":"2024-04-17T18:03:16","modified_gmt":"2024-04-17T18:03:16","slug":"excursiones-a-los-haitises-desde-santo-domingo","status":"publish","type":"product","link":"https:\/\/haitises.com\/hu\/magan\/excursiones-a-los-haitises-desde-santo-domingo\/","title":{"rendered":"Excursiones a Los Haitises desde Santo Domingo"},"content":{"rendered":"<div class=\"vc_row wpb_row vc_row-fluid\" ><div class=\"wpb_column vc_column_container vc_col-sm-12\"><div class=\"vc_column-inner\"><div class=\"wpb_wrapper\">[mkdf_section_title subtitle_tag=\u00bb\u00bb subtitle=\u00bbTransporte y almuerzo inclu\u00eddos\u00bb]<\/div><\/div><\/div><\/div><div class=\"vc_row wpb_row vc_row-fluid\" ><div class=\"wpb_column vc_column_container vc_col-sm-12\"><div class=\"vc_column-inner\"><div class=\"wpb_wrapper\">\n\t<div class=\"wpb_text_column wpb_content_element\" >\n\t\t<div class=\"wpb_wrapper\">\n\t\t\t<h2>Tour al Parque Nacional Los Haitises desde Santo domingo. Excursi\u00f3n de d\u00eda completo.<\/h2>\n<h5>Excursi\u00f3n de d\u00eda completo al Parque Nacional Los Haitises desde Santo Domingo.<\/h5>\n<h3>Le\u00edr\u00e1s<\/h3>\n<p>Tour al Parque Nacional Los Haitises desde Santo Domingo. Excursi\u00f3n de d\u00eda completo. Comenzando desde su hotel en Santo Domingo, Boca Chica o Juan Dolio. Conduciremos a la bah\u00eda de Saman\u00e1 donde nos llevar\u00e1n el bote o el catamar\u00e1n al Parque Nacional Los Haitises. Visitando manglares, cuevas, pictograf\u00edas y todo lo m\u00e1s bello del parque nacional Los Haitises con un gu\u00eda tur\u00edstico local.<\/p>\n<p>Despu\u00e9s de esta experiencia, regresar\u00e1 a Santo Domingo donde lo recogeremos.<\/p>\n<ul>\n<li>Az ad\u00f3kat tartalmazza<\/li>\n<li>Almuerzo<\/li>\n<li>Aperitivos<\/li>\n<li>Gu\u00eda de turismo local en ingl\u00e9s o franc\u00e9s<\/li>\n<li>Sz\u00e1ll\u00edt\u00e1s<\/li>\n<li>Tour en bote<\/li>\n<\/ul>\n<h3>Befoglal\u00e1sok \u00e9s kiz\u00e1r\u00e1sok<\/h3>\n<h4>Z\u00e1rv\u00e1nyok<\/h4>\n<ol>\n<li>Los Haitises t\u00fara + barlangok \u00e9s piktogramok<\/li>\n<li>Almuerzo<\/li>\n<li>Minden ad\u00f3, d\u00edj \u00e9s kezel\u00e9si k\u00f6lts\u00e9g.<\/li>\n<li>Helyi ad\u00f3k<\/li>\n<li>Italok<\/li>\n<li>Aperitivos<\/li>\n<li>Minden tev\u00e9kenys\u00e9g<\/li>\n<li>Helyi idegenvezet\u0151<\/li>\n<\/ol>\n<h4>Kiz\u00e1r\u00e1sok<\/h4>\n<ol>\n<li>Tippek<\/li>\n<li>Alkoholos italok<\/li>\n<\/ol>\n<h6><em>Tour privado y precios de excursiones desde Santo Domingo:<\/em><\/h6>\n<h6><em>* Los ni\u00f1os de 10 a\u00f1os y menores viajan gratis. (2 adultos m\u00ednimo)<\/em><\/h6>\n<ul>\n<li><strong><em>Tour privado y excursi\u00f3n para 2 personas: USD $ 210 por persona<\/em><\/strong><\/li>\n<li><strong><em>Tour privado y excursi\u00f3n para 3 personas: USD $ 160 por persona<\/em><\/strong><\/li>\n<li><strong><em>Tour privado y excursi\u00f3n para 4 personas: USD $ 130 por persona<\/em><\/strong><\/li>\n<li><strong><em>Tour privado y excursi\u00f3n para 5 personas: USD $ 105 por persona<\/em><\/strong><\/li>\n<li><strong><em>Tour privado y excursi\u00f3n para 6 personas: USD $ 100 por persona<\/em><\/strong><\/li>\n<li><strong><em>Tour privado y excursi\u00f3n para 7 personas: USD $ 90 por persona<\/em><\/strong><\/li>\n<li><strong><em>Tour privado y excursi\u00f3n para 8 personas: USD $ 80 por persona<\/em><\/strong><\/li>\n<li><strong><em>9 o m\u00e1s personas Tour y excursi\u00f3n: cont\u00e1ctenos<\/em><\/strong><\/li>\n<\/ul>\n<h6><em>* La excursi\u00f3n comienza a la hora establecida<\/em><\/h6>\n<h3><em>Indul\u00e1s \u00e9s visszat\u00e9r\u00e9s<\/em><\/h3>\n<p>El viajero obtendr\u00e1 un punto de encuentro despu\u00e9s del proceso de reserva. Los recorridos comienzan y finalizan en sus puntos de encuentro.<\/p>\n<h2>Parque Nacional Los Haitises desde Santo Domingo<\/h2>\n<h3><em>Mire sz\u00e1m\u00edthatok?<\/em><\/h3>\n<p>Obtenga sus boletos para visitar el Tour al Parque Nacional Los Haitises desde Santo Domingo. Excursi\u00f3n de d\u00eda completo. Partiendo de Santo Domingo en un c\u00f3modo traslado a la bah\u00eda de Saman\u00e1. transporte a puerto para abordar un bote o catamar\u00e1n con un gu\u00eda tur\u00edstico local que visitamos Los Haitises, lado de Sabana de la Mar para visitar uno de los parques nacionales m\u00e1s bellos de la Rep\u00fablica Dominicana. Parque Nacional Los Haitises.<\/p>\n<p>El recorrido, organizado por \u00abBooking Adventures\u00bb, comienza en el punto de encuentro establecido con el gu\u00eda tur\u00edstico. Ven con Booking Adventures y comienza a observar algunos manglares llenos de p\u00e1jaros, colinas onduladas de exuberante vegetaci\u00f3n y cuevas del Parque Nacional Los Haitises. Visitando la isla con p\u00e1jaros alrededor. En la temporada de anidaci\u00f3n, incluso podemos ver los polluelos de Pelecanos en los nidos. Entrar m\u00e1s en las Islas Rocosas y visitar las cuevas con pictograf\u00edas y petr\u00f3grafos de los pueblos ind\u00edgenas.<\/p>\n<p>A trav\u00e9s de los manglares y la tierra en la bah\u00eda abierta de San Lorenzo, Sabana de la Mar, desde donde se puede fotografiar el paisaje forestal agreste. Mire el agua para ver manat\u00edes, crust\u00e1ceos y delfines.<\/p>\n<p>El nombre del parque nacional proviene de sus habitantes originales, los indios ta\u00ednos. En su idioma, \u00abHaitises\u00bb se traduce en tierras altas o colinas, una referencia a las empinadas formaciones geol\u00f3gicas de la costa con calizas. Avent\u00farate en el parque para explorar cuevas como la Cueva San Gabriel, la Cueva de la Arena y la Cueva de la L\u00ednea.<\/p>\n<p>Estas cuevas en la reserva fueron utilizadas como refugio por los indios ta\u00ednos y, m\u00e1s tarde, por esconder piratas. Busque dibujos de indios que decoran algunas de las paredes. Despu\u00e9s de visitar el Parque Nacional Los Haitises, regresaremos a Saman\u00e1 o Sabana de la mar para almorzar.<\/p>\n<p>Tendremos un almuerzo t\u00edpico. Si eres vegano, no te preocupes, \u00a1tambi\u00e9n tenemos comida para ti!<\/p>\n<p>\u00a1Despu\u00e9s del almuerzo, regresamos a Santo Domingo!<\/p>\n<p>En caso de que le guste este viaje m\u00e1s largo o m\u00e1s corto, tenemos estas opciones:<\/p>\n<ul>\n<li>Solo Los Haitises del puerto de Saman\u00e1.<\/li>\n<li>Los Haitises + Ca\u00f1o Hondo desde el puerto de Saman\u00e1.<\/li>\n<\/ul>\n<h3><em>Mit vigy\u00e9l magaddal?<\/em><\/h3>\n<ul>\n<li>Kamera<\/li>\n<li>Repellensek<\/li>\n<li>Crema solar<\/li>\n<li>Kalap<\/li>\n<li>K\u00e9nyelmes nadr\u00e1g<\/li>\n<li>Erdei t\u00faracip\u0151<\/li>\n<li>Szand\u00e1l tavaszi ter\u00fcletekre.<\/li>\n<li>F\u00fcrd\u0151ruha<\/li>\n<\/ul>\n<h3><em>Sz\u00e1llodai \u00e1tv\u00e9tel<\/em><\/h3>\n<p>Se ofrece la recogida en el hotel para este tour.<\/p>\n<p><strong>Jegyzet:<\/strong> Ha a t\u00fara\/kir\u00e1ndul\u00e1s indul\u00e1si id\u0151pontj\u00e1t\u00f3l sz\u00e1m\u00edtott 24 \u00f3r\u00e1n bel\u00fcl foglal, fel\u00e1r ellen\u00e9ben tudunk gondoskodni a sz\u00e1llodai \u00e1tv\u00e9telr\u0151l. Amint a v\u00e1s\u00e1rl\u00e1s befejez\u0151d\u00f6tt, elk\u00fcldj\u00fck \u00d6nnek a helyi idegenvezet\u0151nk teljes el\u00e9rhet\u0151s\u00e9gi adatait (telefonsz\u00e1m, e-mail c\u00edm stb.) az \u00e1tv\u00e9tel megszervez\u00e9se \u00e9rdek\u00e9ben.<\/p>\n<h3><em>Tov\u00e1bbi inform\u00e1ci\u00f3k meger\u0151s\u00edt\u00e9se<\/em><\/h3>\n<ul>\n<li>A jegyek a t\u00fara kifizet\u00e9s\u00e9t k\u00f6vet\u0151 nyugt\u00e1k. A fizet\u00e9st a telefonon tudod megjelen\u00edteni.<\/li>\n<li>A tal\u00e1lkoz\u00e1si pontot a foglal\u00e1si folyamat ut\u00e1n kapjuk meg.<\/li>\n<li>A gyermekeket feln\u0151tt k\u00eds\u00e9ret\u00e9ben kell biztos\u00edtani.<\/li>\n<li>Kerekessz\u00e9kkel nem megk\u00f6zel\u00edthet\u0151<\/li>\n<li>A csecsem\u0151knek baba\u00fcl\u00e9sben vagy feln\u0151tt mellett kell \u00fclni\u00fck<\/li>\n<li>H\u00e1tprobl\u00e9m\u00e1kkal k\u00fczd\u0151 utaz\u00f3knak nem aj\u00e1nlott.<\/li>\n<li>No recomendado para viajeros embarazadas.<\/li>\n<li>Nincsenek sz\u00edvprobl\u00e9m\u00e1k vagy egy\u00e9b s\u00falyos eg\u00e9szs\u00e9g\u00fcgyi \u00e1llapotok.<\/li>\n<li>A legt\u00f6bb utaz\u00f3 r\u00e9szt vehet.<\/li>\n<\/ul>\n<h3><em>Lemond\u00e1si felt\u00e9telek<\/em><\/h3>\n<p>Para obtener un reembolso completo, cancele al menos 24 horas antes de la fecha de inicio de la experiencia. Los fondos se perder\u00e1n si la reserva se cancela el mismo d\u00eda del viaje.<\/p>\n\n\t\t<\/div>\n\t<\/div>\n<\/div><\/div><\/div><\/div><div class=\"vc_row wpb_row vc_row-fluid\" ><div class=\"wpb_column vc_column_container vc_col-sm-12\"><div class=\"vc_column-inner\"><div class=\"wpb_wrapper\">\n\t<div class=\"wpb_video_widget wpb_content_element vc_clearfix   vc_video-aspect-ratio-169 vc_video-el-width-100 vc_video-align-left\" >\n\t\t<div class=\"wpb_wrapper\">\n\t\t\t\n\t\t\t<div class=\"wpb_video_wrapper\"><iframe loading=\"lazy\" title=\"Los Haitises Nemzeti Park, t\u00far\u00e1k \u00e9s kir\u00e1ndul\u00e1sok Saman\u00e1b\u00f3l vagy Sabana de la Marb\u00f3l. Foglaljon itt:\" src=\"https:\/\/player.vimeo.com\/video\/346508015?dnt=1&amp;app_id=122963\" width=\"1100\" height=\"619\" frameborder=\"0\" allow=\"autoplay; fullscreen\" allowfullscreen><\/iframe><\/div>\n\t\t<\/div>\n\t<\/div>\n<\/div><\/div><\/div><\/div><div class=\"vc_row wpb_row vc_row-fluid\" ><div class=\"wpb_column vc_column_container vc_col-sm-12\"><div class=\"vc_column-inner\"><div class=\"wpb_wrapper\"><div class=\"vc_empty_space\"   style=\"height: 32px\"><span class=\"vc_empty_space_inner\"><\/span><\/div>\n\t<div class=\"wpb_text_column wpb_content_element\" >\n\t\t<div class=\"wpb_wrapper\">\n\t\t\t<h5>L\u00e9pjen kapcsolatba vel\u00fcnk?<br \/>\nKalandfoglal\u00e1sok<\/h5>\n<p><em><strong>Helyi \u00e9s orsz\u00e1gos idegenvezet\u0151k \u00e9s vend\u00e9gszolg\u00e1ltat\u00e1sok<\/strong><\/em><\/p>\n<p>Foglal\u00e1s: t\u00far\u00e1k \u00e9s kir\u00e1ndul\u00e1sok Dom. Reps.<\/p>\n<p>Tel\/Whatsapp +1-809-720-6035.<\/p>\n<p>info@bookingadventures.com.do<\/p>\n<p>Priv\u00e1t t\u00far\u00e1kat v\u00e9gz\u00fcnk rugalmas konfigur\u00e1ci\u00f3val a Whatsapp seg\u00edts\u00e9g\u00e9vel: +18097206035.<\/p>\n\n\t\t<\/div>\n\t<\/div>\n<div class=\"vc_empty_space\"   style=\"height: 32px\"><span class=\"vc_empty_space_inner\"><\/span><\/div><\/div><\/div><\/div><\/div>","protected":false},"excerpt":{"rendered":"<p>Esta excursi\u00f3n desde Santo Domingo al Parque Nacional Los Haitises incluye almuerzo y transporte para una visita a las cuevas principales, una exploraci\u00f3n de 2 ecosistemas de manglares diferentes y, por supuesto, la observaci\u00f3n de aves de pesca.<\/p>\n<p>Viaje al Parque Nacional Los Haitises con un gu\u00eda naturalista. Visitando los Cayos en el Parque Nacional Los Haitises, manglares, vegetaci\u00f3n, observaci\u00f3n de aves, cuevas, pictograf\u00edas y las \u00e1reas hist\u00f3ricas de Sabana de la Mar en el Parque Nacional Los Haitises.<\/p>\n<p><strong>K\u00e9rj\u00fck, v\u00e1lassza ki a t\u00fara id\u0151pontj\u00e1t:<\/strong><\/p>","protected":false},"featured_media":306,"template":"","meta":[],"product_brand":[],"product_cat":[286,122,443],"product_tag":[206,225,132,133,146,226],"class_list":{"0":"post-559","1":"product","2":"type-product","3":"status-publish","4":"has-post-thumbnail","6":"product_cat-los-haitises-tour-from-santo-domingo","7":"product_cat-tours-and-excursions","8":"product_cat-tours-y-excursiones-es","9":"product_tag-caves-los-haitises","10":"product_tag-las-terrenas","11":"product_tag-los-haitises","12":"product_tag-los-haitises-national-park","13":"product_tag-mangroves-los-haitises","14":"product_tag-transportation-los-haitises","16":"first","17":"instock","18":"sale","19":"sold-individually","20":"shipping-taxable","21":"product-type-external"},"_links":{"self":[{"href":"https:\/\/haitises.com\/hu\/wp-json\/wp\/v2\/product\/559","targetHints":{"allow":["GET"]}}],"collection":[{"href":"https:\/\/haitises.com\/hu\/wp-json\/wp\/v2\/product"}],"about":[{"href":"https:\/\/haitises.com\/hu\/wp-json\/wp\/v2\/types\/product"}],"wp:featuredmedia":[{"embeddable":true,"href":"https:\/\/haitises.com\/hu\/wp-json\/wp\/v2\/media\/306"}],"wp:attachment":[{"href":"https:\/\/haitises.com\/hu\/wp-json\/wp\/v2\/media?parent=559"}],"wp:term":[{"taxonomy":"product_brand","embeddable":true,"href":"https:\/\/haitises.com\/hu\/wp-json\/wp\/v2\/product_brand?post=559"},{"taxonomy":"product_cat","embeddable":true,"href":"https:\/\/haitises.com\/hu\/wp-json\/wp\/v2\/product_cat?post=559"},{"taxonomy":"product_tag","embeddable":true,"href":"https:\/\/haitises.com\/hu\/wp-json\/wp\/v2\/product_tag?post=559"}],"curies":[{"name":"wp","href":"https:\/\/api.w.org\/{rel}","templated":true}]}}