{"id":543,"date":"2020-06-14T19:18:13","date_gmt":"2020-06-14T19:18:13","guid":{"rendered":"http:\/\/haitises.com\/?post_type=product&#038;p=543"},"modified":"2024-08-22T05:45:22","modified_gmt":"2024-08-22T05:45:22","slug":"parque-nacional-los-haitises-desde-el-puerto-de-samana","status":"publish","type":"product","link":"https:\/\/haitises.com\/hu\/magan\/parque-nacional-los-haitises-desde-el-puerto-de-samana\/","title":{"rendered":"Los Haitises Nemzeti Park Saman\u00e1 kik\u00f6t\u0151j\u00e9b\u0151l"},"content":{"rendered":"<div class=\"vc_row wpb_row vc_row-fluid\" ><div class=\"wpb_column vc_column_container vc_col-sm-12\"><div class=\"vc_column-inner\"><div class=\"wpb_wrapper\">\n\t<div class=\"wpb_text_column wpb_content_element\" >\n\t\t<div class=\"wpb_wrapper\">\n\t\t\t<h2>Parque Nacional de los Haitises (Bah\u00eda de Saman\u00e1) desde el puerto de Saman\u00e1<\/h2>\n<ul>\n<li>Excursi\u00f3n en barco al Parque Nacional Los Haitises<br \/>\n<h3>Le\u00edr\u00e1s<\/h3>\n<p>Visite el parque nacional Los Haitises desde el puerto de Saman\u00e1. Ven con nosotros y visita el parque nacional m\u00e1s hermoso de la Rep\u00fablica Dominicana, visitando manglares, cuevas y la bah\u00eda de San Lorenzo, adem\u00e1s de cruzar la hermosa bah\u00eda de Saman\u00e1. Luego regreso al puerto de Saman\u00e1.<\/li>\n<\/ul>\n<p>Ezen \u00e9lm\u00e9ny ut\u00e1n visszat\u00e9rsz Saman\u00e1 kik\u00f6t\u0151j\u00e9be.<\/p>\n<ul>\n<li>Az ad\u00f3kat tartalmazza<br \/>\nAz \u00fatmutat\u00f3 oktat\u00e1st \u00e9s fel\u00fcgyeletet biztos\u00edt.<\/li>\n<li>Befoglal\u00e1sok \u00e9s kiz\u00e1r\u00e1sok<\/li>\n<\/ul>\n<h3>Z\u00e1rv\u00e1nyok<\/h3>\n<ol>\n<li>Los Haitises t\u00fara + barlangok \u00e9s piktogramok<\/li>\n<li>Minden ad\u00f3, d\u00edj \u00e9s kezel\u00e9si k\u00f6lts\u00e9g.<\/li>\n<li>Helyi ad\u00f3k<\/li>\n<li>Italok<\/li>\n<li>Minden tev\u00e9kenys\u00e9g<\/li>\n<li>Helyi idegenvezet\u0151<\/li>\n<\/ol>\n<h3>Kiz\u00e1r\u00e1sok<\/h3>\n<ol>\n<li>Tippek<\/li>\n<li>\u00c1truh\u00e1z\u00e1s<\/li>\n<li>Alkoholos italok<\/li>\n<li>Almuerzo no incluido, para el almuerzo incluye elegir uno de estos viajes: Los Haitises + Cayo Levantado desde el puerto de Saman\u00e1 o Los Haitises + Cano Hondo desde el puerto de Saman\u00e1.<\/li>\n<\/ol>\n<h3>Indul\u00e1s \u00e9s visszat\u00e9r\u00e9s<\/h3>\n<p>Az utaz\u00f3 a foglal\u00e1si folyamat ut\u00e1n tal\u00e1lkoz\u00e1si pontot kap. A t\u00far\u00e1k tal\u00e1lkoz\u00e1si pontjainkon kezd\u0151dnek \u00e9s \u00e9rnek v\u00e9get.<\/p>\n<h3>Mire sz\u00e1m\u00edthatok?<\/h3>\n<p>Obtenga sus boletos para visitar el Parque Nacional Los Haitises con un maravilloso almuerzo en Ca\u00f1o Hondo y Nataci\u00f3n en los manantiales naturales.<\/p>\n<p>Comenzando desde el puerto de Saman\u00e1 a bordo de un bote o catamar\u00e1n con un gu\u00eda tur\u00edstico local, pasamos la bah\u00eda de Saman\u00e1 al lado de Sabana de la Mar para visitar uno de los parques nacionales m\u00e1s bellos de la Rep\u00fablica Dominicana. El parque nacional de Haitises.<\/p>\n<p>Visitando la isla con p\u00e1jaros alrededor. En la temporada de anidaci\u00f3n, incluso podemos ver los pollitos pel\u00edcanos en los nidos. Entrar m\u00e1s en la isla rocosa y visitar las cuevas con pictograf\u00edas y petr\u00f3grafos de los pueblos ind\u00edgenas.<\/p>\n<p>El recorrido, organizado por \u00abBooking Adventures\u00bb, comienza en el punto de encuentro establecido con el gu\u00eda tur\u00edstico. Ven con Booking Adventures y comienza a observar algunos manglares llenos de p\u00e1jaros, colinas onduladas de exuberante vegetaci\u00f3n y cuevas del Parque Nacional Los Haitises.<\/p>\n<p>A ny\u00edlt San Lorenzo-\u00f6b\u00f6lben a mangrov\u00e9kon \u00e9s a sz\u00e1razf\u00f6ld\u00f6n kereszt\u00fcl, ahonnan fot\u00f3zhatja a zord erdei t\u00e1jat. N\u00e9zzen ki a v\u00edzbe, \u00e9s n\u00e9zzen meg lamantinokat, r\u00e1kf\u00e9l\u00e9ket \u00e9s delfineket.<\/p>\n<p>El nombre del parque nacional proviene de sus habitantes originales, los indios ta\u00ednos. En su idioma, \u00abHaitises\u00bb se traduce en tierras altas o colinas, una referencia a las empinadas formaciones geol\u00f3gicas de la costa con calizas. Avent\u00farate en el parque para explorar cuevas como la Cueva de la Arena y la Cueva de la L\u00ednea. Las cuevas en la reserva fueron utilizadas como refugio por los indios ta\u00ednos y, m\u00e1s tarde, por los piratas escondidos. Busque dibujos de indios que decoran algunas de las paredes. Despu\u00e9s de visitar el Parque Nacional Los Haitises, regresaremos al puerto de Saman\u00e1 pasando la bah\u00eda de Saman\u00e1 30 minutos.<\/p>\n<p>Ha jobban szereti ezt az utaz\u00e1st, a k\u00f6vetkez\u0151 lehet\u0151s\u00e9gek \u00e1llnak rendelkez\u00e9s\u00e9re:<\/p>\n<p>Los Haitises + Cayo Levantado Saman\u00e1 kik\u00f6t\u0151j\u00e9b\u0151l.<br \/>\nLos Haitises + Cano Hondo desde el puerto de Saman\u00e1.<\/p>\n<h3>Mit vigy\u00e9l magaddal?<\/h3>\n<ul>\n<li>Kamera<\/li>\n<li>Brotes repelentes<\/li>\n<li>f\u00e9nyv\u00e9d\u0151 kr\u00e9m<\/li>\n<li>Kalap<\/li>\n<li>K\u00e9nyelmes nadr\u00e1g<\/li>\n<li>Erdei t\u00faracip\u0151<\/li>\n<li>Szand\u00e1l tavaszi ter\u00fcletekre.<\/li>\n<li>Vestido nadador<\/li>\n<\/ul>\n<h3>Sz\u00e1llodai \u00e1tv\u00e9tel<\/h3>\n<p>Ezen a t\u00far\u00e1n nem k\u00edn\u00e1lnak \u00e1tv\u00e9telt a sz\u00e1llod\u00e1b\u00f3l.<\/p>\n<p>Nota: Si realiza la reserva dentro de las 24 horas de la hora de salida del tour \/ excursi\u00f3n, podemos organizar la recogida del hotel con cargos adicionales. Una vez que se complete su compra, le enviaremos informaci\u00f3n de contacto completa (n\u00famero de tel\u00e9fono, direcci\u00f3n de correo electr\u00f3nico, etc.) para que nuestro gu\u00eda tur\u00edstico local organice los arreglos de recogida.<\/p>\n<h3>Tov\u00e1bbi inform\u00e1ci\u00f3k meger\u0151s\u00edt\u00e9se<\/h3>\n<ol>\n<li>A jegyek a t\u00fara kifizet\u00e9s\u00e9t k\u00f6vet\u0151 nyugt\u00e1k. A fizet\u00e9st a telefonon tudod megjelen\u00edteni.<\/li>\n<li>A tal\u00e1lkoz\u00e1si pontot a foglal\u00e1si folyamat ut\u00e1n kapjuk meg.<\/li>\n<li>A gyermekeket feln\u0151tt k\u00eds\u00e9ret\u00e9ben kell biztos\u00edtani.<\/li>\n<li>Kerekessz\u00e9kkel nem megk\u00f6zel\u00edthet\u0151<\/li>\n<li>Los infantes deben sentarse en el regazo<\/li>\n<li>H\u00e1tprobl\u00e9m\u00e1kkal k\u00fczd\u0151 utaz\u00f3knak nem aj\u00e1nlott.<\/li>\n<li>No recomendado para viajeros embarazadas.<\/li>\n<li>Sin problemas card\u00edacos u otras afecciones m\u00e9dicas graves.<\/li>\n<li>A legt\u00f6bb utaz\u00f3 r\u00e9szt vehet.<\/li>\n<\/ol>\n<h3>Lemond\u00e1si felt\u00e9telek<\/h3>\n<p>A teljes visszat\u00e9r\u00edt\u00e9shez legal\u00e1bb 24 \u00f3r\u00e1val az \u00e9lm\u00e9ny kezdete el\u0151tt mondd le.<\/p>\n<h3>L\u00e9pjen kapcsolatba vel\u00fcnk?<\/h3>\n<p>Kalandok foglal\u00e1sa<br \/>\nHelyi \u00e9s orsz\u00e1gos idegenvezet\u0151k \u00e9s vend\u00e9gszolg\u00e1ltat\u00e1sok<\/p>\n<p>Foglal\u00e1sok: T\u00far\u00e1k \u00e9s kir\u00e1ndul\u00e1sok Dom Rep.<\/p>\n<p>\ud83d\udcde Tel\/Whatsapp +1-809-720-6035.<\/p>\n<p>\ud83d\udce9 info@bookingadventures.com.do<\/p>\n<p>Hacemos tours privados con flexibilidad por Whatsapp: +18097206035.<\/p>\n\n\t\t<\/div>\n\t<\/div>\n<\/div><\/div><\/div><\/div><div class=\"vc_row wpb_row vc_row-fluid\" ><div class=\"wpb_column vc_column_container vc_col-sm-12\"><div class=\"vc_column-inner\"><div class=\"wpb_wrapper\"><div class=\"vc_empty_space\"   style=\"height: 32px\"><span class=\"vc_empty_space_inner\"><\/span><\/div>\n\t<div class=\"wpb_video_widget wpb_content_element vc_clearfix   vc_video-aspect-ratio-169 vc_video-el-width-100 vc_video-align-left\" >\n\t\t<div class=\"wpb_wrapper\">\n\t\t\t<h2 class=\"wpb_heading wpb_video_heading\">Los Haitises y M\u00e1s...<\/h2>\n\t\t\t<div class=\"wpb_video_wrapper\"><iframe loading=\"lazy\" title=\"Dominican Republic - Los Haitises caves (Tainos), Pictographs &amp; Petroglyphs\" width=\"1100\" height=\"619\" src=\"https:\/\/www.youtube.com\/embed\/o_ExYqtOlH8?feature=oembed\" frameborder=\"0\" allow=\"accelerometer; autoplay; encrypted-media; gyroscope; picture-in-picture\" allowfullscreen><\/iframe><\/div>\n\t\t<\/div>\n\t<\/div>\n<\/div><\/div><\/div><\/div>","protected":false},"excerpt":{"rendered":"<p>Viaje ecol\u00f3gico al Parque Nacional Los Haitises con un gu\u00eda local. Visitando los Cayos en el Parque Nacional Los Haitises, manglares, vegetaci\u00f3n, observaci\u00f3n de aves, cuevas, pictograf\u00edas y las \u00e1reas hist\u00f3ricas de Sabana de la Mar en el Parque Nacional Los Haitises.<\/p>\n<p>&nbsp;<\/p>\n<p><strong>Selecione la fecha de Su Visita:<\/strong><\/p>","protected":false},"featured_media":225,"template":"","meta":[],"product_brand":[],"product_cat":[121,435,430,443],"product_tag":[132,133,432,142,148,143],"class_list":{"0":"post-543","1":"product","2":"type-product","3":"status-publish","4":"has-post-thumbnail","6":"product_cat-mangroves","7":"product_cat-manglares","8":"product_cat-parque-nacional-los-haitises-samana","9":"product_cat-tours-y-excursiones-es","10":"product_tag-los-haitises","11":"product_tag-los-haitises-national-park","12":"product_tag-parque-nacional-los-haitises-samana","13":"product_tag-samana","14":"product_tag-samana-excursions","15":"product_tag-samana-tours","17":"first","18":"instock","19":"sale","20":"sold-individually","21":"shipping-taxable","22":"product-type-external"},"_links":{"self":[{"href":"https:\/\/haitises.com\/hu\/wp-json\/wp\/v2\/product\/543","targetHints":{"allow":["GET"]}}],"collection":[{"href":"https:\/\/haitises.com\/hu\/wp-json\/wp\/v2\/product"}],"about":[{"href":"https:\/\/haitises.com\/hu\/wp-json\/wp\/v2\/types\/product"}],"wp:featuredmedia":[{"embeddable":true,"href":"https:\/\/haitises.com\/hu\/wp-json\/wp\/v2\/media\/225"}],"wp:attachment":[{"href":"https:\/\/haitises.com\/hu\/wp-json\/wp\/v2\/media?parent=543"}],"wp:term":[{"taxonomy":"product_brand","embeddable":true,"href":"https:\/\/haitises.com\/hu\/wp-json\/wp\/v2\/product_brand?post=543"},{"taxonomy":"product_cat","embeddable":true,"href":"https:\/\/haitises.com\/hu\/wp-json\/wp\/v2\/product_cat?post=543"},{"taxonomy":"product_tag","embeddable":true,"href":"https:\/\/haitises.com\/hu\/wp-json\/wp\/v2\/product_tag?post=543"}],"curies":[{"name":"wp","href":"https:\/\/api.w.org\/{rel}","templated":true}]}}