{"id":42,"date":"2020-06-14T11:56:46","date_gmt":"2020-06-14T11:56:46","guid":{"rendered":"http:\/\/haitises.com\/product\/import-placeholder-for-8848\/"},"modified":"2024-04-24T19:14:25","modified_gmt":"2024-04-24T19:14:25","slug":"madarmegfigyeles-a-los-haitises-i-nemzeti-parkban","status":"publish","type":"product","link":"https:\/\/haitises.com\/hu\/magan\/madarmegfigyeles-a-los-haitises-i-nemzeti-parkban\/","title":{"rendered":"Mad\u00e1rmegfigyel\u00e9s a Los Haitises Nemzeti Parkban"},"content":{"rendered":"<div class=\"vc_row wpb_row vc_row-fluid\" ><div class=\"wpb_column vc_column_container vc_col-sm-12\"><div class=\"vc_column-inner\"><div class=\"wpb_wrapper\">[mkdf_section_title title_tag=\u00bb\u00bb disable_break_words=\u00bbno\u00bb subtitle_tag=\u00bb\u00bb title=\u00bbRidgway&#8217;s Hawk Tour\u00bb subtitle=\u00bbBirding in Los Haitises National Park\u00bb]<\/div><\/div><\/div><\/div><div class=\"vc_row wpb_row vc_row-fluid\" ><div class=\"wpb_column vc_column_container vc_col-sm-12\"><div class=\"vc_column-inner\"><div class=\"wpb_wrapper\">\n\t<div class=\"wpb_text_column wpb_content_element\" >\n\t\t<div class=\"wpb_wrapper\">\n\t\t\t<h4><b><i>\u00c1ttekint\u00e9s <\/i><\/b><\/h4>\n<section><\/section>\n<p><strong>Los Haitises Nemzeti Park<\/strong> a term\u00e9szetkedvel\u0151k \u00e9s mad\u00e1rmegfigyel\u0151k kedvelt c\u00e9lpontja, mert a biol\u00f3giai sokf\u00e9les\u00e9g \u00e9s az \u00e1llatvil\u00e1g gazdags\u00e1ga szempontj\u00e1b\u00f3l a legnagyobb jelent\u0151s\u00e9g\u0171, mind az endemizmus, mind a fajok sz\u00e1ma szempontj\u00e1b\u00f3l. Tr\u00f3pusi es\u0151erd\u0151 leny\u0171g\u00f6z\u0151 t\u00e1jakkal \u00e9s a Dominikai K\u00f6zt\u00e1rsas\u00e1g egyik legnagyobb \u00e9s legfontosabb term\u00e9szetv\u00e9delmi ter\u00fclete. Los Haitises sz\u00e1mos \u0151shonos, endemikus \u00e9s v\u00e1ndormad\u00e1rnak ad otthont, amelyek k\u00f6z\u00fcl n\u00e9h\u00e1ny igen ritka \u00e9s er\u0151sen vesz\u00e9lyeztetett. M\u00edg a legt\u00f6bben haj\u00f3val indulnak el, hogy felfedezz\u00e9k a parkot \u00e9s annak barlangjait, szigeteit \u00e9s \u00e9l\u0151vil\u00e1g\u00e1t.<\/p>\n<p>A Los Haitises Nemzeti Parkban 110 mad\u00e1rfajt v\u00e9d\u00fcnk. S\u00e9ta ebben a var\u00e1zslatos erd\u0151ben papag\u00e1jokat, Tody-kat, Ridgway-s\u00f3lymokat, barnamadarakat, kolibriket \u00e9s m\u00e9g sok m\u00e1st keresve. \u00c9rdekes t\u00f6rt\u00e9netet ny\u00fajtunk mindezekr\u0151l a madarakr\u00f3l, amelyeket a Humit-\u00f6sv\u00e9nyen l\u00e1that. Ismerj\u00fck a Ridgway's, Ashy Faced Owls \u00e9s m\u00e1s endemikus fajok foltjainak \u00e9l\u0151helyeit. Ez a t\u00fara a term\u00e9szetre \u00f6sszpontos\u00edt, \u00e9s jobban koncentr\u00e1l a vadon \u00e9l\u0151 \u00e1llatokr\u00f3l sz\u00f3l\u00f3 inform\u00e1ci\u00f3kra.<\/p>\n<p><strong>\u00c1ltal\u00e1ban ez egy priv\u00e1t t\u00fara az igaz\u00e1n magas sz\u00ednvonal\u00fa \u00e9lm\u00e9ny \u00e9rdek\u00e9ben.<\/strong><\/p>\n<h4><\/h4>\n<h4><b>Befoglal\u00e1sok \u00e9s kiz\u00e1r\u00e1sok<\/b><\/h4>\n<p><b>Z\u00e1rv\u00e1nyok<\/b><\/p>\n<ol>\n<li style=\"font-weight: 400;\">3 \u00f3r\u00e1s mad\u00e1rs\u00e9ta a park \u00f6sv\u00e9nyein<\/li>\n<li style=\"font-weight: 400;\"><span style=\"font-weight: 400;\">Minden ad\u00f3, d\u00edj \u00e9s kezel\u00e9si k\u00f6lts\u00e9g<\/span><\/li>\n<li style=\"font-weight: 400;\"><span style=\"font-weight: 400;\">Helyi ad\u00f3k<\/span><\/li>\n<li style=\"font-weight: 400;\">Tisztvisel\u0151k \u00d6kol\u00f3gus idegenvezet\u0151k angol\/spanyol nyelven<\/li>\n<\/ol>\n<p><b> Kiz\u00e1r\u00e1sok<\/b><\/p>\n<ol>\n<li style=\"font-weight: 400;\"><span style=\"font-weight: 400;\">h\u00e1lap\u00e9nz<\/span><\/li>\n<li style=\"font-weight: 400;\"><span style=\"font-weight: 400;\">\u00c1truh\u00e1z\u00e1s<\/span><\/li>\n<li style=\"font-weight: 400;\"><span style=\"font-weight: 400;\">Italok<\/span><\/li>\n<\/ol>\n<p>&nbsp;<\/p>\n<h4><em><strong>Indul\u00e1s \u00e9s vissza\u00fat<\/strong><\/em><\/h4>\n<p><span style=\"font-weight: 400;\">The tour, organized by \u00abBooking Adventures\u00bb starts at the meeting point set with the Tour Guide. The traveler will get a meeting point after the Reservation Process. Tours start and Finished in our meeting points.<\/span><\/p>\n<p>&nbsp;<\/p>\n<h4><b><i>Mi v\u00e1rhat\u00f3?<\/i><\/b><\/h4>\n<p><em><strong>Vedd meg a jegyed<\/strong><\/em> a Los Haitises Nemzeti Parkban mad\u00e1rmegfigyel\u00e9sre.<\/p>\n<p>Ez a kir\u00e1ndul\u00e1s a tal\u00e1lkoz\u00e1si pontt\u00f3l indul a Ridgway \u00f6sv\u00e9nyeken a f\u00e9szkel\u0151helyekre. 30 perc t\u00far\u00e1z\u00e1s \u00e9s a s\u00f3lymok megfigyel\u00e9se ut\u00e1n lehet\u0151s\u00e9g\u00fcnk van folytatni a t\u00far\u00e1z\u00e1st, \u00e9s megn\u00e9zni, hogy a Los Haitises Nemzeti Parkban \u00e9l\u0151 papag\u00e1jok, pikulettek \u00e9s m\u00e1s endemikus fajok is megtal\u00e1lhat\u00f3ak-e.<\/p>\n<p>Los Haitises Nemzeti Park csak k\u00e9t nyomvonalon madar\u00e1szik Sabana de la Marban. A Los Haitises Nemzeti Parkba vezet\u0151 \u00faton meg\u00e1llunk n\u00e9h\u00e1ny helyen, hogy m\u00e9g t\u00f6bb madarat l\u00e1thassunk.<\/p>\n<p>A San Lorenzo \u00f6b\u00f6lben voltunk.Megl\u00e1togatunk k\u00e9t barlangot, a Szomor\u00fa barlangot, a spanyol Cueva de la Arena-t; ebben a barlangban l\u00e1thatjuk a Tainos k\u00f6z\u00f6ss\u00e9gek petrograf\u00e1it, amelyek ezen a ter\u00fcleten tart\u00f3zkodtak. \u00e9s a barlangokat templomk\u00e9nt haszn\u00e1lt\u00e1k.<\/p>\n<p>Ezt k\u00f6vet\u0151en a Linea barlanghoz megy\u00fcnk, amely 2243 eredeti piktogramot tartalmaz, \u00e9s idegenvezet\u0151nk elmagyar\u00e1zza a r\u00e9g\u00e9szekt\u0151l kapott inform\u00e1ci\u00f3kat a piktogramokr\u00f3l.<\/p>\n<p>A haj\u00f3val visszamegy\u00fcnk a Pajaros-szigetre ( Mad\u00e1r-sziget), ahol a Los Haitises Nemzeti Park k\u00f6rny\u00e9k\u00e9n a legt\u00f6bb vizes \u00e9l\u0151 madarat l\u00e1thatjuk. Csak az\u00e9rt, mert nem minden mad\u00e1r van a v\u00edzben.<\/p>\n<p>A Los Haitises Nemzeti Parkban a madarakkal val\u00f3 4 \u00e9s f\u00e9l \u00f3r\u00e1s ismerked\u00e9s ut\u00e1n a kir\u00e1ndul\u00e1s ugyanott \u00e9r v\u00e9get, ahol elkezd\u0151d\u00f6tt.<\/p>\n<p><strong>Megjegyz\u00e9s: Ezek a t\u00far\u00e1k hivatalos \u00f6kol\u00f3gus idegenvezet\u0151kkel t\u00f6rt\u00e9nnek. K\u00e9rj\u00fck, foglaljon id\u0151ben, mert a parkban nincs t\u00fal sok szakember.<\/strong><\/p>\n<p>&nbsp;<\/p>\n<h4><em><strong>Mit vigy\u00e9l magaddal?<\/strong><\/em><\/h4>\n<ul>\n<li style=\"font-weight: 400;\"><span style=\"font-weight: 400;\">kamera<\/span><\/li>\n<li>Binokul\u00e1ris<\/li>\n<li style=\"font-weight: 400;\"><span style=\"font-weight: 400;\">Riaszt\u00f3 bimb\u00f3k<\/span><\/li>\n<li style=\"font-weight: 400;\"><span style=\"font-weight: 400;\">naptej<\/span><\/li>\n<li style=\"font-weight: 400;\"><span style=\"font-weight: 400;\">Kalap<\/span><\/li>\n<li style=\"font-weight: 400;\"><span style=\"font-weight: 400;\">K\u00e9nyelmes nadr\u00e1g<\/span><\/li>\n<li style=\"font-weight: 400;\"><span style=\"font-weight: 400;\">Erdei t\u00faracip\u0151<\/span><\/li>\n<li style=\"font-weight: 400;\"><span style=\"font-weight: 400;\">Szand\u00e1lok a tavaszi ter\u00fcletekre.<\/span><\/li>\n<li style=\"font-weight: 400;\"><span style=\"font-weight: 400;\">\u00dasz\u00f3ruha<\/span><\/li>\n<\/ul>\n<p>&nbsp;<\/p>\n<h4><b><i>Sz\u00e1llodai \u00e1tv\u00e9tel <\/i><\/b><\/h4>\n<p><span style=\"font-weight: 400;\">Ezen a t\u00far\u00e1n nem k\u00edn\u00e1lnak transzfert a sz\u00e1llod\u00e1b\u00f3l. <\/span><\/p>\n<p>&nbsp;<\/p>\n<p><b>Jegyzet:<\/b><span style=\"font-weight: 400;\"> Ha a t\u00fara\/kir\u00e1ndul\u00e1s indul\u00e1si id\u0151pontj\u00e1t\u00f3l sz\u00e1m\u00edtott 24 \u00f3r\u00e1n bel\u00fcl lefoglalja, fel\u00e1r ellen\u00e9ben gondoskodunk a sz\u00e1llodai \u00e1tv\u00e9telr\u0151l. Amint a v\u00e1s\u00e1rl\u00e1s befejez\u0151d\u00f6tt, elk\u00fcldj\u00fck \u00d6nnek a helyi idegenvezet\u0151nk teljes el\u00e9rhet\u0151s\u00e9gi adatait (telefonsz\u00e1m, e-mail c\u00edm stb.), hogy megszervezhess\u00fck az \u00e1tv\u00e9tel megszervez\u00e9s\u00e9t.<\/span><\/p>\n<h4><b><i>Tov\u00e1bbi inform\u00e1ci\u00f3k meger\u0151s\u00edt\u00e9se <\/i><\/b><\/h4>\n<ol>\n<li>A jegyek a t\u00fara befizet\u00e9s\u00e9t k\u00f6vet\u0151 nyugt\u00e1k. A fizet\u00e9st a telefonon tudod megjelen\u00edteni.<\/li>\n<li style=\"font-weight: 400;\"><span style=\"font-weight: 400;\">A tal\u00e1lkoz\u00e1si pontot a foglal\u00e1si folyamat ut\u00e1n veszik \u00e1t.<\/span><\/li>\n<li style=\"font-weight: 400;\"><span style=\"font-weight: 400;\">A gyermekeket feln\u0151tt k\u00eds\u00e9ret\u00e9ben kell biztos\u00edtani.<\/span><\/li>\n<li style=\"font-weight: 400;\"><span style=\"font-weight: 400;\"> Kerekessz\u00e9kkel nem megk\u00f6zel\u00edthet\u0151 <\/span><\/li>\n<li style=\"font-weight: 400;\"><span style=\"font-weight: 400;\">A csecsem\u0151knek \u00f6lben kell \u00fclni\u00fck <\/span><\/li>\n<li style=\"font-weight: 400;\"><span style=\"font-weight: 400;\">H\u00e1tprobl\u00e9m\u00e1kkal k\u00fczd\u0151 utaz\u00f3knak nem aj\u00e1nlott<\/span><\/li>\n<li style=\"font-weight: 400;\"><span style=\"font-weight: 400;\">Terhes utaz\u00f3knak nem aj\u00e1nlott <\/span><\/li>\n<li style=\"font-weight: 400;\"><span style=\"font-weight: 400;\"> Nincsenek sz\u00edvprobl\u00e9m\u00e1k vagy egy\u00e9b s\u00falyos eg\u00e9szs\u00e9g\u00fcgyi \u00e1llapotok <\/span><\/li>\n<li style=\"font-weight: 400;\"><span style=\"font-weight: 400;\">A legt\u00f6bb utaz\u00f3 r\u00e9szt vehet<\/span><\/li>\n<\/ol>\n<p>Ezt a t\u00far\u00e1t minimum 2 \u00e9s maximum 15 f\u0151 r\u00e9sz\u00e9re aj\u00e1nljuk. Kevesebb szem\u00e9ly eset\u00e9n k\u00e9rj\u00fck, vegye fel vel\u00fcnk a kapcsolatot.<\/p>\n<h4><b><i>Lemond\u00e1si felt\u00e9telek<\/i><\/b><\/h4>\n<p><span style=\"font-weight: 400;\">A teljes visszat\u00e9r\u00edt\u00e9shez legal\u00e1bb 24 \u00f3r\u00e1val az \u00e9lm\u00e9ny kezdete el\u0151tt mondd le.<\/span><\/p>\n\n\t\t<\/div>\n\t<\/div>\n<\/div><\/div><\/div><\/div><div class=\"vc_row wpb_row vc_row-fluid\" ><div class=\"wpb_column vc_column_container vc_col-sm-12\"><div class=\"vc_column-inner\"><div class=\"wpb_wrapper\">\n\t<div class=\"wpb_text_column wpb_content_element\" >\n\t\t<div class=\"wpb_wrapper\">\n\t\t\t<h4>L\u00e9pjen kapcsolatba vel\u00fcnk?<\/h4>\n<h5><em><strong>Kalandok foglal\u00e1sa<\/strong><\/em><\/h5>\n<p><em><strong>Helyiek<\/strong> \u00e9s <strong>Nemzetiek<\/strong> Idegenvezet\u0151k \u00e9s vend\u00e9gszolg\u00e1ltat\u00e1sok<\/em><\/p>\n<p><span class=\"text-turquoise\">Foglal\u00e1sok:<\/span> T\u00far\u00e1k \u00e9s kir\u00e1ndul\u00e1sok Dom. Rep.<\/p>\n<p><img decoding=\"async\" class=\"emoji\" draggable=\"false\" src=\"https:\/\/s.w.org\/images\/core\/emoji\/11.2.0\/svg\/1f4de.svg\" alt=\"\ud83d\udcde\" title=\"\"> Tel\/Whatsapp\u00a0 <a href=\"tel:+1-809-720-6035\">+1-809-720-6035<\/a>.<\/p>\n<p><img decoding=\"async\" class=\"emoji\" draggable=\"false\" src=\"https:\/\/s.w.org\/images\/core\/emoji\/11.2.0\/svg\/1f4e9.svg\" alt=\"\ud83d\udce9\" title=\"\"> <a href=\"mailto:info@bookingadventures.com.do\">info@bookingadventures.com.do<\/a><\/p>\n<p><strong>Rugalmasan \u00e1ll\u00edtjuk be a Whatsapp priv\u00e1t t\u00far\u00e1it: <a href=\"tel:+18097206035\">+18097206035.<\/a><\/strong><\/p>\n\n\t\t<\/div>\n\t<\/div>\n<\/div><\/div><\/div><\/div>","protected":false},"excerpt":{"rendered":"<p>Kir\u00e1ndul\u00e1s a Los Haitises Nemzeti Parkba egy helyi idegenvezet\u0151vel, amely a mad\u00e1rmegfigyel\u00e9sre + barlangokra koncentr\u00e1l. A Los Haitises Nemzeti Parkban tal\u00e1lhat\u00f3 \u00f6bl\u00f6k, mangrove, n\u00f6v\u00e9nyzet, mad\u00e1rvil\u00e1g, barlangok, piktogramok \u00e9s a Los Haitises Nemzeti Parkban tal\u00e1lhat\u00f3 Sabana de la Mar t\u00f6rt\u00e9nelmi ter\u00fcleteinek megl\u00e1togat\u00e1sa.<\/p>\n<p>&nbsp;<\/p>\n<p><em><strong>K\u00e9rj\u00fck, v\u00e1lassza ki a The Tour d\u00e1tum\u00e1t\u00a0<\/strong><\/em><\/p>","protected":false},"featured_media":177,"template":"","meta":[],"product_brand":[],"product_cat":[119,120,96,98,121,122,123,124],"product_tag":[176,177,178,179,180,181,182,183,184,185,186,132,187,133,188,189,190,191,192,114,142,147,193],"class_list":{"0":"post-42","1":"product","2":"type-product","3":"status-publish","4":"has-post-thumbnail","6":"product_cat-caves","7":"product_cat-fees-entrace","8":"product_cat-hiking","9":"product_cat-local-tour-guides","10":"product_cat-mangroves","11":"product_cat-tours-and-excursions","12":"product_cat-tours-excursions-los-haitises-national-park","13":"product_cat-tours-excursions-samana-bay-dominican-republic","14":"product_tag-biding-sabana-de-la-mar","15":"product_tag-birding","16":"product_tag-birding-dominican-republic","17":"product_tag-birding-in-los-haitises","18":"product_tag-birdwatching","19":"product_tag-birdwatching-dominicana","20":"product_tag-birdwtaching","21":"product_tag-boat-tour-birding","22":"product_tag-carretera-cano-hondo","23":"product_tag-eco-lodge-paraiso-cano-hondo","24":"product_tag-hire-a-guide-in-los-haitises","25":"product_tag-los-haitises","26":"product_tag-los-haitises-birding","27":"product_tag-los-haitises-national-park","28":"product_tag-los-haitises-national-park-birding-tour-from-punta-cana","29":"product_tag-los-haitises-national-park-cano-hondo","30":"product_tag-los-haitises-samana","31":"product_tag-nature","32":"product_tag-ridgways-hawk","33":"product_tag-sabana-de-la-mar","34":"product_tag-samana","35":"product_tag-samana-bay","36":"product_tag-wildlife","38":"first","39":"instock","40":"sale","41":"sold-individually","42":"shipping-taxable","43":"product-type-external"},"_links":{"self":[{"href":"https:\/\/haitises.com\/hu\/wp-json\/wp\/v2\/product\/42","targetHints":{"allow":["GET"]}}],"collection":[{"href":"https:\/\/haitises.com\/hu\/wp-json\/wp\/v2\/product"}],"about":[{"href":"https:\/\/haitises.com\/hu\/wp-json\/wp\/v2\/types\/product"}],"wp:featuredmedia":[{"embeddable":true,"href":"https:\/\/haitises.com\/hu\/wp-json\/wp\/v2\/media\/177"}],"wp:attachment":[{"href":"https:\/\/haitises.com\/hu\/wp-json\/wp\/v2\/media?parent=42"}],"wp:term":[{"taxonomy":"product_brand","embeddable":true,"href":"https:\/\/haitises.com\/hu\/wp-json\/wp\/v2\/product_brand?post=42"},{"taxonomy":"product_cat","embeddable":true,"href":"https:\/\/haitises.com\/hu\/wp-json\/wp\/v2\/product_cat?post=42"},{"taxonomy":"product_tag","embeddable":true,"href":"https:\/\/haitises.com\/hu\/wp-json\/wp\/v2\/product_tag?post=42"}],"curies":[{"name":"wp","href":"https:\/\/api.w.org\/{rel}","templated":true}]}}