{"id":11661,"date":"2023-10-04T07:40:08","date_gmt":"2023-10-04T07:40:08","guid":{"rendered":"http:\/\/haitises.com\/?post_type=product&#038;p=11661"},"modified":"2024-04-01T00:21:14","modified_gmt":"2024-04-01T00:21:14","slug":"day-pass-cano-hondo-natural-pools-lunch-included-3","status":"publish","type":"product","link":"https:\/\/haitises.com\/hu\/magan\/day-pass-cano-hondo-natural-pools-lunch-included-3\/","title":{"rendered":"Napijegy Ca\u00f1o Hondo - Term\u00e9szetes medenc\u00e9k \u00e9s eb\u00e9d benne van"},"content":{"rendered":"<div class=\"vc_row wpb_row vc_row-fluid\" ><div class=\"wpb_column vc_column_container vc_col-sm-12\"><div class=\"vc_column-inner\"><div class=\"wpb_wrapper\"><div class=\"vc_message_box vc_message_box-standard vc_message_box-rounded vc_color-info\" ><div class=\"vc_message_box-icon\"><i class=\"fas fa-info-circle\"><\/i><\/div><p>Alacsony \u00e1rak foglal\u00e1sa Cano Hondo szob\u00e1kban <a href=\"http:\/\/dominican-republic-hotels.com\/hotel\/cano-hondo-hotel-eco-lodge\/\" target=\"_blank\" rel=\"noopener\">Kattintson ide.<\/a><\/p>\n<\/div><div class=\"vc_btn3-container vc_btn3-inline\" ><button class=\"vc_general vc_btn3 vc_btn3-size-md vc_btn3-shape-rounded vc_btn3-style-modern vc_btn3-color-green\">FOGLALD LE MOST<\/button><\/div>\n\t<div class=\"wpb_text_column wpb_content_element\" >\n\t\t<div class=\"wpb_wrapper\">\n\t\t\t<div class=\"vc_row wpb_row vc_row-fluid\">\n<div class=\"wpb_column vc_column_container vc_col-sm-12\">\n<div class=\"vc_column-inner\">\n<div class=\"wpb_wrapper\">\n<div class=\"wpb_text_column wpb_content_element\">\n<div class=\"wpb_wrapper\">\n<h2 class=\"mkdf-single-product-title\">Day Pass Ca\u00f1o Hondo \u2013 Natural Pools &amp; Lunch Included<\/h2>\n<h4><b><i>Le\u00edr\u00e1s<\/i><\/b><\/h4>\n<p>Ca\u00f1o Hondo napijegy a term\u00e9szetes szabadt\u00e9ri medenc\u00e9inkbe, b\u00fcf\u00e9eb\u00e9ddel egy\u00fctt. Minden nap 8:30-t\u00f3l 17:00-ig.<\/p>\n<div class=\"wpb_text_column wpb_content_element\">\n<div class=\"wpb_wrapper\">\n<p>A medenc\u00e9k teljesen biol\u00f3giaiak, nincs sz\u00fcks\u00e9g kl\u00f3rra vagy vegyszerekre, amelyek saj\u00e1t term\u00e9szetes \u00f6kol\u00f3gi\u00e1t \u00e9s kiegyens\u00falyozott \u00f6kosziszt\u00e9m\u00e1t alak\u00edtanak ki az\u00e1ltal, hogy bizonyos m\u00f3don tervezt\u00e9k \u00e9s \u00e9p\u00edtett\u00e9k \u0151ket. Amikor az egyens\u00falyt el\u00e9rj\u00fck, a v\u00edz term\u00e9szetes m\u00f3don tiszta lesz, mint egy hegyi t\u00f3ban.<\/p>\n<\/div>\n<\/div>\n<div class=\"wpb_text_column wpb_content_element\">\n<div class=\"wpb_wrapper\">\n<p><strong>\u00c9lvezze a term\u00e9szetes \u00f6ko-medenc\u00e9ket, amelyek gy\u00f6ny\u00f6r\u0171en illeszkednek a b\u00e9k\u00e9s \u00e9s eredeti t\u00e1jba a Los Haitises Nemzeti Parkban, Sabana de la Marban. <\/strong><\/p>\n<p style=\"text-align: center;\"><strong>T\u00f6lts\u00f6n el egy csod\u00e1latos napot csal\u00e1dj\u00e1val vagy bar\u00e1taival.<\/strong><\/p>\n<\/div>\n<\/div>\n<p>&nbsp;<\/p>\n<h3><b>Bevon\u00e1s \u00e9s kiz\u00e1r\u00e1sok<\/b><\/h3>\n<p><b>Z\u00e1rv\u00e1nyok<\/b><\/p>\n<ol>\n<li>Eb\u00e9d - b\u00fcf\u00e9<\/li>\n<li>Bel\u00e9p\u00e9s a term\u00e9szetes \u00fasz\u00f3medenc\u00e9kbe<\/li>\n<\/ol>\n<p><b>Kiz\u00e1r\u00e1sok (nem tartalmazza)<\/b><\/p>\n<ol>\n<li>Sz\u00e1ll\u00edt\u00e1s<\/li>\n<li>Alkoholos italok<\/li>\n<\/ol>\n<p>&nbsp;<\/p>\n<h4><em><strong>Mi\u00e9rt \u00e9rdemes megvenni a jegyet?<\/strong><\/em><\/h4>\n<p>K\u00e9rj\u00fck, hogy el\u0151zetesen foglaljon asztalt, hogy helyet tudjunk biztos\u00edtani \u00e9tterm\u00fcnkben, \u00e9s elk\u00e9sz\u00edthess\u00fck az eb\u00e9db\u00fcf\u00e9t az \u00d6n sz\u00e1m\u00e1ra. A foglal\u00e1s ut\u00e1n k\u00e9pvisel\u0151ink felveszik \u00d6nnel a kapcsolatot, hogy tov\u00e1bbi inform\u00e1ci\u00f3kat adjanak - Hogyan juthat el hozz\u00e1nk, mi az eb\u00e9db\u00fcf\u00e9 men\u00fcje, \u00e9s v\u00e1laszolnak minden k\u00e9rd\u00e9s\u00e9re.<\/p>\n<p><strong>Megjegyz\u00e9s: 3 \u00e9v alatti gyermekek sz\u00e1m\u00e1ra ingyenes. A 4 \u00e9s 10 \u00e9v k\u00f6z\u00f6tti gyermekek csak f\u00e9l\u00e1rat fizetnek.<\/strong><\/p>\n<h2 style=\"text-align: center;\"><strong>\u00c1sv\u00e1nyvizes medenc\u00e9k, amelyeket a r\u00e9szletekre \u00e9s a kreativit\u00e1sra val\u00f3 odafigyel\u00e9ssel terveztek \u00e9s \u00e9p\u00edtettek.<\/strong><\/h2>\n<p><strong>Id\u0151:<\/strong><\/p>\n<p>8:30 am &#8211; 5:00 pm<\/p>\n<p>&nbsp;<\/p>\n<h4><em><strong>Mit \u00e9rdemes magaddal vinned?<\/strong><\/em><\/h4>\n<ul>\n<li>Kamera<\/li>\n<li>\u00a0Repellens<\/li>\n<li>Napkr\u00e9m<\/li>\n<\/ul>\n<p>&nbsp;<\/p>\n<h4><i>Sz\u00e1ll\u00edt\u00e1s: <\/i><\/h4>\n<p>A sz\u00e1ll\u00edt\u00e1s nem tartalmazza.<\/p>\n<p><b>Megjegyz\u00e9s: Ha \u00e1tutal\u00e1st szeretne, k\u00e9rj\u00fck, vegye fel vel\u00fcnk a kapcsolatot.<\/b><\/p>\n<h4><b><i>Lemond\u00e1si szab\u00e1lyzat<\/i><\/b><\/h4>\n<p>For a full refund please read our Cancelations Policies in the website footer.<\/p>\n<\/div>\n<\/div>\n<\/div>\n<\/div>\n<\/div>\n<\/div>\n<div class=\"vc_row wpb_row vc_row-fluid\">\n<div class=\"wpb_column vc_column_container vc_col-sm-12\">\n<div class=\"vc_column-inner\">\n<div class=\"wpb_wrapper\">\n<div class=\"wpb_text_column wpb_content_element\">\n<div class=\"wpb_wrapper\">\n<p>&nbsp;<\/p>\n<h3 style=\"text-align: center;\">Sz\u00e1mos tev\u00e9kenys\u00e9get \u00e9s kir\u00e1ndul\u00e1st is \u00e9lvezhet a helyi idegenvezet\u0151vel.<\/h3>\n<p><strong>A tev\u00e9kenys\u00e9gek list\u00e1ja:<\/strong><br \/>\nZip lining<br \/>\nSziklafal m\u00e1sz\u00e1s<br \/>\nLovagl\u00e1s<br \/>\nVezetett vagy \u00f6n\u00e1ll\u00f3 t\u00far\u00e1k a Los Haitisesben<br \/>\nKajakoz\u00e1s a Los Haitisesben<br \/>\nVezetett haj\u00f3kir\u00e1ndul\u00e1sok Los Haitisesben<br \/>\nB\u00e1lnafigyel\u00e9s (janu\u00e1r 15-t\u0151l - m\u00e1rcius 20-ig)<br \/>\nVezetett mad\u00e1rmegfigyel\u00e9s<br \/>\nCayo Levantado\/Bacardi sziget<br \/>\nVadvil\u00e1g \u00e9s term\u00e9szet<br \/>\nV\u00edzes\u00e9sek El Limon, Samana<\/p>\n<p><strong>A tev\u00e9kenys\u00e9gekkel \u00e9s kir\u00e1ndul\u00e1sokkal kapcsolatos tov\u00e1bbi inform\u00e1ci\u00f3k\u00e9rt k\u00e9rj\u00fck, l\u00e9pjen kapcsolatba vel\u00fcnk. Is You Can <a href=\"http:\/\/haitises.com\/hu\/\">Foglaljon itt.<\/a><\/strong><\/p>\n<h4><b><i>Lemond\u00e1si felt\u00e9telek<\/i><\/b><\/h4>\n<p>A teljes visszat\u00e9r\u00edt\u00e9shez k\u00e9rj\u00fck, olvassa el a Lemond\u00e1si szab\u00e1lyzatunkat.\u00a0<a href=\"https:\/\/www.ticketswhales.com\/online-booking\/\" target=\"_blank\" rel=\"noopener\" data-saferedirecturl=\"https:\/\/www.google.com\/url?q=https:\/\/www.ticketswhales.com\/online-booking\/&amp;source=gmail&amp;ust=1672449202351000&amp;usg=AOvVaw1yAeVAPktmaVCqDujgUn90\">Kattintson ide<\/a>. A p\u00e9nz\u00f6sszegek elvesznek, ha a foglal\u00e1s lemond\u00e1sa az utaz\u00e1s napj\u00e1n t\u00f6rt\u00e9nik.<\/p>\n<\/div>\n<\/div>\n<\/div>\n<\/div>\n<\/div>\n<\/div>\n\n\t\t<\/div>\n\t<\/div>\n<\/div><\/div><\/div><\/div><div class=\"vc_row wpb_row vc_row-fluid\" ><div class=\"wpb_column vc_column_container vc_col-sm-12\"><div class=\"vc_column-inner\"><div class=\"wpb_wrapper\"><div class=\"vc_btn3-container vc_btn3-inline\" ><button class=\"vc_general vc_btn3 vc_btn3-size-md vc_btn3-shape-rounded vc_btn3-style-modern vc_btn3-color-green\">FOGLALD LE MOST<\/button><\/div><\/div><\/div><\/div><\/div>","protected":false},"excerpt":{"rendered":"<p>V\u00e1s\u00e1roljon napijegyet Term\u00e9szetes \u00fasz\u00f3medenc\u00e9k a Ca\u00f1o Hondo Hotelben a Los Haitises Nemzeti Parkban, Sabana de la Mar. Az eb\u00e9det tartalmazza.<\/p>\n<p>Tov\u00e1bbi inform\u00e1ci\u00f3\u00e9rt k\u00e9rj\u00fck, l\u00e9pjen kapcsolatba vel\u00fcnk.<\/p>","protected":false},"featured_media":435,"template":"","meta":[],"product_brand":[],"product_cat":[15,565,135,572],"product_tag":[339,126,340,341,132,133,200,342,343,114,142,143],"class_list":{"0":"post-11661","1":"product","2":"type-product","3":"status-publish","4":"has-post-thumbnail","6":"product_cat-uncategorized","7":"product_cat-1-sabana-de-la-mar","8":"product_cat-lunch","9":"product_cat-natural-pools-los-haitises","10":"product_tag-altos-cano-hondo","11":"product_tag-cano-hondo","12":"product_tag-cano-hondo-day-pass","13":"product_tag-cano-hondo-sabana-de-la-mar","14":"product_tag-los-haitises","15":"product_tag-los-haitises-national-park","16":"product_tag-los-haitises-tours","17":"product_tag-paraiso-cano-hondo","18":"product_tag-parque-los-haitises","19":"product_tag-sabana-de-la-mar","20":"product_tag-samana","21":"product_tag-samana-tours","23":"first","24":"instock","25":"sale","26":"sold-individually","27":"shipping-taxable","28":"product-type-external"},"_links":{"self":[{"href":"https:\/\/haitises.com\/hu\/wp-json\/wp\/v2\/product\/11661","targetHints":{"allow":["GET"]}}],"collection":[{"href":"https:\/\/haitises.com\/hu\/wp-json\/wp\/v2\/product"}],"about":[{"href":"https:\/\/haitises.com\/hu\/wp-json\/wp\/v2\/types\/product"}],"wp:featuredmedia":[{"embeddable":true,"href":"https:\/\/haitises.com\/hu\/wp-json\/wp\/v2\/media\/435"}],"wp:attachment":[{"href":"https:\/\/haitises.com\/hu\/wp-json\/wp\/v2\/media?parent=11661"}],"wp:term":[{"taxonomy":"product_brand","embeddable":true,"href":"https:\/\/haitises.com\/hu\/wp-json\/wp\/v2\/product_brand?post=11661"},{"taxonomy":"product_cat","embeddable":true,"href":"https:\/\/haitises.com\/hu\/wp-json\/wp\/v2\/product_cat?post=11661"},{"taxonomy":"product_tag","embeddable":true,"href":"https:\/\/haitises.com\/hu\/wp-json\/wp\/v2\/product_tag?post=11661"}],"curies":[{"name":"wp","href":"https:\/\/api.w.org\/{rel}","templated":true}]}}