{"id":11645,"date":"2023-10-04T07:39:47","date_gmt":"2023-10-04T07:39:47","guid":{"rendered":"http:\/\/haitises.com\/?post_type=product&#038;p=11645"},"modified":"2024-04-01T15:15:40","modified_gmt":"2024-04-01T15:15:40","slug":"samana-cayo-levantado-bacardi-island-and-whale-watching-from-miches-in-catamaran-3","status":"publish","type":"product","link":"https:\/\/haitises.com\/hu\/magan\/samana-cayo-levantado-bacardi-island-and-whale-watching-from-miches-in-catamaran-3\/","title":{"rendered":"Saman\u00e1 Cayo Levantado (Bacardi Island) and Whale Watching from Miches in Catamaran"},"content":{"rendered":"<div class=\"vc_row wpb_row vc_row-fluid\" ><div class=\"wpb_column vc_column_container vc_col-sm-12\"><div class=\"vc_column-inner\"><div class=\"wpb_wrapper\">\n\t<div class=\"wpb_text_column wpb_content_element\" >\n\t\t<div class=\"wpb_wrapper\">\n\t\t\t<p><span style=\"vertical-align: inherit;\"><span style=\"vertical-align: inherit;\"><\/p>\n\n\t\t<\/div>\n\t<\/div>\n<\/div><\/div><\/div><\/div><div class=\"vc_row wpb_row vc_row-fluid\" ><\/div><div class=\"wpb_column vc_column_container vc_col-sm-12\"><div class=\"vc_column-inner\"><div class=\"wpb_wrapper\"><\/div><\/div><\/div><div class=\"vc_row wpb_row vc_row-fluid\" ><\/div><div class=\"wpb_column vc_column_container vc_col-sm-12\"><div class=\"vc_column-inner\"><div class=\"wpb_wrapper\"><div class=\"vc_btn3-container vc_btn3-inline\" ><button class=\"vc_general vc_btn3 vc_btn3-size-md vc_btn3-shape-rounded vc_btn3-style-modern vc_btn3-color-green\">FOGLALD LE MOST<\/button><\/div><\/div><\/div><\/div>[mkdf_section_title title_tag=\u00bb\u00bb disable_break_words=\u00bbno\u00bb title=\u00bbCayo Levantado + Avistamiento de ballenas de Miches en catamar\u00e1n\u00bb]<div class=\"vc_empty_space\"   style=\"height: 32px\"><span class=\"vc_empty_space_inner\"><\/span><\/div>\n\t<div class=\"wpb_text_column wpb_content_element\" >\n\t\t<div class=\"wpb_wrapper\">\n\t\t\t<p>\u00a0<\/span><\/span><\/p>\n<div class=\"vc_empty_space\"><\/div>\n<div class=\"wpb_text_column wpb_content_element\">\n<div class=\"wpb_wrapper\">\n<div class=\"vc_row wpb_row vc_row-fluid\">\n<div class=\"wpb_column vc_column_container vc_col-sm-12\">\n<div class=\"vc_column-inner\">\n<div class=\"wpb_wrapper\">\n<div class=\"wpb_text_column wpb_content_element\">\n<div class=\"wpb_wrapper\">\n<div class=\"vc_row wpb_row vc_row-fluid\">\n<div class=\"wpb_column vc_column_container vc_col-sm-12\">\n<div class=\"vc_column-inner\">\n<div class=\"wpb_wrapper\">\n<div class=\"wpb_text_column wpb_content_element\">\n<div class=\"wpb_wrapper\">\n<h4><a id=\"overview\" class=\"aal_anchor\" href=\"https:\/\/boattoursamana.com\/tour\/samana-cayo-levantado-bacardi-island-and-whale-watching-from-miches-in-catamaran\/#overview\" aria-hidden=\"true\" target=\"_blank\" rel=\"noopener\"><\/a><b><i>\u00c1ttekint\u00e9s<\/i><\/b><\/h4>\n<p>Whale watching in Saman\u00e1 bay starting from Miches port in Catamaran.\u00a0 This Trip starts at 9:00 Am and Finishes at 5:00 Pm. Meeting before in Our port at Miches. After aborting our Catamaran or Boat to visit the Whales in their own habitat.<\/p>\n<p>From 9:00 Am until 12:00-noon Whale watching observatory and After this Whale trip we will visit Bacardi Island \/ Cayo Levantado. In Bacardi Island, Lunch Buffet from typical Dominican Style will be provided. When lunch is finished you are allowed to swim until 4:30 pm. Tour will be finished at 5:00 pm at the same port where it will start.<\/p>\n<p>Note: This tour is Not Private.<strong>\u00a0For a Private tour please Contact us.<\/strong><\/p>\n<ul>\n<li>Whale Watching trip<\/li>\n<li>Entrance fees to Observatory<\/li>\n<li>Includes Buffet lunch on the beach<\/li>\n<li>Boat Transfer<\/li>\n<li>The Captain provides instruction and Supervision<\/li>\n<li>Tour Guide<\/li>\n<\/ul>\n<p>&nbsp;<\/p>\n<h4><a id=\"inclusions-exclusions\" class=\"aal_anchor\" href=\"https:\/\/boattoursamana.com\/tour\/samana-cayo-levantado-bacardi-island-and-whale-watching-from-miches-in-catamaran\/#inclusions-exclusions\" aria-hidden=\"true\" target=\"_blank\" rel=\"noopener\"><\/a><b>Befoglal\u00e1sok \u00e9s kiz\u00e1r\u00e1sok<\/b><\/h4>\n<p>&nbsp;<\/p>\n<p><b>Z\u00e1rv\u00e1nyok<\/b><\/p>\n<p>&nbsp;<\/p>\n<ol>\n<li>Buffet lunch on the beach<\/li>\n<li>Whale watching<\/li>\n<li>Tour Guide<\/li>\n<li>Catamaran or Boat Trip<\/li>\n<li>Minden ad\u00f3, d\u00edj \u00e9s kezel\u00e9si k\u00f6lts\u00e9g<\/li>\n<li>Helyi ad\u00f3k<\/li>\n<li>Italok<\/li>\n<li>Alkoholos italok<\/li>\n<\/ol>\n<p><b>Kiz\u00e1r\u00e1sok<\/b><\/p>\n<ol>\n<li>h\u00e1lap\u00e9nz<\/li>\n<li>Transfer Car<\/li>\n<\/ol>\n<p>&nbsp;<\/p>\n<h4><a id=\"departure-return\" class=\"aal_anchor\" href=\"https:\/\/boattoursamana.com\/tour\/samana-cayo-levantado-bacardi-island-and-whale-watching-from-miches-in-catamaran\/#departure-return\" aria-hidden=\"true\" target=\"_blank\" rel=\"noopener\"><\/a><em><strong>Indul\u00e1s \u00e9s vissza\u00fat<\/strong><\/em><\/h4>\n<p>A Foglal\u00e1si folyamat ut\u00e1n az utaz\u00f3 tal\u00e1lkoz\u00e1si pontot kap. A t\u00far\u00e1k tal\u00e1lkoz\u00e1si pontjainkon indulnak \u00e9s \u00e9rnek v\u00e9get.<\/p>\n<p>&nbsp;<\/p>\n<h4><a id=\"what-to-expect\" class=\"aal_anchor\" href=\"https:\/\/boattoursamana.com\/tour\/samana-cayo-levantado-bacardi-island-and-whale-watching-from-miches-in-catamaran\/#what-to-expect\" aria-hidden=\"true\" target=\"_blank\" rel=\"noopener\"><\/a><b><i>Mi v\u00e1rhat\u00f3?<\/i><\/b><\/h4>\n<p>&nbsp;<\/p>\n<p><em><strong>Vedd meg a jegyeidet<\/strong><\/em>\u00a0for a day Whale Watching tour in Saman\u00e1 bay starting from Miches in Catamaran with local drinks plus a wonderful lunch and beach time.<\/p>\n<p>The Daypass for whale watching, organized by \u201cBooking Adventures\u201d starts at the meeting point set with the Tour Guide. Lunch at the beach and you can stay as long as you want swimming around. If you are Vegan we also can set some food for you.<\/p>\n<p><strong>Timetable:<\/strong><\/p>\n<p>8:45 AM \u2013 5:00 PM<\/p>\n<p>&nbsp;<\/p>\n<h4><a id=\"what-you-should-bring\" class=\"aal_anchor\" href=\"https:\/\/boattoursamana.com\/tour\/samana-cayo-levantado-bacardi-island-and-whale-watching-from-miches-in-catamaran\/#what-you-should-bring\" aria-hidden=\"true\" target=\"_blank\" rel=\"noopener\"><\/a><em><strong>Mit vigy\u00e9l magaddal?<\/strong><\/em><\/h4>\n<ul>\n<li>kamera<\/li>\n<li>Riaszt\u00f3 bimb\u00f3k<\/li>\n<li>naptej<\/li>\n<li>Kalap<\/li>\n<li>K\u00e9nyelmes nadr\u00e1g<\/li>\n<li>Sandals to the \u00a0beach<\/li>\n<li>\u00dasz\u00f3ruha<\/li>\n<li>Cash for souvenirs<\/li>\n<\/ul>\n<p>&nbsp;<\/p>\n<h4><a id=\"hotel-pickup\" class=\"aal_anchor\" href=\"https:\/\/boattoursamana.com\/tour\/samana-cayo-levantado-bacardi-island-and-whale-watching-from-miches-in-catamaran\/#hotel-pickup\" aria-hidden=\"true\" target=\"_blank\" rel=\"noopener\"><\/a><b><i>Sz\u00e1llodai \u00e1tv\u00e9tel<\/i><\/b><\/h4>\n<p>Ezen a t\u00far\u00e1n nem k\u00edn\u00e1lnak transzfert a sz\u00e1llod\u00e1b\u00f3l.<\/p>\n<p>&nbsp;<\/p>\n<p><b>Jegyzet:<\/b>\u00a0Ha a t\u00fara\/kir\u00e1ndul\u00e1s indul\u00e1si id\u0151pontj\u00e1t\u00f3l sz\u00e1m\u00edtott 24 \u00f3r\u00e1n bel\u00fcl lefoglalja, fel\u00e1r ellen\u00e9ben gondoskodunk a sz\u00e1llodai \u00e1tv\u00e9telr\u0151l. Amint a v\u00e1s\u00e1rl\u00e1s befejez\u0151d\u00f6tt, elk\u00fcldj\u00fck \u00d6nnek a helyi idegenvezet\u0151nk teljes el\u00e9rhet\u0151s\u00e9gi adatait (telefonsz\u00e1m, e-mail c\u00edm stb.), hogy megszervezhess\u00fck az \u00e1tv\u00e9tel megszervez\u00e9s\u00e9t.<\/p>\n<h4><a id=\"additional-info-confirmation\" class=\"aal_anchor\" href=\"https:\/\/boattoursamana.com\/tour\/samana-cayo-levantado-bacardi-island-and-whale-watching-from-miches-in-catamaran\/#additional-info-confirmation\" aria-hidden=\"true\" target=\"_blank\" rel=\"noopener\"><\/a><b><i>Tov\u00e1bbi inform\u00e1ci\u00f3k meger\u0151s\u00edt\u00e9se<\/i><\/b><\/h4>\n<ol>\n<li>A jegyek a t\u00fara befizet\u00e9s\u00e9t k\u00f6vet\u0151 nyugt\u00e1k. A fizet\u00e9st a telefonon tudod megjelen\u00edteni.<\/li>\n<li>A tal\u00e1lkoz\u00e1si pontot a foglal\u00e1si folyamat ut\u00e1n veszik \u00e1t.<\/li>\n<li>A gyermekeket feln\u0151tt k\u00eds\u00e9ret\u00e9ben kell biztos\u00edtani.<\/li>\n<li>wheelchair accessible<\/li>\n<li>A csecsem\u0151knek \u00f6lben kell \u00fclni\u00fck<\/li>\n<li>A legt\u00f6bb utaz\u00f3 r\u00e9szt vehet<\/li>\n<\/ol>\n<h4><a id=\"cancellation-policy\" class=\"aal_anchor\" href=\"https:\/\/boattoursamana.com\/tour\/samana-cayo-levantado-bacardi-island-and-whale-watching-from-miches-in-catamaran\/#cancellation-policy\" aria-hidden=\"true\" target=\"_blank\" rel=\"noopener\"><\/a><b><i>Lemond\u00e1si felt\u00e9telek<\/i><\/b><\/h4>\n<p>A teljes visszat\u00e9r\u00edt\u00e9shez legal\u00e1bb 24 \u00f3r\u00e1val az \u00e9lm\u00e9ny kezdete el\u0151tt mondd le.<\/p>\n<\/div>\n<\/div>\n<\/div>\n<\/div>\n<\/div>\n<\/div>\n<\/div>\n<\/div>\n<\/div>\n<\/div>\n<\/div>\n<\/div>\n<div class=\"vc_row wpb_row vc_row-fluid\">\n<div class=\"wpb_column vc_column_container vc_col-sm-12\">\n<div class=\"vc_column-inner\">\n<div class=\"wpb_wrapper\">\n<div class=\"vc_empty_space\"><\/div>\n<div class=\"wpb_text_column wpb_content_element\">\n<div class=\"wpb_wrapper\">\n<h4><a id=\"contact-us\" class=\"aal_anchor\" href=\"https:\/\/boattoursamana.com\/tour\/samana-cayo-levantado-bacardi-island-and-whale-watching-from-miches-in-catamaran\/#contact-us\" aria-hidden=\"true\" target=\"_blank\" rel=\"noopener\"><\/a>L\u00e9pjen kapcsolatba vel\u00fcnk?<\/h4>\n<h5><\/h5>\n<p><em><strong>Helyiek<\/strong>\u00a0\u00e9s\u00a0<strong>Nemzetiek<\/strong>\u00a0Idegenvezet\u0151k \u00e9s vend\u00e9gszolg\u00e1ltat\u00e1sok<\/em><\/p>\n<p><span class=\"text-turquoise\">Foglal\u00e1sok:<\/span>\u00a0T\u00far\u00e1k \u00e9s kir\u00e1ndul\u00e1sok Dom. Rep.<\/p>\n<p><img decoding=\"async\" class=\"emoji\" title=\"Samana Cayo Levantado (Bacardi Island) and Whale Watching from Miches in Catamaran 1\" draggable=\"false\" src=\"https:\/\/s.w.org\/images\/core\/emoji\/11.2.0\/svg\/1f4de.svg\" alt=\"\ud83d\udcde\" \/> Tel\/Whatsapp <strong><a href=\"tel:+1 (829) 318-9463\">+1 (829) 318-9463.<\/a><\/strong><\/p>\n<p><img decoding=\"async\" class=\"emoji\" title=\"Samana Cayo Levantado (Bacardi Island) and Whale Watching from Miches in Catamaran 2\" draggable=\"false\" src=\"https:\/\/s.w.org\/images\/core\/emoji\/11.2.0\/svg\/1f4e9.svg\" alt=\"\ud83d\udce9\" \/>\u00a0<a href=\"mailto:reservabatour@gmail.com\">reservabatour@gmail.com<\/a><\/p>\n<p><strong>Rugalmasan \u00e1ll\u00edtjuk be a Whatsapp priv\u00e1t t\u00far\u00e1it:\u00a0<a href=\"tel:+1 (829) 318-9463\">+1 (829) 318-9463.<\/a><\/strong><\/p>\n<\/div>\n<\/div>\n<\/div>\n<\/div>\n<\/div>\n<\/div>\n<\/div>\n<\/div>\n\n\t\t<\/div>\n\t<\/div>\n<div class=\"vc_row wpb_row vc_row-fluid\" ><div class=\"wpb_column vc_column_container vc_col-sm-12\"><div class=\"vc_column-inner\"><div class=\"wpb_wrapper\"><div class=\"vc_btn3-container vc_btn3-inline\" ><button class=\"vc_general vc_btn3 vc_btn3-size-md vc_btn3-shape-rounded vc_btn3-style-modern vc_btn3-color-green\">FOGLALD LE MOST<\/button><\/div><\/div><\/div><\/div><\/div>","protected":false},"excerpt":{"rendered":"<p><span style=\"vertical-align: inherit;\"><span style=\"vertical-align: inherit;\">Whale Miches Tours &amp; Excursiones. <\/span><span style=\"vertical-align: inherit;\">Reserve sus boletos para el avistamiento de ballenas en la Bah\u00eda de Saman\u00e1, comenzando desde Miches y visitando Cayo Levantado, tambi\u00e9n conocida como Isla Bacard\u00ed para una aventura con pase de un d\u00eda.<\/span><\/span><\/p>\n<p>&nbsp;<\/p>\n<p><em><strong><span style=\"vertical-align: inherit;\"><span style=\"vertical-align: inherit;\">Seleccione la fecha de la excursi\u00f3n:<\/span><\/span><\/strong><\/em><\/p>","protected":false},"featured_media":11103,"template":"","meta":[],"product_brand":[],"product_cat":[124,588],"product_tag":[269,270,271,272,273,234,236,274,275,276],"class_list":{"0":"post-11645","1":"product","2":"type-product","3":"status-publish","4":"has-post-thumbnail","6":"product_cat-tours-excursions-samana-bay-dominican-republic","7":"product_cat-whale-watching-miches","8":"product_tag-miches-whale-watching","9":"product_tag-samana-dominican-republic","10":"product_tag-samana-whale-watching","11":"product_tag-samana-whale-watching-price","12":"product_tag-things-to-do-in-dominican-republic","13":"product_tag-whale-samana","14":"product_tag-whale-watching-dominican-republic","15":"product_tag-whale-watching-miches","16":"product_tag-whale-watching-miches-dominican-republic","17":"product_tag-when-to-see-whales-dominican-republic","19":"first","20":"instock","21":"sale","22":"shipping-taxable","23":"product-type-external"},"_links":{"self":[{"href":"https:\/\/haitises.com\/hu\/wp-json\/wp\/v2\/product\/11645","targetHints":{"allow":["GET"]}}],"collection":[{"href":"https:\/\/haitises.com\/hu\/wp-json\/wp\/v2\/product"}],"about":[{"href":"https:\/\/haitises.com\/hu\/wp-json\/wp\/v2\/types\/product"}],"wp:featuredmedia":[{"embeddable":true,"href":"https:\/\/haitises.com\/hu\/wp-json\/wp\/v2\/media\/11103"}],"wp:attachment":[{"href":"https:\/\/haitises.com\/hu\/wp-json\/wp\/v2\/media?parent=11645"}],"wp:term":[{"taxonomy":"product_brand","embeddable":true,"href":"https:\/\/haitises.com\/hu\/wp-json\/wp\/v2\/product_brand?post=11645"},{"taxonomy":"product_cat","embeddable":true,"href":"https:\/\/haitises.com\/hu\/wp-json\/wp\/v2\/product_cat?post=11645"},{"taxonomy":"product_tag","embeddable":true,"href":"https:\/\/haitises.com\/hu\/wp-json\/wp\/v2\/product_tag?post=11645"}],"curies":[{"name":"wp","href":"https:\/\/api.w.org\/{rel}","templated":true}]}}