{"id":11377,"date":"2021-08-15T20:09:01","date_gmt":"2021-08-15T20:09:01","guid":{"rendered":"http:\/\/haitises.com\/?post_type=product&#038;p=11377"},"modified":"2021-08-15T20:09:06","modified_gmt":"2021-08-15T20:09:06","slug":"excursion-whale-watching-cayo-levantado-from-punta-cana-cap-cana-private-tour-2","status":"publish","type":"product","link":"https:\/\/haitises.com\/hu\/magan\/excursion-whale-watching-cayo-levantado-from-punta-cana-cap-cana-private-tour-2\/","title":{"rendered":"Excursion Whale Watching + Cayo Levantado from Punta Cana\/Cap Cana (Private Tour )"},"content":{"rendered":"<div class=\"vc_row wpb_row vc_row-fluid\" ><div class=\"wpb_column vc_column_container vc_col-sm-12\"><div class=\"vc_column-inner\"><div class=\"wpb_wrapper\">\n\t<div class=\"wpb_text_column wpb_content_element\" >\n\t\t<div class=\"wpb_wrapper\">\n\t\t\t<div class=\"vc_row wpb_row vc_row-fluid\">\n<div class=\"wpb_column vc_column_container vc_col-sm-12\">\n<div class=\"vc_column-inner\">\n<div class=\"wpb_wrapper\">\n<div class=\"wpb_text_column wpb_content_element\">\n<div class=\"wpb_wrapper\">\n<h3>Excursion Whale Watching + Cayo Levantado from Punta Cana\/Cap Cana ( Private Tour )<\/h3>\n<p>Whale watching in Samana bay starting from Punta Cana\/Cap Cana hotels in Private transportation. This Trip starts between 6:00 &#8211; 8:00 Am and finishes around 7:00 Pm. After aborting our boat to visit the Whales in their own habitat. After this Whale trip we will visit Bacardi Island \/ Cayo Levantado (optional). In Bacardi Island, Lunch Buffet from a typical Dominican Style will be provided. When lunch is finished you are allowed to swim until 4:00 pm. Tour will be finished at the same port from where it will start at 5:00 pm. After this, we take you back to your hotel.<\/p>\n<p>Note: This is a Private Tour with a minimum payment of 540 USD. If you are less then 4 people, please contact us and we will send you a link where you can book this Tour. <strong><em>To join a group for whale watching with pick up in your hotel please<\/em> <\/strong><a href=\"https:\/\/www.ticketswhales.com\/Tours-Excursions\/tours-excursions-samana-bay-dominican-republic\/whale-watching-2020-in-punta-cana-to-samana-bay-cayo-levantado-bacardi-island-from-hotels\/\" target=\"_blank\" rel=\"noopener\">CLICK HERE.<\/a><\/p>\n<ul>\n<li>Whale Watching Private trip<\/li>\n<li>Entrance fees to Observatory<\/li>\n<li>Includes Buffet lunch on the beach<\/li>\n<li>Private Transfer from Hotels<\/li>\n<li>Private Boat Transfer<\/li>\n<li>The Captain provides instruction and Supervision<\/li>\n<li>Tour Guide<\/li>\n<\/ul>\n<p>&nbsp;<\/p>\n<h4><b>Befoglal\u00e1sok \u00e9s kiz\u00e1r\u00e1sok<\/b><\/h4>\n<p>&nbsp;<\/p>\n<p><b>Z\u00e1rv\u00e1nyok<\/b><\/p>\n<ol>\n<li>Buffet lunch on the beach<\/li>\n<li>Tour Guide<\/li>\n<li>Transfer Car<\/li>\n<li>Boat Trip<\/li>\n<li>Minden ad\u00f3, d\u00edj \u00e9s kezel\u00e9si k\u00f6lts\u00e9g<\/li>\n<li>Helyi ad\u00f3k<\/li>\n<li>Italok<\/li>\n<\/ol>\n<p><b>Kiz\u00e1r\u00e1sok<\/b><\/p>\n<ol>\n<li>h\u00e1lap\u00e9nz<\/li>\n<li>Alkoholos italok<\/li>\n<\/ol>\n<p>&nbsp;<\/p>\n<h4><em><strong>Indul\u00e1s \u00e9s vissza\u00fat<\/strong><\/em><\/h4>\n<p>The traveler will get a meeting point after the Reservation Process. Tours start and finished at the meeting point.<\/p>\n<p>&nbsp;<\/p>\n<h4><b><i>Mi v\u00e1rhat\u00f3?<\/i><\/b><\/h4>\n<p>&nbsp;<\/p>\n<p><em><strong>Vedd meg a jegyeidet<\/strong><\/em> for a day Whale Watching private from Cap Cana to Samana bay, plus a wonderful lunch and beach time.<\/p>\n<p>The Daypass for whale watching, organized by \u201cBooking Adventures\u201d starts at the meeting point set with the Tour Guide. Lunch at the beach and you can stay as long as you want swimming around. If you are Vegan we also can set some food for you.<\/p>\n<p><strong>Timetable:<\/strong><\/p>\n<p>Flexible<\/p>\n<p>&nbsp;<\/p>\n<h4><em><strong>Mit vigy\u00e9l magaddal?<\/strong><\/em><\/h4>\n<ul>\n<li>kamera<\/li>\n<li>Riaszt\u00f3 bimb\u00f3k<\/li>\n<li>naptej<\/li>\n<li>Kalap<\/li>\n<li>K\u00e9nyelmes nadr\u00e1g<\/li>\n<li>Sandals to the \u00a0beach<\/li>\n<li>\u00dasz\u00f3ruha<\/li>\n<li>Cash for souvenirs<\/li>\n<\/ul>\n<p>&nbsp;<\/p>\n<h4><b><i>Sz\u00e1llodai \u00e1tv\u00e9tel<\/i><\/b><\/h4>\n<p>Hotel pick-up is included for this tour. We Pick up in any hotel in Punta Cana\/ Cap Cana area.<\/p>\n<p>&nbsp;<\/p>\n<p><b>Jegyzet:<\/b> if you are booking within 24 hours of the tour\/Excursion departure time, we can arrangements hotel pick-up. Once your purchase is complete, we will send you complete contact information (phone number, email address, etc.) for our local Tour guide to organize pick-up arrangements.<\/p>\n<h4><b><i>Tov\u00e1bbi inform\u00e1ci\u00f3k meger\u0151s\u00edt\u00e9se<\/i><\/b><\/h4>\n<ol>\n<li>A jegyek a t\u00fara befizet\u00e9s\u00e9t k\u00f6vet\u0151 nyugt\u00e1k. A fizet\u00e9st a telefonon tudod megjelen\u00edteni.<\/li>\n<li>A tal\u00e1lkoz\u00e1si pontot a foglal\u00e1si folyamat ut\u00e1n veszik \u00e1t.<\/li>\n<li>A gyermekeket feln\u0151tt k\u00eds\u00e9ret\u00e9ben kell biztos\u00edtani.<\/li>\n<li>wheelchair accessible<\/li>\n<li>A csecsem\u0151knek \u00f6lben kell \u00fclni\u00fck<\/li>\n<li>A legt\u00f6bb utaz\u00f3 r\u00e9szt vehet<\/li>\n<\/ol>\n<h4><b><i>Lemond\u00e1si felt\u00e9telek<\/i><\/b><\/h4>\n<p>A teljes visszat\u00e9r\u00edt\u00e9shez legal\u00e1bb 24 \u00f3r\u00e1val az \u00e9lm\u00e9ny kezdete el\u0151tt mondd le.<\/p>\n<\/div>\n<\/div>\n<\/div>\n<\/div>\n<\/div>\n<\/div>\n<div class=\"vc_row wpb_row vc_row-fluid\">\n<div class=\"wpb_column vc_column_container vc_col-sm-12\">\n<div class=\"vc_column-inner\">\n<div class=\"wpb_wrapper\">\n<div class=\"wpb_text_column wpb_content_element\">\n<div class=\"wpb_wrapper\">\n<h4>L\u00e9pjen kapcsolatba vel\u00fcnk?<\/h4>\n<h5><b><i>TOUR WHALES SAMANA<\/i><\/b><\/h5>\n<p><em><strong>Helyiek<\/strong>\u00a0\u00e9s\u00a0<strong>Nemzetiek<\/strong>\u00a0Idegenvezet\u0151k \u00e9s vend\u00e9gszolg\u00e1ltat\u00e1sok<\/em><\/p>\n<p><span class=\"text-turquoise\">Foglal\u00e1sok:<\/span>\u00a0T\u00far\u00e1k \u00e9s kir\u00e1ndul\u00e1sok Dom. Rep.<\/p>\n<p><img decoding=\"async\" class=\"emoji\" draggable=\"false\" src=\"https:\/\/s.w.org\/images\/core\/emoji\/11.2.0\/svg\/1f4de.svg\" alt=\"\ud83d\udcde\" title=\"\">\u00a0Tel\/Whatsapp\u00a0\u00a0<a href=\"tel:+1-809-720-6035\">+1-809-720-6035<\/a>.<\/p>\n<p><img decoding=\"async\" class=\"emoji\" draggable=\"false\" src=\"https:\/\/s.w.org\/images\/core\/emoji\/11.2.0\/svg\/1f4e9.svg\" alt=\"\ud83d\udce9\" title=\"\">\u00a0<a href=\"mailto:info@bookingadventures.com.do\">info@bookingadventures.com.do<\/a><\/p>\n<p><strong>Rugalmasan \u00e1ll\u00edtjuk be a Whatsapp priv\u00e1t t\u00far\u00e1it:\u00a0<a href=\"tel:+18097206035\">+18097206035.<\/a><\/strong><\/p>\n<\/div>\n<\/div>\n<\/div>\n<\/div>\n<\/div>\n<\/div>\n\n\t\t<\/div>\n\t<\/div>\n<\/div><\/div><\/div><\/div>","protected":false},"excerpt":{"rendered":"<p>Book your trip for a Whale watching experience starting from Cap Cana on a Private trip With professionals ecologist tour Guides. If you will like to contact us for advice just email, Whatsapp or Calling is available.\u00a0 Please book with time your tickets. In the whales season are many bookings and we will like to have your tickets safe for you.<\/p>\n<p>Note: This is a Private Tour with a minimum payment of 540 USD. If you are less then 4 people, please contact us and we will send you a link where you can book this Tour. To join a group for whale watching with pick up in your hotel please <a href=\"https:\/\/www.ticketswhales.com\/Tours-Excursions\/tours-excursions-samana-bay-dominican-republic\/whale-watching-2020-in-punta-cana-to-samana-bay-cayo-levantado-bacardi-island-from-hotels\/\">CLICK HERE.<\/a><\/p>\n<p><strong>Please note<\/strong>: <em>Infants<\/em> (0 \u2013 23 months) free of charge, <em>Children<\/em> (2 \u2013 10 <em>years<\/em>)<\/p>\n<p><em><strong>Please Select the date for The Excursion:<\/strong><\/em><\/p>","protected":false},"featured_media":11179,"template":"","meta":[],"product_brand":[],"product_cat":[482,483,484,485],"product_tag":[260,486,487,142,488,271,489,393,490,234,236,395,491],"class_list":{"0":"post-11377","1":"product","2":"type-product","3":"status-publish","4":"has-post-thumbnail","6":"product_cat-cap-cana-whale-watching","7":"product_cat-outdoor-activities","8":"product_cat-water-activities","9":"product_cat-whale-watching","10":"product_tag-day-trip-punta-cana","11":"product_tag-private-punta-cana","12":"product_tag-punta-cana-whale-watching","13":"product_tag-samana","14":"product_tag-samana-tour","15":"product_tag-samana-whale-watching","16":"product_tag-whale","17":"product_tag-whale-punta-cana","18":"product_tag-whale-sabana-de-la-mar","19":"product_tag-whale-samana","20":"product_tag-whale-watching-dominican-republic","21":"product_tag-whale-watching-punta-cana","22":"product_tag-whales-trips","24":"first","25":"instock","26":"sale","27":"featured","28":"virtual","29":"sold-individually","30":"purchasable","31":"product-type-simple"},"_links":{"self":[{"href":"https:\/\/haitises.com\/hu\/wp-json\/wp\/v2\/product\/11377","targetHints":{"allow":["GET"]}}],"collection":[{"href":"https:\/\/haitises.com\/hu\/wp-json\/wp\/v2\/product"}],"about":[{"href":"https:\/\/haitises.com\/hu\/wp-json\/wp\/v2\/types\/product"}],"wp:featuredmedia":[{"embeddable":true,"href":"https:\/\/haitises.com\/hu\/wp-json\/wp\/v2\/media\/11179"}],"wp:attachment":[{"href":"https:\/\/haitises.com\/hu\/wp-json\/wp\/v2\/media?parent=11377"}],"wp:term":[{"taxonomy":"product_brand","embeddable":true,"href":"https:\/\/haitises.com\/hu\/wp-json\/wp\/v2\/product_brand?post=11377"},{"taxonomy":"product_cat","embeddable":true,"href":"https:\/\/haitises.com\/hu\/wp-json\/wp\/v2\/product_cat?post=11377"},{"taxonomy":"product_tag","embeddable":true,"href":"https:\/\/haitises.com\/hu\/wp-json\/wp\/v2\/product_tag?post=11377"}],"curies":[{"name":"wp","href":"https:\/\/api.w.org\/{rel}","templated":true}]}}