{"id":11319,"date":"2021-08-15T20:08:36","date_gmt":"2021-08-15T20:08:36","guid":{"rendered":"http:\/\/haitises.com\/?post_type=product&#038;p=11319"},"modified":"2021-08-15T20:08:42","modified_gmt":"2021-08-15T20:08:42","slug":"los-haitises-national-park-tour-from-samana-port-bacardi-island-cayo-levantado-2","status":"publish","type":"product","link":"https:\/\/haitises.com\/hu\/magan\/los-haitises-national-park-tour-from-samana-port-bacardi-island-cayo-levantado-2\/","title":{"rendered":"Los Haitises Nemzeti Park t\u00fara a Saman\u00e1 kik\u00f6t\u0151b\u0151l + Bacardi-sziget (Cayo Levantado)"},"content":{"rendered":"<div class=\"vc_row wpb_row vc_row-fluid\" ><div class=\"wpb_column vc_column_container vc_col-sm-12\"><div class=\"vc_column-inner\"><div class=\"wpb_wrapper\">[mkdf_section_title title_tag=\u00bb\u00bb disable_break_words=\u00bbno\u00bb subtitle_tag=\u00bb\u00bb title=\u00bbLos Haitises National Park Boat Tour + Cayo Levantado Island\u00bb subtitle=\u00bbEco Tours with Locals\u00bb]<\/div><\/div><\/div><\/div><div class=\"vc_row wpb_row vc_row-fluid\" ><div class=\"wpb_column vc_column_container vc_col-sm-12\"><div class=\"vc_column-inner\"><div class=\"wpb_wrapper\">\n\t<div class=\"wpb_text_column wpb_content_element\" >\n\t\t<div class=\"wpb_wrapper\">\n\t\t\t<h4><\/h4>\n<h2>Los Haitises Nemzeti Park t\u00fara a Saman\u00e1 kik\u00f6t\u0151b\u0151l + Bacardi-sziget (Cayo Levantado)<\/h2>\n<h4><b><i>\u00c1ttekint\u00e9s <\/i><\/b><\/h4>\n<p>Los Haitises Nemzeti Park a Saman\u00e1 kik\u00f6t\u0151t\u0151l indul, valamint eb\u00e9d a Bacardi-szigeten. J\u00f6jj\u00f6n el vel\u00fcnk, \u00e9s l\u00e1togasson el a Dominikai K\u00f6zt\u00e1rsas\u00e1g legszebb nemzeti parkj\u00e1ba, l\u00e1togasson el a mangrove-, barlang- \u00e9s a San Lorenzo-\u00f6b\u00f6lbe, valamint \u00e1tkeljen a gy\u00f6ny\u00f6r\u0171 Saman\u00e1-\u00f6b\u00f6l\u00f6n. Ezut\u00e1n vissza Saman\u00e1 ter\u00fclet\u00e9re, hogy l\u00e1togassa meg Bacardi sziget\u00e9t, eb\u00e9deljen a tengerparton \u00e9s \u00fasszon a Saman\u00e1-\u00f6b\u00f6l egyik legszebb strandj\u00e1n.<\/p>\n<p>Az \u00e9lm\u00e9ny ut\u00e1n visszajutsz Saman\u00e1 kik\u00f6t\u0151j\u00e9be.<\/p>\n<ul>\n<li style=\"font-weight: 400;\">A d\u00edjak benne vannak<\/li>\n<li>Eb\u00e9d a Bacardi-szigeten tartalmazza<\/li>\n<li style=\"font-weight: 400;\"><span style=\"font-weight: 400;\">Az \u00fatmutat\u00f3 oktat\u00e1st \u00e9s fel\u00fcgyeletet biztos\u00edt<\/span><\/li>\n<\/ul>\n<p>&nbsp;<\/p>\n<h4><b>Befoglal\u00e1sok \u00e9s kiz\u00e1r\u00e1sok<\/b><\/h4>\n<p><b>Z\u00e1rv\u00e1nyok<\/b><\/p>\n<ol>\n<li style=\"font-weight: 400;\">Los Haitises t\u00fara + barlangok \u00e9s piktogramok<\/li>\n<li>Eb\u00e9d a Cayo Levantado-ban (Bacardi-sziget), ha szereted a hasonl\u00f3 t\u00far\u00e1kat: Los Haitises + Ca\u00f1o Hondo<\/li>\n<li style=\"font-weight: 400;\"><span style=\"font-weight: 400;\">Minden ad\u00f3, d\u00edj \u00e9s kezel\u00e9si k\u00f6lts\u00e9g<\/span><\/li>\n<li style=\"font-weight: 400;\"><span style=\"font-weight: 400;\">Helyi ad\u00f3k<\/span><\/li>\n<li style=\"font-weight: 400;\"><span style=\"font-weight: 400;\">Italok<\/span><\/li>\n<li style=\"font-weight: 400;\"><span style=\"font-weight: 400;\">Minden tev\u00e9kenys\u00e9g<\/span><\/li>\n<li style=\"font-weight: 400;\"><span style=\"font-weight: 400;\">Helyi idegenvezet\u0151<\/span><\/li>\n<\/ol>\n<p><b> Kiz\u00e1r\u00e1sok<\/b><\/p>\n<ol>\n<li style=\"font-weight: 400;\"><span style=\"font-weight: 400;\">h\u00e1lap\u00e9nz<\/span><\/li>\n<li style=\"font-weight: 400;\"><span style=\"font-weight: 400;\">\u00c1truh\u00e1z\u00e1s<\/span><\/li>\n<li style=\"font-weight: 400;\"><span style=\"font-weight: 400;\">Alkoholos italok<\/span><\/li>\n<\/ol>\n<p>&nbsp;<\/p>\n<h4><em><strong>Indul\u00e1s \u00e9s vissza\u00fat<\/strong><\/em><\/h4>\n<p><span style=\"font-weight: 400;\">A Foglal\u00e1si folyamat ut\u00e1n az utaz\u00f3 tal\u00e1lkoz\u00e1si pontot kap. A t\u00far\u00e1k tal\u00e1lkoz\u00e1si pontjainkon indulnak \u00e9s \u00e9rnek v\u00e9get.<\/span><\/p>\n<p>&nbsp;<\/p>\n<h2>Los Haitises Nemzeti Park t\u00fara a Saman\u00e1 Port mas Bacardi-szigetr\u0151l (Cayo Levantado)<\/h2>\n<h4><b><i>Mi v\u00e1rhat\u00f3?<\/i><\/b><\/h4>\n<p><b><i>V<\/i><\/b>tart\u00f3zkod\u00f3<strong> Los Haitises Nemzeti Park<\/strong> egy csod\u00e1latos eb\u00e9ddel<strong> Cayo Levantado sziget<\/strong> \u00e9s \u00fasz\u00e1s a tengerparton. Indul\u00e1s <strong>Saman\u00e1 kik\u00f6t\u0151j\u00e9b\u0151l<\/strong> Haj\u00f3 vagy katamar\u00e1n fed\u00e9lzet\u00e9n helyi idegenvezet\u0151vel \u00e1thaladunk a Saman\u00e1-\u00f6b\u00f6l\u00f6n Sabana de la Mar oldal\u00e1ra, hogy megl\u00e1togassuk a Dominikai K\u00f6zt\u00e1rsas\u00e1g egyik legszebb nemzeti parkj\u00e1t. <em><strong>A Haitises Nemzeti Park<\/strong><\/em>.<\/p>\n<p>The tour, organized by \u00abBooking Adventures\u00bb starts at the meeting point set with the Tour Guide. Come with Booking Adventures and start checking some bird-filled mangroves, rolling hills of lush vegetation and caves of <em><strong>Los Haitises Nemzeti Park<\/strong><\/em>. A sziget l\u00e1togat\u00e1sa madarakkal. A f\u00e9szkel\u0151 id\u0151szakban m\u00e9g a Pelecanos fi\u00f3k\u00e1kat is l\u00e1thatjuk a f\u00e9szkeken. L\u00e1togassa meg a Szikl\u00e1s-szigeteket, \u00e9s l\u00e1togassa meg a barlangokat az \u0151slakosok piktogramjaival \u00e9s petrogr\u00e1fi\u00e1j\u00e1val.<\/p>\n<p>A ny\u00edlt San Lorenzo-\u00f6b\u00f6lben a mangrov\u00e9kon \u00e9s a Landon kereszt\u00fcl, ahonnan fot\u00f3zhatja a zord erdei t\u00e1jat. N\u00e9zzen a v\u00edzre, hogy \u00e9szrevegye <em><strong>Lamantinok<\/strong><\/em>, r\u00e1kf\u00e9l\u00e9k \u00e9s <em><strong>Delfinek.<\/strong><\/em><\/p>\n<h2><strong>Caves in Los Haitises National Park<\/strong><\/h2>\n<div class=\"body-description secondary\">\n<p>The national park\u2019s name comes from its original inhabitants, the Taino Indians. In their language \u201cHaitises\u201d translates to highlands or Hills, a reference to the coastline\u2019s steep geological formations with Limestones. Adventure deeper into the park to explore caves such as the <em><strong>Homokbarlang<\/strong><\/em> \u00e9s <strong><em>Vonal-barlang.<\/em><\/strong><\/p>\n<p>A rezerv\u00e1tumban l\u00e9v\u0151 barlangokat a taino indi\u00e1nok, majd k\u00e9s\u0151bb a kal\u00f3zok rejt\u0151zk\u00f6d\u0151k\u00e9nt haszn\u00e1lt\u00e1k. Keresse az indi\u00e1nok rajzait, amelyek d\u00edsz\u00edtik n\u00e9h\u00e1ny falat. A Los Haitises Nemzeti Park megl\u00e1togat\u00e1sa ut\u00e1n visszamegy\u00fcnk Saman\u00e1 kik\u00f6t\u0151j\u00e9be, a Saman\u00e1-\u00f6b\u00f6l mellett 30 percre elhaladunk, \u00e9s megl\u00e1togatjuk a Bacardi szigetet. Egy tipikus eb\u00e9det fogunk elfogyasztani a szigeten. Ha veg\u00e1n vagy, ne agg\u00f3dj, van \u00e9tel\u00fcnk is sz\u00e1modra!<\/p>\n<p>A teljes d\u00e9lut\u00e1ni \u00fasz\u00e1s \u00e9s a tengerparti h\u0171s\u00f6l\u00e9s ut\u00e1n az idegenvezet\u0151nk megjel\u00f6li az id\u0151t, hogy visszat\u00e9rjen Saman\u00e1 kik\u00f6t\u0151j\u00e9be.<\/p>\n<\/div>\n<p>Abban az esetben, ha hosszabb vagy r\u00f6videbb utaz\u00e1st szeretne, a k\u00f6vetkez\u0151 lehet\u0151s\u00e9gek \u00e1llnak rendelkez\u00e9s\u00e9re:<\/p>\n<ol>\n<li>Csak Los Haitises Saman\u00e1 kik\u00f6t\u0151j\u00e9b\u0151l.<\/li>\n<li>Los Haitises + Ca\u00f1o Hondo a Saman\u00e1 kik\u00f6t\u0151b\u0151l.<\/li>\n<\/ol>\n<p>&nbsp;<\/p>\n<h4><em><strong>Mit vigy\u00e9l magaddal?<\/strong><\/em><\/h4>\n<ul>\n<li style=\"font-weight: 400;\"><span style=\"font-weight: 400;\">kamera<\/span><\/li>\n<li style=\"font-weight: 400;\"><span style=\"font-weight: 400;\">Riaszt\u00f3 bimb\u00f3k<\/span><\/li>\n<li style=\"font-weight: 400;\"><span style=\"font-weight: 400;\">naptej<\/span><\/li>\n<li style=\"font-weight: 400;\"><span style=\"font-weight: 400;\">Kalap<\/span><\/li>\n<li style=\"font-weight: 400;\"><span style=\"font-weight: 400;\">K\u00e9nyelmes nadr\u00e1g<\/span><\/li>\n<li style=\"font-weight: 400;\"><span style=\"font-weight: 400;\">Erdei t\u00faracip\u0151<\/span><\/li>\n<li style=\"font-weight: 400;\"><span style=\"font-weight: 400;\">Szand\u00e1lok a tavaszi ter\u00fcletekre.<\/span><\/li>\n<li style=\"font-weight: 400;\"><span style=\"font-weight: 400;\">\u00dasz\u00f3ruha<\/span><\/li>\n<\/ul>\n<p>&nbsp;<\/p>\n<h4><b><i>Sz\u00e1llodai \u00e1tv\u00e9tel <\/i><\/b><\/h4>\n<p><span style=\"font-weight: 400;\">Ezen a t\u00far\u00e1n nem k\u00edn\u00e1lnak transzfert a sz\u00e1llod\u00e1b\u00f3l. <\/span><\/p>\n<p>&nbsp;<\/p>\n<p><b>Jegyzet:<\/b><span style=\"font-weight: 400;\"> Ha a t\u00fara\/kir\u00e1ndul\u00e1s indul\u00e1si id\u0151pontj\u00e1t\u00f3l sz\u00e1m\u00edtott 24 \u00f3r\u00e1n bel\u00fcl lefoglalja, fel\u00e1r ellen\u00e9ben gondoskodunk a sz\u00e1llodai \u00e1tv\u00e9telr\u0151l. Amint a v\u00e1s\u00e1rl\u00e1s befejez\u0151d\u00f6tt, elk\u00fcldj\u00fck \u00d6nnek a helyi idegenvezet\u0151nk teljes el\u00e9rhet\u0151s\u00e9gi adatait (telefonsz\u00e1m, e-mail c\u00edm stb.), hogy megszervezhess\u00fck az \u00e1tv\u00e9tel megszervez\u00e9s\u00e9t.<\/span><\/p>\n<h4><b><i>Tov\u00e1bbi inform\u00e1ci\u00f3k meger\u0151s\u00edt\u00e9se <\/i><\/b><\/h4>\n<ol>\n<li>A jegyek a t\u00fara befizet\u00e9s\u00e9t k\u00f6vet\u0151 nyugt\u00e1k. A fizet\u00e9st a telefonon tudod megjelen\u00edteni.<\/li>\n<li style=\"font-weight: 400;\"><span style=\"font-weight: 400;\">A tal\u00e1lkoz\u00e1si pontot a foglal\u00e1si folyamat ut\u00e1n veszik \u00e1t.<\/span><\/li>\n<li style=\"font-weight: 400;\"><span style=\"font-weight: 400;\">A gyermekeket feln\u0151tt k\u00eds\u00e9ret\u00e9ben kell biztos\u00edtani.<\/span><\/li>\n<li style=\"font-weight: 400;\"><span style=\"font-weight: 400;\"> Kerekessz\u00e9kkel nem megk\u00f6zel\u00edthet\u0151 <\/span><\/li>\n<li style=\"font-weight: 400;\"><span style=\"font-weight: 400;\">A csecsem\u0151knek \u00f6lben kell \u00fclni\u00fck <\/span><\/li>\n<li style=\"font-weight: 400;\"><span style=\"font-weight: 400;\">H\u00e1tprobl\u00e9m\u00e1kkal k\u00fczd\u0151 utaz\u00f3knak nem aj\u00e1nlott<\/span><\/li>\n<li style=\"font-weight: 400;\"><span style=\"font-weight: 400;\">Terhes utaz\u00f3knak nem aj\u00e1nlott <\/span><\/li>\n<li style=\"font-weight: 400;\"><span style=\"font-weight: 400;\"> Nincsenek sz\u00edvprobl\u00e9m\u00e1k vagy egy\u00e9b s\u00falyos eg\u00e9szs\u00e9g\u00fcgyi \u00e1llapotok <\/span><\/li>\n<li style=\"font-weight: 400;\"><span style=\"font-weight: 400;\">A legt\u00f6bb utaz\u00f3 r\u00e9szt vehet<\/span><\/li>\n<\/ol>\n<h4><b><i>Lemond\u00e1si felt\u00e9telek<\/i><\/b><\/h4>\n<p><span style=\"font-weight: 400;\">A teljes visszat\u00e9r\u00edt\u00e9shez legal\u00e1bb 24 \u00f3r\u00e1val az \u00e9lm\u00e9ny kezdete el\u0151tt mondd le. Az \u00f6sszeg elveszik, ha a foglal\u00e1st az utaz\u00e1s napj\u00e1n lemondj\u00e1k.<\/span><\/p>\n\n\t\t<\/div>\n\t<\/div>\n\n\t<div class=\"wpb_video_widget wpb_content_element vc_clearfix   vc_video-aspect-ratio-169 vc_video-el-width-100 vc_video-align-left\" >\n\t\t<div class=\"wpb_wrapper\">\n\t\t\t<h2 class=\"wpb_heading wpb_video_heading\">Los Haitises Nemzeti Park<\/h2>\n\t\t\t<div class=\"wpb_video_wrapper\"><iframe loading=\"lazy\" title=\"Los Haitises Nemzeti Park t\u00far\u00e1k \u00e9s kir\u00e1ndul\u00e1sok\" width=\"1100\" height=\"619\" src=\"https:\/\/www.youtube.com\/embed\/vMI4Ou81cd4?feature=oembed\" frameborder=\"0\" allow=\"accelerometer; autoplay; clipboard-write; encrypted-media; gyroscope; picture-in-picture\" allowfullscreen><\/iframe><\/div>\n\t\t<\/div>\n\t<\/div>\n<\/div><\/div><\/div><\/div><div class=\"vc_row wpb_row vc_row-fluid\" ><div class=\"wpb_column vc_column_container vc_col-sm-12\"><div class=\"vc_column-inner\"><div class=\"wpb_wrapper\"><div class=\"vc_empty_space\"   style=\"height: 32px\"><span class=\"vc_empty_space_inner\"><\/span><\/div>\n\t<div class=\"wpb_text_column wpb_content_element\" >\n\t\t<div class=\"wpb_wrapper\">\n\t\t\t<h4>L\u00e9pjen kapcsolatba vel\u00fcnk?<\/h4>\n<h5>Kalandok foglal\u00e1sa<\/h5>\n<p><em><strong>Helyiek<\/strong>\u00a0\u00e9s\u00a0<strong>Nemzetiek<\/strong>\u00a0Idegenvezet\u0151k \u00e9s vend\u00e9gszolg\u00e1ltat\u00e1sok<\/em><\/p>\n<p><span class=\"text-turquoise\">Foglal\u00e1sok:<\/span>\u00a0T\u00far\u00e1k \u00e9s kir\u00e1ndul\u00e1sok Dom. Rep.<\/p>\n<p><img decoding=\"async\" class=\"emoji\" draggable=\"false\" src=\"https:\/\/s.w.org\/images\/core\/emoji\/11.2.0\/svg\/1f4de.svg\" alt=\"\ud83d\udcde\" title=\"\">\u00a0Tel\/Whatsapp\u00a0\u00a0<a href=\"tel:+1-809-720-6035\">+1-809-720-6035<\/a>.<\/p>\n<p><img decoding=\"async\" class=\"emoji\" draggable=\"false\" src=\"https:\/\/s.w.org\/images\/core\/emoji\/11.2.0\/svg\/1f4e9.svg\" alt=\"\ud83d\udce9\" title=\"\">\u00a0<a href=\"mailto:info@bookingadventures.com.do\">info@bookingadventures.com.do<\/a><\/p>\n<p><strong>Rugalmasan \u00e1ll\u00edtjuk be a Whatsapp priv\u00e1t t\u00far\u00e1it:\u00a0<a href=\"tel:+18097206035\">+18097206035.<\/a><\/strong><\/p>\n\n\t\t<\/div>\n\t<\/div>\n<div class=\"vc_empty_space\"   style=\"height: 32px\"><span class=\"vc_empty_space_inner\"><\/span><\/div><\/div><\/div><\/div><\/div><div class=\"vc_row wpb_row vc_row-fluid\" ><div class=\"wpb_column vc_column_container vc_col-sm-12\"><div class=\"vc_column-inner\"><div class=\"wpb_wrapper\">[mkdf_section_title title_tag=\u00bb\u00bb disable_break_words=\u00bbno\u00bb subtitle_tag=\u00bb\u00bb title=\u00bbLos Haitises and Cayo Levantado Samana Tour\u00bb subtitle=\u00bbFrom Samana Port\u00bb]<div class=\"vc_empty_space\"   style=\"height: 32px\"><span class=\"vc_empty_space_inner\"><\/span><\/div><\/div><\/div><\/div><\/div><div class=\"vc_row wpb_row vc_row-fluid\" ><div class=\"wpb_column vc_column_container vc_col-sm-12\"><div class=\"vc_column-inner\"><div class=\"wpb_wrapper\"><div class=\"woocommerce columns-4\"><\/div><\/div><\/div><\/div><\/div>","protected":false},"excerpt":{"rendered":"<p>Kir\u00e1ndul\u00e1sok Los Haitisesbe \u00e9s Cayo Levantadoba, \u00f6kol\u00f3giai kir\u00e1ndul\u00e1s a Los Haitises Nemzeti Parkba helyi idegenvezet\u0151vel. A Los Haitises Nemzeti Parkban tal\u00e1lhat\u00f3 Cays, a Mangrove-ok, a n\u00f6v\u00e9nyzet, a mad\u00e1rvil\u00e1g, a barlangok, a piktogramok \u00e9s a Sabana de la Mar t\u00f6rt\u00e9nelmi ter\u00fcleteinek megtekint\u00e9se a Los Haitises Nemzeti Parkban. Los Haitises ut\u00e1n a Bacardi Island Beachen eb\u00e9del\u00fcnk. Foglaljon most vel\u00fcnk Los Haitises Nemzeti Park-t\u00fara Saman\u00e1 kik\u00f6t\u0151j\u00e9b\u0151l + Bacardi-sziget (Cayo Levantado).<\/p>\n<p>&nbsp;<\/p>\n<p><strong>K\u00e9rj\u00fck, v\u00e1lassza ki a t\u00fara d\u00e1tum\u00e1t:<\/strong><\/p>","protected":false},"featured_media":232,"template":"","meta":[],"product_brand":[],"product_cat":[123,124],"product_tag":[137,205,180,125,206,139,163,129,207,208,132,523,209,210,211,212,133,213,214,215,216,217,218,190,219,114,142,148,143,220],"class_list":{"0":"post-11319","1":"product","2":"type-product","3":"status-publish","4":"has-post-thumbnail","6":"product_cat-tours-excursions-los-haitises-national-park","7":"product_cat-tours-excursions-samana-bay-dominican-republic","8":"product_tag-bacardi-island","9":"product_tag-bacardi-island-tours","10":"product_tag-birdwatching","11":"product_tag-boat-tour","12":"product_tag-caves-los-haitises","13":"product_tag-cayo-levantado","14":"product_tag-cayo-levantado-tour","15":"product_tag-eco-tours","16":"product_tag-excursiones-a-los-haitises-y-cayo-levantado","17":"product_tag-haitises-park-and-cayo-levantado-island","18":"product_tag-los-haitises","19":"product_tag-los-haitises-and-cayo-levantado","20":"product_tag-los-haitises-excursiones","21":"product_tag-los-haitises-excursions","22":"product_tag-los-haitises-mapa","23":"product_tag-los-haitises-mas-cayo-levantado","24":"product_tag-los-haitises-national-park","25":"product_tag-los-haitises-national-park-map","26":"product_tag-los-haitises-national-park-mas-cayo-levantado","27":"product_tag-los-haitises-national-park-tour-from-las-terrenas","28":"product_tag-los-haitises-national-park-tour-from-samana-port-bacardi-island-cayo-levantado","29":"product_tag-los-haitises-national-park-tour-from-santo-domingo","30":"product_tag-los-haitises-park-tour-cayo-levantado-island","31":"product_tag-los-haitises-samana","32":"product_tag-los-haitises-y-cayo-levantado","33":"product_tag-sabana-de-la-mar","34":"product_tag-samana","35":"product_tag-samana-excursions","36":"product_tag-samana-tours","37":"product_tag-tour-los-haitises-national-park-cayo-levantado","39":"first","40":"instock","41":"sale","42":"virtual","43":"sold-individually","44":"purchasable","45":"product-type-simple"},"_links":{"self":[{"href":"https:\/\/haitises.com\/hu\/wp-json\/wp\/v2\/product\/11319","targetHints":{"allow":["GET"]}}],"collection":[{"href":"https:\/\/haitises.com\/hu\/wp-json\/wp\/v2\/product"}],"about":[{"href":"https:\/\/haitises.com\/hu\/wp-json\/wp\/v2\/types\/product"}],"wp:featuredmedia":[{"embeddable":true,"href":"https:\/\/haitises.com\/hu\/wp-json\/wp\/v2\/media\/232"}],"wp:attachment":[{"href":"https:\/\/haitises.com\/hu\/wp-json\/wp\/v2\/media?parent=11319"}],"wp:term":[{"taxonomy":"product_brand","embeddable":true,"href":"https:\/\/haitises.com\/hu\/wp-json\/wp\/v2\/product_brand?post=11319"},{"taxonomy":"product_cat","embeddable":true,"href":"https:\/\/haitises.com\/hu\/wp-json\/wp\/v2\/product_cat?post=11319"},{"taxonomy":"product_tag","embeddable":true,"href":"https:\/\/haitises.com\/hu\/wp-json\/wp\/v2\/product_tag?post=11319"}],"curies":[{"name":"wp","href":"https:\/\/api.w.org\/{rel}","templated":true}]}}