{"id":11065,"date":"2021-04-09T10:46:12","date_gmt":"2021-04-09T10:46:12","guid":{"rendered":"http:\/\/haitises.com\/product\/import-placeholder-for-11569\/"},"modified":"2024-04-12T17:39:32","modified_gmt":"2024-04-12T17:39:32","slug":"private-kayaking-snorkeling-with-lunch-on-cayo-levantado-island","status":"publish","type":"product","link":"https:\/\/haitises.com\/hu\/magan\/private-kayaking-snorkeling-with-lunch-on-cayo-levantado-island\/","title":{"rendered":"Private Kayaking &#038; Snorkeling with Lunch on Cayo Levantado Island"},"content":{"rendered":"<div class=\"vc_row wpb_row vc_row-fluid\" ><div class=\"wpb_column vc_column_container vc_col-sm-12\"><div class=\"vc_column-inner\"><div class=\"wpb_wrapper\"><div class=\"vc_empty_space\"   style=\"height: 32px\"><span class=\"vc_empty_space_inner\"><\/span><\/div>[mkdf_section_title title_tag=\u00bb\u00bb disable_break_words=\u00bbno\u00bb subtitle_tag=\u00bb\u00bb title=\u00bbPrivate Kayaking &amp; Snorkeling with Lunch on Cayo Levantado Island\u00bb subtitle=\u00bbFrom Saman\u00e1 port Private Tour\u00bb]<div class=\"vc_empty_space\"   style=\"height: 32px\"><span class=\"vc_empty_space_inner\"><\/span><\/div><\/div><\/div><\/div><\/div><div class=\"vc_row wpb_row vc_row-fluid\" ><div class=\"wpb_column vc_column_container vc_col-sm-12\"><div class=\"vc_column-inner\"><div class=\"wpb_wrapper\">\n\t<div class=\"wpb_text_column wpb_content_element\" >\n\t\t<div class=\"wpb_wrapper\">\n\t\t\t<div class=\"vc_row wpb_row vc_row-fluid\">\n<div class=\"wpb_column vc_column_container vc_col-sm-12\">\n<div class=\"vc_column-inner\">\n<div class=\"wpb_wrapper\">\n<div class=\"wpb_text_column wpb_content_element\">\n<div class=\"wpb_wrapper\">\n<div class=\"vc_row wpb_row vc_row-fluid\">\n<div class=\"wpb_column vc_column_container vc_col-sm-12\">\n<div class=\"vc_column-inner\">\n<div class=\"wpb_wrapper\">\n<div class=\"wpb_text_column wpb_content_element\">\n<div class=\"wpb_wrapper\">\n<h4><b><i>\u00c1ttekint\u00e9s<img decoding=\"async\" class=\"emoji\" draggable=\"false\" src=\"https:\/\/s.w.org\/images\/core\/emoji\/12.0.0-1\/svg\/1f433.svg\" alt=\"\ud83d\udc33\" title=\"\"><\/i><\/b><\/h4>\n<p><strong>Avoid big groups of tourists<\/strong> and make your Private Kayaking &amp; Snorkeling Tour in Saman\u00e1 Bay starting from Saman\u00e1 port.<\/p>\n<p>Admire 40 min unparalleled panoramic views of the Samana Bay from the sea in kayak going for snorkeling in the crystal waters off a nearby beach of the famous Cayo Levantado\/Bacardi island. Where we can stretch our legs and wear our snorkeling kits, there&#8217;s another world to explore!<br \/>\nAfter snorkeling we will go to take a typical Dominican lunch provided on the beach and discover the most beautiful island in the Dominican Republic. Home to a beautiful luxury hotel, white sandy beaches, lush rain-forest and incredible skilled artists offering their handmade paintings and other products.<\/p>\n<p>What you can do on the island?<br \/>\nSwimming, walking around, playing volleyball, taking photos, snorkeling, enjoying the beach or just relaxing in shadow and taking a refreshing beverage (Pi\u00f1a Colada, Coco Loco, Cuba Libre etc.) There are many options how to enjoy the island for everyone!<\/p>\n<p>On our way back to Samana we change perspective and our attention is captured by details that we had not noticed before, enjoying every single meter approximately 40 min.<\/p>\n<p>We are the only one who offer this Tour in the whole Dominican Republic! This unique experience is a nature and sea lover\u2019s dream come true.<\/p>\n<p><strong>Jegyzet:<\/strong> This tour is Private. (Just you and family or friends and Tour Guide).<\/p>\n<p>&nbsp;<\/p>\n<h4><b>Befoglal\u00e1sok \u00e9s kiz\u00e1r\u00e1sok<\/b><\/h4>\n<p>&nbsp;<\/p>\n<p><b>Z\u00e1rv\u00e1nyok<\/b><\/p>\n<p>&nbsp;<\/p>\n<ol>\n<li>Buffet lunch on the beach<\/li>\n<li>Tour Guide<\/li>\n<li>Kayaks, paddle<\/li>\n<li>Lifejacket<\/li>\n<li>Snorkeling kit<\/li>\n<li>Minden ad\u00f3, d\u00edj \u00e9s kezel\u00e9si k\u00f6lts\u00e9g<\/li>\n<li>Helyi ad\u00f3k<\/li>\n<li>Beverages (Bottle of water per person)<\/li>\n<\/ol>\n<p><b>Kiz\u00e1r\u00e1sok<\/b><\/p>\n<ol>\n<li>h\u00e1lap\u00e9nz<\/li>\n<li>Transfer Car<\/li>\n<li>Alkoholos italok<\/li>\n<\/ol>\n<p>&nbsp;<\/p>\n<h4><em><strong>Indul\u00e1s \u00e9s vissza\u00fat<\/strong><\/em><\/h4>\n<p>This trip starts at 8:00 Am and finishes around 4:00 Pm. But because it will be a private trip you may set the time for starting and to finish.<\/p>\n<p>A Foglal\u00e1si folyamat ut\u00e1n az utaz\u00f3 tal\u00e1lkoz\u00e1si pontot kap. A t\u00far\u00e1k tal\u00e1lkoz\u00e1si pontjainkon indulnak \u00e9s \u00e9rnek v\u00e9get.<\/p>\n<p>&nbsp;<\/p>\n<h4><b><i>Mi v\u00e1rhat\u00f3?<\/i><\/b><\/h4>\n<p>&nbsp;<\/p>\n<p><em><strong>Vedd meg a jegyeidet<\/strong><\/em> for Kayaking &amp; Snorkeling in Samana Bay. 40 min of unparalleled panoramic views of the Samana Bay from the sea in kayak and snorkeling in the crystal waters off a nearby beach of the famous Cayo Levantado\/Bacardi. Typical Dominican Lunch provided on the beach. In the whale watching season there is possibility to see the humpback whales.<\/p>\n<p>The Kayaking &amp; Snorkeling Tour, organized by \u201cBooking Adventures\u201d starts at the meeting point set with the Tour Guide. Lunch at the beach and you can stay as long as you want swimming around. If you are Vegan we also can set some food for you.<\/p>\n<p><strong>Timetable:<\/strong><\/p>\n<p>8:00 AM \u2013 4:00 PM<\/p>\n<p>&nbsp;<\/p>\n<h4><em><strong>Mit vigy\u00e9l magaddal?<\/strong><\/em><\/h4>\n<ul>\n<li>kamera<\/li>\n<li>Towel<\/li>\n<li>Sun protection<\/li>\n<li>Kalap<\/li>\n<li>Comfortable pants and shoes<\/li>\n<li>Sandals to the beach<\/li>\n<li>\u00dasz\u00f3ruha<\/li>\n<li>Cash for souvenirs<\/li>\n<\/ul>\n<p>&nbsp;<\/p>\n<h4><b><i>Sz\u00e1llodai \u00e1tv\u00e9tel<\/i><\/b><\/h4>\n<p>Ezen a t\u00far\u00e1n nem k\u00edn\u00e1lnak transzfert a sz\u00e1llod\u00e1b\u00f3l.<\/p>\n<p>&nbsp;<\/p>\n<p><b>Jegyzet:<\/b>\u00a0Ha a t\u00fara\/kir\u00e1ndul\u00e1s indul\u00e1si id\u0151pontj\u00e1t\u00f3l sz\u00e1m\u00edtott 24 \u00f3r\u00e1n bel\u00fcl lefoglalja, fel\u00e1r ellen\u00e9ben gondoskodunk a sz\u00e1llodai \u00e1tv\u00e9telr\u0151l. Amint a v\u00e1s\u00e1rl\u00e1s befejez\u0151d\u00f6tt, elk\u00fcldj\u00fck \u00d6nnek a helyi idegenvezet\u0151nk teljes el\u00e9rhet\u0151s\u00e9gi adatait (telefonsz\u00e1m, e-mail c\u00edm stb.), hogy megszervezhess\u00fck az \u00e1tv\u00e9tel megszervez\u00e9s\u00e9t.<\/p>\n<h4><b><i>Tov\u00e1bbi inform\u00e1ci\u00f3k meger\u0151s\u00edt\u00e9se<\/i><\/b><\/h4>\n<ol>\n<li>A jegyek a t\u00fara befizet\u00e9s\u00e9t k\u00f6vet\u0151 nyugt\u00e1k. A fizet\u00e9st a telefonon tudod megjelen\u00edteni.<\/li>\n<li>A tal\u00e1lkoz\u00e1si pontot a foglal\u00e1si folyamat ut\u00e1n veszik \u00e1t.<\/li>\n<li>A gyermekeket feln\u0151tt k\u00eds\u00e9ret\u00e9ben kell biztos\u00edtani.<\/li>\n<li>wheelchair accessible<\/li>\n<li>A csecsem\u0151knek \u00f6lben kell \u00fclni\u00fck<\/li>\n<li>A legt\u00f6bb utaz\u00f3 r\u00e9szt vehet<\/li>\n<\/ol>\n<h4><b><i>Lemond\u00e1si felt\u00e9telek<\/i><\/b><\/h4>\n<p>A teljes visszat\u00e9r\u00edt\u00e9shez legal\u00e1bb 24 \u00f3r\u00e1val az \u00e9lm\u00e9ny kezdete el\u0151tt mondd le.<\/p>\n<\/div>\n<\/div>\n<\/div>\n<\/div>\n<\/div>\n<\/div>\n<\/div>\n<\/div>\n<\/div>\n<\/div>\n<\/div>\n<\/div>\n<div class=\"vc_row wpb_row vc_row-fluid\">\n<div class=\"wpb_column vc_column_container vc_col-sm-12\">\n<div class=\"vc_column-inner\">\n<div class=\"wpb_wrapper\">\n<div class=\"vc_empty_space\"><\/div>\n<div class=\"wpb_text_column wpb_content_element\">\n<div class=\"wpb_wrapper\">\n<h4>L\u00e9pjen kapcsolatba vel\u00fcnk?<\/h4>\n<h5><b><i>Kalandok foglal\u00e1sa<\/i><\/b><\/h5>\n<p><em><strong>Helyiek<\/strong>\u00a0\u00e9s\u00a0<strong>Nemzetiek<\/strong>\u00a0Idegenvezet\u0151k \u00e9s vend\u00e9gszolg\u00e1ltat\u00e1sok<\/em><\/p>\n<p><span class=\"text-turquoise\">Foglal\u00e1sok:<\/span>\u00a0T\u00far\u00e1k \u00e9s kir\u00e1ndul\u00e1sok Dom. Rep.<\/p>\n<p><img decoding=\"async\" class=\"emoji\" draggable=\"false\" src=\"https:\/\/s.w.org\/images\/core\/emoji\/11.2.0\/svg\/1f4de.svg\" alt=\"\ud83d\udcde\" title=\"\">\u00a0Tel\/Whatsapp\u00a0\u00a0<a href=\"tel:+1-809-720-6035\">+1-809-720-6035<\/a>.<\/p>\n<p><img decoding=\"async\" class=\"emoji\" draggable=\"false\" src=\"https:\/\/s.w.org\/images\/core\/emoji\/11.2.0\/svg\/1f4e9.svg\" alt=\"\ud83d\udce9\" title=\"\">\u00a0<a href=\"mailto:info@bookingadventures.com.do\">info@bookingadventures.com.do<\/a><\/p>\n<p><strong>Rugalmasan \u00e1ll\u00edtjuk be a Whatsapp priv\u00e1t t\u00far\u00e1it:\u00a0<a href=\"tel:+18097206035\">+18097206035.<\/a><\/strong><\/p>\n<\/div>\n<\/div>\n<\/div>\n<\/div>\n<\/div>\n<\/div>\n\n\t\t<\/div>\n\t<\/div>\n<\/div><\/div><\/div><\/div>","protected":false},"excerpt":{"rendered":"<p>Private Kayaking and Snorkeling tour in Samana Bay, Dominican Republic with Local Tour Guides. Feel free to set up your starting time that suit you. Book now this Excursion in Samana Bay to live the true Caribbean Adventure.<\/p>\n<p>Note: This tour is a private!<\/p>\n<p>&nbsp;<\/p>\n<p><em><strong>Please Select the date for The Excursion:<\/strong><\/em><\/p>","protected":false},"featured_media":11086,"template":"","meta":[],"product_brand":[],"product_cat":[124],"product_tag":[137,162,197,201,143,271,354,234],"class_list":{"0":"post-11065","1":"product","2":"type-product","3":"status-publish","4":"has-post-thumbnail","6":"product_cat-tours-excursions-samana-bay-dominican-republic","7":"product_tag-bacardi-island","8":"product_tag-cayo-levantado-day-pass","9":"product_tag-kayaking-dominican-republic","10":"product_tag-private-tours-samana","11":"product_tag-samana-tours","12":"product_tag-samana-whale-watching","13":"product_tag-snorkeling","14":"product_tag-whale-samana","16":"first","17":"instock","18":"sale","19":"sold-individually","20":"shipping-taxable","21":"product-type-external"},"_links":{"self":[{"href":"https:\/\/haitises.com\/hu\/wp-json\/wp\/v2\/product\/11065","targetHints":{"allow":["GET"]}}],"collection":[{"href":"https:\/\/haitises.com\/hu\/wp-json\/wp\/v2\/product"}],"about":[{"href":"https:\/\/haitises.com\/hu\/wp-json\/wp\/v2\/types\/product"}],"wp:featuredmedia":[{"embeddable":true,"href":"https:\/\/haitises.com\/hu\/wp-json\/wp\/v2\/media\/11086"}],"wp:attachment":[{"href":"https:\/\/haitises.com\/hu\/wp-json\/wp\/v2\/media?parent=11065"}],"wp:term":[{"taxonomy":"product_brand","embeddable":true,"href":"https:\/\/haitises.com\/hu\/wp-json\/wp\/v2\/product_brand?post=11065"},{"taxonomy":"product_cat","embeddable":true,"href":"https:\/\/haitises.com\/hu\/wp-json\/wp\/v2\/product_cat?post=11065"},{"taxonomy":"product_tag","embeddable":true,"href":"https:\/\/haitises.com\/hu\/wp-json\/wp\/v2\/product_tag?post=11065"}],"curies":[{"name":"wp","href":"https:\/\/api.w.org\/{rel}","templated":true}]}}