{"id":10909,"date":"2020-07-18T21:02:36","date_gmt":"2020-07-18T21:02:36","guid":{"rendered":"http:\/\/haitises.com\/?post_type=product&#038;p=10909"},"modified":"2024-04-15T23:15:03","modified_gmt":"2024-04-15T23:15:03","slug":"atv-aventuras-samana-atv-tours-excursiones-en-samana-republica-dominicana-atv-playa-el-valle-cascada","status":"publish","type":"product","link":"https:\/\/haitises.com\/hu\/magan\/atv-aventuras-samana-atv-tours-excursiones-en-samana-republica-dominicana-atv-playa-el-valle-cascada\/","title":{"rendered":"ATV Adventures Samana - ATV t\u00far\u00e1k \u00e9s kir\u00e1ndul\u00e1sok Samana Dominikai K\u00f6zt\u00e1rsas\u00e1gban. ATV + El Valle strand \u00e9s v\u00edzes\u00e9s"},"content":{"rendered":"<div class=\"vc_row wpb_row vc_row-fluid\" ><div class=\"wpb_column vc_column_container vc_col-sm-12\"><div class=\"vc_column-inner\"><div class=\"wpb_wrapper\">[mkdf_section_title title_tag=\u00bb\u00bb disable_break_words=\u00bbno\u00bb subtitle_tag=\u00bb\u00bb title=\u00bbATV Saman\u00e1 Aventuras &#8211; ATV Tours &amp; Excursiones en Saman\u00e1, Rep\u00fablica Dominicana. ATV + Playa El Valle &amp; Cascada\u00bb subtitle=\u00bbAlmuerzo en la playa incluido.\u00bb]<\/div><\/div><\/div><\/div><div class=\"vc_row wpb_row vc_row-fluid\" ><div class=\"wpb_column vc_column_container vc_col-sm-12\"><div class=\"vc_column-inner\"><div class=\"wpb_wrapper\">\n\t<div class=\"wpb_text_column wpb_content_element\" >\n\t\t<div class=\"wpb_wrapper\">\n\t\t\t<h2>ATV Aventuras Saman\u00e1 &#8211; ATV Tours y Excursiones en Samana Rep\u00fablica Dominicana. ATV + Playa El Valle y Cascadas.<\/h2>\n<h3>Le\u00edr\u00e1s<\/h3>\n<p>Obtenga sus entradas para una excursi\u00f3n de medio d\u00eda en Saman\u00e1 en ATV Tours. La excursi\u00f3n comenzar\u00e1 en nuestra oficina cerca del muelle principal de Saman\u00e1. Despu\u00e9s de conducir 30 minutos, visitaremos el ecologe de la Casa en el \u00c1rbol en el camino a las cascadas. Despu\u00e9s de caminar a las cascadas alrededor de 10 min.<\/p>\n<p>Almorzaremos en la playa de El valle. Despu\u00e9s de 4.5 horas de actividades volvemos a nuestro punto de encuentro en Saman\u00e1.<\/p>\n<h3>Befoglal\u00e1sok \u00e9s kiz\u00e1r\u00e1sok<\/h3>\n<h4>Z\u00e1rv\u00e1nyok<\/h4>\n<ol>\n<li>Atv 2 personas en uno.<\/li>\n<li>Almuerzo en la playa<\/li>\n<li>Todos los impuestos, tarifas y cargos por manejo<\/li>\n<li>Helyi ad\u00f3k<\/li>\n<li>Italok<\/li>\n<li>Aperitivos<\/li>\n<li>Visita a las cascadas<\/li>\n<li>Playa el valle<\/li>\n<li>Visita a la casa del \u00e1rbol<\/li>\n<li>Minden tev\u00e9kenys\u00e9g<\/li>\n<li>Helyi idegenvezet\u0151<\/li>\n<\/ol>\n<h4>Kiz\u00e1r\u00e1sok<\/h4>\n<ol>\n<li>Tippek<\/li>\n<li>transporte desde hoteles (establecido al contactarnos).<\/li>\n<li>Alkoholos italok<\/li>\n<\/ol>\n<h3><em>Indul\u00e1s \u00e9s visszat\u00e9r\u00e9s<\/em><\/h3>\n<p>El viajero obtendr\u00e1 un punto de encuentro despu\u00e9s del proceso de reserva. Los recorridos comienzan y finalizan en sus puntos de encuentro.<\/p>\n<h3>ATV Aventuras Saman\u00e1 &#8211; ATV Tours y Excursiones en Saman\u00e1 Rep\u00fablica Dominicana. ATV + Playa El Valle y Cascadas.<\/h3>\n<h3><em>Mi v\u00e1rhat\u00f3?<\/em><\/h3>\n<p>Aprender a encender su ATV. As\u00ed que estar\u00e1 listo para ir a campo traviesa y ver de cerca la pen\u00ednsula de Saman\u00e1. Conducir\u00e1 su veh\u00edculo ATV por un terreno accidentado y visitaremos a una familia dominicana donde haremos una parada r\u00e1pida para tomar algunas fotos del ecologe de la casa del \u00e1rbol, beber un buen caf\u00e9 dominicano y disfrutar de un delicioso chocolate natural.<br \/>\nLuego continuamos por un peque\u00f1o pueblo donde podr\u00e1 disfrutar del calor de los nativos dominicanos en el camino para visitar las cascadas LULU, caminar hasta las cascadas 10 minutos y aprender sobre el bosque de Rep\u00fablica Dominicana en uno de los lugares m\u00e1s ex\u00f3ticos del regi\u00f3n.<\/p>\n<p>Volviendo a nuestro ATV para visitar una de las playas m\u00e1s bonitas de Saman\u00e1. ?\u00a1Playa El Valle! Donde nos detendremos alrededor de 1 hora y 15 minutos para disfrutar de la m\u00e1gica arena blanca y las cristalinas aguas turquesas de la playa de Playa El Valle. All\u00ed puede descansar, beber, nadar, explorar o simplemente acostarse al sol si lo desea. El buffet estar\u00e1 listo con comidas t\u00edpicas dominicanas y si eres vegano h\u00e1znoslo saber. \u00a1Tenemos comida para todos!<br \/>\nDespu\u00e9s de 4.5 horas conducimos de regreso a la ciudad de Saman\u00e1.<\/p>\n<h3><em>Mit vigy\u00e9l magaddal?<\/em><\/h3>\n<ul>\n<li>Kamera<\/li>\n<li>Repellensek<\/li>\n<li>Crema solar<\/li>\n<li>Kalap<\/li>\n<li>K\u00e9nyelmes nadr\u00e1g<\/li>\n<li>Erdei t\u00faracip\u0151<\/li>\n<li>Szand\u00e1l tavaszi ter\u00fcletekre.<\/li>\n<li>F\u00fcrd\u0151ruha<\/li>\n<\/ul>\n<h3><em>Sz\u00e1llodai \u00e1tv\u00e9tel<\/em><\/h3>\n<p>No se ofrece la recogida en el hotel para este tour. Configuramos recogida contact\u00e1ndonos por Whatsapp.<\/p>\n<p><strong>Jegyzet:<\/strong> Si realiza la reserva dentro de las 24 horas de la hora de salida del tour \/ excursi\u00f3n, podemos organizar la recogida en el hotel con cargos adicionales. Una vez que se complete su compra, le enviaremos informaci\u00f3n de contacto completa (n\u00famero de tel\u00e9fono, direcci\u00f3n de correo electr\u00f3nico, etc.) para que nuestro gu\u00eda tur\u00edstico local organice los arreglos de recogida.<\/p>\n<h3><em>Tov\u00e1bbi inform\u00e1ci\u00f3k meger\u0151s\u00edt\u00e9se<\/em><\/h3>\n<ol>\n<li>A jegyek a t\u00fara kifizet\u00e9s\u00e9t k\u00f6vet\u0151 nyugt\u00e1k. A fizet\u00e9st a telefonon tudod megjelen\u00edteni.<\/li>\n<li>A tal\u00e1lkoz\u00e1si pontot a foglal\u00e1si folyamat ut\u00e1n kapjuk meg.<\/li>\n<li>A gyermekeket feln\u0151tt k\u00eds\u00e9ret\u00e9ben kell biztos\u00edtani.<\/li>\n<li>Kerekessz\u00e9kkel nem megk\u00f6zel\u00edthet\u0151<\/li>\n<li>Los infantes deben sentarse en el regazo<\/li>\n<li>H\u00e1tprobl\u00e9m\u00e1kkal k\u00fczd\u0151 utaz\u00f3knak nem aj\u00e1nlott.<\/li>\n<li>Terhes n\u0151knek nem aj\u00e1nlott.<\/li>\n<li>Sin problemas card\u00edacos u otras afecciones m\u00e9dicas graves.<\/li>\n<li>A legt\u00f6bb utaz\u00f3 r\u00e9szt vehet.<\/li>\n<\/ol>\n<h3><em>Lemond\u00e1si felt\u00e9telek<\/em><\/h3>\n<p>Para obtener un reembolso completo, cancele al menos 24 horas antes de la fecha de inicio de la experiencia. Los fondos se perder\u00e1n si la reserva se cancela el mismo d\u00eda del viaje.<\/p>\n\n\t\t<\/div>\n\t<\/div>\n<\/div><\/div><\/div><\/div><div class=\"vc_row wpb_row vc_row-fluid\" ><div class=\"wpb_column vc_column_container vc_col-sm-12\"><div class=\"vc_column-inner\"><div class=\"wpb_wrapper\">\n\t<div class=\"wpb_video_widget wpb_content_element vc_clearfix   vc_video-aspect-ratio-169 vc_video-el-width-100 vc_video-align-left\" >\n\t\t<div class=\"wpb_wrapper\">\n\t\t\t<h2 class=\"wpb_heading wpb_video_heading\">Samana a Booking Adventures-szel:<\/h2>\n\t\t\t<div class=\"wpb_video_wrapper\"><iframe loading=\"lazy\" title=\"Dominikai desztin\u00e1ci\u00f3 Samana Zipline, ATV kir\u00e1ndul\u00e1sok\" width=\"1100\" height=\"619\" src=\"https:\/\/www.youtube.com\/embed\/8Ybh1xtnr2M?feature=oembed\" frameborder=\"0\" allow=\"accelerometer; autoplay; encrypted-media; gyroscope; picture-in-picture\" allowfullscreen><\/iframe><\/div>\n\t\t<\/div>\n\t<\/div>\n<\/div><\/div><\/div><\/div><div class=\"vc_row wpb_row vc_row-fluid\" ><div class=\"wpb_column vc_column_container vc_col-sm-12\"><div class=\"vc_column-inner\"><div class=\"wpb_wrapper\"><div class=\"vc_empty_space\"   style=\"height: 32px\"><span class=\"vc_empty_space_inner\"><\/span><\/div>\n\t<div class=\"wpb_text_column wpb_content_element\" >\n\t\t<div class=\"wpb_wrapper\">\n\t\t\t<h4>L\u00e9pjen kapcsolatba vel\u00fcnk?<\/h4>\n<h5><em><strong>Kalandok foglal\u00e1sa<\/strong><\/em><\/h5>\n<p><em><strong>Helyiek<\/strong>\u00a0\u00e9s\u00a0<strong>Nemzetiek<\/strong>\u00a0Idegenvezet\u0151k \u00e9s vend\u00e9gszolg\u00e1ltat\u00e1sok<\/em><\/p>\n<p><span class=\"text-turquoise\">Foglal\u00e1sok:<\/span>\u00a0T\u00far\u00e1k \u00e9s kir\u00e1ndul\u00e1sok Dom. Rep.<\/p>\n<p><img decoding=\"async\" class=\"emoji\" draggable=\"false\" src=\"https:\/\/s.w.org\/images\/core\/emoji\/11.2.0\/svg\/1f4de.svg\" alt=\"\ud83d\udcde\" title=\"\">\u00a0Tel\/Whatsapp\u00a0\u00a0<a href=\"tel:+1-809-720-6035\">+1-809-720-6035<\/a>.<\/p>\n<p><img decoding=\"async\" class=\"emoji\" draggable=\"false\" src=\"https:\/\/s.w.org\/images\/core\/emoji\/11.2.0\/svg\/1f4e9.svg\" alt=\"\ud83d\udce9\" title=\"\">\u00a0<a href=\"mailto:info@bookingadventures.com.do\">info@bookingadventures.com.do<\/a><\/p>\n<p><strong>Rugalmasan \u00e1ll\u00edtjuk be a Whatsapp priv\u00e1t t\u00far\u00e1it:\u00a0<a href=\"tel:+18097206035\">+18097206035.<\/a><\/strong><\/p>\n\n\t\t<\/div>\n\t<\/div>\n<div class=\"vc_empty_space\"   style=\"height: 32px\"><span class=\"vc_empty_space_inner\"><\/span><\/div><\/div><\/div><\/div><\/div>","protected":false},"excerpt":{"rendered":"<p>Esta experiencia en ATV comienza en el centro de la ciudad de Saman\u00e1. Conduciendo el ATV a las cascadas LULU, pasando por el Eco-lodge La Casa en el \u00c1rbol hasta la playa de El Valle.<br \/>\nPlaya El Valle! Donde nos detendremos alrededor de 1 hora y 15 minutos para disfrutar de la m\u00e1gica arena blanca y las cristalinas aguas turquesas de la playa de Playa El Valle. All\u00ed puede descansar, beber, nadar, explorar o simplemente tumbarse al sol si lo desea. Un buffet estar\u00e1 listo con comidas t\u00edpicas dominicanas y si usted es vegano h\u00e1ganoslo saber. \u00a1Tenemos comida para todos!<\/p>\n<p>Despu\u00e9s de 4.5 horas, regresamos a la ciudad de Saman\u00e1.<\/p>\n<p>. Senderismo y nataci\u00f3n con equipo de seguridad \u00a1para tener la mejor experiencia de su vida!<\/p>\n<p><strong>K\u00e9rj\u00fck, v\u00e1lassza ki a t\u00fara id\u0151pontj\u00e1t:<\/strong><\/p>","protected":false},"featured_media":392,"template":"","meta":[],"product_brand":[],"product_cat":[317,318,319,120,96,320,135,321,122,443,100],"product_tag":[322,323,324,325,157,326,201,142,327,148,143,328],"class_list":{"0":"post-10909","1":"product","2":"type-product","3":"status-publish","4":"has-post-thumbnail","6":"product_cat-atv-adventures","7":"product_cat-atv-fourwheels","8":"product_cat-atv-tours-excursions-adventures","9":"product_cat-fees-entrace","10":"product_cat-hiking","11":"product_cat-lulu-waterfalls","12":"product_cat-lunch","13":"product_cat-things-to-do-in-samana-province","14":"product_cat-tours-and-excursions","15":"product_cat-tours-y-excursiones-es","16":"product_cat-waterfalls","17":"product_tag-atv-samana-excursion","18":"product_tag-atv-tours-excursions-in-samana-dominican-republic","19":"product_tag-atv-fourwheels","20":"product_tag-atv-tours-excursions-adventures","21":"product_tag-el-valle-beach","22":"product_tag-lulu-waterfalls","23":"product_tag-private-tours-samana","24":"product_tag-samana","25":"product_tag-samana-atv","26":"product_tag-samana-excursions","27":"product_tag-samana-tours","28":"product_tag-tree-house-samana","30":"first","31":"instock","32":"sale","33":"sold-individually","34":"shipping-taxable","35":"product-type-external"},"_links":{"self":[{"href":"https:\/\/haitises.com\/hu\/wp-json\/wp\/v2\/product\/10909","targetHints":{"allow":["GET"]}}],"collection":[{"href":"https:\/\/haitises.com\/hu\/wp-json\/wp\/v2\/product"}],"about":[{"href":"https:\/\/haitises.com\/hu\/wp-json\/wp\/v2\/types\/product"}],"wp:featuredmedia":[{"embeddable":true,"href":"https:\/\/haitises.com\/hu\/wp-json\/wp\/v2\/media\/392"}],"wp:attachment":[{"href":"https:\/\/haitises.com\/hu\/wp-json\/wp\/v2\/media?parent=10909"}],"wp:term":[{"taxonomy":"product_brand","embeddable":true,"href":"https:\/\/haitises.com\/hu\/wp-json\/wp\/v2\/product_brand?post=10909"},{"taxonomy":"product_cat","embeddable":true,"href":"https:\/\/haitises.com\/hu\/wp-json\/wp\/v2\/product_cat?post=10909"},{"taxonomy":"product_tag","embeddable":true,"href":"https:\/\/haitises.com\/hu\/wp-json\/wp\/v2\/product_tag?post=10909"}],"curies":[{"name":"wp","href":"https:\/\/api.w.org\/{rel}","templated":true}]}}