{"id":602,"date":"2020-07-06T21:08:32","date_gmt":"2020-07-06T21:08:32","guid":{"rendered":"http:\/\/haitises.com\/?post_type=product&#038;p=602"},"modified":"2024-04-16T16:45:03","modified_gmt":"2024-04-16T16:45:03","slug":"izlet-nacionalni-park-jump-of-la-jalda-najvisa-skakaonica-na-karibima-272-stope","status":"publish","type":"product","link":"https:\/\/haitises.com\/hr\/privatna\/izlet-nacionalni-park-jump-of-la-jalda-najvisa-skakaonica-na-karibima-272-stope\/","title":{"rendered":"Izlet Nacionalni park Salto de la Jalda - najvi\u0161i vodopad na Karibima 272 stope"},"content":{"rendered":"<div class=\"vc_row wpb_row vc_row-fluid\" ><div class=\"wpb_column vc_column_container vc_col-sm-12\"><div class=\"vc_column-inner\"><div class=\"wpb_wrapper\">[mkdf_section_title subtitle_tag=\u00bb\u00bb text_font_weight=\u00bb\u00bb subtitle=\u00bbLa cascada m\u00e1s alta del Caribe 272 pies\u00bb text=\u00bbSenderismo o a caballo\u00bb]<\/div><\/div><\/div><\/div><div class=\"vc_row wpb_row vc_row-fluid\" ><div class=\"wpb_column vc_column_container vc_col-sm-12\"><div class=\"vc_column-inner\"><div class=\"wpb_wrapper\">\n\t<div class=\"wpb_text_column wpb_content_element\" >\n\t\t<div class=\"wpb_wrapper\">\n\t\t\t<h2>Nacionalni park Salto de la Jalda<\/h2>\n<h3>Opis<\/h3>\n<p>Ovo je privatni izlet do slapova Salto de la Jalda s jahanjem ili planinarenjem. Posjet \u0161umi kakaovca i kave ispod kokosa. Kada do\u0111ete do slapova, mo\u017eete plivati i dogovoriti vrijeme s lokalnim vodi\u010dem.<\/p>\n<p>U\u010dite od mje\u0161tana i idite na sigurno putovanje. Pustite svoje ulaznice u prodaju ve\u0107 danas.<\/p>\n<ul>\n<li>Jahanje ili planinarenje<\/li>\n<li>Vodi\u010d daje upute i nadzor.<\/li>\n<li>Naknade za nacionalni park<\/li>\n<\/ul>\n<h3>Uklju\u010divanja i isklju\u010denja<\/h3>\n<h4>Uklju\u010divanja<\/h4>\n<ol>\n<li>Izlet pje\u0161ice ili na konju<\/li>\n<li>Svi porezi, pristojbe i naknade<\/li>\n<li>Lokalni porezi<\/li>\n<li>pi\u0107a<\/li>\n<li>Sve aktivnosti<\/li>\n<li>Lokalni vodi\u010d<\/li>\n<\/ol>\n<h4>Isklju\u010divanja<\/h4>\n<ol>\n<li>Savjeti<\/li>\n<li>Prijevoz<\/li>\n<li>Ru\u010dak<\/li>\n<li>Alkoholna pi\u0107a<\/li>\n<\/ol>\n<h3><em>Polazak i povratak<\/em><\/h3>\n<p>Putnik \u0107e dobiti mjesto sastanka nakon postupka rezervacije. Ture po\u010dinju i zavr\u0161avaju na na\u0161im sastajali\u0161tima.<\/p>\n<h2>Pje\u0161a\u010denje do Nacionalnog parka Salto de la Jalda<\/h2>\n<h3><em>\u0160to o\u010dekivati?<\/em><\/h3>\n<p>Nabavite svoje ulaznice za posjet najvi\u0161im vodopadima na Karibima. El Salto la Jalda Pje\u0161a\u010denje ili jahanje.<\/p>\n<p>El recorrido, organizado por \u00abBooking Adventures\u00bb comienza en el punto de encuentro establecido con el gu\u00eda tur\u00edstico. Para comenzar nuestro recorrido, nos encontramos en Sabana de la Mar. Luego nos subimos al veh\u00edculo que conducimos 25 minutos a la Comunidad Magua. Donde nos encontraremos con nuestros gu\u00edas locales de senderismo. Dejando su veh\u00edculo en un lugar de estacionamiento seguro, vamos a caballo o a pie al Parque Nacional Salto de La Jalda, con un tiempo de tres horas para llegar all\u00ed.<\/p>\n<p>Put se sastoji od 6,5 kilometara, to je dugo iskustvo kroz Dominikansku \u0161umu, prolaze\u0107i kroz \u0161ume kakaovca, kokosa i kave. Na cijelom na\u0161em putovanju pro\u0107i \u0107emo pored rijeke Magua i prije\u0107i je otprilike 8 puta bez ve\u0107ih pote\u0161ko\u0107a.<\/p>\n<p>Gotovo cijela staza je u sjeni velike koli\u010dine \u0161ume kakaovca zasa\u0111ene prije nego \u0161to je podru\u010dje progla\u0161eno nacionalnim parkom Salto de La Jalda. U ovom prvom dijelu ekoturisti\u010dke avanture mo\u017eete u\u017eivati u pjevu ptica, \u0161umu vode koja te\u010de, uglavnom ravnom terenu i svom zelenom raslinju.<\/p>\n<p>Osim kakaovca u zemlji nacionalnog parka La Jalda mo\u017eete vidjeti i planta\u017ee kave. Gotovo sti\u017eu\u0107i do vodopada zaustavljamo se kod ku\u0107e domorodaca parkovskih \u010duvara iz zajednice Magua, dodijeljenih Nacionalnom parku Jalda. Tamo mo\u017eete napraviti kratku pauzu, odakle se pru\u017ea nevjerojatan pogled na Salto de La Jalda.<\/p>\n<p>Nastavljamo do slapova. doplivati i nakon nekoliko sati istom stazom vratiti se do vozila. Ovo je ekstremna avantura. Molimo, ako nemate uvjete za planinarenje, obavezno ja\u0161ite.<\/p>\n<h3><em>\u0160to trebate ponijeti?<\/em><\/h3>\n<ul>\n<li>Fotoaparat<\/li>\n<li>Repelenti<\/li>\n<li>krema za sun\u010danje<\/li>\n<li>\u0160e\u0161ir<\/li>\n<li>Udobne hla\u010de<\/li>\n<li>\u0160umske cipele za planinarenje<\/li>\n<li>Kupa\u0107i kostim<\/li>\n<li>Dodatna boca vode<\/li>\n<li>Ru\u010dak ili me\u0111uobroci<\/li>\n<\/ul>\n<h3><em>Preuzimanje iz hotela<\/em><\/h3>\n<p>Preuzimanje iz hotela nije ponu\u0111eno za ovaj izlet.<\/p>\n<p><strong>Bilje\u0161ka:<\/strong> Ako rezervirate unutar 24 sata od vremena polaska putovanja\/izleta, mo\u017eemo organizirati preuzimanje iz hotela uz dodatne tro\u0161kove. Nakon \u0161to va\u0161a kupnja bude dovr\u0161ena, poslat \u0107emo vam potpune podatke za kontakt (telefonski broj, adresu e-po\u0161te itd.) za na\u0161eg lokalnog turisti\u010dkog vodi\u010da kako bismo dogovorili preuzimanje.<\/p>\n<h3><em>Potvrda dodatnih informacija<\/em><\/h3>\n<ul>\n<li>Ulaznice su ra\u010dun nakon pla\u0107anja za ovu turneju. Uplatu mo\u017eete prikazati na svom telefonu.<\/li>\n<li>Mjesto okupljanja bit \u0107e zaprimljeno nakon postupka rezervacije.<\/li>\n<li>Djeca moraju biti u pratnji odrasle osobe.<\/li>\n<li>Nije pristupa\u010dno za invalidska kolica<\/li>\n<li>Bebama nije dozvoljeno ovo putovanje<\/li>\n<li>Ne preporu\u010duje se putnicima s problemima s le\u0111ima.<\/li>\n<li>Ne preporu\u010duje se trudnicama.<\/li>\n<li>Nema problema sa srcem ili drugih ozbiljnih zdravstvenih stanja.<\/li>\n<li>Ve\u0107ina putnika mo\u017ee sudjelovati.<\/li>\n<\/ul>\n<h3><em>Politika otkazivanja<\/em><\/h3>\n<p>Za puni povrat novca otka\u017eite najmanje 24 sata prije datuma po\u010detka iskustva.<\/p>\n\n\t\t<\/div>\n\t<\/div>\n<\/div><\/div><\/div><\/div><div class=\"vc_row wpb_row vc_row-fluid\" ><div class=\"wpb_column vc_column_container vc_col-sm-12\"><div class=\"vc_column-inner\"><div class=\"wpb_wrapper\">\n\t<div class=\"wpb_text_column wpb_content_element\" >\n\t\t<div class=\"wpb_wrapper\">\n\t\t\t<h4>Kontaktirajte nas?<\/h4>\n<h5>Rezervacije za avanture<\/h5>\n<p><em>Turisti\u010dki vodi\u0107i <strong>lokalni<\/strong> i <strong>nacionalni<\/strong> i usluge gostima<\/em><\/p>\n<p>Rezervacije: Ture i izleti u Domu Rep.<\/p>\n<p>Tel\/Whatsapp +1-809-720-6035.<\/p>\n<p>info@bookingadventures.com.do<\/p>\n<p>Radimo privatne ture s fleksibilnom konfiguracijom putem Whatsappa: +18097206035.<\/p>\n\n\t\t<\/div>\n\t<\/div>\n<\/div><\/div><\/div><\/div>","protected":false},"excerpt":{"rendered":"<p>Ekstremna avantura do najvi\u0161eg vodopada na Karibima. Do\u0111ite s mje\u0161tanima u \u0161etnji ili jahanju do vodopada. Nau\u010dite o pravom stilu \u017eivota u dominikanskoj \u0161umi. Posjet najve\u0107im \u0161umskim planta\u017eama kakaovca u Dominikanskoj Republici i u\u010denje o ovoj povijesti od doma\u0107ih vodi\u010da.<\/p>\n<p>Kada rezervirate ovo putovanje, podr\u017eavate obitelji iz Mague, zajednice Sabana de la Mar. Gdje nema turista tijekom cijele godine. Novac ostaje ovim mje\u0161tanima.<\/p>\n<p><strong>Odaberite datum obilaska:<\/strong><\/p>","protected":false},"featured_media":62,"template":"","meta":[],"product_brand":[],"product_cat":[95,96,97,98,99,443,100],"product_tag":[101,102,103,104,105,106,107,108,109,110,111,112,113,114,115,116,117,118],"class_list":{"0":"post-602","1":"product","2":"type-product","3":"status-publish","4":"has-post-thumbnail","6":"product_cat-hike-to-miches-la-jalda-waterfall-waterfalls","7":"product_cat-hiking","8":"product_cat-horse-riding-to-waterfalls","9":"product_cat-local-tour-guides","10":"product_cat-swimming-natural-springs","11":"product_cat-tours-y-excursiones-es","12":"product_cat-waterfalls","13":"product_tag-higthest-waterfall-in-the-caribean","14":"product_tag-hike-la-jalda","15":"product_tag-hike-to-miches-la-jalda-waterfall-waterfalls","16":"product_tag-hiking","17":"product_tag-la-jalda-excursions","18":"product_tag-la-jalda-horses","19":"product_tag-la-jalda-national-park","20":"product_tag-la-jalda-waterfall","21":"product_tag-leaping","22":"product_tag-leaping-jalda","23":"product_tag-magua","24":"product_tag-magua-la-jalda","25":"product_tag-miches","26":"product_tag-sabana-de-la-mar","27":"product_tag-salto-de-la-jalda","28":"product_tag-salto-la-jalda-sabana-de-la-mar","29":"product_tag-salto-la-jalda-tours","30":"product_tag-waterfalls","32":"first","33":"instock","34":"sale","35":"featured","36":"sold-individually","37":"shipping-taxable","38":"product-type-external"},"_links":{"self":[{"href":"https:\/\/haitises.com\/hr\/wp-json\/wp\/v2\/product\/602","targetHints":{"allow":["GET"]}}],"collection":[{"href":"https:\/\/haitises.com\/hr\/wp-json\/wp\/v2\/product"}],"about":[{"href":"https:\/\/haitises.com\/hr\/wp-json\/wp\/v2\/types\/product"}],"wp:featuredmedia":[{"embeddable":true,"href":"https:\/\/haitises.com\/hr\/wp-json\/wp\/v2\/media\/62"}],"wp:attachment":[{"href":"https:\/\/haitises.com\/hr\/wp-json\/wp\/v2\/media?parent=602"}],"wp:term":[{"taxonomy":"product_brand","embeddable":true,"href":"https:\/\/haitises.com\/hr\/wp-json\/wp\/v2\/product_brand?post=602"},{"taxonomy":"product_cat","embeddable":true,"href":"https:\/\/haitises.com\/hr\/wp-json\/wp\/v2\/product_cat?post=602"},{"taxonomy":"product_tag","embeddable":true,"href":"https:\/\/haitises.com\/hr\/wp-json\/wp\/v2\/product_tag?post=602"}],"curies":[{"name":"wp","href":"https:\/\/api.w.org\/{rel}","templated":true}]}}