{"id":564,"date":"2020-06-27T01:33:01","date_gmt":"2020-06-27T01:33:01","guid":{"rendered":"http:\/\/haitises.com\/?post_type=product&#038;p=564"},"modified":"2024-04-17T17:19:20","modified_gmt":"2024-04-17T17:19:20","slug":"los-haitises-excursion-en-kayak-2-horas","status":"publish","type":"product","link":"https:\/\/haitises.com\/hr\/privatna\/los-haitises-excursion-en-kayak-2-horas\/","title":{"rendered":"Izlet Los Haitises kajakom 2 sata"},"content":{"rendered":"<div class=\"vc_row wpb_row vc_row-fluid\" ><div class=\"wpb_column vc_column_container vc_col-sm-12\"><div class=\"vc_column-inner\"><div class=\"wpb_wrapper\">[mkdf_section_title subtitle_tag=\u00bb\u00bb subtitle=\u00bbKayaks y gu\u00eda local\u00bb]<\/div><\/div><\/div><\/div><div class=\"vc_row wpb_row vc_row-fluid\" ><div class=\"wpb_column vc_column_container vc_col-sm-12\"><div class=\"vc_column-inner\"><div class=\"wpb_wrapper\"><div class=\"vc_empty_space\"   style=\"height: 32px\"><span class=\"vc_empty_space_inner\"><\/span><\/div><\/div><\/div><\/div><\/div><div class=\"vc_row wpb_row vc_row-fluid\" ><div class=\"wpb_column vc_column_container vc_col-sm-12\"><div class=\"vc_column-inner\"><div class=\"wpb_wrapper\">\n\t<div class=\"wpb_text_column wpb_content_element\" >\n\t\t<div class=\"wpb_wrapper\">\n\t\t\t<div class=\"vc_row wpb_row vc_row-fluid\">\n<div class=\"wpb_column vc_column_container vc_col-sm-12\">\n<div class=\"vc_column-inner\">\n<div class=\"wpb_wrapper\">\n<div class=\"mkdf-section-title-holder\">\n<div class=\"mkdf-st-inner\">\n<h2>Kajak u Nacionalnom parku Los Haitises s vodi\u010dem Ca\u00f1o Hondo 2 sata<\/h2>\n<h3>Opis<\/h3>\n<p>Vo\u017enja kajakom po mangrovama u Nacionalnom parku Los Haitises s 2-satnim lokalnim vodi\u010dem. Posjet mangrovama na rijeci Ca\u00f1o Hondo plus pregled zaljeva San Lorenzo u Nacionalnom parku Los Haitises, podru\u010dje Sabana de la Mar Ca\u00f1o Hondo. U slu\u010daju da volite dulji izlet: Kajak 4 sata u Los Haitises.<\/p>\n<ul>\n<li>Vodi\u010d daje upute i nadzor.<\/li>\n<li>Dostupni kajaci i vesla Dvostruki za dvije osobe i Jednostavni za jednu osobu.<\/li>\n<\/ul>\n<h3>Uklju\u010divanja i isklju\u010denja<\/h3>\n<h4>Uklju\u010divanja<\/h4>\n<ol>\n<li>izlet kajakom<\/li>\n<li>Svi porezi, naknade i manipulativni tro\u0161kovi<\/li>\n<li>Lokalni porezi<\/li>\n<li>Lokalni vodi\u010d<\/li>\n<\/ol>\n<h4>Isklju\u010divanja<\/h4>\n<ol>\n<li>Savjeti<\/li>\n<li>Prijevoz<\/li>\n<li>Ru\u010dak <em>Ne<\/em> uklju\u010deno je.<\/li>\n<li>Pe\u0107ine <em>Ne<\/em> oni su uklju\u010deni<\/li>\n<li>Alkoholna pi\u0107a<\/li>\n<\/ol>\n<h3><em>Polazak i povratak<\/em><\/h3>\n<p>Putnik \u0107e dobiti mjesto sastanka nakon postupka rezervacije. Ture po\u010dinju i zavr\u0161avaju na na\u0161im sastajali\u0161tima.<\/p>\n<h3>\u0160to o\u010dekivati?<\/h3>\n<p>Nabavite svoje ulaznice za dvosatni posjet kajakom \u0161umi rijeke Ca\u00f1o Hondo (mangrove) s lokalnim turisti\u010dkim vodi\u010dima.<\/p>\n<p>Kada nabavimo svu potrebnu opremu za va\u0161u sigurnost (prsluci za spa\u0161avanje i sl.), kre\u0107e akcija vo\u017enje kajakom na rijeci Ca\u00f1o Hondo.<\/p>\n<p>El recorrido, organizado por \u00abBooking Adventures\u00bb, comienza en el punto de encuentro establecido con el gu\u00eda tur\u00edstico. Tomando kayaks y atravesando manglares, pasando por antiguas cuevas piratas y en bosques protegidos en esta pintoresca reserva a partir del \u00e1rea de los Hoteles Ca\u00f1o Hondo o de Sabana de la Mar.<\/p>\n<p>Do\u0111ite s Booking Adventuresom i po\u010dnite vidjeti neke mangrove pune ptica, valovita brda bujne vegetacije i \u0161pilje Nacionalnog parka Los Haitises. Krenite na izlet kajakom od rijeke Ca\u00f1o Hondo, Sabana de la Mar. Kroz mangrove i kopno do otvorenog zaljeva San Lorenzo, odakle mo\u017eete fotografirati surovi \u0161umoviti krajolik. Pogledajte u vodu da biste vidjeli morske krave, rakove i dupine.<\/p>\n<p>U slu\u010daju da vam se svi\u0111a ovo putovanje, imamo drugu opciju: kajak u Los Haitises 4 sata<\/p>\n<p>Tura zavr\u0161ava na po\u010detnoj to\u010dki u Nacionalnom parku Los Haitises. Preporu\u010dujemo ovaj izlet u 6:00 ujutro ako \u017eelite vidjeti morske krave, rakove i dupine.<\/p>\n<p>6:00 ujutro je rano, tako da jo\u0161 nema brodova u Nacionalnom parku Los Haitises.<\/p>\n<h3><em>\u0160to trebate ponijeti?<\/em><\/h3>\n<ul>\n<li>Fotoaparat<\/li>\n<li>Repelenti<\/li>\n<li>Krema za sun\u010danje<\/li>\n<li>\u0160e\u0161ir<\/li>\n<li>Udobne hla\u010de<\/li>\n<li>Sandale<\/li>\n<li>Kupa\u0107i kostim<\/li>\n<\/ul>\n<h3><em>Preuzimanje iz hotela<\/em><\/h3>\n<p>Preuzimanje iz hotela nije ponu\u0111eno za ovaj izlet.<\/p>\n<p><strong>Bilje\u0161ka:<\/strong> Ako rezervirate unutar 24 sata od vremena polaska putovanja\/izleta, mo\u017eemo organizirati preuzimanje iz hotela uz dodatne naknade. Nakon \u0161to va\u0161a kupnja bude dovr\u0161ena, poslat \u0107emo vam potpune podatke za kontakt (telefonski broj, adresu e-po\u0161te itd.) za na\u0161eg lokalnog turisti\u010dkog vodi\u010da kako bismo dogovorili preuzimanje.<\/p>\n<h3><em>Potvrda dodatnih informacija<\/em><\/h3>\n<ul>\n<li>Ulaznice su ra\u010dun nakon pla\u0107anja za ovu turneju. Uplatu mo\u017eete prikazati na svom telefonu.<\/li>\n<li>Mjesto okupljanja bit \u0107e zaprimljeno nakon postupka rezervacije.<\/li>\n<li>Djeca moraju biti u pratnji odrasle osobe.<\/li>\n<li>Nije pristupa\u010dno za invalidska kolica<\/li>\n<li>Dojen\u010dad bi trebala sjediti u dje\u010djoj sjedalici ili s odraslom osobom<\/li>\n<li>Ne preporu\u010duje se putnicima s problemima s le\u0111ima.<\/li>\n<li>Ne preporu\u010duje se trudnicama.<\/li>\n<li>Nema problema sa srcem ili drugih ozbiljnih zdravstvenih stanja.<\/li>\n<li>Ve\u0107ina putnika mo\u017ee sudjelovati<\/li>\n<\/ul>\n<h3><em>Politika otkazivanja<\/em><\/h3>\n<p>Za puni povrat novca otka\u017eite najmanje 24 sata prije datuma po\u010detka iskustva.<\/p>\n<h3><em>Kontaktirajte nas?<\/em><\/h3>\n<p>Rezervacije za avanture<br \/>\nLokalni i nacionalni turisti\u010dki vodi\u010di i usluge gostima<\/p>\n<p>Rezervacije: Ture i izleti u Domu Reps.<\/p>\n<p>\ud83d\udcde Tel\/Whatsapp +1-809-720-6035.<\/p>\n<p>\ud83d\udce9 info@bookingadventures.com.do<\/p>\n<p>Radimo privatne ture uz fleksibilnost putem Whatsappa: +18097206035.<\/p>\n<\/div>\n<\/div>\n<\/div>\n<\/div>\n<\/div>\n<\/div>\n<div class=\"vc_row wpb_row vc_row-fluid\">\n<div class=\"wpb_column vc_column_container vc_col-sm-12\">\n<div class=\"vc_column-inner\">\n<div class=\"wpb_wrapper\">\n<div class=\"wpb_text_column wpb_content_element\">\n<div class=\"wpb_wrapper\"><\/div>\n<\/div>\n<\/div>\n<\/div>\n<\/div>\n<\/div>\n\n\t\t<\/div>\n\t<\/div>\n<\/div><\/div><\/div><\/div>","protected":false},"excerpt":{"rendered":"<p>Izlet u Nacionalni park Los Haitises iz hotela Sabana de la Mar ili Ca\u00f1o Hondo. Vo\u017enja kajakom po mangrovama u Nacionalnom parku Los Haitises s lokalnim vodi\u010dem. Posjet mangrovama na rijeci Ca\u00f1o Hondo plus pregled zaljeva San Lorenzo u Nacionalnom parku Los Haitises, podru\u010dje Sabana de la Mar, Ca\u00f1o Hondo. Ako ste zainteresirani i za posjet \u0161piljama, ovdje rezervirajte 4-satni izlet kajakom.<\/p>\n<ul>\n<li>Vodi\u010d daje upute i nadzor.<\/li>\n<li>Dostupni kajaci i vesla Dvostruki za dvije osobe i Jednostavni za jednu osobu.<\/li>\n<\/ul>\n<p>Postavite ovu turu s pje\u0161a\u010dkom rutom i nau\u010dite o povijesti Nacionalnog parka Los Haitises s lokalnim stanovni\u0161tvom.<\/p>\n<p><strong>Odaberite datum obilaska:<\/strong><\/p>","protected":false},"featured_media":113,"template":"","meta":[],"product_brand":[],"product_cat":[119,96,144,98,121,99,122,443,123,124],"product_tag":[126,127,149,145,150,151,152,153,132,133,114,148,143],"class_list":{"0":"post-564","1":"product","2":"type-product","3":"status-publish","4":"has-post-thumbnail","6":"product_cat-caves","7":"product_cat-hiking","8":"product_cat-kayaking","9":"product_cat-local-tour-guides","10":"product_cat-mangroves","11":"product_cat-swimming-natural-springs","12":"product_cat-tours-and-excursions","13":"product_cat-tours-y-excursiones-es","14":"product_cat-tours-excursions-los-haitises-national-park","15":"product_cat-tours-excursions-samana-bay-dominican-republic","16":"product_tag-cano-hondo","17":"product_tag-cano-hondo-hotel","18":"product_tag-cano-hondo-river","19":"product_tag-day-tour-cano-hondo","20":"product_tag-kayak-dominican-republic","21":"product_tag-kayak-los-haitises","22":"product_tag-kayak-tour","23":"product_tag-kayaking","24":"product_tag-los-haitises","25":"product_tag-los-haitises-national-park","26":"product_tag-sabana-de-la-mar","27":"product_tag-samana-excursions","28":"product_tag-samana-tours","30":"first","31":"instock","32":"sale","33":"sold-individually","34":"shipping-taxable","35":"product-type-external"},"_links":{"self":[{"href":"https:\/\/haitises.com\/hr\/wp-json\/wp\/v2\/product\/564","targetHints":{"allow":["GET"]}}],"collection":[{"href":"https:\/\/haitises.com\/hr\/wp-json\/wp\/v2\/product"}],"about":[{"href":"https:\/\/haitises.com\/hr\/wp-json\/wp\/v2\/types\/product"}],"wp:featuredmedia":[{"embeddable":true,"href":"https:\/\/haitises.com\/hr\/wp-json\/wp\/v2\/media\/113"}],"wp:attachment":[{"href":"https:\/\/haitises.com\/hr\/wp-json\/wp\/v2\/media?parent=564"}],"wp:term":[{"taxonomy":"product_brand","embeddable":true,"href":"https:\/\/haitises.com\/hr\/wp-json\/wp\/v2\/product_brand?post=564"},{"taxonomy":"product_cat","embeddable":true,"href":"https:\/\/haitises.com\/hr\/wp-json\/wp\/v2\/product_cat?post=564"},{"taxonomy":"product_tag","embeddable":true,"href":"https:\/\/haitises.com\/hr\/wp-json\/wp\/v2\/product_tag?post=564"}],"curies":[{"name":"wp","href":"https:\/\/api.w.org\/{rel}","templated":true}]}}