{"id":546,"date":"2020-06-15T15:29:37","date_gmt":"2020-06-15T15:29:37","guid":{"rendered":"http:\/\/haitises.com\/?post_type=product&#038;p=546"},"modified":"2024-04-19T14:24:18","modified_gmt":"2024-04-19T14:24:18","slug":"nacionalni-park-los-haitises-i-plaza-rincon","status":"publish","type":"product","link":"https:\/\/haitises.com\/hr\/privatna\/nacionalni-park-los-haitises-i-plaza-rincon\/","title":{"rendered":"Nacionalni park Los Haitises i pla\u017ea Rinc\u00f3n"},"content":{"rendered":"<div class=\"vc_row wpb_row vc_row-fluid\" ><div class=\"wpb_column vc_column_container vc_col-sm-12\"><div class=\"vc_column-inner\"><div class=\"wpb_wrapper\">\n\t<div class=\"wpb_text_column wpb_content_element\" >\n\t\t<div class=\"wpb_wrapper\">\n\t\t\t<p><em>\u0160pilje, mangrove, ru\u010dak i kupanje na pla\u017ei<\/em><\/p>\n<h2>Nacionalni park Los Haitises i Playa el Rinc\u00f3n<\/h2>\n<h3>Opis<\/h3>\n<p>Nacionalni park Los Haitises i pla\u017ea El Rinc\u00f3n s ru\u010dkom na pla\u017ei. Po\u0111ite s nama i posjetite najljep\u0161i nacionalni park u Dominikanskoj Republici, posjetite mangrove, \u0161pilje i zaljev San Lorenzo. Nakon povratka u luku Saman\u00e1 na privatni izlet do Playa El Rinc\u00f3n uz ru\u010dak na pla\u017ei.<\/p>\n<p>Nakon ovog iskustva, \u010deka vas vrijeme na pla\u017ei plus lokalni ru\u010dak na pla\u017ei.<\/p>\n<ul>\n<li>Uklju\u010duje buffet ru\u010dak na pla\u017ei.<\/li>\n<li>Porezi uklju\u010deni<\/li>\n<li>Vodi\u010d daje upute i nadzor.<\/li>\n<\/ul>\n<h3>Uklju\u010divanja i isklju\u010denja<\/h3>\n<h4>Uklju\u010divanja<\/h4>\n<ol>\n<li>ru\u010dak na pla\u017ei<\/li>\n<li>Obilazak Los Haitises + pla\u017ea El Rinc\u00f3n<\/li>\n<li>Svi porezi, naknade i manipulativni tro\u0161kovi.<\/li>\n<li>Lokalni porezi<\/li>\n<li>pi\u0107a<\/li>\n<li>Sve aktivnosti<\/li>\n<li>Lokalni vodi\u010d<\/li>\n<\/ol>\n<h4>Isklju\u010divanja<\/h4>\n<ol>\n<li>Savjeti<\/li>\n<li>Prijevoz<\/li>\n<li>Alkoholna pi\u0107a<\/li>\n<\/ol>\n<h3><em>Polazak i povratak<\/em><\/h3>\n<p>Putnik \u0107e dobiti mjesto sastanka nakon postupka rezervacije. Ture po\u010dinju i zavr\u0161avaju na na\u0161im sastajali\u0161tima.<\/p>\n<h3><em>\u0160to o\u010dekivati?<\/em><\/h3>\n<p>Nabavite svoje ulaznice za posjet Nacionalnom parku Los Haitises uz prekrasan ru\u010dak u Playa El Rinc\u00f3n.<\/p>\n<p>El recorrido, organizado por \u00abBooking Adventures\u00bb, comienza en el punto de encuentro establecido con el gu\u00eda tur\u00edstico.<\/p>\n<p>Krenut \u0107emo brodom kroz zaljev Saman\u00e1 kako bismo posjetili Nacionalni park Los Haitises, prolaze\u0107i kroz mangrove, drevne gusarske \u0161pilje i za\u0161ti\u0107ene \u0161ume u ovom slikovitom rezervatu.<br \/>\nDo\u0111ite s Booking Adventuresom i po\u010dnite vidjeti neke mangrove pune ptica, valovita brda bujne vegetacije i \u0161pilje Nacionalnog parka Los Haitises. Vo\u017enja brodom, izlet iz luke Saman\u00e1.<\/p>\n<p>El nombre del parque nacional proviene de sus habitantes originales, los indios ta\u00ednos. En su idioma, \u00abHaitises\u00bb se traduce en tierras altas o colinas, una referencia a las empinadas formaciones geol\u00f3gicas de la costa con calizas. Avent\u00farate en el parque para explorar cuevas como la Cueva de la Arena y la Cueva de la L\u00cdnea. Las cuevas en la reserva fueron utilizadas como refugio por los indios ta\u00ednos y, m\u00e1s tarde, por los piratas escondidos. Busque dibujos de indios que decoran algunas de las paredes.<\/p>\n<p>Nakon posjeta Nacionalnom parku Los Haitises, uzet \u0107emo brod i prije\u0107i mangrove te sti\u0107i u otvoreni zaljev San Lorenzo izravno u luku Saman\u00e1. U luci Saman\u00e1, privatnim prijevozom idemo do pla\u017ee El Rinc\u00f3n na ru\u010dak.<\/p>\n<p>Ru\u010dak \u0107e biti ukusan, ali jo\u0161 nismo gotovi. Nakon ru\u010dka \u0107ete imati vremena za u\u017eivanje na pla\u017ei ili jednostavno sjesti u hlad i u\u017eivati u Pi\u00f1a Coladi ili Coco Loco u nekom od tipi\u010dnih dominikanskih barova. Oko 16:30 napu\u0161tanje pla\u017ee i povratak u Saman\u00e1.<\/p>\n<p>Na pla\u017ei mo\u017eete ostati koliko god \u017eelite kupati se. Pr\u017eena riba i Tostones su u ponudi! Ako ste vegan, mo\u017eemo pripremiti i hranu za vas.<\/p>\n<h3><em>\u0160to trebate ponijeti?<\/em><\/h3>\n<ul>\n<li>Fotoaparat<\/li>\n<li>Repelenti<\/li>\n<li>krema za sun\u010danje<\/li>\n<li>\u0160e\u0161ir<\/li>\n<li>Udobne hla\u010de<\/li>\n<li>\u0160umske cipele za planinarenje<\/li>\n<li>Sandale za pla\u017eu<\/li>\n<li>haljina za kupanje<\/li>\n<\/ul>\n<h3><em>Preuzimanje iz hotela<\/em><\/h3>\n<p>Preuzimanje iz hotela nije ponu\u0111eno za ovaj izlet.<\/p>\n<p><strong>Bilje\u0161ka<\/strong>- Ako rezervirate unutar 24 sata od vremena polaska putovanja\/izleta, mo\u017eemo organizirati preuzimanje iz hotela uz dodatne naknade. Nakon \u0161to va\u0161a kupnja bude dovr\u0161ena, poslat \u0107emo vam potpune podatke za kontakt (telefonski broj, adresu e-po\u0161te itd.) za na\u0161eg lokalnog turisti\u010dkog vodi\u010da kako bismo dogovorili preuzimanje.<\/p>\n<h3><em>Potvrda dodatnih informacija<\/em><\/h3>\n<ul>\n<li>Ulaznice su ra\u010dun nakon pla\u0107anja za ovu turneju. Uplatu mo\u017eete prikazati na svom telefonu.<\/li>\n<li>Mjesto okupljanja bit \u0107e zaprimljeno nakon postupka rezervacije.<\/li>\n<li>Djeca moraju biti u pratnji odrasle osobe.<\/li>\n<li>Nije pristupa\u010dno za invalidska kolica<\/li>\n<li>Dojen\u010dad bi trebala sjediti u krilu<\/li>\n<li>Ne preporu\u010duje se putnicima s problemima s le\u0111ima.<\/li>\n<li>Ne preporu\u010duje se trudnicama koje putuju.<\/li>\n<li>Nema problema sa srcem ili drugih ozbiljnih zdravstvenih stanja.<\/li>\n<li>Ve\u0107ina putnika mo\u017ee sudjelovati.<\/li>\n<\/ul>\n<h3><em>Politika otkazivanja<\/em><\/h3>\n<p>Za puni povrat novca otka\u017eite najmanje 24 sata prije datuma po\u010detka iskustva.<\/p>\n\n\t\t<\/div>\n\t<\/div>\n<\/div><\/div><\/div><\/div>","protected":false},"excerpt":{"rendered":"<p>Nacionalni park Los Haitises i pla\u017ea El Rinc\u00f3n s ru\u010dkom na pla\u017ei. Po\u0111ite s nama i posjetite najljep\u0161i nacionalni park u Dominikanskoj Republici, posjetite mangrove, \u0161pilje i zaljev San Lorenzo. Nakon povratka u luku Saman\u00e1 na privatni izlet do Playa El Rinc\u00f3n uz ru\u010dak na pla\u017ei.<\/p>\n<p>Ovdje nabavite svoje ulaznice s ponudama\u2026<\/p>\n<p>Odaberite datum obilaska<\/p>","protected":false},"featured_media":227,"template":"","meta":[],"product_brand":[],"product_cat":[433,443],"product_tag":[138,195,196,142,147,148,143],"class_list":{"0":"post-546","1":"product","2":"type-product","3":"status-publish","4":"has-post-thumbnail","6":"product_cat-excursiones-privadas","7":"product_cat-tours-y-excursiones-es","8":"product_tag-beach-time","9":"product_tag-el-rincon-beach","10":"product_tag-playa-el-rincon","11":"product_tag-samana","12":"product_tag-samana-bay","13":"product_tag-samana-excursions","14":"product_tag-samana-tours","16":"first","17":"instock","18":"sale","19":"sold-individually","20":"shipping-taxable","21":"product-type-external"},"_links":{"self":[{"href":"https:\/\/haitises.com\/hr\/wp-json\/wp\/v2\/product\/546","targetHints":{"allow":["GET"]}}],"collection":[{"href":"https:\/\/haitises.com\/hr\/wp-json\/wp\/v2\/product"}],"about":[{"href":"https:\/\/haitises.com\/hr\/wp-json\/wp\/v2\/types\/product"}],"wp:featuredmedia":[{"embeddable":true,"href":"https:\/\/haitises.com\/hr\/wp-json\/wp\/v2\/media\/227"}],"wp:attachment":[{"href":"https:\/\/haitises.com\/hr\/wp-json\/wp\/v2\/media?parent=546"}],"wp:term":[{"taxonomy":"product_brand","embeddable":true,"href":"https:\/\/haitises.com\/hr\/wp-json\/wp\/v2\/product_brand?post=546"},{"taxonomy":"product_cat","embeddable":true,"href":"https:\/\/haitises.com\/hr\/wp-json\/wp\/v2\/product_cat?post=546"},{"taxonomy":"product_tag","embeddable":true,"href":"https:\/\/haitises.com\/hr\/wp-json\/wp\/v2\/product_tag?post=546"}],"curies":[{"name":"wp","href":"https:\/\/api.w.org\/{rel}","templated":true}]}}