{"id":244,"date":"2020-06-14T12:00:35","date_gmt":"2020-06-14T12:00:35","guid":{"rendered":"http:\/\/haitises.com\/product\/import-placeholder-for-9653\/"},"modified":"2020-09-13T21:07:19","modified_gmt":"2020-09-13T21:07:19","slug":"catalina-island-and-snorkeling-with-catamaran-party-from-punta-cana-half-day-experience","status":"publish","type":"product","link":"https:\/\/haitises.com\/hr\/privatna\/catalina-island-and-snorkeling-with-catamaran-party-from-punta-cana-half-day-experience\/","title":{"rendered":"Catalina Island and Snorkeling with Catamaran Party From Punta Cana &#8211; Half Day Experience"},"content":{"rendered":"<div class=\"vc_row wpb_row vc_row-fluid\" ><div class=\"wpb_column vc_column_container vc_col-sm-12\"><div class=\"vc_column-inner\"><div class=\"wpb_wrapper\">[mkdf_section_title title_tag=\u00bb\u00bb disable_break_words=\u00bbno\u00bb subtitle_tag=\u00bb\u00bb title=\u00bb Catalina Island and Snorkeling with Catamaran Party From Punta Cana \u00bb subtitle=\u00bb Half Day Experience\u00bb]<\/div><\/div><\/div><\/div><div class=\"vc_row wpb_row vc_row-fluid\" ><div class=\"wpb_column vc_column_container vc_col-sm-12\"><div class=\"vc_column-inner\"><div class=\"wpb_wrapper\">\n\t<div class=\"wpb_text_column wpb_content_element\" >\n\t\t<div class=\"wpb_wrapper\">\n\t\t\t<div class=\"vc_row wpb_row vc_row-fluid\">\n<div class=\"wpb_column vc_column_container vc_col-sm-12\">\n<div class=\"vc_column-inner\">\n<div class=\"wpb_wrapper\">\n<div class=\"wpb_text_column wpb_content_element\">\n<div class=\"wpb_wrapper\">\n<div class=\"vc_row wpb_row vc_row-fluid\">\n<div class=\"wpb_column vc_column_container vc_col-sm-12\">\n<div class=\"vc_column-inner\">\n<div class=\"wpb_wrapper\">\n<div class=\"wpb_text_column wpb_content_element\">\n<div class=\"wpb_wrapper\">\n<h4><b><i>Pregled<\/i><\/b><\/h4>\n<p>We enjoy a catamaran tour across crystal clear waters to Catalina Island, the best-known area for snorkeling in the Dominican Republic.<\/p>\n<p>Your day begins with a pick up at your hotel main lobby or specified meeting point. Then we\u00b4ll continue to Catalina Island to enjoy a refreshing bath, and some drinks, while whoever can perform 2 types of Snorkel with an instructor and after we will eat a delicious lunch buffet at the beach and we\u00b4ll take some classes of Salsa and Bachata, while we also make some delicious drinks. Once tired of being lazy on the beach, grab some snorkeling equipment and admire Catalina\u2019s underwater world.<\/p>\n<p>The ocean, so incredibly clear, and the beach white sand waiting for you. Relax on a sunbed or snorkeling all included for you. You will enjoy where you will see the tradition of our music and dance.<\/p>\n<p><strong>Bilje\u0161ka:<\/strong> This tour is not Private. If you will like to set a Private tour just Contact us!<\/p>\n<ul>\n<li>\n<div class=\"py-1 inclusions-exclusions-item d-flex\" lang=\"en-x-mtfrom-en\">\n<div class=\"d-inline-block inclusions-exclusions-text\">Private transportation<\/div>\n<\/div>\n<\/li>\n<li>Natural Swimming Pool for StarFish Watching<\/li>\n<li>Snorkeling<\/li>\n<li>Ru\u010dak<\/li>\n<li>Boat\u00a0 Catamaran Transfer<\/li>\n<li>Kapetan daje upute i nadzor<\/li>\n<li>Turisti\u010dki vodi\u010d<\/li>\n<\/ul>\n<p>&nbsp;<\/p>\n<h4><b>Uklju\u010divanja i isklju\u010denja<\/b><\/h4>\n<p><b>Uklju\u010divanja<\/b><\/p>\n<ol>\n<li>Turisti\u010dki vodi\u010d<\/li>\n<li>snorkeling<\/li>\n<li>Ru\u010dak<\/li>\n<li>Pick Up at Hotels<\/li>\n<li>Izlet katamaranom ili brodom<\/li>\n<li>Svi porezi, naknade i manipulativni tro\u0161kovi<\/li>\n<li>Lokalni porezi<\/li>\n<li>Pi\u0107a<\/li>\n<\/ol>\n<p><b>Isklju\u010divanja<\/b><\/p>\n<ol>\n<li>Napojnice<\/li>\n<li>Photos<\/li>\n<\/ol>\n<h4><em><strong>Polazak &amp; Povratak<\/strong><\/em><\/h4>\n<p>Putnik \u0107e dobiti mjesto sastanka nakon procesa rezervacije. Ture po\u010dinju i zavr\u0161avaju na na\u0161im sastajali\u0161tima.<\/p>\n<h3>Catalina Island and Snorkeling with Catamaran Party From Punta Cana &#8211; Half Day Experience.<\/h3>\n<h4><b><i>\u0160to o\u010dekivati?<\/i><\/b><\/h4>\n<p>During the Catalina Island Excursion from Punta Cana, guests will have the opportunity to snorkel in the vibrant corals reefs at Catalina, swimming among lively school of fish enjoying the stunning Caribbean underwater fauna.<\/p>\n<p>We will begin the snorkeling excursion departing in the morning towards La Romana. During the drive we will pass by the sugar cane fields as your guide provides interesting information about the history of the area, general culture and rum making techniques of the country. Upon arrival to La Romana, we will board our Catamaran and depart towards Catalina. Our first stop on the island will be \u201cThe Wall,\u201d a majestic coral wall that extends from the Island to the Caribbean Sea.<\/p>\n<p>After snorkeling, you will continue the path to the beautiful beach of Catalina, an exclusive place. Upon arrival, guests will have access to 2 kilometers of white sand beaches and crystal clear waters, a beach bar with drinks and a delicious Dominican lunch buffet with barbecue. We will board the catamaran around 3:30 pm to return to Punta Cana after an incredible day of snorkeling and relaxation on Catalina Island. IslandDuring the Catalina Island Excursion from Punta Cana, guests will have the opportunity to snorkel in the vibrant corals reefs at Catalina, swimming among lively school of fish enjoying the stunning Caribbean underwater fauna.<\/p>\n<p>We will begin the snorkeling excursion departing in the morning towards La Romana. During the drive we will pass by the sugar cane fields as your guide provides interesting information about the history of the area, general culture and rum making techniques of the country. Upon arrival to La Romana, we will board our Catamaran and depart towards Catalina.<\/p>\n<p>Our first stop on the island will be \u201cThe Wall,\u201d a majestic coral wall that extends from the Island to the Caribbean Sea. After snorkeling, you will continue the path to the beautiful beach of Catalina, an exclusive place. Upon arrival, guests will have access to 2 kilometers of white sand beaches and crystal clear waters, a beach bar with drinks and a delicious Dominican lunch buffet with barbecue. We will board the catamaran around 3:30 pm to return to Punta Cana after an incredible day of snorkeling and relaxation on Catalina Island.<\/p>\n<p>&nbsp;<\/p>\n<p><strong>Raspored:<\/strong><\/p>\n<p>7:00 AM \u2013 4: 30 PM<\/p>\n<p>&nbsp;<\/p>\n<\/div>\n<p>Time can change depends on time of departure from Hotels.<\/p>\n<div class=\"wpb_wrapper\">\n<p>&nbsp;<\/p>\n<h4><em><strong>\u0160to trebate ponijeti?<\/strong><\/em><\/h4>\n<ul>\n<li>fotoaparat<\/li>\n<li>Repelentni pupoljci<\/li>\n<li>krema za sun\u010danje<\/li>\n<li>\u0160e\u0161ir<\/li>\n<li>Udobne hla\u010de<\/li>\n<li>Odje\u0107a za kupanje<\/li>\n<li>Gotovina za suvenire<\/li>\n<\/ul>\n<p>&nbsp;<\/p>\n<h4><b><i>Preuzimanje iz hotela<\/i><\/b><\/h4>\n<p>Hotel pick-up is not offered for this tour. We Can Set it Via- Whatsapp.<\/p>\n<p>&nbsp;<\/p>\n<p><b>Bilje\u0161ka:<\/b>\u00a0Ako ste rezervirali unutar 24 sata od vremena polaska putovanja\/izleta, mo\u017eemo organizirati prijevoz iz hotela uz dodatne naknade. Nakon \u0161to je va\u0161a kupnja dovr\u0161ena, poslat \u0107emo vam potpune podatke za kontakt (telefonski broj, adresu e-po\u0161te, itd.) za na\u0161eg lokalnog vodi\u010da kako bismo organizirali preuzimanje.<\/p>\n<h4><b><i>Potvrda dodatnih informacija<\/i><\/b><\/h4>\n<ol>\n<li>Ulaznice su ra\u010dun nakon pla\u0107anja ovog putovanja. Uplatu mo\u017eete prikazati na svom telefonu.<\/li>\n<li>Mjesto sastanka bit \u0107e primljeno nakon procesa rezervacije.<\/li>\n<li>Djeca moraju biti u pratnji odrasle osobe.<\/li>\n<li>Dostupno invalidskim kolicima<\/li>\n<li>Dojen\u010dad moraju sjediti u krilu<\/li>\n<li>Ve\u0107ina putnika mo\u017ee sudjelovati<\/li>\n<\/ol>\n<h4><b><i>Politika otkazivanja<\/i><\/b><\/h4>\n<p>Za puni povrat novca otka\u017eite najmanje 24 sata prije datuma po\u010detka iskustva.<\/p>\n<\/div>\n<\/div>\n<\/div>\n<\/div>\n<\/div>\n<\/div>\n<\/div>\n<\/div>\n<\/div>\n<\/div>\n<\/div>\n<\/div>\n<div class=\"vc_row wpb_row vc_row-fluid\">\n<div class=\"wpb_column vc_column_container vc_col-sm-12\">\n<div class=\"vc_column-inner\">\n<div class=\"wpb_wrapper\">\n<div class=\"vc_empty_space\"><\/div>\n<div class=\"wpb_text_column wpb_content_element\">\n<div class=\"wpb_wrapper\">\n<h4>Kontaktirajte nas?<\/h4>\n<h5><b><i>Booking Adventures<\/i><\/b><\/h5>\n<p><em><strong>Mje\u0161tani<\/strong>\u00a0i\u00a0<strong>Dr\u017eavljani<\/strong>\u00a0Turisti\u010dki vodi\u010di i usluge za goste<\/em><\/p>\n<p><span class=\"text-turquoise\">Rezervacije:<\/span>\u00a0Ture i izleti u Domu Rep.<\/p>\n<p><img decoding=\"async\" class=\"emoji\" src=\"https:\/\/s.w.org\/images\/core\/emoji\/11.2.0\/svg\/1f4de.svg\" alt=\"\ud83d\udcde\" title=\"\">\u00a0Tel\/Whatsapp\u00a0\u00a0<a href=\"tel:+1-809-720-6035\">+1-809-720-6035<\/a>.<\/p>\n<p><img decoding=\"async\" class=\"emoji\" src=\"https:\/\/s.w.org\/images\/core\/emoji\/11.2.0\/svg\/1f4e9.svg\" alt=\"\ud83d\udce9\" title=\"\">\u00a0<a href=\"mailto:info@bookingadventures.com.do\">info@bookingadventures.com.do<\/a><\/p>\n<p><strong>Mi smo fleksibilni i postavljamo privatne obilaske putem Whatsappa:\u00a0<a href=\"tel:+18097206035\">+18097206035.<\/a><\/strong><\/p>\n<\/div>\n<\/div>\n<\/div>\n<\/div>\n<\/div>\n<\/div>\n\n\t\t<\/div>\n\t<\/div>\n<\/div><\/div><\/div><\/div>","protected":false},"excerpt":{"rendered":"<p>Tiny Catalina Island (Isla Catalina), just 1.5 miles (2.4 kilometers) off the Dominican Republic\u2019s mainland, is an idyllic sandy speck in the turquoise Caribbean waters. Known for its well-populated coral reefs, Catalina is a peaceful respite for those looking to escape bustling Punta Cana and La Romana.<\/p>\n<p>Book a Half day trip with us. Catalina Island in a Party Catamaran with Snorkeling!<\/p>\n<p>Odaberite datum izleta:<\/p>","protected":false},"featured_media":470,"template":"","meta":[],"product_brand":[],"product_cat":[373,135,305,122,124],"product_tag":[374,364,260,362,375],"class_list":{"0":"post-244","1":"product","2":"type-product","3":"status-publish","4":"has-post-thumbnail","6":"product_cat-catalina-island-catamaran-and-snorkeling","7":"product_cat-lunch","8":"product_cat-tours-and-excursion-punta-cana","9":"product_cat-tours-and-excursions","10":"product_cat-tours-excursions-samana-bay-dominican-republic","11":"product_tag-catalina-island-snorkeling-dominican-republic","12":"product_tag-cheap-punta-cana-excursions","13":"product_tag-day-trip-punta-cana","14":"product_tag-punta-cana-catamaran-party-with-snorkeling-and-parasailing","15":"product_tag-talina-island-snorkeling","17":"first","18":"onbackorder","19":"sale","20":"virtual","21":"sold-individually","22":"purchasable","23":"product-type-simple"},"_links":{"self":[{"href":"https:\/\/haitises.com\/hr\/wp-json\/wp\/v2\/product\/244","targetHints":{"allow":["GET"]}}],"collection":[{"href":"https:\/\/haitises.com\/hr\/wp-json\/wp\/v2\/product"}],"about":[{"href":"https:\/\/haitises.com\/hr\/wp-json\/wp\/v2\/types\/product"}],"wp:featuredmedia":[{"embeddable":true,"href":"https:\/\/haitises.com\/hr\/wp-json\/wp\/v2\/media\/470"}],"wp:attachment":[{"href":"https:\/\/haitises.com\/hr\/wp-json\/wp\/v2\/media?parent=244"}],"wp:term":[{"taxonomy":"product_brand","embeddable":true,"href":"https:\/\/haitises.com\/hr\/wp-json\/wp\/v2\/product_brand?post=244"},{"taxonomy":"product_cat","embeddable":true,"href":"https:\/\/haitises.com\/hr\/wp-json\/wp\/v2\/product_cat?post=244"},{"taxonomy":"product_tag","embeddable":true,"href":"https:\/\/haitises.com\/hr\/wp-json\/wp\/v2\/product_tag?post=244"}],"curies":[{"name":"wp","href":"https:\/\/api.w.org\/{rel}","templated":true}]}}