{"id":11345,"date":"2021-08-15T20:08:48","date_gmt":"2021-08-15T20:08:48","guid":{"rendered":"http:\/\/haitises.com\/?post_type=product&#038;p=11345"},"modified":"2024-04-05T16:19:58","modified_gmt":"2024-04-05T16:19:58","slug":"parasailing-tour-from-punta-cana-95-usd-2","status":"publish","type":"product","link":"https:\/\/haitises.com\/hr\/privatna\/parasailing-tour-from-punta-cana-95-usd-2\/","title":{"rendered":"Parasailing Tour from Punta Cana 95 USD."},"content":{"rendered":"<p>u<div class=\"vc_row wpb_row vc_row-fluid\" ><div class=\"wpb_column vc_column_container vc_col-sm-12\"><div class=\"vc_column-inner\"><div class=\"wpb_wrapper\">[mkdf_section_title title_tag=\u00bb\u00bb disable_break_words=\u00bbno\u00bb subtitle_tag=\u00bb\u00bb text_font_weight=\u00bb\u00bb title=\u00bb Parasailing Tour from Punta Cana\u00bb subtitle=\u00bbFrom Punta Cana Hotels\u00bb text=\u00bbNote: This tour starts at 7: 00 am Depending where is the Pickup Hotels Time may Change. Extras cost for Pick up in Areas not listed in Our Description.\u00bb]<\/div><\/div><\/div><\/div><div class=\"vc_row wpb_row vc_row-fluid\" ><div class=\"wpb_column vc_column_container vc_col-sm-12\"><div class=\"vc_column-inner\"><div class=\"wpb_wrapper\"><div class=\"vc_empty_space\"   style=\"height: 32px\"><span class=\"vc_empty_space_inner\"><\/span><\/div><\/div><\/div><\/div><\/div><div class=\"vc_row wpb_row vc_row-fluid\" ><div class=\"wpb_column vc_column_container vc_col-sm-12\"><div class=\"vc_column-inner\"><div class=\"wpb_wrapper\">\n\t<div class=\"wpb_text_column wpb_content_element\" >\n\t\t<div class=\"wpb_wrapper\">\n\t\t\t<h4><b><i>Pregled <\/i><\/b><\/h4>\n<div>\n<p>Parasail over the Punta Cana\/Bavaro coastline during this 40-minute activity departing from Punta Cana.\u00a0Benefit from the expertise of one of the most experienced parasail companies in the Dominican Republic, wiith over 60,000 flights since 2001. Get breathtaking views of the beaches, turquoise waters and sprawling resorts that line the shore while flying hundreds of feet in the air. Bring sunscreen, a bathing suit and a sense of adventure. Scenic air tour Travel by boat and see the sights from the water Choice of morning or afternoon departure Free hotel pickup and drop-off included<\/p>\n<\/div>\n<ul class=\"vcs-highlights\">\n<li>Choice of several departures throughout the day<\/li>\n<li>Enjoy fantastic aerial views<\/li>\n<li>Family friendly<\/li>\n<li>Pickup from a centrally located meeting point<\/li>\n<li>Romantic experience, perfect for couples<\/li>\n<\/ul>\n<p>&nbsp;<\/p>\n<h4><b>Uklju\u010divanja i isklju\u010denja<\/b><\/h4>\n<p>&nbsp;<\/p>\n<p><b>Uklju\u010divanja<\/b><\/p>\n<p>&nbsp;<\/p>\n<ol>\n<li>Parasaling Tour<\/li>\n<li>Bus pick up from Your Hotel<\/li>\n<li style=\"font-weight: 400;\"><span style=\"font-weight: 400;\">Svi porezi, naknade i manipulativni tro\u0161kovi<\/span><\/li>\n<li style=\"font-weight: 400;\"><span style=\"font-weight: 400;\">Lokalni porezi<\/span><\/li>\n<li style=\"font-weight: 400;\"><span style=\"font-weight: 400;\">Pi\u0107a<\/span><\/li>\n<\/ol>\n<p><b> Isklju\u010divanja<\/b><\/p>\n<ol>\n<li style=\"font-weight: 400;\"><span style=\"font-weight: 400;\">Napojnice<\/span><\/li>\n<li>Ru\u010dak<\/li>\n<\/ol>\n<p>&nbsp;<\/p>\n<h4><em><strong>Polazak &amp; Povratak<\/strong><\/em><\/h4>\n<p><span style=\"font-weight: 400;\">Putnik \u0107e dobiti mjesto sastanka nakon procesa rezervacije. Ture po\u010dinju i zavr\u0161avaju na na\u0161im sastajali\u0161tima.<\/span><\/p>\n<p>&nbsp;<\/p>\n<h4><b><i>\u0160to o\u010dekivati?<\/i><\/b><\/h4>\n<p>Imagine being raised 150 feet in the air, the cool wind caressing your face while relaxing with a spectacular view of the coast of Bavaro &#8211; Punta Cana. Stop imagining and join us in the exciting ride of parasailing, a truly unforgettable experience. You only need sunscreen and bathing suit, while enjoying the thrill of the ride. Fly with the premiere parasail company of the Dominican Republic. With over 60,000 flights since 2001, our skilled captains and crew are among the most experienced in the business.<\/p>\n<p><strong>Raspored:<\/strong><\/p>\n<p>7:00 AM &#8211; 7:00 PM&#8230; Time change depending on were in Punta Cana you are located.<\/p>\n<p>&nbsp;<\/p>\n<h4><em><strong>\u0160to trebate ponijeti?<\/strong><\/em><\/h4>\n<ul>\n<li style=\"font-weight: 400;\"><span style=\"font-weight: 400;\">fotoaparat<\/span><\/li>\n<li style=\"font-weight: 400;\"><span style=\"font-weight: 400;\">Repelentni pupoljci<\/span><\/li>\n<li style=\"font-weight: 400;\"><span style=\"font-weight: 400;\">krema za sun\u010danje<\/span><\/li>\n<li style=\"font-weight: 400;\"><span style=\"font-weight: 400;\">\u0160e\u0161ir<\/span><\/li>\n<li style=\"font-weight: 400;\"><span style=\"font-weight: 400;\">Udobne hla\u010de<\/span><\/li>\n<li style=\"font-weight: 400;\"><span style=\"font-weight: 400;\">Planinarske cipele za \u0161umu<\/span><\/li>\n<li style=\"font-weight: 400;\"><span style=\"font-weight: 400;\">Sandale za pla\u017eu<\/span><\/li>\n<li style=\"font-weight: 400;\"><span style=\"font-weight: 400;\">Odje\u0107a za kupanje<\/span><\/li>\n<li>Gotovina za suvenire<\/li>\n<\/ul>\n<p>&nbsp;<\/p>\n<h4><b><i>Preuzimanje iz hotela <\/i><\/b><\/h4>\n<p><span style=\"font-weight: 400;\">Nudi se preuzimanje putnika!<\/span><\/p>\n<p><span style=\"font-weight: 400;\">Dovozimo iz svih hotela u Punta Cani. Lokacija preuzimanja je predvorje hotela<br \/>\nAko odsjedate u stanu u okolici, pokupit \u0107emo vas u stanu ili na ulazu u najbli\u017ee odmarali\u0161te. Postavili smo da nas preuzimanje kontaktira putem Whatsappa.<\/span><\/p>\n<p><b>Bilje\u0161ka:<\/b><span style=\"font-weight: 400;\"> Ako ste rezervirani unutar 24 sata od vremena polaska ture\/izleta, mo\u017eemo organizirati prijevoz iz hotela. Nakon \u0161to je va\u0161a kupnja dovr\u0161ena, poslat \u0107emo vam potpune podatke za kontakt (telefonski broj, adresu e-po\u0161te, itd.) za na\u0161eg lokalnog vodi\u010da kako bismo organizirali preuzimanje.<\/span><\/p>\n<h4><b><i>Potvrda dodatnih informacija <\/i><\/b><\/h4>\n<ol>\n<li>Ulaznice su ra\u010dun nakon pla\u0107anja ovog putovanja. Uplatu mo\u017eete prikazati na svom telefonu.<\/li>\n<li style=\"font-weight: 400;\"><span style=\"font-weight: 400;\">Mjesto sastanka bit \u0107e primljeno nakon procesa rezervacije.<\/span><\/li>\n<li style=\"font-weight: 400;\"><span style=\"font-weight: 400;\">Djeca moraju biti u pratnji odrasle osobe.<\/span><\/li>\n<li style=\"font-weight: 400;\"><span style=\"font-weight: 400;\">Dostupno invalidskim kolicima <\/span><\/li>\n<li style=\"font-weight: 400;\"><span style=\"font-weight: 400;\">Dojen\u010dad moraju sjediti u krilu <\/span><\/li>\n<li style=\"font-weight: 400;\"><span style=\"font-weight: 400;\">Ve\u0107ina putnika mo\u017ee sudjelovati<\/span><\/li>\n<\/ol>\n<h4><b><i>Politika otkazivanja<\/i><\/b><\/h4>\n<p><span style=\"font-weight: 400;\">Za puni povrat novca otka\u017eite najmanje 24 sata prije datuma po\u010detka iskustva.<\/span><\/p>\n\n\t\t<\/div>\n\t<\/div>\n<\/div><\/div><\/div><\/div><div class=\"vc_row wpb_row vc_row-fluid\" ><div class=\"wpb_column vc_column_container vc_col-sm-12\"><div class=\"vc_column-inner\"><div class=\"wpb_wrapper\">\n\t<div class=\"wpb_text_column wpb_content_element\" >\n\t\t<div class=\"wpb_wrapper\">\n\t\t\t<h4>Kontaktirajte nas?<\/h4>\n<h5><em><strong>Booking Adventures<\/strong><\/em><\/h5>\n<p><em><strong>Mje\u0161tani<\/strong> i <strong>Dr\u017eavljani<\/strong> Turisti\u010dki vodi\u010di i usluge za goste<\/em><\/p>\n<p><span class=\"text-turquoise\">Rezervacije:<\/span> Ture i izleti u Domu Rep.<\/p>\n\n\t\t<\/div>\n\t<\/div>\n<\/div><\/div><\/div><\/div><div class=\"vc_row wpb_row vc_row-fluid\" ><div class=\"wpb_column vc_column_container vc_col-sm-12\"><div class=\"vc_column-inner\"><div class=\"wpb_wrapper\"><div class=\"vc_empty_space\"   style=\"height: 32px\"><span class=\"vc_empty_space_inner\"><\/span><\/div>\n\t<div class=\"wpb_text_column wpb_content_element\" >\n\t\t<div class=\"wpb_wrapper\">\n\t\t\t<h4>Kontaktirajte nas?<\/h4>\n<h5>Booking Adventures<\/h5>\n<p><em><strong>Mje\u0161tani<\/strong>\u00a0i\u00a0<strong>Dr\u017eavljani<\/strong>\u00a0Turisti\u010dki vodi\u010di i usluge za goste<\/em><\/p>\n<p><span class=\"text-turquoise\">Rezervacije:<\/span>\u00a0Ture i izleti u Domu Rep.<\/p>\n<p><img decoding=\"async\" class=\"emoji\" draggable=\"false\" src=\"https:\/\/s.w.org\/images\/core\/emoji\/11.2.0\/svg\/1f4de.svg\" alt=\"\ud83d\udcde\" title=\"\">\u00a0Tel\/Whatsapp\u00a0\u00a0<a href=\"tel:+1-809-720-6035\">+1-809-720-6035<\/a>.<\/p>\n<p><img decoding=\"async\" class=\"emoji\" draggable=\"false\" src=\"https:\/\/s.w.org\/images\/core\/emoji\/11.2.0\/svg\/1f4e9.svg\" alt=\"\ud83d\udce9\" title=\"\">\u00a0<a href=\"mailto:info@bookingadventures.com.do\">info@bookingadventures.com.do<\/a><\/p>\n<p><strong>Mi smo fleksibilni i postavljamo privatne obilaske putem Whatsappa:\u00a0<a href=\"tel:+18097206035\">+18097206035.<\/a><\/strong><\/p>\n\n\t\t<\/div>\n\t<\/div>\n<div class=\"vc_empty_space\"   style=\"height: 32px\"><span class=\"vc_empty_space_inner\"><\/span><\/div><\/div><\/div><\/div><\/div>","protected":false},"excerpt":{"rendered":"<p>Parasailing in Punta Cana is an incredible adventure and one of the best things to do in Punta Cana. The coastline from 200 feet in the air, while you sail, is absolutely stunning.<\/p>\n<p>\u200bParasailing is a simple and fun experience for all the members of the family. As the main parasailing and adventure company in the Dominican Republic, our Parasailing team is among the most experienced in Punta Cana, with more than 16 years of experience in flights. You can enjoy about 15 minutes of flight while enjoying the beautiful panoramic view.<\/p>\n<p>&nbsp;<\/p>\n<p><em><strong>Odaberite datum obilaska\u00a0<\/strong><\/em><\/p>","protected":false},"featured_media":451,"template":"","meta":[],"product_brand":[],"product_cat":[359,305,122,259],"product_tag":[167,360,361,141,362,228,171],"class_list":{"0":"post-11345","1":"product","2":"type-product","3":"status-publish","4":"has-post-thumbnail","6":"product_cat-parasaling","7":"product_cat-tours-and-excursion-punta-cana","8":"product_cat-tours-and-excursions","9":"product_cat-tours-excursions-punta-cana-dominican-republic","10":"product_tag-catamaran","11":"product_tag-parasail-punta-cana","12":"product_tag-parasailing-in-punta-cana","13":"product_tag-punta-cana","14":"product_tag-punta-cana-catamaran-party-with-snorkeling-and-parasailing","15":"product_tag-punta-cana-tours","16":"product_tag-saona-island","18":"first","19":"instock","20":"sale","21":"featured","22":"sold-individually","23":"shipping-taxable","24":"product-type-external"},"_links":{"self":[{"href":"https:\/\/haitises.com\/hr\/wp-json\/wp\/v2\/product\/11345","targetHints":{"allow":["GET"]}}],"collection":[{"href":"https:\/\/haitises.com\/hr\/wp-json\/wp\/v2\/product"}],"about":[{"href":"https:\/\/haitises.com\/hr\/wp-json\/wp\/v2\/types\/product"}],"wp:featuredmedia":[{"embeddable":true,"href":"https:\/\/haitises.com\/hr\/wp-json\/wp\/v2\/media\/451"}],"wp:attachment":[{"href":"https:\/\/haitises.com\/hr\/wp-json\/wp\/v2\/media?parent=11345"}],"wp:term":[{"taxonomy":"product_brand","embeddable":true,"href":"https:\/\/haitises.com\/hr\/wp-json\/wp\/v2\/product_brand?post=11345"},{"taxonomy":"product_cat","embeddable":true,"href":"https:\/\/haitises.com\/hr\/wp-json\/wp\/v2\/product_cat?post=11345"},{"taxonomy":"product_tag","embeddable":true,"href":"https:\/\/haitises.com\/hr\/wp-json\/wp\/v2\/product_tag?post=11345"}],"curies":[{"name":"wp","href":"https:\/\/api.w.org\/{rel}","templated":true}]}}