{"id":11316,"date":"2021-08-15T20:08:36","date_gmt":"2021-08-15T20:08:36","guid":{"rendered":"http:\/\/haitises.com\/?post_type=product&#038;p=11316"},"modified":"2024-04-10T16:08:18","modified_gmt":"2024-04-10T16:08:18","slug":"nacionalni-park-los-haitises-plaza-playa-el-rincon-2","status":"publish","type":"product","link":"https:\/\/haitises.com\/hr\/privatna\/nacionalni-park-los-haitises-plaza-playa-el-rincon-2\/","title":{"rendered":"Nacionalni park Los Haitises + pla\u017ea Playa el Rinc\u00f3n"},"content":{"rendered":"<div class=\"vc_row wpb_row vc_row-fluid\" ><div class=\"wpb_column vc_column_container vc_col-sm-12\"><div class=\"vc_column-inner\"><div class=\"wpb_wrapper\">[mkdf_section_title title_tag=\u00bb\u00bb disable_break_words=\u00bbno\u00bb subtitle_tag=\u00bb\u00bb title=\u00bbLos Haitises National Park + Playa el Rinc\u00f3n beach\u00bb subtitle=\u00bbCaves, Mangroves, Lunch &amp; Swimming at The Beach\u00bb]<\/div><\/div><\/div><\/div><div class=\"vc_row wpb_row vc_row-fluid\" ><div class=\"wpb_column vc_column_container vc_col-sm-12\"><div class=\"vc_column-inner\"><div class=\"wpb_wrapper\">\n\t<div class=\"wpb_text_column wpb_content_element\" >\n\t\t<div class=\"wpb_wrapper\">\n\t\t\t<h4><b><i>Pregled <\/i><\/b><\/h4>\n<p>Nacionalni park Los Haitises i Playa El Rincon s ru\u010dkom na pla\u017ei. Po\u0111ite s nama i posjetite najljep\u0161i nacionalni park Dominikanske Republike, posjetite mangrove, \u0161pilje i zaljev San Lorenzo. Nakon povratka u luku Samana na privatni izlet do pla\u017ee Playa El Rincon s ru\u010dkom na pla\u017ei<\/p>\n<p>Nakon ovog iskustva, dobit \u0107ete svoje vrijeme na pla\u017ei plus lokalni ru\u010dak na pla\u017ei.<\/p>\n<ul>\n<li style=\"font-weight: 400;\"><span style=\"font-weight: 400;\">Uklju\u010duje buffet ru\u010dak na pla\u017ei <\/span><\/li>\n<li style=\"font-weight: 400;\">Naknade uklju\u010dene<\/li>\n<li style=\"font-weight: 400;\"><span style=\"font-weight: 400;\">Vodi\u010d daje upute i nadzor<\/span><\/li>\n<\/ul>\n<p>&nbsp;<\/p>\n<h4><b>Uklju\u010divanja i isklju\u010denja<\/b><\/h4>\n<p>&nbsp;<\/p>\n<p><b>Uklju\u010divanja<\/b><\/p>\n<ol>\n<li style=\"font-weight: 400;\"><span style=\"font-weight: 400;\">\u00a0ru\u010dak na pla\u017ei<\/span><\/li>\n<li style=\"font-weight: 400;\">Obilazak Los Haitises + pla\u017ea El Rincon<\/li>\n<li style=\"font-weight: 400;\"><span style=\"font-weight: 400;\">Svi porezi, naknade i manipulativni tro\u0161kovi<\/span><\/li>\n<li style=\"font-weight: 400;\"><span style=\"font-weight: 400;\">Lokalni porezi<\/span><\/li>\n<li style=\"font-weight: 400;\"><span style=\"font-weight: 400;\">Pi\u0107a<\/span><\/li>\n<li style=\"font-weight: 400;\"><span style=\"font-weight: 400;\">Sve aktivnosti<\/span><\/li>\n<li style=\"font-weight: 400;\"><span style=\"font-weight: 400;\">Lokalni vodi\u010d<\/span><\/li>\n<\/ol>\n<p><b> Isklju\u010divanja<\/b><\/p>\n<ol>\n<li style=\"font-weight: 400;\"><span style=\"font-weight: 400;\">Napojnice<\/span><\/li>\n<li style=\"font-weight: 400;\"><span style=\"font-weight: 400;\">Prijenos<\/span><\/li>\n<li style=\"font-weight: 400;\"><span style=\"font-weight: 400;\">Alkoholna pi\u0107a<\/span><\/li>\n<\/ol>\n<p>&nbsp;<\/p>\n<h4><em><strong>Polazak &amp; Povratak<\/strong><\/em><\/h4>\n<p><span style=\"font-weight: 400;\">Putnik \u0107e dobiti mjesto sastanka nakon procesa rezervacije. Ture po\u010dinju i zavr\u0161avaju na na\u0161im sastajali\u0161tima.<\/span><\/p>\n<p>&nbsp;<\/p>\n<h4><b><i>\u0160to o\u010dekivati?<\/i><\/b><\/h4>\n<p>&nbsp;<\/p>\n<p><em><strong>Nabavite svoje ulaznice<\/strong><\/em> za posjet Nacionalnom parku Los Haitises s prekrasnim ru\u010dkom na pla\u017ei Playa El Rincon.<\/p>\n<p><span style=\"font-weight: 400;\">The tour, organized by \u00abBooking Adventures\u00bb starts at the meeting point set with the Tour Guide.<\/span><\/p>\n<div class=\"teaser-description\">Krenite na izlet brodom kroz zaljev Samana da biste posjetili Nacionalni park Los Haitises, prolaze\u0107i kroz mo\u010dvare mangrova, pokraj drevnih gusarskih \u0161pilja i u za\u0161ti\u0107ene \u0161ume u ovom slikovitom rezervatu.<\/div>\n<div class=\"body-description secondary\">\n<p>Do\u0111ite s Booking Adventuresom i po\u010dnite provjeravati neke mangrove pune ptica, valovita brda s bujnom vegetacijom i \u0161pilje <em><strong>Nacionalni park Los Haitises<\/strong><\/em>. Izlet brodom iz luke Samana.<\/p>\n<p>Naziv nacionalnog parka dolazi od njegovih izvornih stanovnika, Taino Indijanaca. Na njihovom jeziku &quot;Haitises&quot; zna\u010di gorje ili brda, \u0161to se odnosi na strme geolo\u0161ke formacije obale s vapnencima. Odva\u017eite se dublje u park kako biste istra\u017eili \u0161pilje poput <em><strong>Pje\u0161\u010dana \u0161pilja<\/strong><\/em> i <strong><em>\u0160pilja LINE.<\/em><\/strong> \u0160pilje u rezervatu koristili su kao skloni\u0161te Taino Indijanci, a kasnije gusari koji su se skrivali. Potra\u017eite crte\u017ee Indijanaca koji ukra\u0161avaju neke od zidova.<\/p>\n<p>Nakon posjeta Nacionalnom parku Los Haitises, uzet \u0107emo brod i pro\u0107i kroz mangrove i kopno u otvorenom zaljevu San Lorenzo izravno do luke Saman\u00e1. U luci Saman\u00e1 idemo na\u0161im privatnim prijevozom do pla\u017ee El Rinc\u00f3n na ru\u010dak.<\/p>\n<p>Ru\u010dak \u0107e biti ukusan, ali jo\u0161 nismo zavr\u0161ili. Nakon ru\u010dka, imat \u0107ete vremena za u\u017eivanje na pla\u017ei ili jednostavno sjesti u hlad i u\u017eivati u Pi\u00f1a Coladi ili Coco Loco u jednom od tipi\u010dnih dominikanskih barova. Oko 16:30 polazak s pla\u017ee i povratak u Saman\u00e1.<\/p>\n<\/div>\n<p>Na pla\u017ei mo\u017eete ostati koliko god \u017eelite kupaju\u0107i se. Pr\u017eena riba i Tostones su u ponudi! Ako ste vegan, tako\u0111er mo\u017eemo pripremiti hranu za vas.<\/p>\n<p>&nbsp;<\/p>\n<h4><em><strong>\u0160to trebate ponijeti?<\/strong><\/em><\/h4>\n<ul>\n<li style=\"font-weight: 400;\"><span style=\"font-weight: 400;\">fotoaparat<\/span><\/li>\n<li style=\"font-weight: 400;\"><span style=\"font-weight: 400;\">Repelentni pupoljci<\/span><\/li>\n<li style=\"font-weight: 400;\"><span style=\"font-weight: 400;\">krema za sun\u010danje<\/span><\/li>\n<li style=\"font-weight: 400;\"><span style=\"font-weight: 400;\">\u0160e\u0161ir<\/span><\/li>\n<li style=\"font-weight: 400;\"><span style=\"font-weight: 400;\">Udobne hla\u010de<\/span><\/li>\n<li style=\"font-weight: 400;\"><span style=\"font-weight: 400;\">Planinarske cipele za \u0161umu<\/span><\/li>\n<li style=\"font-weight: 400;\"><span style=\"font-weight: 400;\">Sandale za pla\u017eu<\/span><\/li>\n<li style=\"font-weight: 400;\"><span style=\"font-weight: 400;\">Odje\u0107a za kupanje<\/span><\/li>\n<\/ul>\n<p>&nbsp;<\/p>\n<h4><b><i>Preuzimanje iz hotela <\/i><\/b><\/h4>\n<p><span style=\"font-weight: 400;\">Prijevoz iz hotela nije ponu\u0111en za ovaj izlet. <\/span><\/p>\n<p>&nbsp;<\/p>\n<p><b>Bilje\u0161ka:<\/b><span style=\"font-weight: 400;\"> Ako ste rezervirali unutar 24 sata od vremena polaska putovanja\/izleta, mo\u017eemo organizirati prijevoz iz hotela uz dodatne naknade. Nakon \u0161to je va\u0161a kupnja dovr\u0161ena, poslat \u0107emo vam potpune podatke za kontakt (telefonski broj, adresu e-po\u0161te, itd.) za na\u0161eg lokalnog vodi\u010da kako bismo organizirali preuzimanje.<\/span><\/p>\n<h4><b><i>Potvrda dodatnih informacija <\/i><\/b><\/h4>\n<ol>\n<li>Ulaznice su ra\u010dun nakon pla\u0107anja ovog putovanja. Uplatu mo\u017eete prikazati na svom telefonu.<\/li>\n<li style=\"font-weight: 400;\"><span style=\"font-weight: 400;\">Mjesto sastanka bit \u0107e primljeno nakon procesa rezervacije.<\/span><\/li>\n<li style=\"font-weight: 400;\"><span style=\"font-weight: 400;\">Djeca moraju biti u pratnji odrasle osobe.<\/span><\/li>\n<li style=\"font-weight: 400;\"><span style=\"font-weight: 400;\"> Nije pristupa\u010dno za invalidska kolica <\/span><\/li>\n<li style=\"font-weight: 400;\"><span style=\"font-weight: 400;\">Dojen\u010dad moraju sjediti u krilu <\/span><\/li>\n<li style=\"font-weight: 400;\"><span style=\"font-weight: 400;\">Ne preporu\u010duje se putnicima koji imaju problema s le\u0111ima<\/span><\/li>\n<li style=\"font-weight: 400;\"><span style=\"font-weight: 400;\">Ne preporu\u010duje se trudnicama koje putuju <\/span><\/li>\n<li style=\"font-weight: 400;\"><span style=\"font-weight: 400;\"> Nema problema sa srcem ili drugih ozbiljnih zdravstvenih stanja <\/span><\/li>\n<li style=\"font-weight: 400;\"><span style=\"font-weight: 400;\">Ve\u0107ina putnika mo\u017ee sudjelovati<\/span><\/li>\n<\/ol>\n<h4><b><i>Politika otkazivanja<\/i><\/b><\/h4>\n<p><span style=\"font-weight: 400;\">Za puni povrat novca otka\u017eite najmanje 24 sata prije datuma po\u010detka iskustva.<\/span><\/p>\n\n\t\t<\/div>\n\t<\/div>\n<div class=\"vc_empty_space\"   style=\"height: 32px\"><span class=\"vc_empty_space_inner\"><\/span><\/div><\/div><\/div><\/div><\/div><div class=\"vc_row wpb_row vc_row-fluid\" ><div class=\"wpb_column vc_column_container vc_col-sm-12\"><div class=\"vc_column-inner\"><div class=\"wpb_wrapper\"><\/div><\/div><\/div><\/div>","protected":false},"excerpt":{"rendered":"<p>Nacionalni park Los Haitises i Playa El Rinc\u00f3n s ru\u010dkom na pla\u017ei. Po\u0111ite s nama i posjetite najljep\u0161i nacionalni park Dominikanske Republike, posjetite mangrove, \u0161pilje i zaljev San Lorenzo. Nakon povratka u luku Saman\u00e1 na privatni izlet do pla\u017ee Playa El Rinc\u00f3n s ru\u010dkom na pla\u017ei.<\/p>\n<p>Ovdje nabavite svoje ulaznice s ponudama\u2026<\/p>\n<p>&nbsp;<\/p>\n<p><strong>Odaberite datum obilaska\u00a0<\/strong><\/p>","protected":false},"featured_media":227,"template":"","meta":[],"product_brand":[],"product_cat":[98,135,124,154],"product_tag":[138,195,196,142,147,148,143],"class_list":{"0":"post-11316","1":"product","2":"type-product","3":"status-publish","4":"has-post-thumbnail","6":"product_cat-local-tour-guides","7":"product_cat-lunch","8":"product_cat-tours-excursions-samana-bay-dominican-republic","9":"product_cat-trails-or-paths","10":"product_tag-beach-time","11":"product_tag-el-rincon-beach","12":"product_tag-playa-el-rincon","13":"product_tag-samana","14":"product_tag-samana-bay","15":"product_tag-samana-excursions","16":"product_tag-samana-tours","18":"first","19":"instock","20":"sale","21":"sold-individually","22":"shipping-taxable","23":"product-type-external"},"_links":{"self":[{"href":"https:\/\/haitises.com\/hr\/wp-json\/wp\/v2\/product\/11316","targetHints":{"allow":["GET"]}}],"collection":[{"href":"https:\/\/haitises.com\/hr\/wp-json\/wp\/v2\/product"}],"about":[{"href":"https:\/\/haitises.com\/hr\/wp-json\/wp\/v2\/types\/product"}],"wp:featuredmedia":[{"embeddable":true,"href":"https:\/\/haitises.com\/hr\/wp-json\/wp\/v2\/media\/227"}],"wp:attachment":[{"href":"https:\/\/haitises.com\/hr\/wp-json\/wp\/v2\/media?parent=11316"}],"wp:term":[{"taxonomy":"product_brand","embeddable":true,"href":"https:\/\/haitises.com\/hr\/wp-json\/wp\/v2\/product_brand?post=11316"},{"taxonomy":"product_cat","embeddable":true,"href":"https:\/\/haitises.com\/hr\/wp-json\/wp\/v2\/product_cat?post=11316"},{"taxonomy":"product_tag","embeddable":true,"href":"https:\/\/haitises.com\/hr\/wp-json\/wp\/v2\/product_tag?post=11316"}],"curies":[{"name":"wp","href":"https:\/\/api.w.org\/{rel}","templated":true}]}}