{"id":11079,"date":"2021-04-09T10:46:13","date_gmt":"2021-04-09T10:46:13","guid":{"rendered":"http:\/\/haitises.com\/product\/import-placeholder-for-12421\/"},"modified":"2021-04-09T10:48:28","modified_gmt":"2021-04-09T10:48:28","slug":"los-haitises-mountain-bike-kayaks","status":"publish","type":"product","link":"https:\/\/haitises.com\/hr\/privatna\/los-haitises-mountain-bike-kayaks\/","title":{"rendered":"Brdski bicikl Los Haitises + kajaci"},"content":{"rendered":"<div class=\"vc_row wpb_row vc_row-fluid\" ><div class=\"wpb_column vc_column_container vc_col-sm-12\"><div class=\"vc_column-inner\"><div class=\"wpb_wrapper\"><div class=\"vc_empty_space\"   style=\"height: 32px\"><span class=\"vc_empty_space_inner\"><\/span><\/div><\/div><\/div><\/div><\/div><div class=\"vc_row wpb_row vc_row-fluid\" ><div class=\"wpb_column vc_column_container vc_col-sm-12\"><div class=\"vc_column-inner\"><div class=\"wpb_wrapper\">[mkdf_section_title title_tag=\u00bb\u00bb disable_break_words=\u00bbno\u00bb subtitle_tag=\u00bb\u00bb title=\u00bbLos Haitises Mountain Bike + Kayaks \u00bb subtitle=\u00bbBike,Mangroves, Kayaks, Caves and More.\u00bb]<\/div><\/div><\/div><\/div><div class=\"vc_row wpb_row vc_row-fluid\" ><div class=\"wpb_column vc_column_container vc_col-sm-12\"><div class=\"vc_column-inner\"><div class=\"wpb_wrapper\"><div class=\"vc_empty_space\"   style=\"height: 32px\"><span class=\"vc_empty_space_inner\"><\/span><\/div><\/div><\/div><\/div><\/div><div class=\"vc_row wpb_row vc_row-fluid\" ><div class=\"wpb_column vc_column_container vc_col-sm-12\"><div class=\"vc_column-inner\"><div class=\"wpb_wrapper\">\n\t<div class=\"wpb_text_column wpb_content_element\" >\n\t\t<div class=\"wpb_wrapper\">\n\t\t\t<h5><strong>Pregled<\/strong><\/h5>\n<p><span style=\"font-weight: 400;\">Putujte s lokalnim stru\u010dnjakom i steknite jedinstveno iskustvo vo\u017enje biciklom po\u010dev\u0161i od Sabana de la Mar, ova tura \u0107e vas odvesti okolo da vidite prekrasan krajolik sela Dominikanske Republike. Dok budete vozili bicikl, mo\u0107i \u0107ete pozdraviti! farmeri koji ja\u0161u svoje konje ili motocikl do svog imanja i tijekom obilaska, mo\u0107i \u0107ete se upustiti u avanturu i lokalnu kulturu iz Sabana de la Mar. Neke \u010dinjenice o Los Haitises: jedna je od najve\u0107ih vapnena\u010dkih formacija na svijetu, mjesto za o\u010duvanje endemskih vrsta, Lokacija s ve\u0107inom bioraznolikosti otoka i jedna od najve\u0107ih \u0161uma mangrova Quisqueya.<\/span><\/p>\n<p>&nbsp;<\/p>\n<p><strong>Uklju\u010divanja i isklju\u010denja<\/strong><\/p>\n<p>&nbsp;<\/p>\n<p><strong>Uklju\u010divanja<\/strong><\/p>\n<p><span style=\"font-weight: 400;\">biciklizam<\/span><\/p>\n<p><span style=\"font-weight: 400;\">Vo\u017enja kajakom<\/span><\/p>\n<p><span style=\"font-weight: 400;\">grickalice<\/span><\/p>\n<p><span style=\"font-weight: 400;\">1 boca vode\u00a0<\/span><\/p>\n<p><span style=\"font-weight: 400;\">Komplet prve pomo\u0107i\u00a0<\/span><\/p>\n<p><span style=\"font-weight: 400;\">Svi porezi, naknade i manipulativni tro\u0161kovi<\/span><\/p>\n<p><span style=\"font-weight: 400;\">Lokalni porezi<\/span><\/p>\n<p><span style=\"font-weight: 400;\">Slu\u017ebenici, ekolozi, turisti\u010dki vodi\u010di engleski\/\u0161panjolski<\/span><\/p>\n<p>&nbsp;<\/p>\n<p><strong>Isklju\u010divanja<\/strong><\/p>\n<p><span style=\"font-weight: 400;\">Napojnice<\/span><\/p>\n<p><span style=\"font-weight: 400;\">Prijenos<\/span><\/p>\n<p><span style=\"font-weight: 400;\">Pi\u0107e<\/span><\/p>\n<p><span style=\"font-weight: 400;\">\u00a0<\/span><\/p>\n<p>&nbsp;<\/p>\n<p><span style=\"font-weight: 400;\">Polazak &amp; Povratak<\/span><\/p>\n<p>&nbsp;<\/p>\n<p><span style=\"font-weight: 400;\">Tura u organizaciji \u201cBooking Adventures\u201d po\u010dinje na mjestu susreta s vodi\u010dem. Putnik \u0107e dobiti mjesto sastanka nakon procesa rezervacije. Ture po\u010dinju i zavr\u0161avaju na na\u0161im sastajali\u0161tima.<\/span><\/p>\n<p>&nbsp;<\/p>\n<p><span style=\"font-weight: 400;\">\u0160to o\u010dekivati?<\/span><\/p>\n<p>&nbsp;<\/p>\n<p><span style=\"font-weight: 400;\">Nabavite kartu za vo\u017enju biciklom i kajakom u Sabani de la Mar\u00a0<\/span><\/p>\n<p>&nbsp;<\/p>\n<p><span style=\"font-weight: 400;\">Ovaj izlet po\u010dinje od mjesta susreta koje morate potvrditi s na\u0161im putni\u010dkim agentima ili svojim vodi\u010dem prije nego krenete na bilo koje mjesto. Nakon \u0161to upoznate svog vodi\u010da, dobit \u0107ete izvje\u0161\u0107e o obilasku i svemu vezanom za va\u0161 dan.<\/span><\/p>\n<p>&nbsp;<\/p>\n<p><span style=\"font-weight: 400;\">Kada svi budu spremni uputit \u0107emo se u luku Nacionalnog parka Los Haitises gdje \u0107ete kajak zapo\u010deti na rijeci Cano Hondo koja zavr\u0161ava u zaljevu San Lorenzo, ovo je mali zaljev od samo 10 km2 i dva sata \u0107ete sami izroniti u razli\u010ditim ekosustavima Haitisa.\u00a0<\/span><\/p>\n<p>&nbsp;<\/p>\n<p><span style=\"font-weight: 400;\">Tijekom ovog dijela va\u0161eg putovanja veslat \u0107ete po \u0161umi mangrova koja je druga po veli\u010dini na otoku s vi\u0161e od 90 km2, a kada do\u0111ete do zaljeva San Lorenzo vidjet \u0107ete poluotok i zaljev Samana.\u00a0<\/span><\/p>\n<p>&nbsp;<\/p>\n<p><span style=\"font-weight: 400;\">Tijekom vo\u017enje kajakom postoji mogu\u0107nost da vidite neke dupine, ptice poput plave \u010daplje, sive \u010daplje, vrane, sme\u0111eg pelikana, kraljevske \u010digre, veli\u010danstvene fregate i jedinstvene poglede na Nacionalni park Los Haitises. Nakon 4 sata i pol sata aktivnosti u Nacionalnom parku Los Haitises i Sabana de la Mar, ovaj izlet zavr\u0161ava na istom mjestu gdje je i zapo\u010deo.<\/span><\/p>\n<p>&nbsp;<\/p>\n<p><span style=\"font-weight: 400;\">Napomena: Ove ture su s turisti\u010dkim vodi\u010dima slu\u017ebenih ekologa. Rezervirajte na vrijeme jer u parku nema previ\u0161e stru\u010dnjaka.<\/span><\/p>\n<p>&nbsp;<\/p>\n<p><span style=\"font-weight: 400;\">\u00a0<\/span><\/p>\n<p>&nbsp;<\/p>\n<p><span style=\"font-weight: 400;\">\u0160to trebate ponijeti?<\/span><\/p>\n<ul>\n<li style=\"font-weight: 400;\" aria-level=\"1\"><span style=\"font-weight: 400;\">fotoaparat<\/span><\/li>\n<li style=\"font-weight: 400;\" aria-level=\"1\"><span style=\"font-weight: 400;\">Repelentni pupoljci<\/span><\/li>\n<li style=\"font-weight: 400;\" aria-level=\"1\"><span style=\"font-weight: 400;\">krema za sun\u010danje<\/span><\/li>\n<li style=\"font-weight: 400;\" aria-level=\"1\"><span style=\"font-weight: 400;\">\u0160e\u0161ir<\/span><\/li>\n<li style=\"font-weight: 400;\" aria-level=\"1\"><span style=\"font-weight: 400;\">Udobne hla\u010de<\/span><\/li>\n<li style=\"font-weight: 400;\" aria-level=\"1\"><span style=\"font-weight: 400;\">Tenisice\u00a0<\/span><\/li>\n<li style=\"font-weight: 400;\" aria-level=\"1\"><span style=\"font-weight: 400;\">Sandale za kajak\u00a0<\/span><\/li>\n<li style=\"font-weight: 400;\" aria-level=\"1\"><span style=\"font-weight: 400;\">Odje\u0107a za kupanje<\/span><\/li>\n<li style=\"font-weight: 400;\" aria-level=\"1\"><span style=\"font-weight: 400;\">Ru\u010dnici\u00a0<\/span><\/li>\n<\/ul>\n<p>&nbsp;<\/p>\n<h4><b><i>Preuzimanje iz hotela <\/i><\/b><\/h4>\n<p><span style=\"font-weight: 400;\">Prijevoz iz hotela nije ponu\u0111en za ovaj izlet. <\/span><\/p>\n<p>&nbsp;<\/p>\n<p><b>Bilje\u0161ka:<\/b><span style=\"font-weight: 400;\"> Ako ste rezervirali unutar 24 sata od vremena polaska putovanja\/izleta, mo\u017eemo organizirati prijevoz iz hotela uz dodatne naknade. Nakon \u0161to je va\u0161a kupnja dovr\u0161ena, poslat \u0107emo vam potpune podatke za kontakt (telefonski broj, adresu e-po\u0161te, itd.) za na\u0161eg lokalnog vodi\u010da kako bismo organizirali preuzimanje.<\/span><\/p>\n<h4><b><i>Potvrda dodatnih informacija <\/i><\/b><\/h4>\n<ol>\n<li>Ulaznice su ra\u010dun nakon pla\u0107anja ovog izleta. Uplatu mo\u017eete prikazati na svom telefonu.<\/li>\n<li style=\"font-weight: 400;\"><span style=\"font-weight: 400;\">Mjesto sastanka bit \u0107e primljeno nakon procesa rezervacije.<\/span><\/li>\n<li style=\"font-weight: 400;\"><span style=\"font-weight: 400;\">Djeca moraju biti u pratnji odrasle osobe.<\/span><\/li>\n<li style=\"font-weight: 400;\"><span style=\"font-weight: 400;\"> Nije pristupa\u010dno za invalidska kolica <\/span><\/li>\n<li style=\"font-weight: 400;\"><span style=\"font-weight: 400;\">Dojen\u010dad moraju sjediti u krilu <\/span><\/li>\n<li style=\"font-weight: 400;\"><span style=\"font-weight: 400;\">Ne preporu\u010duje se putnicima koji imaju problema s le\u0111ima<\/span><\/li>\n<li style=\"font-weight: 400;\"><span style=\"font-weight: 400;\">Ne preporu\u010duje se trudnicama koje putuju <\/span><\/li>\n<li style=\"font-weight: 400;\"><span style=\"font-weight: 400;\"> Nema problema sa srcem ili drugih ozbiljnih zdravstvenih stanja <\/span><\/li>\n<li style=\"font-weight: 400;\"><span style=\"font-weight: 400;\">Ve\u0107ina putnika mo\u017ee sudjelovati<\/span><\/li>\n<\/ol>\n<h4><b><i>Politika otkazivanja<\/i><\/b><\/h4>\n<p><span style=\"font-weight: 400;\">Za puni povrat novca otka\u017eite najmanje 24 sata prije datuma po\u010detka iskustva.<\/span><\/p>\n\n\t\t<\/div>\n\t<\/div>\n<\/div><\/div><\/div><\/div><div class=\"vc_row wpb_row vc_row-fluid\" ><div class=\"wpb_column vc_column_container vc_col-sm-12\"><div class=\"vc_column-inner\"><div class=\"wpb_wrapper\"><div class=\"vc_empty_space\"   style=\"height: 32px\"><span class=\"vc_empty_space_inner\"><\/span><\/div>\n\t<div class=\"wpb_text_column wpb_content_element\" >\n\t\t<div class=\"wpb_wrapper\">\n\t\t\t<h4>Kontaktirajte nas?<\/h4>\n<h5>Booking Adventures<\/h5>\n<p><em><strong>Mje\u0161tani<\/strong>\u00a0i\u00a0<strong>Dr\u017eavljani<\/strong>\u00a0Turisti\u010dki vodi\u010di i usluge za goste<\/em><\/p>\n<p><span class=\"text-turquoise\">Rezervacije:<\/span>\u00a0Ture i izleti u Domu Rep.<\/p>\n<p><img decoding=\"async\" class=\"emoji\" draggable=\"false\" src=\"https:\/\/s.w.org\/images\/core\/emoji\/11.2.0\/svg\/1f4de.svg\" alt=\"\ud83d\udcde\" title=\"\">\u00a0Tel\/Whatsapp\u00a0\u00a0<a href=\"tel:+1-809-720-6035\">+1-809-720-6035<\/a>.<\/p>\n<p><img decoding=\"async\" class=\"emoji\" draggable=\"false\" src=\"https:\/\/s.w.org\/images\/core\/emoji\/11.2.0\/svg\/1f4e9.svg\" alt=\"\ud83d\udce9\" title=\"\">\u00a0<a href=\"mailto:info@bookingadventures.com.do\">info@bookingadventures.com.do<\/a><\/p>\n<p><strong>Mi smo fleksibilni i postavljamo privatne obilaske putem Whatsappa:\u00a0<a href=\"tel:+18097206035\">+18097206035.<\/a><\/strong><\/p>\n\n\t\t<\/div>\n\t<\/div>\n<div class=\"vc_empty_space\"   style=\"height: 32px\"><span class=\"vc_empty_space_inner\"><\/span><\/div><\/div><\/div><\/div><\/div>","protected":false},"excerpt":{"rendered":"<p><span style=\"font-weight: 400;\">Putujte s lokalnim stru\u010dnjakom i steknite jedinstveno iskustvo vo\u017enje biciklom po\u010dev\u0161i od Sabana de la Mar, ova tura \u0107e vas odvesti okolo da vidite prekrasan krajolik sela Dominikanske Republike. Dok budete vozili bicikl, mo\u0107i \u0107ete pozdraviti! farmeri koji ja\u0161u svoje konje ili motocikl do svog imanja i tijekom obilaska, mo\u0107i \u0107ete se upustiti u avanturu i lokalnu kulturu iz Sabane de la Mar. Jedinstveno iskustvo brdskog biciklizma!<\/span><\/p>\n<p>&nbsp;<\/p>\n<p><strong>Odaberite datum obilaska:<\/strong><\/p>","protected":false},"featured_media":11256,"template":"","meta":[],"product_brand":[],"product_cat":[144,469,123,124],"product_tag":[126,127,145,150,197,198,199,132,133,200,201,114,147,148],"class_list":{"0":"post-11079","1":"product","2":"type-product","3":"status-publish","4":"has-post-thumbnail","6":"product_cat-kayaking","7":"product_cat-mangroves-projects","8":"product_cat-tours-excursions-los-haitises-national-park","9":"product_cat-tours-excursions-samana-bay-dominican-republic","10":"product_tag-cano-hondo","11":"product_tag-cano-hondo-hotel","12":"product_tag-day-tour-cano-hondo","13":"product_tag-kayak-dominican-republic","14":"product_tag-kayaking-dominican-republic","15":"product_tag-kayaking-los-haitises","16":"product_tag-kayaks","17":"product_tag-los-haitises","18":"product_tag-los-haitises-national-park","19":"product_tag-los-haitises-tours","20":"product_tag-private-tours-samana","21":"product_tag-sabana-de-la-mar","22":"product_tag-samana-bay","23":"product_tag-samana-excursions","25":"first","26":"instock","27":"sale","28":"virtual","29":"sold-individually","30":"purchasable","31":"product-type-simple"},"_links":{"self":[{"href":"https:\/\/haitises.com\/hr\/wp-json\/wp\/v2\/product\/11079","targetHints":{"allow":["GET"]}}],"collection":[{"href":"https:\/\/haitises.com\/hr\/wp-json\/wp\/v2\/product"}],"about":[{"href":"https:\/\/haitises.com\/hr\/wp-json\/wp\/v2\/types\/product"}],"wp:featuredmedia":[{"embeddable":true,"href":"https:\/\/haitises.com\/hr\/wp-json\/wp\/v2\/media\/11256"}],"wp:attachment":[{"href":"https:\/\/haitises.com\/hr\/wp-json\/wp\/v2\/media?parent=11079"}],"wp:term":[{"taxonomy":"product_brand","embeddable":true,"href":"https:\/\/haitises.com\/hr\/wp-json\/wp\/v2\/product_brand?post=11079"},{"taxonomy":"product_cat","embeddable":true,"href":"https:\/\/haitises.com\/hr\/wp-json\/wp\/v2\/product_cat?post=11079"},{"taxonomy":"product_tag","embeddable":true,"href":"https:\/\/haitises.com\/hr\/wp-json\/wp\/v2\/product_tag?post=11079"}],"curies":[{"name":"wp","href":"https:\/\/api.w.org\/{rel}","templated":true}]}}