{"id":10909,"date":"2020-07-18T21:02:36","date_gmt":"2020-07-18T21:02:36","guid":{"rendered":"http:\/\/haitises.com\/?post_type=product&#038;p=10909"},"modified":"2024-04-15T23:15:03","modified_gmt":"2024-04-15T23:15:03","slug":"atv-aventuras-samana-atv-tours-excursiones-en-samana-republica-dominicana-atv-playa-el-valle-cascada","status":"publish","type":"product","link":"https:\/\/haitises.com\/hr\/privatna\/atv-aventuras-samana-atv-tours-excursiones-en-samana-republica-dominicana-atv-playa-el-valle-cascada\/","title":{"rendered":"ATV Aventuras Saman\u00e1 &#8211; ATV Tours &#038; Excursiones en Saman\u00e1 Rep\u00fablica Dominicana. ATV  + Playa El Valle &#038; Cascada"},"content":{"rendered":"<div class=\"vc_row wpb_row vc_row-fluid\" ><div class=\"wpb_column vc_column_container vc_col-sm-12\"><div class=\"vc_column-inner\"><div class=\"wpb_wrapper\">[mkdf_section_title title_tag=\u00bb\u00bb disable_break_words=\u00bbno\u00bb subtitle_tag=\u00bb\u00bb title=\u00bbATV Saman\u00e1 Aventuras &#8211; ATV Tours &amp; Excursiones en Saman\u00e1, Rep\u00fablica Dominicana. ATV + Playa El Valle &amp; Cascada\u00bb subtitle=\u00bbAlmuerzo en la playa incluido.\u00bb]<\/div><\/div><\/div><\/div><div class=\"vc_row wpb_row vc_row-fluid\" ><div class=\"wpb_column vc_column_container vc_col-sm-12\"><div class=\"vc_column-inner\"><div class=\"wpb_wrapper\">\n\t<div class=\"wpb_text_column wpb_content_element\" >\n\t\t<div class=\"wpb_wrapper\">\n\t\t\t<h2>ATV Aventuras Saman\u00e1 &#8211; ATV Tours y Excursiones en Samana Rep\u00fablica Dominicana. ATV + Playa El Valle y Cascadas.<\/h2>\n<h3>Opis<\/h3>\n<p>Obtenga sus entradas para una excursi\u00f3n de medio d\u00eda en Saman\u00e1 en ATV Tours. La excursi\u00f3n comenzar\u00e1 en nuestra oficina cerca del muelle principal de Saman\u00e1. Despu\u00e9s de conducir 30 minutos, visitaremos el ecologe de la Casa en el \u00c1rbol en el camino a las cascadas. Despu\u00e9s de caminar a las cascadas alrededor de 10 min.<\/p>\n<p>Almorzaremos en la playa de El valle. Despu\u00e9s de 4.5 horas de actividades volvemos a nuestro punto de encuentro en Saman\u00e1.<\/p>\n<h3>Uklju\u010divanja i isklju\u010denja<\/h3>\n<h4>Uklju\u010divanja<\/h4>\n<ol>\n<li>Atv 2 personas en uno.<\/li>\n<li>Almuerzo en la playa<\/li>\n<li>Svi porezi, naknade i manipulativni tro\u0161kovi<\/li>\n<li>Lokalni porezi<\/li>\n<li>pi\u0107a<\/li>\n<li>Predjela<\/li>\n<li>Visita a las cascadas<\/li>\n<li>Playa el valle<\/li>\n<li>Visita a la casa del \u00e1rbol<\/li>\n<li>Sve aktivnosti<\/li>\n<li>Lokalni vodi\u010d<\/li>\n<\/ol>\n<h4>Isklju\u010divanja<\/h4>\n<ol>\n<li>Savjeti<\/li>\n<li>transporte desde hoteles (establecido al contactarnos).<\/li>\n<li>Alkoholna pi\u0107a<\/li>\n<\/ol>\n<h3><em>Polazak i povratak<\/em><\/h3>\n<p>Putnik \u0107e dobiti mjesto sastanka nakon postupka rezervacije. Obilasci po\u010dinju i zavr\u0161avaju na mjestima okupljanja.<\/p>\n<h3>ATV Aventuras Saman\u00e1 &#8211; ATV Tours y Excursiones en Saman\u00e1 Rep\u00fablica Dominicana. ATV + Playa El Valle y Cascadas.<\/h3>\n<h3><em>\u0160to o\u010dekivati?<\/em><\/h3>\n<p>Aprender a encender su ATV. As\u00ed que estar\u00e1 listo para ir a campo traviesa y ver de cerca la pen\u00ednsula de Saman\u00e1. Conducir\u00e1 su veh\u00edculo ATV por un terreno accidentado y visitaremos a una familia dominicana donde haremos una parada r\u00e1pida para tomar algunas fotos del ecologe de la casa del \u00e1rbol, beber un buen caf\u00e9 dominicano y disfrutar de un delicioso chocolate natural.<br \/>\nLuego continuamos por un peque\u00f1o pueblo donde podr\u00e1 disfrutar del calor de los nativos dominicanos en el camino para visitar las cascadas LULU, caminar hasta las cascadas 10 minutos y aprender sobre el bosque de Rep\u00fablica Dominicana en uno de los lugares m\u00e1s ex\u00f3ticos del regi\u00f3n.<\/p>\n<p>Volviendo a nuestro ATV para visitar una de las playas m\u00e1s bonitas de Saman\u00e1. ?\u00a1Playa El Valle! Donde nos detendremos alrededor de 1 hora y 15 minutos para disfrutar de la m\u00e1gica arena blanca y las cristalinas aguas turquesas de la playa de Playa El Valle. All\u00ed puede descansar, beber, nadar, explorar o simplemente acostarse al sol si lo desea. El buffet estar\u00e1 listo con comidas t\u00edpicas dominicanas y si eres vegano h\u00e1znoslo saber. \u00a1Tenemos comida para todos!<br \/>\nDespu\u00e9s de 4.5 horas conducimos de regreso a la ciudad de Saman\u00e1.<\/p>\n<h3><em>\u0160to trebate ponijeti?<\/em><\/h3>\n<ul>\n<li>Fotoaparat<\/li>\n<li>Repelenti<\/li>\n<li>Krema za sun\u010danje<\/li>\n<li>\u0160e\u0161ir<\/li>\n<li>Udobne hla\u010de<\/li>\n<li>\u0160umske cipele za planinarenje<\/li>\n<li>Sandale za proljetna podru\u010dja.<\/li>\n<li>Kupa\u0107i kostim<\/li>\n<\/ul>\n<h3><em>Preuzimanje iz hotela<\/em><\/h3>\n<p>No se ofrece la recogida en el hotel para este tour. Configuramos recogida contact\u00e1ndonos por Whatsapp.<\/p>\n<p><strong>Bilje\u0161ka:<\/strong> Ako rezervirate unutar 24 sata od vremena polaska putovanja\/izleta, mo\u017eemo organizirati preuzimanje iz hotela uz dodatne tro\u0161kove. Nakon \u0161to va\u0161a kupnja bude dovr\u0161ena, poslat \u0107emo vam potpune podatke za kontakt (telefonski broj, adresu e-po\u0161te itd.) za na\u0161eg lokalnog turisti\u010dkog vodi\u010da kako bismo dogovorili preuzimanje.<\/p>\n<h3><em>Potvrda dodatnih informacija<\/em><\/h3>\n<ol>\n<li>Ulaznice su ra\u010dun nakon pla\u0107anja za ovu turneju. Uplatu mo\u017eete prikazati na svom telefonu.<\/li>\n<li>Mjesto okupljanja bit \u0107e zaprimljeno nakon postupka rezervacije.<\/li>\n<li>Djeca moraju biti u pratnji odrasle osobe.<\/li>\n<li>Nije pristupa\u010dno za invalidska kolica<\/li>\n<li>Dojen\u010dad bi trebala sjediti u krilu<\/li>\n<li>Ne preporu\u010duje se putnicima s problemima s le\u0111ima.<\/li>\n<li>Ne preporu\u010duje se trudnicama.<\/li>\n<li>Nema problema sa srcem ili drugih ozbiljnih zdravstvenih stanja.<\/li>\n<li>Ve\u0107ina putnika mo\u017ee sudjelovati.<\/li>\n<\/ol>\n<h3><em>Politika otkazivanja<\/em><\/h3>\n<p>Za puni povrat novca otka\u017eite najmanje 24 sata prije datuma po\u010detka iskustva. Sredstva \u0107e biti izgubljena ako se rezervacija otka\u017ee na isti dan putovanja.<\/p>\n\n\t\t<\/div>\n\t<\/div>\n<\/div><\/div><\/div><\/div><div class=\"vc_row wpb_row vc_row-fluid\" ><div class=\"wpb_column vc_column_container vc_col-sm-12\"><div class=\"vc_column-inner\"><div class=\"wpb_wrapper\">\n\t<div class=\"wpb_video_widget wpb_content_element vc_clearfix   vc_video-aspect-ratio-169 vc_video-el-width-100 vc_video-align-left\" >\n\t\t<div class=\"wpb_wrapper\">\n\t\t\t<h2 class=\"wpb_heading wpb_video_heading\">Samana with Booking Adventures:<\/h2>\n\t\t\t<div class=\"wpb_video_wrapper\"><iframe loading=\"lazy\" title=\"Dominican Destination Samana Zipline, ATV Excursions\" width=\"1100\" height=\"619\" src=\"https:\/\/www.youtube.com\/embed\/8Ybh1xtnr2M?feature=oembed\" frameborder=\"0\" allow=\"accelerometer; autoplay; encrypted-media; gyroscope; picture-in-picture\" allowfullscreen><\/iframe><\/div>\n\t\t<\/div>\n\t<\/div>\n<\/div><\/div><\/div><\/div><div class=\"vc_row wpb_row vc_row-fluid\" ><div class=\"wpb_column vc_column_container vc_col-sm-12\"><div class=\"vc_column-inner\"><div class=\"wpb_wrapper\"><div class=\"vc_empty_space\"   style=\"height: 32px\"><span class=\"vc_empty_space_inner\"><\/span><\/div>\n\t<div class=\"wpb_text_column wpb_content_element\" >\n\t\t<div class=\"wpb_wrapper\">\n\t\t\t<h4>Kontaktirajte nas?<\/h4>\n<h5><em><strong>Booking Adventures<\/strong><\/em><\/h5>\n<p><em><strong>Mje\u0161tani<\/strong>\u00a0i\u00a0<strong>Dr\u017eavljani<\/strong>\u00a0Turisti\u010dki vodi\u010di i usluge za goste<\/em><\/p>\n<p><span class=\"text-turquoise\">Rezervacije:<\/span>\u00a0Ture i izleti u Domu Rep.<\/p>\n<p><img decoding=\"async\" class=\"emoji\" draggable=\"false\" src=\"https:\/\/s.w.org\/images\/core\/emoji\/11.2.0\/svg\/1f4de.svg\" alt=\"\ud83d\udcde\" title=\"\">\u00a0Tel\/Whatsapp\u00a0\u00a0<a href=\"tel:+1-809-720-6035\">+1-809-720-6035<\/a>.<\/p>\n<p><img decoding=\"async\" class=\"emoji\" draggable=\"false\" src=\"https:\/\/s.w.org\/images\/core\/emoji\/11.2.0\/svg\/1f4e9.svg\" alt=\"\ud83d\udce9\" title=\"\">\u00a0<a href=\"mailto:info@bookingadventures.com.do\">info@bookingadventures.com.do<\/a><\/p>\n<p><strong>Mi smo fleksibilni i postavljamo privatne obilaske putem Whatsappa:\u00a0<a href=\"tel:+18097206035\">+18097206035.<\/a><\/strong><\/p>\n\n\t\t<\/div>\n\t<\/div>\n<div class=\"vc_empty_space\"   style=\"height: 32px\"><span class=\"vc_empty_space_inner\"><\/span><\/div><\/div><\/div><\/div><\/div>","protected":false},"excerpt":{"rendered":"<p>Esta experiencia en ATV comienza en el centro de la ciudad de Saman\u00e1. Conduciendo el ATV a las cascadas LULU, pasando por el Eco-lodge La Casa en el \u00c1rbol hasta la playa de El Valle.<br \/>\nPlaya El Valle! Donde nos detendremos alrededor de 1 hora y 15 minutos para disfrutar de la m\u00e1gica arena blanca y las cristalinas aguas turquesas de la playa de Playa El Valle. All\u00ed puede descansar, beber, nadar, explorar o simplemente tumbarse al sol si lo desea. Un buffet estar\u00e1 listo con comidas t\u00edpicas dominicanas y si usted es vegano h\u00e1ganoslo saber. \u00a1Tenemos comida para todos!<\/p>\n<p>Despu\u00e9s de 4.5 horas, regresamos a la ciudad de Saman\u00e1.<\/p>\n<p>. Senderismo y nataci\u00f3n con equipo de seguridad \u00a1para tener la mejor experiencia de su vida!<\/p>\n<p><strong>Odaberite datum obilaska:<\/strong><\/p>","protected":false},"featured_media":392,"template":"","meta":[],"product_brand":[],"product_cat":[317,318,319,120,96,320,135,321,122,443,100],"product_tag":[322,323,324,325,157,326,201,142,327,148,143,328],"class_list":{"0":"post-10909","1":"product","2":"type-product","3":"status-publish","4":"has-post-thumbnail","6":"product_cat-atv-adventures","7":"product_cat-atv-fourwheels","8":"product_cat-atv-tours-excursions-adventures","9":"product_cat-fees-entrace","10":"product_cat-hiking","11":"product_cat-lulu-waterfalls","12":"product_cat-lunch","13":"product_cat-things-to-do-in-samana-province","14":"product_cat-tours-and-excursions","15":"product_cat-tours-y-excursiones-es","16":"product_cat-waterfalls","17":"product_tag-atv-samana-excursion","18":"product_tag-atv-tours-excursions-in-samana-dominican-republic","19":"product_tag-atv-fourwheels","20":"product_tag-atv-tours-excursions-adventures","21":"product_tag-el-valle-beach","22":"product_tag-lulu-waterfalls","23":"product_tag-private-tours-samana","24":"product_tag-samana","25":"product_tag-samana-atv","26":"product_tag-samana-excursions","27":"product_tag-samana-tours","28":"product_tag-tree-house-samana","30":"first","31":"instock","32":"sale","33":"sold-individually","34":"shipping-taxable","35":"product-type-external"},"_links":{"self":[{"href":"https:\/\/haitises.com\/hr\/wp-json\/wp\/v2\/product\/10909","targetHints":{"allow":["GET"]}}],"collection":[{"href":"https:\/\/haitises.com\/hr\/wp-json\/wp\/v2\/product"}],"about":[{"href":"https:\/\/haitises.com\/hr\/wp-json\/wp\/v2\/types\/product"}],"wp:featuredmedia":[{"embeddable":true,"href":"https:\/\/haitises.com\/hr\/wp-json\/wp\/v2\/media\/392"}],"wp:attachment":[{"href":"https:\/\/haitises.com\/hr\/wp-json\/wp\/v2\/media?parent=10909"}],"wp:term":[{"taxonomy":"product_brand","embeddable":true,"href":"https:\/\/haitises.com\/hr\/wp-json\/wp\/v2\/product_brand?post=10909"},{"taxonomy":"product_cat","embeddable":true,"href":"https:\/\/haitises.com\/hr\/wp-json\/wp\/v2\/product_cat?post=10909"},{"taxonomy":"product_tag","embeddable":true,"href":"https:\/\/haitises.com\/hr\/wp-json\/wp\/v2\/product_tag?post=10909"}],"curies":[{"name":"wp","href":"https:\/\/api.w.org\/{rel}","templated":true}]}}