{"id":554,"date":"2020-06-22T17:36:48","date_gmt":"2020-06-22T17:36:48","guid":{"rendered":"http:\/\/haitises.com\/?post_type=product&#038;p=554"},"modified":"2024-04-17T20:44:54","modified_gmt":"2024-04-17T20:44:54","slug":"excursion-a-los-haitises-desde-sabana-de-la-mar-o-cano-hondo","status":"publish","type":"product","link":"https:\/\/haitises.com\/hi\/\u0928\u093f\u091c\u0940\/excursion-a-los-haitises-desde-sabana-de-la-mar-o-cano-hondo\/","title":{"rendered":"\u0938\u092c\u093e\u0928\u093e \u0921\u0947 \u0932\u093e \u092e\u093e\u0930 \u092f\u093e \u0915\u093e\u0928\u094b \u0939\u094b\u0902\u0921\u094b \u0938\u0947 \u0932\u0949\u0938 \u0939\u0948\u091f\u093f\u0938\u0947\u0938 \u0915\u093e \u092d\u094d\u0930\u092e\u0923"},"content":{"rendered":"<div class=\"vc_row wpb_row vc_row-fluid\" ><div class=\"wpb_column vc_column_container vc_col-sm-12\"><div class=\"vc_column-inner\"><div class=\"wpb_wrapper\">[mkdf_section_title subtitle_tag=\u00bb\u00bb subtitle=\u00bbTour normal a los Haitises\u00bb]<\/div><\/div><\/div><\/div><div class=\"vc_row wpb_row vc_row-fluid\" ><div class=\"wpb_column vc_column_container vc_col-sm-12\"><div class=\"vc_column-inner\"><div class=\"wpb_wrapper\">\n\t<div class=\"wpb_text_column wpb_content_element\" >\n\t\t<div class=\"wpb_wrapper\">\n\t\t\t<h2>\u0938\u092c\u093e\u0928\u093e \u0921\u0947 \u0932\u093e \u092e\u093e\u0930 \u092f\u093e \u0939\u094b\u091f\u0932 \u0915\u0948\u0928\u094b \u0939\u094b\u0902\u0921\u094b \u0938\u0947 \u0932\u0949\u0938 \u0939\u0948\u0907\u091f\u093f\u0938 \u0928\u0947\u0936\u0928\u0932 \u092a\u093e\u0930\u094d\u0915\u0964<\/h2>\n<h3>\u0935\u093f\u0935\u0930\u0923<\/h3>\n<p>\u0932\u0949\u0938 \u0939\u0947\u0907\u091f\u093f\u0938\u0947\u0938 \u0928\u0947\u0936\u0928\u0932 \u092a\u093e\u0930\u094d\u0915 \u0915\u0940 \u090f\u0915 \u0938\u093e\u092e\u093e\u0928\u094d\u092f \u0928\u093f\u091c\u0940 \u092f\u093e\u0924\u094d\u0930\u093e\u0964 \u0939\u092e\u093e\u0930\u0947 \u0938\u093e\u0925 \u0906\u090f\u0902 \u0914\u0930 \u0921\u094b\u092e\u093f\u0928\u093f\u0915\u0928 \u0917\u0923\u0930\u093e\u091c\u094d\u092f \u0915\u0947 \u0938\u092c\u0938\u0947 \u0916\u0942\u092c\u0938\u0942\u0930\u0924 \u0930\u093e\u0937\u094d\u091f\u094d\u0930\u0940\u092f \u0909\u0926\u094d\u092f\u093e\u0928, \u092e\u0948\u0902\u0917\u094d\u0930\u094b\u0935, \u0917\u0941\u092b\u093e\u0913\u0902 \u0914\u0930 \u0938\u0948\u0928 \u0932\u094b\u0930\u0947\u0902\u091c\u094b \u0916\u093e\u0921\u093c\u0940 \u0915\u093e \u092d\u094d\u0930\u092e\u0923 \u0915\u0930\u0947\u0902\u0964 \u092f\u0939 \u0905\u0928\u0941\u092d\u0935 \u0938\u092c\u093e\u0928\u093e \u0921\u0947 \u0932\u093e \u092e\u093e\u0930 \u0915\u0947 \u0907\u0924\u093f\u0939\u093e\u0938 \u0915\u0947 \u092c\u093e\u0930\u0947 \u092e\u0947\u0902 \u091c\u093e\u0928\u0928\u0947 \u0915\u0947 \u0932\u093f\u090f \u0938\u092c\u093e\u0928\u093e \u0921\u0947 \u0932\u093e \u092e\u093e\u0930 \u0915\u0947 \u0938\u092e\u0941\u0926\u093e\u092f \u0938\u0947 \u0936\u0941\u0930\u0942 \u0939\u094b \u0938\u0915\u0924\u093e \u0939\u0948\u0964 \u0907\u0938\u0915\u0947 \u0905\u0924\u093f\u0930\u093f\u0915\u094d\u0924, \u0939\u092e \u0907\u0938 \u092f\u093e\u0924\u094d\u0930\u093e \u0915\u0940 \u0936\u0941\u0930\u0941\u0906\u0924 \u0915\u093e\u0928\u094b \u0939\u094b\u0902\u0921\u094b \u0915\u0947 \u092c\u0902\u0926\u0930\u0917\u093e\u0939 \u0938\u0947 \u0915\u0930\u0924\u0947 \u0939\u0948\u0902\u0964<\/p>\n<ul>\n<li>\u0915\u0930 \u0936\u093e\u092e\u093f\u0932 \u0939\u0948\u0902<\/li>\n<li>\u0917\u093e\u0907\u0921 \u0928\u093f\u0930\u094d\u0926\u0947\u0936 \u0914\u0930 \u092a\u0930\u094d\u092f\u0935\u0947\u0915\u094d\u0937\u0923 \u092a\u094d\u0930\u0926\u093e\u0928 \u0915\u0930\u0924\u093e \u0939\u0948\u0964<\/li>\n<li>\u0915\u093e\u0928\u094b \u0939\u094b\u0902\u0921\u094b \u092e\u0947\u0902 \u0926\u094b\u092a\u0939\u0930 \u0915\u0947 \u092d\u094b\u091c\u0928 \u0915\u0947 \u0932\u093f\u090f \u0926\u094b\u092a\u0939\u0930 \u0915\u093e \u092d\u094b\u091c\u0928 \u0936\u093e\u092e\u093f\u0932 \u0928\u0939\u0940\u0902 \u0939\u0948, \u0907\u0938 \u0926\u094c\u0930\u0947 \u0915\u094b \u091a\u0941\u0928\u0947\u0902: \u0932\u0949\u0938 \u0939\u0947\u0907\u091f\u093f\u0938 \u092a\u094d\u0932\u0938 \u0915\u093e\u0928\u094b \u0939\u094b\u0902\u0921\u094b\u0964<\/li>\n<\/ul>\n<h3>\u0938\u092e\u093e\u0935\u0947\u0936\u0928 \u0914\u0930 \u092c\u0939\u093f\u0937\u094d\u0915\u0930\u0923<\/h3>\n<h4>\u0938\u092e\u093e\u0935\u0947\u0936\u0928<\/h4>\n<ol>\n<li>\u0932\u0949\u0938 \u0939\u0948\u091f\u093e\u0907\u091c\u093c \u091f\u0942\u0930 + \u0917\u0941\u092b\u093e\u090f\u0901 \u0914\u0930 \u091a\u093f\u0924\u094d\u0930\u0932\u0947\u0916<\/li>\n<li>\u0938\u092d\u0940 \u0915\u0930, \u0936\u0941\u0932\u094d\u0915 \u0914\u0930 \u0939\u0948\u0902\u0921\u0932\u093f\u0902\u0917 \u0936\u0941\u0932\u094d\u0915\u0964<\/li>\n<li>\u0938\u094d\u0925\u093e\u0928\u0940\u092f \u0915\u0930<\/li>\n<li>\u0938\u093e\u0930\u0940 \u0917\u0924\u093f\u0935\u093f\u0927\u093f\u092f\u093e\u0901<\/li>\n<li>\u0938\u094d\u0925\u093e\u0928\u0940\u092f \u0917\u093e\u0907\u0921<\/li>\n<\/ol>\n<h4>\u092c\u0939\u093f\u0937\u094d\u0915\u093e\u0930<\/h4>\n<ol>\n<li>\u0938\u0941\u091d\u093e\u0935\u094b\u0902<\/li>\n<li>\u0915\u093e\u0928\u094b \u0939\u094b\u0902\u0921\u094b \u092e\u0947\u0902 \u0926\u094b\u092a\u0939\u0930 \u0915\u0947 \u092d\u094b\u091c\u0928 \u0915\u0947 \u0932\u093f\u090f \u0926\u094b\u092a\u0939\u0930 \u0915\u093e \u092d\u094b\u091c\u0928 \u0936\u093e\u092e\u093f\u0932 \u0928\u0939\u0940\u0902 \u0939\u0948, \u0907\u0938 \u0926\u094c\u0930\u0947 \u0915\u094b \u091a\u0941\u0928\u0947\u0902: \u0932\u0949\u0938 \u0939\u0947\u0907\u091f\u093f\u0938 \u092a\u094d\u0932\u0938 \u0915\u093e\u0928\u094b \u0939\u094b\u0902\u0921\u094b\u0964<\/li>\n<li>\u092a\u0930\u093f\u0935\u0939\u0928<\/li>\n<li>\u092e\u093e\u0926\u0915 \u092a\u0947\u092f<\/li>\n<\/ol>\n<h3><em>\u092a\u094d\u0930\u0938\u094d\u0925\u093e\u0928 \u0914\u0930 \u0935\u093e\u092a\u0938\u0940<\/em><\/h3>\n<p>\u092c\u0941\u0915\u093f\u0902\u0917 \u092a\u094d\u0930\u0915\u094d\u0930\u093f\u092f\u093e \u0915\u0947 \u092c\u093e\u0926 \u092f\u093e\u0924\u094d\u0930\u0940 \u0915\u094b \u090f\u0915 \u092e\u0940\u091f\u093f\u0902\u0917 \u092a\u0949\u0907\u0902\u091f \u092e\u093f\u0932\u0947\u0917\u093e\u0964 \u0926\u094c\u0930\u0947 \u0939\u092e\u093e\u0930\u0947 \u092c\u0948\u0920\u0915 \u092c\u093f\u0902\u0926\u0941\u0913\u0902 \u092a\u0930 \u0936\u0941\u0930\u0942 \u0914\u0930 \u0938\u092e\u093e\u092a\u094d\u0924 \u0939\u094b\u0924\u0947 \u0939\u0948\u0902\u0964<\/p>\n<h4><em>\u0915\u094d\u092f\u093e \u0909\u092e\u094d\u092e\u0940\u0926 \u0915\u0930\u0947\u0902?<\/em><\/h4>\n<p>\u0917\u0941\u092b\u093e\u0913\u0902, \u092e\u0948\u0902\u0917\u094d\u0930\u094b\u0935 \u0914\u0930 \u0938\u0948\u0928 \u0932\u094b\u0930\u0947\u0902\u091c\u094b \u0916\u093e\u0921\u093c\u0940 \u0915\u0947 \u0938\u093e\u0925 \u0932\u0949\u0938 \u0939\u0948\u0907\u091f\u093f\u0938 \u0928\u0947\u0936\u0928\u0932 \u092a\u093e\u0930\u094d\u0915 \u0915\u0940 \u092f\u093e\u0924\u094d\u0930\u093e \u0915\u0947 \u0932\u093f\u090f \u0905\u092a\u0928\u0947 \u091f\u093f\u0915\u091f \u092a\u094d\u0930\u093e\u092a\u094d\u0924 \u0915\u0930\u0947\u0902\u0964<\/p>\n<p>\u0938\u094d\u0925\u093e\u0928\u0940\u092f \u0917\u093e\u0907\u0921 \u0915\u0947 \u0938\u093e\u0925 \u0938\u092c\u093e\u0928\u093e \u0921\u0947 \u0932\u093e \u092e\u093e\u0930 \u092f\u093e \u0915\u093e\u0928\u094b \u0939\u094b\u0902\u0921\u094b \u0939\u094b\u091f\u0932\u094b\u0902 \u0938\u0947 \u0932\u0949\u0938 \u0939\u0948\u091f\u093f\u0938\u0947\u0938 \u0928\u0947\u0936\u0928\u0932 \u092a\u093e\u0930\u094d\u0915 \u0915\u0940 \u092f\u093e\u0924\u094d\u0930\u093e \u0915\u0947 \u0932\u093f\u090f \u0938\u092c\u0938\u0947 \u0915\u092e \u0915\u0940\u092e\u0924\u0964 \u092f\u093e\u0924\u094d\u0930\u093e \u0932\u0949\u0938 \u0939\u0947\u0907\u091f\u093f\u0938\u0947\u0938 \u0928\u0947\u0936\u0928\u0932 \u092a\u093e\u0930\u094d\u0915 \u0915\u0947 \u092e\u0941\u0916\u094d\u092f \u092c\u0902\u0926\u0930\u0917\u093e\u0939 \u0938\u0947 \u0936\u0941\u0930\u0942 \u0939\u094b\u0924\u0940 \u0939\u0948\u0964 \u092f\u0939 \u092f\u093e\u0924\u094d\u0930\u093e \u0938\u0941\u092c\u0939 10:00 \u092c\u091c\u0947 \u090f\u0915 \u0938\u094d\u0925\u093e\u0928\u0940\u092f \u091f\u0942\u0930 \u0917\u093e\u0907\u0921 \u0915\u0947 \u0938\u093e\u0925 \u0936\u0941\u0930\u0942 \u0939\u094b\u0924\u0940 \u0939\u0948 \u091c\u094b \u0936\u093e\u0928\u0926\u093e\u0930 \u0930\u093e\u0937\u094d\u091f\u094d\u0930\u0940\u092f \u0909\u0926\u094d\u092f\u093e\u0928 \u0915\u0947 \u092c\u093e\u0930\u0947 \u092e\u0947\u0902 \u092e\u0942\u0932 \u0915\u0939\u093e\u0928\u0940 \u091c\u093e\u0928\u0924\u093e \u0939\u0948\u0964<\/p>\n<p>\u092b\u093f\u0930 \u0939\u092e \u0932\u093e\u0907\u092b \u091c\u0948\u0915\u0947\u091f \u0915\u0947 \u0938\u093e\u0925 \u090f\u0915 \u0928\u093e\u0935 \u092e\u0947\u0902 \u0932\u0949\u0938 \u0939\u0947\u0907\u091f\u093f\u0938\u0947\u0938 \u0928\u0947\u0936\u0928\u0932 \u092a\u093e\u0930\u094d\u0915 \u0915\u0947 \u092e\u0941\u0916\u094d\u092f \u092c\u0902\u0926\u0930\u0917\u093e\u0939, \u091c\u093f\u0938\u0947 \u0915\u0948\u0928\u094b \u0939\u094b\u0902\u0921\u094b (\u0921\u0940\u092a \u0915\u094d\u0930\u0940\u0915) \u0915\u0939\u093e \u091c\u093e\u0924\u093e \u0939\u0948, \u0938\u0947 \u0936\u0941\u0930\u0942 \u0915\u0930\u0924\u0947 \u0939\u0948\u0902\u0964 \u0938\u0948\u0928 \u0932\u094b\u0930\u0947\u0902\u091c\u094b \u0916\u093e\u0921\u093c\u0940 \u092a\u0939\u0941\u0902\u091a\u0928\u0947 \u0924\u0915 \u0939\u092e \u0932\u093e\u0932 \u092e\u0948\u0902\u0917\u094d\u0930\u094b\u0935 \u0935\u0928 \u0915\u093e \u0906\u0928\u0902\u0926 \u0932\u0947\u0902\u0917\u0947\u0964 \u0938\u092e\u093e\u0928\u093e \u0916\u093e\u0921\u093c\u0940 \u092e\u0947\u0902 \u091b\u094b\u091f\u0940 \u0916\u093e\u0921\u093c\u0940\u0964 \u0914\u0930 \u092f\u0947 \u091a\u0932\u0947 \u0939\u092e! \u092a\u0939\u0932\u0940 \u091a\u0940\u091c\u093c \u091c\u094b \u0906\u092a \u0926\u0947\u0916 \u0938\u0915\u0924\u0947 \u0939\u0948\u0902 \u0935\u0939 \u092e\u094b\u0917\u094b\u091f\u094d\u0938 \u0928\u093e\u092e\u0915 \u0935\u093f\u0936\u093e\u0932 \u091a\u0942\u0928\u093e \u092a\u0924\u094d\u0925\u0930 \u092a\u0930\u094d\u0935\u0924 \u0926\u094d\u0935\u0940\u092a \u0915\u093e \u0938\u0902\u0917\u094d\u0930\u0939 \u0939\u0948\u0964 \u0909\u0928\u0915\u0947 \u090a\u092a\u0930 \u092a\u094c\u0927\u094b\u0902 \u0915\u0940 700 \u0938\u0947 \u0905\u0927\u093f\u0915 \u092a\u094d\u0930\u091c\u093e\u0924\u093f\u092f\u093e\u0901 \u0914\u0930 \u0915\u0908 \u0906\u0930\u094d\u0926\u094d\u0930\u092d\u0942\u092e\u093f \u092a\u0915\u094d\u0937\u0940 \u091a\u093e\u0930\u094b\u0902 \u0913\u0930 \u0909\u0921\u093c\u0924\u0947 \u0939\u0948\u0902\u0964 \u092c\u093e\u0926 \u092e\u0947\u0902 750 \u0938\u093e\u0932 \u092a\u0939\u0932\u0947 \u0939\u092e\u093e\u0930\u0947 \u0938\u094d\u0935\u0926\u0947\u0936\u0940 \u0938\u092e\u0941\u0926\u093e\u092f\u094b\u0902 \u0915\u0947 \u091a\u093f\u0924\u094d\u0930\u0932\u0947\u0916\u094b\u0902 \u0935\u093e\u0932\u0940 \u0917\u0941\u092b\u093e\u0913\u0902 \u0915\u093e \u0926\u094c\u0930\u093e \u0915\u093f\u092f\u093e\u0964<\/p>\n<p>\u092e\u0948\u0902\u0917\u094d\u0930\u094b\u0935 \u0915\u0947 \u092e\u093e\u0927\u094d\u092f\u092e \u0938\u0947 \u0914\u0930 \u0916\u0941\u0932\u0940 \u0938\u0948\u0928 \u0932\u094b\u0930\u0947\u0902\u091c\u094b \u0916\u093e\u0921\u093c\u0940 \u092e\u0947\u0902 \u0909\u0924\u0930\u0947\u0902, \u091c\u0939\u093e\u0902 \u0938\u0947 \u0906\u092a \u090a\u092c\u0921\u093c-\u0916\u093e\u092c\u0921\u093c \u0935\u0928 \u092a\u0930\u093f\u0926\u0943\u0936\u094d\u092f \u0915\u0940 \u0924\u0938\u094d\u0935\u0940\u0930\u0947\u0902 \u0932\u0947 \u0938\u0915\u0924\u0947 \u0939\u0948\u0902\u0964 \u092e\u0948\u0928\u0947\u091f\u0940\u091c\u093c, \u0915\u094d\u0930\u0938\u094d\u091f\u0947\u0936\u093f\u092f\u0902\u0938 \u0914\u0930 \u0921\u0949\u0932\u094d\u092b\u093c\u093f\u0928 \u0926\u0947\u0916\u0928\u0947 \u0915\u0947 \u0932\u093f\u090f \u092a\u093e\u0928\u0940 \u092e\u0947\u0902 \u092c\u093e\u0939\u0930 \u091d\u093e\u0901\u0915\u0947\u0902\u0964<\/p>\n<p>El nombre del parque nacional proviene de sus habitantes originales, los indios ta\u00ednos. En su idioma, \u00abHaitises\u00bb se traduce en tierras altas o colinas, una referencia a las empinadas formaciones geol\u00f3gicas de la costa con calizas. Avent\u00farate en el parque para explorar cuevas como la Cueva de la Arena y la Cueva de la L\u00ednea. Las cuevas en la reserva fueron utilizadas como refugio por los indios ta\u00ednos y, m\u00e1s tarde, por los piratas escondidos. Busque dibujos de indios que decoran algunas de las paredes. Despu\u00e9s de visitar el Parque Nacional Los Haitises, regresaremos al puerto donde comenz\u00f3 nuestro viaje.<\/p>\n<h3><em>\u0906\u092a\u0915\u094b \u0915\u094d\u092f\u093e \u0932\u093e\u0928\u093e \u091a\u093e\u0939\u093f\u090f?<\/em><\/h3>\n<ul>\n<li>\u0915\u0948\u092e\u0930\u093e<\/li>\n<li>repellents<\/li>\n<li>\u0938\u0928\u0938\u094d\u0915\u094d\u0930\u0940\u0928<\/li>\n<li>\u091f\u094b\u092a\u0940<\/li>\n<li>\u0906\u0930\u093e\u092e\u0926\u093e\u092f\u0915 \u092a\u0948\u0902\u091f<\/li>\n<li>\u0935\u0928 \u0932\u0902\u092c\u0940 \u092a\u0948\u0926\u0932 \u092f\u093e\u0924\u094d\u0930\u093e \u0915\u0947 \u091c\u0942\u0924\u0947<\/li>\n<li>\u0935\u0938\u0902\u0924 \u0915\u094d\u0937\u0947\u0924\u094d\u0930\u094b\u0902 \u0915\u0947 \u0932\u093f\u090f \u0938\u0948\u0902\u0921\u0932.<\/li>\n<li>\u0938\u094d\u0935\u093f\u092e\u093f\u0902\u0917 \u0938\u0942\u091f<\/li>\n<\/ul>\n<h3><em>\u0939\u094b\u091f\u0932 \u092a\u093f\u0915\u0905\u092a<\/em><\/h3>\n<p>\u092f\u0926\u093f \u0906\u092a \u092a\u0948\u0930\u093e\u0907\u0938\u094b \u0915\u0948\u0928\u094b \u0939\u094b\u0902\u0921\u094b \u092f\u093e \u0905\u0932\u094d\u091f\u094b\u0938 \u0915\u0948\u0928\u094b \u0939\u094b\u0902\u0921\u094b \u0939\u094b\u091f\u0932 \u092e\u0947\u0902 \u0938\u094d\u0925\u093f\u0924 \u0939\u0948\u0902 \u0924\u094b \u0939\u094b\u091f\u0932 \u092a\u093f\u0915\u0905\u092a \u0915\u0940 \u092a\u0947\u0936\u0915\u0936 \u0915\u0940 \u091c\u093e\u0924\u0940 \u0939\u0948\u0964 \u0939\u092e\u093e\u0930\u093e \u092e\u0940\u091f\u093f\u0902\u0917 \u092a\u0949\u0907\u0902\u091f \u0909\u0928 \u0939\u094b\u091f\u0932\u094b\u0902 \u0938\u0947 5 \u092e\u093f\u0928\u091f \u0915\u0940 \u092a\u0948\u0926\u0932 \u0926\u0942\u0930\u0940 \u092a\u0930 \u0939\u0948\u0964<\/p>\n<p><strong>\u091f\u093f\u092a\u094d\u092a\u0923\u0940<\/strong>- \u092f\u0926\u093f \u0906\u092a \u0926\u094c\u0930\u0947\/\u092d\u094d\u0930\u092e\u0923 \u092a\u094d\u0930\u0938\u094d\u0925\u093e\u0928 \u0938\u092e\u092f \u0915\u0947 24 \u0918\u0902\u091f\u094b\u0902 \u0915\u0947 \u092d\u0940\u0924\u0930 \u092c\u0941\u0915 \u0915\u0930\u0924\u0947 \u0939\u0948\u0902, \u0924\u094b \u092f\u0926\u093f \u0906\u092a \u0915\u0948\u0928\u094b \u0939\u094b\u0902\u0921\u094b \u0939\u094b\u091f\u0932 \u092e\u0947\u0902 \u0928\u0939\u0940\u0902 \u0939\u0948\u0902 \u0924\u094b \u0939\u092e \u0905\u0924\u093f\u0930\u093f\u0915\u094d\u0924 \u0936\u0941\u0932\u094d\u0915 \u0915\u0947 \u0938\u093e\u0925 \u0939\u094b\u091f\u0932 \u092a\u093f\u0915\u0905\u092a \u0915\u0940 \u0935\u094d\u092f\u0935\u0938\u094d\u0925\u093e \u0915\u0930 \u0938\u0915\u0924\u0947 \u0939\u0948\u0902\u0964 \u090f\u0915 \u092c\u093e\u0930 \u0906\u092a\u0915\u0940 \u0916\u0930\u0940\u0926\u093e\u0930\u0940 \u092a\u0942\u0930\u0940 \u0939\u094b \u091c\u093e\u0928\u0947 \u092a\u0930, \u0939\u092e \u0906\u092a\u0915\u094b \u092a\u093f\u0915\u0905\u092a \u0935\u094d\u092f\u0935\u0938\u094d\u0925\u093e \u0915\u0940 \u0935\u094d\u092f\u0935\u0938\u094d\u0925\u093e \u0915\u0930\u0928\u0947 \u0915\u0947 \u0932\u093f\u090f \u0939\u092e\u093e\u0930\u0947 \u0938\u094d\u0925\u093e\u0928\u0940\u092f \u091f\u0942\u0930 \u0917\u093e\u0907\u0921 \u0915\u0940 \u092a\u0942\u0930\u0940 \u0938\u0902\u092a\u0930\u094d\u0915 \u091c\u093e\u0928\u0915\u093e\u0930\u0940 (\u092b\u094b\u0928 \u0928\u0902\u092c\u0930, \u0908\u092e\u0947\u0932 \u092a\u0924\u093e, \u0906\u0926\u093f) \u092d\u0947\u091c\u0947\u0902\u0917\u0947\u0964<\/p>\n<h3><em>\u0905\u0924\u093f\u0930\u093f\u0915\u094d\u0924 \u091c\u093e\u0928\u0915\u093e\u0930\u0940 \u0915\u0940 \u092a\u0941\u0937\u094d\u091f\u093f<\/em><\/h3>\n<ul>\n<li>\u091f\u093f\u0915\u091f \u0907\u0938 \u0926\u094c\u0930\u0947 \u0915\u0947 \u0932\u093f\u090f \u092d\u0941\u0917\u0924\u093e\u0928 \u0915\u0930\u0928\u0947 \u0915\u0947 \u092c\u093e\u0926 \u0915\u0940 \u0930\u0938\u0940\u0926 \u0939\u0948\u0902\u0964 \u0906\u092a \u092d\u0941\u0917\u0924\u093e\u0928 \u0915\u094b \u0905\u092a\u0928\u0947 \u092b\u093c\u094b\u0928 \u092a\u0930 \u0926\u093f\u0916\u093e \u0938\u0915\u0924\u0947 \u0939\u0948\u0902.<\/li>\n<li>\u0906\u0930\u0915\u094d\u0937\u0923 \u092a\u094d\u0930\u0915\u094d\u0930\u093f\u092f\u093e \u0915\u0947 \u092c\u093e\u0926 \u092e\u093f\u0932\u0928 \u0938\u094d\u0925\u0932 \u092a\u094d\u0930\u093e\u092a\u094d\u0924 \u0939\u094b\u0917\u093e\u0964<\/li>\n<li>\u092c\u091a\u094d\u091a\u094b\u0902 \u0915\u0947 \u0938\u093e\u0925 \u0915\u093f\u0938\u0940 \u0935\u094d\u092f\u0938\u094d\u0915 \u0915\u094b \u0939\u094b\u0928\u093e \u091a\u093e\u0939\u093f\u090f\u0964<\/li>\n<li>\u0935\u094d\u0939\u0940\u0932\u091a\u0947\u092f\u0930 \u0938\u0947 \u092a\u0939\u0941\u0901\u091a\u093e \u0928\u0939\u0940\u0902 \u091c\u093e \u0938\u0915\u0924\u093e<\/li>\n<li>\u0936\u093f\u0936\u0941\u0913\u0902 \u0915\u094b \u0936\u093f\u0936\u0941 \u0938\u0940\u091f \u092a\u0930 \u092f\u093e \u0915\u093f\u0938\u0940 \u0935\u092f\u0938\u094d\u0915 \u0915\u0947 \u0938\u093e\u0925 \u092c\u0948\u0920\u0928\u093e \u091a\u093e\u0939\u093f\u090f<\/li>\n<li>\u092a\u0940\u0920 \u0915\u0940 \u0938\u092e\u0938\u094d\u092f\u093e\u0913\u0902 \u0935\u093e\u0932\u0947 \u092f\u093e\u0924\u094d\u0930\u093f\u092f\u094b\u0902 \u0915\u0947 \u0932\u093f\u090f \u0905\u0928\u0941\u0936\u0902\u0938\u093f\u0924 \u0928\u0939\u0940\u0902\u0964<\/li>\n<li>\u0917\u0930\u094d\u092d\u0935\u0924\u0940 \u092e\u0939\u093f\u0932\u093e\u0913\u0902 \u0915\u0947 \u0932\u093f\u090f \u0905\u0928\u0941\u0936\u0902\u0938\u093f\u0924 \u0928\u0939\u0940\u0902\u0964<\/li>\n<li>\u0939\u0943\u0926\u092f \u0938\u0902\u092c\u0902\u0927\u0940 \u0915\u094b\u0908 \u0938\u092e\u0938\u094d\u092f\u093e \u092f\u093e \u0905\u0928\u094d\u092f \u0917\u0902\u092d\u0940\u0930 \u091a\u093f\u0915\u093f\u0924\u094d\u0938\u0940\u092f \u0938\u094d\u0925\u093f\u0924\u093f\u092f\u093e\u0901 \u0928\u0939\u0940\u0902\u0964<\/li>\n<li>\u0905\u0927\u093f\u0915\u093e\u0902\u0936 \u092f\u093e\u0924\u094d\u0930\u0940 \u092d\u093e\u0917 \u0932\u0947 \u0938\u0915\u0924\u0947 \u0939\u0948\u0902\u0964<\/li>\n<\/ul>\n<h3><em>\u0930\u0926\u094d\u0926 \u0915\u0930\u0928\u0947 \u0915\u0940 \u0928\u0940\u0924\u093f<\/em><\/h3>\n<p>\u092a\u0942\u0930\u094d\u0923 \u0927\u0928-\u0935\u093e\u092a\u0938\u0940 \u0915\u0947 \u0932\u093f\u090f, \u0905\u0928\u0941\u092d\u0935 \u092a\u094d\u0930\u093e\u0930\u0902\u092d \u0924\u093f\u0925\u093f \u0938\u0947 \u0915\u092e \u0938\u0947 \u0915\u092e 24 \u0918\u0902\u091f\u0947 \u092a\u0939\u0932\u0947 \u0930\u0926\u094d\u0926 \u0915\u0930\u0947\u0902\u0964<\/p>\n<h3><em>\u0938\u0902\u092a\u0930\u094d\u0915 \u0915\u0930\u0947\u0902?<\/em><\/h3>\n<p>\u092c\u0941\u0915\u093f\u0902\u0917 \u090f\u0921\u0935\u0947\u0902\u091a\u0930\u094d\u0938<br \/>\n\u0938\u094d\u0925\u093e\u0928\u0940\u092f \u0914\u0930 \u0930\u093e\u0937\u094d\u091f\u094d\u0930\u0940\u092f \u091f\u0942\u0930 \u0917\u093e\u0907\u0921 \u0914\u0930 \u0905\u0924\u093f\u0925\u093f \u0938\u0947\u0935\u093e\u090f\u0901<\/p>\n<p>\u0906\u0930\u0915\u094d\u0937\u0923: \u0921\u094b\u092e \u092a\u094d\u0930\u0924\u093f\u0928\u093f\u0927\u093f \u092e\u0947\u0902 \u092a\u0930\u094d\u092f\u091f\u0928 \u0914\u0930 \u092d\u094d\u0930\u092e\u0923\u0964<\/p>\n<p>\ud83d\udcde \u0926\u0942\u0930\u092d\u093e\u0937\/\u0935\u094d\u0939\u093e\u091f\u094d\u0938\u090f\u092a +1-809-720-6035\u0964<\/p>\n<p>\ud83d\udce9 info@bookingadventures.com.do<\/p>\n<p>\u0939\u092e \u0935\u094d\u0939\u093e\u091f\u094d\u0938\u090f\u092a \u0926\u094d\u0935\u093e\u0930\u093e \u0932\u091a\u0940\u0932\u0947 \u0915\u0949\u0928\u094d\u092b\u093c\u093f\u0917\u0930\u0947\u0936\u0928 \u0915\u0947 \u0938\u093e\u0925 \u0928\u093f\u091c\u0940 \u092a\u0930\u094d\u092f\u091f\u0928 \u0906\u092f\u094b\u091c\u093f\u0924 \u0915\u0930\u0924\u0947 \u0939\u0948\u0902: +18097206035\u0964<\/p>\n\n\t\t<\/div>\n\t<\/div>\n<\/div><\/div><\/div><\/div>","protected":false},"excerpt":{"rendered":"<p>\u0938\u094d\u0925\u093e\u0928\u0940\u092f \u0917\u093e\u0907\u0921 \u0915\u0947 \u0938\u093e\u0925 \u0938\u092c\u093e\u0928\u093e \u0921\u0947 \u0932\u093e \u092e\u093e\u0930 \u092f\u093e \u0915\u093e\u0928\u094b \u0939\u094b\u0902\u0921\u094b \u0939\u094b\u091f\u0932\u094b\u0902 \u0938\u0947 \u0932\u0949\u0938 \u0939\u0948\u091f\u093f\u0938\u0947\u0938 \u0928\u0947\u0936\u0928\u0932 \u092a\u093e\u0930\u094d\u0915 \u0915\u0940 \u092f\u093e\u0924\u094d\u0930\u093e \u0915\u0947 \u0932\u093f\u090f \u0938\u092c\u0938\u0947 \u0915\u092e \u0915\u0940\u092e\u0924\u0964 \u092f\u093e\u0924\u094d\u0930\u093e \u0932\u0949\u0938 \u0939\u0947\u0907\u091f\u093f\u0938\u0947\u0938 \u0928\u0947\u0936\u0928\u0932 \u092a\u093e\u0930\u094d\u0915 \u0915\u0947 \u092e\u0941\u0916\u094d\u092f \u092c\u0902\u0926\u0930\u0917\u093e\u0939 \u0938\u0947 \u0936\u0941\u0930\u0942 \u0939\u094b\u0924\u0940 \u0939\u0948\u0964 \u092f\u0939 \u092f\u093e\u0924\u094d\u0930\u093e \u0938\u0941\u092c\u0939 10:00 \u092c\u091c\u0947 \u090f\u0915 \u0938\u094d\u0925\u093e\u0928\u0940\u092f \u091f\u0942\u0930 \u0917\u093e\u0907\u0921 \u0915\u0947 \u0938\u093e\u0925 \u0936\u0941\u0930\u0942 \u0939\u094b\u0924\u0940 \u0939\u0948 \u091c\u094b \u0936\u093e\u0928\u0926\u093e\u0930 \u0930\u093e\u0937\u094d\u091f\u094d\u0930\u0940\u092f \u0909\u0926\u094d\u092f\u093e\u0928 \u0915\u0947 \u092c\u093e\u0930\u0947 \u092e\u0947\u0902 \u092e\u0942\u0932 \u0915\u0939\u093e\u0928\u0940 \u091c\u093e\u0928\u0924\u093e \u0939\u0948\u0964<\/p>\n<p>\u092b\u093f\u0930 \u0939\u092e \u0932\u093e\u0907\u092b \u091c\u0948\u0915\u0947\u091f \u0915\u0947 \u0938\u093e\u0925 \u090f\u0915 \u0928\u093e\u0935 \u092e\u0947\u0902 \u0932\u0949\u0938 \u0939\u0947\u0907\u091f\u093f\u0938\u0947\u0938 \u0928\u0947\u0936\u0928\u0932 \u092a\u093e\u0930\u094d\u0915 \u0915\u0947 \u092e\u0941\u0916\u094d\u092f \u092c\u0902\u0926\u0930\u0917\u093e\u0939, \u091c\u093f\u0938\u0947 \u0915\u0948\u0928\u094b \u0939\u094b\u0902\u0921\u094b (\u0921\u0940\u092a \u0915\u094d\u0930\u0940\u0915) \u0915\u0939\u093e \u091c\u093e\u0924\u093e \u0939\u0948, \u0938\u0947 \u0936\u0941\u0930\u0942 \u0915\u0930\u0924\u0947 \u0939\u0948\u0902\u0964 \u091c\u092c \u0924\u0915 \u0939\u092e \u0938\u092e\u093e\u0928\u093e \u0916\u093e\u0921\u093c\u0940 \u092e\u0947\u0902 \u090f\u0915 \u091b\u094b\u091f\u0940 \u0938\u0940 \u0916\u093e\u0921\u093c\u0940, \u0938\u0948\u0928 \u0932\u094b\u0930\u0947\u0902\u091c\u094b \u0916\u093e\u0921\u093c\u0940 \u0924\u0915 \u0928\u0939\u0940\u0902 \u092a\u0939\u0941\u0901\u091a \u091c\u093e\u0924\u0947, \u0924\u092c \u0924\u0915 \u0939\u092e \u0932\u093e\u0932 \u092e\u0948\u0902\u0917\u094d\u0930\u094b\u0935 \u0935\u0928 \u0915\u093e \u0906\u0928\u0902\u0926 \u0932\u0947\u0902\u0917\u0947\u0964 \u0914\u0930 \u092f\u0947 \u091a\u0932\u0947 \u0939\u092e! \u092a\u0939\u0932\u0940 \u091a\u0940\u091c\u093c \u091c\u094b \u0906\u092a \u0926\u0947\u0916 \u0938\u0915\u0924\u0947 \u0939\u0948\u0902 \u0935\u0939 \u092e\u094b\u0917\u094b\u091f\u094d\u0938 \u0928\u093e\u092e\u0915 \u0935\u093f\u0936\u093e\u0932 \u091a\u0942\u0928\u093e \u092a\u0924\u094d\u0925\u0930 \u092a\u0930\u094d\u0935\u0924 \u0926\u094d\u0935\u0940\u092a \u0915\u093e \u0938\u0902\u0917\u094d\u0930\u0939 \u0939\u0948\u0964 \u0909\u0928\u0915\u0947 \u0905\u0932\u093e\u0935\u093e, \u092a\u094c\u0927\u094b\u0902 \u0915\u0940 700 \u0938\u0947 \u0905\u0927\u093f\u0915 \u092a\u094d\u0930\u091c\u093e\u0924\u093f\u092f\u093e\u0901 \u0914\u0930 \u0915\u0908 \u0906\u0930\u094d\u0926\u094d\u0930\u092d\u0942\u092e\u093f \u092a\u0915\u094d\u0937\u0940 \u0907\u0927\u0930-\u0909\u0927\u0930 \u0909\u0921\u093c\u0924\u0947 \u0939\u0948\u0902\u0964 \u092c\u093e\u0926 \u092e\u0947\u0902 750 \u0938\u093e\u0932 \u092a\u0939\u0932\u0947 \u0939\u092e\u093e\u0930\u0947 \u0938\u094d\u0935\u0926\u0947\u0936\u0940 \u0938\u092e\u0941\u0926\u093e\u092f\u094b\u0902 \u0915\u0947 \u091a\u093f\u0924\u094d\u0930\u0932\u0947\u0916\u094b\u0902 \u0935\u093e\u0932\u0940 \u0917\u0941\u092b\u093e\u0913\u0902 \u0915\u093e \u0926\u094c\u0930\u093e \u0915\u093f\u092f\u093e\u0964<\/p>\n<p><strong>\u0915\u0943\u092a\u092f\u093e \u0926\u094c\u0930\u0947 \u0915\u0947 \u0932\u093f\u090f \u0924\u093e\u0930\u0940\u0916 \u0915\u093e \u091a\u092f\u0928 \u0915\u0930\u0947\u0902\u00a0<\/strong><\/p>","protected":false},"featured_media":81,"template":"","meta":[],"product_brand":[],"product_cat":[119,120,98,121,99,122,443,123,124],"product_tag":[125,126,127,128,129,130,131,132,133,134,114],"class_list":{"0":"post-554","1":"product","2":"type-product","3":"status-publish","4":"has-post-thumbnail","6":"product_cat-caves","7":"product_cat-fees-entrace","8":"product_cat-local-tour-guides","9":"product_cat-mangroves","10":"product_cat-swimming-natural-springs","11":"product_cat-tours-and-excursions","12":"product_cat-tours-y-excursiones-es","13":"product_cat-tours-excursions-los-haitises-national-park","14":"product_cat-tours-excursions-samana-bay-dominican-republic","15":"product_tag-boat-tour","16":"product_tag-cano-hondo","17":"product_tag-cano-hondo-hotel","18":"product_tag-cano-hondo-tours","19":"product_tag-eco-tours","20":"product_tag-excursion","21":"product_tag-locals-guides","22":"product_tag-los-haitises","23":"product_tag-los-haitises-national-park","24":"product_tag-los-haitises-national-park-tour","25":"product_tag-sabana-de-la-mar","27":"first","28":"instock","29":"sale","30":"sold-individually","31":"shipping-taxable","32":"product-type-external"},"_links":{"self":[{"href":"https:\/\/haitises.com\/hi\/wp-json\/wp\/v2\/product\/554","targetHints":{"allow":["GET"]}}],"collection":[{"href":"https:\/\/haitises.com\/hi\/wp-json\/wp\/v2\/product"}],"about":[{"href":"https:\/\/haitises.com\/hi\/wp-json\/wp\/v2\/types\/product"}],"wp:featuredmedia":[{"embeddable":true,"href":"https:\/\/haitises.com\/hi\/wp-json\/wp\/v2\/media\/81"}],"wp:attachment":[{"href":"https:\/\/haitises.com\/hi\/wp-json\/wp\/v2\/media?parent=554"}],"wp:term":[{"taxonomy":"product_brand","embeddable":true,"href":"https:\/\/haitises.com\/hi\/wp-json\/wp\/v2\/product_brand?post=554"},{"taxonomy":"product_cat","embeddable":true,"href":"https:\/\/haitises.com\/hi\/wp-json\/wp\/v2\/product_cat?post=554"},{"taxonomy":"product_tag","embeddable":true,"href":"https:\/\/haitises.com\/hi\/wp-json\/wp\/v2\/product_tag?post=554"}],"curies":[{"name":"wp","href":"https:\/\/api.w.org\/{rel}","templated":true}]}}