{"id":11632,"date":"2023-10-04T07:39:46","date_gmt":"2023-10-04T07:39:46","guid":{"rendered":"http:\/\/haitises.com\/?post_type=product&#038;p=11632"},"modified":"2024-04-01T19:33:46","modified_gmt":"2024-04-01T19:33:46","slug":"los-haitises-national-park-tour-from-samana-port-3","status":"publish","type":"product","link":"https:\/\/haitises.com\/hi\/\u0928\u093f\u091c\u0940\/los-haitises-national-park-tour-from-samana-port-3\/","title":{"rendered":"\u0938\u092e\u093e\u0928\u093e \u092c\u0902\u0926\u0930\u0917\u093e\u0939 \u0938\u0947 \u0932\u0949\u0938 \u0939\u0948\u0907\u091f\u093f\u091c\u093c \u0928\u0947\u0936\u0928\u0932 \u092a\u093e\u0930\u094d\u0915 \u091f\u0942\u0930"},"content":{"rendered":"<div class=\"vc_row wpb_row vc_row-fluid\" ><div class=\"wpb_column vc_column_container vc_col-sm-12\"><div class=\"vc_column-inner\"><div class=\"wpb_wrapper\">[mkdf_section_title title_tag=\u00bb\u00bb disable_break_words=\u00bbno\u00bb subtitle_tag=\u00bb\u00bb title=\u00bbLos Haitises National Park Boat Tour\u00bb subtitle=\u00bbJust Los Haitises National Park\u00bb]<\/div><\/div><\/div><\/div><div class=\"vc_row wpb_row vc_row-fluid\" ><div class=\"wpb_column vc_column_container vc_col-sm-12\"><div class=\"vc_column-inner\"><div class=\"wpb_wrapper\"><div class=\"vc_btn3-container vc_btn3-inline\" ><button class=\"vc_general vc_btn3 vc_btn3-size-md vc_btn3-shape-rounded vc_btn3-style-modern vc_btn3-color-green\">\u0905\u092d\u0940 \u092c\u0941\u0915 \u0915\u0930\u0947\u0902<\/button><\/div>\n\t<div class=\"wpb_text_column wpb_content_element\" >\n\t\t<div class=\"wpb_wrapper\">\n\t\t\t<h4><b><i>\u0905\u0935\u0932\u094b\u0915\u0928 <\/i><\/b><\/h4>\n<p>\u0938\u092e\u093e\u0928\u093e \u092c\u0902\u0926\u0930\u0917\u093e\u0939 \u0938\u0947 \u0936\u0941\u0930\u0942 \u0915\u0930\u0915\u0947 \u0932\u0949\u0938 \u0939\u0948\u091f\u093f\u0938\u0947\u0938 \u0928\u0947\u0936\u0928\u0932 \u092a\u093e\u0930\u094d\u0915 \u0915\u093e \u092d\u094d\u0930\u092e\u0923 \u0915\u0930\u0947\u0902\u0964 \u0939\u092e\u093e\u0930\u0947 \u0938\u093e\u0925 \u0906\u090f\u0902 \u0914\u0930 \u0921\u094b\u092e\u093f\u0928\u093f\u0915\u0928 \u0917\u0923\u0930\u093e\u091c\u094d\u092f \u0915\u0947 \u0938\u092c\u0938\u0947 \u0916\u0942\u092c\u0938\u0942\u0930\u0924 \u0930\u093e\u0937\u094d\u091f\u094d\u0930\u0940\u092f \u0909\u0926\u094d\u092f\u093e\u0928 \u0915\u0940 \u092f\u093e\u0924\u094d\u0930\u093e \u0915\u0930\u0947\u0902, \u092e\u0948\u0902\u0917\u094d\u0930\u094b\u0935, \u0917\u0941\u092b\u093e\u0913\u0902 \u0914\u0930 \u0938\u0948\u0928 \u0932\u094b\u0930\u0947\u0902\u091c\u094b \u0916\u093e\u0921\u093c\u0940 \u0915\u093e \u0926\u094c\u0930\u093e \u0915\u0930\u0947\u0902 \u0914\u0930 \u0938\u093e\u0925 \u0939\u0940 \u092d\u0935\u094d\u092f \u0938\u092e\u093e\u0928\u093e \u0916\u093e\u0921\u093c\u0940 \u0915\u094b \u092a\u093e\u0930 \u0915\u0930\u0947\u0902\u0964 \u092b\u093f\u0930 \u0935\u093e\u092a\u0938 \u0938\u092e\u093e\u0928\u093e \u092c\u0902\u0926\u0930\u0917\u093e\u0939 \u092a\u0930\u0964<\/p>\n<p>\u0907\u0938 \u0905\u0928\u0941\u092d\u0935 \u0915\u0947 \u092c\u093e\u0926, \u0906\u092a \u0938\u092e\u093e\u0928\u093e \u092c\u0902\u0926\u0930\u0917\u093e\u0939 \u092a\u0930 \u0935\u093e\u092a\u0938 \u0906 \u091c\u093e\u092f\u0947\u0902\u0917\u0947\u0964<\/p>\n<ul>\n<li style=\"font-weight: 400;\">\u092b\u0940\u0938 \u0936\u093e\u092e\u093f\u0932 \u0939\u0948<\/li>\n<li style=\"font-weight: 400;\"><span style=\"font-weight: 400;\">\u0917\u093e\u0907\u0921 \u0928\u093f\u0930\u094d\u0926\u0947\u0936 \u0914\u0930 \u092a\u0930\u094d\u092f\u0935\u0947\u0915\u094d\u0937\u0923 \u092a\u094d\u0930\u0926\u093e\u0928 \u0915\u0930\u0924\u093e \u0939\u0948<\/span><\/li>\n<\/ul>\n<p>&nbsp;<\/p>\n<h4><b>\u0938\u092e\u093e\u0935\u0947\u0936\u0928 \u090f\u0935\u0902 \u092c\u0939\u093f\u0937\u094d\u0915\u0930\u0923<\/b><\/h4>\n<p>&nbsp;<\/p>\n<p><b>\u0938\u092e\u093e\u0935\u0947\u0936\u0928<\/b><\/p>\n<p>&nbsp;<\/p>\n<ol>\n<li style=\"font-weight: 400;\">\u0932\u0949\u0938 \u0939\u0948\u091f\u093e\u0907\u091c\u093c \u091f\u0942\u0930 + \u0917\u0941\u092b\u093e\u090f\u0901 \u0914\u0930 \u091a\u093f\u0924\u094d\u0930\u0932\u0947\u0916<\/li>\n<li style=\"font-weight: 400;\"><span style=\"font-weight: 400;\">\u0938\u092d\u0940 \u0915\u0930, \u0936\u0941\u0932\u094d\u0915 \u0914\u0930 \u0939\u0948\u0902\u0921\u0932\u093f\u0902\u0917 \u0936\u0941\u0932\u094d\u0915<\/span><\/li>\n<li style=\"font-weight: 400;\"><span style=\"font-weight: 400;\">\u0938\u094d\u0925\u093e\u0928\u0940\u092f \u0915\u0930<\/span><\/li>\n<li style=\"font-weight: 400;\"><span style=\"font-weight: 400;\">\u092a\u0947\u092f<\/span><\/li>\n<li style=\"font-weight: 400;\"><span style=\"font-weight: 400;\">\u0938\u092d\u0940 \u0917\u0924\u093f\u0935\u093f\u0927\u093f\u092f\u093e\u0902<\/span><\/li>\n<li style=\"font-weight: 400;\"><span style=\"font-weight: 400;\">\u0938\u094d\u0925\u093e\u0928\u0940\u092f \u0917\u093e\u0907\u0921<\/span><\/li>\n<\/ol>\n<p><b> \u092c\u0939\u093f\u0937\u094d\u0915\u093e\u0930<\/b><\/p>\n<ol>\n<li style=\"font-weight: 400;\"><span style=\"font-weight: 400;\">\u0909\u092a\u0926\u093e\u0928<\/span><\/li>\n<li style=\"font-weight: 400;\"><span style=\"font-weight: 400;\">\u0938\u094d\u0925\u093e\u0928\u093e\u0902\u0924\u0930\u0923<\/span><\/li>\n<li style=\"font-weight: 400;\"><span style=\"font-weight: 400;\">\u092e\u093e\u0926\u0915 \u092a\u0947\u092f<\/span><\/li>\n<li>\u0926\u094b\u092a\u0939\u0930 \u0915\u093e \u092d\u094b\u091c\u0928 \u0936\u093e\u092e\u093f\u0932 \u0928\u0939\u0940\u0902 \u0939\u0948, \u0926\u094b\u092a\u0939\u0930 \u0915\u0947 \u092d\u094b\u091c\u0928 \u0915\u0947 \u0932\u093f\u090f \u0907\u0928\u092e\u0947\u0902 \u0938\u0947 \u0915\u093f\u0938\u0940 \u090f\u0915 \u092f\u093e\u0924\u094d\u0930\u093e \u0915\u094b \u091a\u0941\u0928\u0928\u093e \u0936\u093e\u092e\u093f\u0932 \u0939\u0948:\u00a0 <a href=\"https:\/\/www.ticketswhales.com\/tour\/los-haitises-national-park-tour-from-samana-port\/\" target=\"_blank\" rel=\"noopener\">\u0932\u0949\u0938 \u0939\u0947\u0907\u091f\u093f\u0938\u0947\u0938 + \u0915\u0947\u092f\u094b \u0932\u0947\u0935\u0902\u0924\u093e\u0926\u094b<\/a> \u0938\u092e\u093e\u0928\u093e \u092c\u0902\u0926\u0930\u0917\u093e\u0939 \u0938\u0947 \u092f\u093e<a href=\"https:\/\/www.ticketswhales.com\/tour\/los-haitises-national-park-lunch-at-cano-hondo-from-samana-port\/\" target=\"_blank\" rel=\"noopener\"><em><strong> \u0938\u092e\u093e\u0928\u093e \u092c\u0902\u0926\u0930\u0917\u093e\u0939 \u0938\u0947 \u0932\u0949\u0938 \u0939\u0947\u0907\u091f\u093f\u0938\u0947\u0938 + \u0915\u0948\u0928\u094b \u0939\u094b\u0902\u0921\u094b\u0964<\/strong><\/em><\/a><\/li>\n<\/ol>\n<p>&nbsp;<\/p>\n<h4><em><strong>\u092a\u094d\u0930\u0938\u094d\u0925\u093e\u0928 \u090f\u0935\u0902 \u0935\u093e\u092a\u0938\u0940<\/strong><\/em><\/h4>\n<p><span style=\"font-weight: 400;\">\u0906\u0930\u0915\u094d\u0937\u0923 \u092a\u094d\u0930\u0915\u094d\u0930\u093f\u092f\u093e \u0915\u0947 \u092c\u093e\u0926 \u092f\u093e\u0924\u094d\u0930\u0940 \u0915\u094b \u090f\u0915 \u092e\u0940\u091f\u093f\u0902\u0917 \u092a\u0949\u0907\u0902\u091f \u092e\u093f\u0932\u0947\u0917\u093e\u0964 \u0926\u094c\u0930\u0947 \u0939\u092e\u093e\u0930\u0947 \u092c\u0948\u0920\u0915 \u092c\u093f\u0902\u0926\u0941\u0913\u0902 \u092a\u0930 \u0936\u0941\u0930\u0942 \u0914\u0930 \u0938\u092e\u093e\u092a\u094d\u0924 \u0939\u094b\u0924\u0947 \u0939\u0948\u0902\u0964<\/span><\/p>\n<p>&nbsp;<\/p>\n<h4><b><i>\u0915\u094d\u092f\u093e \u0909\u092e\u094d\u092e\u0940\u0926 \u0915\u0930\u0947\u0902?<\/i><\/b><\/h4>\n<p>&nbsp;<\/p>\n<p><em><strong>\u0905\u092a\u0928\u0947 \u091f\u093f\u0915\u091f \u092a\u094d\u0930\u093e\u092a\u094d\u0924 \u0915\u0930\u0947\u0902<\/strong><\/em> \u0915\u093e\u0928\u094b \u0939\u094b\u0902\u0921\u094b \u092e\u0947\u0902 \u0936\u093e\u0928\u0926\u093e\u0930 \u0926\u094b\u092a\u0939\u0930 \u0915\u0947 \u092d\u094b\u091c\u0928 \u0914\u0930 \u092a\u094d\u0930\u093e\u0915\u0943\u0924\u093f\u0915 \u091d\u0930\u0928\u094b\u0902 \u092e\u0947\u0902 \u0924\u0948\u0930\u093e\u0915\u0940 \u0915\u0947 \u0938\u093e\u0925 \u0932\u0949\u0938 \u0939\u0948\u091f\u093f\u0938\u0947\u0938 \u0928\u0947\u0936\u0928\u0932 \u092a\u093e\u0930\u094d\u0915 \u0915\u0940 \u092f\u093e\u0924\u094d\u0930\u093e \u0915\u0947 \u0932\u093f\u090f\u0964<\/p>\n<p>\u090f\u0915 \u0938\u094d\u0925\u093e\u0928\u0940\u092f \u091f\u0942\u0930 \u0917\u093e\u0907\u0921 \u0915\u0947 \u0938\u093e\u0925 \u0928\u093e\u0935 \u092f\u093e \u0915\u0948\u091f\u093e\u092e\u0930\u0928 \u092a\u0930 \u0938\u092e\u093e\u0928\u093e \u092c\u0902\u0926\u0930\u0917\u093e\u0939 \u0938\u0947 \u0936\u0941\u0930\u0942 \u0915\u0930\u0915\u0947 \u0939\u092e \u0921\u094b\u092e\u093f\u0928\u093f\u0915\u0928 \u0917\u0923\u0930\u093e\u091c\u094d\u092f \u0915\u0947 \u0938\u092c\u0938\u0947 \u0916\u0942\u092c\u0938\u0942\u0930\u0924 \u0930\u093e\u0937\u094d\u091f\u094d\u0930\u0940\u092f \u0909\u0926\u094d\u092f\u093e\u0928\u094b\u0902 \u092e\u0947\u0902 \u0938\u0947 \u090f\u0915 \u0915\u093e \u0926\u094c\u0930\u093e \u0915\u0930\u0928\u0947 \u0915\u0947 \u0932\u093f\u090f \u0938\u092e\u093e\u0928\u093e \u0916\u093e\u0921\u093c\u0940 \u0938\u0947 \u0938\u092c\u093e\u0928\u093e \u0921\u0947 \u0932\u093e \u092e\u093e\u0930\u094d\u091a \u0924\u0915 \u091c\u093e\u0924\u0947 \u0939\u0948\u0902\u0964 <em><strong>\u0939\u0948\u0924\u0940\u0938 \u0930\u093e\u0937\u094d\u091f\u094d\u0930\u0940\u092f \u0909\u0926\u094d\u092f\u093e\u0928<\/strong><\/em>.<\/p>\n<p>\u091a\u093e\u0930\u094b\u0902 \u0913\u0930 \u092a\u0915\u094d\u0937\u093f\u092f\u094b\u0902 \u0915\u0947 \u0938\u093e\u0925 \u0926\u094d\u0935\u0940\u092a \u0915\u093e \u092d\u094d\u0930\u092e\u0923\u0964 \u0918\u094b\u0902\u0938\u0932\u0947 \u0915\u0947 \u0936\u093f\u0915\u093e\u0930 \u0915\u0947 \u092e\u094c\u0938\u092e \u092e\u0947\u0902, \u0939\u092e \u0918\u094b\u0902\u0938\u0932\u094b\u0902 \u092a\u0930 \u092a\u0947\u0932\u093f\u0915\u0928 \u091a\u0942\u091c\u094b\u0902 \u0915\u094b \u092d\u0940 \u0926\u0947\u0916 \u0938\u0915\u0924\u0947 \u0939\u0948\u0902\u0964 \u091a\u091f\u094d\u091f\u093e\u0928\u0940 \u0926\u094d\u0935\u0940\u092a \u0915\u0947 \u0914\u0930 \u0905\u0902\u0926\u0930 \u091c\u093e\u0928\u093e \u0914\u0930 \u0938\u094d\u0925\u093e\u0928\u0940\u092f \u0932\u094b\u0917\u094b\u0902 \u0915\u0947 \u091a\u093f\u0924\u094d\u0930\u0932\u0947\u0916\u094b\u0902 \u0914\u0930 \u092a\u0947\u091f\u094d\u0930\u094b\u0917\u094d\u0930\u093e\u092b\u093c\u094b\u0902 \u0915\u0947 \u0938\u093e\u0925 \u0917\u0941\u092b\u093e\u0913\u0902 \u0915\u093e \u0926\u094c\u0930\u093e \u0915\u0930\u0928\u093e\u0964<\/p>\n<p>The tour, organized by \u00abBooking Adventures\u00bb starts at the meeting point set with the Tour Guide. Come with Booking Adventures and start checking some bird-filled mangroves, rolling hills of lush vegetation and caves of <em><strong>\u0932\u0949\u0938 \u0939\u0947\u0907\u091f\u093f\u0938\u0947\u0938 \u0930\u093e\u0937\u094d\u091f\u094d\u0930\u0940\u092f \u0909\u0926\u094d\u092f\u093e\u0928<\/strong><\/em>.<\/p>\n<p>\u0916\u0941\u0932\u0947 \u0938\u0948\u0928 \u0932\u094b\u0930\u0947\u0902\u091c\u094b \u0916\u093e\u0921\u093c\u0940 \u092e\u0947\u0902 \u092e\u0948\u0902\u0917\u094d\u0930\u094b\u0935 \u0914\u0930 \u092d\u0942\u092e\u093f \u0915\u0947 \u092e\u093e\u0927\u094d\u092f\u092e \u0938\u0947, \u091c\u0939\u093e\u0902 \u0938\u0947 \u0906\u092a \u090a\u092c\u0921\u093c-\u0916\u093e\u092c\u0921\u093c \u0935\u0928 \u092a\u0930\u093f\u0926\u0943\u0936\u094d\u092f \u0915\u0940 \u0924\u0938\u094d\u0935\u0940\u0930\u0947\u0902 \u0932\u0947 \u0938\u0915\u0924\u0947 \u0939\u0948\u0902\u0964 \u092a\u0939\u091a\u093e\u0928\u0928\u0947 \u0915\u0947 \u0932\u093f\u090f \u092a\u093e\u0928\u0940 \u0915\u0940 \u0913\u0930 \u0926\u0947\u0916\u0947\u0902 <em><strong>\u092e\u0948\u0928\u0947\u091f\u0947\u0938<\/strong><\/em>, \u0915\u094d\u0930\u0938\u094d\u091f\u0947\u0936\u093f\u092f\u0902\u0938, \u0914\u0930 <em><strong>\u0921\u0949\u0932\u094d\u092b\u093c\u093f\u0928\u0964<\/strong><\/em><\/p>\n<div class=\"body-description secondary\">\n<p>\u0930\u093e\u0937\u094d\u091f\u094d\u0930\u0940\u092f \u0909\u0926\u094d\u092f\u093e\u0928 \u0915\u093e \u0928\u093e\u092e \u0907\u0938\u0915\u0947 \u092e\u0942\u0932 \u0928\u093f\u0935\u093e\u0938\u093f\u092f\u094b\u0902, \u091f\u0948\u0928\u094b \u0907\u0902\u0921\u093f\u092f\u0902\u0938 \u0938\u0947 \u0906\u092f\u093e \u0939\u0948\u0964 \u0909\u0928\u0915\u0940 \u092d\u093e\u0937\u093e \u092e\u0947\u0902 &quot;\u0939\u0948\u091f\u093e\u0907\u091c\u093c&quot; \u0915\u093e \u0905\u0928\u0941\u0935\u093e\u0926 \u0939\u093e\u0907\u0932\u0948\u0902\u0921\u094d\u0938 \u092f\u093e \u092a\u0939\u093e\u0921\u093c\u093f\u092f\u094b\u0902 \u0915\u0947 \u0930\u0942\u092a \u092e\u0947\u0902 \u0915\u093f\u092f\u093e \u091c\u093e\u0924\u093e \u0939\u0948, \u091c\u094b \u091a\u0942\u0928\u093e \u092a\u0924\u094d\u0925\u0930 \u0915\u0947 \u0938\u093e\u0925 \u0938\u092e\u0941\u0926\u094d\u0930 \u0924\u091f \u0915\u0940 \u0916\u0921\u093c\u0940 \u092d\u0942\u0935\u0948\u091c\u094d\u091e\u093e\u0928\u093f\u0915 \u0938\u0902\u0930\u091a\u0928\u093e\u0913\u0902 \u0915\u093e \u0938\u0902\u0926\u0930\u094d\u092d \u0939\u0948\u0964 \u091c\u0948\u0938\u0940 \u0917\u0941\u092b\u093e\u0913\u0902 \u0915\u093e \u092a\u0924\u093e \u0932\u0917\u093e\u0928\u0947 \u0915\u0947 \u0932\u093f\u090f \u092a\u093e\u0930\u094d\u0915 \u092e\u0947\u0902 \u0917\u0939\u0930\u093e\u0908 \u0924\u0915 \u0938\u093e\u0939\u0938\u093f\u0915 \u0915\u093e\u0930\u094d\u092f \u0915\u0930\u0947\u0902 <em><strong>\u0930\u0947\u0924 \u0915\u0940 \u0917\u0941\u092b\u093e<\/strong><\/em> \u0914\u0930 <strong><em>\u0930\u0947\u0916\u093e \u0917\u0941\u092b\u093e.<\/em><\/strong> \u0930\u093f\u091c\u093c\u0930\u094d\u0935 \u092e\u0947\u0902 \u0917\u0941\u092b\u093e\u0913\u0902 \u0915\u093e \u0909\u092a\u092f\u094b\u0917 \u091f\u0948\u0928\u094b \u092d\u093e\u0930\u0924\u0940\u092f\u094b\u0902 \u0926\u094d\u0935\u093e\u0930\u093e \u0914\u0930 \u092c\u093e\u0926 \u092e\u0947\u0902, \u091b\u093f\u092a\u0947 \u0939\u0941\u090f \u0938\u092e\u0941\u0926\u094d\u0930\u0940 \u0921\u093e\u0915\u0941\u0913\u0902 \u0926\u094d\u0935\u093e\u0930\u093e \u0906\u0936\u094d\u0930\u092f \u0915\u0947 \u0930\u0942\u092a \u092e\u0947\u0902 \u0915\u093f\u092f\u093e \u0917\u092f\u093e \u0925\u093e\u0964 \u0915\u0941\u091b \u0926\u0940\u0935\u093e\u0930\u094b\u0902 \u0915\u094b \u0938\u091c\u093e\u0928\u0947 \u0935\u093e\u0932\u0947 \u092d\u093e\u0930\u0924\u0940\u092f\u094b\u0902 \u0915\u0947 \u091a\u093f\u0924\u094d\u0930 \u0926\u0947\u0916\u0947\u0902\u0964 \u0932\u0949\u0938 \u0939\u0947\u0907\u091f\u093f\u0938\u0947\u0938 \u0928\u0947\u0936\u0928\u0932 \u092a\u093e\u0930\u094d\u0915 \u0915\u093e \u0926\u094c\u0930\u093e \u0915\u0930\u0928\u0947 \u0915\u0947 \u092c\u093e\u0926 \u0939\u092e \u0938\u092e\u093e\u0928\u093e \u0916\u093e\u0921\u093c\u0940 \u0938\u0947 30 \u092e\u093f\u0928\u091f \u0915\u0940 \u0926\u0942\u0930\u0940 \u092a\u0930 \u0939\u094b\u0924\u0947 \u0939\u0941\u090f \u0938\u092e\u093e\u0928\u093e \u092c\u0902\u0926\u0930\u0917\u093e\u0939 \u092a\u0930 \u0935\u093e\u092a\u0938 \u091c\u093e\u090f\u0902\u0917\u0947\u0964<\/p>\n<\/div>\n<p>\u092f\u0926\u093f \u0906\u092a\u0915\u094b \u092f\u0939 \u092f\u093e\u0924\u094d\u0930\u093e \u0932\u0902\u092c\u0940 \u092a\u0938\u0902\u0926 \u0939\u0948 \u0924\u094b \u0939\u092e\u093e\u0930\u0947 \u092a\u093e\u0938 \u092f\u0947 \u0935\u093f\u0915\u0932\u094d\u092a \u0939\u0948\u0902:<\/p>\n<ol>\n<li><a href=\"https:\/\/www.ticketswhales.com\/tour\/los-haitises-national-park-tour-from-samana-port\/\" target=\"_blank\" rel=\"noopener\">\u0938\u092e\u093e\u0928\u093e \u092c\u0902\u0926\u0930\u0917\u093e\u0939 \u0938\u0947 \u0932\u0949\u0938 \u0939\u0947\u0907\u091f\u093f\u0938\u0947\u0938 + \u0915\u0947\u092f\u094b \u0932\u0947\u0935\u0902\u0924\u093e\u0921\u094b\u0964<\/a><\/li>\n<li><a href=\"https:\/\/www.ticketswhales.com\/tour\/los-haitises-national-park-lunch-at-cano-hondo-from-samana-port\/\" target=\"_blank\" rel=\"noopener\">\u0938\u092e\u093e\u0928\u093e \u092c\u0902\u0926\u0930\u0917\u093e\u0939 \u0938\u0947 \u0932\u0949\u0938 \u0939\u0947\u0907\u091f\u093f\u0938\u0947\u0938 + \u0915\u0948\u0928\u094b \u0939\u094b\u0902\u0921\u094b\u0964<\/a><\/li>\n<\/ol>\n<p>&nbsp;<\/p>\n<h4><em><strong>\u0906\u092a\u0915\u094b \u0915\u094d\u092f\u093e \u0932\u093e\u0928\u093e \u091a\u093e\u0939\u093f\u090f?<\/strong><\/em><\/h4>\n<ul>\n<li style=\"font-weight: 400;\"><span style=\"font-weight: 400;\">\u0915\u0948\u092e\u0930\u093e<\/span><\/li>\n<li style=\"font-weight: 400;\"><span style=\"font-weight: 400;\">\u0935\u093f\u0915\u0930\u094d\u0937\u0915 \u0915\u0932\u093f\u092f\u093e\u0901<\/span><\/li>\n<li style=\"font-weight: 400;\"><span style=\"font-weight: 400;\">\u0938\u0928 \u0915\u094d\u0930\u0940\u092e<\/span><\/li>\n<li style=\"font-weight: 400;\"><span style=\"font-weight: 400;\">\u091f\u094b\u092a\u0940<\/span><\/li>\n<li style=\"font-weight: 400;\"><span style=\"font-weight: 400;\">\u0906\u0930\u093e\u092e\u0926\u093e\u092f\u0915 \u092a\u0948\u0902\u091f<\/span><\/li>\n<li style=\"font-weight: 400;\"><span style=\"font-weight: 400;\">\u091c\u0902\u0917\u0932 \u0915\u0947 \u0932\u093f\u090f \u0932\u0902\u092c\u0940 \u092a\u0948\u0926\u0932 \u092f\u093e\u0924\u094d\u0930\u093e \u0915\u0947 \u091c\u0942\u0924\u0947<\/span><\/li>\n<li style=\"font-weight: 400;\"><span style=\"font-weight: 400;\">\u0935\u0938\u0902\u0924 \u0915\u094d\u0937\u0947\u0924\u094d\u0930\u094b\u0902 \u0915\u0947 \u0932\u093f\u090f \u0938\u0948\u0902\u0921\u0932.<\/span><\/li>\n<li style=\"font-weight: 400;\"><span style=\"font-weight: 400;\">\u0924\u0948\u0930\u093e\u0915\u0940 \u092a\u0930\u093f\u0927\u093e\u0928<\/span><\/li>\n<\/ul>\n<p>&nbsp;<\/p>\n<h4><b><i>\u0939\u094b\u091f\u0932 \u092a\u093f\u0915\u0905\u092a <\/i><\/b><\/h4>\n<p><span style=\"font-weight: 400;\">\u0907\u0938 \u0926\u094c\u0930\u0947 \u0915\u0947 \u0932\u093f\u090f \u0939\u094b\u091f\u0932 \u092a\u093f\u0915-\u0905\u092a \u0915\u0940 \u092a\u0947\u0936\u0915\u0936 \u0928\u0939\u0940\u0902 \u0915\u0940 \u091c\u093e\u0924\u0940 \u0939\u0948\u0964 <\/span><\/p>\n<p>&nbsp;<\/p>\n<p><b>\u091f\u093f\u092a\u094d\u092a\u0923\u0940:<\/b><span style=\"font-weight: 400;\"> \u092f\u0926\u093f \u0906\u092a\u0928\u0947 \u091f\u0942\u0930\/\u092d\u094d\u0930\u092e\u0923 \u092a\u094d\u0930\u0938\u094d\u0925\u093e\u0928 \u0938\u092e\u092f \u0915\u0947 24 \u0918\u0902\u091f\u094b\u0902 \u0915\u0947 \u092d\u0940\u0924\u0930 \u092c\u0941\u0915 \u0915\u093f\u092f\u093e \u0939\u0948, \u0924\u094b \u0939\u092e \u0905\u0924\u093f\u0930\u093f\u0915\u094d\u0924 \u0936\u0941\u0932\u094d\u0915 \u0915\u0947 \u0938\u093e\u0925 \u0939\u094b\u091f\u0932 \u092a\u093f\u0915-\u0905\u092a \u0915\u0940 \u0935\u094d\u092f\u0935\u0938\u094d\u0925\u093e \u0915\u0930 \u0938\u0915\u0924\u0947 \u0939\u0948\u0902\u0964 \u090f\u0915 \u092c\u093e\u0930 \u0906\u092a\u0915\u0940 \u0916\u0930\u0940\u0926\u093e\u0930\u0940 \u092a\u0942\u0930\u0940 \u0939\u094b \u091c\u093e\u0928\u0947 \u092a\u0930, \u0939\u092e \u0906\u092a\u0915\u094b \u092a\u093f\u0915-\u0905\u092a \u0935\u094d\u092f\u0935\u0938\u094d\u0925\u093e \u0935\u094d\u092f\u0935\u0938\u094d\u0925\u093f\u0924 \u0915\u0930\u0928\u0947 \u0915\u0947 \u0932\u093f\u090f \u0939\u092e\u093e\u0930\u0947 \u0938\u094d\u0925\u093e\u0928\u0940\u092f \u091f\u0942\u0930 \u0917\u093e\u0907\u0921 \u0915\u0947 \u0932\u093f\u090f \u092a\u0942\u0930\u0940 \u0938\u0902\u092a\u0930\u094d\u0915 \u091c\u093e\u0928\u0915\u093e\u0930\u0940 (\u092b\u094b\u0928 \u0928\u0902\u092c\u0930, \u0908\u092e\u0947\u0932 \u092a\u0924\u093e, \u0906\u0926\u093f) \u092d\u0947\u091c\u0947\u0902\u0917\u0947\u0964<\/span><\/p>\n<h4><b><i>\u0905\u0924\u093f\u0930\u093f\u0915\u094d\u0924 \u091c\u093e\u0928\u0915\u093e\u0930\u0940 \u092a\u0941\u0937\u094d\u091f\u093f\u0915\u0930\u0923 <\/i><\/b><\/h4>\n<ol>\n<li>\u091f\u093f\u0915\u091f \u0907\u0938 \u091f\u0942\u0930 \u0915\u093e \u092d\u0941\u0917\u0924\u093e\u0928 \u0915\u0930\u0928\u0947 \u0915\u0947 \u092c\u093e\u0926 \u0915\u0940 \u0930\u0938\u0940\u0926 \u0939\u0948\u0964 \u0906\u092a \u092d\u0941\u0917\u0924\u093e\u0928 \u0915\u094b \u0905\u092a\u0928\u0947 \u092b\u093c\u094b\u0928 \u092a\u0930 \u0926\u093f\u0916\u093e \u0938\u0915\u0924\u0947 \u0939\u0948\u0902.<\/li>\n<li style=\"font-weight: 400;\"><span style=\"font-weight: 400;\">\u0906\u0930\u0915\u094d\u0937\u0923 \u092a\u094d\u0930\u0915\u094d\u0930\u093f\u092f\u093e \u0915\u0947 \u092c\u093e\u0926 \u092e\u0940\u091f\u093f\u0902\u0917 \u092a\u094d\u0935\u093e\u0907\u0902\u091f \u092a\u094d\u0930\u093e\u092a\u094d\u0924 \u0939\u094b\u0917\u093e\u0964<\/span><\/li>\n<li style=\"font-weight: 400;\"><span style=\"font-weight: 400;\">\u092c\u091a\u094d\u091a\u094b\u0902 \u0915\u0947 \u0938\u093e\u0925 \u0915\u093f\u0938\u0940 \u0935\u094d\u092f\u0938\u094d\u0915 \u0915\u094b \u0939\u094b\u0928\u093e \u091a\u093e\u0939\u093f\u090f\u0964<\/span><\/li>\n<li style=\"font-weight: 400;\"><span style=\"font-weight: 400;\"> \u0935\u094d\u0939\u0940\u0932\u091a\u0947\u092f\u0930 \u0938\u0947 \u092a\u0939\u0941\u0901\u091a\u093e \u0928\u0939\u0940\u0902 \u091c\u093e \u0938\u0915\u0924\u093e <\/span><\/li>\n<li style=\"font-weight: 400;\"><span style=\"font-weight: 400;\">\u0936\u093f\u0936\u0941\u0913\u0902 \u0915\u094b \u0917\u094b\u0926 \u092e\u0947\u0902 \u092c\u093f\u0920\u093e\u0928\u093e \u091a\u093e\u0939\u093f\u090f <\/span><\/li>\n<li style=\"font-weight: 400;\"><span style=\"font-weight: 400;\">\u092a\u0940\u0920 \u0915\u0940 \u0938\u092e\u0938\u094d\u092f\u093e\u0913\u0902 \u0935\u093e\u0932\u0947 \u092f\u093e\u0924\u094d\u0930\u093f\u092f\u094b\u0902 \u0915\u0947 \u0932\u093f\u090f \u0905\u0928\u0941\u0936\u0902\u0938\u093f\u0924 \u0928\u0939\u0940\u0902<\/span><\/li>\n<li style=\"font-weight: 400;\"><span style=\"font-weight: 400;\">\u0917\u0930\u094d\u092d\u0935\u0924\u0940 \u092f\u093e\u0924\u094d\u0930\u093f\u092f\u094b\u0902 \u0915\u0947 \u0932\u093f\u090f \u0905\u0928\u0941\u0936\u0902\u0938\u093f\u0924 \u0928\u0939\u0940\u0902 <\/span><\/li>\n<li style=\"font-weight: 400;\"><span style=\"font-weight: 400;\"> \u0939\u0943\u0926\u092f \u0938\u0902\u092c\u0902\u0927\u0940 \u0915\u094b\u0908 \u0938\u092e\u0938\u094d\u092f\u093e \u092f\u093e \u0905\u0928\u094d\u092f \u0917\u0902\u092d\u0940\u0930 \u091a\u093f\u0915\u093f\u0924\u094d\u0938\u0940\u092f \u0938\u094d\u0925\u093f\u0924\u093f\u092f\u093e\u0901 \u0928\u0939\u0940\u0902 <\/span><\/li>\n<li style=\"font-weight: 400;\"><span style=\"font-weight: 400;\">\u0905\u0927\u093f\u0915\u093e\u0902\u0936 \u092f\u093e\u0924\u094d\u0930\u0940 \u092d\u093e\u0917 \u0932\u0947 \u0938\u0915\u0924\u0947 \u0939\u0948\u0902<\/span><\/li>\n<\/ol>\n<h4><b><i>\u0930\u0926\u094d\u0926 \u0915\u0930\u0928\u0947 \u0915\u0940 \u0928\u0940\u0924\u093f<\/i><\/b><\/h4>\n<p>For a full refund, please read our Cancellations policies\u00a0<a href=\"https:\/\/www.ticketswhales.com\/online-booking\/\" target=\"_blank\" rel=\"noopener\" data-saferedirecturl=\"https:\/\/www.google.com\/url?q=https:\/\/www.ticketswhales.com\/online-booking\/&amp;source=gmail&amp;ust=1672529771100000&amp;usg=AOvVaw2NIGJBZ0qjB5RhPUl5Obc7\">Click here<\/a>. Funds will be lost if the reservation is cancelled the same day of the trip.<\/p>\n\n\t\t<\/div>\n\t<\/div>\n<\/div><\/div><\/div><\/div><div class=\"vc_row wpb_row vc_row-fluid\" ><\/div><div class=\"wpb_column vc_column_container vc_col-sm-12\"><div class=\"vc_column-inner\"><div class=\"wpb_wrapper\"><\/div><\/div><\/div><div class=\"vc_empty_space\"   style=\"height: 32px\"><span class=\"vc_empty_space_inner\"><\/span><\/div><div class=\"vc_empty_space\"   style=\"height: 32px\"><span class=\"vc_empty_space_inner\"><\/span><\/div><div class=\"vc_row wpb_row vc_row-fluid\" ><div class=\"wpb_column vc_column_container vc_col-sm-12\"><div class=\"vc_column-inner\"><div class=\"wpb_wrapper\"><div class=\"vc_btn3-container vc_btn3-inline\" ><button class=\"vc_general vc_btn3 vc_btn3-size-md vc_btn3-shape-rounded vc_btn3-style-modern vc_btn3-color-green\">\u0905\u092d\u0940 \u092c\u0941\u0915 \u0915\u0930\u0947\u0902<\/button><\/div><\/div><\/div><\/div><\/div>","protected":false},"excerpt":{"rendered":"<p><span style=\"vertical-align: inherit;\"><span style=\"vertical-align: inherit;\">Viaje ecol\u00f3gico al Parque Nacional Los Haitises con un gu\u00eda tur\u00edstico local. <\/span><span style=\"vertical-align: inherit;\">Visitando los Cayos en el Parque Nacional Los Haitises, Manglares, Vegetaci\u00f3n, Observaci\u00f3n de aves, Cuevas, Pictogramas y las \u00e1reas hist\u00f3ricas de Sabana de la Mar en el Parque Nacional Los Haitises.<\/span><\/span><\/p>\n<p>&nbsp;<\/p>\n<p><em><strong><span style=\"vertical-align: inherit;\"><span style=\"vertical-align: inherit;\">Seleccione la fecha para el tour\u00a0<\/span><\/span><\/strong><\/em><\/p>","protected":false},"featured_media":11651,"template":"","meta":[],"product_brand":[],"product_cat":[571,566,119,120,98,121],"product_tag":[132,133,142,147,148,143],"class_list":{"0":"post-11632","1":"product","2":"type-product","3":"status-publish","4":"has-post-thumbnail","6":"product_cat-1-samana","7":"product_cat-boat-trip-los-haitises","8":"product_cat-caves","9":"product_cat-fees-entrace","10":"product_cat-local-tour-guides","11":"product_cat-mangroves","12":"product_tag-los-haitises","13":"product_tag-los-haitises-national-park","14":"product_tag-samana","15":"product_tag-samana-bay","16":"product_tag-samana-excursions","17":"product_tag-samana-tours","19":"first","20":"instock","21":"sale","22":"sold-individually","23":"shipping-taxable","24":"product-type-external"},"_links":{"self":[{"href":"https:\/\/haitises.com\/hi\/wp-json\/wp\/v2\/product\/11632","targetHints":{"allow":["GET"]}}],"collection":[{"href":"https:\/\/haitises.com\/hi\/wp-json\/wp\/v2\/product"}],"about":[{"href":"https:\/\/haitises.com\/hi\/wp-json\/wp\/v2\/types\/product"}],"wp:featuredmedia":[{"embeddable":true,"href":"https:\/\/haitises.com\/hi\/wp-json\/wp\/v2\/media\/11651"}],"wp:attachment":[{"href":"https:\/\/haitises.com\/hi\/wp-json\/wp\/v2\/media?parent=11632"}],"wp:term":[{"taxonomy":"product_brand","embeddable":true,"href":"https:\/\/haitises.com\/hi\/wp-json\/wp\/v2\/product_brand?post=11632"},{"taxonomy":"product_cat","embeddable":true,"href":"https:\/\/haitises.com\/hi\/wp-json\/wp\/v2\/product_cat?post=11632"},{"taxonomy":"product_tag","embeddable":true,"href":"https:\/\/haitises.com\/hi\/wp-json\/wp\/v2\/product_tag?post=11632"}],"curies":[{"name":"wp","href":"https:\/\/api.w.org\/{rel}","templated":true}]}}