{"id":554,"date":"2020-06-22T17:36:48","date_gmt":"2020-06-22T17:36:48","guid":{"rendered":"http:\/\/haitises.com\/?post_type=product&#038;p=554"},"modified":"2024-04-17T20:44:54","modified_gmt":"2024-04-17T20:44:54","slug":"\u05d8\u05d9\u05d5\u05dc-\u05dc\u05d1\u05e0\u05d9-\u05d4\u05d0\u05d9\u05d9\u05d8\u05d9\u05d6-\u05de\u05e1\u05d1\u05e0\u05d4-\u05d3\u05d4-\u05dc\u05d4-\u05de\u05d0\u05e8-\u05d0\u05d5-\u05e7\u05d0\u05e0","status":"publish","type":"product","link":"https:\/\/haitises.com\/he\/\u05e4\u05bc\u05b0\u05e8\u05b8\u05d8\u05b4\u05d9\/\u05d8\u05d9\u05d5\u05dc-\u05dc\u05d1\u05e0\u05d9-\u05d4\u05d0\u05d9\u05d9\u05d8\u05d9\u05d6-\u05de\u05e1\u05d1\u05e0\u05d4-\u05d3\u05d4-\u05dc\u05d4-\u05de\u05d0\u05e8-\u05d0\u05d5-\u05e7\u05d0\u05e0\/","title":{"rendered":"\u05d8\u05d9\u05d5\u05dc \u05dc\u05dc\u05d5\u05e1 \u05d4\u05d0\u05d9\u05d8\u05d9\u05e1\u05e1 \u05de\u05e1\u05d1\u05e0\u05d4 \u05d3\u05d4 \u05dc\u05d4 \u05de\u05d0\u05e8 \u05d0\u05d5 \u05e7\u05d0\u05e0\u05d5 \u05d4\u05d5\u05e0\u05d3\u05d5"},"content":{"rendered":"<div class=\"vc_row wpb_row vc_row-fluid\" ><div class=\"wpb_column vc_column_container vc_col-sm-12\"><div class=\"vc_column-inner\"><div class=\"wpb_wrapper\">[mkdf_section_title subtitle_tag=\u00bb\u00bb subtitle=\u00bbTour normal a los Haitises\u00bb]<\/div><\/div><\/div><\/div><div class=\"vc_row wpb_row vc_row-fluid\" ><div class=\"wpb_column vc_column_container vc_col-sm-12\"><div class=\"vc_column-inner\"><div class=\"wpb_wrapper\">\n\t<div class=\"wpb_text_column wpb_content_element\" >\n\t\t<div class=\"wpb_wrapper\">\n\t\t\t<h2>\u05d4\u05e4\u05d0\u05e8\u05e7 \u05d4\u05dc\u05d0\u05d5\u05de\u05d9 Los Haitises \u05de\u05e1\u05d1\u05e0\u05d4 \u05d3\u05d4 \u05dc\u05d4 \u05de\u05d0\u05e8 \u05d0\u05d5 \u05de\u05dc\u05d5\u05df \u05e7\u05d0\u05e0\u05d5 \u05d4\u05d5\u05e0\u05d3\u05d5.<\/h2>\n<h3>\u05ea\u05d9\u05d0\u05d5\u05e8<\/h3>\n<p>\u05d8\u05d9\u05d5\u05dc \u05e4\u05e8\u05d8\u05d9 \u05e8\u05d2\u05d9\u05dc \u05dc\u05e4\u05d0\u05e8\u05e7 \u05d4\u05dc\u05d0\u05d5\u05de\u05d9 Los Haitises. \u05d1\u05d5\u05d0\u05d5 \u05d0\u05d9\u05ea\u05e0\u05d5 \u05d5\u05ea\u05d1\u05e7\u05e8\u05d5 \u05d1\u05e4\u05d0\u05e8\u05e7 \u05d4\u05dc\u05d0\u05d5\u05de\u05d9 \u05d4\u05d9\u05e4\u05d4 \u05d1\u05d9\u05d5\u05ea\u05e8 \u05d1\u05e8\u05e4\u05d5\u05d1\u05dc\u05d9\u05e7\u05d4 \u05d4\u05d3\u05d5\u05de\u05d9\u05e0\u05d9\u05e7\u05e0\u05d9\u05ea, \u05d1\u05d9\u05e7\u05d5\u05e8 \u05d1\u05de\u05e0\u05d2\u05e8\u05d5\u05d1\u05d9\u05dd, \u05de\u05e2\u05e8\u05d5\u05ea \u05d5\u05de\u05e4\u05e8\u05e5 \u05e1\u05df \u05dc\u05d5\u05e8\u05e0\u05e6\u05d5. \u05d7\u05d5\u05d5\u05d9\u05d4 \u05d6\u05d5 \u05d9\u05db\u05d5\u05dc\u05d4 \u05dc\u05d4\u05ea\u05d7\u05d9\u05dc \u05de\u05d4\u05e7\u05d4\u05d9\u05dc\u05d4 \u05e9\u05dc \u05e1\u05d1\u05e0\u05d4 \u05d3\u05d4 \u05dc\u05d4 \u05de\u05d0\u05e8 \u05dc\u05d5\u05de\u05d3\u05ea \u05e2\u05dc \u05d4\u05d4\u05d9\u05e1\u05d8\u05d5\u05e8\u05d9\u05d4 \u05d4\u05d6\u05d5 \u05e9\u05dc \u05e1\u05d1\u05e0\u05d4 \u05d3\u05d4 \u05dc\u05d4 \u05de\u05d0\u05e8. \u05d1\u05e0\u05d5\u05e1\u05e3, \u05d0\u05e0\u05d5 \u05de\u05ea\u05d7\u05d9\u05dc\u05d9\u05dd \u05d0\u05ea \u05d4\u05d8\u05d9\u05d5\u05dc \u05d4\u05d6\u05d4 \u05de\u05e0\u05de\u05dc \u05e7\u05d0\u05e0\u05d5 \u05d4\u05d5\u05e0\u05d3\u05d5.<\/p>\n<ul>\n<li>\u05de\u05e1\u05d9\u05dd \u05db\u05dc\u05d5\u05dc\u05d9\u05dd<\/li>\n<li>\u05d4\u05de\u05d3\u05e8\u05d9\u05da \u05de\u05e1\u05e4\u05e7 \u05d4\u05d3\u05e8\u05db\u05d4 \u05d5\u05e4\u05d9\u05e7\u05d5\u05d7.<\/li>\n<li>\u05d0\u05e8\u05d5\u05d7\u05ea \u05e6\u05d4\u05e8\u05d9\u05d9\u05dd \u05d0\u05d9\u05e0\u05d4 \u05db\u05dc\u05d5\u05dc\u05d4 \u05dc\u05d0\u05e8\u05d5\u05d7\u05ea \u05e6\u05d4\u05e8\u05d9\u05d9\u05dd \u05d1\u05e7\u05d0\u05e0\u05d5 \u05d4\u05d5\u05e0\u05d3\u05d5 \u05d1\u05d7\u05e8\u05d5 \u05d1\u05e1\u05d9\u05d5\u05e8 \u05d6\u05d4: Los Haitises Plus Ca\u00f1o Hondo.<\/li>\n<\/ul>\n<h3>\u05d4\u05db\u05dc\u05dc\u05d5\u05ea \u05d5\u05d0\u05d9 \u05d4\u05db\u05dc\u05dc\u05d5\u05ea<\/h3>\n<h4>\u05ea\u05db\u05dc\u05d9\u05dc\u05d9\u05dd<\/h4>\n<ol>\n<li>\u05e1\u05d9\u05d5\u05e8 Los Haitises + \u05de\u05e2\u05e8\u05d5\u05ea \u05d5\u05e4\u05d9\u05e7\u05d8\u05d5\u05d2\u05e8\u05e4\u05d9\u05dd<\/li>\n<li>\u05db\u05dc \u05d4\u05de\u05e1\u05d9\u05dd, \u05d4\u05e2\u05de\u05dc\u05d5\u05ea \u05d5\u05d3\u05de\u05d9 \u05d4\u05d8\u05d9\u05e4\u05d5\u05dc.<\/li>\n<li>\u05de\u05d9\u05e1\u05d9\u05dd \u05de\u05e7\u05d5\u05de\u05d9\u05d9\u05dd<\/li>\n<li>\u05db\u05dc \u05d4\u05e4\u05e2\u05d9\u05dc\u05d5\u05d9\u05d5\u05ea<\/li>\n<li>\u05de\u05d3\u05e8\u05d9\u05da \u05de\u05e7\u05d5\u05de\u05d9<\/li>\n<\/ol>\n<h4>\u05d0\u05d9 \u05d4\u05db\u05dc\u05dc\u05d5\u05ea<\/h4>\n<ol>\n<li>\u05d8\u05d9\u05e4\u05d9\u05dd<\/li>\n<li>\u05d0\u05e8\u05d5\u05d7\u05ea \u05e6\u05d4\u05e8\u05d9\u05d9\u05dd \u05d0\u05d9\u05e0\u05d4 \u05db\u05dc\u05d5\u05dc\u05d4 \u05dc\u05d0\u05e8\u05d5\u05d7\u05ea \u05e6\u05d4\u05e8\u05d9\u05d9\u05dd \u05d1\u05e7\u05d0\u05e0\u05d5 \u05d4\u05d5\u05e0\u05d3\u05d5 \u05d1\u05d7\u05e8\u05d5 \u05d1\u05e1\u05d9\u05d5\u05e8 \u05d6\u05d4: Los Haitises Plus Ca\u00f1o Hondo.<\/li>\n<li>\u05ea\u05b7\u05d7\u05b0\u05d1\u05bc\u05d5\u05bc\u05e8\u05b8\u05d4<\/li>\n<li>\u05de\u05e9\u05e7\u05d0\u05d5\u05ea \u05d0\u05dc\u05db\u05d5\u05d4\u05d5\u05dc\u05d9\u05d9\u05dd<\/li>\n<\/ol>\n<h3><em>\u05d9\u05e6\u05d9\u05d0\u05d4 \u05d5\u05d7\u05d6\u05e8\u05d4<\/em><\/h3>\n<p>\u05d4\u05e0\u05d5\u05e1\u05e2 \u05d9\u05e7\u05d1\u05dc \u05e0\u05e7\u05d5\u05d3\u05ea \u05de\u05e4\u05d2\u05e9 \u05dc\u05d0\u05d7\u05e8 \u05ea\u05d4\u05dc\u05d9\u05da \u05d4\u05d4\u05d6\u05de\u05e0\u05d4. \u05d4\u05e1\u05d9\u05d5\u05e8\u05d9\u05dd \u05de\u05ea\u05d7\u05d9\u05dc\u05d9\u05dd \u05d5\u05de\u05e1\u05ea\u05d9\u05d9\u05de\u05d9\u05dd \u05d1\u05e0\u05e7\u05d5\u05d3\u05d5\u05ea \u05d4\u05de\u05e4\u05d2\u05e9 \u05e9\u05dc\u05e0\u05d5.<\/p>\n<h4><em>\u05dc\u05de\u05d4 \u05dc\u05e6\u05e4\u05d5\u05ea?<\/em><\/h4>\n<p>\u05e8\u05db\u05e9\u05d5 \u05db\u05e8\u05d8\u05d9\u05e1\u05d9\u05dd \u05dc\u05d1\u05d9\u05e7\u05d5\u05e8 \u05d1\u05e4\u05d0\u05e8\u05e7 \u05d4\u05dc\u05d0\u05d5\u05de\u05d9 \u05dc\u05d5\u05e1 \u05d4\u05d0\u05d9\u05d8\u05d9\u05e1\u05e1 \u05e2\u05dd \u05de\u05e2\u05e8\u05d5\u05ea, \u05de\u05e0\u05d2\u05e8\u05d5\u05d1\u05d9\u05dd \u05d5\u05de\u05e4\u05e8\u05e5 \u05e1\u05df \u05dc\u05d5\u05e8\u05e0\u05e6\u05d5.<\/p>\n<p>\u05d4\u05de\u05d7\u05d9\u05e8 \u05d4\u05e0\u05de\u05d5\u05da \u05d1\u05d9\u05d5\u05ea\u05e8 \u05dc\u05d1\u05d9\u05e7\u05d5\u05e8 \u05d1\u05e4\u05d0\u05e8\u05e7 \u05d4\u05dc\u05d0\u05d5\u05de\u05d9 Los Haitises \u05de\u05de\u05dc\u05d5\u05e0\u05d5\u05ea Sabana de la Mar \u05d0\u05d5 Ca\u00f1o Hondo \u05e2\u05dd \u05de\u05d3\u05e8\u05d9\u05db\u05d9\u05dd \u05de\u05e7\u05d5\u05de\u05d9\u05d9\u05dd. \u05d4\u05d8\u05d9\u05d5\u05dc \u05de\u05ea\u05d7\u05d9\u05dc \u05d1\u05e0\u05de\u05dc \u05d4\u05e8\u05d0\u05e9\u05d9 \u05e9\u05dc \u05d4\u05e4\u05d0\u05e8\u05e7 \u05d4\u05dc\u05d0\u05d5\u05de\u05d9 Los Haitises. \u05d8\u05d9\u05d5\u05dc \u05d6\u05d4 \u05de\u05ea\u05d7\u05d9\u05dc \u05d1\u05e9\u05e2\u05d4 10:00 \u05d1\u05d1\u05d5\u05e7\u05e8 \u05e2\u05dd \u05de\u05d3\u05e8\u05d9\u05da \u05d8\u05d9\u05d5\u05dc\u05d9\u05dd \u05de\u05e7\u05d5\u05de\u05d9 \u05e9\u05de\u05db\u05d9\u05e8 \u05d0\u05ea \u05d4\u05e1\u05d9\u05e4\u05d5\u05e8 \u05d4\u05de\u05e7\u05d5\u05e8\u05d9 \u05e2\u05dc \u05d4\u05e4\u05d0\u05e8\u05e7 \u05d4\u05dc\u05d0\u05d5\u05de\u05d9 \u05d4\u05de\u05e4\u05d5\u05d0\u05e8.<\/p>\n<p>\u05dc\u05d0\u05d7\u05e8 \u05de\u05db\u05df \u05d0\u05e0\u05d7\u05e0\u05d5 \u05de\u05ea\u05d7\u05d9\u05dc\u05d9\u05dd \u05de\u05d4\u05e0\u05de\u05dc \u05d4\u05e8\u05d0\u05e9\u05d9 \u05e9\u05dc \u05d4\u05e4\u05d0\u05e8\u05e7 \u05d4\u05dc\u05d0\u05d5\u05de\u05d9 \u05dc\u05d5\u05e1 \u05d4\u05d0\u05d9\u05d8\u05d9\u05e1\u05e1, \u05d4\u05e0\u05e7\u05e8\u05d0 Ca\u00f1o Hondo (\u05e0\u05d7\u05dc \u05e2\u05de\u05d5\u05e7) \u05d1\u05e1\u05d9\u05e8\u05d4 \u05e2\u05dd \u05d7\u05dc\u05d9\u05e4\u05d5\u05ea \u05d4\u05e6\u05dc\u05d4. \u05e0\u05d4\u05e0\u05d4 \u05de\u05d9\u05e2\u05e8 \u05d4\u05de\u05e0\u05d2\u05e8\u05d5\u05d1\u05d9\u05dd \u05d4\u05d0\u05d3\u05d5\u05de\u05d9\u05dd \u05e2\u05d3 \u05e9\u05e0\u05d2\u05d9\u05e2 \u05dc\u05de\u05e4\u05e8\u05e5 \u05e1\u05df \u05dc\u05d5\u05e8\u05e0\u05e6\u05d5. \u05de\u05e4\u05e8\u05e5 \u05e7\u05d8\u05df \u05d1\u05de\u05e4\u05e8\u05e5 \u05e1\u05de\u05e0\u05d4. \u05d5\u05d4\u05e0\u05d4 \u05d0\u05e0\u05d7\u05e0\u05d5 \u05de\u05ea\u05d7\u05d9\u05dc\u05d9\u05dd! \u05d4\u05d3\u05d1\u05e8 \u05d4\u05e8\u05d0\u05e9\u05d5\u05df \u05e9\u05d0\u05ea\u05d4 \u05d9\u05db\u05d5\u05dc \u05dc\u05e8\u05d0\u05d5\u05ea \u05d4\u05d5\u05d0 \u05d0\u05d5\u05e1\u05e3 \u05e9\u05dc \u05d0\u05d9 \u05d4\u05e8\u05e8\u05d9 \u05d0\u05d1\u05df \u05d2\u05d9\u05e8 \u05e2\u05e0\u05e7 \u05d1\u05e9\u05dd Mogotes. \u05de\u05e2\u05dc\u05d9\u05d4\u05dd \u05d9\u05d5\u05ea\u05e8 \u05de-700 \u05de\u05d9\u05e0\u05d9\u05dd \u05e9\u05dc \u05e6\u05de\u05d7\u05d9\u05dd \u05d5\u05e6\u05d9\u05e4\u05d5\u05e8\u05d9 \u05d1\u05d9\u05e6\u05d4 \u05e8\u05d1\u05d5\u05ea \u05e9\u05e2\u05e4\u05d5\u05ea \u05de\u05e1\u05d1\u05d9\u05d1. \u05de\u05d0\u05d5\u05d7\u05e8 \u05d9\u05d5\u05ea\u05e8 \u05d1\u05d9\u05e7\u05d5\u05e8 \u05d1\u05de\u05e2\u05e8\u05d5\u05ea \u05e2\u05dd \u05ea\u05de\u05d5\u05e0\u05d5\u05ea \u05e9\u05dc \u05e7\u05d4\u05d9\u05dc\u05d5\u05ea \u05d4\u05d9\u05dc\u05d9\u05d3\u05d9\u05dd \u05e9\u05dc\u05e0\u05d5 \u05dc\u05e4\u05e0\u05d9 750 \u05e9\u05e0\u05d4.<\/p>\n<p>\u05d3\u05e8\u05da \u05d4\u05de\u05e0\u05d2\u05e8\u05d5\u05d1\u05d9\u05dd \u05d5\u05d4\u05e7\u05e8\u05e7\u05e2 \u05d1\u05de\u05e4\u05e8\u05e5 \u05e1\u05df \u05dc\u05d5\u05e8\u05e0\u05e6\u05d5 \u05d4\u05e4\u05ea\u05d5\u05d7, \u05de\u05de\u05e0\u05d5 \u05e0\u05d9\u05ea\u05df \u05dc\u05e6\u05dc\u05dd \u05d0\u05ea \u05e0\u05d5\u05e3 \u05d4\u05d9\u05e2\u05e8 \u05d4\u05de\u05e4\u05d5\u05e8\u05e5. \u05d4\u05d1\u05d9\u05d8\u05d5 \u05d4\u05d7\u05d5\u05e6\u05d4 \u05d0\u05dc \u05d4\u05de\u05d9\u05dd \u05db\u05d3\u05d9 \u05dc\u05e8\u05d0\u05d5\u05ea \u05d6\u05d1\u05d9 \u05d9\u05dd, \u05e1\u05e8\u05d8\u05e0\u05d9\u05dd \u05d5\u05d3\u05d5\u05dc\u05e4\u05d9\u05e0\u05d9\u05dd.<\/p>\n<p>El nombre del parque nacional proviene de sus habitantes originales, los indios ta\u00ednos. En su idioma, \u00abHaitises\u00bb se traduce en tierras altas o colinas, una referencia a las empinadas formaciones geol\u00f3gicas de la costa con calizas. Avent\u00farate en el parque para explorar cuevas como la Cueva de la Arena y la Cueva de la L\u00ednea. Las cuevas en la reserva fueron utilizadas como refugio por los indios ta\u00ednos y, m\u00e1s tarde, por los piratas escondidos. Busque dibujos de indios que decoran algunas de las paredes. Despu\u00e9s de visitar el Parque Nacional Los Haitises, regresaremos al puerto donde comenz\u00f3 nuestro viaje.<\/p>\n<h3><em>\u05de\u05d4 \u05db\u05d3\u05d0\u05d9 \u05dc\u05d4\u05d1\u05d9\u05d0?<\/em><\/h3>\n<ul>\n<li>\u05de\u05b7\u05e6\u05dc\u05b5\u05de\u05b8\u05d4<\/li>\n<li>\u05d3\u05d5\u05d7\u05d9\u05dd<\/li>\n<li>\u05e7\u05e8\u05dd \u05d4\u05d2\u05e0\u05d4<\/li>\n<li>\u05db\u05bc\u05d5\u05b9\u05d1\u05b7\u05e2<\/li>\n<li>\u05de\u05db\u05e0\u05e1\u05d9\u05d9\u05dd \u05e0\u05d5\u05d7\u05d9\u05dd<\/li>\n<li>\u05e0\u05e2\u05dc\u05d9 \u05d8\u05d9\u05d5\u05dc \u05d1\u05d9\u05e2\u05e8<\/li>\n<li>\u05e1\u05e0\u05d3\u05dc\u05d9\u05dd \u05dc\u05d0\u05d6\u05d5\u05e8\u05d9 \u05de\u05e2\u05d9\u05d9\u05e0\u05d5\u05ea.<\/li>\n<li>\u05d1\u05d2\u05d3 \u05d9\u05dd<\/li>\n<\/ul>\n<h3><em>\u05d0\u05d9\u05e1\u05d5\u05e3 \u05d1\u05de\u05dc\u05d5\u05df<\/em><\/h3>\n<p>\u05d0\u05d9\u05e1\u05d5\u05e3 \u05de\u05d4\u05de\u05dc\u05d5\u05df \u05de\u05d5\u05e6\u05e2 \u05d0\u05dd \u05d0\u05ea\u05dd \u05e0\u05de\u05e6\u05d0\u05d9\u05dd \u05d1-Paraiso Ca\u00f1o Hondo \u05d0\u05d5 \u05d1-Altos Ca\u00f1o Hondo Hotel. \u05e0\u05e7\u05d5\u05d3\u05ea \u05d4\u05de\u05e4\u05d2\u05e9 \u05e9\u05dc\u05e0\u05d5 \u05e0\u05de\u05e6\u05d0\u05ea \u05d1\u05de\u05e8\u05d7\u05e7 \u05e9\u05dc 5 \u05d3\u05e7\u05d5\u05ea \u05d4\u05dc\u05d9\u05db\u05d4 \u05de\u05d4\u05de\u05dc\u05d5\u05e0\u05d5\u05ea \u05d4\u05dc\u05dc\u05d5.<\/p>\n<p><strong>\u05d4\u05e2\u05e8\u05d4<\/strong>- \u05d0\u05dd \u05ea\u05d6\u05de\u05d9\u05e0\u05d5 \u05d1\u05ea\u05d5\u05da 24 \u05e9\u05e2\u05d5\u05ea \u05de\u05de\u05d5\u05e2\u05d3 \u05d4\u05d9\u05e6\u05d9\u05d0\u05d4 \u05e9\u05dc \u05d4\u05e1\u05d9\u05d5\u05e8\/\u05d8\u05d9\u05d5\u05dc, \u05e0\u05d5\u05db\u05dc \u05dc\u05d0\u05e8\u05d2\u05df \u05d0\u05d9\u05e1\u05d5\u05e3 \u05de\u05d4\u05de\u05dc\u05d5\u05df \u05d1\u05ea\u05e9\u05dc\u05d5\u05dd \u05e0\u05d5\u05e1\u05e3 \u05d0\u05dd \u05d0\u05d9\u05e0\u05db\u05dd \u05e0\u05de\u05e6\u05d0\u05d9\u05dd \u05d1\u05de\u05dc\u05d5\u05e0\u05d5\u05ea Ca\u00f1o Hondo. \u05dc\u05d0\u05d7\u05e8 \u05d4\u05e9\u05dc\u05de\u05ea \u05d4\u05e8\u05db\u05d9\u05e9\u05d4, \u05d0\u05e0\u05d5 \u05e0\u05e9\u05dc\u05d7 \u05d0\u05dc\u05d9\u05da \u05d0\u05ea \u05e4\u05e8\u05d8\u05d9 \u05d4\u05e7\u05e9\u05e8 \u05d4\u05de\u05dc\u05d0\u05d9\u05dd (\u05de\u05e1\u05e4\u05e8 \u05d8\u05dc\u05e4\u05d5\u05df, \u05db\u05ea\u05d5\u05d1\u05ea \u05d3\u05d5\u05d0&quot;\u05dc \u05d5\u05db\u05d5&#039;) \u05dc\u05de\u05d3\u05e8\u05d9\u05da \u05d4\u05d8\u05d9\u05d5\u05dc\u05d9\u05dd \u05d4\u05de\u05e7\u05d5\u05de\u05d9 \u05e9\u05dc\u05e0\u05d5 \u05db\u05d3\u05d9 \u05dc\u05d0\u05e8\u05d2\u05df \u05e1\u05d9\u05d3\u05d5\u05e8\u05d9 \u05d0\u05d9\u05e1\u05d5\u05e3.<\/p>\n<h3><em>\u05d0\u05d9\u05e9\u05d5\u05e8 \u05de\u05d9\u05d3\u05e2 \u05e0\u05d5\u05e1\u05e3<\/em><\/h3>\n<ul>\n<li>\u05d4\u05db\u05e8\u05d8\u05d9\u05e1\u05d9\u05dd \u05d4\u05dd \u05d4\u05e7\u05d1\u05dc\u05d4 \u05dc\u05d0\u05d7\u05e8 \u05ea\u05e9\u05dc\u05d5\u05dd \u05e2\u05d1\u05d5\u05e8 \u05e1\u05d9\u05d5\u05e8 \u05d6\u05d4. \u05d0\u05ea\u05d4 \u05d9\u05db\u05d5\u05dc \u05dc\u05d4\u05e6\u05d9\u05d2 \u05d0\u05ea \u05d4\u05ea\u05e9\u05dc\u05d5\u05dd \u05d1\u05d8\u05dc\u05e4\u05d5\u05df \u05e9\u05dc\u05da.<\/li>\n<li>\u05e0\u05e7\u05d5\u05d3\u05ea \u05d4\u05de\u05e4\u05d2\u05e9 \u05ea\u05ea\u05e7\u05d1\u05dc \u05dc\u05d0\u05d7\u05e8 \u05ea\u05d4\u05dc\u05d9\u05da \u05d4\u05d4\u05d6\u05de\u05e0\u05d4.<\/li>\n<li>\u05d9\u05dc\u05d3\u05d9\u05dd \u05d7\u05d9\u05d9\u05d1\u05d9\u05dd \u05d1\u05dc\u05d9\u05d5\u05d5\u05d9 \u05de\u05d1\u05d5\u05d2\u05e8.<\/li>\n<li>\u05dc\u05d0 \u05e0\u05d2\u05d9\u05e9 \u05dc\u05db\u05d9\u05e1\u05d0 \u05d2\u05dc\u05d2\u05dc\u05d9\u05dd<\/li>\n<li>\u05ea\u05d9\u05e0\u05d5\u05e7\u05d5\u05ea \u05e6\u05e8\u05d9\u05db\u05d9\u05dd \u05dc\u05e9\u05d1\u05ea \u05d1\u05de\u05d5\u05e9\u05d1 \u05ea\u05d9\u05e0\u05d5\u05e7 \u05d0\u05d5 \u05e2\u05dd \u05de\u05d1\u05d5\u05d2\u05e8<\/li>\n<li>\u05dc\u05d0 \u05de\u05d5\u05de\u05dc\u05e5 \u05dc\u05de\u05d8\u05d9\u05d9\u05dc\u05d9\u05dd \u05e2\u05dd \u05d1\u05e2\u05d9\u05d5\u05ea \u05d2\u05d1.<\/li>\n<li>\u05dc\u05d0 \u05de\u05d5\u05de\u05dc\u05e5 \u05dc\u05e0\u05e9\u05d9\u05dd \u05d1\u05d4\u05e8\u05d9\u05d5\u05df.<\/li>\n<li>\u05dc\u05dc\u05d0 \u05d1\u05e2\u05d9\u05d5\u05ea \u05dc\u05d1 \u05d0\u05d5 \u05de\u05e6\u05d1\u05d9\u05dd \u05e8\u05e4\u05d5\u05d0\u05d9\u05d9\u05dd \u05d7\u05de\u05d5\u05e8\u05d9\u05dd \u05d0\u05d7\u05e8\u05d9\u05dd.<\/li>\n<li>\u05e8\u05d5\u05d1 \u05d4\u05de\u05d8\u05d9\u05d9\u05dc\u05d9\u05dd \u05d9\u05db\u05d5\u05dc\u05d9\u05dd \u05dc\u05d4\u05e9\u05ea\u05ea\u05e3.<\/li>\n<\/ul>\n<h3><em>\u05de\u05d3\u05d9\u05e0\u05d9\u05d5\u05ea \u05d1\u05d9\u05d8\u05d5\u05dc<\/em><\/h3>\n<p>\u05dc\u05e7\u05d1\u05dc\u05ea \u05d4\u05d7\u05d6\u05e8 \u05de\u05dc\u05d0, \u05d1\u05d8\u05dc \u05dc\u05e4\u05d7\u05d5\u05ea 24 \u05e9\u05e2\u05d5\u05ea \u05dc\u05e4\u05e0\u05d9 \u05ea\u05d0\u05e8\u05d9\u05da \u05ea\u05d7\u05d9\u05dc\u05ea \u05d4\u05d7\u05d5\u05d5\u05d9\u05d4.<\/p>\n<h3><em>\u05e6\u05d5\u05e8 \u05e7\u05e9\u05e8?<\/em><\/h3>\n<p>\u05d4\u05d6\u05de\u05e0\u05ea \u05d4\u05e8\u05e4\u05ea\u05e7\u05d0\u05d5\u05ea<br \/>\n\u05de\u05d3\u05e8\u05d9\u05db\u05d9 \u05d8\u05d9\u05d5\u05dc\u05d9\u05dd \u05de\u05e7\u05d5\u05de\u05d9\u05d9\u05dd \u05d5\u05d0\u05e8\u05e6\u05d9\u05d9\u05dd \u05d5\u05e9\u05d9\u05e8\u05d5\u05ea\u05d9 \u05d0\u05d5\u05e8\u05d7\u05d9\u05dd<\/p>\n<p>\u05d4\u05d6\u05de\u05e0\u05d5\u05ea: \u05e1\u05d9\u05d5\u05e8\u05d9\u05dd \u05d5\u05d8\u05d9\u05d5\u05dc\u05d9\u05dd \u05d1\u05d3\u05d5\u05dd.<\/p>\n<p>\ud83d\udcde \u05d8\u05dc\/\u05d5\u05d5\u05d8\u05e1\u05d0\u05e4 +1-809-720-6035.<\/p>\n<p>\ud83d\udce9 info@bookingadventures.com.do<\/p>\n<p>\u05d0\u05e0\u05d5 \u05de\u05d0\u05e8\u05d2\u05e0\u05d9\u05dd \u05e1\u05d9\u05d5\u05e8\u05d9\u05dd \u05e4\u05e8\u05d8\u05d9\u05d9\u05dd \u05e2\u05dd \u05ea\u05e6\u05d5\u05e8\u05d4 \u05d2\u05de\u05d9\u05e9\u05d4 \u05d1\u05d0\u05de\u05e6\u05e2\u05d5\u05ea Whatsapp: +18097206035.<\/p>\n\n\t\t<\/div>\n\t<\/div>\n<\/div><\/div><\/div><\/div>","protected":false},"excerpt":{"rendered":"<p>\u05d4\u05de\u05d7\u05d9\u05e8 \u05d4\u05e0\u05de\u05d5\u05da \u05d1\u05d9\u05d5\u05ea\u05e8 \u05dc\u05d1\u05d9\u05e7\u05d5\u05e8 \u05d1\u05e4\u05d0\u05e8\u05e7 \u05d4\u05dc\u05d0\u05d5\u05de\u05d9 Los Haitises \u05de\u05de\u05dc\u05d5\u05e0\u05d5\u05ea Sabana de la Mar \u05d0\u05d5 Ca\u00f1o Hondo \u05e2\u05dd \u05de\u05d3\u05e8\u05d9\u05db\u05d9\u05dd \u05de\u05e7\u05d5\u05de\u05d9\u05d9\u05dd. \u05d4\u05d8\u05d9\u05d5\u05dc \u05de\u05ea\u05d7\u05d9\u05dc \u05d1\u05e0\u05de\u05dc \u05d4\u05e8\u05d0\u05e9\u05d9 \u05e9\u05dc \u05d4\u05e4\u05d0\u05e8\u05e7 \u05d4\u05dc\u05d0\u05d5\u05de\u05d9 Los Haitises. \u05d8\u05d9\u05d5\u05dc \u05d6\u05d4 \u05de\u05ea\u05d7\u05d9\u05dc \u05d1\u05e9\u05e2\u05d4 10:00 \u05d1\u05d1\u05d5\u05e7\u05e8 \u05e2\u05dd \u05de\u05d3\u05e8\u05d9\u05da \u05d8\u05d9\u05d5\u05dc\u05d9\u05dd \u05de\u05e7\u05d5\u05de\u05d9 \u05e9\u05de\u05db\u05d9\u05e8 \u05d0\u05ea \u05d4\u05e1\u05d9\u05e4\u05d5\u05e8 \u05d4\u05de\u05e7\u05d5\u05e8\u05d9 \u05e2\u05dc \u05d4\u05e4\u05d0\u05e8\u05e7 \u05d4\u05dc\u05d0\u05d5\u05de\u05d9 \u05d4\u05de\u05e4\u05d5\u05d0\u05e8.<\/p>\n<p>\u05dc\u05d0\u05d7\u05e8 \u05de\u05db\u05df \u05d0\u05e0\u05d7\u05e0\u05d5 \u05de\u05ea\u05d7\u05d9\u05dc\u05d9\u05dd \u05de\u05d4\u05e0\u05de\u05dc \u05d4\u05e8\u05d0\u05e9\u05d9 \u05e9\u05dc \u05d4\u05e4\u05d0\u05e8\u05e7 \u05d4\u05dc\u05d0\u05d5\u05de\u05d9 \u05dc\u05d5\u05e1 \u05d4\u05d0\u05d9\u05d8\u05d9\u05e1\u05e1, \u05d4\u05e0\u05e7\u05e8\u05d0 Ca\u00f1o Hondo (\u05e0\u05d7\u05dc \u05e2\u05de\u05d5\u05e7) \u05d1\u05e1\u05d9\u05e8\u05d4 \u05e2\u05dd \u05d7\u05dc\u05d9\u05e4\u05d5\u05ea \u05d4\u05e6\u05dc\u05d4. \u05e0\u05d4\u05e0\u05d4 \u05de\u05d9\u05e2\u05e8 \u05d4\u05de\u05e0\u05d2\u05e8\u05d5\u05d1\u05d9\u05dd \u05d4\u05d0\u05d3\u05d5\u05de\u05d9\u05dd \u05e2\u05d3 \u05e9\u05e0\u05d2\u05d9\u05e2 \u05dc\u05de\u05e4\u05e8\u05e5 \u05e1\u05df \u05dc\u05d5\u05e8\u05e0\u05e6\u05d5, \u05de\u05e4\u05e8\u05e5 \u05e7\u05d8\u05df \u05d1\u05de\u05e4\u05e8\u05e5 \u05e1\u05de\u05e0\u05d4. \u05d5\u05d4\u05e0\u05d4 \u05d0\u05e0\u05d7\u05e0\u05d5 \u05de\u05ea\u05d7\u05d9\u05dc\u05d9\u05dd! \u05d4\u05d3\u05d1\u05e8 \u05d4\u05e8\u05d0\u05e9\u05d5\u05df \u05e9\u05d0\u05ea\u05d4 \u05d9\u05db\u05d5\u05dc \u05dc\u05e8\u05d0\u05d5\u05ea \u05d4\u05d5\u05d0 \u05d0\u05d5\u05e1\u05e3 \u05e9\u05dc \u05d0\u05d9 \u05d4\u05e8\u05e8\u05d9 \u05d0\u05d1\u05df \u05d2\u05d9\u05e8 \u05e2\u05e0\u05e7 \u05d1\u05e9\u05dd Mogotes. \u05d1\u05e0\u05d5\u05e1\u05e3 \u05dc\u05d4\u05dd, \u05d9\u05d5\u05ea\u05e8 \u05de-700 \u05de\u05d9\u05e0\u05d9\u05dd \u05e9\u05dc \u05e6\u05de\u05d7\u05d9\u05dd \u05d5\u05e6\u05d9\u05e4\u05d5\u05e8\u05d9 \u05d1\u05d9\u05e6\u05d4 \u05e8\u05d1\u05d5\u05ea \u05e2\u05e4\u05d9\u05dd \u05de\u05e1\u05d1\u05d9\u05d1. \u05de\u05d0\u05d5\u05d7\u05e8 \u05d9\u05d5\u05ea\u05e8 \u05d1\u05d9\u05e7\u05d5\u05e8 \u05d1\u05de\u05e2\u05e8\u05d5\u05ea \u05e2\u05dd \u05ea\u05de\u05d5\u05e0\u05d5\u05ea \u05e9\u05dc \u05e7\u05d4\u05d9\u05dc\u05d5\u05ea \u05d4\u05d9\u05dc\u05d9\u05d3\u05d9\u05dd \u05e9\u05dc\u05e0\u05d5 \u05dc\u05e4\u05e0\u05d9 750 \u05e9\u05e0\u05d4.<\/p>\n<p><strong>\u05e0\u05d0 \u05dc\u05d1\u05d7\u05d5\u05e8 \u05d0\u05ea \u05d4\u05ea\u05d0\u05e8\u05d9\u05da \u05dc\u05e1\u05d9\u05d5\u05e8\u00a0<\/strong><\/p>","protected":false},"featured_media":81,"template":"","meta":[],"product_brand":[],"product_cat":[119,120,98,121,99,122,443,123,124],"product_tag":[125,126,127,128,129,130,131,132,133,134,114],"class_list":{"0":"post-554","1":"product","2":"type-product","3":"status-publish","4":"has-post-thumbnail","6":"product_cat-caves","7":"product_cat-fees-entrace","8":"product_cat-local-tour-guides","9":"product_cat-mangroves","10":"product_cat-swimming-natural-springs","11":"product_cat-tours-and-excursions","12":"product_cat-tours-y-excursiones-es","13":"product_cat-tours-excursions-los-haitises-national-park","14":"product_cat-tours-excursions-samana-bay-dominican-republic","15":"product_tag-boat-tour","16":"product_tag-cano-hondo","17":"product_tag-cano-hondo-hotel","18":"product_tag-cano-hondo-tours","19":"product_tag-eco-tours","20":"product_tag-excursion","21":"product_tag-locals-guides","22":"product_tag-los-haitises","23":"product_tag-los-haitises-national-park","24":"product_tag-los-haitises-national-park-tour","25":"product_tag-sabana-de-la-mar","27":"first","28":"instock","29":"sale","30":"sold-individually","31":"shipping-taxable","32":"product-type-external"},"_links":{"self":[{"href":"https:\/\/haitises.com\/he\/wp-json\/wp\/v2\/product\/554","targetHints":{"allow":["GET"]}}],"collection":[{"href":"https:\/\/haitises.com\/he\/wp-json\/wp\/v2\/product"}],"about":[{"href":"https:\/\/haitises.com\/he\/wp-json\/wp\/v2\/types\/product"}],"wp:featuredmedia":[{"embeddable":true,"href":"https:\/\/haitises.com\/he\/wp-json\/wp\/v2\/media\/81"}],"wp:attachment":[{"href":"https:\/\/haitises.com\/he\/wp-json\/wp\/v2\/media?parent=554"}],"wp:term":[{"taxonomy":"product_brand","embeddable":true,"href":"https:\/\/haitises.com\/he\/wp-json\/wp\/v2\/product_brand?post=554"},{"taxonomy":"product_cat","embeddable":true,"href":"https:\/\/haitises.com\/he\/wp-json\/wp\/v2\/product_cat?post=554"},{"taxonomy":"product_tag","embeddable":true,"href":"https:\/\/haitises.com\/he\/wp-json\/wp\/v2\/product_tag?post=554"}],"curies":[{"name":"wp","href":"https:\/\/api.w.org\/{rel}","templated":true}]}}