{"id":553,"date":"2020-06-21T20:30:49","date_gmt":"2020-06-21T20:30:49","guid":{"rendered":"http:\/\/haitises.com\/?post_type=product&#038;p=553"},"modified":"2024-04-17T21:13:57","modified_gmt":"2024-04-17T21:13:57","slug":"\u05d8\u05d9\u05d5\u05dc-\u05d0\u05dc-\u05d4\u05d0\u05d9\u05d9\u05d8\u05d9\u05d6-\u05d5\u05e7\u05d0\u05e0\u05d5-\u05d4\u05d5\u05e0\u05d3\u05d5-\u05de\u05e1\u05d1\u05e0\u05d4-\u05d3\u05d4-\u05dc\u05d4","status":"publish","type":"product","link":"https:\/\/haitises.com\/he\/\u05e4\u05bc\u05b0\u05e8\u05b8\u05d8\u05b4\u05d9\/\u05d8\u05d9\u05d5\u05dc-\u05d0\u05dc-\u05d4\u05d0\u05d9\u05d9\u05d8\u05d9\u05d6-\u05d5\u05e7\u05d0\u05e0\u05d5-\u05d4\u05d5\u05e0\u05d3\u05d5-\u05de\u05e1\u05d1\u05e0\u05d4-\u05d3\u05d4-\u05dc\u05d4\/","title":{"rendered":"\u05e1\u05d9\u05d5\u05e8 \u05e4\u05e8\u05d8\u05d9 \u05dc\u05dc\u05d5\u05e1 \u05d4\u05d0\u05d9\u05d8\u05d9\u05d6&#039; \u05d5\u05e7\u05d0\u05e0\u05d5 \u05d4\u05d5\u05e0\u05d3\u05d5 \u05de\u05e1\u05d1\u05e0\u05d4 \u05d3\u05d4 \u05dc\u05d4 \u05de\u05d0\u05e8"},"content":{"rendered":"<div class=\"vc_row wpb_row vc_row-fluid\" ><div class=\"wpb_column vc_column_container vc_col-sm-12\"><div class=\"vc_column-inner\"><div class=\"wpb_wrapper\">[mkdf_section_title subtitle_tag=\u00bb\u00bb subtitle=\u00bbAlmuerzo y Nataci\u00f3n en Piscinas Naturales\u00bb]<\/div><\/div><\/div><\/div><div class=\"vc_row wpb_row vc_row-fluid\" ><div class=\"wpb_column vc_column_container vc_col-sm-12\"><div class=\"vc_column-inner\"><div class=\"wpb_wrapper\"><div class=\"vc_empty_space\"   style=\"height: 32px\"><span class=\"vc_empty_space_inner\"><\/span><\/div><\/div><\/div><\/div><\/div><div class=\"vc_row wpb_row vc_row-fluid\" ><div class=\"wpb_column vc_column_container vc_col-sm-12\"><div class=\"vc_column-inner\"><div class=\"wpb_wrapper\">\n\t<div class=\"wpb_text_column wpb_content_element\" >\n\t\t<div class=\"wpb_wrapper\">\n\t\t\t<h2>\u05d4\u05e4\u05d0\u05e8\u05e7 \u05d4\u05dc\u05d0\u05d5\u05de\u05d9 Los Haitises + \u05d0\u05e8\u05d5\u05d7\u05ea \u05e6\u05d4\u05e8\u05d9\u05d9\u05dd \u05d1\u05e7\u05d0\u05e0\u05d5 \u05d4\u05d5\u05e0\u05d3\u05d5 \u05de\u05e1\u05d1\u05e0\u05d4 \u05d3\u05d4 \u05dc\u05d4 \u05de\u05d0\u05e8<\/h2>\n<h3>\u05ea\u05d9\u05d0\u05d5\u05e8<\/h3>\n<p>\u05d8\u05d9\u05d5\u05dc \u05e9\u05dc \u05d9\u05d5\u05dd \u05e9\u05dc\u05dd \u05dc\u05e4\u05d0\u05e8\u05e7 \u05d4\u05dc\u05d0\u05d5\u05de\u05d9 Los Haitises \u05d5\u05d0\u05e8\u05d5\u05d7\u05ea \u05e6\u05d4\u05e8\u05d9\u05d9\u05dd \u05d1\u05e7\u05d0\u05e0\u05d5 \u05d4\u05d5\u05e0\u05d3\u05d5 \u05d1\u05ea\u05d5\u05e1\u05e4\u05ea \u05e9\u05d7\u05d9\u05d9\u05d4 \u05d1\u05d1\u05e8\u05d9\u05db\u05d5\u05ea \u05d8\u05d1\u05e2\u05d9\u05d5\u05ea. \u05d1\u05d5\u05d0\u05d5 \u05d0\u05d9\u05ea\u05e0\u05d5 \u05d5\u05ea\u05d1\u05e7\u05e8\u05d5 \u05d1\u05e4\u05d0\u05e8\u05e7 \u05d4\u05dc\u05d0\u05d5\u05de\u05d9 \u05d4\u05d9\u05e4\u05d4 \u05d1\u05d9\u05d5\u05ea\u05e8 \u05d1\u05e8\u05e4\u05d5\u05d1\u05dc\u05d9\u05e7\u05d4 \u05d4\u05d3\u05d5\u05de\u05d9\u05e0\u05d9\u05e7\u05e0\u05d9\u05ea, \u05d1\u05d9\u05e7\u05d5\u05e8 \u05d1\u05de\u05e0\u05d2\u05e8\u05d5\u05d1\u05d9\u05dd, \u05de\u05e2\u05e8\u05d5\u05ea \u05d5\u05de\u05e4\u05e8\u05e5 \u05e1\u05df \u05dc\u05d5\u05e8\u05e0\u05e6\u05d5. \u05d7\u05d6\u05e8\u05d5 \u05dc\u05e0\u05de\u05dc Ca\u00f1o Hondo \u05db\u05d3\u05d9 \u05dc\u05dc\u05db\u05ea 15 \u05d3\u05e7\u05d5\u05ea \u05db\u05d3\u05d9 \u05dc\u05d9\u05d4\u05e0\u05d5\u05ea \u05de\u05d0\u05e8\u05d5\u05d7\u05ea \u05e6\u05d4\u05e8\u05d9\u05d9\u05dd \u05d8\u05d9\u05e4\u05d5\u05e1\u05d9\u05ea \u05e2\u05dd \u05e0\u05d5\u05e3 \u05dc\u05d0\u05d5\u05e7\u05d9\u05d9\u05e0\u05d5\u05e1 \u05e9\u05dc \u05d4\u05e4\u05d0\u05e8\u05e7 \u05d4\u05dc\u05d0\u05d5\u05de\u05d9 \u05dc\u05d5\u05e1 \u05d4\u05d0\u05d9\u05d8\u05d9\u05e1\u05e1. \u05dc\u05d0\u05d7\u05e8 \u05de\u05db\u05df \u05e9\u05d7\u05d9\u05d9\u05d4 \u05d1\u05de\u05e2\u05d9\u05d9\u05df \u05d8\u05d1\u05e2\u05d9 \u05e2\u05d3 16:30.<\/p>\n<ul>\n<li>\u05db\u05d5\u05dc\u05dc \u05de\u05d6\u05e0\u05d5\u05df \u05d0\u05e8\u05d5\u05d7\u05ea \u05e6\u05d4\u05e8\u05d9\u05d9\u05dd.<\/li>\n<li>\u05e9\u05d7\u05d9\u05d9\u05d4 \u05d1\u05d1\u05e8\u05d9\u05db\u05d5\u05ea \u05d8\u05d1\u05e2\u05d9\u05d5\u05ea<\/li>\n<li>\u05de\u05e1\u05d9\u05dd \u05db\u05dc\u05d5\u05dc\u05d9\u05dd<\/li>\n<li>\u05d4\u05de\u05d3\u05e8\u05d9\u05da \u05de\u05e1\u05e4\u05e7 \u05d4\u05d3\u05e8\u05db\u05d4 \u05d5\u05e4\u05d9\u05e7\u05d5\u05d7.<\/li>\n<\/ul>\n<h3>\u05d4\u05db\u05dc\u05dc\u05d5\u05ea \u05d5\u05d0\u05d9 \u05d4\u05db\u05dc\u05dc\u05d5\u05ea<\/h3>\n<h4>\u05ea\u05db\u05dc\u05d9\u05dc\u05d9\u05dd<\/h4>\n<ol>\n<li>\u05d0\u05e8\u05d5\u05d7\u05ea \u05e6\u05d4\u05e8\u05d9\u05d9\u05dd \u05d1\u05d0\u05e7\u05dc\u05d5\u05d3\u05d2&#039;<\/li>\n<li>\u05e1\u05d9\u05d5\u05e8 Los Haitises + \u05de\u05e2\u05e8\u05d5\u05ea \u05d5\u05e4\u05d9\u05e7\u05d8\u05d5\u05d2\u05e8\u05e4\u05d9\u05dd<\/li>\n<li>\u05db\u05dc \u05d4\u05de\u05e1\u05d9\u05dd, \u05d4\u05e2\u05de\u05dc\u05d5\u05ea \u05d5\u05d3\u05de\u05d9 \u05d4\u05d8\u05d9\u05e4\u05d5\u05dc.<\/li>\n<li>\u05de\u05d9\u05e1\u05d9\u05dd \u05de\u05e7\u05d5\u05de\u05d9\u05d9\u05dd<\/li>\n<li>\u05de\u05b7\u05e9\u05c1\u05e7\u05b8\u05d0\u05d5\u05b9\u05ea<\/li>\n<li>\u05db\u05dc \u05d4\u05e4\u05e2\u05d9\u05dc\u05d5\u05d9\u05d5\u05ea<\/li>\n<li>\u05de\u05d3\u05e8\u05d9\u05da \u05de\u05e7\u05d5\u05de\u05d9<\/li>\n<\/ol>\n<h4>\u05d0\u05d9 \u05d4\u05db\u05dc\u05dc\u05d5\u05ea<\/h4>\n<ol>\n<li>\u05d8\u05d9\u05e4\u05d9\u05dd<\/li>\n<li>\u05ea\u05b7\u05d7\u05b0\u05d1\u05bc\u05d5\u05bc\u05e8\u05b8\u05d4<\/li>\n<li>\u05de\u05e9\u05e7\u05d0\u05d5\u05ea \u05d0\u05dc\u05db\u05d5\u05d4\u05d5\u05dc\u05d9\u05d9\u05dd<\/li>\n<\/ol>\n<h3><em>\u05d9\u05e6\u05d9\u05d0\u05d4 \u05d5\u05d7\u05d6\u05e8\u05d4<\/em><\/h3>\n<p>\u05d4\u05e0\u05d5\u05e1\u05e2 \u05d9\u05e7\u05d1\u05dc \u05e0\u05e7\u05d5\u05d3\u05ea \u05de\u05e4\u05d2\u05e9 \u05dc\u05d0\u05d7\u05e8 \u05ea\u05d4\u05dc\u05d9\u05da \u05d4\u05d4\u05d6\u05de\u05e0\u05d4. \u05d4\u05e1\u05d9\u05d5\u05e8\u05d9\u05dd \u05de\u05ea\u05d7\u05d9\u05dc\u05d9\u05dd \u05d5\u05de\u05e1\u05ea\u05d9\u05d9\u05de\u05d9\u05dd \u05d1\u05e0\u05e7\u05d5\u05d3\u05d5\u05ea \u05d4\u05de\u05e4\u05d2\u05e9 \u05e9\u05dc\u05e0\u05d5.<\/p>\n<h3><em>\u05dc\u05de\u05d4 \u05dc\u05e6\u05e4\u05d5\u05ea?<\/em><\/h3>\n<p>\u05d4\u05e9\u05d2 \u05db\u05e8\u05d8\u05d9\u05e1\u05d9\u05dd \u05dc\u05d1\u05d9\u05e7\u05d5\u05e8 \u05d1\u05e4\u05d0\u05e8\u05e7 \u05d4\u05dc\u05d0\u05d5\u05de\u05d9 Los Haitises \u05e2\u05dd \u05d0\u05e8\u05d5\u05d7\u05ea \u05e6\u05d4\u05e8\u05d9\u05d9\u05dd \u05e0\u05e4\u05dc\u05d0\u05d4 \u05d1-Ca\u00f1o Hondo \u05d5\u05e9\u05d7\u05d9\u05d9\u05d4 \u05d1\u05de\u05e2\u05d9\u05d9\u05e0\u05d5\u05ea \u05d4\u05d8\u05d1\u05e2\u05d9\u05d9\u05dd. \u05e6\u05d0\u05d5 \u05dc\u05e1\u05d9\u05d5\u05e8 \u05d1\u05e1\u05d9\u05e8\u05d4 \u05d3\u05e8\u05da \u05d4\u05de\u05e0\u05d2\u05e8\u05d5\u05d1\u05d9\u05dd, \u05de\u05e2\u05e8\u05d5\u05ea \u05d4\u05e4\u05d9\u05e8\u05d0\u05d8\u05d9\u05dd \u05d4\u05e2\u05ea\u05d9\u05e7\u05d5\u05ea \u05d5\u05d4\u05d9\u05e2\u05e8\u05d5\u05ea \u05d4\u05de\u05d5\u05d2\u05e0\u05d9\u05dd \u05e9\u05dc \u05d4\u05e9\u05de\u05d5\u05e8\u05d4 \u05d4\u05e6\u05d9\u05d5\u05e8\u05d9\u05ea \u05d4\u05d6\u05d5, \u05de\u05d0\u05d6\u05d5\u05e8 \u05de\u05dc\u05d5\u05e0\u05d5\u05ea \u05e7\u05d0\u05e0\u05d5 \u05d4\u05d5\u05e0\u05d3\u05d5 \u05d0\u05d5 \u05de\u05e1\u05d1\u05e0\u05d4 \u05d3\u05d4 \u05dc\u05d4 \u05de\u05d0\u05e8.<\/p>\n<p>El recorrido, organizado por \u00abBooking Adventures\u00bb, comienza en el punto de encuentro establecido con el gu\u00eda tur\u00edstico. Ven con Booking Adventures y comienza a observar algunos manglares llenos de p\u00e1jaros, colinas onduladas de exuberante vegetaci\u00f3n y cuevas del Parque Nacional Los Haitises. Excursi\u00f3n en bote desde el r\u00edo Ca\u00f1o Hondo, Sabana de la Mar.<\/p>\n<p>\u05d3\u05e8\u05da \u05d4\u05de\u05e0\u05d2\u05e8\u05d5\u05d1\u05d9\u05dd \u05d5\u05d4\u05e7\u05e8\u05e7\u05e2 \u05d1\u05de\u05e4\u05e8\u05e5 \u05e1\u05df \u05dc\u05d5\u05e8\u05e0\u05e6\u05d5 \u05d4\u05e4\u05ea\u05d5\u05d7, \u05de\u05de\u05e0\u05d5 \u05e0\u05d9\u05ea\u05df \u05dc\u05e6\u05dc\u05dd \u05d0\u05ea \u05e0\u05d5\u05e3 \u05d4\u05d9\u05e2\u05e8 \u05d4\u05de\u05e4\u05d5\u05e8\u05e5. \u05d4\u05d1\u05d9\u05d8\u05d5 \u05d4\u05d7\u05d5\u05e6\u05d4 \u05d0\u05dc \u05d4\u05de\u05d9\u05dd \u05db\u05d3\u05d9 \u05dc\u05e8\u05d0\u05d5\u05ea \u05d6\u05d1\u05d9 \u05d9\u05dd, \u05e1\u05e8\u05d8\u05e0\u05d9\u05dd \u05d5\u05d3\u05d5\u05dc\u05e4\u05d9\u05e0\u05d9\u05dd.<\/p>\n<p>El nombre del parque nacional proviene de sus habitantes originales, los indios ta\u00ednos. En su idioma, \u00abHaitises\u00bb se traduce en tierras altas o colinas, una referencia a las empinadas formaciones geol\u00f3gicas de la costa con calizas. Avent\u00farate m\u00e1s en el parque para explorar cuevas como la Cueva de la Arena y la Cueva de la l\u00ednea. Las cuevas en la reserva fueron utilizadas como refugio por los indios ta\u00ednos y, m\u00e1s tarde, por los piratas escondidos. Busque dibujos de indios que decoran algunas de las paredes. Despu\u00e9s de visitar el Parque Nacional Los Haitises iremos a Ca\u00f1o Hondo. En Ca\u00f1o Hondo aprendiendo sobre esta historia de ecolodge y la hora del almuerzo con la comida t\u00edpica de la comunidad de Sabana de la Mar.<\/p>\n<p>\u05d0\u05e8\u05d5\u05d7\u05ea \u05d4\u05e6\u05d4\u05e8\u05d9\u05d9\u05dd \u05ea\u05d4\u05d9\u05d4 \u05d8\u05e2\u05d9\u05de\u05d4 \u05d0\u05d1\u05dc \u05e2\u05d3\u05d9\u05d9\u05df \u05dc\u05d0 \u05e1\u05d9\u05d9\u05de\u05e0\u05d5. \u05dc\u05d0\u05d7\u05e8 \u05d0\u05e8\u05d5\u05d7\u05ea \u05d4\u05e6\u05d4\u05e8\u05d9\u05d9\u05dd \u05e0\u05e9\u05d7\u05d4 \u05d1\u05de\u05e2\u05d9\u05d9\u05df \u05d4\u05d8\u05d1\u05e2\u05d9 \u05de\u05e0\u05d4\u05e8 \u05d2&#039;\u05d9\u05d1\u05d0\u05dc\u05e1, \u05e0\u05d4\u05e8 \u05e8\u05d1 \u05e9\u05e0\u05ea\u05d9 \u05dc\u05e0\u05d4\u05e8 \u05e7\u05d0\u05e0\u05d5 \u05d4\u05d5\u05e0\u05d3\u05d5. \u05d4\u05d9\u05e9\u05d0\u05e8\u05d5 \u05d1\u05e7\u05d0\u05e0\u05d5 \u05d4\u05d5\u05e0\u05d3\u05d5 \u05e2\u05d3 \u05d4\u05e9\u05e2\u05d4 18:00 \u05d0\u05dd \u05ea\u05e8\u05e6\u05d5 \u05d0\u05d5 \u05e4\u05d7\u05d5\u05ea.<\/p>\n<p>\u05d1\u05d1\u05e8\u05d9\u05db\u05d5\u05ea \u05d4\u05d8\u05d1\u05e2 \u05ea\u05d5\u05db\u05dc\u05d5 \u05dc\u05e9\u05d4\u05d5\u05ea \u05db\u05dc \u05e2\u05d5\u05d3 \u05ea\u05e8\u05e6\u05d5 \u05dc\u05e9\u05d7\u05d5\u05ea \u05d5\u05dc\u05d8\u05d9\u05d9\u05dc. \u05d0\u05dd \u05d0\u05ea\u05d4 \u05d8\u05d1\u05e2\u05d5\u05e0\u05d9, \u05e0\u05d5\u05db\u05dc \u05dc\u05d4\u05db\u05d9\u05df \u05e2\u05d1\u05d5\u05e8\u05da \u05d2\u05dd \u05d0\u05d5\u05db\u05dc.<\/p>\n<h3><em>\u05de\u05d4 \u05db\u05d3\u05d0\u05d9 \u05dc\u05d4\u05d1\u05d9\u05d0?<\/em><\/h3>\n<ul>\n<li>\u05de\u05b7\u05e6\u05dc\u05b5\u05de\u05b8\u05d4<\/li>\n<li>\u05d3\u05d5\u05d7\u05d9\u05dd<\/li>\n<li>\u05e7\u05e8\u05dd \u05d4\u05d2\u05e0\u05d4<\/li>\n<li>\u05db\u05bc\u05d5\u05b9\u05d1\u05b7\u05e2<\/li>\n<li>\u05de\u05db\u05e0\u05e1\u05d9\u05d9\u05dd \u05e0\u05d5\u05d7\u05d9\u05dd<\/li>\n<li>\u05e0\u05e2\u05dc\u05d9 \u05d8\u05d9\u05d5\u05dc \u05d1\u05d9\u05e2\u05e8<\/li>\n<li>\u05e1\u05e0\u05d3\u05dc\u05d9\u05dd \u05dc\u05d0\u05d6\u05d5\u05e8\u05d9 \u05de\u05e2\u05d9\u05d9\u05e0\u05d5\u05ea.<\/li>\n<li>\u05d1\u05d2\u05d3 \u05d9\u05dd<\/li>\n<\/ul>\n<h3><em>\u05d0\u05d9\u05e1\u05d5\u05e3 \u05d1\u05de\u05dc\u05d5\u05df<\/em><\/h3>\n<p>\u05d0\u05d9\u05e1\u05d5\u05e3 \u05de\u05d4\u05de\u05dc\u05d5\u05df \u05d0\u05d9\u05e0\u05d5 \u05de\u05d5\u05e6\u05e2 \u05dc\u05e1\u05d9\u05d5\u05e8 \u05d6\u05d4.<\/p>\n<p><strong>\u05d4\u05e2\u05e8\u05d4:<\/strong> \u05d0\u05dd \u05ea\u05d6\u05de\u05d9\u05e0\u05d5 \u05d1\u05ea\u05d5\u05da 24 \u05e9\u05e2\u05d5\u05ea \u05de\u05de\u05d5\u05e2\u05d3 \u05d4\u05d9\u05e6\u05d9\u05d0\u05d4 \u05e9\u05dc \u05d4\u05e1\u05d9\u05d5\u05e8\/\u05d4\u05d8\u05d9\u05d5\u05dc, \u05e0\u05d5\u05db\u05dc \u05dc\u05d0\u05e8\u05d2\u05df \u05d0\u05d9\u05e1\u05d5\u05e3 \u05de\u05d4\u05de\u05dc\u05d5\u05df \u05d1\u05ea\u05e9\u05dc\u05d5\u05dd \u05e0\u05d5\u05e1\u05e3. \u05dc\u05d0\u05d7\u05e8 \u05d4\u05e9\u05dc\u05de\u05ea \u05d4\u05e8\u05db\u05d9\u05e9\u05d4, \u05d0\u05e0\u05d5 \u05e0\u05e9\u05dc\u05d7 \u05d0\u05dc\u05d9\u05da \u05d0\u05ea \u05e4\u05e8\u05d8\u05d9 \u05d4\u05e7\u05e9\u05e8 \u05d4\u05de\u05dc\u05d0\u05d9\u05dd (\u05de\u05e1\u05e4\u05e8 \u05d8\u05dc\u05e4\u05d5\u05df, \u05db\u05ea\u05d5\u05d1\u05ea \u05d3\u05d5\u05d0&quot;\u05dc \u05d5\u05db\u05d5&#039;) \u05dc\u05de\u05d3\u05e8\u05d9\u05da \u05d4\u05d8\u05d9\u05d5\u05dc\u05d9\u05dd \u05d4\u05de\u05e7\u05d5\u05de\u05d9 \u05e9\u05dc\u05e0\u05d5 \u05db\u05d3\u05d9 \u05dc\u05d0\u05e8\u05d2\u05df \u05e1\u05d9\u05d3\u05d5\u05e8\u05d9 \u05d0\u05d9\u05e1\u05d5\u05e3.<\/p>\n<h3><em>\u05d0\u05d9\u05e9\u05d5\u05e8 \u05de\u05d9\u05d3\u05e2 \u05e0\u05d5\u05e1\u05e3<\/em><\/h3>\n<ul>\n<li>\u05d4\u05db\u05e8\u05d8\u05d9\u05e1\u05d9\u05dd \u05d4\u05dd \u05d4\u05e7\u05d1\u05dc\u05d4 \u05dc\u05d0\u05d7\u05e8 \u05ea\u05e9\u05dc\u05d5\u05dd \u05e2\u05d1\u05d5\u05e8 \u05e1\u05d9\u05d5\u05e8 \u05d6\u05d4. \u05d0\u05ea\u05d4 \u05d9\u05db\u05d5\u05dc \u05dc\u05d4\u05e6\u05d9\u05d2 \u05d0\u05ea \u05d4\u05ea\u05e9\u05dc\u05d5\u05dd \u05d1\u05d8\u05dc\u05e4\u05d5\u05df \u05e9\u05dc\u05da.<\/li>\n<li>\u05e0\u05e7\u05d5\u05d3\u05ea \u05d4\u05de\u05e4\u05d2\u05e9 \u05ea\u05ea\u05e7\u05d1\u05dc \u05dc\u05d0\u05d7\u05e8 \u05ea\u05d4\u05dc\u05d9\u05da \u05d4\u05d4\u05d6\u05de\u05e0\u05d4.<\/li>\n<li>\u05d9\u05dc\u05d3\u05d9\u05dd \u05d7\u05d9\u05d9\u05d1\u05d9\u05dd \u05d1\u05dc\u05d9\u05d5\u05d5\u05d9 \u05de\u05d1\u05d5\u05d2\u05e8.<\/li>\n<li>\u05dc\u05d0 \u05e0\u05d2\u05d9\u05e9 \u05dc\u05db\u05d9\u05e1\u05d0 \u05d2\u05dc\u05d2\u05dc\u05d9\u05dd<\/li>\n<li>\u05ea\u05d9\u05e0\u05d5\u05e7\u05d5\u05ea \u05e6\u05e8\u05d9\u05db\u05d9\u05dd \u05dc\u05e9\u05d1\u05ea \u05d1\u05de\u05d5\u05e9\u05d1 \u05ea\u05d9\u05e0\u05d5\u05e7 \u05d0\u05d5 \u05e2\u05dd \u05de\u05d1\u05d5\u05d2\u05e8<\/li>\n<li>\u05dc\u05d0 \u05de\u05d5\u05de\u05dc\u05e5 \u05dc\u05de\u05d8\u05d9\u05d9\u05dc\u05d9\u05dd \u05e2\u05dd \u05d1\u05e2\u05d9\u05d5\u05ea \u05d2\u05d1.<\/li>\n<li>\u05dc\u05d0 \u05de\u05d5\u05de\u05dc\u05e5 \u05dc\u05e0\u05e9\u05d9\u05dd \u05d1\u05d4\u05e8\u05d9\u05d5\u05df.<\/li>\n<li>\u05dc\u05dc\u05d0 \u05d1\u05e2\u05d9\u05d5\u05ea \u05dc\u05d1 \u05d0\u05d5 \u05de\u05e6\u05d1\u05d9\u05dd \u05e8\u05e4\u05d5\u05d0\u05d9\u05d9\u05dd \u05d7\u05de\u05d5\u05e8\u05d9\u05dd \u05d0\u05d7\u05e8\u05d9\u05dd.<\/li>\n<li>\u05e8\u05d5\u05d1 \u05d4\u05de\u05d8\u05d9\u05d9\u05dc\u05d9\u05dd \u05d9\u05db\u05d5\u05dc\u05d9\u05dd \u05dc\u05d4\u05e9\u05ea\u05ea\u05e3.<\/li>\n<\/ul>\n<h3><em>\u05de\u05d3\u05d9\u05e0\u05d9\u05d5\u05ea \u05d1\u05d9\u05d8\u05d5\u05dc<\/em><\/h3>\n<p>\u05dc\u05e7\u05d1\u05dc\u05ea \u05d4\u05d7\u05d6\u05e8 \u05de\u05dc\u05d0, \u05d1\u05d8\u05dc \u05dc\u05e4\u05d7\u05d5\u05ea 24 \u05e9\u05e2\u05d5\u05ea \u05dc\u05e4\u05e0\u05d9 \u05ea\u05d0\u05e8\u05d9\u05da \u05ea\u05d7\u05d9\u05dc\u05ea \u05d4\u05d7\u05d5\u05d5\u05d9\u05d4.<\/p>\n\n\t\t<\/div>\n\t<\/div>\n<\/div><\/div><\/div><\/div><div class=\"vc_row wpb_row vc_row-fluid\" ><div class=\"wpb_column vc_column_container vc_col-sm-12\"><div class=\"vc_column-inner\"><div class=\"wpb_wrapper\">\n\t<div class=\"wpb_video_widget wpb_content_element vc_clearfix   vc_video-aspect-ratio-169 vc_video-el-width-100 vc_video-align-left\" >\n\t\t<div class=\"wpb_wrapper\">\n\t\t\t\n\t\t\t<div class=\"wpb_video_wrapper\"><iframe loading=\"lazy\" title=\"\u05d4\u05e4\u05d0\u05e8\u05e7 \u05d4\u05dc\u05d0\u05d5\u05de\u05d9 Los Haitises, \u05e1\u05d9\u05d5\u05e8\u05d9\u05dd \u05d5\u05d8\u05d9\u05d5\u05dc\u05d9\u05dd \u05de\u05e1\u05de\u05e0\u05d4 \u05d0\u05d5 \u05de\u05e1\u05d1\u05e0\u05d4 \u05d3\u05d4 \u05dc\u05d4 \u05de\u05d0\u05e8. \u05d4\u05d6\u05de\u05df \u05db\u05d0\u05df:\" src=\"https:\/\/player.vimeo.com\/video\/346508015?dnt=1&amp;app_id=122963\" width=\"1100\" height=\"619\" frameborder=\"0\" allow=\"autoplay; fullscreen\" allowfullscreen><\/iframe><\/div>\n\t\t<\/div>\n\t<\/div>\n<\/div><\/div><\/div><\/div><div class=\"vc_row wpb_row vc_row-fluid\" ><div class=\"wpb_column vc_column_container vc_col-sm-12\"><div class=\"vc_column-inner\"><div class=\"wpb_wrapper\"><div class=\"vc_empty_space\"   style=\"height: 32px\"><span class=\"vc_empty_space_inner\"><\/span><\/div>\n\t<div class=\"wpb_text_column wpb_content_element\" >\n\t\t<div class=\"wpb_wrapper\">\n\t\t\t<h4>\u05e6\u05d5\u05e8 \u05e7\u05e9\u05e8?<\/h4>\n<h5>\u05d4\u05d6\u05de\u05e0\u05d5\u05ea \u05d4\u05e8\u05e4\u05ea\u05e7\u05d0\u05d5\u05ea<\/h5>\n<p><strong><em>\u05de\u05d3\u05e8\u05d9\u05db\u05d9 \u05d8\u05d9\u05d5\u05dc\u05d9\u05dd \u05de\u05e7\u05d5\u05de\u05d9\u05d9\u05dd \u05d5\u05d0\u05e8\u05e6\u05d9\u05d9\u05dd \u05d5\u05e9\u05d9\u05e8\u05d5\u05ea\u05d9 \u05d0\u05d5\u05e8\u05d7\u05d9\u05dd<\/em><\/strong><\/p>\n<p>\u05d4\u05d6\u05de\u05e0\u05d5\u05ea: \u05e1\u05d9\u05d5\u05e8\u05d9\u05dd \u05d5\u05d8\u05d9\u05d5\u05dc\u05d9\u05dd \u05d1\u05d3\u05d5\u05dd.<\/p>\n<p>\u05d8\u05dc\/\u05d5\u05d5\u05d8\u05e1\u05d0\u05e4 +1-809-720-6035.<\/p>\n<p>info@bookingadventures.com.do<\/p>\n<p>\u05d0\u05e0\u05d5 \u05e2\u05d5\u05e8\u05db\u05d9\u05dd \u05e1\u05d9\u05d5\u05e8\u05d9\u05dd \u05e4\u05e8\u05d8\u05d9\u05d9\u05dd \u05e2\u05dd \u05ea\u05e6\u05d5\u05e8\u05d4 \u05d2\u05de\u05d9\u05e9\u05d4 \u05d1\u05d5\u05d5\u05d0\u05d8\u05e1\u05d0\u05e4: +18097206035.<\/p>\n\n\t\t<\/div>\n\t<\/div>\n<div class=\"vc_empty_space\"   style=\"height: 32px\"><span class=\"vc_empty_space_inner\"><\/span><\/div><\/div><\/div><\/div><\/div>","protected":false},"excerpt":{"rendered":"<p>\u05d8\u05d9\u05d5\u05dc \u05dc\u05e4\u05d0\u05e8\u05e7 \u05d4\u05dc\u05d0\u05d5\u05de\u05d9 Los Haitises \u05de\u05e1\u05d1\u05e0\u05d4 \u05d3\u05d4 \u05dc\u05d4 \u05de\u05d0\u05e8, \u05d1\u05d9\u05e7\u05d5\u05e8 \u05d1\u05de\u05e0\u05d2\u05e8\u05d5\u05d1\u05d9\u05dd, \u05de\u05e2\u05e8\u05d5\u05ea, \u05e6\u05d9\u05d5\u05e8\u05d9\u05dd + \u05d0\u05e8\u05d5\u05d7\u05ea \u05e6\u05d4\u05e8\u05d9\u05d9\u05dd \u05d1\u05e1\u05d9\u05d5\u05e8\u05d9 Ca\u00f1o Hondo \u05d5\u05d1\u05e8\u05d9\u05db\u05d5\u05ea \u05e9\u05d7\u05d9\u05d9\u05d4.<\/p>\n<p>\u05d4\u05d2\u05d3\u05e8 \u05d0\u05ea \u05d4\u05e1\u05d9\u05d5\u05e8 \u05d4\u05d6\u05d4 \u05e2\u05dd \u05de\u05e1\u05dc\u05d5\u05dc \u05d4\u05dc\u05d9\u05db\u05d4 \u05d5\u05dc\u05de\u05d3 \u05e2\u05dc \u05d4\u05d4\u05d9\u05e1\u05d8\u05d5\u05e8\u05d9\u05d4 \u05e9\u05dc \u05d4\u05e4\u05d0\u05e8\u05e7 \u05d4\u05dc\u05d0\u05d5\u05de\u05d9 \u05dc\u05d5\u05e1 \u05d4\u05d0\u05d9\u05d8\u05d9\u05e1\u05e1 \u05de\u05de\u05d3\u05e8\u05d9\u05db\u05d9\u05dd \u05de\u05e7\u05d5\u05de\u05d9\u05d9\u05dd.<\/p>","protected":false},"featured_media":82,"template":"","meta":[],"product_brand":[],"product_cat":[443,123,124],"product_tag":[126,127,128,145,202,203,132,133,146,114,204],"class_list":{"0":"post-553","1":"product","2":"type-product","3":"status-publish","4":"has-post-thumbnail","6":"product_cat-tours-y-excursiones-es","7":"product_cat-tours-excursions-los-haitises-national-park","8":"product_cat-tours-excursions-samana-bay-dominican-republic","9":"product_tag-cano-hondo","10":"product_tag-cano-hondo-hotel","11":"product_tag-cano-hondo-tours","12":"product_tag-day-tour-cano-hondo","13":"product_tag-la-arena-cave","14":"product_tag-line-cave","15":"product_tag-los-haitises","16":"product_tag-los-haitises-national-park","17":"product_tag-mangroves-los-haitises","18":"product_tag-sabana-de-la-mar","19":"product_tag-san-lorenzo-bay","21":"first","22":"instock","23":"sale","24":"sold-individually","25":"shipping-taxable","26":"product-type-external"},"_links":{"self":[{"href":"https:\/\/haitises.com\/he\/wp-json\/wp\/v2\/product\/553","targetHints":{"allow":["GET"]}}],"collection":[{"href":"https:\/\/haitises.com\/he\/wp-json\/wp\/v2\/product"}],"about":[{"href":"https:\/\/haitises.com\/he\/wp-json\/wp\/v2\/types\/product"}],"wp:featuredmedia":[{"embeddable":true,"href":"https:\/\/haitises.com\/he\/wp-json\/wp\/v2\/media\/82"}],"wp:attachment":[{"href":"https:\/\/haitises.com\/he\/wp-json\/wp\/v2\/media?parent=553"}],"wp:term":[{"taxonomy":"product_brand","embeddable":true,"href":"https:\/\/haitises.com\/he\/wp-json\/wp\/v2\/product_brand?post=553"},{"taxonomy":"product_cat","embeddable":true,"href":"https:\/\/haitises.com\/he\/wp-json\/wp\/v2\/product_cat?post=553"},{"taxonomy":"product_tag","embeddable":true,"href":"https:\/\/haitises.com\/he\/wp-json\/wp\/v2\/product_tag?post=553"}],"curies":[{"name":"wp","href":"https:\/\/api.w.org\/{rel}","templated":true}]}}