{"id":543,"date":"2020-06-14T19:18:13","date_gmt":"2020-06-14T19:18:13","guid":{"rendered":"http:\/\/haitises.com\/?post_type=product&#038;p=543"},"modified":"2024-08-22T05:45:22","modified_gmt":"2024-08-22T05:45:22","slug":"parque-nacional-los-haitises-desde-el-puerto-de-samana","status":"publish","type":"product","link":"https:\/\/haitises.com\/he\/\u05e4\u05bc\u05b0\u05e8\u05b8\u05d8\u05b4\u05d9\/parque-nacional-los-haitises-desde-el-puerto-de-samana\/","title":{"rendered":"\u05d4\u05e4\u05d0\u05e8\u05e7 \u05d4\u05dc\u05d0\u05d5\u05de\u05d9 Los Haitises \u05de\u05e0\u05de\u05dc Samana"},"content":{"rendered":"<div class=\"vc_row wpb_row vc_row-fluid\" ><div class=\"wpb_column vc_column_container vc_col-sm-12\"><div class=\"vc_column-inner\"><div class=\"wpb_wrapper\">\n\t<div class=\"wpb_text_column wpb_content_element\" >\n\t\t<div class=\"wpb_wrapper\">\n\t\t\t<h2>\u05d4\u05e4\u05d0\u05e8\u05e7 \u05d4\u05dc\u05d0\u05d5\u05de\u05d9 \u05dc\u05d5\u05e1 \u05d4\u05d0\u05d9\u05d8\u05d9\u05e1\u05e1 (\u05de\u05e4\u05e8\u05e5 \u05e1\u05d0\u05de\u05d0\u05e0\u05d4) \u05de\u05e0\u05de\u05dc \u05e1\u05d0\u05de\u05d0\u05e0\u05d4<\/h2>\n<ul>\n<li>\u05e1\u05d9\u05d5\u05e8 \u05d1\u05e1\u05d9\u05e8\u05d4 \u05dc\u05e4\u05d0\u05e8\u05e7 \u05d4\u05dc\u05d0\u05d5\u05de\u05d9 \u05dc\u05d5\u05e1 \u05d4\u05d0\u05d9\u05d8\u05d9\u05e1\u05e1<br \/>\n<h3>\u05ea\u05d9\u05d0\u05d5\u05e8<\/h3>\n<p>\u05d1\u05e7\u05e8\u05d5 \u05d1\u05e4\u05d0\u05e8\u05e7 \u05d4\u05dc\u05d0\u05d5\u05de\u05d9 Los Haitises \u05de\u05e0\u05de\u05dc Samana. \u05d1\u05d5\u05d0\u05d5 \u05d0\u05d9\u05ea\u05e0\u05d5 \u05d5\u05ea\u05d1\u05e7\u05e8\u05d5 \u05d1\u05e4\u05d0\u05e8\u05e7 \u05d4\u05dc\u05d0\u05d5\u05de\u05d9 \u05d4\u05d9\u05e4\u05d4 \u05d1\u05d9\u05d5\u05ea\u05e8 \u05d1\u05e8\u05e4\u05d5\u05d1\u05dc\u05d9\u05e7\u05d4 \u05d4\u05d3\u05d5\u05de\u05d9\u05e0\u05d9\u05e7\u05e0\u05d9\u05ea, \u05d1\u05d9\u05e7\u05d5\u05e8 \u05d1\u05de\u05e0\u05d2\u05e8\u05d5\u05d1\u05d9\u05dd, \u05de\u05e2\u05e8\u05d5\u05ea \u05d5\u05de\u05e4\u05e8\u05e5 \u05e1\u05df \u05dc\u05d5\u05e8\u05e0\u05e6\u05d5, \u05db\u05de\u05d5 \u05d2\u05dd \u05d7\u05e6\u05d9\u05d9\u05ea \u05de\u05e4\u05e8\u05e5 \u05e1\u05de\u05e0\u05d4 \u05d4\u05d9\u05e4\u05d4. \u05dc\u05d0\u05d7\u05e8 \u05de\u05db\u05df \u05d7\u05d5\u05d6\u05e8\u05d9\u05dd \u05dc\u05e0\u05de\u05dc \u05e1\u05de\u05e0\u05d4.<\/li>\n<\/ul>\n<p>\u05dc\u05d0\u05d7\u05e8 \u05d4\u05d7\u05d5\u05d5\u05d9\u05d4 \u05d4\u05d6\u05d5, \u05ea\u05d7\u05d6\u05e8\u05d5 \u05dc\u05e0\u05de\u05dc \u05e1\u05de\u05e0\u05d4.<\/p>\n<ul>\n<li>\u05de\u05e1\u05d9\u05dd \u05db\u05dc\u05d5\u05dc\u05d9\u05dd<br \/>\n\u05d4\u05de\u05d3\u05e8\u05d9\u05da \u05de\u05e1\u05e4\u05e7 \u05d4\u05d3\u05e8\u05db\u05d4 \u05d5\u05e4\u05d9\u05e7\u05d5\u05d7.<\/li>\n<li>\u05d4\u05db\u05dc\u05dc\u05d5\u05ea \u05d5\u05d0\u05d9 \u05d4\u05db\u05dc\u05dc\u05d5\u05ea<\/li>\n<\/ul>\n<h3>\u05ea\u05db\u05dc\u05d9\u05dc\u05d9\u05dd<\/h3>\n<ol>\n<li>\u05e1\u05d9\u05d5\u05e8 Los Haitises + \u05de\u05e2\u05e8\u05d5\u05ea \u05d5\u05e4\u05d9\u05e7\u05d8\u05d5\u05d2\u05e8\u05e4\u05d9\u05dd<\/li>\n<li>\u05db\u05dc \u05d4\u05de\u05e1\u05d9\u05dd, \u05d4\u05e2\u05de\u05dc\u05d5\u05ea \u05d5\u05d3\u05de\u05d9 \u05d4\u05d8\u05d9\u05e4\u05d5\u05dc.<\/li>\n<li>\u05de\u05d9\u05e1\u05d9\u05dd \u05de\u05e7\u05d5\u05de\u05d9\u05d9\u05dd<\/li>\n<li>\u05de\u05b7\u05e9\u05c1\u05e7\u05b8\u05d0\u05d5\u05b9\u05ea<\/li>\n<li>\u05db\u05dc \u05d4\u05e4\u05e2\u05d9\u05dc\u05d5\u05d9\u05d5\u05ea<\/li>\n<li>\u05de\u05d3\u05e8\u05d9\u05da \u05de\u05e7\u05d5\u05de\u05d9<\/li>\n<\/ol>\n<h3>\u05d0\u05d9 \u05d4\u05db\u05dc\u05dc\u05d5\u05ea<\/h3>\n<ol>\n<li>\u05d8\u05d9\u05e4\u05d9\u05dd<\/li>\n<li>\u05dc\u05b0\u05d4\u05b7\u05e2\u05b2\u05d1\u05b4\u05d9\u05e8<\/li>\n<li>\u05de\u05e9\u05e7\u05d0\u05d5\u05ea \u05d0\u05dc\u05db\u05d5\u05d4\u05d5\u05dc\u05d9\u05d9\u05dd<\/li>\n<li>\u05d0\u05e8\u05d5\u05d7\u05ea \u05e6\u05d4\u05e8\u05d9\u05d9\u05dd \u05dc\u05d0 \u05db\u05dc\u05d5\u05dc\u05d4, \u05dc\u05d0\u05e8\u05d5\u05d7\u05ea \u05e6\u05d4\u05e8\u05d9\u05d9\u05dd \u05db\u05d5\u05dc\u05dc\u05ea \u05d1\u05d7\u05d9\u05e8\u05d4 \u05d1\u05d0\u05d7\u05d3 \u05de\u05d4\u05d8\u05d9\u05d5\u05dc\u05d9\u05dd \u05d4\u05d1\u05d0\u05d9\u05dd: Los Haitises + Cayo Levantado \u05de\u05e0\u05de\u05dc Saman\u00e1 \u05d0\u05d5 Los Haitises + Cano Hondo \u05de\u05e0\u05de\u05dc Saman\u00e1.<\/li>\n<\/ol>\n<h3>\u05d9\u05e6\u05d9\u05d0\u05d4 \u05d5\u05d7\u05d6\u05e8\u05d4<\/h3>\n<p>\u05d4\u05e0\u05d5\u05e1\u05e2 \u05d9\u05e7\u05d1\u05dc \u05e0\u05e7\u05d5\u05d3\u05ea \u05de\u05e4\u05d2\u05e9 \u05dc\u05d0\u05d7\u05e8 \u05ea\u05d4\u05dc\u05d9\u05da \u05d4\u05d4\u05d6\u05de\u05e0\u05d4. \u05d4\u05e1\u05d9\u05d5\u05e8\u05d9\u05dd \u05de\u05ea\u05d7\u05d9\u05dc\u05d9\u05dd \u05d5\u05de\u05e1\u05ea\u05d9\u05d9\u05de\u05d9\u05dd \u05d1\u05e0\u05e7\u05d5\u05d3\u05d5\u05ea \u05d4\u05de\u05e4\u05d2\u05e9 \u05e9\u05dc\u05e0\u05d5.<\/p>\n<h3>\u05dc\u05de\u05d4 \u05dc\u05e6\u05e4\u05d5\u05ea?<\/h3>\n<p>\u05d4\u05e9\u05d2 \u05db\u05e8\u05d8\u05d9\u05e1\u05d9\u05dd \u05dc\u05d1\u05d9\u05e7\u05d5\u05e8 \u05d1\u05e4\u05d0\u05e8\u05e7 \u05d4\u05dc\u05d0\u05d5\u05de\u05d9 Los Haitises \u05e2\u05dd \u05d0\u05e8\u05d5\u05d7\u05ea \u05e6\u05d4\u05e8\u05d9\u05d9\u05dd \u05e0\u05e4\u05dc\u05d0\u05d4 \u05d1-Ca\u00f1o Hondo \u05d5\u05e9\u05d7\u05d9\u05d9\u05d4 \u05d1\u05de\u05e2\u05d9\u05d9\u05e0\u05d5\u05ea \u05d4\u05d8\u05d1\u05e2\u05d9\u05d9\u05dd.<\/p>\n<p>\u05de\u05ea\u05d7\u05d9\u05dc\u05d9\u05dd \u05de\u05e0\u05de\u05dc \u05e1\u05de\u05e0\u05d4 \u05e2\u05dc \u05e1\u05d9\u05e4\u05d5\u05df \u05e1\u05d9\u05e8\u05d4 \u05d0\u05d5 \u05e7\u05d8\u05de\u05e8\u05df \u05e2\u05dd \u05de\u05d3\u05e8\u05d9\u05da \u05d8\u05d9\u05d5\u05dc\u05d9\u05dd \u05de\u05e7\u05d5\u05de\u05d9, \u05d0\u05e0\u05d5 \u05d7\u05d5\u05dc\u05e4\u05d9\u05dd \u05e2\u05dc \u05e4\u05e0\u05d9 \u05de\u05e4\u05e8\u05e5 \u05e1\u05de\u05e0\u05d4 \u05e9\u05dc\u05d9\u05d3 \u05e1\u05d1\u05e0\u05d4 \u05d3\u05d4 \u05dc\u05d4 \u05de\u05d0\u05e8 \u05dc\u05d1\u05d9\u05e7\u05d5\u05e8 \u05d1\u05d0\u05d7\u05d3 \u05d4\u05e4\u05d0\u05e8\u05e7\u05d9\u05dd \u05d4\u05dc\u05d0\u05d5\u05de\u05d9\u05d9\u05dd \u05d4\u05d9\u05e4\u05d9\u05dd \u05d1\u05e8\u05e4\u05d5\u05d1\u05dc\u05d9\u05e7\u05d4 \u05d4\u05d3\u05d5\u05de\u05d9\u05e0\u05d9\u05e7\u05e0\u05d9\u05ea. \u05d4\u05e4\u05d0\u05e8\u05e7 \u05d4\u05dc\u05d0\u05d5\u05de\u05d9 \u05d4\u05d0\u05d9\u05d8\u05d9\u05d6.<\/p>\n<p>\u05d1\u05d9\u05e7\u05d5\u05e8 \u05d1\u05d0\u05d9 \u05e2\u05dd \u05e6\u05d9\u05e4\u05d5\u05e8\u05d9\u05dd \u05de\u05e1\u05d1\u05d9\u05d1. \u05d1\u05e2\u05d5\u05e0\u05ea \u05d4\u05e7\u05d9\u05e0\u05d5\u05df \u05e0\u05d5\u05db\u05dc \u05d0\u05e4\u05d9\u05dc\u05d5 \u05dc\u05e8\u05d0\u05d5\u05ea \u05d0\u05ea \u05d2\u05d5\u05d6\u05dc\u05d9 \u05d4\u05e9\u05e7\u05e0\u05d0\u05d9\u05dd \u05d1\u05e7\u05d9\u05e0\u05d9\u05dd. \u05dc\u05db\u05d5 \u05d4\u05dc\u05d0\u05d4 \u05dc\u05ea\u05d5\u05da \u05d4\u05d0\u05d9 \u05d4\u05e1\u05dc\u05e2\u05d9 \u05d5\u05d1\u05e7\u05e8\u05d5 \u05d1\u05de\u05e2\u05e8\u05d5\u05ea \u05e2\u05dd \u05e4\u05d9\u05e7\u05d8\u05d5\u05d2\u05e8\u05e4\u05d9\u05d5\u05ea \u05d5\u05e4\u05d8\u05e8\u05d5\u05d2\u05e8\u05e4\u05d9\u05dd \u05e9\u05dc \u05d4\u05d9\u05dc\u05d9\u05d3\u05d9\u05dd.<\/p>\n<p>El recorrido, organizado por \u00abBooking Adventures\u00bb, comienza en el punto de encuentro establecido con el gu\u00eda tur\u00edstico. Ven con Booking Adventures y comienza a observar algunos manglares llenos de p\u00e1jaros, colinas onduladas de exuberante vegetaci\u00f3n y cuevas del Parque Nacional Los Haitises.<\/p>\n<p>\u05d3\u05e8\u05da \u05d4\u05de\u05e0\u05d2\u05e8\u05d5\u05d1\u05d9\u05dd \u05d5\u05d4\u05e7\u05e8\u05e7\u05e2 \u05d1\u05de\u05e4\u05e8\u05e5 \u05e1\u05df \u05dc\u05d5\u05e8\u05e0\u05e6\u05d5 \u05d4\u05e4\u05ea\u05d5\u05d7, \u05de\u05de\u05e0\u05d5 \u05e0\u05d9\u05ea\u05df \u05dc\u05e6\u05dc\u05dd \u05d0\u05ea \u05e0\u05d5\u05e3 \u05d4\u05d9\u05e2\u05e8 \u05d4\u05de\u05e4\u05d5\u05e8\u05e5. \u05d4\u05d1\u05d9\u05d8\u05d5 \u05d4\u05d7\u05d5\u05e6\u05d4 \u05d0\u05dc \u05d4\u05de\u05d9\u05dd \u05db\u05d3\u05d9 \u05dc\u05e8\u05d0\u05d5\u05ea \u05d6\u05d1\u05d9 \u05d9\u05dd, \u05e1\u05e8\u05d8\u05e0\u05d9\u05dd \u05d5\u05d3\u05d5\u05dc\u05e4\u05d9\u05e0\u05d9\u05dd.<\/p>\n<p>El nombre del parque nacional proviene de sus habitantes originales, los indios ta\u00ednos. En su idioma, \u00abHaitises\u00bb se traduce en tierras altas o colinas, una referencia a las empinadas formaciones geol\u00f3gicas de la costa con calizas. Avent\u00farate en el parque para explorar cuevas como la Cueva de la Arena y la Cueva de la L\u00ednea. Las cuevas en la reserva fueron utilizadas como refugio por los indios ta\u00ednos y, m\u00e1s tarde, por los piratas escondidos. Busque dibujos de indios que decoran algunas de las paredes. Despu\u00e9s de visitar el Parque Nacional Los Haitises, regresaremos al puerto de Saman\u00e1 pasando la bah\u00eda de Saman\u00e1 30 minutos.<\/p>\n<p>\u05dc\u05de\u05e7\u05e8\u05d4 \u05e9\u05d0\u05ea\u05d4 \u05d0\u05d5\u05d4\u05d1 \u05d0\u05ea \u05d4\u05d8\u05d9\u05d5\u05dc \u05d4\u05d6\u05d4 \u05d9\u05d5\u05ea\u05e8, \u05d9\u05e9 \u05dc\u05e0\u05d5 \u05d0\u05ea \u05d4\u05d0\u05e4\u05e9\u05e8\u05d5\u05d9\u05d5\u05ea \u05d4\u05d1\u05d0\u05d5\u05ea:<\/p>\n<p>Los Haitises + Cayo Levantado \u05de\u05e0\u05de\u05dc Samana.<br \/>\nLos Haitises + Cano Hondo \u05de\u05e0\u05de\u05dc Samana.<\/p>\n<h3>\u05de\u05d4 \u05db\u05d3\u05d0\u05d9 \u05dc\u05d4\u05d1\u05d9\u05d0?<\/h3>\n<ul>\n<li>\u05de\u05b7\u05e6\u05dc\u05b5\u05de\u05b8\u05d4<\/li>\n<li>\u05e0\u05d9\u05e6\u05e0\u05d9\u05dd \u05d3\u05d5\u05d7\u05d9\u05dd<\/li>\n<li>\u05e7\u05e8\u05dd \u05d4\u05d2\u05e0\u05d4<\/li>\n<li>\u05db\u05bc\u05d5\u05b9\u05d1\u05b7\u05e2<\/li>\n<li>\u05de\u05db\u05e0\u05e1\u05d9\u05d9\u05dd \u05e0\u05d5\u05d7\u05d9\u05dd<\/li>\n<li>\u05e0\u05e2\u05dc\u05d9 \u05d8\u05d9\u05d5\u05dc \u05d1\u05d9\u05e2\u05e8<\/li>\n<li>\u05e1\u05e0\u05d3\u05dc\u05d9\u05dd \u05dc\u05d0\u05d6\u05d5\u05e8\u05d9 \u05de\u05e2\u05d9\u05d9\u05e0\u05d5\u05ea.<\/li>\n<li>\u05e9\u05de\u05dc\u05ea \u05e9\u05d7\u05d9\u05d9\u05d4<\/li>\n<\/ul>\n<h3>\u05d0\u05d9\u05e1\u05d5\u05e3 \u05d1\u05de\u05dc\u05d5\u05df<\/h3>\n<p>\u05d0\u05d9\u05e1\u05d5\u05e3 \u05de\u05d4\u05de\u05dc\u05d5\u05df \u05d0\u05d9\u05e0\u05d5 \u05de\u05d5\u05e6\u05e2 \u05dc\u05e1\u05d9\u05d5\u05e8 \u05d6\u05d4.<\/p>\n<p>\u05d4\u05e2\u05e8\u05d4: \u05d0\u05dd \u05ea\u05d6\u05de\u05d9\u05e0\u05d5 \u05d1\u05ea\u05d5\u05da 24 \u05e9\u05e2\u05d5\u05ea \u05de\u05de\u05d5\u05e2\u05d3 \u05d4\u05d9\u05e6\u05d9\u05d0\u05d4 \u05e9\u05dc \u05d4\u05e1\u05d9\u05d5\u05e8\/\u05d4\u05d8\u05d9\u05d5\u05dc, \u05e0\u05d5\u05db\u05dc \u05dc\u05d0\u05e8\u05d2\u05df \u05d0\u05d9\u05e1\u05d5\u05e3 \u05de\u05d4\u05de\u05dc\u05d5\u05df \u05d1\u05e2\u05dc\u05d5\u05ea \u05e0\u05d5\u05e1\u05e4\u05ea. \u05dc\u05d0\u05d7\u05e8 \u05d4\u05e9\u05dc\u05de\u05ea \u05d4\u05e8\u05db\u05d9\u05e9\u05d4, \u05d0\u05e0\u05d5 \u05e0\u05e9\u05dc\u05d7 \u05d0\u05dc\u05d9\u05da \u05d0\u05ea \u05e4\u05e8\u05d8\u05d9 \u05d4\u05e7\u05e9\u05e8 \u05d4\u05de\u05dc\u05d0\u05d9\u05dd (\u05de\u05e1\u05e4\u05e8 \u05d8\u05dc\u05e4\u05d5\u05df, \u05db\u05ea\u05d5\u05d1\u05ea \u05d3\u05d5\u05d0&quot;\u05dc \u05d5\u05db\u05d5&#039;) \u05dc\u05de\u05d3\u05e8\u05d9\u05da \u05d4\u05d8\u05d9\u05d5\u05dc\u05d9\u05dd \u05d4\u05de\u05e7\u05d5\u05de\u05d9 \u05e9\u05dc\u05e0\u05d5 \u05db\u05d3\u05d9 \u05dc\u05d0\u05e8\u05d2\u05df \u05e1\u05d9\u05d3\u05d5\u05e8\u05d9 \u05d0\u05d9\u05e1\u05d5\u05e3.<\/p>\n<h3>\u05d0\u05d9\u05e9\u05d5\u05e8 \u05de\u05d9\u05d3\u05e2 \u05e0\u05d5\u05e1\u05e3<\/h3>\n<ol>\n<li>\u05d4\u05db\u05e8\u05d8\u05d9\u05e1\u05d9\u05dd \u05d4\u05dd \u05d4\u05e7\u05d1\u05dc\u05d4 \u05dc\u05d0\u05d7\u05e8 \u05ea\u05e9\u05dc\u05d5\u05dd \u05e2\u05d1\u05d5\u05e8 \u05e1\u05d9\u05d5\u05e8 \u05d6\u05d4. \u05d0\u05ea\u05d4 \u05d9\u05db\u05d5\u05dc \u05dc\u05d4\u05e6\u05d9\u05d2 \u05d0\u05ea \u05d4\u05ea\u05e9\u05dc\u05d5\u05dd \u05d1\u05d8\u05dc\u05e4\u05d5\u05df \u05e9\u05dc\u05da.<\/li>\n<li>\u05e0\u05e7\u05d5\u05d3\u05ea \u05d4\u05de\u05e4\u05d2\u05e9 \u05ea\u05ea\u05e7\u05d1\u05dc \u05dc\u05d0\u05d7\u05e8 \u05ea\u05d4\u05dc\u05d9\u05da \u05d4\u05d4\u05d6\u05de\u05e0\u05d4.<\/li>\n<li>\u05d9\u05dc\u05d3\u05d9\u05dd \u05d7\u05d9\u05d9\u05d1\u05d9\u05dd \u05d1\u05dc\u05d9\u05d5\u05d5\u05d9 \u05de\u05d1\u05d5\u05d2\u05e8.<\/li>\n<li>\u05dc\u05d0 \u05e0\u05d2\u05d9\u05e9 \u05dc\u05db\u05d9\u05e1\u05d0 \u05d2\u05dc\u05d2\u05dc\u05d9\u05dd<\/li>\n<li>\u05ea\u05d9\u05e0\u05d5\u05e7\u05d5\u05ea \u05e6\u05e8\u05d9\u05db\u05d9\u05dd \u05dc\u05e9\u05d1\u05ea \u05e2\u05dc \u05d4\u05d1\u05e8\u05db\u05d9\u05d9\u05dd<\/li>\n<li>\u05dc\u05d0 \u05de\u05d5\u05de\u05dc\u05e5 \u05dc\u05de\u05d8\u05d9\u05d9\u05dc\u05d9\u05dd \u05e2\u05dd \u05d1\u05e2\u05d9\u05d5\u05ea \u05d2\u05d1.<\/li>\n<li>\u05dc\u05d0 \u05de\u05d5\u05de\u05dc\u05e5 \u05dc\u05e0\u05d5\u05e1\u05e2\u05d9\u05dd \u05d1\u05d4\u05e8\u05d9\u05d5\u05df.<\/li>\n<li>\u05dc\u05dc\u05d0 \u05d1\u05e2\u05d9\u05d5\u05ea \u05dc\u05d1 \u05d0\u05d5 \u05de\u05e6\u05d1\u05d9\u05dd \u05e8\u05e4\u05d5\u05d0\u05d9\u05d9\u05dd \u05d7\u05de\u05d5\u05e8\u05d9\u05dd \u05d0\u05d7\u05e8\u05d9\u05dd.<\/li>\n<li>\u05e8\u05d5\u05d1 \u05d4\u05de\u05d8\u05d9\u05d9\u05dc\u05d9\u05dd \u05d9\u05db\u05d5\u05dc\u05d9\u05dd \u05dc\u05d4\u05e9\u05ea\u05ea\u05e3.<\/li>\n<\/ol>\n<h3>\u05de\u05d3\u05d9\u05e0\u05d9\u05d5\u05ea \u05d1\u05d9\u05d8\u05d5\u05dc<\/h3>\n<p>\u05dc\u05e7\u05d1\u05dc\u05ea \u05d4\u05d7\u05d6\u05e8 \u05de\u05dc\u05d0, \u05d1\u05d8\u05dc \u05dc\u05e4\u05d7\u05d5\u05ea 24 \u05e9\u05e2\u05d5\u05ea \u05dc\u05e4\u05e0\u05d9 \u05ea\u05d0\u05e8\u05d9\u05da \u05ea\u05d7\u05d9\u05dc\u05ea \u05d4\u05d7\u05d5\u05d5\u05d9\u05d4.<\/p>\n<h3>\u05e6\u05d5\u05e8 \u05e7\u05e9\u05e8?<\/h3>\n<p>\u05d4\u05d6\u05de\u05e0\u05ea \u05d4\u05e8\u05e4\u05ea\u05e7\u05d0\u05d5\u05ea<br \/>\n\u05de\u05d3\u05e8\u05d9\u05db\u05d9 \u05d8\u05d9\u05d5\u05dc\u05d9\u05dd \u05de\u05e7\u05d5\u05de\u05d9\u05d9\u05dd \u05d5\u05d0\u05e8\u05e6\u05d9\u05d9\u05dd \u05d5\u05e9\u05d9\u05e8\u05d5\u05ea\u05d9 \u05d0\u05d5\u05e8\u05d7\u05d9\u05dd<\/p>\n<p>\u05d4\u05d6\u05de\u05e0\u05d5\u05ea: \u05e1\u05d9\u05d5\u05e8\u05d9\u05dd \u05d5\u05d8\u05d9\u05d5\u05dc\u05d9\u05dd \u05d1\u05d3\u05d5\u05dd.<\/p>\n<p>\ud83d\udcde \u05d8\u05dc\/\u05d5\u05d5\u05d8\u05e1\u05d0\u05e4 +1-809-720-6035.<\/p>\n<p>\ud83d\udce9 info@bookingadventures.com.do<\/p>\n<p>\u05d0\u05e0\u05d5 \u05e2\u05d5\u05e8\u05db\u05d9\u05dd \u05e1\u05d9\u05d5\u05e8\u05d9\u05dd \u05e4\u05e8\u05d8\u05d9\u05d9\u05dd \u05d1\u05d2\u05de\u05d9\u05e9\u05d5\u05ea \u05d1\u05d5\u05d5\u05d0\u05d8\u05e1\u05d0\u05e4: +18097206035.<\/p>\n\n\t\t<\/div>\n\t<\/div>\n<\/div><\/div><\/div><\/div><div class=\"vc_row wpb_row vc_row-fluid\" ><div class=\"wpb_column vc_column_container vc_col-sm-12\"><div class=\"vc_column-inner\"><div class=\"wpb_wrapper\"><div class=\"vc_empty_space\"   style=\"height: 32px\"><span class=\"vc_empty_space_inner\"><\/span><\/div>\n\t<div class=\"wpb_video_widget wpb_content_element vc_clearfix   vc_video-aspect-ratio-169 vc_video-el-width-100 vc_video-align-left\" >\n\t\t<div class=\"wpb_wrapper\">\n\t\t\t<h2 class=\"wpb_heading wpb_video_heading\">Los Haitises \u05d5\u05e2\u05d5\u05d3...<\/h2>\n\t\t\t<div class=\"wpb_video_wrapper\"><iframe loading=\"lazy\" title=\"\u05d4\u05e8\u05e4\u05d5\u05d1\u05dc\u05d9\u05e7\u05d4 \u05d4\u05d3\u05d5\u05de\u05d9\u05e0\u05d9\u05e7\u05e0\u05d9\u05ea - \u05de\u05e2\u05e8\u05d5\u05ea Los Haitises (Tainos), \u05e4\u05d9\u05e7\u05d8\u05d5\u05d2\u05e8\u05e4\u05d9\u05dd \u05d5\u05e4\u05d8\u05e8\u05d5\u05d2\u05dc\u05d9\u05e4\u05d9\u05dd\" width=\"1100\" height=\"619\" src=\"https:\/\/www.youtube.com\/embed\/o_ExYqtOlH8?feature=oembed\" frameborder=\"0\" allow=\"accelerometer; autoplay; encrypted-media; gyroscope; picture-in-picture\" allowfullscreen><\/iframe><\/div>\n\t\t<\/div>\n\t<\/div>\n<\/div><\/div><\/div><\/div>","protected":false},"excerpt":{"rendered":"<p>\u05d8\u05d9\u05d5\u05dc \u05d0\u05e7\u05d5\u05dc\u05d5\u05d2\u05d9 \u05dc\u05e4\u05d0\u05e8\u05e7 \u05d4\u05dc\u05d0\u05d5\u05de\u05d9 Los Haitises \u05e2\u05dd \u05de\u05d3\u05e8\u05d9\u05da \u05de\u05e7\u05d5\u05de\u05d9. \u05d1\u05d9\u05e7\u05d5\u05e8 \u05d1\u05e7\u05d9\u05d6 \u05d1\u05e4\u05d0\u05e8\u05e7 \u05d4\u05dc\u05d0\u05d5\u05de\u05d9 \u05dc\u05d5\u05e1 \u05d4\u05d0\u05d9\u05d8\u05d9\u05e1, \u05de\u05e0\u05d2\u05e8\u05d5\u05d1\u05d9\u05dd, \u05e6\u05de\u05d7\u05d9\u05d9\u05d4, \u05e6\u05e4\u05d9\u05d9\u05d4 \u05d1\u05e6\u05d9\u05e4\u05d5\u05e8\u05d9\u05dd, \u05de\u05e2\u05e8\u05d5\u05ea, \u05ea\u05de\u05d5\u05e0\u05d5\u05ea \u05d5\u05d1\u05d0\u05d6\u05d5\u05e8\u05d9\u05dd \u05d4\u05d4\u05d9\u05e1\u05d8\u05d5\u05e8\u05d9\u05d9\u05dd \u05e9\u05dc \u05e1\u05d1\u05e0\u05d4 \u05d3\u05d4 \u05dc\u05d4 \u05de\u05d0\u05e8 \u05d1\u05e4\u05d0\u05e8\u05e7 \u05d4\u05dc\u05d0\u05d5\u05de\u05d9 \u05dc\u05d5\u05e1 \u05d4\u05d0\u05d9\u05d8\u05d9\u05e1.<\/p>\n<p>&nbsp;<\/p>\n<p><strong>\u05d1\u05d7\u05e8 \u05d0\u05ea \u05ea\u05d0\u05e8\u05d9\u05da \u05d4\u05d1\u05d9\u05e7\u05d5\u05e8 \u05e9\u05dc\u05da:<\/strong><\/p>","protected":false},"featured_media":225,"template":"","meta":[],"product_brand":[],"product_cat":[121,435,430,443],"product_tag":[132,133,432,142,148,143],"class_list":{"0":"post-543","1":"product","2":"type-product","3":"status-publish","4":"has-post-thumbnail","6":"product_cat-mangroves","7":"product_cat-manglares","8":"product_cat-parque-nacional-los-haitises-samana","9":"product_cat-tours-y-excursiones-es","10":"product_tag-los-haitises","11":"product_tag-los-haitises-national-park","12":"product_tag-parque-nacional-los-haitises-samana","13":"product_tag-samana","14":"product_tag-samana-excursions","15":"product_tag-samana-tours","17":"first","18":"instock","19":"sale","20":"sold-individually","21":"shipping-taxable","22":"product-type-external"},"_links":{"self":[{"href":"https:\/\/haitises.com\/he\/wp-json\/wp\/v2\/product\/543","targetHints":{"allow":["GET"]}}],"collection":[{"href":"https:\/\/haitises.com\/he\/wp-json\/wp\/v2\/product"}],"about":[{"href":"https:\/\/haitises.com\/he\/wp-json\/wp\/v2\/types\/product"}],"wp:featuredmedia":[{"embeddable":true,"href":"https:\/\/haitises.com\/he\/wp-json\/wp\/v2\/media\/225"}],"wp:attachment":[{"href":"https:\/\/haitises.com\/he\/wp-json\/wp\/v2\/media?parent=543"}],"wp:term":[{"taxonomy":"product_brand","embeddable":true,"href":"https:\/\/haitises.com\/he\/wp-json\/wp\/v2\/product_brand?post=543"},{"taxonomy":"product_cat","embeddable":true,"href":"https:\/\/haitises.com\/he\/wp-json\/wp\/v2\/product_cat?post=543"},{"taxonomy":"product_tag","embeddable":true,"href":"https:\/\/haitises.com\/he\/wp-json\/wp\/v2\/product_tag?post=543"}],"curies":[{"name":"wp","href":"https:\/\/api.w.org\/{rel}","templated":true}]}}