{"id":600,"date":"2020-07-04T19:39:50","date_gmt":"2020-07-04T19:39:50","guid":{"rendered":"http:\/\/haitises.com\/?post_type=product&#038;p=600"},"modified":"2024-04-16T17:14:51","modified_gmt":"2024-04-16T17:14:51","slug":"excursion-paravelismo-desde-punta-cana-30-usd","status":"publish","type":"product","link":"https:\/\/haitises.com\/gu\/\u0a96\u0abe\u0aa8\u0a97\u0ac0\/excursion-paravelismo-desde-punta-cana-30-usd\/","title":{"rendered":"\u0aaa\u0ac1\u0aa8\u0acd\u0a9f\u0abe \u0a95\u0ac7\u0aa8\u0abe\u0aa5\u0ac0 \u0aaa\u0ac7\u0ab0\u0abe\u0ab8\u0ac7\u0ab2\u0abf\u0a82\u0a97 \u0aaa\u0ab0\u0acd\u0aaf\u0a9f\u0aa8 30 USD"},"content":{"rendered":"<div class=\"vc_row wpb_row vc_row-fluid\" ><div class=\"wpb_column vc_column_container vc_col-sm-12\"><div class=\"vc_column-inner\"><div class=\"wpb_wrapper\">\n\t<div class=\"wpb_text_column wpb_content_element\" >\n\t\t<div class=\"wpb_wrapper\">\n\t\t\t<p>u<\/p>\n\n\t\t<\/div>\n\t<\/div>\n<\/div><\/div><\/div><\/div><div class=\"vc_row wpb_row vc_row-fluid\" ><div class=\"wpb_column vc_column_container vc_col-sm-12\"><div class=\"vc_column-inner\"><div class=\"wpb_wrapper\">[mkdf_section_title subtitle_tag=\u00bb\u00bb text_font_weight=\u00bb\u00bb subtitle=\u00bbDesde los hoteles de Punta Cana\u00bb text=\u00bbNota: Este recorrido comienza a las 7:00 am. Dependiendo de d\u00f3nde est\u00e9 el horario de recogida de los hoteles, puede cambiar. Costo adicional para recoger en \u00e1reas no incluidas en nuestra descripci\u00f3n\u00bb]<\/div><\/div><\/div><\/div><div class=\"vc_row wpb_row vc_row-fluid\" ><div class=\"wpb_column vc_column_container vc_col-sm-12\"><div class=\"vc_column-inner\"><div class=\"wpb_wrapper\"><div class=\"vc_empty_space\"   style=\"height: 32px\"><span class=\"vc_empty_space_inner\"><\/span><\/div><\/div><\/div><\/div><\/div><div class=\"vc_row wpb_row vc_row-fluid\" ><div class=\"wpb_column vc_column_container vc_col-sm-12\"><div class=\"vc_column-inner\"><div class=\"wpb_wrapper\">\n\t<div class=\"wpb_text_column wpb_content_element\" >\n\t\t<div class=\"wpb_wrapper\">\n\t\t\t<h2>Tour de paravelismo (parasailing) desde Punta Cana<\/h2>\n<h3>\u0ab5\u0ab0\u0acd\u0aa3\u0aa8<\/h3>\n<p>Parasail sobre la costa de Punta Cana \/ B\u00e1varo durante esta actividad de 40 minutos que sale de Punta Cana. Benef\u00edciese de la experiencia de una de las compa\u00f1\u00edas de parasail m\u00e1s experimentadas en la Rep\u00fablica Dominicana, con m\u00e1s de 60,000 vuelos desde 2001. Obtenga impresionantes vistas de las playas, aguas turquesas y complejos en expansi\u00f3n que bordean la costa mientras vuelan cientos de pies en el aire. Trae bloqueador solar, traje de ba\u00f1o y una sensaci\u00f3n de aventura. Recorrido a\u00e9reo panor\u00e1mico Viaje en bote y vea las vistas desde el agua Elecci\u00f3n de la salida de la ma\u00f1ana o la tarde Recogida y regreso gratis al hotel incluido.<\/p>\n<ul>\n<li>Elecci\u00f3n de varias salidas a lo largo del d\u00eda.<\/li>\n<li>Disfruta de fant\u00e1sticas vistas a\u00e9reas<\/li>\n<li>En Familia y amigos<\/li>\n<li>Recogida desde un punto de encuentro ubicado en el centro<\/li>\n<li>Experiencia rom\u00e1ntica, perfecta para parejas.<\/li>\n<\/ul>\n<h3>\u0ab8\u0aae\u0abe\u0ab5\u0ac7\u0ab6 \u0a85\u0aa8\u0ac7 \u0aac\u0abe\u0a95\u0abe\u0aa4<\/h3>\n<h4>\u0ab8\u0aae\u0abe\u0ab5\u0ac7\u0ab6<\/h4>\n<ol>\n<li>Tour de paracaidismo<\/li>\n<li>Recogida en autob\u00fas desde su hotel<\/li>\n<li>Todos los impuestos, tarifas y cargos<\/li>\n<li>\u0aaa\u0ac0\u0aa3\u0abe\u0a82<\/li>\n<\/ol>\n<h4>\u0aac\u0abe\u0a95\u0abe\u0aa4<\/h4>\n<ol>\n<li>\u0a9f\u0abf\u0aaa\u0acd\u0ab8<\/li>\n<li>Almuerzo<\/li>\n<\/ol>\n<h3><em>\u0aaa\u0acd\u0ab0\u0ab8\u0acd\u0aa5\u0abe\u0aa8 \u0a85\u0aa8\u0ac7 \u0aaa\u0ab0\u0aa4<\/em><\/h3>\n<p>\u0aac\u0ac1\u0a95\u0abf\u0a82\u0a97 \u0aaa\u0acd\u0ab0\u0a95\u0acd\u0ab0\u0abf\u0aaf\u0abe \u0aac\u0abe\u0aa6 \u0aaa\u0acd\u0ab0\u0ab5\u0abe\u0ab8\u0ac0\u0aa8\u0ac7 \u0aae\u0ac0\u0a9f\u0abf\u0a82\u0a97 \u0aaa\u0acb\u0a88\u0aa8\u0acd\u0a9f \u0aae\u0ab3\u0ab6\u0ac7. \u0aaa\u0acd\u0ab0\u0ab5\u0abe\u0ab8 \u0a85\u0aae\u0abe\u0ab0\u0abe \u0aae\u0ac0\u0a9f\u0abf\u0a82\u0a97 \u0aaa\u0acb\u0a88\u0aa8\u0acd\u0a9f \u0aaa\u0ab0 \u0ab6\u0ab0\u0ac2 \u0aa5\u0abe\u0aaf \u0a9b\u0ac7 \u0a85\u0aa8\u0ac7 \u0ab8\u0aae\u0abe\u0aaa\u0acd\u0aa4 \u0aa5\u0abe\u0aaf \u0a9b\u0ac7.<\/p>\n<h3><em>\u0ab6\u0ac1\u0a82 \u0a85\u0aaa\u0ac7\u0a95\u0acd\u0ab7\u0abe \u0ab0\u0abe\u0a96\u0ab5\u0ac0?<\/em><\/h3>\n<p>Imagine que se eleva 150 pies en el aire, el viento fresco acaricia su rostro mientras se relaja con una vista espectacular de la costa de B\u00e1varo &#8211; Punta Cana. Deja de imaginar y \u00fanete a nosotros en el emocionante viaje real, una experiencia verdaderamente inolvidable. Solo necesita protector solar y traje de ba\u00f1o, mientras disfruta de la emoci\u00f3n del viaje. Vuela con la principal compa\u00f1\u00eda de parasail de la Rep\u00fablica Dominicana. Con m\u00e1s de 60,000 vuelos desde 2001, nuestros capitanes y tripulaci\u00f3n calificados se encuentran entre los m\u00e1s experimentados en el negocio.<\/p>\n<p><strong>Calendario:<\/strong><\/p>\n<p>7:00 AM &#8211; 7:00 PM &#8230; Cambio de hora dependiendo de d\u00f3nde se encuentre en Punta Cana.<\/p>\n<h3><em>\u0aa4\u0aae\u0abe\u0ab0\u0ac7 \u0ab6\u0ac1\u0a82 \u0ab2\u0abe\u0ab5\u0ab5\u0ac1\u0a82 \u0a9c\u0acb\u0a88\u0a8f?<\/em><\/h3>\n<ul>\n<li>\u0a95\u0ac7\u0aae\u0ac7\u0ab0\u0abe<\/li>\n<li>\u0a9c\u0ac0\u0ab5\u0aa1\u0abe\u0a82<\/li>\n<li>\u0ab8\u0aa8\u0ab8\u0acd\u0a95\u0acd\u0ab0\u0ac0\u0aa8<\/li>\n<li>\u0a9f\u0acb\u0aaa\u0ac0<\/li>\n<li>\u0a86\u0ab0\u0abe\u0aae\u0aa6\u0abe\u0aaf\u0a95 \u0aaa\u0ac7\u0aa8\u0acd\u0a9f<\/li>\n<li>\u0aab\u0acb\u0ab0\u0ac7\u0ab8\u0acd\u0a9f \u0ab9\u0abe\u0a87\u0a95\u0abf\u0a82\u0a97 \u0ab6\u0ac2\u0a9d<\/li>\n<li>Sandalias a la playa<\/li>\n<li>\u0ab8\u0acd\u0ab5\u0abf\u0aae\u0ab8\u0acd\u0aaf\u0ac1\u0a9f<\/li>\n<li>Efectivo para souvenirs<\/li>\n<\/ul>\n<h3><em>\u0ab9\u0acb\u0a9f\u0ac7\u0ab2 \u0aaa\u0abf\u0a95\u0a85\u0aaa<\/em><\/h3>\n<p>\u0aaa\u0acd\u0ab0\u0ab5\u0abe\u0ab8\u0ac0 \u0aaa\u0abf\u0a95\u0a85\u0aaa \u0a93\u0aab\u0ab0 \u0a95\u0ab0\u0ac7 \u0a9b\u0ac7!<\/p>\n<p>Recogemos de todos los hoteles en Punta Cana. La ubicaci\u00f3n de recogida es el vest\u00edbulo del hotel<br \/>\n\u0a9c\u0acb \u0aa4\u0aae\u0ac7 \u0ab5\u0abf\u0ab8\u0acd\u0aa4\u0abe\u0ab0\u0aa8\u0abe \u0a95\u0acb\u0aa8\u0acd\u0aa1\u0acb\u0aae\u0abe\u0a82 \u0ab0\u0acb\u0a95\u0abe\u0a88 \u0ab0\u0ab9\u0acd\u0aaf\u0abe \u0ab9\u0acb\u0ab5, \u0aa4\u0acb \u0a85\u0aae\u0ac7 \u0aa4\u0aae\u0aa8\u0ac7 \u0a95\u0acb\u0aa8\u0acd\u0aa1\u0acb \u0a85\u0aa5\u0ab5\u0abe \u0aa8\u0a9c\u0ac0\u0a95\u0aa8\u0abe \u0ab0\u0abf\u0ab8\u0acb\u0ab0\u0acd\u0a9f\u0aa8\u0abe \u0aaa\u0acd\u0ab0\u0ab5\u0ac7\u0ab6\u0aa6\u0acd\u0ab5\u0abe\u0ab0 \u0aaa\u0ab0 \u0ab2\u0a88 \u0a9c\u0a88\u0ab6\u0ac1\u0a82. \u0a85\u0aae\u0ac7 Whatsapp \u0aaa\u0ab0 \u0a85\u0aae\u0abe\u0ab0\u0acb \u0ab8\u0a82\u0aaa\u0ab0\u0acd\u0a95 \u0a95\u0ab0\u0ac0\u0aa8\u0ac7 \u0aaa\u0abf\u0a95\u0a85\u0aaa\u0aa8\u0ac7 \u0a97\u0acb\u0aa0\u0ab5\u0ac0\u0a8f \u0a9b\u0ac0\u0a8f.<\/p>\n<p><strong>\u0aa8\u0ac9\u0ac5\u0aa7:<\/strong> \u0a9c\u0acb \u0aa4\u0aae\u0ac7 \u0aaa\u0acd\u0ab0\u0ab5\u0abe\u0ab8\/\u0aaa\u0ab0\u0acd\u0aaf\u0a9f\u0aa8\u0aa8\u0abe \u0aaa\u0acd\u0ab0\u0ab8\u0acd\u0aa5\u0abe\u0aa8\u0aa8\u0abe \u0ab8\u0aae\u0aaf\u0aa8\u0abe 24 \u0a95\u0ab2\u0abe\u0a95\u0aa8\u0ac0 \u0a85\u0a82\u0aa6\u0ab0 \u0aac\u0ac1\u0a95 \u0a95\u0ab0\u0acb \u0a9b\u0acb, \u0aa4\u0acb \u0a85\u0aae\u0ac7 \u0ab9\u0acb\u0a9f\u0ac7\u0ab2 \u0aaa\u0abf\u0a95\u0a85\u0aaa\u0aa8\u0ac0 \u0ab5\u0acd\u0aaf\u0ab5\u0ab8\u0acd\u0aa5\u0abe \u0a95\u0ab0\u0ac0 \u0ab6\u0a95\u0ac0\u0a8f \u0a9b\u0ac0\u0a8f. \u0a8f\u0a95\u0ab5\u0abe\u0ab0 \u0aa4\u0aae\u0abe\u0ab0\u0ac0 \u0a96\u0ab0\u0ac0\u0aa6\u0ac0 \u0aaa\u0ac2\u0ab0\u0acd\u0aa3 \u0aa5\u0a88 \u0a9c\u0abe\u0aaf, \u0aaa\u0a9b\u0ac0 \u0a85\u0aae\u0ac7 \u0aa4\u0aae\u0aa8\u0ac7 \u0aaa\u0abf\u0a95\u0a85\u0aaa\u0aa8\u0ac0 \u0ab5\u0acd\u0aaf\u0ab5\u0ab8\u0acd\u0aa5\u0abe \u0a97\u0acb\u0aa0\u0ab5\u0ab5\u0abe \u0aae\u0abe\u0a9f\u0ac7 \u0a85\u0aae\u0abe\u0ab0\u0abe \u0ab8\u0acd\u0aa5\u0abe\u0aa8\u0abf\u0a95 \u0aaa\u0acd\u0ab0\u0ab5\u0abe\u0ab8 \u0aae\u0abe\u0ab0\u0acd\u0a97\u0aa6\u0ab0\u0acd\u0ab6\u0abf\u0a95\u0abe \u0aae\u0abe\u0a9f\u0ac7 \u0ab8\u0a82\u0aaa\u0ac2\u0ab0\u0acd\u0aa3 \u0ab8\u0a82\u0aaa\u0ab0\u0acd\u0a95 \u0aae\u0abe\u0ab9\u0abf\u0aa4\u0ac0 (\u0aab\u0acb\u0aa8 \u0aa8\u0a82\u0aac\u0ab0, \u0a87\u0aae\u0ac7\u0a87\u0ab2 \u0ab8\u0ab0\u0aa8\u0abe\u0aae\u0ac1\u0a82, \u0ab5\u0a97\u0ac7\u0ab0\u0ac7) \u0aae\u0acb\u0a95\u0ab2\u0ac0\u0ab6\u0ac1\u0a82.<\/p>\n<h3><em>\u0ab5\u0aa7\u0abe\u0ab0\u0abe\u0aa8\u0ac0 \u0aae\u0abe\u0ab9\u0abf\u0aa4\u0ac0\u0aa8\u0ac0 \u0aaa\u0ac1\u0ab7\u0acd\u0a9f\u0abf<\/em><\/h3>\n<ul>\n<li>\u0a86 \u0a9f\u0ac2\u0ab0 \u0aae\u0abe\u0a9f\u0ac7 \u0a9a\u0ac2\u0a95\u0ab5\u0aa3\u0ac0 \u0a95\u0ab0\u0acd\u0aaf\u0abe \u0aaa\u0a9b\u0ac0 \u0a9f\u0abf\u0a95\u0abf\u0a9f \u0a8f \u0ab0\u0ab8\u0ac0\u0aa6 \u0a9b\u0ac7. \u0aa4\u0aae\u0ac7 \u0aa4\u0aae\u0abe\u0ab0\u0abe \u0aab\u0acb\u0aa8 \u0aaa\u0ab0 \u0aaa\u0ac7\u0aae\u0ac7\u0aa8\u0acd\u0a9f \u0aac\u0aa4\u0abe\u0ab5\u0ac0 \u0ab6\u0a95\u0acb \u0a9b\u0acb.<\/li>\n<li>\u0ab0\u0abf\u0a9d\u0ab0\u0acd\u0ab5\u0ac7\u0ab6\u0aa8 \u0aaa\u0acd\u0ab0\u0a95\u0acd\u0ab0\u0abf\u0aaf\u0abe \u0aac\u0abe\u0aa6 \u0aae\u0ac0\u0a9f\u0ac0\u0a82\u0a97 \u0aaa\u0acb\u0a88\u0aa8\u0acd\u0a9f \u0aaa\u0acd\u0ab0\u0abe\u0aaa\u0acd\u0aa4 \u0aa5\u0ab6\u0ac7.<\/li>\n<li>\u0aac\u0abe\u0ab3\u0a95\u0acb\u0aa8\u0ac0 \u0ab8\u0abe\u0aa5\u0ac7 \u0aaa\u0ac1\u0a96\u0acd\u0aa4 \u0ab5\u0aaf\u0aa8\u0abe \u0ab2\u0acb\u0a95\u0acb \u0ab9\u0acb\u0ab5\u0abe \u0a9c\u0acb\u0a88\u0a8f.<\/li>\n<li>Accesible a silla de ruedas<\/li>\n<li>\u0ab6\u0abf\u0ab6\u0ac1\u0a93\u0a8f \u0aac\u0ac7\u0aac\u0ac0 \u0ab8\u0ac0\u0a9f \u0aaa\u0ab0 \u0a85\u0aa5\u0ab5\u0abe \u0aaa\u0ac1\u0a96\u0acd\u0aa4 \u0ab5\u0aaf\u0aa8\u0abe \u0ab2\u0acb\u0a95\u0acb \u0ab8\u0abe\u0aa5\u0ac7 \u0aac\u0ac7\u0ab8\u0ab5\u0ac1\u0a82 \u0a9c\u0acb\u0a88\u0a8f<\/li>\n<li>\u0aae\u0acb\u0a9f\u0abe\u0aad\u0abe\u0a97\u0aa8\u0abe \u0aaa\u0acd\u0ab0\u0ab5\u0abe\u0ab8\u0ac0\u0a93 \u0aad\u0abe\u0a97 \u0ab2\u0a88 \u0ab6\u0a95\u0ac7 \u0a9b\u0ac7.<\/li>\n<\/ul>\n<h3><em>\u0ab0\u0aa6\u0ac0\u0a95\u0ab0\u0aa3 \u0aa8\u0ac0\u0aa4\u0abf<\/em><\/h3>\n<p>\u0ab8\u0a82\u0aaa\u0ac2\u0ab0\u0acd\u0aa3 \u0ab0\u0abf\u0aab\u0a82\u0aa1 \u0aae\u0abe\u0a9f\u0ac7, \u0a85\u0aa8\u0ac1\u0aad\u0ab5\u0aa8\u0ac0 \u0ab6\u0ab0\u0ac2\u0a86\u0aa4\u0aa8\u0ac0 \u0aa4\u0abe\u0ab0\u0ac0\u0a96\u0aa8\u0abe \u0a93\u0a9b\u0abe\u0aae\u0abe\u0a82 \u0a93\u0a9b\u0abe 24 \u0a95\u0ab2\u0abe\u0a95 \u0aaa\u0ab9\u0ac7\u0ab2\u0abe\u0a82 \u0ab0\u0aa6 \u0a95\u0ab0\u0acb.<\/p>\n\n\t\t<\/div>\n\t<\/div>\n<\/div><\/div><\/div><\/div><div class=\"vc_row wpb_row vc_row-fluid\" ><div class=\"wpb_column vc_column_container vc_col-sm-12\"><div class=\"vc_column-inner\"><div class=\"wpb_wrapper\"><div class=\"vc_empty_space\"   style=\"height: 32px\"><span class=\"vc_empty_space_inner\"><\/span><\/div>\n\t<div class=\"wpb_text_column wpb_content_element\" >\n\t\t<div class=\"wpb_wrapper\">\n\t\t\t<h4>Cont\u00e1ctenos<\/h4>\n<h5>\u0a8f\u0aa1\u0ab5\u0ac7\u0aa8\u0acd\u0a9a\u0ab0 \u0ab0\u0abf\u0a9d\u0ab0\u0acd\u0ab5\u0ac7\u0ab6\u0aa8<\/h5>\n<p><em>\u0aaa\u0acd\u0ab0\u0ab5\u0abe\u0ab8 \u0aae\u0abe\u0ab0\u0acd\u0a97\u0aa6\u0ab0\u0acd\u0ab6\u0abf\u0a95\u0abe\u0a93 <strong>\u0ab8\u0acd\u0aa5\u0abe\u0aa8\u0abf\u0a95<\/strong> \u0a85\u0aa8\u0ac7 <strong>\u0ab0\u0abe\u0ab7\u0acd\u0a9f\u0acd\u0ab0\u0ac0\u0aaf<\/strong> y servicios para hu\u00e9spedes<\/em><\/p>\n<p>\u0ab0\u0abf\u0a9d\u0ab0\u0acd\u0ab5\u0ac7\u0ab6\u0aa8: \u0aa1\u0acb\u0aae\u0aae\u0abe\u0a82 \u0aaa\u0acd\u0ab0\u0ab5\u0abe\u0ab8\u0acb \u0a85\u0aa8\u0ac7 \u0aaa\u0ab0\u0acd\u0aaf\u0a9f\u0aa8.<\/p>\n<p>Tel\/Whatsapp +1-809-720-6035.<\/p>\n<p>info@bookingadventures.com.do<\/p>\n<p>\u0a85\u0aae\u0ac7 Whatsapp \u0aa6\u0acd\u0ab5\u0abe\u0ab0\u0abe \u0ab2\u0ab5\u0a9a\u0ac0\u0a95 \u0a97\u0acb\u0aa0\u0ab5\u0aa3\u0ac0 \u0ab8\u0abe\u0aa5\u0ac7 \u0a96\u0abe\u0aa8\u0a97\u0ac0 \u0aaa\u0acd\u0ab0\u0ab5\u0abe\u0ab8 \u0a95\u0ab0\u0ac0\u0a8f \u0a9b\u0ac0\u0a8f: +18097206035.<\/p>\n\n\t\t<\/div>\n\t<\/div>\n<div class=\"vc_empty_space\"   style=\"height: 32px\"><span class=\"vc_empty_space_inner\"><\/span><\/div><\/div><\/div><\/div><\/div>","protected":false},"excerpt":{"rendered":"<p>Parasailing en Punta Cana es una aventura incre\u00edble y una de las mejores cosas que hacer en Punta Cana. La costa desde 200 pies en el aire, mientras navegas, es absolutamente impresionante.<\/p>\n<p>Parasailing es una experiencia simple y divertida para todos los miembros de la familia. Como la principal compa\u00f1\u00eda de parasail y aventura en la Rep\u00fablica Dominicana, nuestro equipo de paravelismo se encuentra entre los m\u00e1s experimentados en Punta Cana, con m\u00e1s de 16 a\u00f1os de experiencia en vuelos. Puede disfrutar de unos 15 minutos de vuelo mientras disfruta de la hermosa vista panor\u00e1mica.<\/p>\n<p><strong>\u0a95\u0ac3\u0aaa\u0abe \u0a95\u0ab0\u0ac0\u0aa8\u0ac7 \u0aaa\u0acd\u0ab0\u0ab5\u0abe\u0ab8 \u0aae\u0abe\u0a9f\u0ac7 \u0aa4\u0abe\u0ab0\u0ac0\u0a96 \u0aaa\u0ab8\u0a82\u0aa6 \u0a95\u0ab0\u0acb:<\/strong><\/p>","protected":false},"featured_media":451,"template":"","meta":[],"product_brand":[],"product_cat":[359,305,122,443,259],"product_tag":[167,360,361,141,362,228,171],"class_list":{"0":"post-600","1":"product","2":"type-product","3":"status-publish","4":"has-post-thumbnail","6":"product_cat-parasaling","7":"product_cat-tours-and-excursion-punta-cana","8":"product_cat-tours-and-excursions","9":"product_cat-tours-y-excursiones-es","10":"product_cat-tours-excursions-punta-cana-dominican-republic","11":"product_tag-catamaran","12":"product_tag-parasail-punta-cana","13":"product_tag-parasailing-in-punta-cana","14":"product_tag-punta-cana","15":"product_tag-punta-cana-catamaran-party-with-snorkeling-and-parasailing","16":"product_tag-punta-cana-tours","17":"product_tag-saona-island","19":"first","20":"instock","21":"sale","22":"featured","23":"sold-individually","24":"shipping-taxable","25":"product-type-external"},"_links":{"self":[{"href":"https:\/\/haitises.com\/gu\/wp-json\/wp\/v2\/product\/600","targetHints":{"allow":["GET"]}}],"collection":[{"href":"https:\/\/haitises.com\/gu\/wp-json\/wp\/v2\/product"}],"about":[{"href":"https:\/\/haitises.com\/gu\/wp-json\/wp\/v2\/types\/product"}],"wp:featuredmedia":[{"embeddable":true,"href":"https:\/\/haitises.com\/gu\/wp-json\/wp\/v2\/media\/451"}],"wp:attachment":[{"href":"https:\/\/haitises.com\/gu\/wp-json\/wp\/v2\/media?parent=600"}],"wp:term":[{"taxonomy":"product_brand","embeddable":true,"href":"https:\/\/haitises.com\/gu\/wp-json\/wp\/v2\/product_brand?post=600"},{"taxonomy":"product_cat","embeddable":true,"href":"https:\/\/haitises.com\/gu\/wp-json\/wp\/v2\/product_cat?post=600"},{"taxonomy":"product_tag","embeddable":true,"href":"https:\/\/haitises.com\/gu\/wp-json\/wp\/v2\/product_tag?post=600"}],"curies":[{"name":"wp","href":"https:\/\/api.w.org\/{rel}","templated":true}]}}